{"id":11460,"date":"2023-12-06T13:00:53","date_gmt":"2023-12-06T13:00:53","guid":{"rendered":"https:\/\/www.chemviron.eu\/solutions\/pfas-removal\/reactivation-pfas\/"},"modified":"2026-02-10T15:25:05","modified_gmt":"2026-02-10T15:25:05","slug":"riattivazione-pfas","status":"publish","type":"page","link":"https:\/\/www.chemviron.eu\/it\/solutions\/rimozione-pfas\/riattivazione-pfas\/","title":{"rendered":"Riattivazione dei PFAS"},"content":{"rendered":"\t\t<div data-elementor-type=\"wp-page\" data-elementor-id=\"11460\" class=\"elementor elementor-11460 elementor-663\" data-elementor-post-type=\"page\">\n\t\t\t\t<div class=\"elementor-element elementor-element-6ab727a1 e-flex e-con-boxed e-con e-parent\" data-id=\"6ab727a1\" data-element_type=\"container\" data-e-type=\"container\">\n\t\t\t\t\t<div class=\"e-con-inner\">\n\t\t<div class=\"elementor-element elementor-element-7a6dfb31 e-con-full e-flex e-con e-child\" data-id=\"7a6dfb31\" data-element_type=\"container\" data-e-type=\"container\">\n\t\t\t\t<div class=\"elementor-element elementor-element-2b993188 elementor-invisible elementor-widget elementor-widget-heading\" data-id=\"2b993188\" data-element_type=\"widget\" data-e-type=\"widget\" data-settings=\"{&quot;_animation&quot;:&quot;fadeIn&quot;}\" data-widget_type=\"heading.default\">\n\t\t\t\t<div class=\"elementor-widget-container\">\n\t\t\t\t\t<h1 class=\"elementor-heading-title elementor-size-default\">Eliminazione dei PFAS mediante riattivazione del carbonio saturo<\/h1>\t\t\t\t<\/div>\n\t\t\t\t<\/div>\n\t\t\t\t<div class=\"elementor-element elementor-element-7097246c elementor-invisible elementor-widget elementor-widget-heading\" data-id=\"7097246c\" data-element_type=\"widget\" data-e-type=\"widget\" data-settings=\"{&quot;_animation&quot;:&quot;fadeIn&quot;,&quot;_animation_delay&quot;:400}\" data-widget_type=\"heading.default\">\n\t\t\t\t<div class=\"elementor-widget-container\">\n\t\t\t\t\t<h2 class=\"elementor-heading-title elementor-size-default\">L'eliminazione dei PFAS mediante riattivazione termica integra l'uso del carbone attivo, una tecnologia collaudata per l'adsorbimento di queste molecole dall'acqua potabile o dalle acque reflue senza generare sottoprodotti potenzialmente tossici.<\/h2>\t\t\t\t<\/div>\n\t\t\t\t<\/div>\n\t\t\t\t<\/div>\n\t\t<div data-dce-background-image-url=\"https:\/\/www.chemviron.eu\/wp-content\/uploads\/2026\/02\/PFAS-water-high2-1.jpeg\" class=\"elementor-element elementor-element-37a310e8 e-con-full e-flex e-con e-child\" data-id=\"37a310e8\" data-element_type=\"container\" data-e-type=\"container\" data-settings=\"{&quot;background_background&quot;:&quot;classic&quot;}\">\n\t\t\t\t<\/div>\n\t\t\t\t\t<\/div>\n\t\t\t\t<\/div>\n\t\t<div data-dce-background-overlay-image-url=\"https:\/\/www.chemviron.eu\/wp-content\/uploads\/2023\/12\/kuraray_circle_arrangement_2_rgb_cyan_50pct.svg\" class=\"elementor-element elementor-element-4fe6eef4 e-flex e-con-boxed e-con e-parent\" data-id=\"4fe6eef4\" data-element_type=\"container\" data-e-type=\"container\">\n\t\t\t\t\t<div class=\"e-con-inner\">\n\t\t\t\t<div class=\"elementor-element elementor-element-12fdda3 elementor-widget elementor-widget-text-editor\" data-id=\"12fdda3\" data-element_type=\"widget\" data-e-type=\"widget\" data-widget_type=\"text-editor.default\">\n\t\t\t\t<div class=\"elementor-widget-container\">\n\t\t\t\t\t\t\t\t\t<p>L&#8217;eliminazione dei PFAS mediante riattivazione termica \u00e8 un processo ad alta temperatura che mineralizza le molecole adsorbite sul carbone attivo, riducendo cos\u00ec questi contaminanti persistenti nel ciclo dell&#8217;acqua. Durante questo processo, il carbone attivo saturo pu\u00f2 essere recuperato e riutilizzato. Chemviron riattiva i carboni saturi contenenti PFOS, PFOA e altri PFAS da oltre 15 anni.<\/p><p>Chemviron tratta il carbone saturo in forni di riattivazione termica dedicati ad alta temperatura per recuperare i livelli di attivit\u00e0 di adsorbimento richiesti dall&#8217;applicazione e per mineralizzare le specie organiche PFAS adsorbite. Questi forni di riattivazione termica sono unit\u00e0 appositamente costruite per soddisfare i requisiti ambientali locali.<\/p><p>Esiste una differenza significativa tra i processi di riattivazione del carbone e di rigenerazione del carbone; i due termini vengono talvolta utilizzati in modo intercambiabile.<\/p>\t\t\t\t\t\t\t\t<\/div>\n\t\t\t\t<\/div>\n\t\t\t\t<div class=\"elementor-element elementor-element-3666d702 elementor-widget elementor-widget-heading\" data-id=\"3666d702\" data-element_type=\"widget\" data-e-type=\"widget\" data-widget_type=\"heading.default\">\n\t\t\t\t<div class=\"elementor-widget-container\">\n\t\t\t\t\t<h3 class=\"elementor-heading-title elementor-size-default\">Riattivazione del carbone saturo<\/h3>\t\t\t\t<\/div>\n\t\t\t\t<\/div>\n\t\t\t\t<div class=\"elementor-element elementor-element-3410a979 elementor-widget elementor-widget-text-editor\" data-id=\"3410a979\" data-element_type=\"widget\" data-e-type=\"widget\" data-widget_type=\"text-editor.default\">\n\t\t\t\t<div class=\"elementor-widget-container\">\n\t\t\t\t\t\t\t\t\t<p>La riattivazione del carbone consiste nel riattivare il carbone saturo in un forno a focolare multiplo o in un forno rotativo, volatilizzando e distruggendo i contaminanti adsorbiti e riportando il carbone attivo a una qualit\u00e0 riutilizzabile. Tutti i carboni attivi saturi sono sottoposti a controlli di qualit\u00e0 per stabilire le condizioni di riattivazione appropriate per questi tipi di carboni attivi saturi.<\/p><p>La temperatura di riattivazione e i requisiti di alimentazione possono variare a seconda delle caratteristiche di carico adsorbito del carbone saturo da trattare. Le temperature dei forni di riattivazione industriali si aggirano in genere intorno ai 900-950\u00b0C, condizioni simili a quelle dell&#8217;incenerimento, ma in un ambiente a basso contenuto di ossigeno.<\/p><p>L&#8217;attuale procedura operativa per la riattivazione del carbone attivo caricato con PFAS viene regolarmente rivista e pu\u00f2 essere riassunta come segue:<\/p><ul><li>La distruzione degli adsorbati sul carbone attivo saturo avviene in due fasi. In primo luogo, gli adsorbati vengono volatilizzati o desorbiti dalla superficie del carbone. Alcuni dei contaminanti desorbiti vengono distrutti nel forno di riattivazione.<\/li><li>Gli adsorbati rimossi e non distrutti nel forno vengono aspirati attraverso un sistema di riduzione, che consiste in un ossidatore termico\/ postcombustore, uno scrubber per gas acidi e un sistema a maniche. Il sistema di abbattimento \u00e8 progettato per distruggere gli organici con un&#8217;efficienza di almeno il 99%, per neutralizzare i gas acidi formati durante il processo e per catturare il particolato. L&#8217;efficienza e la funzionalit\u00e0 del sistema di abbattimento sono verificate da test al camino approvati e controllati dall&#8217;agenzia ambientale locale.<\/li><\/ul><p>Il nostro processo di riattivazione \u00e8 molto diverso da quello di &#8220;rigenerazione&#8221;. La rigenerazione del carbone non ha gli stessi requisiti di temperatura del processo di riattivazione di Chemviron e pu\u00f2 essere effettuata con vapore o azoto caldo che raramente supera i 100\u00b0C. Di conseguenza, i carboni attivi sottoposti a un processo di rigenerazione rimangono parzialmente usurati e contengono alcuni, se non tutti, gli adsorbati originali.<\/p><p>Esistono numerosi riferimenti bibliografici e dati di terzi che confermano la distruzione dei PFAS a temperature simili alle nostre condizioni di riattivazione. Ecco alcuni esempi di riferimento:<\/p><ul><li>Uno studio sul carbone saturo utilizzato nel trattamento dell&#8217;acqua potabile e contenente PFAS ha dimostrato che nessun PFAS \u00e8 rimasto sul carbone a temperature superiori a 700\u00b0C in azoto. [i]<\/li><li>Diversi studi indicano che i PFAS e i fluoropolimeri vengono efficacemente distrutti in condizioni simili alla riattivazione. [ii], [iii].<\/li><li>\u00c8 stato dimostrato che il PFOA e i suoi vari sali vengono completamente distrutti a temperature di 350\u00b0C. [iv], [v]<\/li><li>Il PFOS verrebbe completamente distrutto a 600\u00b0C. [vi], [vii]<\/li><li>Uno studio sulla stabilit\u00e0 termica dei PFAS sui GAC saturi ha concluso che &#8220;&#8230;\u00e8 molto probabile un&#8217;efficiente distruzione termica dei PFAS in seguito alla riattivazione dei GAC in CO2\/N2 o all&#8217;incenerimento\/combustione di materiali carichi di PFAS (ad es. rifiuti domestici), a condizione che vengano utilizzate temperature elevate (\u2265 700\u00b0C).&#8221; [viii]<\/li><li>La struttura porosa ed elettronica del carbone attivo aumenterebbe il grado di decomposizione dei PFAS adsorbiti durante il trattamento termico. [ix]<\/li><\/ul><p>Sulla base di un ampio lavoro di ricerca e sviluppo interno e di terzi, nonch\u00e9 di vari riferimenti bibliografici, Chemviron \u00e8 certa che i PFAS vengano desorbiti ed eliminati dal processo di riattivazione di Chemviron.<\/p><p><a href=\"https:\/\/www.chemviron.eu\/it\/contatta-i-nostri-esperti\/\">Se hai domande non esiti a contattarci.<\/a><\/p>\t\t\t\t\t\t\t\t<\/div>\n\t\t\t\t<\/div>\n\t\t\t\t<div class=\"elementor-element elementor-element-3f94e61 elementor-widget-divider--view-line elementor-widget elementor-widget-divider\" data-id=\"3f94e61\" data-element_type=\"widget\" data-e-type=\"widget\" data-widget_type=\"divider.default\">\n\t\t\t\t<div class=\"elementor-widget-container\">\n\t\t\t\t\t\t\t<div class=\"elementor-divider\">\n\t\t\t<span class=\"elementor-divider-separator\">\n\t\t\t\t\t\t<\/span>\n\t\t<\/div>\n\t\t\t\t\t\t<\/div>\n\t\t\t\t<\/div>\n\t\t\t\t<div class=\"elementor-element elementor-element-616db71f elementor-widget elementor-widget-text-editor\" data-id=\"616db71f\" data-element_type=\"widget\" data-e-type=\"widget\" data-widget_type=\"text-editor.default\">\n\t\t\t\t<div class=\"elementor-widget-container\">\n\t\t\t\t\t\t\t\t\t<div><p><sup>i<\/sup>\u00a0Watanabe, N., Takemine, S., Yamamoto, K., Haga, Y., Takata, M. Residual organic fluorinated compounds from thermal treatment of PFOA, PFHxA and PFOS adsorbed onto granular activated carbon (GAC).\u00a0<em>Journal of Material Cycles and Waste Management<\/em>,\u00a0<strong>2016<\/strong>, 18:625\u2013630.<\/p><\/div><div><p><sup>ii<\/sup>\u00a0Yamada, T., Taylor, P. H., Buck, R. C., Kaiser, M. A., Giraud, R. J. Thermal degradation of fluorotelomer treated articles and related materials.\u00a0<em>Chemosphere<\/em>,\u00a0<strong>2005<\/strong>, 61(7), 974 \u2013 984.<\/p><\/div><div><p><sup>iii<\/sup>\u00a0Lemieux, P. M., Strynar, M., Tabor, D. G., Wood, J., Cooke, M., Rayfield, B., Kariher, P. Emissions of fluorinated compounds from the combustion of carpeting. Proceedings of the 2007 International Conference on Incineration and Thermal Treatment Technologies, Phoenix, AZ.<\/p><\/div><div><p><sup>iv<\/sup>\u00a0Krusic, P. J., and Roe, D. C. Gas-phase NMR technique for studying the thermolysis of materials: Thermal decomposition of ammonium perfluorooctanoate.\u00a0<em>Analytical Chemistry<\/em>,\u00a0<strong>2004<\/strong>, 76(13), 3800\u20133803.<\/p><\/div><div><p><sup>v\u00a0<\/sup>Krusic, P. J., Marchione, A., Roe, D. C. Gas-phase NMR studies of, the thermolysis of perfluorooctanoic acid.\u00a0<em>Journal of Fluorine Chemistry<\/em>,\u00a0<strong>2005<\/strong>, 126(11-12), 1510\u20131516.<\/p><\/div><div><p><sup>vi<\/sup>\u00a0Office of Pollution Prevention &amp; Toxics, Docket AR226-1366, ed. Laboratory-Scale Thermal Degradation of Perfluorooctanyl Sulfonate and Related Substances. Washington DC: US Environmental Protection Agency,\u00a0<strong>2003<\/strong>, 13.<\/p><\/div><div><p><sup>vii<\/sup>\u00a0Office of Pollution Prevention &amp; Toxics, Docket AR226-1367, ed. Final Report: Laboratory-Scale Thermal Degradation of Perfluoro-Octanyl Sulfonate and Related Substances. Washington DC: US Environmental Protection Agency,\u00a0<strong>2003<\/strong>, 142.<\/p><\/div><div><p><sup>viii<\/sup>\u00a0Xiao, F., Sasi, P. C., Yao, B., Kubatova, A., Golovko, S. A., Golovko, M. Y., Soli, D. Thermal stability and decomposition of perfluoroalkyl substances on spent granular activated carbon.\u00a0<em>Environmental Science &amp; Technology Letters<\/em>,\u00a0<strong>2020<\/strong>, 7, 343-350.<\/p><\/div><div><p><sup>ix\u00a0<\/sup>Baghirzade B.S., Zhang y., Reuther J.F., Saleh N.B. Venkatesan A.K., Apul O. G. Thermal regeneration of spent granular activated carbon to break the forever PFAS Cycle.\u00a0<em>Environmental Science &amp; Technology<\/em>,\u00a0<strong>2021<\/strong>, 55, 9, 5608 \u2013 5619.<\/p><\/div>\t\t\t\t\t\t\t\t<\/div>\n\t\t\t\t<\/div>\n\t\t\t\t\t<\/div>\n\t\t\t\t<\/div>\n\t\t<div class=\"elementor-element elementor-element-408b162c e-flex e-con-boxed elementor-invisible e-con e-parent\" data-id=\"408b162c\" data-element_type=\"container\" data-e-type=\"container\" data-settings=\"{&quot;animation&quot;:&quot;fadeInUp&quot;}\">\n\t\t\t\t\t<div class=\"e-con-inner\">\n\t\t<div data-dce-background-color=\"#FFF4DA\" class=\"elementor-element elementor-element-5f4d0649 e-con-full e-flex e-con e-child\" data-id=\"5f4d0649\" data-element_type=\"container\" data-e-type=\"container\" data-settings=\"{&quot;background_background&quot;:&quot;classic&quot;}\">\n\t\t\t\t<div class=\"elementor-element elementor-element-1849c1ff dce_masking-none elementor-widget elementor-widget-image\" data-id=\"1849c1ff\" data-element_type=\"widget\" data-e-type=\"widget\" data-widget_type=\"image.default\">\n\t\t\t\t<div class=\"elementor-widget-container\">\n\t\t\t\t\t\t\t\t\t\t\t\t\t\t\t<img decoding=\"async\" width=\"136\" height=\"136\" src=\"https:\/\/www.chemviron.eu\/wp-content\/uploads\/2024\/01\/kuraray_pictogram_user-negative-1.png\" class=\"attachment-large size-large wp-image-1988\" alt=\"\" \/>\t\t\t\t\t\t\t\t\t\t\t\t\t\t\t<\/div>\n\t\t\t\t<\/div>\n\t\t\t\t<\/div>\n\t\t<div data-dce-background-color=\"#FFF4DA\" class=\"elementor-element elementor-element-742287b4 e-con-full e-flex e-con e-child\" data-id=\"742287b4\" data-element_type=\"container\" data-e-type=\"container\" data-settings=\"{&quot;background_background&quot;:&quot;classic&quot;}\">\n\t\t\t\t<div class=\"elementor-element elementor-element-51fc36d5 elementor-widget elementor-widget-heading\" data-id=\"51fc36d5\" data-element_type=\"widget\" data-e-type=\"widget\" data-widget_type=\"heading.default\">\n\t\t\t\t<div class=\"elementor-widget-container\">\n\t\t\t\t\t<h4 class=\"elementor-heading-title elementor-size-default\">Contatta il nostro team tecnico per maggiori informazioni.<\/h4>\t\t\t\t<\/div>\n\t\t\t\t<\/div>\n\t\t\t\t<div class=\"elementor-element elementor-element-65c04f94 elementor-widget elementor-widget-button\" data-id=\"65c04f94\" data-element_type=\"widget\" data-e-type=\"widget\" data-widget_type=\"button.default\">\n\t\t\t\t<div class=\"elementor-widget-container\">\n\t\t\t\t\t\t\t\t\t<div class=\"elementor-button-wrapper\">\n\t\t\t\t\t<a class=\"elementor-button elementor-button-link elementor-size-sm\" href=\"https:\/\/www.chemviron.eu\/it\/contatta-i-nostri-esperti\/\">\n\t\t\t\t\t\t<span class=\"elementor-button-content-wrapper\">\n\t\t\t\t\t\t\t\t\t<span class=\"elementor-button-text\">Contattaci<\/span>\n\t\t\t\t\t<\/span>\n\t\t\t\t\t<\/a>\n\t\t\t\t<\/div>\n\t\t\t\t\t\t\t\t<\/div>\n\t\t\t\t<\/div>\n\t\t\t\t<\/div>\n\t\t\t\t\t<\/div>\n\t\t\t\t<\/div>\n\t\t\t\t<\/div>\n\t\t","protected":false},"excerpt":{"rendered":"<p>Eliminazione dei PFAS mediante riattivazione del carbonio saturo L&#8217;eliminazione dei PFAS mediante riattivazione termica integra l&#8217;uso del carbone attivo, una tecnologia collaudata per l&#8217;adsorbimento di queste molecole dall&#8217;acqua potabile o dalle acque reflue senza generare sottoprodotti potenzialmente tossici. L&#8217;eliminazione dei PFAS mediante riattivazione termica \u00e8 un processo ad alta temperatura che mineralizza le molecole adsorbite [&hellip;]<\/p>\n","protected":false},"author":1,"featured_media":13341,"parent":11429,"menu_order":0,"comment_status":"closed","ping_status":"closed","template":"elementor_header_footer","meta":{"_acf_changed":false,"inline_featured_image":false,"footnotes":""},"class_list":["post-11460","page","type-page","status-publish","has-post-thumbnail","hentry"],"acf":[],"yoast_head":"<!-- This site is optimized with the Yoast SEO plugin v27.3 - https:\/\/yoast.com\/product\/yoast-seo-wordpress\/ -->\n<title>Rimozione e Trattamento dei PFAS Mediante Riattivazione Termica<\/title>\n<meta name=\"description\" content=\"La riattivazione termica \u00e8 un processo che mineralizza le molecole di PFAS adsorbite sul carbone attivo per rimuovere i PFAS dall\u2019ambiente.\" \/>\n<meta name=\"robots\" content=\"index, follow, max-snippet:-1, max-image-preview:large, max-video-preview:-1\" \/>\n<link rel=\"canonical\" href=\"https:\/\/www.chemviron.eu\/it\/solutions\/rimozione-pfas\/riattivazione-pfas\/\" \/>\n<meta property=\"og:locale\" content=\"it_IT\" \/>\n<meta property=\"og:type\" content=\"article\" \/>\n<meta property=\"og:title\" content=\"Rimozione e Trattamento dei PFAS Mediante Riattivazione Termica\" \/>\n<meta property=\"og:description\" content=\"La riattivazione termica \u00e8 un processo che mineralizza le molecole di PFAS adsorbite sul carbone attivo per rimuovere i PFAS dall\u2019ambiente.\" \/>\n<meta property=\"og:url\" content=\"https:\/\/www.chemviron.eu\/it\/solutions\/rimozione-pfas\/riattivazione-pfas\/\" \/>\n<meta property=\"og:site_name\" content=\"Chemviron\" \/>\n<meta property=\"article:modified_time\" content=\"2026-02-10T15:25:05+00:00\" \/>\n<meta property=\"og:image\" content=\"https:\/\/www.chemviron.eu\/wp-content\/uploads\/2026\/02\/PFAS-water-high2-1024x512.jpeg\" \/>\n\t<meta property=\"og:image:width\" content=\"1024\" \/>\n\t<meta property=\"og:image:height\" content=\"512\" \/>\n\t<meta property=\"og:image:type\" content=\"image\/jpeg\" \/>\n<meta name=\"twitter:card\" content=\"summary_large_image\" \/>\n<meta name=\"twitter:label1\" content=\"Tempo di lettura stimato\" \/>\n\t<meta name=\"twitter:data1\" content=\"6 minuti\" \/>\n<script type=\"application\/ld+json\" class=\"yoast-schema-graph\">{\"@context\":\"https:\\\/\\\/schema.org\",\"@graph\":[{\"@type\":\"WebPage\",\"@id\":\"https:\\\/\\\/www.chemviron.eu\\\/it\\\/solutions\\\/rimozione-pfas\\\/riattivazione-pfas\\\/\",\"url\":\"https:\\\/\\\/www.chemviron.eu\\\/it\\\/solutions\\\/rimozione-pfas\\\/riattivazione-pfas\\\/\",\"name\":\"Rimozione e Trattamento dei PFAS Mediante Riattivazione Termica\",\"isPartOf\":{\"@id\":\"https:\\\/\\\/www.chemviron.eu\\\/it\\\/#website\"},\"primaryImageOfPage\":{\"@id\":\"https:\\\/\\\/www.chemviron.eu\\\/it\\\/solutions\\\/rimozione-pfas\\\/riattivazione-pfas\\\/#primaryimage\"},\"image\":{\"@id\":\"https:\\\/\\\/www.chemviron.eu\\\/it\\\/solutions\\\/rimozione-pfas\\\/riattivazione-pfas\\\/#primaryimage\"},\"thumbnailUrl\":\"https:\\\/\\\/www.chemviron.eu\\\/wp-content\\\/uploads\\\/2026\\\/02\\\/PFAS-water-high2.jpeg\",\"datePublished\":\"2023-12-06T13:00:53+00:00\",\"dateModified\":\"2026-02-10T15:25:05+00:00\",\"description\":\"La riattivazione termica \u00e8 un processo che mineralizza le molecole di PFAS adsorbite sul carbone attivo per rimuovere i PFAS dall\u2019ambiente.\",\"breadcrumb\":{\"@id\":\"https:\\\/\\\/www.chemviron.eu\\\/it\\\/solutions\\\/rimozione-pfas\\\/riattivazione-pfas\\\/#breadcrumb\"},\"inLanguage\":\"it-IT\",\"potentialAction\":[{\"@type\":\"ReadAction\",\"target\":[\"https:\\\/\\\/www.chemviron.eu\\\/it\\\/solutions\\\/rimozione-pfas\\\/riattivazione-pfas\\\/\"]}]},{\"@type\":\"ImageObject\",\"inLanguage\":\"it-IT\",\"@id\":\"https:\\\/\\\/www.chemviron.eu\\\/it\\\/solutions\\\/rimozione-pfas\\\/riattivazione-pfas\\\/#primaryimage\",\"url\":\"https:\\\/\\\/www.chemviron.eu\\\/wp-content\\\/uploads\\\/2026\\\/02\\\/PFAS-water-high2.jpeg\",\"contentUrl\":\"https:\\\/\\\/www.chemviron.eu\\\/wp-content\\\/uploads\\\/2026\\\/02\\\/PFAS-water-high2.jpeg\",\"width\":11136,\"height\":5568,\"caption\":\"close-up Wafer Semiconductor Wash with clean water\"},{\"@type\":\"BreadcrumbList\",\"@id\":\"https:\\\/\\\/www.chemviron.eu\\\/it\\\/solutions\\\/rimozione-pfas\\\/riattivazione-pfas\\\/#breadcrumb\",\"itemListElement\":[{\"@type\":\"ListItem\",\"position\":1,\"name\":\"Home\",\"item\":\"https:\\\/\\\/www.chemviron.eu\\\/it\\\/\"},{\"@type\":\"ListItem\",\"position\":2,\"name\":\"Soluzioni\",\"item\":\"https:\\\/\\\/www.chemviron.eu\\\/it\\\/solutions\\\/\"},{\"@type\":\"ListItem\",\"position\":3,\"name\":\"Rimozione dei PFAS\",\"item\":\"https:\\\/\\\/www.chemviron.eu\\\/it\\\/oplossingen\\\/pfas\\\/\"},{\"@type\":\"ListItem\",\"position\":4,\"name\":\"Riattivazione dei PFAS\"}]},{\"@type\":\"WebSite\",\"@id\":\"https:\\\/\\\/www.chemviron.eu\\\/it\\\/#website\",\"url\":\"https:\\\/\\\/www.chemviron.eu\\\/it\\\/\",\"name\":\"Chemviron\",\"description\":\"The Purification Solutions Provider\",\"publisher\":{\"@id\":\"https:\\\/\\\/www.chemviron.eu\\\/it\\\/#organization\"},\"potentialAction\":[{\"@type\":\"SearchAction\",\"target\":{\"@type\":\"EntryPoint\",\"urlTemplate\":\"https:\\\/\\\/www.chemviron.eu\\\/it\\\/?s={search_term_string}\"},\"query-input\":{\"@type\":\"PropertyValueSpecification\",\"valueRequired\":true,\"valueName\":\"search_term_string\"}}],\"inLanguage\":\"it-IT\"},{\"@type\":\"Organization\",\"@id\":\"https:\\\/\\\/www.chemviron.eu\\\/it\\\/#organization\",\"name\":\"Chemviron\",\"url\":\"https:\\\/\\\/www.chemviron.eu\\\/it\\\/\",\"logo\":{\"@type\":\"ImageObject\",\"inLanguage\":\"it-IT\",\"@id\":\"https:\\\/\\\/www.chemviron.eu\\\/it\\\/#\\\/schema\\\/logo\\\/image\\\/\",\"url\":\"https:\\\/\\\/www.chemviron.eu\\\/wp-content\\\/uploads\\\/2023\\\/12\\\/Chemviron-logo.jpg\",\"contentUrl\":\"https:\\\/\\\/www.chemviron.eu\\\/wp-content\\\/uploads\\\/2023\\\/12\\\/Chemviron-logo.jpg\",\"width\":1667,\"height\":833,\"caption\":\"Chemviron\"},\"image\":{\"@id\":\"https:\\\/\\\/www.chemviron.eu\\\/it\\\/#\\\/schema\\\/logo\\\/image\\\/\"},\"sameAs\":[\"https:\\\/\\\/www.linkedin.com\\\/company\\\/chemviron\\\/\"]}]}<\/script>\n<!-- \/ Yoast SEO plugin. -->","yoast_head_json":{"title":"Rimozione e Trattamento dei PFAS Mediante Riattivazione Termica","description":"La riattivazione termica \u00e8 un processo che mineralizza le molecole di PFAS adsorbite sul carbone attivo per rimuovere i PFAS dall\u2019ambiente.","robots":{"index":"index","follow":"follow","max-snippet":"max-snippet:-1","max-image-preview":"max-image-preview:large","max-video-preview":"max-video-preview:-1"},"canonical":"https:\/\/www.chemviron.eu\/it\/solutions\/rimozione-pfas\/riattivazione-pfas\/","og_locale":"it_IT","og_type":"article","og_title":"Rimozione e Trattamento dei PFAS Mediante Riattivazione Termica","og_description":"La riattivazione termica \u00e8 un processo che mineralizza le molecole di PFAS adsorbite sul carbone attivo per rimuovere i PFAS dall\u2019ambiente.","og_url":"https:\/\/www.chemviron.eu\/it\/solutions\/rimozione-pfas\/riattivazione-pfas\/","og_site_name":"Chemviron","article_modified_time":"2026-02-10T15:25:05+00:00","og_image":[{"width":1024,"height":512,"url":"https:\/\/www.chemviron.eu\/wp-content\/uploads\/2026\/02\/PFAS-water-high2-1024x512.jpeg","type":"image\/jpeg"}],"twitter_card":"summary_large_image","twitter_misc":{"Tempo di lettura stimato":"6 minuti"},"schema":{"@context":"https:\/\/schema.org","@graph":[{"@type":"WebPage","@id":"https:\/\/www.chemviron.eu\/it\/solutions\/rimozione-pfas\/riattivazione-pfas\/","url":"https:\/\/www.chemviron.eu\/it\/solutions\/rimozione-pfas\/riattivazione-pfas\/","name":"Rimozione e Trattamento dei PFAS Mediante Riattivazione Termica","isPartOf":{"@id":"https:\/\/www.chemviron.eu\/it\/#website"},"primaryImageOfPage":{"@id":"https:\/\/www.chemviron.eu\/it\/solutions\/rimozione-pfas\/riattivazione-pfas\/#primaryimage"},"image":{"@id":"https:\/\/www.chemviron.eu\/it\/solutions\/rimozione-pfas\/riattivazione-pfas\/#primaryimage"},"thumbnailUrl":"https:\/\/www.chemviron.eu\/wp-content\/uploads\/2026\/02\/PFAS-water-high2.jpeg","datePublished":"2023-12-06T13:00:53+00:00","dateModified":"2026-02-10T15:25:05+00:00","description":"La riattivazione termica \u00e8 un processo che mineralizza le molecole di PFAS adsorbite sul carbone attivo per rimuovere i PFAS dall\u2019ambiente.","breadcrumb":{"@id":"https:\/\/www.chemviron.eu\/it\/solutions\/rimozione-pfas\/riattivazione-pfas\/#breadcrumb"},"inLanguage":"it-IT","potentialAction":[{"@type":"ReadAction","target":["https:\/\/www.chemviron.eu\/it\/solutions\/rimozione-pfas\/riattivazione-pfas\/"]}]},{"@type":"ImageObject","inLanguage":"it-IT","@id":"https:\/\/www.chemviron.eu\/it\/solutions\/rimozione-pfas\/riattivazione-pfas\/#primaryimage","url":"https:\/\/www.chemviron.eu\/wp-content\/uploads\/2026\/02\/PFAS-water-high2.jpeg","contentUrl":"https:\/\/www.chemviron.eu\/wp-content\/uploads\/2026\/02\/PFAS-water-high2.jpeg","width":11136,"height":5568,"caption":"close-up Wafer Semiconductor Wash with clean water"},{"@type":"BreadcrumbList","@id":"https:\/\/www.chemviron.eu\/it\/solutions\/rimozione-pfas\/riattivazione-pfas\/#breadcrumb","itemListElement":[{"@type":"ListItem","position":1,"name":"Home","item":"https:\/\/www.chemviron.eu\/it\/"},{"@type":"ListItem","position":2,"name":"Soluzioni","item":"https:\/\/www.chemviron.eu\/it\/solutions\/"},{"@type":"ListItem","position":3,"name":"Rimozione dei PFAS","item":"https:\/\/www.chemviron.eu\/it\/oplossingen\/pfas\/"},{"@type":"ListItem","position":4,"name":"Riattivazione dei PFAS"}]},{"@type":"WebSite","@id":"https:\/\/www.chemviron.eu\/it\/#website","url":"https:\/\/www.chemviron.eu\/it\/","name":"Chemviron","description":"The Purification Solutions Provider","publisher":{"@id":"https:\/\/www.chemviron.eu\/it\/#organization"},"potentialAction":[{"@type":"SearchAction","target":{"@type":"EntryPoint","urlTemplate":"https:\/\/www.chemviron.eu\/it\/?s={search_term_string}"},"query-input":{"@type":"PropertyValueSpecification","valueRequired":true,"valueName":"search_term_string"}}],"inLanguage":"it-IT"},{"@type":"Organization","@id":"https:\/\/www.chemviron.eu\/it\/#organization","name":"Chemviron","url":"https:\/\/www.chemviron.eu\/it\/","logo":{"@type":"ImageObject","inLanguage":"it-IT","@id":"https:\/\/www.chemviron.eu\/it\/#\/schema\/logo\/image\/","url":"https:\/\/www.chemviron.eu\/wp-content\/uploads\/2023\/12\/Chemviron-logo.jpg","contentUrl":"https:\/\/www.chemviron.eu\/wp-content\/uploads\/2023\/12\/Chemviron-logo.jpg","width":1667,"height":833,"caption":"Chemviron"},"image":{"@id":"https:\/\/www.chemviron.eu\/it\/#\/schema\/logo\/image\/"},"sameAs":["https:\/\/www.linkedin.com\/company\/chemviron\/"]}]}},"_links":{"self":[{"href":"https:\/\/www.chemviron.eu\/it\/wp-json\/wp\/v2\/pages\/11460","targetHints":{"allow":["GET"]}}],"collection":[{"href":"https:\/\/www.chemviron.eu\/it\/wp-json\/wp\/v2\/pages"}],"about":[{"href":"https:\/\/www.chemviron.eu\/it\/wp-json\/wp\/v2\/types\/page"}],"author":[{"embeddable":true,"href":"https:\/\/www.chemviron.eu\/it\/wp-json\/wp\/v2\/users\/1"}],"replies":[{"embeddable":true,"href":"https:\/\/www.chemviron.eu\/it\/wp-json\/wp\/v2\/comments?post=11460"}],"version-history":[{"count":5,"href":"https:\/\/www.chemviron.eu\/it\/wp-json\/wp\/v2\/pages\/11460\/revisions"}],"predecessor-version":[{"id":13469,"href":"https:\/\/www.chemviron.eu\/it\/wp-json\/wp\/v2\/pages\/11460\/revisions\/13469"}],"up":[{"embeddable":true,"href":"https:\/\/www.chemviron.eu\/it\/wp-json\/wp\/v2\/pages\/11429"}],"wp:featuredmedia":[{"embeddable":true,"href":"https:\/\/www.chemviron.eu\/it\/wp-json\/wp\/v2\/media\/13341"}],"wp:attachment":[{"href":"https:\/\/www.chemviron.eu\/it\/wp-json\/wp\/v2\/media?parent=11460"}],"curies":[{"name":"wp","href":"https:\/\/api.w.org\/{rel}","templated":true}]}}