{"id":11454,"date":"2023-12-06T12:42:12","date_gmt":"2023-12-06T12:42:12","guid":{"rendered":"https:\/\/www.chemviron.eu\/solutions\/activated-carbon-reactivation\/"},"modified":"2026-01-05T14:00:24","modified_gmt":"2026-01-05T14:00:24","slug":"riattivazione-del-carbone-attivo","status":"publish","type":"page","link":"https:\/\/www.chemviron.eu\/it\/solutions\/riattivazione-del-carbone-attivo\/","title":{"rendered":"Riattivazione"},"content":{"rendered":"\t\t<div data-elementor-type=\"wp-page\" data-elementor-id=\"11454\" class=\"elementor elementor-11454 elementor-655\" data-elementor-post-type=\"page\">\n\t\t\t\t<div class=\"elementor-element elementor-element-76d7d700 e-flex e-con-boxed e-con e-parent\" data-id=\"76d7d700\" data-element_type=\"container\" data-e-type=\"container\">\n\t\t\t\t\t<div class=\"e-con-inner\">\n\t\t<div class=\"elementor-element elementor-element-36d9bf71 e-con-full e-flex e-con e-child\" data-id=\"36d9bf71\" data-element_type=\"container\" data-e-type=\"container\">\n\t\t\t\t<div class=\"elementor-element elementor-element-5c4d87aa elementor-invisible elementor-widget elementor-widget-heading\" data-id=\"5c4d87aa\" data-element_type=\"widget\" data-e-type=\"widget\" data-settings=\"{&quot;_animation&quot;:&quot;fadeIn&quot;}\" data-widget_type=\"heading.default\">\n\t\t\t\t<div class=\"elementor-widget-container\">\n\t\t\t\t\t<h1 class=\"elementor-heading-title elementor-size-default\">Riattivazione<\/h1>\t\t\t\t<\/div>\n\t\t\t\t<\/div>\n\t\t\t\t<div class=\"elementor-element elementor-element-6c4fffda elementor-invisible elementor-widget elementor-widget-heading\" data-id=\"6c4fffda\" data-element_type=\"widget\" data-e-type=\"widget\" data-settings=\"{&quot;_animation&quot;:&quot;fadeIn&quot;,&quot;_animation_delay&quot;:400}\" data-widget_type=\"heading.default\">\n\t\t\t\t<div class=\"elementor-widget-container\">\n\t\t\t\t\t<h2 class=\"elementor-heading-title elementor-size-default\">Chemviron \u00e8 il pi\u00f9 grande riciclatore (o riattivatore) al mondo di carboni attivi per applicazioni di trattamento dell'aria e dell'acqua, con impianti di riattivazione situati strategicamente in tutta Europa.<\/h2>\t\t\t\t<\/div>\n\t\t\t\t<\/div>\n\t\t\t\t<\/div>\n\t\t<div data-dce-background-image-url=\"https:\/\/www.chemviron.eu\/wp-content\/uploads\/2024\/01\/Solutions_Reactivation-1-e1711541221316.jpg\" class=\"elementor-element elementor-element-670f6fd3 e-con-full e-flex e-con e-child\" data-id=\"670f6fd3\" data-element_type=\"container\" data-e-type=\"container\" data-settings=\"{&quot;background_background&quot;:&quot;classic&quot;}\">\n\t\t\t\t<\/div>\n\t\t\t\t\t<\/div>\n\t\t\t\t<\/div>\n\t\t<div data-dce-background-overlay-image-url=\"https:\/\/www.chemviron.eu\/wp-content\/uploads\/2023\/12\/kuraray_circle_arrangement_2_rgb_cyan_50pct.svg\" class=\"elementor-element elementor-element-07f5d8b e-flex e-con-boxed e-con e-parent\" data-id=\"07f5d8b\" data-element_type=\"container\" data-e-type=\"container\">\n\t\t\t\t\t<div class=\"e-con-inner\">\n\t\t\t\t<div class=\"elementor-element elementor-element-54c0915 elementor-widget elementor-widget-text-editor\" data-id=\"54c0915\" data-element_type=\"widget\" data-e-type=\"widget\" data-widget_type=\"text-editor.default\">\n\t\t\t\t<div class=\"elementor-widget-container\">\n\t\t\t\t\t\t\t\t\t<h5><strong>Un processo di riattivazione efficace<\/strong><\/h5><p>Una volta utilizzati per la purificazione o la <a href=\"https:\/\/www.chemviron.eu\/it\/applicazioni\/alimenti-bevande\/\">decolorazione<\/a>, i carboni attivi in granuli o in pellet possono generalmente essere riciclati mediante riattivazione termica. Questo procedimento permette di ripristinare il <a href=\"https:\/\/www.chemviron.eu\/it\/solutions\/carbone-attivo\/\">carbone attivo<\/a> per un nuovo utilizzo. La riattivazione termica consiste nel trattare il carbone saturo in un forno ad alta temperatura, dove le sostanze organiche adsorbite durante il suo impiego vengono distrutte dal calore.<\/p><h5><strong>Un impegno per l\u2019economia circolare<\/strong><\/h5><p data-start=\"34\" data-end=\"483\">Questo processo si inserisce in un approccio di economia circolare sostenibile, permettendo il riutilizzo ripetuto del carbone attivo, sia per la stessa applicazione sia per un\u2019altra applicazione adeguata. Grazie alla combinazione di questo procedimento con i carboni attivi di alta qualit\u00e0 di Chemviron, i nostri clienti beneficiano di una soluzione di purificazione al tempo stesso conveniente ed ecologica.<\/p><p data-start=\"485\" data-end=\"881\" data-is-last-node=\"\" data-is-only-node=\"\">Il nostro centro di riattivazione di Feluy, in Belgio, \u00e8 il pi\u00f9 grande impianto di riciclo del carbone attivo in Europa e nel mondo. \u00c8 in grado di trattare grandi quantit\u00e0 di carbone esausto ogni giorno per una vasta gamma di clienti. Chemviron dispone inoltre di centri di riattivazione a Tipton, nel Regno Unito, e a Legnago, in Italia, garantendo cos\u00ec una copertura completa in tutta Europa.<\/p><h5 data-start=\"34\" data-end=\"210\"><strong data-start=\"34\" data-end=\"210\">Un\u2019infrastruttura all\u2019avanguardia in Europa<\/strong><\/h5><p data-start=\"34\" data-end=\"210\">I nostri centri di riattivazione offrono servizi per una gamma diversificata di carboni esausti, inclusi quelli utilizzati in:<\/p><ul data-start=\"212\" data-end=\"480\" data-is-last-node=\"\" data-is-only-node=\"\"><li data-start=\"212\" data-end=\"254\"><p data-start=\"214\" data-end=\"254\">il trattamento dell\u2019acqua potabile<\/p><\/li><li data-start=\"255\" data-end=\"301\"><p data-start=\"257\" data-end=\"301\">il trattamento dei prodotti alimentari<\/p><\/li><li data-start=\"302\" data-end=\"357\"><p data-start=\"304\" data-end=\"357\">il trattamento dei prodotti chimici industriali<\/p><\/li><li data-start=\"358\" data-end=\"399\"><p data-start=\"360\" data-end=\"399\">il trattamento delle acque reflue<\/p><\/li><li data-start=\"400\" data-end=\"437\"><p data-start=\"402\" data-end=\"437\">la decontaminazione dei suoli<\/p><\/li><li data-start=\"438\" data-end=\"480\" data-is-last-node=\"\"><p data-start=\"440\" data-end=\"480\" data-is-last-node=\"\">il trattamento dell\u2019aria industriale<\/p><\/li><\/ul><h5>Norme rigorose di sicurezza<\/h5><p>Chemviron garantisce un elevato livello di sicurezza per l\u2019industria dell\u2019acqua potabile e per il settore alimentare. Infatti, il nostro sito di Feluy \u00e8 accreditato ISO 22000 per il suo sistema di gestione della sicurezza alimentare. Tutti i nostri centri di riattivazione rispettano rigorose norme sulla qualit\u00e0 dell\u2019aria, rendendo l\u2019uso del carbone attivo una soluzione non solo efficace, ma anche rispettosa dell\u2019ambiente. Il riciclo tramite riattivazione termica contribuisce cos\u00ec alla riduzione dei rifiuti, alla diminuzione delle emissioni di CO\u2082 e alla preservazione delle risorse naturali.<\/p>\t\t\t\t\t\t\t\t<\/div>\n\t\t\t\t<\/div>\n\t\t\t\t<div class=\"elementor-element elementor-element-96c6718 elementor-widget elementor-widget-heading\" data-id=\"96c6718\" data-element_type=\"widget\" data-e-type=\"widget\" data-widget_type=\"heading.default\">\n\t\t\t\t<div class=\"elementor-widget-container\">\n\t\t\t\t\t<h3 class=\"elementor-heading-title elementor-size-default\">Perch\u00e9 scegliere Chemviron per la riattivazione del carbone attivo?<\/h3>\t\t\t\t<\/div>\n\t\t\t\t<\/div>\n\t\t\t\t<div class=\"elementor-element elementor-element-7993957 elementor-widget elementor-widget-text-editor\" data-id=\"7993957\" data-element_type=\"widget\" data-e-type=\"widget\" data-widget_type=\"text-editor.default\">\n\t\t\t\t<div class=\"elementor-widget-container\">\n\t\t\t\t\t\t\t\t\t<div><h5><strong>Un approccio sostenibile<\/strong><\/h5><p>Da Chemviron, la nostra priorit\u00e0 \u00e8 chiara: privilegiare il riciclaggio del carbone attivo utilizzato per renderlo riutilizzabile, piuttosto che sostituirlo con un carbone nuovo. Questo approccio rafforza la durata della nostra tecnologia e offre ai nostri clienti il massimo dei vantaggi. Combinando i carboni attivi ad alte prestazioni, il nostro servizio di filtraggio dei carboni mobili e un processo di riattivazione efficace, permettiamo ai nostri prodotti di essere riciclati e riutilizzati in pi\u00f9 occasioni.<\/p><p>Chemviron si impegna con determinazione in un percorso sostenibile, contribuendo a ridurre le emissioni di CO\u2082 dei propri clienti e allo stesso tempo diminuendo la propria impronta carbonica.<\/p><h5>Un\u2019esperienza comprovata<\/h5><p>Forte di decenni di esperienza, Chemviron ha sviluppato un know-how unico nella riattivazione del carbone attivo. I nostri team conoscono i procedimenti e le condizioni necessarie per riattivare anche i carboni utilizzati pi\u00f9 complessi da trattare. Dagli anni \u201970 progettiamo, possediamo e gestiamo i nostri forni di riattivazione in Europa, adattati per garantire risultati ottimali. Questa lunga esperienza ci ha permesso di innovare continuamente, riducendo il consumo di energia e acqua e migliorando al contempo la qualit\u00e0 e l\u2019efficienza dei nostri servizi.<\/p><\/div>\t\t\t\t\t\t\t\t<\/div>\n\t\t\t\t<\/div>\n\t\t\t\t\t<\/div>\n\t\t\t\t<\/div>\n\t\t<div class=\"elementor-element elementor-element-43c96816 e-flex e-con-boxed elementor-invisible e-con e-parent\" data-id=\"43c96816\" data-element_type=\"container\" data-e-type=\"container\" data-settings=\"{&quot;animation&quot;:&quot;fadeInUp&quot;}\">\n\t\t\t\t\t<div class=\"e-con-inner\">\n\t\t<div data-dce-background-color=\"#FFF4DA\" class=\"elementor-element elementor-element-bacc483 e-con-full e-flex e-con e-child\" data-id=\"bacc483\" data-element_type=\"container\" data-e-type=\"container\" data-settings=\"{&quot;background_background&quot;:&quot;classic&quot;}\">\n\t\t\t\t<div class=\"elementor-element elementor-element-2c36ad76 dce_masking-none elementor-widget elementor-widget-image\" data-id=\"2c36ad76\" data-element_type=\"widget\" data-e-type=\"widget\" data-widget_type=\"image.default\">\n\t\t\t\t<div class=\"elementor-widget-container\">\n\t\t\t\t\t\t\t\t\t\t\t\t\t\t\t<img decoding=\"async\" width=\"136\" height=\"136\" src=\"https:\/\/www.chemviron.eu\/wp-content\/uploads\/2024\/01\/kuraray_pictogram_user-negative-1.png\" class=\"attachment-large size-large wp-image-1988\" alt=\"\" \/>\t\t\t\t\t\t\t\t\t\t\t\t\t\t\t<\/div>\n\t\t\t\t<\/div>\n\t\t\t\t<\/div>\n\t\t<div data-dce-background-color=\"#FFF4DA\" class=\"elementor-element elementor-element-5323d4f8 e-con-full e-flex e-con e-child\" data-id=\"5323d4f8\" data-element_type=\"container\" data-e-type=\"container\" data-settings=\"{&quot;background_background&quot;:&quot;classic&quot;}\">\n\t\t\t\t<div class=\"elementor-element elementor-element-41612a07 elementor-widget elementor-widget-heading\" data-id=\"41612a07\" data-element_type=\"widget\" data-e-type=\"widget\" data-widget_type=\"heading.default\">\n\t\t\t\t<div class=\"elementor-widget-container\">\n\t\t\t\t\t<h4 class=\"elementor-heading-title elementor-size-default\">Contatta il nostro team tecnico per maggiori informazioni.<\/h4>\t\t\t\t<\/div>\n\t\t\t\t<\/div>\n\t\t\t\t<div class=\"elementor-element elementor-element-6e04788a elementor-widget elementor-widget-button\" data-id=\"6e04788a\" data-element_type=\"widget\" data-e-type=\"widget\" data-widget_type=\"button.default\">\n\t\t\t\t<div class=\"elementor-widget-container\">\n\t\t\t\t\t\t\t\t\t<div class=\"elementor-button-wrapper\">\n\t\t\t\t\t<a class=\"elementor-button elementor-button-link elementor-size-sm\" href=\"https:\/\/www.chemviron.eu\/it\/contatta-i-nostri-esperti\/\">\n\t\t\t\t\t\t<span class=\"elementor-button-content-wrapper\">\n\t\t\t\t\t\t\t\t\t<span class=\"elementor-button-text\">Contattaci<\/span>\n\t\t\t\t\t<\/span>\n\t\t\t\t\t<\/a>\n\t\t\t\t<\/div>\n\t\t\t\t\t\t\t\t<\/div>\n\t\t\t\t<\/div>\n\t\t\t\t<\/div>\n\t\t\t\t\t<\/div>\n\t\t\t\t<\/div>\n\t\t\t\t<\/div>\n\t\t","protected":false},"excerpt":{"rendered":"<p>Riattivazione Chemviron \u00e8 il pi\u00f9 grande riciclatore (o riattivatore) al mondo di carboni attivi per applicazioni di trattamento dell&#8217;aria e dell&#8217;acqua, con impianti di riattivazione situati strategicamente in tutta Europa. Un processo di riattivazione efficace Una volta utilizzati per la purificazione o la decolorazione, i carboni attivi in granuli o in pellet possono generalmente essere [&hellip;]<\/p>\n","protected":false},"author":1,"featured_media":10366,"parent":11131,"menu_order":0,"comment_status":"closed","ping_status":"closed","template":"elementor_header_footer","meta":{"_acf_changed":false,"inline_featured_image":false,"footnotes":""},"class_list":["post-11454","page","type-page","status-publish","has-post-thumbnail","hentry"],"acf":[],"yoast_head":"<!-- This site is optimized with the Yoast SEO plugin v27.3 - https:\/\/yoast.com\/product\/yoast-seo-wordpress\/ -->\n<title>Riattivazione del carbone attivo<\/title>\n<meta name=\"description\" content=\"Scopri come Chemviron pu\u00f2 aiutare la tua industria a diventare pi\u00f9 sostenibile grazie alla riattivazione termica del carbone attivo.\" \/>\n<meta name=\"robots\" content=\"index, follow, max-snippet:-1, max-image-preview:large, max-video-preview:-1\" \/>\n<link rel=\"canonical\" href=\"https:\/\/www.chemviron.eu\/it\/solutions\/riattivazione-del-carbone-attivo\/\" \/>\n<meta property=\"og:locale\" content=\"it_IT\" \/>\n<meta property=\"og:type\" content=\"article\" \/>\n<meta property=\"og:title\" content=\"Riattivazione del carbone attivo\" \/>\n<meta property=\"og:description\" content=\"Scopri come Chemviron pu\u00f2 aiutare la tua industria a diventare pi\u00f9 sostenibile grazie alla riattivazione termica del carbone attivo.\" \/>\n<meta property=\"og:url\" content=\"https:\/\/www.chemviron.eu\/it\/solutions\/riattivazione-del-carbone-attivo\/\" \/>\n<meta property=\"og:site_name\" content=\"Chemviron\" \/>\n<meta property=\"article:modified_time\" content=\"2026-01-05T14:00:24+00:00\" \/>\n<meta property=\"og:image\" content=\"https:\/\/www.chemviron.eu\/wp-content\/uploads\/2025\/02\/Solutions_Reactivation-2-1024x723.png\" \/>\n\t<meta property=\"og:image:width\" content=\"1024\" \/>\n\t<meta property=\"og:image:height\" content=\"723\" \/>\n\t<meta property=\"og:image:type\" content=\"image\/png\" \/>\n<meta name=\"twitter:card\" content=\"summary_large_image\" \/>\n<meta name=\"twitter:label1\" content=\"Tempo di lettura stimato\" \/>\n\t<meta name=\"twitter:data1\" content=\"4 minuti\" \/>\n<script type=\"application\/ld+json\" class=\"yoast-schema-graph\">{\"@context\":\"https:\\\/\\\/schema.org\",\"@graph\":[{\"@type\":\"WebPage\",\"@id\":\"https:\\\/\\\/www.chemviron.eu\\\/it\\\/solutions\\\/riattivazione-del-carbone-attivo\\\/\",\"url\":\"https:\\\/\\\/www.chemviron.eu\\\/it\\\/solutions\\\/riattivazione-del-carbone-attivo\\\/\",\"name\":\"Riattivazione del carbone attivo\",\"isPartOf\":{\"@id\":\"https:\\\/\\\/www.chemviron.eu\\\/it\\\/#website\"},\"primaryImageOfPage\":{\"@id\":\"https:\\\/\\\/www.chemviron.eu\\\/it\\\/solutions\\\/riattivazione-del-carbone-attivo\\\/#primaryimage\"},\"image\":{\"@id\":\"https:\\\/\\\/www.chemviron.eu\\\/it\\\/solutions\\\/riattivazione-del-carbone-attivo\\\/#primaryimage\"},\"thumbnailUrl\":\"https:\\\/\\\/www.chemviron.eu\\\/wp-content\\\/uploads\\\/2025\\\/02\\\/Solutions_Reactivation-2.png\",\"datePublished\":\"2023-12-06T12:42:12+00:00\",\"dateModified\":\"2026-01-05T14:00:24+00:00\",\"description\":\"Scopri come Chemviron pu\u00f2 aiutare la tua industria a diventare pi\u00f9 sostenibile grazie alla riattivazione termica del carbone attivo.\",\"breadcrumb\":{\"@id\":\"https:\\\/\\\/www.chemviron.eu\\\/it\\\/solutions\\\/riattivazione-del-carbone-attivo\\\/#breadcrumb\"},\"inLanguage\":\"it-IT\",\"potentialAction\":[{\"@type\":\"ReadAction\",\"target\":[\"https:\\\/\\\/www.chemviron.eu\\\/it\\\/solutions\\\/riattivazione-del-carbone-attivo\\\/\"]}]},{\"@type\":\"ImageObject\",\"inLanguage\":\"it-IT\",\"@id\":\"https:\\\/\\\/www.chemviron.eu\\\/it\\\/solutions\\\/riattivazione-del-carbone-attivo\\\/#primaryimage\",\"url\":\"https:\\\/\\\/www.chemviron.eu\\\/wp-content\\\/uploads\\\/2025\\\/02\\\/Solutions_Reactivation-2.png\",\"contentUrl\":\"https:\\\/\\\/www.chemviron.eu\\\/wp-content\\\/uploads\\\/2025\\\/02\\\/Solutions_Reactivation-2.png\",\"width\":5313,\"height\":3750,\"caption\":\"Carbon reactivation\"},{\"@type\":\"BreadcrumbList\",\"@id\":\"https:\\\/\\\/www.chemviron.eu\\\/it\\\/solutions\\\/riattivazione-del-carbone-attivo\\\/#breadcrumb\",\"itemListElement\":[{\"@type\":\"ListItem\",\"position\":1,\"name\":\"Home\",\"item\":\"https:\\\/\\\/www.chemviron.eu\\\/it\\\/\"},{\"@type\":\"ListItem\",\"position\":2,\"name\":\"Soluzioni\",\"item\":\"https:\\\/\\\/www.chemviron.eu\\\/it\\\/solutions\\\/\"},{\"@type\":\"ListItem\",\"position\":3,\"name\":\"Riattivazione\"}]},{\"@type\":\"WebSite\",\"@id\":\"https:\\\/\\\/www.chemviron.eu\\\/it\\\/#website\",\"url\":\"https:\\\/\\\/www.chemviron.eu\\\/it\\\/\",\"name\":\"Chemviron\",\"description\":\"The Purification Solutions Provider\",\"publisher\":{\"@id\":\"https:\\\/\\\/www.chemviron.eu\\\/it\\\/#organization\"},\"potentialAction\":[{\"@type\":\"SearchAction\",\"target\":{\"@type\":\"EntryPoint\",\"urlTemplate\":\"https:\\\/\\\/www.chemviron.eu\\\/it\\\/?s={search_term_string}\"},\"query-input\":{\"@type\":\"PropertyValueSpecification\",\"valueRequired\":true,\"valueName\":\"search_term_string\"}}],\"inLanguage\":\"it-IT\"},{\"@type\":\"Organization\",\"@id\":\"https:\\\/\\\/www.chemviron.eu\\\/it\\\/#organization\",\"name\":\"Chemviron\",\"url\":\"https:\\\/\\\/www.chemviron.eu\\\/it\\\/\",\"logo\":{\"@type\":\"ImageObject\",\"inLanguage\":\"it-IT\",\"@id\":\"https:\\\/\\\/www.chemviron.eu\\\/it\\\/#\\\/schema\\\/logo\\\/image\\\/\",\"url\":\"https:\\\/\\\/www.chemviron.eu\\\/wp-content\\\/uploads\\\/2023\\\/12\\\/Chemviron-logo.jpg\",\"contentUrl\":\"https:\\\/\\\/www.chemviron.eu\\\/wp-content\\\/uploads\\\/2023\\\/12\\\/Chemviron-logo.jpg\",\"width\":1667,\"height\":833,\"caption\":\"Chemviron\"},\"image\":{\"@id\":\"https:\\\/\\\/www.chemviron.eu\\\/it\\\/#\\\/schema\\\/logo\\\/image\\\/\"},\"sameAs\":[\"https:\\\/\\\/www.linkedin.com\\\/company\\\/chemviron\\\/\"]}]}<\/script>\n<!-- \/ Yoast SEO plugin. -->","yoast_head_json":{"title":"Riattivazione del carbone attivo","description":"Scopri come Chemviron pu\u00f2 aiutare la tua industria a diventare pi\u00f9 sostenibile grazie alla riattivazione termica del carbone attivo.","robots":{"index":"index","follow":"follow","max-snippet":"max-snippet:-1","max-image-preview":"max-image-preview:large","max-video-preview":"max-video-preview:-1"},"canonical":"https:\/\/www.chemviron.eu\/it\/solutions\/riattivazione-del-carbone-attivo\/","og_locale":"it_IT","og_type":"article","og_title":"Riattivazione del carbone attivo","og_description":"Scopri come Chemviron pu\u00f2 aiutare la tua industria a diventare pi\u00f9 sostenibile grazie alla riattivazione termica del carbone attivo.","og_url":"https:\/\/www.chemviron.eu\/it\/solutions\/riattivazione-del-carbone-attivo\/","og_site_name":"Chemviron","article_modified_time":"2026-01-05T14:00:24+00:00","og_image":[{"width":1024,"height":723,"url":"https:\/\/www.chemviron.eu\/wp-content\/uploads\/2025\/02\/Solutions_Reactivation-2-1024x723.png","type":"image\/png"}],"twitter_card":"summary_large_image","twitter_misc":{"Tempo di lettura stimato":"4 minuti"},"schema":{"@context":"https:\/\/schema.org","@graph":[{"@type":"WebPage","@id":"https:\/\/www.chemviron.eu\/it\/solutions\/riattivazione-del-carbone-attivo\/","url":"https:\/\/www.chemviron.eu\/it\/solutions\/riattivazione-del-carbone-attivo\/","name":"Riattivazione del carbone attivo","isPartOf":{"@id":"https:\/\/www.chemviron.eu\/it\/#website"},"primaryImageOfPage":{"@id":"https:\/\/www.chemviron.eu\/it\/solutions\/riattivazione-del-carbone-attivo\/#primaryimage"},"image":{"@id":"https:\/\/www.chemviron.eu\/it\/solutions\/riattivazione-del-carbone-attivo\/#primaryimage"},"thumbnailUrl":"https:\/\/www.chemviron.eu\/wp-content\/uploads\/2025\/02\/Solutions_Reactivation-2.png","datePublished":"2023-12-06T12:42:12+00:00","dateModified":"2026-01-05T14:00:24+00:00","description":"Scopri come Chemviron pu\u00f2 aiutare la tua industria a diventare pi\u00f9 sostenibile grazie alla riattivazione termica del carbone attivo.","breadcrumb":{"@id":"https:\/\/www.chemviron.eu\/it\/solutions\/riattivazione-del-carbone-attivo\/#breadcrumb"},"inLanguage":"it-IT","potentialAction":[{"@type":"ReadAction","target":["https:\/\/www.chemviron.eu\/it\/solutions\/riattivazione-del-carbone-attivo\/"]}]},{"@type":"ImageObject","inLanguage":"it-IT","@id":"https:\/\/www.chemviron.eu\/it\/solutions\/riattivazione-del-carbone-attivo\/#primaryimage","url":"https:\/\/www.chemviron.eu\/wp-content\/uploads\/2025\/02\/Solutions_Reactivation-2.png","contentUrl":"https:\/\/www.chemviron.eu\/wp-content\/uploads\/2025\/02\/Solutions_Reactivation-2.png","width":5313,"height":3750,"caption":"Carbon reactivation"},{"@type":"BreadcrumbList","@id":"https:\/\/www.chemviron.eu\/it\/solutions\/riattivazione-del-carbone-attivo\/#breadcrumb","itemListElement":[{"@type":"ListItem","position":1,"name":"Home","item":"https:\/\/www.chemviron.eu\/it\/"},{"@type":"ListItem","position":2,"name":"Soluzioni","item":"https:\/\/www.chemviron.eu\/it\/solutions\/"},{"@type":"ListItem","position":3,"name":"Riattivazione"}]},{"@type":"WebSite","@id":"https:\/\/www.chemviron.eu\/it\/#website","url":"https:\/\/www.chemviron.eu\/it\/","name":"Chemviron","description":"The Purification Solutions Provider","publisher":{"@id":"https:\/\/www.chemviron.eu\/it\/#organization"},"potentialAction":[{"@type":"SearchAction","target":{"@type":"EntryPoint","urlTemplate":"https:\/\/www.chemviron.eu\/it\/?s={search_term_string}"},"query-input":{"@type":"PropertyValueSpecification","valueRequired":true,"valueName":"search_term_string"}}],"inLanguage":"it-IT"},{"@type":"Organization","@id":"https:\/\/www.chemviron.eu\/it\/#organization","name":"Chemviron","url":"https:\/\/www.chemviron.eu\/it\/","logo":{"@type":"ImageObject","inLanguage":"it-IT","@id":"https:\/\/www.chemviron.eu\/it\/#\/schema\/logo\/image\/","url":"https:\/\/www.chemviron.eu\/wp-content\/uploads\/2023\/12\/Chemviron-logo.jpg","contentUrl":"https:\/\/www.chemviron.eu\/wp-content\/uploads\/2023\/12\/Chemviron-logo.jpg","width":1667,"height":833,"caption":"Chemviron"},"image":{"@id":"https:\/\/www.chemviron.eu\/it\/#\/schema\/logo\/image\/"},"sameAs":["https:\/\/www.linkedin.com\/company\/chemviron\/"]}]}},"_links":{"self":[{"href":"https:\/\/www.chemviron.eu\/it\/wp-json\/wp\/v2\/pages\/11454","targetHints":{"allow":["GET"]}}],"collection":[{"href":"https:\/\/www.chemviron.eu\/it\/wp-json\/wp\/v2\/pages"}],"about":[{"href":"https:\/\/www.chemviron.eu\/it\/wp-json\/wp\/v2\/types\/page"}],"author":[{"embeddable":true,"href":"https:\/\/www.chemviron.eu\/it\/wp-json\/wp\/v2\/users\/1"}],"replies":[{"embeddable":true,"href":"https:\/\/www.chemviron.eu\/it\/wp-json\/wp\/v2\/comments?post=11454"}],"version-history":[{"count":5,"href":"https:\/\/www.chemviron.eu\/it\/wp-json\/wp\/v2\/pages\/11454\/revisions"}],"predecessor-version":[{"id":11795,"href":"https:\/\/www.chemviron.eu\/it\/wp-json\/wp\/v2\/pages\/11454\/revisions\/11795"}],"up":[{"embeddable":true,"href":"https:\/\/www.chemviron.eu\/it\/wp-json\/wp\/v2\/pages\/11131"}],"wp:featuredmedia":[{"embeddable":true,"href":"https:\/\/www.chemviron.eu\/it\/wp-json\/wp\/v2\/media\/10366"}],"wp:attachment":[{"href":"https:\/\/www.chemviron.eu\/it\/wp-json\/wp\/v2\/media?parent=11454"}],"curies":[{"name":"wp","href":"https:\/\/api.w.org\/{rel}","templated":true}]}}