{"id":11420,"date":"2023-12-06T12:34:29","date_gmt":"2023-12-06T12:34:29","guid":{"rendered":"https:\/\/www.chemviron.eu\/applicazioni\/personnel-air-protection\/"},"modified":"2026-01-05T10:57:46","modified_gmt":"2026-01-05T10:57:46","slug":"protezione-personale","status":"publish","type":"page","link":"https:\/\/www.chemviron.eu\/it\/applicazioni\/protezione-personale\/","title":{"rendered":"Protezione Personale"},"content":{"rendered":"\t\t<div data-elementor-type=\"wp-page\" data-elementor-id=\"11420\" class=\"elementor elementor-11420 elementor-639\" data-elementor-post-type=\"page\">\n\t\t\t\t<div class=\"elementor-element elementor-element-7d656da1 e-flex e-con-boxed e-con e-parent\" data-id=\"7d656da1\" data-element_type=\"container\" data-e-type=\"container\">\n\t\t\t\t\t<div class=\"e-con-inner\">\n\t\t<div class=\"elementor-element elementor-element-4cf5fe68 e-con-full e-flex e-con e-child\" data-id=\"4cf5fe68\" data-element_type=\"container\" data-e-type=\"container\">\n\t\t\t\t<div class=\"elementor-element elementor-element-7568cd13 elementor-invisible elementor-widget elementor-widget-heading\" data-id=\"7568cd13\" data-element_type=\"widget\" data-e-type=\"widget\" data-settings=\"{&quot;_animation&quot;:&quot;fadeIn&quot;}\" data-widget_type=\"heading.default\">\n\t\t\t\t<div class=\"elementor-widget-container\">\n\t\t\t\t\t<h1 class=\"elementor-heading-title elementor-size-default\">Protezione Personale<\/h1>\t\t\t\t<\/div>\n\t\t\t\t<\/div>\n\t\t\t\t<div class=\"elementor-element elementor-element-775396a9 elementor-invisible elementor-widget elementor-widget-heading\" data-id=\"775396a9\" data-element_type=\"widget\" data-e-type=\"widget\" data-settings=\"{&quot;_animation&quot;:&quot;fadeIn&quot;,&quot;_animation_delay&quot;:400}\" data-widget_type=\"heading.default\">\n\t\t\t\t<div class=\"elementor-widget-container\">\n\t\t\t\t\t<h2 class=\"elementor-heading-title elementor-size-default\">Chemviron offre una vasta gamma di carboni attivi specializzati e impregnati per diverse applicazioni legate alla protezione delle persone. Tra questi figurano i carboni attivi per maschere antigas industriali, civili e militari, nonch\u00e9 per i filtri collettivi.<\/h2>\t\t\t\t<\/div>\n\t\t\t\t<\/div>\n\t\t\t\t<\/div>\n\t\t<div data-dce-background-image-url=\"https:\/\/www.chemviron.eu\/wp-content\/uploads\/2025\/05\/Untitled-design-29.png\" class=\"elementor-element elementor-element-7ee9e922 e-con-full e-flex e-con e-child\" data-id=\"7ee9e922\" data-element_type=\"container\" data-e-type=\"container\" data-settings=\"{&quot;background_background&quot;:&quot;classic&quot;}\">\n\t\t\t\t<\/div>\n\t\t\t\t\t<\/div>\n\t\t\t\t<\/div>\n\t\t<div data-dce-background-overlay-image-url=\"https:\/\/www.chemviron.eu\/wp-content\/uploads\/2024\/01\/kuraray_circle_grid_landscape_rgb-1.svg\" class=\"elementor-element elementor-element-3786c82a e-flex e-con-boxed e-con e-parent\" data-id=\"3786c82a\" data-element_type=\"container\" data-e-type=\"container\">\n\t\t\t\t\t<div class=\"e-con-inner\">\n\t\t<div class=\"elementor-element elementor-element-33f9d301 e-con-full e-flex e-con e-child\" data-id=\"33f9d301\" data-element_type=\"container\" data-e-type=\"container\">\n\t\t\t\t<div class=\"elementor-element elementor-element-34265f82 elementor-widget elementor-widget-heading\" data-id=\"34265f82\" data-element_type=\"widget\" data-e-type=\"widget\" data-widget_type=\"heading.default\">\n\t\t\t\t<div class=\"elementor-widget-container\">\n\t\t\t\t\t<h3 class=\"elementor-heading-title elementor-size-default\">Tecnologia del carbone attivo impregnato adatta alle vostre esigenze<\/h3>\t\t\t\t<\/div>\n\t\t\t\t<\/div>\n\t\t\t\t<div class=\"elementor-element elementor-element-2d9fc020 elementor-widget-mobile__width-inherit elementor-widget elementor-widget-text-editor\" data-id=\"2d9fc020\" data-element_type=\"widget\" data-e-type=\"widget\" data-widget_type=\"text-editor.default\">\n\t\t\t\t<div class=\"elementor-widget-container\">\n\t\t\t\t\t\t\t\t\t<p>Grazie alla sua struttura altamente porosa, il carbone attivo consente di rimuovere in modo efficace i contaminanti organici da liquidi e gas. Tuttavia, per migliorarne l\u2019efficacia contro i contaminanti inorganici, \u00e8 necessario impregnarlo con composti chimici o sali metallici specifici. Questa impregnazione permette di neutralizzare tali sostanze pericolose, garantendo cos\u00ec un\u2019aria sicura da respirare.<\/p><p>La selezione di una base di carbone attivo adeguata, combinata con specifiche sostanze di impregnazione, consente a Chemviron di personalizzare i propri carboni attivi per soddisfare standard e requisiti prestazionali ben definiti. Questi carboni impregnati sono progettati per adattarsi agli ambienti e alle condizioni pi\u00f9 difficili, essenziali per le maschere antigas, la protezione collettiva e varie applicazioni di filtrazione dell&#8217;aria, sia industriali che domestiche. Chemviron selezioner\u00e0 il carbone pi\u00f9 adatto in base alle sfide specifiche e alle prestazioni richieste dai nostri clienti.<\/p><p><a href=\"https:\/\/www.chemviron.eu\/it\/contatta-i-nostri-esperti\/\">Contattaci per maggiori informazioni.<\/a><\/p>\t\t\t\t\t\t\t\t<\/div>\n\t\t\t\t<\/div>\n\t\t\t\t<div class=\"elementor-element elementor-element-7d1ec152 elementor-widget elementor-widget-heading\" data-id=\"7d1ec152\" data-element_type=\"widget\" data-e-type=\"widget\" data-widget_type=\"heading.default\">\n\t\t\t\t<div class=\"elementor-widget-container\">\n\t\t\t\t\t<h4 class=\"elementor-heading-title elementor-size-default\">Purificazione dell'aria industriale e domestica<\/h4>\t\t\t\t<\/div>\n\t\t\t\t<\/div>\n\t\t\t\t<div class=\"elementor-element elementor-element-6e512387 elementor-widget-mobile__width-inherit elementor-widget elementor-widget-text-editor\" data-id=\"6e512387\" data-element_type=\"widget\" data-e-type=\"widget\" data-widget_type=\"text-editor.default\">\n\t\t\t\t<div class=\"elementor-widget-container\">\n\t\t\t\t\t\t\t\t\t<p>Alcune attivit\u00e0, come cucinare, o alcuni oggetti, come tappeti o mobili nuovi, possono rilasciare in casa, sul posto di lavoro o in ufficio gas sgradevoli o potenzialmente nocivi, che \u00e8 importante eliminare.<\/p><p>Questi contaminanti possono includere formaldeide, solfuro di idrogeno, diossido di zolfo, ossidi di azoto e PFAS. Chemviron offre una gamma varia di prodotti, disponibili in diverse dimensioni, da installare nei sistemi di filtrazione dell\u2019aria domestici o nelle prese d\u2019aria, per garantire un ambiente di vita o di lavoro sano e sicuro.<\/p>\t\t\t\t\t\t\t\t<\/div>\n\t\t\t\t<\/div>\n\t\t\t\t<div class=\"elementor-element elementor-element-18e07ebe elementor-widget elementor-widget-heading\" data-id=\"18e07ebe\" data-element_type=\"widget\" data-e-type=\"widget\" data-widget_type=\"heading.default\">\n\t\t\t\t<div class=\"elementor-widget-container\">\n\t\t\t\t\t<h4 class=\"elementor-heading-title elementor-size-default\">Le nuove sfide della protezione individuale<\/h4>\t\t\t\t<\/div>\n\t\t\t\t<\/div>\n\t\t\t\t<div class=\"elementor-element elementor-element-e203d70 elementor-widget-mobile__width-inherit elementor-widget elementor-widget-text-editor\" data-id=\"e203d70\" data-element_type=\"widget\" data-e-type=\"widget\" data-widget_type=\"text-editor.default\">\n\t\t\t\t<div class=\"elementor-widget-container\">\n\t\t\t\t\t\t\t\t\t<div><p>Di fronte all\u2019evoluzione costante delle minacce legate al terrorismo e ai conflitti militari, i ruoli delle forze armate e dei servizi di emergenza hanno dovuto adattarsi. Una delle principali sfide consiste nel garantire il giusto livello e tipo di protezione individuale, in particolare attraverso l\u2019uso di maschere antigas.<\/p><p>Negli ambienti civili o industriali, le maschere antigas sono progettate per proteggere da un\u2019ampia gamma di sostanze chimiche industriali. Le forze armate, invece, richiedono una protezione pi\u00f9 specifica contro agenti e armi chimiche militari (CWA). Tuttavia, la crescente minaccia dell\u2019uso di armi chimiche in attacchi terroristici e di gas industriali tossici nei conflitti militari ha unificato le esigenze di questi due settori. Ci\u00f2 ha portato a una rivalutazione delle capacit\u00e0 delle maschere antigas per rispondere in modo efficace a queste diverse necessit\u00e0.<\/p><p>Per gli ambienti civili, Chemviron produce una gamma di carboni attivi senza cromo, specificamente progettati per le maschere antigas, offrendo una protezione individuale contro vapori organici e inorganici, nonch\u00e9 contro vari prodotti chimici industriali tossici, come l\u2019ammoniaca. Per una protezione multi-gas, Chemviron propone inoltre carboni specializzati conformi alle normative europee e internazionali.<\/p><p>Per le squadre di emergenza e i primi soccorritori che necessitano di una protezione superiore rispetto alle maschere standard, Chemviron ha sviluppato una nuova generazione di prodotti conformi ai requisiti NBCR (nucleari, biologici, chimici e radiologici) o ottimizzati per applicazioni specifiche. Per i sistemi di filtrazione collettiva, che richiedono carboni con granulometria pi\u00f9 elevata, Chemviron propone qualit\u00e0 alternative di carboni attivi, in grado di offrire prestazioni adeguate contro diversi tipi di gas.<\/p><\/div><div>\u00a0<\/div>\t\t\t\t\t\t\t\t<\/div>\n\t\t\t\t<\/div>\n\t\t\t\t<div class=\"elementor-element elementor-element-d5bfe41 elementor-widget elementor-widget-heading\" data-id=\"d5bfe41\" data-element_type=\"widget\" data-e-type=\"widget\" data-widget_type=\"heading.default\">\n\t\t\t\t<div class=\"elementor-widget-container\">\n\t\t\t\t\t<h4 class=\"elementor-heading-title elementor-size-default\">Sfide militari e innovazione<\/h4>\t\t\t\t<\/div>\n\t\t\t\t<\/div>\n\t\t\t\t<div class=\"elementor-element elementor-element-1aeef03 elementor-widget-mobile__width-inherit elementor-widget elementor-widget-text-editor\" data-id=\"1aeef03\" data-element_type=\"widget\" data-e-type=\"widget\" data-widget_type=\"text-editor.default\">\n\t\t\t\t<div class=\"elementor-widget-container\">\n\t\t\t\t\t\t\t\t\t<p>Chemviron e Calgon Carbon hanno una lunga tradizione di protezione del personale militare e dei primi soccorritori con i loro prodotti a carbone attivo leader del mercato. In qualit\u00e0 di pionieri nella produzione di carboni impregnati a base di cromo per queste applicazioni, l\u2019azienda ha prodotto e fornito questi prodotti alle forze armate per oltre 50 anni.<br \/>Negli anni \u201990, Chemviron ha innovato sviluppando carboni impregnati privi di cromo, che sono diventati il punto di riferimento nel settore.<\/p><p>Oggi Chemviron \u00e8 uno dei principali produttori e fornitori di carboni attivi specializzati per i settori militare e civile, e continua a sviluppare nuove soluzioni per far fronte alle sfide emergenti. In un settore dove prestazioni e affidabilit\u00e0 sono fondamentali, poter contare su prodotti collaudati e affidabili da oltre mezzo secolo \u00e8 essenziale.<\/p>\t\t\t\t\t\t\t\t<\/div>\n\t\t\t\t<\/div>\n\t\t\t\t<div class=\"elementor-element elementor-element-3775895 elementor-widget elementor-widget-heading\" data-id=\"3775895\" data-element_type=\"widget\" data-e-type=\"widget\" data-widget_type=\"heading.default\">\n\t\t\t\t<div class=\"elementor-widget-container\">\n\t\t\t\t\t<h4 class=\"elementor-heading-title elementor-size-default\">Perch\u00e9 scegliere Chemviron come partner?<\/h4>\t\t\t\t<\/div>\n\t\t\t\t<\/div>\n\t\t\t\t<div class=\"elementor-element elementor-element-cf4febd elementor-widget-mobile__width-inherit elementor-widget elementor-widget-text-editor\" data-id=\"cf4febd\" data-element_type=\"widget\" data-e-type=\"widget\" data-widget_type=\"text-editor.default\">\n\t\t\t\t<div class=\"elementor-widget-container\">\n\t\t\t\t\t\t\t\t\t<p>Dal 1942, Chemviron \u00e8 il leader nel settore dei carboni attivi per filtri di protezione individuale e collettiva. Nel corso degli anni, l\u2019azienda ha acquisito competenze interne e capacit\u00e0 di sviluppo che garantiscono che i nostri carboni attivi e i tessuti in carbone attivo offrano soluzioni efficaci contro vapori, gas, particelle sospese e polveri potenzialmente nocive per la protezione individuale.<\/p><p>I servizi di Chemviron includono:<\/p><ul><li><strong>Competenza e supporto tecnico<\/strong>: forniamo consulenza tecnica per selezionare il carbone attivo pi\u00f9 adatto alle prestazioni richieste &#8211; <a href=\"https:\/\/www.chemviron.eu\/it\/contatta-i-nostri-esperti\/\">contatta un rappresentante per saperne di pi\u00f9<\/a>.<\/li><li><strong>Ricerca e sviluppo<\/strong>: Chemviron dispone del pi\u00f9 grande gruppo di ricerca e sviluppo del settore, con esperti specializzati nello sviluppo di carboni attivi innovativi. In combinazione con un laboratorio interno di test in fase vapore per valutare le prestazioni, Chemviron \u00e8 in grado di offrire i prodotti pi\u00f9 efficaci per affrontare le vostre sfide.<\/li><li><strong>Produzione di carboni impregnati<\/strong>: prodotti in Europa e negli Stati Uniti, i nostri carboni impregnati privi di cromo sono sottoposti a un rigoroso controllo di qualit\u00e0, che garantisce la fornitura di prodotti ad alte prestazioni e di alta qualit\u00e0.<\/li><\/ul>\t\t\t\t\t\t\t\t<\/div>\n\t\t\t\t<\/div>\n\t\t\t\t<\/div>\n\t\t\t\t\t<\/div>\n\t\t\t\t<\/div>\n\t\t<div class=\"elementor-element elementor-element-280578b8 e-flex e-con-boxed elementor-invisible e-con e-parent\" data-id=\"280578b8\" data-element_type=\"container\" data-e-type=\"container\" data-settings=\"{&quot;animation&quot;:&quot;fadeInUp&quot;}\">\n\t\t\t\t\t<div class=\"e-con-inner\">\n\t\t<div data-dce-background-color=\"#FFF4DA\" class=\"elementor-element elementor-element-7047c57c e-con-full e-flex e-con e-child\" data-id=\"7047c57c\" data-element_type=\"container\" data-e-type=\"container\" data-settings=\"{&quot;background_background&quot;:&quot;classic&quot;}\">\n\t\t\t\t<div class=\"elementor-element elementor-element-7d34fedc dce_masking-none elementor-widget elementor-widget-image\" data-id=\"7d34fedc\" data-element_type=\"widget\" data-e-type=\"widget\" data-widget_type=\"image.default\">\n\t\t\t\t<div class=\"elementor-widget-container\">\n\t\t\t\t\t\t\t\t\t\t\t\t\t\t\t<img decoding=\"async\" width=\"136\" height=\"136\" src=\"https:\/\/www.chemviron.eu\/wp-content\/uploads\/2024\/01\/kuraray_pictogram_user-negative-1-1.png\" class=\"attachment-large size-large wp-image-2609\" alt=\"\" \/>\t\t\t\t\t\t\t\t\t\t\t\t\t\t\t<\/div>\n\t\t\t\t<\/div>\n\t\t\t\t<\/div>\n\t\t<div data-dce-background-color=\"#FFF4DA\" class=\"elementor-element elementor-element-44aa7221 e-con-full e-flex e-con e-child\" data-id=\"44aa7221\" data-element_type=\"container\" data-e-type=\"container\" data-settings=\"{&quot;background_background&quot;:&quot;classic&quot;}\">\n\t\t\t\t<div class=\"elementor-element elementor-element-4c0d9409 elementor-widget elementor-widget-heading\" data-id=\"4c0d9409\" data-element_type=\"widget\" data-e-type=\"widget\" data-widget_type=\"heading.default\">\n\t\t\t\t<div class=\"elementor-widget-container\">\n\t\t\t\t\t<h4 class=\"elementor-heading-title elementor-size-default\">Contatta il nostro team tecnico per maggiori informazioni.<\/h4>\t\t\t\t<\/div>\n\t\t\t\t<\/div>\n\t\t\t\t<div class=\"elementor-element elementor-element-33b35137 elementor-widget elementor-widget-button\" data-id=\"33b35137\" data-element_type=\"widget\" data-e-type=\"widget\" data-widget_type=\"button.default\">\n\t\t\t\t<div class=\"elementor-widget-container\">\n\t\t\t\t\t\t\t\t\t<div class=\"elementor-button-wrapper\">\n\t\t\t\t\t<a class=\"elementor-button elementor-button-link elementor-size-sm\" href=\"https:\/\/www.chemviron.eu\/it\/contatta-i-nostri-esperti\/\">\n\t\t\t\t\t\t<span class=\"elementor-button-content-wrapper\">\n\t\t\t\t\t\t\t\t\t<span class=\"elementor-button-text\">Contattaci<\/span>\n\t\t\t\t\t<\/span>\n\t\t\t\t\t<\/a>\n\t\t\t\t<\/div>\n\t\t\t\t\t\t\t\t<\/div>\n\t\t\t\t<\/div>\n\t\t\t\t<\/div>\n\t\t\t\t\t<\/div>\n\t\t\t\t<\/div>\n\t\t\t\t<\/div>\n\t\t","protected":false},"excerpt":{"rendered":"<p>Protezione Personale Chemviron offre una vasta gamma di carboni attivi specializzati e impregnati per diverse applicazioni legate alla protezione delle persone. Tra questi figurano i carboni attivi per maschere antigas industriali, civili e militari, nonch\u00e9 per i filtri collettivi. Tecnologia del carbone attivo impregnato adatta alle vostre esigenze Grazie alla sua struttura altamente porosa, il [&hellip;]<\/p>\n","protected":false},"author":1,"featured_media":10629,"parent":11128,"menu_order":0,"comment_status":"closed","ping_status":"closed","template":"elementor_header_footer","meta":{"_acf_changed":false,"inline_featured_image":false,"footnotes":""},"class_list":["post-11420","page","type-page","status-publish","has-post-thumbnail","hentry"],"acf":[],"yoast_head":"<!-- This site is optimized with the Yoast SEO plugin v27.3 - https:\/\/yoast.com\/product\/yoast-seo-wordpress\/ -->\n<title>Protezione Personale per Respiratori, CBRN, Protezione Multigas<\/title>\n<meta name=\"description\" content=\"Un portafoglio diversificato di carboni attivi speciali e impregnati per respiratori industriali, civili e militari e filtri collettivi.\" \/>\n<meta name=\"robots\" content=\"index, follow, max-snippet:-1, max-image-preview:large, max-video-preview:-1\" \/>\n<link rel=\"canonical\" href=\"https:\/\/www.chemviron.eu\/it\/applicazioni\/protezione-personale\/\" \/>\n<meta property=\"og:locale\" content=\"it_IT\" \/>\n<meta property=\"og:type\" content=\"article\" \/>\n<meta property=\"og:title\" content=\"Protezione Personale per Respiratori, CBRN, Protezione Multigas\" \/>\n<meta property=\"og:description\" content=\"Un portafoglio diversificato di carboni attivi speciali e impregnati per respiratori industriali, civili e militari e filtri collettivi.\" \/>\n<meta property=\"og:url\" content=\"https:\/\/www.chemviron.eu\/it\/applicazioni\/protezione-personale\/\" \/>\n<meta property=\"og:site_name\" content=\"Chemviron\" \/>\n<meta property=\"article:modified_time\" content=\"2026-01-05T10:57:46+00:00\" \/>\n<meta property=\"og:image\" content=\"https:\/\/www.chemviron.eu\/wp-content\/uploads\/2025\/05\/Untitled-design-29.png\" \/>\n\t<meta property=\"og:image:width\" content=\"1032\" \/>\n\t<meta property=\"og:image:height\" content=\"400\" \/>\n\t<meta property=\"og:image:type\" content=\"image\/png\" \/>\n<meta name=\"twitter:card\" content=\"summary_large_image\" \/>\n<meta name=\"twitter:label1\" content=\"Tempo di lettura stimato\" \/>\n\t<meta name=\"twitter:data1\" content=\"5 minuti\" \/>\n<script type=\"application\/ld+json\" class=\"yoast-schema-graph\">{\"@context\":\"https:\\\/\\\/schema.org\",\"@graph\":[{\"@type\":\"WebPage\",\"@id\":\"https:\\\/\\\/www.chemviron.eu\\\/it\\\/applicazioni\\\/protezione-personale\\\/\",\"url\":\"https:\\\/\\\/www.chemviron.eu\\\/it\\\/applicazioni\\\/protezione-personale\\\/\",\"name\":\"Protezione Personale per Respiratori, CBRN, Protezione Multigas\",\"isPartOf\":{\"@id\":\"https:\\\/\\\/www.chemviron.eu\\\/it\\\/#website\"},\"primaryImageOfPage\":{\"@id\":\"https:\\\/\\\/www.chemviron.eu\\\/it\\\/applicazioni\\\/protezione-personale\\\/#primaryimage\"},\"image\":{\"@id\":\"https:\\\/\\\/www.chemviron.eu\\\/it\\\/applicazioni\\\/protezione-personale\\\/#primaryimage\"},\"thumbnailUrl\":\"https:\\\/\\\/www.chemviron.eu\\\/wp-content\\\/uploads\\\/2025\\\/05\\\/Untitled-design-29.png\",\"datePublished\":\"2023-12-06T12:34:29+00:00\",\"dateModified\":\"2026-01-05T10:57:46+00:00\",\"description\":\"Un portafoglio diversificato di carboni attivi speciali e impregnati per respiratori industriali, civili e militari e filtri collettivi.\",\"breadcrumb\":{\"@id\":\"https:\\\/\\\/www.chemviron.eu\\\/it\\\/applicazioni\\\/protezione-personale\\\/#breadcrumb\"},\"inLanguage\":\"it-IT\",\"potentialAction\":[{\"@type\":\"ReadAction\",\"target\":[\"https:\\\/\\\/www.chemviron.eu\\\/it\\\/applicazioni\\\/protezione-personale\\\/\"]}]},{\"@type\":\"ImageObject\",\"inLanguage\":\"it-IT\",\"@id\":\"https:\\\/\\\/www.chemviron.eu\\\/it\\\/applicazioni\\\/protezione-personale\\\/#primaryimage\",\"url\":\"https:\\\/\\\/www.chemviron.eu\\\/wp-content\\\/uploads\\\/2025\\\/05\\\/Untitled-design-29.png\",\"contentUrl\":\"https:\\\/\\\/www.chemviron.eu\\\/wp-content\\\/uploads\\\/2025\\\/05\\\/Untitled-design-29.png\",\"width\":1032,\"height\":400,\"caption\":\"Respirator activated carbon\"},{\"@type\":\"BreadcrumbList\",\"@id\":\"https:\\\/\\\/www.chemviron.eu\\\/it\\\/applicazioni\\\/protezione-personale\\\/#breadcrumb\",\"itemListElement\":[{\"@type\":\"ListItem\",\"position\":1,\"name\":\"Home\",\"item\":\"https:\\\/\\\/www.chemviron.eu\\\/it\\\/\"},{\"@type\":\"ListItem\",\"position\":2,\"name\":\"Applicazioni\",\"item\":\"https:\\\/\\\/www.chemviron.eu\\\/it\\\/applicazioni\\\/\"},{\"@type\":\"ListItem\",\"position\":3,\"name\":\"Protezione Personale\"}]},{\"@type\":\"WebSite\",\"@id\":\"https:\\\/\\\/www.chemviron.eu\\\/it\\\/#website\",\"url\":\"https:\\\/\\\/www.chemviron.eu\\\/it\\\/\",\"name\":\"Chemviron\",\"description\":\"The Purification Solutions Provider\",\"publisher\":{\"@id\":\"https:\\\/\\\/www.chemviron.eu\\\/it\\\/#organization\"},\"potentialAction\":[{\"@type\":\"SearchAction\",\"target\":{\"@type\":\"EntryPoint\",\"urlTemplate\":\"https:\\\/\\\/www.chemviron.eu\\\/it\\\/?s={search_term_string}\"},\"query-input\":{\"@type\":\"PropertyValueSpecification\",\"valueRequired\":true,\"valueName\":\"search_term_string\"}}],\"inLanguage\":\"it-IT\"},{\"@type\":\"Organization\",\"@id\":\"https:\\\/\\\/www.chemviron.eu\\\/it\\\/#organization\",\"name\":\"Chemviron\",\"url\":\"https:\\\/\\\/www.chemviron.eu\\\/it\\\/\",\"logo\":{\"@type\":\"ImageObject\",\"inLanguage\":\"it-IT\",\"@id\":\"https:\\\/\\\/www.chemviron.eu\\\/it\\\/#\\\/schema\\\/logo\\\/image\\\/\",\"url\":\"https:\\\/\\\/www.chemviron.eu\\\/wp-content\\\/uploads\\\/2023\\\/12\\\/Chemviron-logo.jpg\",\"contentUrl\":\"https:\\\/\\\/www.chemviron.eu\\\/wp-content\\\/uploads\\\/2023\\\/12\\\/Chemviron-logo.jpg\",\"width\":1667,\"height\":833,\"caption\":\"Chemviron\"},\"image\":{\"@id\":\"https:\\\/\\\/www.chemviron.eu\\\/it\\\/#\\\/schema\\\/logo\\\/image\\\/\"},\"sameAs\":[\"https:\\\/\\\/www.linkedin.com\\\/company\\\/chemviron\\\/\"]}]}<\/script>\n<!-- \/ Yoast SEO plugin. -->","yoast_head_json":{"title":"Protezione Personale per Respiratori, CBRN, Protezione Multigas","description":"Un portafoglio diversificato di carboni attivi speciali e impregnati per respiratori industriali, civili e militari e filtri collettivi.","robots":{"index":"index","follow":"follow","max-snippet":"max-snippet:-1","max-image-preview":"max-image-preview:large","max-video-preview":"max-video-preview:-1"},"canonical":"https:\/\/www.chemviron.eu\/it\/applicazioni\/protezione-personale\/","og_locale":"it_IT","og_type":"article","og_title":"Protezione Personale per Respiratori, CBRN, Protezione Multigas","og_description":"Un portafoglio diversificato di carboni attivi speciali e impregnati per respiratori industriali, civili e militari e filtri collettivi.","og_url":"https:\/\/www.chemviron.eu\/it\/applicazioni\/protezione-personale\/","og_site_name":"Chemviron","article_modified_time":"2026-01-05T10:57:46+00:00","og_image":[{"width":1032,"height":400,"url":"https:\/\/www.chemviron.eu\/wp-content\/uploads\/2025\/05\/Untitled-design-29.png","type":"image\/png"}],"twitter_card":"summary_large_image","twitter_misc":{"Tempo di lettura stimato":"5 minuti"},"schema":{"@context":"https:\/\/schema.org","@graph":[{"@type":"WebPage","@id":"https:\/\/www.chemviron.eu\/it\/applicazioni\/protezione-personale\/","url":"https:\/\/www.chemviron.eu\/it\/applicazioni\/protezione-personale\/","name":"Protezione Personale per Respiratori, CBRN, Protezione Multigas","isPartOf":{"@id":"https:\/\/www.chemviron.eu\/it\/#website"},"primaryImageOfPage":{"@id":"https:\/\/www.chemviron.eu\/it\/applicazioni\/protezione-personale\/#primaryimage"},"image":{"@id":"https:\/\/www.chemviron.eu\/it\/applicazioni\/protezione-personale\/#primaryimage"},"thumbnailUrl":"https:\/\/www.chemviron.eu\/wp-content\/uploads\/2025\/05\/Untitled-design-29.png","datePublished":"2023-12-06T12:34:29+00:00","dateModified":"2026-01-05T10:57:46+00:00","description":"Un portafoglio diversificato di carboni attivi speciali e impregnati per respiratori industriali, civili e militari e filtri collettivi.","breadcrumb":{"@id":"https:\/\/www.chemviron.eu\/it\/applicazioni\/protezione-personale\/#breadcrumb"},"inLanguage":"it-IT","potentialAction":[{"@type":"ReadAction","target":["https:\/\/www.chemviron.eu\/it\/applicazioni\/protezione-personale\/"]}]},{"@type":"ImageObject","inLanguage":"it-IT","@id":"https:\/\/www.chemviron.eu\/it\/applicazioni\/protezione-personale\/#primaryimage","url":"https:\/\/www.chemviron.eu\/wp-content\/uploads\/2025\/05\/Untitled-design-29.png","contentUrl":"https:\/\/www.chemviron.eu\/wp-content\/uploads\/2025\/05\/Untitled-design-29.png","width":1032,"height":400,"caption":"Respirator activated carbon"},{"@type":"BreadcrumbList","@id":"https:\/\/www.chemviron.eu\/it\/applicazioni\/protezione-personale\/#breadcrumb","itemListElement":[{"@type":"ListItem","position":1,"name":"Home","item":"https:\/\/www.chemviron.eu\/it\/"},{"@type":"ListItem","position":2,"name":"Applicazioni","item":"https:\/\/www.chemviron.eu\/it\/applicazioni\/"},{"@type":"ListItem","position":3,"name":"Protezione Personale"}]},{"@type":"WebSite","@id":"https:\/\/www.chemviron.eu\/it\/#website","url":"https:\/\/www.chemviron.eu\/it\/","name":"Chemviron","description":"The Purification Solutions Provider","publisher":{"@id":"https:\/\/www.chemviron.eu\/it\/#organization"},"potentialAction":[{"@type":"SearchAction","target":{"@type":"EntryPoint","urlTemplate":"https:\/\/www.chemviron.eu\/it\/?s={search_term_string}"},"query-input":{"@type":"PropertyValueSpecification","valueRequired":true,"valueName":"search_term_string"}}],"inLanguage":"it-IT"},{"@type":"Organization","@id":"https:\/\/www.chemviron.eu\/it\/#organization","name":"Chemviron","url":"https:\/\/www.chemviron.eu\/it\/","logo":{"@type":"ImageObject","inLanguage":"it-IT","@id":"https:\/\/www.chemviron.eu\/it\/#\/schema\/logo\/image\/","url":"https:\/\/www.chemviron.eu\/wp-content\/uploads\/2023\/12\/Chemviron-logo.jpg","contentUrl":"https:\/\/www.chemviron.eu\/wp-content\/uploads\/2023\/12\/Chemviron-logo.jpg","width":1667,"height":833,"caption":"Chemviron"},"image":{"@id":"https:\/\/www.chemviron.eu\/it\/#\/schema\/logo\/image\/"},"sameAs":["https:\/\/www.linkedin.com\/company\/chemviron\/"]}]}},"_links":{"self":[{"href":"https:\/\/www.chemviron.eu\/it\/wp-json\/wp\/v2\/pages\/11420","targetHints":{"allow":["GET"]}}],"collection":[{"href":"https:\/\/www.chemviron.eu\/it\/wp-json\/wp\/v2\/pages"}],"about":[{"href":"https:\/\/www.chemviron.eu\/it\/wp-json\/wp\/v2\/types\/page"}],"author":[{"embeddable":true,"href":"https:\/\/www.chemviron.eu\/it\/wp-json\/wp\/v2\/users\/1"}],"replies":[{"embeddable":true,"href":"https:\/\/www.chemviron.eu\/it\/wp-json\/wp\/v2\/comments?post=11420"}],"version-history":[{"count":5,"href":"https:\/\/www.chemviron.eu\/it\/wp-json\/wp\/v2\/pages\/11420\/revisions"}],"predecessor-version":[{"id":11747,"href":"https:\/\/www.chemviron.eu\/it\/wp-json\/wp\/v2\/pages\/11420\/revisions\/11747"}],"up":[{"embeddable":true,"href":"https:\/\/www.chemviron.eu\/it\/wp-json\/wp\/v2\/pages\/11128"}],"wp:featuredmedia":[{"embeddable":true,"href":"https:\/\/www.chemviron.eu\/it\/wp-json\/wp\/v2\/media\/10629"}],"wp:attachment":[{"href":"https:\/\/www.chemviron.eu\/it\/wp-json\/wp\/v2\/media?parent=11420"}],"curies":[{"name":"wp","href":"https:\/\/api.w.org\/{rel}","templated":true}]}}