{"id":11417,"date":"2023-12-06T12:34:15","date_gmt":"2023-12-06T12:34:15","guid":{"rendered":"https:\/\/www.chemviron.eu\/applicazioni\/food-beverage\/"},"modified":"2026-04-08T14:50:59","modified_gmt":"2026-04-08T14:50:59","slug":"alimenti-bevande","status":"publish","type":"page","link":"https:\/\/www.chemviron.eu\/it\/applicazioni\/alimenti-bevande\/","title":{"rendered":"Alimenti e Bevande"},"content":{"rendered":"\t\t<div data-elementor-type=\"wp-page\" data-elementor-id=\"11417\" class=\"elementor elementor-11417 elementor-637\" data-elementor-post-type=\"page\">\n\t\t\t\t<div class=\"elementor-element elementor-element-782ab9a3 e-flex e-con-boxed e-con e-parent\" data-id=\"782ab9a3\" data-element_type=\"container\" data-e-type=\"container\">\n\t\t\t\t\t<div class=\"e-con-inner\">\n\t\t<div class=\"elementor-element elementor-element-5f2d1751 e-con-full e-flex e-con e-child\" data-id=\"5f2d1751\" data-element_type=\"container\" data-e-type=\"container\">\n\t\t\t\t<div class=\"elementor-element elementor-element-4aa1d094 elementor-invisible elementor-widget elementor-widget-heading\" data-id=\"4aa1d094\" data-element_type=\"widget\" data-e-type=\"widget\" data-settings=\"{&quot;_animation&quot;:&quot;fadeIn&quot;}\" data-widget_type=\"heading.default\">\n\t\t\t\t<div class=\"elementor-widget-container\">\n\t\t\t\t\t<h1 class=\"elementor-heading-title elementor-size-default\">Alimenti &amp; Bevande<\/h1>\t\t\t\t<\/div>\n\t\t\t\t<\/div>\n\t\t\t\t<div class=\"elementor-element elementor-element-236f7f94 elementor-invisible elementor-widget elementor-widget-heading\" data-id=\"236f7f94\" data-element_type=\"widget\" data-e-type=\"widget\" data-settings=\"{&quot;_animation&quot;:&quot;fadeIn&quot;,&quot;_animation_delay&quot;:400}\" data-widget_type=\"heading.default\">\n\t\t\t\t<div class=\"elementor-widget-container\">\n\t\t\t\t\t<h2 class=\"elementor-heading-title elementor-size-default\">Chemviron offre soluzioni complete di purificazione per rimuovere le impurit\u00e0 o il colore dai prodotti alimentari e dalle bevande durante il processo di produzione. Questo include l'utilizzo di carboni attivi specializzati, il riciclo tramite riattivazione dei carboni attivi saturi, oltre al nostro servizio di filtri mobili a carbone.<\/h2>\t\t\t\t<\/div>\n\t\t\t\t<\/div>\n\t\t\t\t<\/div>\n\t\t<div data-dce-background-image-url=\"https:\/\/www.chemviron.eu\/wp-content\/uploads\/2026\/03\/AP_FoodBeverage_MI_BlueCans_Adobe_2026-1.jpeg\" class=\"elementor-element elementor-element-20c94248 e-con-full e-flex e-con e-child\" data-id=\"20c94248\" data-element_type=\"container\" data-e-type=\"container\" data-settings=\"{&quot;background_background&quot;:&quot;classic&quot;}\">\n\t\t\t\t<\/div>\n\t\t\t\t\t<\/div>\n\t\t\t\t<\/div>\n\t\t<div data-dce-background-overlay-image-url=\"https:\/\/www.chemviron.eu\/wp-content\/uploads\/2024\/01\/kuraray_circle_grid_landscape_rgb-1.svg\" class=\"elementor-element elementor-element-57924ab e-flex e-con-boxed e-con e-parent\" data-id=\"57924ab\" data-element_type=\"container\" data-e-type=\"container\">\n\t\t\t\t\t<div class=\"e-con-inner\">\n\t\t<div class=\"elementor-element elementor-element-5d6c99c5 e-con-full e-flex e-con e-child\" data-id=\"5d6c99c5\" data-element_type=\"container\" data-e-type=\"container\">\n\t\t\t\t<div class=\"elementor-element elementor-element-5984941d elementor-widget-mobile__width-inherit elementor-widget elementor-widget-text-editor\" data-id=\"5984941d\" data-element_type=\"widget\" data-e-type=\"widget\" data-widget_type=\"text-editor.default\">\n\t\t\t\t<div class=\"elementor-widget-container\">\n\t\t\t\t\t\t\t\t\t<p>Molti processi di produzione alimentare richiedono una fase di purificazione per rimuovere una serie di contaminanti, come il colore, i composti responsabili di sapori e odori indesiderati o quelli presenti nell\u2019acqua di processo. Chemviron offre una gamma di prodotti a base di carbone attivo di alta qualit\u00e0 per rimuovere questi contaminanti in modo economico e comprovato. Il carbone attivo saturo pu\u00f2 essere riciclato per essere riutilizzato nello stesso processo, offrendo cos\u00ec una soluzione sostenibile ed economica.<\/p>\t\t\t\t\t\t\t\t<\/div>\n\t\t\t\t<\/div>\n\t\t\t\t<div class=\"elementor-element elementor-element-20c32144 elementor-widget elementor-widget-heading\" data-id=\"20c32144\" data-element_type=\"widget\" data-e-type=\"widget\" data-widget_type=\"heading.default\">\n\t\t\t\t<div class=\"elementor-widget-container\">\n\t\t\t\t\t<h2 class=\"elementor-heading-title elementor-size-default\">Carbone attivo per la purificazione o la decolorazione<\/h2>\t\t\t\t<\/div>\n\t\t\t\t<\/div>\n\t\t\t\t<div class=\"elementor-element elementor-element-66998650 elementor-widget-mobile__width-inherit elementor-widget elementor-widget-text-editor\" data-id=\"66998650\" data-element_type=\"widget\" data-e-type=\"widget\" data-widget_type=\"text-editor.default\">\n\t\t\t\t<div class=\"elementor-widget-container\">\n\t\t\t\t\t\t\t\t\t<p>Numerosi prodotti o ingredienti alimentari, come dolcificanti, zuccheri e sciroppi di mais, aminoacidi e glicerina, devono essere decolorati, purificati o liberati da composti indesiderati nelle fasi finali della produzione. L\u2019eliminazione di queste sostanze e la decolorazione delle materie prime vengono effettuate utilizzando il carbone attivo, che rappresenta una soluzione altamente efficace e affidabile per soddisfare i requisiti di purezza e colore. Chemviron ha inoltre sviluppato qualit\u00e0 speciali di carbone attivo per rimuovere gli idrocarburi policiclici aromatici (IPA) e altri contaminanti indesiderati nell\u2019industria degli oli alimentari.<\/p><p>Durante le fasi di fermentazione e imbottigliamento, \u00e8 importante eliminare colori, sapori e odori indesiderati da succhi di frutta, succhi concentrati, vino, bevande a base di malto e liquori distillati. I carboni attivi di alta qualit\u00e0 di Chemviron sono la soluzione ideale per questa applicazione. Inoltre, anche l\u2019acqua utilizzata in questi processi pu\u00f2 richiedere una declorazione, l\u2019eliminazione di tracce di composti organici o di sapori residui. I carboni attivi di Chemviron sono estremamente efficaci nella purificazione dell\u2019acqua utilizzata in questo settore. Chemviron fornir\u00e0 il carbone attivo pi\u00f9 adatto, tenendo conto delle sue caratteristiche intrinseche e delle esigenze specifiche del processo.<\/p><p><a href=\"https:\/\/www.chemviron.eu\/it\/contatta-i-nostri-esperti\/\">Contatta il nostro team specializzato<\/a> per discutere delle soluzioni possibili per eliminare le impurit\u00e0 dai prodotti alimentari.<\/p>\t\t\t\t\t\t\t\t<\/div>\n\t\t\t\t<\/div>\n\t\t\t\t<div class=\"elementor-element elementor-element-15fcb7d7 elementor-widget elementor-widget-heading\" data-id=\"15fcb7d7\" data-element_type=\"widget\" data-e-type=\"widget\" data-widget_type=\"heading.default\">\n\t\t\t\t<div class=\"elementor-widget-container\">\n\t\t\t\t\t<h2 class=\"elementor-heading-title elementor-size-default\">Perch\u00e9 scegliere Chemviron come partner?<\/h2>\t\t\t\t<\/div>\n\t\t\t\t<\/div>\n\t\t\t\t<div class=\"elementor-element elementor-element-fff88fc elementor-widget-mobile__width-inherit elementor-widget elementor-widget-text-editor\" data-id=\"fff88fc\" data-element_type=\"widget\" data-e-type=\"widget\" data-widget_type=\"text-editor.default\">\n\t\t\t\t<div class=\"elementor-widget-container\">\n\t\t\t\t\t\t\t\t\t<p>Chemviron \u00e8 il maggior produttore mondiale di carboni attivi granulari, utilizzati da oltre 80 anni per purificare aria, acqua, alimenti e bevande. In qualit\u00e0 di produttore di carboni attivi a base di carbone, cocco e legno, Chemviron \u00e8 il partner ideale per la scelta del miglior prodotto e della migliore soluzione.<\/p><p>Grazie alla sua lunga esperienza, Chemviron ha sviluppato una profonda competenza che le consente di offrire consulenza tecnica e supporto pratico ai produttori e trasformatori di zucchero e di prodotti alimentari.<\/p><ul><li><strong>Competenza e supporto tecnico<\/strong>: Offriamo consulenza tecnica e assistenza per individuare la soluzione pi\u00f9 efficace e adatta al vostro processo \u2013 <a href=\"https:\/\/www.chemviron.eu\/it\/contatta-i-nostri-esperti\/\">contatta un nostro rappresentante per saperne di pi\u00f9.<\/a><\/li><li><strong>Test di laboratorio<\/strong>: Effettuiamo test in laboratorio o su impianti pilota, spesso fondamentali per identificare le condizioni operative ottimali e determinare la soluzione pi\u00f9 efficace per affrontare le sfide legate alla purificazione.<\/li><li><strong>Qualit\u00e0 premium<\/strong>: Forniamo carboni attivi di alta qualit\u00e0, selezionati per la vostra applicazione e forniti da Chemviron.<\/li><li><strong>Riattivazione<\/strong>: Riattiviamo il carbone attivo saturo in base alle esigenze specifiche presso i nostri impianti specializzati di riciclo, permettendo cos\u00ec il suo ritorno e riutilizzo da parte del cliente nel processo alimentare specifico.<\/li><li><strong>Sicurezza<\/strong>: Chemviron garantisce elevati livelli di sicurezza alimentare: il nostro sito di Feluy, in Belgio, \u00e8 certificato ISO 22000 per la gestione della sicurezza alimentare.<\/li><li><strong>Flessibilit\u00e0<\/strong>: La nostra ampia flotta di filtri mobili a carbone <a href=\"https:\/\/www.chemviron.eu\/it\/solutions\/filtri-mobili-a-carbone-attivo\/water-liquids\/\">CYCLESORB\u00ae<\/a>, disponibili a noleggio, consente una rapida fornitura di filtri pre-caricati con carbone attivo per un\u2019ihttps:\/\/www.chemviron.eu\/it\/solutions\/filtri-mobili-a-carbone-attivo\/water-liquids\/nstallazione e un utilizzo immediati.<\/li><\/ul>\t\t\t\t\t\t\t\t<\/div>\n\t\t\t\t<\/div>\n\t\t\t\t<div class=\"elementor-element elementor-element-175bf92c elementor-widget elementor-widget-heading\" data-id=\"175bf92c\" data-element_type=\"widget\" data-e-type=\"widget\" data-widget_type=\"heading.default\">\n\t\t\t\t<div class=\"elementor-widget-container\">\n\t\t\t\t\t<h2 class=\"elementor-heading-title elementor-size-default\">Chemviron e lo sviluppo sostenibile<\/h2>\t\t\t\t<\/div>\n\t\t\t\t<\/div>\n\t\t\t\t<div class=\"elementor-element elementor-element-4008786a elementor-widget-mobile__width-inherit elementor-widget elementor-widget-text-editor\" data-id=\"4008786a\" data-element_type=\"widget\" data-e-type=\"widget\" data-widget_type=\"text-editor.default\">\n\t\t\t\t<div class=\"elementor-widget-container\">\n\t\t\t\t\t\t\t\t\t<p>Chemviron \u00e8 il pi\u00f9 grande riciclatore (o riattivatore) di carbone attivo al mondo, con impianti dedicati alla riattivazione del carbone in tutta Europa. L&#8217;impegno costante dell&#8217;azienda nello sviluppo delle proprie capacit\u00e0 di riattivazione ha permesso a Chemviron di sviluppare processi innovativi per il riciclo dei carboni attivi, contribuendo a ridurre la nostra impronta di carbonio.<\/p><p>Grazie alla sua profonda esperienza nel settore, Chemviron ha sviluppato forni specifici per la riattivazione, in cui il carbone viene riciclato termicamente. Le competenze acquisite nel corso degli anni al servizio del settore alimentare ci permettono di garantire che i nostri carboni riattivati destinati all\u2019industria alimentare mantengano una qualit\u00e0 ottimale.<br \/>Combinando la riattivazione con carboni attivi appositamente progettati e di alta qualit\u00e0, Chemviron offre ai propri clienti una soluzione di purificazione economica e sostenibile.<\/p>\t\t\t\t\t\t\t\t<\/div>\n\t\t\t\t<\/div>\n\t\t\t\t<\/div>\n\t\t\t\t\t<\/div>\n\t\t\t\t<\/div>\n\t\t<div class=\"elementor-element elementor-element-40e18983 e-flex e-con-boxed elementor-invisible e-con e-parent\" data-id=\"40e18983\" data-element_type=\"container\" data-e-type=\"container\" data-settings=\"{&quot;animation&quot;:&quot;fadeInUp&quot;}\">\n\t\t\t\t\t<div class=\"e-con-inner\">\n\t\t<div data-dce-background-color=\"#FFF4DA\" class=\"elementor-element elementor-element-3a8493da e-con-full e-flex e-con e-child\" data-id=\"3a8493da\" data-element_type=\"container\" data-e-type=\"container\" data-settings=\"{&quot;background_background&quot;:&quot;classic&quot;}\">\n\t\t\t\t<div class=\"elementor-element elementor-element-314d4369 dce_masking-none elementor-widget elementor-widget-image\" data-id=\"314d4369\" data-element_type=\"widget\" data-e-type=\"widget\" data-widget_type=\"image.default\">\n\t\t\t\t<div class=\"elementor-widget-container\">\n\t\t\t\t\t\t\t\t\t\t\t\t\t\t\t<img decoding=\"async\" width=\"136\" height=\"136\" src=\"https:\/\/www.chemviron.eu\/wp-content\/uploads\/2024\/01\/kuraray_pictogram_user-negative-1-1.png\" class=\"attachment-large size-large wp-image-2609\" alt=\"\" \/>\t\t\t\t\t\t\t\t\t\t\t\t\t\t\t<\/div>\n\t\t\t\t<\/div>\n\t\t\t\t<\/div>\n\t\t<div data-dce-background-color=\"#FFF4DA\" class=\"elementor-element elementor-element-499e9dcd e-con-full e-flex e-con e-child\" data-id=\"499e9dcd\" data-element_type=\"container\" data-e-type=\"container\" data-settings=\"{&quot;background_background&quot;:&quot;classic&quot;}\">\n\t\t\t\t<div class=\"elementor-element elementor-element-103412bc elementor-widget elementor-widget-heading\" data-id=\"103412bc\" data-element_type=\"widget\" data-e-type=\"widget\" data-widget_type=\"heading.default\">\n\t\t\t\t<div class=\"elementor-widget-container\">\n\t\t\t\t\t<h4 class=\"elementor-heading-title elementor-size-default\">Contatta il nostro team tecnico per maggiori informazioni.<\/h4>\t\t\t\t<\/div>\n\t\t\t\t<\/div>\n\t\t\t\t<div class=\"elementor-element elementor-element-2e8aba4 elementor-widget elementor-widget-button\" data-id=\"2e8aba4\" data-element_type=\"widget\" data-e-type=\"widget\" data-widget_type=\"button.default\">\n\t\t\t\t<div class=\"elementor-widget-container\">\n\t\t\t\t\t\t\t\t\t<div class=\"elementor-button-wrapper\">\n\t\t\t\t\t<a class=\"elementor-button elementor-button-link elementor-size-sm\" href=\"https:\/\/www.chemviron.eu\/it\/contatta-i-nostri-esperti\/\">\n\t\t\t\t\t\t<span class=\"elementor-button-content-wrapper\">\n\t\t\t\t\t\t\t\t\t<span class=\"elementor-button-text\">Contattaci<\/span>\n\t\t\t\t\t<\/span>\n\t\t\t\t\t<\/a>\n\t\t\t\t<\/div>\n\t\t\t\t\t\t\t\t<\/div>\n\t\t\t\t<\/div>\n\t\t\t\t<\/div>\n\t\t\t\t\t<\/div>\n\t\t\t\t<\/div>\n\t\t\t\t<\/div>\n\t\t","protected":false},"excerpt":{"rendered":"<p>Alimenti &amp; Bevande Chemviron offre soluzioni complete di purificazione per rimuovere le impurit\u00e0 o il colore dai prodotti alimentari e dalle bevande durante il processo di produzione. Questo include l&#8217;utilizzo di carboni attivi specializzati, il riciclo tramite riattivazione dei carboni attivi saturi, oltre al nostro servizio di filtri mobili a carbone. Molti processi di produzione [&hellip;]<\/p>\n","protected":false},"author":1,"featured_media":14586,"parent":11128,"menu_order":0,"comment_status":"closed","ping_status":"closed","template":"","meta":{"_acf_changed":false,"inline_featured_image":false,"footnotes":""},"class_list":["post-11417","page","type-page","status-publish","has-post-thumbnail","hentry"],"acf":[],"yoast_head":"<!-- This site is optimized with the Yoast SEO plugin v27.3 - https:\/\/yoast.com\/product\/yoast-seo-wordpress\/ -->\n<title>Soluzioni per la Purificazione di Alimenti e Bevande<\/title>\n<meta name=\"description\" content=\"Soluzioni di purificazione complete per rimuovere impurit\u00e0 o colori dai processi di produzione di alimenti e bevande. Scopri di pi\u00f9.\" \/>\n<meta name=\"robots\" content=\"index, follow, max-snippet:-1, max-image-preview:large, max-video-preview:-1\" \/>\n<link rel=\"canonical\" href=\"https:\/\/www.chemviron.eu\/it\/applicazioni\/alimenti-bevande\/\" \/>\n<meta property=\"og:locale\" content=\"it_IT\" \/>\n<meta property=\"og:type\" content=\"article\" \/>\n<meta property=\"og:title\" content=\"Soluzioni per la Purificazione di Alimenti e Bevande\" \/>\n<meta property=\"og:description\" content=\"Soluzioni di purificazione complete per rimuovere impurit\u00e0 o colori dai processi di produzione di alimenti e bevande. Scopri di pi\u00f9.\" \/>\n<meta property=\"og:url\" content=\"https:\/\/www.chemviron.eu\/it\/applicazioni\/alimenti-bevande\/\" \/>\n<meta property=\"og:site_name\" content=\"Chemviron\" \/>\n<meta property=\"article:modified_time\" content=\"2026-04-08T14:50:59+00:00\" \/>\n<meta property=\"og:image\" content=\"https:\/\/www.chemviron.eu\/wp-content\/uploads\/2026\/03\/AP_FoodBeverage_MI_BlueCans_Adobe_2026-1024x574.jpeg\" \/>\n\t<meta property=\"og:image:width\" content=\"1024\" \/>\n\t<meta property=\"og:image:height\" content=\"574\" \/>\n\t<meta property=\"og:image:type\" content=\"image\/jpeg\" \/>\n<meta name=\"twitter:card\" content=\"summary_large_image\" \/>\n<meta name=\"twitter:label1\" content=\"Tempo di lettura stimato\" \/>\n\t<meta name=\"twitter:data1\" content=\"5 minuti\" \/>\n<script type=\"application\/ld+json\" class=\"yoast-schema-graph\">{\"@context\":\"https:\\\/\\\/schema.org\",\"@graph\":[{\"@type\":\"WebPage\",\"@id\":\"https:\\\/\\\/www.chemviron.eu\\\/it\\\/applicazioni\\\/alimenti-bevande\\\/\",\"url\":\"https:\\\/\\\/www.chemviron.eu\\\/it\\\/applicazioni\\\/alimenti-bevande\\\/\",\"name\":\"Soluzioni per la Purificazione di Alimenti e Bevande\",\"isPartOf\":{\"@id\":\"https:\\\/\\\/www.chemviron.eu\\\/it\\\/#website\"},\"primaryImageOfPage\":{\"@id\":\"https:\\\/\\\/www.chemviron.eu\\\/it\\\/applicazioni\\\/alimenti-bevande\\\/#primaryimage\"},\"image\":{\"@id\":\"https:\\\/\\\/www.chemviron.eu\\\/it\\\/applicazioni\\\/alimenti-bevande\\\/#primaryimage\"},\"thumbnailUrl\":\"https:\\\/\\\/www.chemviron.eu\\\/wp-content\\\/uploads\\\/2026\\\/03\\\/AP_FoodBeverage_MI_BlueCans_Adobe_2026.jpeg\",\"datePublished\":\"2023-12-06T12:34:15+00:00\",\"dateModified\":\"2026-04-08T14:50:59+00:00\",\"description\":\"Soluzioni di purificazione complete per rimuovere impurit\u00e0 o colori dai processi di produzione di alimenti e bevande. Scopri di pi\u00f9.\",\"breadcrumb\":{\"@id\":\"https:\\\/\\\/www.chemviron.eu\\\/it\\\/applicazioni\\\/alimenti-bevande\\\/#breadcrumb\"},\"inLanguage\":\"it-IT\",\"potentialAction\":[{\"@type\":\"ReadAction\",\"target\":[\"https:\\\/\\\/www.chemviron.eu\\\/it\\\/applicazioni\\\/alimenti-bevande\\\/\"]}]},{\"@type\":\"ImageObject\",\"inLanguage\":\"it-IT\",\"@id\":\"https:\\\/\\\/www.chemviron.eu\\\/it\\\/applicazioni\\\/alimenti-bevande\\\/#primaryimage\",\"url\":\"https:\\\/\\\/www.chemviron.eu\\\/wp-content\\\/uploads\\\/2026\\\/03\\\/AP_FoodBeverage_MI_BlueCans_Adobe_2026.jpeg\",\"contentUrl\":\"https:\\\/\\\/www.chemviron.eu\\\/wp-content\\\/uploads\\\/2026\\\/03\\\/AP_FoodBeverage_MI_BlueCans_Adobe_2026.jpeg\",\"width\":8736,\"height\":4896,\"caption\":\"activated-carbon-for-food-and-drinks-decolourisation\"},{\"@type\":\"BreadcrumbList\",\"@id\":\"https:\\\/\\\/www.chemviron.eu\\\/it\\\/applicazioni\\\/alimenti-bevande\\\/#breadcrumb\",\"itemListElement\":[{\"@type\":\"ListItem\",\"position\":1,\"name\":\"Home\",\"item\":\"https:\\\/\\\/www.chemviron.eu\\\/it\\\/\"},{\"@type\":\"ListItem\",\"position\":2,\"name\":\"Applicazioni\",\"item\":\"https:\\\/\\\/www.chemviron.eu\\\/it\\\/applicazioni\\\/\"},{\"@type\":\"ListItem\",\"position\":3,\"name\":\"Alimenti e Bevande\"}]},{\"@type\":\"WebSite\",\"@id\":\"https:\\\/\\\/www.chemviron.eu\\\/it\\\/#website\",\"url\":\"https:\\\/\\\/www.chemviron.eu\\\/it\\\/\",\"name\":\"Chemviron\",\"description\":\"The Purification Solutions Provider\",\"publisher\":{\"@id\":\"https:\\\/\\\/www.chemviron.eu\\\/it\\\/#organization\"},\"potentialAction\":[{\"@type\":\"SearchAction\",\"target\":{\"@type\":\"EntryPoint\",\"urlTemplate\":\"https:\\\/\\\/www.chemviron.eu\\\/it\\\/?s={search_term_string}\"},\"query-input\":{\"@type\":\"PropertyValueSpecification\",\"valueRequired\":true,\"valueName\":\"search_term_string\"}}],\"inLanguage\":\"it-IT\"},{\"@type\":\"Organization\",\"@id\":\"https:\\\/\\\/www.chemviron.eu\\\/it\\\/#organization\",\"name\":\"Chemviron\",\"url\":\"https:\\\/\\\/www.chemviron.eu\\\/it\\\/\",\"logo\":{\"@type\":\"ImageObject\",\"inLanguage\":\"it-IT\",\"@id\":\"https:\\\/\\\/www.chemviron.eu\\\/it\\\/#\\\/schema\\\/logo\\\/image\\\/\",\"url\":\"https:\\\/\\\/www.chemviron.eu\\\/wp-content\\\/uploads\\\/2023\\\/12\\\/Chemviron-logo.jpg\",\"contentUrl\":\"https:\\\/\\\/www.chemviron.eu\\\/wp-content\\\/uploads\\\/2023\\\/12\\\/Chemviron-logo.jpg\",\"width\":1667,\"height\":833,\"caption\":\"Chemviron\"},\"image\":{\"@id\":\"https:\\\/\\\/www.chemviron.eu\\\/it\\\/#\\\/schema\\\/logo\\\/image\\\/\"},\"sameAs\":[\"https:\\\/\\\/www.linkedin.com\\\/company\\\/chemviron\\\/\"]}]}<\/script>\n<!-- \/ Yoast SEO plugin. -->","yoast_head_json":{"title":"Soluzioni per la Purificazione di Alimenti e Bevande","description":"Soluzioni di purificazione complete per rimuovere impurit\u00e0 o colori dai processi di produzione di alimenti e bevande. Scopri di pi\u00f9.","robots":{"index":"index","follow":"follow","max-snippet":"max-snippet:-1","max-image-preview":"max-image-preview:large","max-video-preview":"max-video-preview:-1"},"canonical":"https:\/\/www.chemviron.eu\/it\/applicazioni\/alimenti-bevande\/","og_locale":"it_IT","og_type":"article","og_title":"Soluzioni per la Purificazione di Alimenti e Bevande","og_description":"Soluzioni di purificazione complete per rimuovere impurit\u00e0 o colori dai processi di produzione di alimenti e bevande. Scopri di pi\u00f9.","og_url":"https:\/\/www.chemviron.eu\/it\/applicazioni\/alimenti-bevande\/","og_site_name":"Chemviron","article_modified_time":"2026-04-08T14:50:59+00:00","og_image":[{"width":1024,"height":574,"url":"https:\/\/www.chemviron.eu\/wp-content\/uploads\/2026\/03\/AP_FoodBeverage_MI_BlueCans_Adobe_2026-1024x574.jpeg","type":"image\/jpeg"}],"twitter_card":"summary_large_image","twitter_misc":{"Tempo di lettura stimato":"5 minuti"},"schema":{"@context":"https:\/\/schema.org","@graph":[{"@type":"WebPage","@id":"https:\/\/www.chemviron.eu\/it\/applicazioni\/alimenti-bevande\/","url":"https:\/\/www.chemviron.eu\/it\/applicazioni\/alimenti-bevande\/","name":"Soluzioni per la Purificazione di Alimenti e Bevande","isPartOf":{"@id":"https:\/\/www.chemviron.eu\/it\/#website"},"primaryImageOfPage":{"@id":"https:\/\/www.chemviron.eu\/it\/applicazioni\/alimenti-bevande\/#primaryimage"},"image":{"@id":"https:\/\/www.chemviron.eu\/it\/applicazioni\/alimenti-bevande\/#primaryimage"},"thumbnailUrl":"https:\/\/www.chemviron.eu\/wp-content\/uploads\/2026\/03\/AP_FoodBeverage_MI_BlueCans_Adobe_2026.jpeg","datePublished":"2023-12-06T12:34:15+00:00","dateModified":"2026-04-08T14:50:59+00:00","description":"Soluzioni di purificazione complete per rimuovere impurit\u00e0 o colori dai processi di produzione di alimenti e bevande. Scopri di pi\u00f9.","breadcrumb":{"@id":"https:\/\/www.chemviron.eu\/it\/applicazioni\/alimenti-bevande\/#breadcrumb"},"inLanguage":"it-IT","potentialAction":[{"@type":"ReadAction","target":["https:\/\/www.chemviron.eu\/it\/applicazioni\/alimenti-bevande\/"]}]},{"@type":"ImageObject","inLanguage":"it-IT","@id":"https:\/\/www.chemviron.eu\/it\/applicazioni\/alimenti-bevande\/#primaryimage","url":"https:\/\/www.chemviron.eu\/wp-content\/uploads\/2026\/03\/AP_FoodBeverage_MI_BlueCans_Adobe_2026.jpeg","contentUrl":"https:\/\/www.chemviron.eu\/wp-content\/uploads\/2026\/03\/AP_FoodBeverage_MI_BlueCans_Adobe_2026.jpeg","width":8736,"height":4896,"caption":"activated-carbon-for-food-and-drinks-decolourisation"},{"@type":"BreadcrumbList","@id":"https:\/\/www.chemviron.eu\/it\/applicazioni\/alimenti-bevande\/#breadcrumb","itemListElement":[{"@type":"ListItem","position":1,"name":"Home","item":"https:\/\/www.chemviron.eu\/it\/"},{"@type":"ListItem","position":2,"name":"Applicazioni","item":"https:\/\/www.chemviron.eu\/it\/applicazioni\/"},{"@type":"ListItem","position":3,"name":"Alimenti e Bevande"}]},{"@type":"WebSite","@id":"https:\/\/www.chemviron.eu\/it\/#website","url":"https:\/\/www.chemviron.eu\/it\/","name":"Chemviron","description":"The Purification Solutions Provider","publisher":{"@id":"https:\/\/www.chemviron.eu\/it\/#organization"},"potentialAction":[{"@type":"SearchAction","target":{"@type":"EntryPoint","urlTemplate":"https:\/\/www.chemviron.eu\/it\/?s={search_term_string}"},"query-input":{"@type":"PropertyValueSpecification","valueRequired":true,"valueName":"search_term_string"}}],"inLanguage":"it-IT"},{"@type":"Organization","@id":"https:\/\/www.chemviron.eu\/it\/#organization","name":"Chemviron","url":"https:\/\/www.chemviron.eu\/it\/","logo":{"@type":"ImageObject","inLanguage":"it-IT","@id":"https:\/\/www.chemviron.eu\/it\/#\/schema\/logo\/image\/","url":"https:\/\/www.chemviron.eu\/wp-content\/uploads\/2023\/12\/Chemviron-logo.jpg","contentUrl":"https:\/\/www.chemviron.eu\/wp-content\/uploads\/2023\/12\/Chemviron-logo.jpg","width":1667,"height":833,"caption":"Chemviron"},"image":{"@id":"https:\/\/www.chemviron.eu\/it\/#\/schema\/logo\/image\/"},"sameAs":["https:\/\/www.linkedin.com\/company\/chemviron\/"]}]}},"_links":{"self":[{"href":"https:\/\/www.chemviron.eu\/it\/wp-json\/wp\/v2\/pages\/11417","targetHints":{"allow":["GET"]}}],"collection":[{"href":"https:\/\/www.chemviron.eu\/it\/wp-json\/wp\/v2\/pages"}],"about":[{"href":"https:\/\/www.chemviron.eu\/it\/wp-json\/wp\/v2\/types\/page"}],"author":[{"embeddable":true,"href":"https:\/\/www.chemviron.eu\/it\/wp-json\/wp\/v2\/users\/1"}],"replies":[{"embeddable":true,"href":"https:\/\/www.chemviron.eu\/it\/wp-json\/wp\/v2\/comments?post=11417"}],"version-history":[{"count":5,"href":"https:\/\/www.chemviron.eu\/it\/wp-json\/wp\/v2\/pages\/11417\/revisions"}],"predecessor-version":[{"id":15165,"href":"https:\/\/www.chemviron.eu\/it\/wp-json\/wp\/v2\/pages\/11417\/revisions\/15165"}],"up":[{"embeddable":true,"href":"https:\/\/www.chemviron.eu\/it\/wp-json\/wp\/v2\/pages\/11128"}],"wp:featuredmedia":[{"embeddable":true,"href":"https:\/\/www.chemviron.eu\/it\/wp-json\/wp\/v2\/media\/14586"}],"wp:attachment":[{"href":"https:\/\/www.chemviron.eu\/it\/wp-json\/wp\/v2\/media?parent=11417"}],"curies":[{"name":"wp","href":"https:\/\/api.w.org\/{rel}","templated":true}]}}