{"id":11411,"date":"2023-12-06T12:33:38","date_gmt":"2023-12-06T12:33:38","guid":{"rendered":"https:\/\/www.chemviron.eu\/applicazioni\/chemicals-pharmaceuticals\/"},"modified":"2026-04-08T14:46:18","modified_gmt":"2026-04-08T14:46:18","slug":"prodotti-chimici-farmaceutici","status":"publish","type":"page","link":"https:\/\/www.chemviron.eu\/it\/applicazioni\/prodotti-chimici-farmaceutici\/","title":{"rendered":"Prodotti chimici e farmaceutici"},"content":{"rendered":"\t\t<div data-elementor-type=\"wp-page\" data-elementor-id=\"11411\" class=\"elementor elementor-11411 elementor-633\" data-elementor-post-type=\"page\">\n\t\t\t\t<div class=\"elementor-element elementor-element-7d3b562d e-flex e-con-boxed e-con e-parent\" data-id=\"7d3b562d\" data-element_type=\"container\" data-e-type=\"container\">\n\t\t\t\t\t<div class=\"e-con-inner\">\n\t\t<div class=\"elementor-element elementor-element-8e96027 e-con-full e-flex e-con e-child\" data-id=\"8e96027\" data-element_type=\"container\" data-e-type=\"container\">\n\t\t\t\t<div class=\"elementor-element elementor-element-497bd6e6 elementor-invisible elementor-widget elementor-widget-heading\" data-id=\"497bd6e6\" data-element_type=\"widget\" data-e-type=\"widget\" data-settings=\"{&quot;_animation&quot;:&quot;fadeIn&quot;}\" data-widget_type=\"heading.default\">\n\t\t\t\t<div class=\"elementor-widget-container\">\n\t\t\t\t\t<h1 class=\"elementor-heading-title elementor-size-default\">Prodotti Chimici e Farmaceutici<\/h1>\t\t\t\t<\/div>\n\t\t\t\t<\/div>\n\t\t\t\t<div class=\"elementor-element elementor-element-2bd0ef elementor-invisible elementor-widget elementor-widget-heading\" data-id=\"2bd0ef\" data-element_type=\"widget\" data-e-type=\"widget\" data-settings=\"{&quot;_animation&quot;:&quot;fadeIn&quot;,&quot;_animation_delay&quot;:400}\" data-widget_type=\"heading.default\">\n\t\t\t\t<div class=\"elementor-widget-container\">\n\t\t\t\t\t<h2 class=\"elementor-heading-title elementor-size-default\">Chemviron offre un servizio completo di purificazione per rimuovere il colore e i sottoprodotti nei processi industriali utilizzando la nostra tecnologia specializzata di carbone attivo, il riciclo dei carboni attivi esausti mediante riattivazione e il nostro servizio mobile di filtri a carbone.<\/h2>\t\t\t\t<\/div>\n\t\t\t\t<\/div>\n\t\t\t\t<\/div>\n\t\t<div data-dce-background-image-url=\"https:\/\/www.chemviron.eu\/wp-content\/uploads\/2026\/03\/AP_ChemicalsPharma_MI_Plant_Adobe_2026-scaled.jpeg\" class=\"elementor-element elementor-element-3ff0dfe7 e-con-full e-flex e-con e-child\" data-id=\"3ff0dfe7\" data-element_type=\"container\" data-e-type=\"container\" data-settings=\"{&quot;background_background&quot;:&quot;classic&quot;}\">\n\t\t\t\t<\/div>\n\t\t\t\t\t<\/div>\n\t\t\t\t<\/div>\n\t\t<div data-dce-background-overlay-image-url=\"https:\/\/www.chemviron.eu\/wp-content\/uploads\/2024\/01\/kuraray_circle_grid_landscape_rgb-1.svg\" class=\"elementor-element elementor-element-2304a756 e-flex e-con-boxed e-con e-parent\" data-id=\"2304a756\" data-element_type=\"container\" data-e-type=\"container\">\n\t\t\t\t\t<div class=\"e-con-inner\">\n\t\t<div class=\"elementor-element elementor-element-1047694d e-con-full e-flex e-con e-child\" data-id=\"1047694d\" data-element_type=\"container\" data-e-type=\"container\">\n\t\t\t\t<div class=\"elementor-element elementor-element-1b7d04de elementor-widget-mobile__width-inherit elementor-widget elementor-widget-text-editor\" data-id=\"1b7d04de\" data-element_type=\"widget\" data-e-type=\"widget\" data-widget_type=\"text-editor.default\">\n\t\t\t\t<div class=\"elementor-widget-container\">\n\t\t\t\t\t\t\t\t\t<p>Molti processi di produzione richiedono la purificazione o la decolorazione di prodotti chimici e farmaceutici liquidi. Le nostre soluzioni di carbone attivo ad alte prestazioni soddisfano le esigenze di trattamento pi\u00f9 rigorose dei nostri clienti, offrendo allo stesso tempo significativi vantaggi economici. Sono ideali per l\u2019eliminazione di colori e altri contaminanti, la catalisi, la purificazione di prodotti e sottoprodotti fuori specifica.<\/p>\t\t\t\t\t\t\t\t<\/div>\n\t\t\t\t<\/div>\n\t\t\t\t<div class=\"elementor-element elementor-element-43415c46 elementor-widget elementor-widget-heading\" data-id=\"43415c46\" data-element_type=\"widget\" data-e-type=\"widget\" data-widget_type=\"heading.default\">\n\t\t\t\t<div class=\"elementor-widget-container\">\n\t\t\t\t\t<h3 class=\"elementor-heading-title elementor-size-default\">Perch\u00e9 utilizzare la tecnologia del carbone attivo per la purificazione?<\/h3>\t\t\t\t<\/div>\n\t\t\t\t<\/div>\n\t\t\t\t<div class=\"elementor-element elementor-element-44e3d613 elementor-widget-mobile__width-inherit elementor-widget elementor-widget-text-editor\" data-id=\"44e3d613\" data-element_type=\"widget\" data-e-type=\"widget\" data-widget_type=\"text-editor.default\">\n\t\t\t\t<div class=\"elementor-widget-container\">\n\t\t\t\t\t\t\t\t\t<div><p>Il trattamento di prodotti chimici speciali e liquidi richiede spesso una fase di purificazione per eliminare le impurit\u00e0 indesiderate dal prodotto o per correggere lotti fuori specifica. Una soluzione di carbone attivo ben progettata e implementata \u00e8 molto efficace per soddisfare le rigorose norme industriali, adsorbendo ed eliminando un\u2019ampia gamma di impurit\u00e0 a livello di tracce, prodotti chimici organici specifici, colori o odori indesiderati, o semplicemente come fase di rifinitura. L\u2019elenco dei prodotti chimici, intermedi e materie prime purificati mediante carbone attivo \u00e8 immenso. La tecnologia \u00e8 affidabile, semplice e si \u00e8 dimostrata una soluzione efficace.<\/p><p>Chemviron offre un\u2019intera gamma di carbone in granuli e in polvere di alta qualit\u00e0, che dimostrano costantemente un\u2019elevata efficienza per la purificazione e\/o la rimozione del colore da una serie di prodotti chimici liquidi o ingredienti farmaceutici Alcuni gradi sono sottoposti a lavaggio acido per creare carboni attivi di elevata purezza adatti ad applicazioni specifiche o acide. La competenza tecnica e l\u2019esperienza di Chemviron garantiscono la soluzione di carbone attivo pi\u00f9 appropriata e conveniente, in base alle propriet\u00e0 intrinseche e sulle esigenze dell\u2019applicazione.<\/p><p><a href=\"https:\/\/www.chemviron.eu\/it\/contatta-i-nostri-esperti\/\">Contattaci per maggiori informazioni.<\/a><\/p><\/div><div>\u00a0<\/div>\t\t\t\t\t\t\t\t<\/div>\n\t\t\t\t<\/div>\n\t\t\t\t<div class=\"elementor-element elementor-element-47038492 elementor-widget elementor-widget-heading\" data-id=\"47038492\" data-element_type=\"widget\" data-e-type=\"widget\" data-widget_type=\"heading.default\">\n\t\t\t\t<div class=\"elementor-widget-container\">\n\t\t\t\t\t<h4 class=\"elementor-heading-title elementor-size-default\">Perch\u00e9 scegliere Chemviron come partner?<\/h4>\t\t\t\t<\/div>\n\t\t\t\t<\/div>\n\t\t\t\t<div class=\"elementor-element elementor-element-58f7c225 elementor-widget-mobile__width-inherit elementor-widget elementor-widget-text-editor\" data-id=\"58f7c225\" data-element_type=\"widget\" data-e-type=\"widget\" data-widget_type=\"text-editor.default\">\n\t\t\t\t<div class=\"elementor-widget-container\">\n\t\t\t\t\t\t\t\t\t<p>Grazie alla sua approfondita esperienza nella riduzione dei COV e dei solventi, Chemviron progetta e produce sistemi di adsorbimento con carbone attivo per impianti di recupero solventi da oltre 80 anni. Numerosi settori, come la chimica, il farmaceutico, la stampa, la verniciatura e il packaging, si affidano ai nostri sistemi. \u00c8 questa lunga esperienza e la comprensione delle esigenze dei clienti che ha portato Chemviron a sviluppare il servizio di filtri mobili a carbone, innovativo e flessibile, disponibile tramite contratto di noleggio, evitando cos\u00ec investimenti onerosi.<\/p><p>Chemviron offre soluzioni complete per la purificazione dell\u2019aria a fine processo, tra cui:<\/p><ul><li>Consulenza tecnica e assistenza nella scelta del carbone attivo e della soluzione di servizio pi\u00f9 adatti all\u2019applicazione \u2013 <a href=\"https:\/\/www.chemviron.eu\/it\/contatta-i-nostri-esperti\/\">contatta un rappresentante per maggiori informazioni.<\/a><\/li><li>Test di laboratorio o di unit\u00e0 pilota per prove in loco, per determinare le condizioni operative ottimali. Questi test sono preziosi per identificare la soluzione pi\u00f9 efficace per ogni caso specifico.<\/li><li>Forniamo carbone attivo di alta qualit\u00e0, selezionato specificamente per ogni applicazione e preinstallato nei nostri filtri mobili. In qualit\u00e0 di maggior produttore mondiale di carbone attivo, garantiamo soluzioni affidabili e adatte alle vostre esigenze.<\/li><li>Servizio dedicato di rigenerazione del carbone attivo esausto. Il carbone attivo saturato viene cos\u00ec riciclato e restituito allo stesso cliente per essere riutilizzato nel suo processo specifico.<\/li><li>La nostra vasta flotta di filtri mobili a carbone <a href=\"https:\/\/www.chemviron.eu\/it\/solutions\/filtri-mobili-a-carbone-attivo\/water-liquids\/\">CYCLESORB\u00ae<\/a> disponibili per il noleggio consente una rapida consegna di filtri mobili pre-caricati con carbone attivo per un\u2019installazione e un utilizzo immediati.<\/li><li>Funzionamento con scambio standard: il filtro a carbone esausto viene sostituito con un\u2019unit\u00e0 nuova, eliminando cos\u00ec qualsiasi manipolazione del carbone saturo in loco.<\/li><\/ul>\t\t\t\t\t\t\t\t<\/div>\n\t\t\t\t<\/div>\n\t\t\t\t<div class=\"elementor-element elementor-element-14f2c7b1 elementor-widget elementor-widget-heading\" data-id=\"14f2c7b1\" data-element_type=\"widget\" data-e-type=\"widget\" data-widget_type=\"heading.default\">\n\t\t\t\t<div class=\"elementor-widget-container\">\n\t\t\t\t\t<h4 class=\"elementor-heading-title elementor-size-default\">Chemviron e lo sviluppo sostenibile<\/h4>\t\t\t\t<\/div>\n\t\t\t\t<\/div>\n\t\t\t\t<div class=\"elementor-element elementor-element-23e1419f elementor-widget-mobile__width-inherit elementor-widget elementor-widget-text-editor\" data-id=\"23e1419f\" data-element_type=\"widget\" data-e-type=\"widget\" data-widget_type=\"text-editor.default\">\n\t\t\t\t<div class=\"elementor-widget-container\">\n\t\t\t\t\t\t\t\t\t<p>Chemviron \u00e8 il pi\u00f9 grande riciclatore (o riattivatore) di carboni attivi al mondo, con impianti dedicati alla riattivazione dei carboni per uso potabile\/alimentare in tutta Europa. L\u2019impegno costante dell\u2019azienda nello sviluppo delle proprie capacit\u00e0 di riattivazione ha permesso a Chemviron di sviluppare processi innovativi per il riciclo dei carboni attivi, contribuendo cos\u00ec a ridurre la nostra impronta di carbonio.<\/p><p>Il carbone attivo saturo viene riciclato termicamente o riattivato tramite uno dei forni di riattivazione progettati da Chemviron e dotati di robusti sistemi di abbattimento.<br \/>L\u2019esperienza sviluppata nel corso degli anni al servizio dell\u2019industria chimica e farmaceutica garantisce che i nostri carboni riattivati mantengano un\u2019elevata qualit\u00e0.<br \/>Combinando la riattivazione con carboni attivi ad alte prestazioni, Chemviron offre ai suoi clienti una soluzione di purificazione dell\u2019acqua o dell\u2019aria, che \u00e8 allo stesso tempo economica e sostenibile.<\/p>\t\t\t\t\t\t\t\t<\/div>\n\t\t\t\t<\/div>\n\t\t\t\t<\/div>\n\t\t\t\t\t<\/div>\n\t\t\t\t<\/div>\n\t\t<div class=\"elementor-element elementor-element-2975be90 e-flex e-con-boxed elementor-invisible e-con e-parent\" data-id=\"2975be90\" data-element_type=\"container\" data-e-type=\"container\" data-settings=\"{&quot;animation&quot;:&quot;fadeInUp&quot;}\">\n\t\t\t\t\t<div class=\"e-con-inner\">\n\t\t<div data-dce-background-color=\"#FFF4DA\" class=\"elementor-element elementor-element-55f32bc7 e-con-full e-flex e-con e-child\" data-id=\"55f32bc7\" data-element_type=\"container\" data-e-type=\"container\" data-settings=\"{&quot;background_background&quot;:&quot;classic&quot;}\">\n\t\t\t\t<div class=\"elementor-element elementor-element-27da996b dce_masking-none elementor-widget elementor-widget-image\" data-id=\"27da996b\" data-element_type=\"widget\" data-e-type=\"widget\" data-widget_type=\"image.default\">\n\t\t\t\t<div class=\"elementor-widget-container\">\n\t\t\t\t\t\t\t\t\t\t\t\t\t\t\t<img decoding=\"async\" width=\"136\" height=\"136\" src=\"https:\/\/www.chemviron.eu\/wp-content\/uploads\/2024\/01\/kuraray_pictogram_user-negative-1-1.png\" class=\"attachment-large size-large wp-image-2609\" alt=\"\" \/>\t\t\t\t\t\t\t\t\t\t\t\t\t\t\t<\/div>\n\t\t\t\t<\/div>\n\t\t\t\t<\/div>\n\t\t<div data-dce-background-color=\"#FFF4DA\" class=\"elementor-element elementor-element-30315527 e-con-full e-flex e-con e-child\" data-id=\"30315527\" data-element_type=\"container\" data-e-type=\"container\" data-settings=\"{&quot;background_background&quot;:&quot;classic&quot;}\">\n\t\t\t\t<div class=\"elementor-element elementor-element-294c7dd elementor-widget elementor-widget-heading\" data-id=\"294c7dd\" data-element_type=\"widget\" data-e-type=\"widget\" data-widget_type=\"heading.default\">\n\t\t\t\t<div class=\"elementor-widget-container\">\n\t\t\t\t\t<h4 class=\"elementor-heading-title elementor-size-default\">Contatta il nostro team tecnico per maggiori informazioni.<\/h4>\t\t\t\t<\/div>\n\t\t\t\t<\/div>\n\t\t\t\t<div class=\"elementor-element elementor-element-7410d65c elementor-widget elementor-widget-button\" data-id=\"7410d65c\" data-element_type=\"widget\" data-e-type=\"widget\" data-widget_type=\"button.default\">\n\t\t\t\t<div class=\"elementor-widget-container\">\n\t\t\t\t\t\t\t\t\t<div class=\"elementor-button-wrapper\">\n\t\t\t\t\t<a class=\"elementor-button elementor-button-link elementor-size-sm\" href=\"https:\/\/www.chemviron.eu\/it\/contatta-i-nostri-esperti\/\">\n\t\t\t\t\t\t<span class=\"elementor-button-content-wrapper\">\n\t\t\t\t\t\t\t\t\t<span class=\"elementor-button-text\">Contattaci<\/span>\n\t\t\t\t\t<\/span>\n\t\t\t\t\t<\/a>\n\t\t\t\t<\/div>\n\t\t\t\t\t\t\t\t<\/div>\n\t\t\t\t<\/div>\n\t\t\t\t<\/div>\n\t\t\t\t\t<\/div>\n\t\t\t\t<\/div>\n\t\t\t\t<\/div>\n\t\t","protected":false},"excerpt":{"rendered":"<p>Prodotti Chimici e Farmaceutici Chemviron offre un servizio completo di purificazione per rimuovere il colore e i sottoprodotti nei processi industriali utilizzando la nostra tecnologia specializzata di carbone attivo, il riciclo dei carboni attivi esausti mediante riattivazione e il nostro servizio mobile di filtri a carbone. Molti processi di produzione richiedono la purificazione o la [&hellip;]<\/p>\n","protected":false},"author":1,"featured_media":14530,"parent":11128,"menu_order":0,"comment_status":"closed","ping_status":"closed","template":"elementor_header_footer","meta":{"_acf_changed":false,"inline_featured_image":false,"footnotes":""},"class_list":["post-11411","page","type-page","status-publish","has-post-thumbnail","hentry"],"acf":[],"yoast_head":"<!-- This site is optimized with the Yoast SEO plugin v27.3 - https:\/\/yoast.com\/product\/yoast-seo-wordpress\/ -->\n<title>Soluzioni di Purificazione per Prodotti Chimici e Farmaceutici<\/title>\n<meta name=\"description\" content=\"Soluzioni di purificazione per eliminare colorazioni e sottoprodotti nei processi industriali di produzione chimica e farmaceutica.\" \/>\n<meta name=\"robots\" content=\"index, follow, max-snippet:-1, max-image-preview:large, max-video-preview:-1\" \/>\n<link rel=\"canonical\" href=\"https:\/\/www.chemviron.eu\/it\/applicazioni\/prodotti-chimici-farmaceutici\/\" \/>\n<meta property=\"og:locale\" content=\"it_IT\" \/>\n<meta property=\"og:type\" content=\"article\" \/>\n<meta property=\"og:title\" content=\"Soluzioni di Purificazione per Prodotti Chimici e Farmaceutici\" \/>\n<meta property=\"og:description\" content=\"Soluzioni di purificazione per eliminare colorazioni e sottoprodotti nei processi industriali di produzione chimica e farmaceutica.\" \/>\n<meta property=\"og:url\" content=\"https:\/\/www.chemviron.eu\/it\/applicazioni\/prodotti-chimici-farmaceutici\/\" \/>\n<meta property=\"og:site_name\" content=\"Chemviron\" \/>\n<meta property=\"article:modified_time\" content=\"2026-04-08T14:46:18+00:00\" \/>\n<meta property=\"og:image\" content=\"https:\/\/www.chemviron.eu\/wp-content\/uploads\/2026\/03\/AP_ChemicalsPharma_MI_Plant_Adobe_2026-scaled.jpeg\" \/>\n\t<meta property=\"og:image:width\" content=\"2560\" \/>\n\t<meta property=\"og:image:height\" content=\"1189\" \/>\n\t<meta property=\"og:image:type\" content=\"image\/jpeg\" \/>\n<meta name=\"twitter:card\" content=\"summary_large_image\" \/>\n<meta name=\"twitter:label1\" content=\"Tempo di lettura stimato\" \/>\n\t<meta name=\"twitter:data1\" content=\"5 minuti\" \/>\n<script type=\"application\/ld+json\" class=\"yoast-schema-graph\">{\"@context\":\"https:\\\/\\\/schema.org\",\"@graph\":[{\"@type\":\"WebPage\",\"@id\":\"https:\\\/\\\/www.chemviron.eu\\\/it\\\/applicazioni\\\/prodotti-chimici-farmaceutici\\\/\",\"url\":\"https:\\\/\\\/www.chemviron.eu\\\/it\\\/applicazioni\\\/prodotti-chimici-farmaceutici\\\/\",\"name\":\"Soluzioni di Purificazione per Prodotti Chimici e Farmaceutici\",\"isPartOf\":{\"@id\":\"https:\\\/\\\/www.chemviron.eu\\\/it\\\/#website\"},\"primaryImageOfPage\":{\"@id\":\"https:\\\/\\\/www.chemviron.eu\\\/it\\\/applicazioni\\\/prodotti-chimici-farmaceutici\\\/#primaryimage\"},\"image\":{\"@id\":\"https:\\\/\\\/www.chemviron.eu\\\/it\\\/applicazioni\\\/prodotti-chimici-farmaceutici\\\/#primaryimage\"},\"thumbnailUrl\":\"https:\\\/\\\/www.chemviron.eu\\\/wp-content\\\/uploads\\\/2026\\\/03\\\/AP_ChemicalsPharma_MI_Plant_Adobe_2026-scaled.jpeg\",\"datePublished\":\"2023-12-06T12:33:38+00:00\",\"dateModified\":\"2026-04-08T14:46:18+00:00\",\"description\":\"Soluzioni di purificazione per eliminare colorazioni e sottoprodotti nei processi industriali di produzione chimica e farmaceutica.\",\"breadcrumb\":{\"@id\":\"https:\\\/\\\/www.chemviron.eu\\\/it\\\/applicazioni\\\/prodotti-chimici-farmaceutici\\\/#breadcrumb\"},\"inLanguage\":\"it-IT\",\"potentialAction\":[{\"@type\":\"ReadAction\",\"target\":[\"https:\\\/\\\/www.chemviron.eu\\\/it\\\/applicazioni\\\/prodotti-chimici-farmaceutici\\\/\"]}]},{\"@type\":\"ImageObject\",\"inLanguage\":\"it-IT\",\"@id\":\"https:\\\/\\\/www.chemviron.eu\\\/it\\\/applicazioni\\\/prodotti-chimici-farmaceutici\\\/#primaryimage\",\"url\":\"https:\\\/\\\/www.chemviron.eu\\\/wp-content\\\/uploads\\\/2026\\\/03\\\/AP_ChemicalsPharma_MI_Plant_Adobe_2026-scaled.jpeg\",\"contentUrl\":\"https:\\\/\\\/www.chemviron.eu\\\/wp-content\\\/uploads\\\/2026\\\/03\\\/AP_ChemicalsPharma_MI_Plant_Adobe_2026-scaled.jpeg\",\"width\":2560,\"height\":1189,\"caption\":\"Refinery oil and gas plant at twilight.\"},{\"@type\":\"BreadcrumbList\",\"@id\":\"https:\\\/\\\/www.chemviron.eu\\\/it\\\/applicazioni\\\/prodotti-chimici-farmaceutici\\\/#breadcrumb\",\"itemListElement\":[{\"@type\":\"ListItem\",\"position\":1,\"name\":\"Home\",\"item\":\"https:\\\/\\\/www.chemviron.eu\\\/it\\\/\"},{\"@type\":\"ListItem\",\"position\":2,\"name\":\"Applicazioni\",\"item\":\"https:\\\/\\\/www.chemviron.eu\\\/it\\\/applicazioni\\\/\"},{\"@type\":\"ListItem\",\"position\":3,\"name\":\"Prodotti chimici e farmaceutici\"}]},{\"@type\":\"WebSite\",\"@id\":\"https:\\\/\\\/www.chemviron.eu\\\/it\\\/#website\",\"url\":\"https:\\\/\\\/www.chemviron.eu\\\/it\\\/\",\"name\":\"Chemviron\",\"description\":\"The Purification Solutions Provider\",\"publisher\":{\"@id\":\"https:\\\/\\\/www.chemviron.eu\\\/it\\\/#organization\"},\"potentialAction\":[{\"@type\":\"SearchAction\",\"target\":{\"@type\":\"EntryPoint\",\"urlTemplate\":\"https:\\\/\\\/www.chemviron.eu\\\/it\\\/?s={search_term_string}\"},\"query-input\":{\"@type\":\"PropertyValueSpecification\",\"valueRequired\":true,\"valueName\":\"search_term_string\"}}],\"inLanguage\":\"it-IT\"},{\"@type\":\"Organization\",\"@id\":\"https:\\\/\\\/www.chemviron.eu\\\/it\\\/#organization\",\"name\":\"Chemviron\",\"url\":\"https:\\\/\\\/www.chemviron.eu\\\/it\\\/\",\"logo\":{\"@type\":\"ImageObject\",\"inLanguage\":\"it-IT\",\"@id\":\"https:\\\/\\\/www.chemviron.eu\\\/it\\\/#\\\/schema\\\/logo\\\/image\\\/\",\"url\":\"https:\\\/\\\/www.chemviron.eu\\\/wp-content\\\/uploads\\\/2023\\\/12\\\/Chemviron-logo.jpg\",\"contentUrl\":\"https:\\\/\\\/www.chemviron.eu\\\/wp-content\\\/uploads\\\/2023\\\/12\\\/Chemviron-logo.jpg\",\"width\":1667,\"height\":833,\"caption\":\"Chemviron\"},\"image\":{\"@id\":\"https:\\\/\\\/www.chemviron.eu\\\/it\\\/#\\\/schema\\\/logo\\\/image\\\/\"},\"sameAs\":[\"https:\\\/\\\/www.linkedin.com\\\/company\\\/chemviron\\\/\"]}]}<\/script>\n<!-- \/ Yoast SEO plugin. -->","yoast_head_json":{"title":"Soluzioni di Purificazione per Prodotti Chimici e Farmaceutici","description":"Soluzioni di purificazione per eliminare colorazioni e sottoprodotti nei processi industriali di produzione chimica e farmaceutica.","robots":{"index":"index","follow":"follow","max-snippet":"max-snippet:-1","max-image-preview":"max-image-preview:large","max-video-preview":"max-video-preview:-1"},"canonical":"https:\/\/www.chemviron.eu\/it\/applicazioni\/prodotti-chimici-farmaceutici\/","og_locale":"it_IT","og_type":"article","og_title":"Soluzioni di Purificazione per Prodotti Chimici e Farmaceutici","og_description":"Soluzioni di purificazione per eliminare colorazioni e sottoprodotti nei processi industriali di produzione chimica e farmaceutica.","og_url":"https:\/\/www.chemviron.eu\/it\/applicazioni\/prodotti-chimici-farmaceutici\/","og_site_name":"Chemviron","article_modified_time":"2026-04-08T14:46:18+00:00","og_image":[{"width":2560,"height":1189,"url":"https:\/\/www.chemviron.eu\/wp-content\/uploads\/2026\/03\/AP_ChemicalsPharma_MI_Plant_Adobe_2026-scaled.jpeg","type":"image\/jpeg"}],"twitter_card":"summary_large_image","twitter_misc":{"Tempo di lettura stimato":"5 minuti"},"schema":{"@context":"https:\/\/schema.org","@graph":[{"@type":"WebPage","@id":"https:\/\/www.chemviron.eu\/it\/applicazioni\/prodotti-chimici-farmaceutici\/","url":"https:\/\/www.chemviron.eu\/it\/applicazioni\/prodotti-chimici-farmaceutici\/","name":"Soluzioni di Purificazione per Prodotti Chimici e Farmaceutici","isPartOf":{"@id":"https:\/\/www.chemviron.eu\/it\/#website"},"primaryImageOfPage":{"@id":"https:\/\/www.chemviron.eu\/it\/applicazioni\/prodotti-chimici-farmaceutici\/#primaryimage"},"image":{"@id":"https:\/\/www.chemviron.eu\/it\/applicazioni\/prodotti-chimici-farmaceutici\/#primaryimage"},"thumbnailUrl":"https:\/\/www.chemviron.eu\/wp-content\/uploads\/2026\/03\/AP_ChemicalsPharma_MI_Plant_Adobe_2026-scaled.jpeg","datePublished":"2023-12-06T12:33:38+00:00","dateModified":"2026-04-08T14:46:18+00:00","description":"Soluzioni di purificazione per eliminare colorazioni e sottoprodotti nei processi industriali di produzione chimica e farmaceutica.","breadcrumb":{"@id":"https:\/\/www.chemviron.eu\/it\/applicazioni\/prodotti-chimici-farmaceutici\/#breadcrumb"},"inLanguage":"it-IT","potentialAction":[{"@type":"ReadAction","target":["https:\/\/www.chemviron.eu\/it\/applicazioni\/prodotti-chimici-farmaceutici\/"]}]},{"@type":"ImageObject","inLanguage":"it-IT","@id":"https:\/\/www.chemviron.eu\/it\/applicazioni\/prodotti-chimici-farmaceutici\/#primaryimage","url":"https:\/\/www.chemviron.eu\/wp-content\/uploads\/2026\/03\/AP_ChemicalsPharma_MI_Plant_Adobe_2026-scaled.jpeg","contentUrl":"https:\/\/www.chemviron.eu\/wp-content\/uploads\/2026\/03\/AP_ChemicalsPharma_MI_Plant_Adobe_2026-scaled.jpeg","width":2560,"height":1189,"caption":"Refinery oil and gas plant at twilight."},{"@type":"BreadcrumbList","@id":"https:\/\/www.chemviron.eu\/it\/applicazioni\/prodotti-chimici-farmaceutici\/#breadcrumb","itemListElement":[{"@type":"ListItem","position":1,"name":"Home","item":"https:\/\/www.chemviron.eu\/it\/"},{"@type":"ListItem","position":2,"name":"Applicazioni","item":"https:\/\/www.chemviron.eu\/it\/applicazioni\/"},{"@type":"ListItem","position":3,"name":"Prodotti chimici e farmaceutici"}]},{"@type":"WebSite","@id":"https:\/\/www.chemviron.eu\/it\/#website","url":"https:\/\/www.chemviron.eu\/it\/","name":"Chemviron","description":"The Purification Solutions Provider","publisher":{"@id":"https:\/\/www.chemviron.eu\/it\/#organization"},"potentialAction":[{"@type":"SearchAction","target":{"@type":"EntryPoint","urlTemplate":"https:\/\/www.chemviron.eu\/it\/?s={search_term_string}"},"query-input":{"@type":"PropertyValueSpecification","valueRequired":true,"valueName":"search_term_string"}}],"inLanguage":"it-IT"},{"@type":"Organization","@id":"https:\/\/www.chemviron.eu\/it\/#organization","name":"Chemviron","url":"https:\/\/www.chemviron.eu\/it\/","logo":{"@type":"ImageObject","inLanguage":"it-IT","@id":"https:\/\/www.chemviron.eu\/it\/#\/schema\/logo\/image\/","url":"https:\/\/www.chemviron.eu\/wp-content\/uploads\/2023\/12\/Chemviron-logo.jpg","contentUrl":"https:\/\/www.chemviron.eu\/wp-content\/uploads\/2023\/12\/Chemviron-logo.jpg","width":1667,"height":833,"caption":"Chemviron"},"image":{"@id":"https:\/\/www.chemviron.eu\/it\/#\/schema\/logo\/image\/"},"sameAs":["https:\/\/www.linkedin.com\/company\/chemviron\/"]}]}},"_links":{"self":[{"href":"https:\/\/www.chemviron.eu\/it\/wp-json\/wp\/v2\/pages\/11411","targetHints":{"allow":["GET"]}}],"collection":[{"href":"https:\/\/www.chemviron.eu\/it\/wp-json\/wp\/v2\/pages"}],"about":[{"href":"https:\/\/www.chemviron.eu\/it\/wp-json\/wp\/v2\/types\/page"}],"author":[{"embeddable":true,"href":"https:\/\/www.chemviron.eu\/it\/wp-json\/wp\/v2\/users\/1"}],"replies":[{"embeddable":true,"href":"https:\/\/www.chemviron.eu\/it\/wp-json\/wp\/v2\/comments?post=11411"}],"version-history":[{"count":5,"href":"https:\/\/www.chemviron.eu\/it\/wp-json\/wp\/v2\/pages\/11411\/revisions"}],"predecessor-version":[{"id":15156,"href":"https:\/\/www.chemviron.eu\/it\/wp-json\/wp\/v2\/pages\/11411\/revisions\/15156"}],"up":[{"embeddable":true,"href":"https:\/\/www.chemviron.eu\/it\/wp-json\/wp\/v2\/pages\/11128"}],"wp:featuredmedia":[{"embeddable":true,"href":"https:\/\/www.chemviron.eu\/it\/wp-json\/wp\/v2\/media\/14530"}],"wp:attachment":[{"href":"https:\/\/www.chemviron.eu\/it\/wp-json\/wp\/v2\/media?parent=11411"}],"curies":[{"name":"wp","href":"https:\/\/api.w.org\/{rel}","templated":true}]}}