{"id":11408,"date":"2023-12-06T12:33:09","date_gmt":"2023-12-06T12:33:09","guid":{"rendered":"https:\/\/www.chemviron.eu\/applicazioni\/biogas-biomethane-upgrading\/"},"modified":"2026-04-08T14:40:31","modified_gmt":"2026-04-08T14:40:31","slug":"biogas-biometano-upgrading","status":"publish","type":"page","link":"https:\/\/www.chemviron.eu\/it\/applicazioni\/biogas-biometano-upgrading\/","title":{"rendered":"Biogas &amp; Biometano"},"content":{"rendered":"\t\t<div data-elementor-type=\"wp-page\" data-elementor-id=\"11408\" class=\"elementor elementor-11408 elementor-631\" data-elementor-post-type=\"page\">\n\t\t\t\t<div class=\"elementor-element elementor-element-3dea6426 e-flex e-con-boxed e-con e-parent\" data-id=\"3dea6426\" data-element_type=\"container\" data-e-type=\"container\">\n\t\t\t\t\t<div class=\"e-con-inner\">\n\t\t<div class=\"elementor-element elementor-element-1dd23e07 e-con-full e-flex e-con e-child\" data-id=\"1dd23e07\" data-element_type=\"container\" data-e-type=\"container\">\n\t\t\t\t<div class=\"elementor-element elementor-element-6923fcb4 elementor-invisible elementor-widget elementor-widget-heading\" data-id=\"6923fcb4\" data-element_type=\"widget\" data-e-type=\"widget\" data-settings=\"{&quot;_animation&quot;:&quot;fadeIn&quot;}\" data-widget_type=\"heading.default\">\n\t\t\t\t<div class=\"elementor-widget-container\">\n\t\t\t\t\t<h1 class=\"elementor-heading-title elementor-size-default\">Biogas &amp; Biometano<\/h1>\t\t\t\t<\/div>\n\t\t\t\t<\/div>\n\t\t\t\t<div class=\"elementor-element elementor-element-2db43014 elementor-invisible elementor-widget elementor-widget-heading\" data-id=\"2db43014\" data-element_type=\"widget\" data-e-type=\"widget\" data-settings=\"{&quot;_animation&quot;:&quot;fadeIn&quot;,&quot;_animation_delay&quot;:400}\" data-widget_type=\"heading.default\">\n\t\t\t\t<div class=\"elementor-widget-container\">\n\t\t\t\t\t<h2 class=\"elementor-heading-title elementor-size-default\">Il nostro servizio di filtri mobili a carbone attivo CYCLEVENT MACH, abbinato ai nostri carboni attivi europei specializzati nell\u2019eliminazione dell\u2019H\u2082S, offre una soluzione di trattamento facile e conveniente per la valorizzazione del biogas e del biometano. <\/h2>\t\t\t\t<\/div>\n\t\t\t\t<\/div>\n\t\t\t\t<\/div>\n\t\t<div data-dce-background-image-url=\"https:\/\/www.chemviron.eu\/wp-content\/uploads\/2026\/02\/Biogas-1-scaled.jpeg\" class=\"elementor-element elementor-element-588f3e80 e-con-full e-flex e-con e-child\" data-id=\"588f3e80\" data-element_type=\"container\" data-e-type=\"container\" data-settings=\"{&quot;background_background&quot;:&quot;classic&quot;}\">\n\t\t\t\t<\/div>\n\t\t\t\t\t<\/div>\n\t\t\t\t<\/div>\n\t\t<div data-dce-background-overlay-image-url=\"https:\/\/www.chemviron.eu\/wp-content\/uploads\/2024\/01\/kuraray_circle_grid_landscape_rgb-1.svg\" class=\"elementor-element elementor-element-659a4968 e-flex e-con-boxed e-con e-parent\" data-id=\"659a4968\" data-element_type=\"container\" data-e-type=\"container\">\n\t\t\t\t\t<div class=\"e-con-inner\">\n\t\t<div class=\"elementor-element elementor-element-4424413 e-con-full e-flex e-con e-child\" data-id=\"4424413\" data-element_type=\"container\" data-e-type=\"container\">\n\t\t\t\t<div class=\"elementor-element elementor-element-22e84b72 elementor-widget-mobile__width-inherit elementor-widget elementor-widget-text-editor\" data-id=\"22e84b72\" data-element_type=\"widget\" data-e-type=\"widget\" data-widget_type=\"text-editor.default\">\n\t\t\t\t<div class=\"elementor-widget-container\">\n\t\t\t\t\t\t\t\t\t<p>Affinch\u00e9 il biogas diventi una fonte di energia rinnovabile efficiente, deve prima essere trattato per eliminare contaminanti come i silossani e solfuro di idrogeno (H\u2082S). I nostri sistemi di filtrazione mobili innovativi, combinati con i nostri carboni attivi ad alte prestazioni, offrono una soluzione di trattamento al contempo conveniente e sostenibile per il biogas e il biometano.<\/p><p>Da oltre 80 anni, Chemviron \u00e8 leader del mercato nello sviluppo di carboni attivi di alta qualit\u00e0. Pioniere nel settore, Chemviron si \u00e8 affermato come esperto di soluzioni a base di carbone attivo, grazie alle sue approfondite conoscenze tecniche e alla vasta esperienza nel settore. Il nostro servizio tecnico fornisce soluzioni personalizzate per le sfide affrontate dai nostri clienti nella valorizzazione del biogas e del biometano.<\/p><p><a href=\"https:\/\/www.chemviron.eu\/it\/contatta-i-nostri-esperti\/\">Contatta il nostro team<\/a> per discutere delle soluzioni di trattamento possibili.<\/p>\t\t\t\t\t\t\t\t<\/div>\n\t\t\t\t<\/div>\n\t\t\t\t<div class=\"elementor-element elementor-element-3061e3d4 elementor-widget elementor-widget-heading\" data-id=\"3061e3d4\" data-element_type=\"widget\" data-e-type=\"widget\" data-widget_type=\"heading.default\">\n\t\t\t\t<div class=\"elementor-widget-container\">\n\t\t\t\t\t<h3 class=\"elementor-heading-title elementor-size-default\">Perch\u00e9 il carbone attivo \u00e8 una soluzione ottimale?<\/h3>\t\t\t\t<\/div>\n\t\t\t\t<\/div>\n\t\t\t\t<div class=\"elementor-element elementor-element-5a98ea32 elementor-widget-mobile__width-inherit elementor-widget elementor-widget-text-editor\" data-id=\"5a98ea32\" data-element_type=\"widget\" data-e-type=\"widget\" data-widget_type=\"text-editor.default\">\n\t\t\t\t<div class=\"elementor-widget-container\">\n\t\t\t\t\t\t\t\t\t<p>Il carbone attivo possiede le pi\u00f9 potenti propriet\u00e0 fisiche di adsorbimento e il pi\u00f9 grande volume di porosit\u00e0 adsorbente tra tutti i materiali conosciuti. La sua superficie pu\u00f2 superare i 1000 m\u00b2\/g, il che significa che 3g di carbone attivo possono coprire la superficie di un campo da calcio. Questo lo rende una soluzione ideale per la purificazione del biogas e del biometano. L\u2019uso di carboni attivi impregnati pu\u00f2 aumentare la sua capacit\u00e0 di eliminare inquinanti specifici.<\/p><p>L\u2019adsorbimento su carbone attivo \u00e8 una soluzione efficace e conveniente per eliminare i contaminanti dai flussi gassosi. La tecnologia sviluppata da Chemviron \u00e8 affidabile, semplice e collaudata da molti anni.<\/p>\t\t\t\t\t\t\t\t<\/div>\n\t\t\t\t<\/div>\n\t\t\t\t<div class=\"elementor-element elementor-element-3b3a74a elementor-widget elementor-widget-heading\" data-id=\"3b3a74a\" data-element_type=\"widget\" data-e-type=\"widget\" data-widget_type=\"heading.default\">\n\t\t\t\t<div class=\"elementor-widget-container\">\n\t\t\t\t\t<h4 class=\"elementor-heading-title elementor-size-default\">Servizio di filtri mobili a carbone<\/h4>\t\t\t\t<\/div>\n\t\t\t\t<\/div>\n\t\t\t\t<div class=\"elementor-element elementor-element-74adb961 elementor-widget-mobile__width-inherit elementor-widget elementor-widget-text-editor\" data-id=\"74adb961\" data-element_type=\"widget\" data-e-type=\"widget\" data-widget_type=\"text-editor.default\">\n\t\t\t\t<div class=\"elementor-widget-container\">\n\t\t\t\t\t\t\t\t\t<p>Il nostro servizio di filtri mobili offre una soluzione rapida ed efficace per trattare queste emissioni alla fonte. Una volta utilizzato, sostituiamo il filtro, evitando cos\u00ec di dover scambiare il carbone attivo esausto direttamente sul sito. Questi filtri, disponibili a noleggio, possono essere rapidamente impiegati. <a href=\"https:\/\/www.chemviron.eu\/it\/solutions\/filtri-mobili-a-carbone-attivo\/biogas-biometano\/\">Consultate il nostro servizio di filtri mobili a carbone CYCLEVENT\u00ae MACH<\/a> per saperne di pi\u00f9.<\/p><p>Per sapere come possiamo aiutarti e consigliarti su i nostri filtri mobili e il carbone pi\u00f9 adatti al tuo sito e alla tua situazione specifica, ti invitiamo a contattarci per poter fornire consulenze tecniche e assistenza.<\/p>\t\t\t\t\t\t\t\t<\/div>\n\t\t\t\t<\/div>\n\t\t\t\t<\/div>\n\t\t\t\t\t<\/div>\n\t\t\t\t<\/div>\n\t\t<div class=\"elementor-element elementor-element-7bc69263 e-flex e-con-boxed elementor-invisible e-con e-parent\" data-id=\"7bc69263\" data-element_type=\"container\" data-e-type=\"container\" data-settings=\"{&quot;animation&quot;:&quot;fadeInUp&quot;}\">\n\t\t\t\t\t<div class=\"e-con-inner\">\n\t\t<div data-dce-background-color=\"#FFF4DA\" class=\"elementor-element elementor-element-651a739c e-con-full e-flex e-con e-child\" data-id=\"651a739c\" data-element_type=\"container\" data-e-type=\"container\" data-settings=\"{&quot;background_background&quot;:&quot;classic&quot;}\">\n\t\t\t\t<div class=\"elementor-element elementor-element-71dd3b98 dce_masking-none elementor-widget elementor-widget-image\" data-id=\"71dd3b98\" data-element_type=\"widget\" data-e-type=\"widget\" data-widget_type=\"image.default\">\n\t\t\t\t<div class=\"elementor-widget-container\">\n\t\t\t\t\t\t\t\t\t\t\t\t\t\t\t<img decoding=\"async\" width=\"136\" height=\"136\" src=\"https:\/\/www.chemviron.eu\/wp-content\/uploads\/2024\/01\/kuraray_pictogram_user-negative-1-1.png\" class=\"attachment-large size-large wp-image-2609\" alt=\"\" \/>\t\t\t\t\t\t\t\t\t\t\t\t\t\t\t<\/div>\n\t\t\t\t<\/div>\n\t\t\t\t<\/div>\n\t\t<div data-dce-background-color=\"#FFF4DA\" class=\"elementor-element elementor-element-7d522980 e-con-full e-flex e-con e-child\" data-id=\"7d522980\" data-element_type=\"container\" data-e-type=\"container\" data-settings=\"{&quot;background_background&quot;:&quot;classic&quot;}\">\n\t\t\t\t<div class=\"elementor-element elementor-element-3498e4ba elementor-widget elementor-widget-heading\" data-id=\"3498e4ba\" data-element_type=\"widget\" data-e-type=\"widget\" data-widget_type=\"heading.default\">\n\t\t\t\t<div class=\"elementor-widget-container\">\n\t\t\t\t\t<h4 class=\"elementor-heading-title elementor-size-default\">Contatta il nostro team tecnico per maggiori informazioni.<\/h4>\t\t\t\t<\/div>\n\t\t\t\t<\/div>\n\t\t\t\t<div class=\"elementor-element elementor-element-919d820 elementor-widget elementor-widget-button\" data-id=\"919d820\" data-element_type=\"widget\" data-e-type=\"widget\" data-widget_type=\"button.default\">\n\t\t\t\t<div class=\"elementor-widget-container\">\n\t\t\t\t\t\t\t\t\t<div class=\"elementor-button-wrapper\">\n\t\t\t\t\t<a class=\"elementor-button elementor-button-link elementor-size-sm\" href=\"https:\/\/www.chemviron.eu\/it\/contatta-i-nostri-esperti\/\">\n\t\t\t\t\t\t<span class=\"elementor-button-content-wrapper\">\n\t\t\t\t\t\t\t\t\t<span class=\"elementor-button-text\">Contattaci<\/span>\n\t\t\t\t\t<\/span>\n\t\t\t\t\t<\/a>\n\t\t\t\t<\/div>\n\t\t\t\t\t\t\t\t<\/div>\n\t\t\t\t<\/div>\n\t\t\t\t<\/div>\n\t\t\t\t\t<\/div>\n\t\t\t\t<\/div>\n\t\t\t\t<\/div>\n\t\t","protected":false},"excerpt":{"rendered":"<p>Biogas &amp; Biometano Il nostro servizio di filtri mobili a carbone attivo CYCLEVENT MACH, abbinato ai nostri carboni attivi europei specializzati nell\u2019eliminazione dell\u2019H\u2082S, offre una soluzione di trattamento facile e conveniente per la valorizzazione del biogas e del biometano. Affinch\u00e9 il biogas diventi una fonte di energia rinnovabile efficiente, deve prima essere trattato per eliminare [&hellip;]<\/p>\n","protected":false},"author":1,"featured_media":13746,"parent":11128,"menu_order":0,"comment_status":"closed","ping_status":"closed","template":"elementor_header_footer","meta":{"_acf_changed":false,"inline_featured_image":false,"footnotes":""},"class_list":["post-11408","page","type-page","status-publish","has-post-thumbnail","hentry"],"acf":[],"yoast_head":"<!-- This site is optimized with the Yoast SEO plugin v27.3 - https:\/\/yoast.com\/product\/yoast-seo-wordpress\/ -->\n<title>Biogas &amp; Biometano Upgrading<\/title>\n<meta name=\"description\" content=\"Biogas e Biometano Upgrading : Una soluzione flessibile ed economica per rimuovere H\u2082S, VOC, silossani e altre impurit\u00e0. Scopri di pi\u00f9.\" \/>\n<meta name=\"robots\" content=\"index, follow, max-snippet:-1, max-image-preview:large, max-video-preview:-1\" \/>\n<link rel=\"canonical\" href=\"https:\/\/www.chemviron.eu\/it\/applicazioni\/biogas-biometano-upgrading\/\" \/>\n<meta property=\"og:locale\" content=\"it_IT\" \/>\n<meta property=\"og:type\" content=\"article\" \/>\n<meta property=\"og:title\" content=\"Biogas &amp; Biometano Upgrading\" \/>\n<meta property=\"og:description\" content=\"Biogas e Biometano Upgrading : Una soluzione flessibile ed economica per rimuovere H\u2082S, VOC, silossani e altre impurit\u00e0. Scopri di pi\u00f9.\" \/>\n<meta property=\"og:url\" content=\"https:\/\/www.chemviron.eu\/it\/applicazioni\/biogas-biometano-upgrading\/\" \/>\n<meta property=\"og:site_name\" content=\"Chemviron\" \/>\n<meta property=\"article:modified_time\" content=\"2026-04-08T14:40:31+00:00\" \/>\n<meta property=\"og:image\" content=\"https:\/\/www.chemviron.eu\/wp-content\/uploads\/2026\/02\/Biogas-scaled.jpeg\" \/>\n\t<meta property=\"og:image:width\" content=\"2560\" \/>\n\t<meta property=\"og:image:height\" content=\"1920\" \/>\n\t<meta property=\"og:image:type\" content=\"image\/jpeg\" \/>\n<meta name=\"twitter:card\" content=\"summary_large_image\" \/>\n<meta name=\"twitter:label1\" content=\"Tempo di lettura stimato\" \/>\n\t<meta name=\"twitter:data1\" content=\"3 minuti\" \/>\n<script type=\"application\/ld+json\" class=\"yoast-schema-graph\">{\"@context\":\"https:\\\/\\\/schema.org\",\"@graph\":[{\"@type\":\"WebPage\",\"@id\":\"https:\\\/\\\/www.chemviron.eu\\\/it\\\/applicazioni\\\/biogas-biometano-upgrading\\\/\",\"url\":\"https:\\\/\\\/www.chemviron.eu\\\/it\\\/applicazioni\\\/biogas-biometano-upgrading\\\/\",\"name\":\"Biogas & Biometano Upgrading\",\"isPartOf\":{\"@id\":\"https:\\\/\\\/www.chemviron.eu\\\/it\\\/#website\"},\"primaryImageOfPage\":{\"@id\":\"https:\\\/\\\/www.chemviron.eu\\\/it\\\/applicazioni\\\/biogas-biometano-upgrading\\\/#primaryimage\"},\"image\":{\"@id\":\"https:\\\/\\\/www.chemviron.eu\\\/it\\\/applicazioni\\\/biogas-biometano-upgrading\\\/#primaryimage\"},\"thumbnailUrl\":\"https:\\\/\\\/www.chemviron.eu\\\/wp-content\\\/uploads\\\/2026\\\/02\\\/Biogas-scaled.jpeg\",\"datePublished\":\"2023-12-06T12:33:09+00:00\",\"dateModified\":\"2026-04-08T14:40:31+00:00\",\"description\":\"Biogas e Biometano Upgrading : Una soluzione flessibile ed economica per rimuovere H\u2082S, VOC, silossani e altre impurit\u00e0. Scopri di pi\u00f9.\",\"breadcrumb\":{\"@id\":\"https:\\\/\\\/www.chemviron.eu\\\/it\\\/applicazioni\\\/biogas-biometano-upgrading\\\/#breadcrumb\"},\"inLanguage\":\"it-IT\",\"potentialAction\":[{\"@type\":\"ReadAction\",\"target\":[\"https:\\\/\\\/www.chemviron.eu\\\/it\\\/applicazioni\\\/biogas-biometano-upgrading\\\/\"]}]},{\"@type\":\"ImageObject\",\"inLanguage\":\"it-IT\",\"@id\":\"https:\\\/\\\/www.chemviron.eu\\\/it\\\/applicazioni\\\/biogas-biometano-upgrading\\\/#primaryimage\",\"url\":\"https:\\\/\\\/www.chemviron.eu\\\/wp-content\\\/uploads\\\/2026\\\/02\\\/Biogas-scaled.jpeg\",\"contentUrl\":\"https:\\\/\\\/www.chemviron.eu\\\/wp-content\\\/uploads\\\/2026\\\/02\\\/Biogas-scaled.jpeg\",\"width\":2560,\"height\":1920,\"caption\":\"Biogasanlage in Deutschland mit Getreidefeld\"},{\"@type\":\"BreadcrumbList\",\"@id\":\"https:\\\/\\\/www.chemviron.eu\\\/it\\\/applicazioni\\\/biogas-biometano-upgrading\\\/#breadcrumb\",\"itemListElement\":[{\"@type\":\"ListItem\",\"position\":1,\"name\":\"Home\",\"item\":\"https:\\\/\\\/www.chemviron.eu\\\/it\\\/\"},{\"@type\":\"ListItem\",\"position\":2,\"name\":\"Applicazioni\",\"item\":\"https:\\\/\\\/www.chemviron.eu\\\/it\\\/applicazioni\\\/\"},{\"@type\":\"ListItem\",\"position\":3,\"name\":\"Biogas &amp; Biometano\"}]},{\"@type\":\"WebSite\",\"@id\":\"https:\\\/\\\/www.chemviron.eu\\\/it\\\/#website\",\"url\":\"https:\\\/\\\/www.chemviron.eu\\\/it\\\/\",\"name\":\"Chemviron\",\"description\":\"The Purification Solutions Provider\",\"publisher\":{\"@id\":\"https:\\\/\\\/www.chemviron.eu\\\/it\\\/#organization\"},\"potentialAction\":[{\"@type\":\"SearchAction\",\"target\":{\"@type\":\"EntryPoint\",\"urlTemplate\":\"https:\\\/\\\/www.chemviron.eu\\\/it\\\/?s={search_term_string}\"},\"query-input\":{\"@type\":\"PropertyValueSpecification\",\"valueRequired\":true,\"valueName\":\"search_term_string\"}}],\"inLanguage\":\"it-IT\"},{\"@type\":\"Organization\",\"@id\":\"https:\\\/\\\/www.chemviron.eu\\\/it\\\/#organization\",\"name\":\"Chemviron\",\"url\":\"https:\\\/\\\/www.chemviron.eu\\\/it\\\/\",\"logo\":{\"@type\":\"ImageObject\",\"inLanguage\":\"it-IT\",\"@id\":\"https:\\\/\\\/www.chemviron.eu\\\/it\\\/#\\\/schema\\\/logo\\\/image\\\/\",\"url\":\"https:\\\/\\\/www.chemviron.eu\\\/wp-content\\\/uploads\\\/2023\\\/12\\\/Chemviron-logo.jpg\",\"contentUrl\":\"https:\\\/\\\/www.chemviron.eu\\\/wp-content\\\/uploads\\\/2023\\\/12\\\/Chemviron-logo.jpg\",\"width\":1667,\"height\":833,\"caption\":\"Chemviron\"},\"image\":{\"@id\":\"https:\\\/\\\/www.chemviron.eu\\\/it\\\/#\\\/schema\\\/logo\\\/image\\\/\"},\"sameAs\":[\"https:\\\/\\\/www.linkedin.com\\\/company\\\/chemviron\\\/\"]}]}<\/script>\n<!-- \/ Yoast SEO plugin. -->","yoast_head_json":{"title":"Biogas & Biometano Upgrading","description":"Biogas e Biometano Upgrading : Una soluzione flessibile ed economica per rimuovere H\u2082S, VOC, silossani e altre impurit\u00e0. Scopri di pi\u00f9.","robots":{"index":"index","follow":"follow","max-snippet":"max-snippet:-1","max-image-preview":"max-image-preview:large","max-video-preview":"max-video-preview:-1"},"canonical":"https:\/\/www.chemviron.eu\/it\/applicazioni\/biogas-biometano-upgrading\/","og_locale":"it_IT","og_type":"article","og_title":"Biogas & Biometano Upgrading","og_description":"Biogas e Biometano Upgrading : Una soluzione flessibile ed economica per rimuovere H\u2082S, VOC, silossani e altre impurit\u00e0. Scopri di pi\u00f9.","og_url":"https:\/\/www.chemviron.eu\/it\/applicazioni\/biogas-biometano-upgrading\/","og_site_name":"Chemviron","article_modified_time":"2026-04-08T14:40:31+00:00","og_image":[{"width":2560,"height":1920,"url":"https:\/\/www.chemviron.eu\/wp-content\/uploads\/2026\/02\/Biogas-scaled.jpeg","type":"image\/jpeg"}],"twitter_card":"summary_large_image","twitter_misc":{"Tempo di lettura stimato":"3 minuti"},"schema":{"@context":"https:\/\/schema.org","@graph":[{"@type":"WebPage","@id":"https:\/\/www.chemviron.eu\/it\/applicazioni\/biogas-biometano-upgrading\/","url":"https:\/\/www.chemviron.eu\/it\/applicazioni\/biogas-biometano-upgrading\/","name":"Biogas & Biometano Upgrading","isPartOf":{"@id":"https:\/\/www.chemviron.eu\/it\/#website"},"primaryImageOfPage":{"@id":"https:\/\/www.chemviron.eu\/it\/applicazioni\/biogas-biometano-upgrading\/#primaryimage"},"image":{"@id":"https:\/\/www.chemviron.eu\/it\/applicazioni\/biogas-biometano-upgrading\/#primaryimage"},"thumbnailUrl":"https:\/\/www.chemviron.eu\/wp-content\/uploads\/2026\/02\/Biogas-scaled.jpeg","datePublished":"2023-12-06T12:33:09+00:00","dateModified":"2026-04-08T14:40:31+00:00","description":"Biogas e Biometano Upgrading : Una soluzione flessibile ed economica per rimuovere H\u2082S, VOC, silossani e altre impurit\u00e0. Scopri di pi\u00f9.","breadcrumb":{"@id":"https:\/\/www.chemviron.eu\/it\/applicazioni\/biogas-biometano-upgrading\/#breadcrumb"},"inLanguage":"it-IT","potentialAction":[{"@type":"ReadAction","target":["https:\/\/www.chemviron.eu\/it\/applicazioni\/biogas-biometano-upgrading\/"]}]},{"@type":"ImageObject","inLanguage":"it-IT","@id":"https:\/\/www.chemviron.eu\/it\/applicazioni\/biogas-biometano-upgrading\/#primaryimage","url":"https:\/\/www.chemviron.eu\/wp-content\/uploads\/2026\/02\/Biogas-scaled.jpeg","contentUrl":"https:\/\/www.chemviron.eu\/wp-content\/uploads\/2026\/02\/Biogas-scaled.jpeg","width":2560,"height":1920,"caption":"Biogasanlage in Deutschland mit Getreidefeld"},{"@type":"BreadcrumbList","@id":"https:\/\/www.chemviron.eu\/it\/applicazioni\/biogas-biometano-upgrading\/#breadcrumb","itemListElement":[{"@type":"ListItem","position":1,"name":"Home","item":"https:\/\/www.chemviron.eu\/it\/"},{"@type":"ListItem","position":2,"name":"Applicazioni","item":"https:\/\/www.chemviron.eu\/it\/applicazioni\/"},{"@type":"ListItem","position":3,"name":"Biogas &amp; Biometano"}]},{"@type":"WebSite","@id":"https:\/\/www.chemviron.eu\/it\/#website","url":"https:\/\/www.chemviron.eu\/it\/","name":"Chemviron","description":"The Purification Solutions Provider","publisher":{"@id":"https:\/\/www.chemviron.eu\/it\/#organization"},"potentialAction":[{"@type":"SearchAction","target":{"@type":"EntryPoint","urlTemplate":"https:\/\/www.chemviron.eu\/it\/?s={search_term_string}"},"query-input":{"@type":"PropertyValueSpecification","valueRequired":true,"valueName":"search_term_string"}}],"inLanguage":"it-IT"},{"@type":"Organization","@id":"https:\/\/www.chemviron.eu\/it\/#organization","name":"Chemviron","url":"https:\/\/www.chemviron.eu\/it\/","logo":{"@type":"ImageObject","inLanguage":"it-IT","@id":"https:\/\/www.chemviron.eu\/it\/#\/schema\/logo\/image\/","url":"https:\/\/www.chemviron.eu\/wp-content\/uploads\/2023\/12\/Chemviron-logo.jpg","contentUrl":"https:\/\/www.chemviron.eu\/wp-content\/uploads\/2023\/12\/Chemviron-logo.jpg","width":1667,"height":833,"caption":"Chemviron"},"image":{"@id":"https:\/\/www.chemviron.eu\/it\/#\/schema\/logo\/image\/"},"sameAs":["https:\/\/www.linkedin.com\/company\/chemviron\/"]}]}},"_links":{"self":[{"href":"https:\/\/www.chemviron.eu\/it\/wp-json\/wp\/v2\/pages\/11408","targetHints":{"allow":["GET"]}}],"collection":[{"href":"https:\/\/www.chemviron.eu\/it\/wp-json\/wp\/v2\/pages"}],"about":[{"href":"https:\/\/www.chemviron.eu\/it\/wp-json\/wp\/v2\/types\/page"}],"author":[{"embeddable":true,"href":"https:\/\/www.chemviron.eu\/it\/wp-json\/wp\/v2\/users\/1"}],"replies":[{"embeddable":true,"href":"https:\/\/www.chemviron.eu\/it\/wp-json\/wp\/v2\/comments?post=11408"}],"version-history":[{"count":5,"href":"https:\/\/www.chemviron.eu\/it\/wp-json\/wp\/v2\/pages\/11408\/revisions"}],"predecessor-version":[{"id":15141,"href":"https:\/\/www.chemviron.eu\/it\/wp-json\/wp\/v2\/pages\/11408\/revisions\/15141"}],"up":[{"embeddable":true,"href":"https:\/\/www.chemviron.eu\/it\/wp-json\/wp\/v2\/pages\/11128"}],"wp:featuredmedia":[{"embeddable":true,"href":"https:\/\/www.chemviron.eu\/it\/wp-json\/wp\/v2\/media\/13746"}],"wp:attachment":[{"href":"https:\/\/www.chemviron.eu\/it\/wp-json\/wp\/v2\/media?parent=11408"}],"curies":[{"name":"wp","href":"https:\/\/api.w.org\/{rel}","templated":true}]}}