{"id":11401,"date":"2023-12-06T12:32:31","date_gmt":"2023-12-06T12:32:31","guid":{"rendered":"https:\/\/www.chemviron.eu\/applicazioni\/remediation-to-remove-contaminants\/"},"modified":"2026-04-08T13:09:29","modified_gmt":"2026-04-08T13:09:29","slug":"bonifica-per-rimuovere-i-contaminanti","status":"publish","type":"page","link":"https:\/\/www.chemviron.eu\/it\/applicazioni\/bonifica-per-rimuovere-i-contaminanti\/","title":{"rendered":"Bonifica"},"content":{"rendered":"\t\t<div data-elementor-type=\"wp-page\" data-elementor-id=\"11401\" class=\"elementor elementor-11401 elementor-627\" data-elementor-post-type=\"page\">\n\t\t\t\t<div class=\"elementor-element elementor-element-62c1d522 e-flex e-con-boxed e-con e-parent\" data-id=\"62c1d522\" data-element_type=\"container\" data-e-type=\"container\">\n\t\t\t\t\t<div class=\"e-con-inner\">\n\t\t<div class=\"elementor-element elementor-element-2c79ba97 e-con-full e-flex e-con e-child\" data-id=\"2c79ba97\" data-element_type=\"container\" data-e-type=\"container\">\n\t\t\t\t<div class=\"elementor-element elementor-element-6b651464 elementor-invisible elementor-widget elementor-widget-heading\" data-id=\"6b651464\" data-element_type=\"widget\" data-e-type=\"widget\" data-settings=\"{&quot;_animation&quot;:&quot;fadeIn&quot;}\" data-widget_type=\"heading.default\">\n\t\t\t\t<div class=\"elementor-widget-container\">\n\t\t\t\t\t<h1 class=\"elementor-heading-title elementor-size-default\">Bonifica<\/h1>\t\t\t\t<\/div>\n\t\t\t\t<\/div>\n\t\t\t\t<div class=\"elementor-element elementor-element-4db961bb elementor-invisible elementor-widget elementor-widget-heading\" data-id=\"4db961bb\" data-element_type=\"widget\" data-e-type=\"widget\" data-settings=\"{&quot;_animation&quot;:&quot;fadeIn&quot;,&quot;_animation_delay&quot;:400}\" data-widget_type=\"heading.default\">\n\t\t\t\t<div class=\"elementor-widget-container\">\n\t\t\t\t\t<h2 class=\"elementor-heading-title elementor-size-default\">Chemviron fornisce un servizio completo di purificazione per l'adsorbimento di contaminanti nocivi dall'aria e dall'acqua utilizzando il nostro servizio di filtri mobili a carbone, la tecnologia del nostro carbone attivo e il riciclo del carbone attivo esaurito.<\/h2>\t\t\t\t<\/div>\n\t\t\t\t<\/div>\n\t\t\t\t<\/div>\n\t\t<div data-dce-background-image-url=\"https:\/\/www.chemviron.eu\/wp-content\/uploads\/2026\/02\/Remediation-1-scaled.jpeg\" class=\"elementor-element elementor-element-3d898c1 e-con-full e-flex e-con e-child\" data-id=\"3d898c1\" data-element_type=\"container\" data-e-type=\"container\" data-settings=\"{&quot;background_background&quot;:&quot;classic&quot;}\">\n\t\t\t\t<\/div>\n\t\t\t\t\t<\/div>\n\t\t\t\t<\/div>\n\t\t<div data-dce-background-overlay-image-url=\"https:\/\/www.chemviron.eu\/wp-content\/uploads\/2024\/01\/kuraray_circle_grid_landscape_rgb.svg\" class=\"elementor-element elementor-element-675507ea e-flex e-con-boxed e-con e-parent\" data-id=\"675507ea\" data-element_type=\"container\" data-e-type=\"container\">\n\t\t\t\t\t<div class=\"e-con-inner\">\n\t\t<div class=\"elementor-element elementor-element-73caab6d e-con-full e-flex e-con e-child\" data-id=\"73caab6d\" data-element_type=\"container\" data-e-type=\"container\">\n\t\t\t\t<div class=\"elementor-element elementor-element-1182103a elementor-widget-mobile__width-inherit elementor-widget elementor-widget-text-editor\" data-id=\"1182103a\" data-element_type=\"widget\" data-e-type=\"widget\" data-widget_type=\"text-editor.default\">\n\t\t\t\t<div class=\"elementor-widget-container\">\n\t\t\t\t\t\t\t\t\t<p>Preservare l&#8217;ambiente e mantenere l&#8217;aria e l&#8217;acqua pulite e sicure \u00e8 fondamentale per proteggere la salute umana e preservare il futuro del nostro pianeta. Chemviron offre una serie di soluzioni per rimuovere gli inquinanti che altrimenti verrebbero rilasciati nell&#8217;ambiente.<\/p>\t\t\t\t\t\t\t\t<\/div>\n\t\t\t\t<\/div>\n\t\t\t\t<div class=\"elementor-element elementor-element-4f63fc6 elementor-widget elementor-widget-heading\" data-id=\"4f63fc6\" data-element_type=\"widget\" data-e-type=\"widget\" data-widget_type=\"heading.default\">\n\t\t\t\t<div class=\"elementor-widget-container\">\n\t\t\t\t\t<h3 class=\"elementor-heading-title elementor-size-default\">Bonifica con carbone attivo<\/h3>\t\t\t\t<\/div>\n\t\t\t\t<\/div>\n\t\t\t\t<div class=\"elementor-element elementor-element-354f51ab elementor-widget-mobile__width-inherit elementor-widget elementor-widget-text-editor\" data-id=\"354f51ab\" data-element_type=\"widget\" data-e-type=\"widget\" data-widget_type=\"text-editor.default\">\n\t\t\t\t<div class=\"elementor-widget-container\">\n\t\t\t\t\t\t\t\t\t<div><div><p>I suoli contaminati da precedent attivit\u00e0 industriali, serbatoi di stoccaggio sotterranei o sversamenti accidentali possono contenere sostanze chimiche organiche non biodegradabili, come i PFAS, i pesticidi e altri contaminanti nocivi che stanno sollevando nuove preoccupazioni e possono avere un impatto significativo sull\u2019ambiente.<\/p><p>La bonifica di questi siti contaminati pu\u00f2 generare acque reflue inquinate e contaminanti pericolosi nell\u2019aria, prodotti dall\u2019estrazione dei vapori dal suolo, dalla ventilazione del terreno o dall\u2019air stripping. L\u2019adsorbimento con carbone attivo \u00e8 una soluzione altamente efficace per eliminare questi contaminanti nocivi dall\u2019acqua o per catturare gli inquinanti organici presenti nell\u2019aria, impedendone cos\u00ec il rilascio nell\u2019ambiente.<\/p><p>La tecnologia del carbone attivo sviluppata da Chemviron semplifica e rende pi\u00f9 sicura la bonifica, offrendo da molti anni una soluzione di purificazione efficace.<\/p><p><a href=\"https:\/\/www.chemviron.eu\/it\/contatta-i-nostri-esperti\/\">Contatta il nostro servizio tecnico<\/a> per discutere le possibili soluzioni di trattamento.<\/p><\/div><\/div>\t\t\t\t\t\t\t\t<\/div>\n\t\t\t\t<\/div>\n\t\t\t\t<div class=\"elementor-element elementor-element-663264b elementor-widget elementor-widget-heading\" data-id=\"663264b\" data-element_type=\"widget\" data-e-type=\"widget\" data-widget_type=\"heading.default\">\n\t\t\t\t<div class=\"elementor-widget-container\">\n\t\t\t\t\t<h4 class=\"elementor-heading-title elementor-size-default\">Perch\u00e9 scegliere Chemviron come partner?<\/h4>\t\t\t\t<\/div>\n\t\t\t\t<\/div>\n\t\t\t\t<div class=\"elementor-element elementor-element-5aaa4d3 elementor-widget-mobile__width-inherit elementor-widget elementor-widget-text-editor\" data-id=\"5aaa4d3\" data-element_type=\"widget\" data-e-type=\"widget\" data-widget_type=\"text-editor.default\">\n\t\t\t\t<div class=\"elementor-widget-container\">\n\t\t\t\t\t\t\t\t\t<p>Dai primi impianti montati su skid, passando per le unit\u00e0 standard di container, fino all\u2019attuale servizio personalizzato di <a href=\"https:\/\/www.chemviron.eu\/it\/solutions\/filtri-mobili-a-carbone-attivo\/\">filtri mobili a carbone attivo<\/a>, Chemviron ha acquisito l\u2019esperienza necessaria per comprendere e soddisfare le aspettative dei clienti.<\/p><p>Grazie alla sua profonda competenza e a una chiara comprensione delle esigenze dei clienti, Chemviron offre un servizio completo di purificazione e riciclo (riattivazione), supportando gli impianti operativi nel rispetto delle rigorose normative in materia di emissioni atmosferiche e scarichi idrici.<\/p><p><strong>Chemviron offre una gamma completa di soluzioni per la bonifica e la purificazione, che include:<\/strong><\/p><ul><li>Consulenza tecnica e assistenza nella scelta del carbone attivo e della soluzione di servizio pi\u00f9 adatti all\u2019applicazione \u2013 <a href=\"https:\/\/www.chemviron.eu\/it\/contatta-i-nostri-esperti\/\">contatta un rappresentante per maggiori informazioni.<\/a><\/li><li>Il nostro<a href=\"https:\/\/www.chemviron.eu\/it\/solutions\/filtri-mobili-a-carbone-attivo\/\"> servizio di filtri mobili a carbone<\/a> per la purificazione dell\u2019aria e dell\u2019acqua, con un\u2019ampia gamma di adsorbitori mobili <a href=\"https:\/\/www.chemviron.eu\/it\/solutions\/filtri-mobili-a-carbone-attivo\/purificazione-aria\/\"><strong>CYCLEVENT\u00ae<\/strong><\/a> e <a href=\"https:\/\/www.chemviron.eu\/it\/solutions\/filtri-mobili-a-carbone-attivo\/water-liquids\/\"><strong>CYCLESORB\u00ae<\/strong><\/a>, disponibili a noleggio, consegnati rapidamente e facilmente installabili in loco per un utilizzo immediato.<\/li><li>Forniamo carbone attivo di alta qualit\u00e0, selezionato specificamente per ogni applicazione e preinstallato nei nostri filtri mobili. In qualit\u00e0 di maggior produttore mondiale di carboni attivi, garantiamo soluzioni affidabili e su misura per le vostre esigenze.<\/li><li>Sostituzione del filtro a carbone esausto con un\u2019unit\u00e0 nuova, eliminando cos\u00ec la necessit\u00e0 di manipolare il carbone esausto in loco.<\/li><li>Nella maggior parte dei casi, questo carbone pu\u00f2 essere restituito ai nostri centri di riciclo per essere riattivato e riutilizzato.<\/li><\/ul>\t\t\t\t\t\t\t\t<\/div>\n\t\t\t\t<\/div>\n\t\t\t\t<div class=\"elementor-element elementor-element-a61cd1c elementor-widget elementor-widget-heading\" data-id=\"a61cd1c\" data-element_type=\"widget\" data-e-type=\"widget\" data-widget_type=\"heading.default\">\n\t\t\t\t<div class=\"elementor-widget-container\">\n\t\t\t\t\t<h4 class=\"elementor-heading-title elementor-size-default\">Chemviron e lo sviluppo sostenibile<\/h4>\t\t\t\t<\/div>\n\t\t\t\t<\/div>\n\t\t\t\t<div class=\"elementor-element elementor-element-b296e66 elementor-widget-mobile__width-inherit elementor-widget elementor-widget-text-editor\" data-id=\"b296e66\" data-element_type=\"widget\" data-e-type=\"widget\" data-widget_type=\"text-editor.default\">\n\t\t\t\t<div class=\"elementor-widget-container\">\n\t\t\t\t\t\t\t\t\t<p>Chemviron \u00e8 il pi\u00f9 grande riciclatore (o riattivatore) di carboni attivi al mondo, con impianti dedicati alla riattivazione dei carboni per uso potabile e alimentare in tutta Europa.<br \/>L\u2019impegno continuo dell\u2019azienda nello sviluppo delle proprie capacit\u00e0 di riattivazione ha permesso a Chemviron di sviluppare processi innovativi per il riciclo dei carboni attivi, contribuendo cos\u00ec a ridurre la nostra impronta di carbonio.<\/p><p>Forte della sua profonda esperienza nel settore, Chemviron ha sviluppato forni specifici per la riattivazione, nei quali il carbone viene riciclato termicamente. Questi forni garantiscono un controllo ottimale del processo, assicurando la distruzione dei contaminanti adsorbiti e permettendo il riutilizzo del carbone saturo.<\/p><p>Combinando la riattivazione con carboni attivi ad alte prestazioni, Chemviron offre ai suoi clienti una soluzione di purificazione dell\u2019acqua o dell\u2019aria, che \u00e8 sia economica che sostenibile.<\/p>\t\t\t\t\t\t\t\t<\/div>\n\t\t\t\t<\/div>\n\t\t\t\t<\/div>\n\t\t\t\t\t<\/div>\n\t\t\t\t<\/div>\n\t\t<div class=\"elementor-element elementor-element-7182e25e e-flex e-con-boxed elementor-invisible e-con e-parent\" data-id=\"7182e25e\" data-element_type=\"container\" data-e-type=\"container\" data-settings=\"{&quot;animation&quot;:&quot;fadeInUp&quot;}\">\n\t\t\t\t\t<div class=\"e-con-inner\">\n\t\t<div data-dce-background-color=\"#FFF4DA\" class=\"elementor-element elementor-element-11de5781 e-con-full e-flex e-con e-child\" data-id=\"11de5781\" data-element_type=\"container\" data-e-type=\"container\" data-settings=\"{&quot;background_background&quot;:&quot;classic&quot;}\">\n\t\t\t\t<div class=\"elementor-element elementor-element-7ec17212 dce_masking-none elementor-widget elementor-widget-image\" data-id=\"7ec17212\" data-element_type=\"widget\" data-e-type=\"widget\" data-widget_type=\"image.default\">\n\t\t\t\t<div class=\"elementor-widget-container\">\n\t\t\t\t\t\t\t\t\t\t\t\t\t\t\t<img decoding=\"async\" width=\"136\" height=\"136\" src=\"https:\/\/www.chemviron.eu\/wp-content\/uploads\/2024\/01\/kuraray_pictogram_user-negative-1-1.png\" class=\"attachment-large size-large wp-image-2609\" alt=\"\" \/>\t\t\t\t\t\t\t\t\t\t\t\t\t\t\t<\/div>\n\t\t\t\t<\/div>\n\t\t\t\t<\/div>\n\t\t<div data-dce-background-color=\"#FFF4DA\" class=\"elementor-element elementor-element-c35a40e e-con-full e-flex e-con e-child\" data-id=\"c35a40e\" data-element_type=\"container\" data-e-type=\"container\" data-settings=\"{&quot;background_background&quot;:&quot;classic&quot;}\">\n\t\t\t\t<div class=\"elementor-element elementor-element-325a2e2 elementor-widget elementor-widget-heading\" data-id=\"325a2e2\" data-element_type=\"widget\" data-e-type=\"widget\" data-widget_type=\"heading.default\">\n\t\t\t\t<div class=\"elementor-widget-container\">\n\t\t\t\t\t<h4 class=\"elementor-heading-title elementor-size-default\">Contatta il nostro team tecnico per maggiori informazioni.<\/h4>\t\t\t\t<\/div>\n\t\t\t\t<\/div>\n\t\t\t\t<div class=\"elementor-element elementor-element-7d82a262 elementor-widget elementor-widget-button\" data-id=\"7d82a262\" data-element_type=\"widget\" data-e-type=\"widget\" data-widget_type=\"button.default\">\n\t\t\t\t<div class=\"elementor-widget-container\">\n\t\t\t\t\t\t\t\t\t<div class=\"elementor-button-wrapper\">\n\t\t\t\t\t<a class=\"elementor-button elementor-button-link elementor-size-sm\" href=\"https:\/\/www.chemviron.eu\/it\/contatta-i-nostri-esperti\/\">\n\t\t\t\t\t\t<span class=\"elementor-button-content-wrapper\">\n\t\t\t\t\t\t\t\t\t<span class=\"elementor-button-text\">Contattaci<\/span>\n\t\t\t\t\t<\/span>\n\t\t\t\t\t<\/a>\n\t\t\t\t<\/div>\n\t\t\t\t\t\t\t\t<\/div>\n\t\t\t\t<\/div>\n\t\t\t\t<\/div>\n\t\t\t\t\t<\/div>\n\t\t\t\t<\/div>\n\t\t\t\t<\/div>\n\t\t","protected":false},"excerpt":{"rendered":"<p>Bonifica Chemviron fornisce un servizio completo di purificazione per l&#8217;adsorbimento di contaminanti nocivi dall&#8217;aria e dall&#8217;acqua utilizzando il nostro servizio di filtri mobili a carbone, la tecnologia del nostro carbone attivo e il riciclo del carbone attivo esaurito. Preservare l&#8217;ambiente e mantenere l&#8217;aria e l&#8217;acqua pulite e sicure \u00e8 fondamentale per proteggere la salute umana [&hellip;]<\/p>\n","protected":false},"author":1,"featured_media":13731,"parent":11128,"menu_order":0,"comment_status":"closed","ping_status":"closed","template":"elementor_header_footer","meta":{"_acf_changed":false,"inline_featured_image":false,"footnotes":""},"class_list":["post-11401","page","type-page","status-publish","has-post-thumbnail","hentry"],"acf":[],"yoast_head":"<!-- This site is optimized with the Yoast SEO plugin v27.3 - https:\/\/yoast.com\/product\/yoast-seo-wordpress\/ -->\n<title>Bonifica per rimuovere i contaminanti<\/title>\n<meta name=\"description\" content=\"La bonifica per rimuovere contaminanti come PFAS e pesticidi dall&#039;acqua e dall&#039;aria viene fornita attraverso soluzioni di purificazione.\" \/>\n<meta name=\"robots\" content=\"index, follow, max-snippet:-1, max-image-preview:large, max-video-preview:-1\" \/>\n<link rel=\"canonical\" href=\"https:\/\/www.chemviron.eu\/it\/applicazioni\/bonifica-per-rimuovere-i-contaminanti\/\" \/>\n<meta property=\"og:locale\" content=\"it_IT\" \/>\n<meta property=\"og:type\" content=\"article\" \/>\n<meta property=\"og:title\" content=\"Bonifica per rimuovere i contaminanti\" \/>\n<meta property=\"og:description\" content=\"La bonifica per rimuovere contaminanti come PFAS e pesticidi dall&#039;acqua e dall&#039;aria viene fornita attraverso soluzioni di purificazione.\" \/>\n<meta property=\"og:url\" content=\"https:\/\/www.chemviron.eu\/it\/applicazioni\/bonifica-per-rimuovere-i-contaminanti\/\" \/>\n<meta property=\"og:site_name\" content=\"Chemviron\" \/>\n<meta property=\"article:modified_time\" content=\"2026-04-08T13:09:29+00:00\" \/>\n<meta property=\"og:image\" content=\"https:\/\/www.chemviron.eu\/wp-content\/uploads\/2026\/02\/Remediation-scaled.jpeg\" \/>\n\t<meta property=\"og:image:width\" content=\"2560\" \/>\n\t<meta property=\"og:image:height\" content=\"1706\" \/>\n\t<meta property=\"og:image:type\" content=\"image\/jpeg\" \/>\n<meta name=\"twitter:card\" content=\"summary_large_image\" \/>\n<meta name=\"twitter:label1\" content=\"Tempo di lettura stimato\" \/>\n\t<meta name=\"twitter:data1\" content=\"4 minuti\" \/>\n<script type=\"application\/ld+json\" class=\"yoast-schema-graph\">{\"@context\":\"https:\\\/\\\/schema.org\",\"@graph\":[{\"@type\":\"WebPage\",\"@id\":\"https:\\\/\\\/www.chemviron.eu\\\/it\\\/applicazioni\\\/bonifica-per-rimuovere-i-contaminanti\\\/\",\"url\":\"https:\\\/\\\/www.chemviron.eu\\\/it\\\/applicazioni\\\/bonifica-per-rimuovere-i-contaminanti\\\/\",\"name\":\"Bonifica per rimuovere i contaminanti\",\"isPartOf\":{\"@id\":\"https:\\\/\\\/www.chemviron.eu\\\/it\\\/#website\"},\"primaryImageOfPage\":{\"@id\":\"https:\\\/\\\/www.chemviron.eu\\\/it\\\/applicazioni\\\/bonifica-per-rimuovere-i-contaminanti\\\/#primaryimage\"},\"image\":{\"@id\":\"https:\\\/\\\/www.chemviron.eu\\\/it\\\/applicazioni\\\/bonifica-per-rimuovere-i-contaminanti\\\/#primaryimage\"},\"thumbnailUrl\":\"https:\\\/\\\/www.chemviron.eu\\\/wp-content\\\/uploads\\\/2026\\\/02\\\/Remediation-scaled.jpeg\",\"datePublished\":\"2023-12-06T12:32:31+00:00\",\"dateModified\":\"2026-04-08T13:09:29+00:00\",\"description\":\"La bonifica per rimuovere contaminanti come PFAS e pesticidi dall'acqua e dall'aria viene fornita attraverso soluzioni di purificazione.\",\"breadcrumb\":{\"@id\":\"https:\\\/\\\/www.chemviron.eu\\\/it\\\/applicazioni\\\/bonifica-per-rimuovere-i-contaminanti\\\/#breadcrumb\"},\"inLanguage\":\"it-IT\",\"potentialAction\":[{\"@type\":\"ReadAction\",\"target\":[\"https:\\\/\\\/www.chemviron.eu\\\/it\\\/applicazioni\\\/bonifica-per-rimuovere-i-contaminanti\\\/\"]}]},{\"@type\":\"ImageObject\",\"inLanguage\":\"it-IT\",\"@id\":\"https:\\\/\\\/www.chemviron.eu\\\/it\\\/applicazioni\\\/bonifica-per-rimuovere-i-contaminanti\\\/#primaryimage\",\"url\":\"https:\\\/\\\/www.chemviron.eu\\\/wp-content\\\/uploads\\\/2026\\\/02\\\/Remediation-scaled.jpeg\",\"contentUrl\":\"https:\\\/\\\/www.chemviron.eu\\\/wp-content\\\/uploads\\\/2026\\\/02\\\/Remediation-scaled.jpeg\",\"width\":2560,\"height\":1706,\"caption\":\"Aerial view over heavy machinery on a building construction site\"},{\"@type\":\"BreadcrumbList\",\"@id\":\"https:\\\/\\\/www.chemviron.eu\\\/it\\\/applicazioni\\\/bonifica-per-rimuovere-i-contaminanti\\\/#breadcrumb\",\"itemListElement\":[{\"@type\":\"ListItem\",\"position\":1,\"name\":\"Home\",\"item\":\"https:\\\/\\\/www.chemviron.eu\\\/it\\\/\"},{\"@type\":\"ListItem\",\"position\":2,\"name\":\"Applicazioni\",\"item\":\"https:\\\/\\\/www.chemviron.eu\\\/it\\\/applicazioni\\\/\"},{\"@type\":\"ListItem\",\"position\":3,\"name\":\"Bonifica\"}]},{\"@type\":\"WebSite\",\"@id\":\"https:\\\/\\\/www.chemviron.eu\\\/it\\\/#website\",\"url\":\"https:\\\/\\\/www.chemviron.eu\\\/it\\\/\",\"name\":\"Chemviron\",\"description\":\"The Purification Solutions Provider\",\"publisher\":{\"@id\":\"https:\\\/\\\/www.chemviron.eu\\\/it\\\/#organization\"},\"potentialAction\":[{\"@type\":\"SearchAction\",\"target\":{\"@type\":\"EntryPoint\",\"urlTemplate\":\"https:\\\/\\\/www.chemviron.eu\\\/it\\\/?s={search_term_string}\"},\"query-input\":{\"@type\":\"PropertyValueSpecification\",\"valueRequired\":true,\"valueName\":\"search_term_string\"}}],\"inLanguage\":\"it-IT\"},{\"@type\":\"Organization\",\"@id\":\"https:\\\/\\\/www.chemviron.eu\\\/it\\\/#organization\",\"name\":\"Chemviron\",\"url\":\"https:\\\/\\\/www.chemviron.eu\\\/it\\\/\",\"logo\":{\"@type\":\"ImageObject\",\"inLanguage\":\"it-IT\",\"@id\":\"https:\\\/\\\/www.chemviron.eu\\\/it\\\/#\\\/schema\\\/logo\\\/image\\\/\",\"url\":\"https:\\\/\\\/www.chemviron.eu\\\/wp-content\\\/uploads\\\/2023\\\/12\\\/Chemviron-logo.jpg\",\"contentUrl\":\"https:\\\/\\\/www.chemviron.eu\\\/wp-content\\\/uploads\\\/2023\\\/12\\\/Chemviron-logo.jpg\",\"width\":1667,\"height\":833,\"caption\":\"Chemviron\"},\"image\":{\"@id\":\"https:\\\/\\\/www.chemviron.eu\\\/it\\\/#\\\/schema\\\/logo\\\/image\\\/\"},\"sameAs\":[\"https:\\\/\\\/www.linkedin.com\\\/company\\\/chemviron\\\/\"]}]}<\/script>\n<!-- \/ Yoast SEO plugin. -->","yoast_head_json":{"title":"Bonifica per rimuovere i contaminanti","description":"La bonifica per rimuovere contaminanti come PFAS e pesticidi dall'acqua e dall'aria viene fornita attraverso soluzioni di purificazione.","robots":{"index":"index","follow":"follow","max-snippet":"max-snippet:-1","max-image-preview":"max-image-preview:large","max-video-preview":"max-video-preview:-1"},"canonical":"https:\/\/www.chemviron.eu\/it\/applicazioni\/bonifica-per-rimuovere-i-contaminanti\/","og_locale":"it_IT","og_type":"article","og_title":"Bonifica per rimuovere i contaminanti","og_description":"La bonifica per rimuovere contaminanti come PFAS e pesticidi dall'acqua e dall'aria viene fornita attraverso soluzioni di purificazione.","og_url":"https:\/\/www.chemviron.eu\/it\/applicazioni\/bonifica-per-rimuovere-i-contaminanti\/","og_site_name":"Chemviron","article_modified_time":"2026-04-08T13:09:29+00:00","og_image":[{"width":2560,"height":1706,"url":"https:\/\/www.chemviron.eu\/wp-content\/uploads\/2026\/02\/Remediation-scaled.jpeg","type":"image\/jpeg"}],"twitter_card":"summary_large_image","twitter_misc":{"Tempo di lettura stimato":"4 minuti"},"schema":{"@context":"https:\/\/schema.org","@graph":[{"@type":"WebPage","@id":"https:\/\/www.chemviron.eu\/it\/applicazioni\/bonifica-per-rimuovere-i-contaminanti\/","url":"https:\/\/www.chemviron.eu\/it\/applicazioni\/bonifica-per-rimuovere-i-contaminanti\/","name":"Bonifica per rimuovere i contaminanti","isPartOf":{"@id":"https:\/\/www.chemviron.eu\/it\/#website"},"primaryImageOfPage":{"@id":"https:\/\/www.chemviron.eu\/it\/applicazioni\/bonifica-per-rimuovere-i-contaminanti\/#primaryimage"},"image":{"@id":"https:\/\/www.chemviron.eu\/it\/applicazioni\/bonifica-per-rimuovere-i-contaminanti\/#primaryimage"},"thumbnailUrl":"https:\/\/www.chemviron.eu\/wp-content\/uploads\/2026\/02\/Remediation-scaled.jpeg","datePublished":"2023-12-06T12:32:31+00:00","dateModified":"2026-04-08T13:09:29+00:00","description":"La bonifica per rimuovere contaminanti come PFAS e pesticidi dall'acqua e dall'aria viene fornita attraverso soluzioni di purificazione.","breadcrumb":{"@id":"https:\/\/www.chemviron.eu\/it\/applicazioni\/bonifica-per-rimuovere-i-contaminanti\/#breadcrumb"},"inLanguage":"it-IT","potentialAction":[{"@type":"ReadAction","target":["https:\/\/www.chemviron.eu\/it\/applicazioni\/bonifica-per-rimuovere-i-contaminanti\/"]}]},{"@type":"ImageObject","inLanguage":"it-IT","@id":"https:\/\/www.chemviron.eu\/it\/applicazioni\/bonifica-per-rimuovere-i-contaminanti\/#primaryimage","url":"https:\/\/www.chemviron.eu\/wp-content\/uploads\/2026\/02\/Remediation-scaled.jpeg","contentUrl":"https:\/\/www.chemviron.eu\/wp-content\/uploads\/2026\/02\/Remediation-scaled.jpeg","width":2560,"height":1706,"caption":"Aerial view over heavy machinery on a building construction site"},{"@type":"BreadcrumbList","@id":"https:\/\/www.chemviron.eu\/it\/applicazioni\/bonifica-per-rimuovere-i-contaminanti\/#breadcrumb","itemListElement":[{"@type":"ListItem","position":1,"name":"Home","item":"https:\/\/www.chemviron.eu\/it\/"},{"@type":"ListItem","position":2,"name":"Applicazioni","item":"https:\/\/www.chemviron.eu\/it\/applicazioni\/"},{"@type":"ListItem","position":3,"name":"Bonifica"}]},{"@type":"WebSite","@id":"https:\/\/www.chemviron.eu\/it\/#website","url":"https:\/\/www.chemviron.eu\/it\/","name":"Chemviron","description":"The Purification Solutions Provider","publisher":{"@id":"https:\/\/www.chemviron.eu\/it\/#organization"},"potentialAction":[{"@type":"SearchAction","target":{"@type":"EntryPoint","urlTemplate":"https:\/\/www.chemviron.eu\/it\/?s={search_term_string}"},"query-input":{"@type":"PropertyValueSpecification","valueRequired":true,"valueName":"search_term_string"}}],"inLanguage":"it-IT"},{"@type":"Organization","@id":"https:\/\/www.chemviron.eu\/it\/#organization","name":"Chemviron","url":"https:\/\/www.chemviron.eu\/it\/","logo":{"@type":"ImageObject","inLanguage":"it-IT","@id":"https:\/\/www.chemviron.eu\/it\/#\/schema\/logo\/image\/","url":"https:\/\/www.chemviron.eu\/wp-content\/uploads\/2023\/12\/Chemviron-logo.jpg","contentUrl":"https:\/\/www.chemviron.eu\/wp-content\/uploads\/2023\/12\/Chemviron-logo.jpg","width":1667,"height":833,"caption":"Chemviron"},"image":{"@id":"https:\/\/www.chemviron.eu\/it\/#\/schema\/logo\/image\/"},"sameAs":["https:\/\/www.linkedin.com\/company\/chemviron\/"]}]}},"_links":{"self":[{"href":"https:\/\/www.chemviron.eu\/it\/wp-json\/wp\/v2\/pages\/11401","targetHints":{"allow":["GET"]}}],"collection":[{"href":"https:\/\/www.chemviron.eu\/it\/wp-json\/wp\/v2\/pages"}],"about":[{"href":"https:\/\/www.chemviron.eu\/it\/wp-json\/wp\/v2\/types\/page"}],"author":[{"embeddable":true,"href":"https:\/\/www.chemviron.eu\/it\/wp-json\/wp\/v2\/users\/1"}],"replies":[{"embeddable":true,"href":"https:\/\/www.chemviron.eu\/it\/wp-json\/wp\/v2\/comments?post=11401"}],"version-history":[{"count":5,"href":"https:\/\/www.chemviron.eu\/it\/wp-json\/wp\/v2\/pages\/11401\/revisions"}],"predecessor-version":[{"id":15135,"href":"https:\/\/www.chemviron.eu\/it\/wp-json\/wp\/v2\/pages\/11401\/revisions\/15135"}],"up":[{"embeddable":true,"href":"https:\/\/www.chemviron.eu\/it\/wp-json\/wp\/v2\/pages\/11128"}],"wp:featuredmedia":[{"embeddable":true,"href":"https:\/\/www.chemviron.eu\/it\/wp-json\/wp\/v2\/media\/13731"}],"wp:attachment":[{"href":"https:\/\/www.chemviron.eu\/it\/wp-json\/wp\/v2\/media?parent=11401"}],"curies":[{"name":"wp","href":"https:\/\/api.w.org\/{rel}","templated":true}]}}