{"id":11398,"date":"2023-12-06T12:32:12","date_gmt":"2023-12-06T12:32:12","guid":{"rendered":"https:\/\/www.chemviron.eu\/applicazioni\/purification-of-wastewater\/"},"modified":"2026-04-08T13:04:09","modified_gmt":"2026-04-08T13:04:09","slug":"depurazione-delle-acque-reflue","status":"publish","type":"page","link":"https:\/\/www.chemviron.eu\/it\/applicazioni\/depurazione-delle-acque-reflue\/","title":{"rendered":"Purificazione delle acque reflue"},"content":{"rendered":"\t\t<div data-elementor-type=\"wp-page\" data-elementor-id=\"11398\" class=\"elementor elementor-11398 elementor-625\" data-elementor-post-type=\"page\">\n\t\t\t\t<div class=\"elementor-element elementor-element-78d597c5 e-flex e-con-boxed e-con e-parent\" data-id=\"78d597c5\" data-element_type=\"container\" data-e-type=\"container\">\n\t\t\t\t\t<div class=\"e-con-inner\">\n\t\t<div class=\"elementor-element elementor-element-133757b1 e-con-full e-flex e-con e-child\" data-id=\"133757b1\" data-element_type=\"container\" data-e-type=\"container\">\n\t\t\t\t<div class=\"elementor-element elementor-element-42dd81ac elementor-invisible elementor-widget elementor-widget-heading\" data-id=\"42dd81ac\" data-element_type=\"widget\" data-e-type=\"widget\" data-settings=\"{&quot;_animation&quot;:&quot;fadeIn&quot;}\" data-widget_type=\"heading.default\">\n\t\t\t\t<div class=\"elementor-widget-container\">\n\t\t\t\t\t<h1 class=\"elementor-heading-title elementor-size-default\">Purificazione delle acque reflue<\/h1>\t\t\t\t<\/div>\n\t\t\t\t<\/div>\n\t\t\t\t<div class=\"elementor-element elementor-element-73ba9da1 elementor-invisible elementor-widget elementor-widget-heading\" data-id=\"73ba9da1\" data-element_type=\"widget\" data-e-type=\"widget\" data-settings=\"{&quot;_animation&quot;:&quot;fadeIn&quot;,&quot;_animation_delay&quot;:400}\" data-widget_type=\"heading.default\">\n\t\t\t\t<div class=\"elementor-widget-container\">\n\t\t\t\t\t<h2 class=\"elementor-heading-title elementor-size-default\">Chemviron offre un servizio completo di depurazione delle acque reflue industriali per l'adsorbimento di contaminanti nocivi utilizzando il nostro servizio di filtri a carbone mobili, la tecnologia a carbone attivo e il riciclo del carbone attivo esaurito.<\/h2>\t\t\t\t<\/div>\n\t\t\t\t<\/div>\n\t\t\t\t<\/div>\n\t\t<div data-dce-background-image-url=\"https:\/\/www.chemviron.eu\/wp-content\/uploads\/2026\/02\/Wastewater-plant-1-scaled.jpeg\" class=\"elementor-element elementor-element-2750dc0c e-con-full e-flex e-con e-child\" data-id=\"2750dc0c\" data-element_type=\"container\" data-e-type=\"container\" data-settings=\"{&quot;background_background&quot;:&quot;classic&quot;}\">\n\t\t\t\t<\/div>\n\t\t\t\t\t<\/div>\n\t\t\t\t<\/div>\n\t\t<div data-dce-background-overlay-image-url=\"https:\/\/www.chemviron.eu\/wp-content\/uploads\/2024\/01\/kuraray_circle_grid_landscape_rgb.svg\" class=\"elementor-element elementor-element-50179175 e-flex e-con-boxed e-con e-parent\" data-id=\"50179175\" data-element_type=\"container\" data-e-type=\"container\">\n\t\t\t\t\t<div class=\"e-con-inner\">\n\t\t<div class=\"elementor-element elementor-element-1d73ad3f e-con-full e-flex e-con e-child\" data-id=\"1d73ad3f\" data-element_type=\"container\" data-e-type=\"container\">\n\t\t\t\t<div class=\"elementor-element elementor-element-28db6103 elementor-widget-mobile__width-inherit elementor-widget elementor-widget-text-editor\" data-id=\"28db6103\" data-element_type=\"widget\" data-e-type=\"widget\" data-widget_type=\"text-editor.default\">\n\t\t\t\t<div class=\"elementor-widget-container\">\n\t\t\t\t\t\t\t\t\t<p>Proteggere l&#8217;ambiente e mantenere l&#8217;acqua pulita e sicura sono essenziali per proteggere la salute pubblica e garantire il futuro del nostro pianeta. Chemviron offre una gamma di soluzioni e lavora a stretto contatto con i suoi clienti per ridurre l\u2019impatto ambientale delle attivit\u00e0 umane sulle nostre preziose risorse idriche.<\/p>\t\t\t\t\t\t\t\t<\/div>\n\t\t\t\t<\/div>\n\t\t\t\t<div class=\"elementor-element elementor-element-602b5da9 elementor-widget elementor-widget-heading\" data-id=\"602b5da9\" data-element_type=\"widget\" data-e-type=\"widget\" data-widget_type=\"heading.default\">\n\t\t\t\t<div class=\"elementor-widget-container\">\n\t\t\t\t\t<h3 class=\"elementor-heading-title elementor-size-default\">Purificazione  delle acque reflue tramite la tecnologia del carbone attivo<\/h3>\t\t\t\t<\/div>\n\t\t\t\t<\/div>\n\t\t\t\t<div class=\"elementor-element elementor-element-1c9ddb03 elementor-widget-mobile__width-inherit elementor-widget elementor-widget-text-editor\" data-id=\"1c9ddb03\" data-element_type=\"widget\" data-e-type=\"widget\" data-widget_type=\"text-editor.default\">\n\t\t\t\t<div class=\"elementor-widget-container\">\n\t\t\t\t\t\t\t\t\t<div><p>Le acque reflue industriali e urbane possono contenere una vasta gamma di inquinanti che possono danneggiare l\u2019ecosistema di fiumi, ruscelli e laghi in cui vengono scaricate, compromettendo cos\u00ec la sicurezza e la qualit\u00e0 delle acque superficiali e sotterranee.<\/p><p>Le acque sotterranee contaminate da attivit\u00e0 industriali passate, da serbatoi di stoccaggio sotterranei, da sversamenti accidentali o da discariche possono contenere sostanze chimiche organiche non biodegradabili, come PFAS, pesticidi e altri contaminanti nocivi. Queste sostanze, che suscitano nuove preoccupazioni, possono avere un impatto significativo sull\u2019ambiente.<\/p><p>L\u2019adsorbimento su carbone attivo, sia granulare che in polvere, \u00e8 una soluzione molto efficace per eliminare numerosi inquinanti organici e altri contaminanti presenti nell\u2019acqua. Questo metodo consente di rilasciare le acque trattate in sicurezza nell\u2019ambito del trattamento delle acque e della bonifica dei suoli. La tecnologia del carbone attivo sviluppata da Chemviron semplifica e rende sicuro il trattamento dell\u2019acqua, offrendo una soluzione di purificazione efficiente da molti anni.<\/p><\/div><div>\u00a0<\/div><div><p><a href=\"https:\/\/www.chemviron.eu\/it\/contatta-i-nostri-esperti\/\">Contatta il nostro servizio tecnico<\/a> per discutere le possibili soluzioni di trattamento.<\/p><\/div>\t\t\t\t\t\t\t\t<\/div>\n\t\t\t\t<\/div>\n\t\t\t\t<div class=\"elementor-element elementor-element-d15fc5f elementor-widget elementor-widget-heading\" data-id=\"d15fc5f\" data-element_type=\"widget\" data-e-type=\"widget\" data-widget_type=\"heading.default\">\n\t\t\t\t<div class=\"elementor-widget-container\">\n\t\t\t\t\t<h4 class=\"elementor-heading-title elementor-size-default\">Perch\u00e9 scegliere Chemviron come partner?<\/h4>\t\t\t\t<\/div>\n\t\t\t\t<\/div>\n\t\t\t\t<div class=\"elementor-element elementor-element-ca2124a elementor-widget-mobile__width-inherit elementor-widget elementor-widget-text-editor\" data-id=\"ca2124a\" data-element_type=\"widget\" data-e-type=\"widget\" data-widget_type=\"text-editor.default\">\n\t\t\t\t<div class=\"elementor-widget-container\">\n\t\t\t\t\t\t\t\t\t<p>Da oltre 40 anni Chemviron fornisce soluzioni di filtri mobili a carbone attivo, facilmente disponibili, per soddisfare esigenze che vanno dall\u2019evacuazione di pochi litri al minuto fino a centinaia di metri cubi all\u2019ora.<\/p><p>Dai primi sistemi skid, passando per le unit\u00e0 standard in container, fino all&#8217;attuale servizio di <a href=\"https:\/\/www.chemviron.eu\/it\/solutions\/filtri-mobili-a-carbone-attivo\/\">filtri mobili<\/a> a carbone CYCLESORB\u00ae, Chemviron ha sviluppato le competenze necessarie per comprendere e rispondere alle aspettative dei clienti.<\/p><p>Una grande esperienza e una comprensione approfondita delle esigenze dei clienti hanno permesso a Chemviron di offrire un servizio completo di purificazione e riciclo (riattivazione) per aiutare gli impianti di trattamento a rispettare le normative severe in materia di scarico delle acque reflue.<br \/>Chemviron propone un pacchetto completo di soluzioni per il trattamento delle acque reflue, tra cui:<\/p><ul><li>Assistenza tecnica per consigliare sul carbone attivo e sulla soluzione di servizio pi\u00f9 adatta all\u2019applicazione \u2013 contattate un rappresentante per maggiori informazioni.<\/li><li>Il servizio mobile di filtri a carbone della vasta gamma di adsorbitori mobili <strong><a href=\"https:\/\/www.chemviron.eu\/it\/solutions\/filtri-mobili-a-carbone-attivo\/water-liquids\/\">CYCLESORB\u00ae<\/a><\/strong>, disponibili a noleggio, consegnati rapidamente e facilmente installati in loco per un utilizzo immediato.<\/li><li>Fornitura di carbone attivo di alta qualit\u00e0, fornito dalla nostra azienda, il pi\u00f9 grande produttore mondiale di carboni attivi, e selezionato per l\u2019applicazione, preinstallato negli impianti mobili.<\/li><li>Sostituzione del filtro a carbone usato con un\u2019unit\u00e0 nuova, eliminando cos\u00ec la necessit\u00e0 di sostituire il carbone esausto sul posto.<\/li><li>Questo carbone usato pu\u00f2, nella maggior parte dei casi, essere restituito a uno degli impianti di riciclo di Chemviron per essere riattivato e riutilizzato.<\/li><\/ul>\t\t\t\t\t\t\t\t<\/div>\n\t\t\t\t<\/div>\n\t\t\t\t<div class=\"elementor-element elementor-element-e1ab471 elementor-widget elementor-widget-heading\" data-id=\"e1ab471\" data-element_type=\"widget\" data-e-type=\"widget\" data-widget_type=\"heading.default\">\n\t\t\t\t<div class=\"elementor-widget-container\">\n\t\t\t\t\t<h4 class=\"elementor-heading-title elementor-size-default\">Chemviron e lo sviluppo sostenibile<\/h4>\t\t\t\t<\/div>\n\t\t\t\t<\/div>\n\t\t\t\t<div class=\"elementor-element elementor-element-8b0ae1f elementor-widget-mobile__width-inherit elementor-widget elementor-widget-text-editor\" data-id=\"8b0ae1f\" data-element_type=\"widget\" data-e-type=\"widget\" data-widget_type=\"text-editor.default\">\n\t\t\t\t<div class=\"elementor-widget-container\">\n\t\t\t\t\t\t\t\t\t<p>Chemviron \u00e8 il pi\u00f9 grande riciclatore (o riattivatore) di carboni attivi al mondo, con impianti dedicati alla riattivazione dei carboni per uso potabile e alimentare in tutta Europa. L\u2019impegno costante dell\u2019azienda nello sviluppo delle proprie capacit\u00e0 di riattivazione ha permesso a Chemviron di sviluppare processi innovativi per il riciclo dei carboni attivi, contribuendo cos\u00ec a ridurre la nostra impronta di carbonio.<\/p><p>Il carbone attivo saturo viene riciclato termicamente (o riattivato) in uno dei forni progettati da Chemviron. Questi forni consentono un controllo ottimale delle operazioni per assicurare la distruzione dei contaminanti adsorbiti e permettere il riutilizzo del carbone saturo.<\/p><p>Combinando la riattivazione con carboni attivi ad alte prestazioni, Chemviron offre ai suoi clienti una soluzione di purificazione che \u00e8 sia economica che sostenibile.<\/p>\t\t\t\t\t\t\t\t<\/div>\n\t\t\t\t<\/div>\n\t\t\t\t<\/div>\n\t\t\t\t\t<\/div>\n\t\t\t\t<\/div>\n\t\t<div class=\"elementor-element elementor-element-bbee6d8 e-flex e-con-boxed elementor-invisible e-con e-parent\" data-id=\"bbee6d8\" data-element_type=\"container\" data-e-type=\"container\" data-settings=\"{&quot;animation&quot;:&quot;fadeInUp&quot;}\">\n\t\t\t\t\t<div class=\"e-con-inner\">\n\t\t<div data-dce-background-color=\"#FFF4DA\" class=\"elementor-element elementor-element-b0a1cba e-con-full e-flex e-con e-child\" data-id=\"b0a1cba\" data-element_type=\"container\" data-e-type=\"container\" data-settings=\"{&quot;background_background&quot;:&quot;classic&quot;}\">\n\t\t\t\t<div class=\"elementor-element elementor-element-4757689 dce_masking-none elementor-widget elementor-widget-image\" data-id=\"4757689\" data-element_type=\"widget\" data-e-type=\"widget\" data-widget_type=\"image.default\">\n\t\t\t\t<div class=\"elementor-widget-container\">\n\t\t\t\t\t\t\t\t\t\t\t\t\t\t\t<img decoding=\"async\" width=\"136\" height=\"136\" src=\"https:\/\/www.chemviron.eu\/wp-content\/uploads\/2024\/01\/kuraray_pictogram_user-negative-1.png\" class=\"attachment-large size-large wp-image-1988\" alt=\"\" \/>\t\t\t\t\t\t\t\t\t\t\t\t\t\t\t<\/div>\n\t\t\t\t<\/div>\n\t\t\t\t<\/div>\n\t\t<div data-dce-background-color=\"#FFF4DA\" class=\"elementor-element elementor-element-435f436 e-con-full e-flex e-con e-child\" data-id=\"435f436\" data-element_type=\"container\" data-e-type=\"container\" data-settings=\"{&quot;background_background&quot;:&quot;classic&quot;}\">\n\t\t\t\t<div class=\"elementor-element elementor-element-31a2686 elementor-widget elementor-widget-heading\" data-id=\"31a2686\" data-element_type=\"widget\" data-e-type=\"widget\" data-widget_type=\"heading.default\">\n\t\t\t\t<div class=\"elementor-widget-container\">\n\t\t\t\t\t<h4 class=\"elementor-heading-title elementor-size-default\">Contatta il nostro team tecnico per maggiori informazioni.<\/h4>\t\t\t\t<\/div>\n\t\t\t\t<\/div>\n\t\t\t\t<div class=\"elementor-element elementor-element-cfecd97 elementor-widget elementor-widget-button\" data-id=\"cfecd97\" data-element_type=\"widget\" data-e-type=\"widget\" data-widget_type=\"button.default\">\n\t\t\t\t<div class=\"elementor-widget-container\">\n\t\t\t\t\t\t\t\t\t<div class=\"elementor-button-wrapper\">\n\t\t\t\t\t<a class=\"elementor-button elementor-button-link elementor-size-sm\" href=\"https:\/\/www.chemviron.eu\/it\/contatta-i-nostri-esperti\/\">\n\t\t\t\t\t\t<span class=\"elementor-button-content-wrapper\">\n\t\t\t\t\t\t\t\t\t<span class=\"elementor-button-text\">Contattaci<\/span>\n\t\t\t\t\t<\/span>\n\t\t\t\t\t<\/a>\n\t\t\t\t<\/div>\n\t\t\t\t\t\t\t\t<\/div>\n\t\t\t\t<\/div>\n\t\t\t\t<\/div>\n\t\t\t\t\t<\/div>\n\t\t\t\t<\/div>\n\t\t\t\t<\/div>\n\t\t","protected":false},"excerpt":{"rendered":"<p>Purificazione delle acque reflue Chemviron offre un servizio completo di depurazione delle acque reflue industriali per l&#8217;adsorbimento di contaminanti nocivi utilizzando il nostro servizio di filtri a carbone mobili, la tecnologia a carbone attivo e il riciclo del carbone attivo esaurito. Proteggere l&#8217;ambiente e mantenere l&#8217;acqua pulita e sicura sono essenziali per proteggere la salute [&hellip;]<\/p>\n","protected":false},"author":1,"featured_media":13716,"parent":11128,"menu_order":0,"comment_status":"closed","ping_status":"closed","template":"elementor_header_footer","meta":{"_acf_changed":false,"inline_featured_image":false,"footnotes":""},"class_list":["post-11398","page","type-page","status-publish","has-post-thumbnail","hentry"],"acf":[],"yoast_head":"<!-- This site is optimized with the Yoast SEO plugin v27.3 - https:\/\/yoast.com\/product\/yoast-seo-wordpress\/ -->\n<title>Soluzioni di depurazione per acque reflue industriali e municipali<\/title>\n<meta name=\"description\" content=\"Soluzioni complete per la depurazione delle acque reflue industriali e municipali per rimuovere i contaminanti nocivi.\" \/>\n<meta name=\"robots\" content=\"index, follow, max-snippet:-1, max-image-preview:large, max-video-preview:-1\" \/>\n<link rel=\"canonical\" href=\"https:\/\/www.chemviron.eu\/it\/applicazioni\/depurazione-delle-acque-reflue\/\" \/>\n<meta property=\"og:locale\" content=\"it_IT\" \/>\n<meta property=\"og:type\" content=\"article\" \/>\n<meta property=\"og:title\" content=\"Soluzioni di depurazione per acque reflue industriali e municipali\" \/>\n<meta property=\"og:description\" content=\"Soluzioni complete per la depurazione delle acque reflue industriali e municipali per rimuovere i contaminanti nocivi.\" \/>\n<meta property=\"og:url\" content=\"https:\/\/www.chemviron.eu\/it\/applicazioni\/depurazione-delle-acque-reflue\/\" \/>\n<meta property=\"og:site_name\" content=\"Chemviron\" \/>\n<meta property=\"article:modified_time\" content=\"2026-04-08T13:04:09+00:00\" \/>\n<meta property=\"og:image\" content=\"https:\/\/www.chemviron.eu\/wp-content\/uploads\/2026\/02\/Wastewater-plant-scaled.jpeg\" \/>\n\t<meta property=\"og:image:width\" content=\"2560\" \/>\n\t<meta property=\"og:image:height\" content=\"1463\" \/>\n\t<meta property=\"og:image:type\" content=\"image\/jpeg\" \/>\n<meta name=\"twitter:card\" content=\"summary_large_image\" \/>\n<meta name=\"twitter:label1\" content=\"Tempo di lettura stimato\" \/>\n\t<meta name=\"twitter:data1\" content=\"4 minuti\" \/>\n<script type=\"application\/ld+json\" class=\"yoast-schema-graph\">{\"@context\":\"https:\\\/\\\/schema.org\",\"@graph\":[{\"@type\":\"WebPage\",\"@id\":\"https:\\\/\\\/www.chemviron.eu\\\/it\\\/applicazioni\\\/depurazione-delle-acque-reflue\\\/\",\"url\":\"https:\\\/\\\/www.chemviron.eu\\\/it\\\/applicazioni\\\/depurazione-delle-acque-reflue\\\/\",\"name\":\"Soluzioni di depurazione per acque reflue industriali e municipali\",\"isPartOf\":{\"@id\":\"https:\\\/\\\/www.chemviron.eu\\\/it\\\/#website\"},\"primaryImageOfPage\":{\"@id\":\"https:\\\/\\\/www.chemviron.eu\\\/it\\\/applicazioni\\\/depurazione-delle-acque-reflue\\\/#primaryimage\"},\"image\":{\"@id\":\"https:\\\/\\\/www.chemviron.eu\\\/it\\\/applicazioni\\\/depurazione-delle-acque-reflue\\\/#primaryimage\"},\"thumbnailUrl\":\"https:\\\/\\\/www.chemviron.eu\\\/wp-content\\\/uploads\\\/2026\\\/02\\\/Wastewater-plant-scaled.jpeg\",\"datePublished\":\"2023-12-06T12:32:12+00:00\",\"dateModified\":\"2026-04-08T13:04:09+00:00\",\"description\":\"Soluzioni complete per la depurazione delle acque reflue industriali e municipali per rimuovere i contaminanti nocivi.\",\"breadcrumb\":{\"@id\":\"https:\\\/\\\/www.chemviron.eu\\\/it\\\/applicazioni\\\/depurazione-delle-acque-reflue\\\/#breadcrumb\"},\"inLanguage\":\"it-IT\",\"potentialAction\":[{\"@type\":\"ReadAction\",\"target\":[\"https:\\\/\\\/www.chemviron.eu\\\/it\\\/applicazioni\\\/depurazione-delle-acque-reflue\\\/\"]}]},{\"@type\":\"ImageObject\",\"inLanguage\":\"it-IT\",\"@id\":\"https:\\\/\\\/www.chemviron.eu\\\/it\\\/applicazioni\\\/depurazione-delle-acque-reflue\\\/#primaryimage\",\"url\":\"https:\\\/\\\/www.chemviron.eu\\\/wp-content\\\/uploads\\\/2026\\\/02\\\/Wastewater-plant-scaled.jpeg\",\"contentUrl\":\"https:\\\/\\\/www.chemviron.eu\\\/wp-content\\\/uploads\\\/2026\\\/02\\\/Wastewater-plant-scaled.jpeg\",\"width\":2560,\"height\":1463,\"caption\":\"wastewater-purification-solution-with-activated-carbon\"},{\"@type\":\"BreadcrumbList\",\"@id\":\"https:\\\/\\\/www.chemviron.eu\\\/it\\\/applicazioni\\\/depurazione-delle-acque-reflue\\\/#breadcrumb\",\"itemListElement\":[{\"@type\":\"ListItem\",\"position\":1,\"name\":\"Home\",\"item\":\"https:\\\/\\\/www.chemviron.eu\\\/it\\\/\"},{\"@type\":\"ListItem\",\"position\":2,\"name\":\"Applicazioni\",\"item\":\"https:\\\/\\\/www.chemviron.eu\\\/it\\\/applicazioni\\\/\"},{\"@type\":\"ListItem\",\"position\":3,\"name\":\"Purificazione delle acque reflue\"}]},{\"@type\":\"WebSite\",\"@id\":\"https:\\\/\\\/www.chemviron.eu\\\/it\\\/#website\",\"url\":\"https:\\\/\\\/www.chemviron.eu\\\/it\\\/\",\"name\":\"Chemviron\",\"description\":\"The Purification Solutions Provider\",\"publisher\":{\"@id\":\"https:\\\/\\\/www.chemviron.eu\\\/it\\\/#organization\"},\"potentialAction\":[{\"@type\":\"SearchAction\",\"target\":{\"@type\":\"EntryPoint\",\"urlTemplate\":\"https:\\\/\\\/www.chemviron.eu\\\/it\\\/?s={search_term_string}\"},\"query-input\":{\"@type\":\"PropertyValueSpecification\",\"valueRequired\":true,\"valueName\":\"search_term_string\"}}],\"inLanguage\":\"it-IT\"},{\"@type\":\"Organization\",\"@id\":\"https:\\\/\\\/www.chemviron.eu\\\/it\\\/#organization\",\"name\":\"Chemviron\",\"url\":\"https:\\\/\\\/www.chemviron.eu\\\/it\\\/\",\"logo\":{\"@type\":\"ImageObject\",\"inLanguage\":\"it-IT\",\"@id\":\"https:\\\/\\\/www.chemviron.eu\\\/it\\\/#\\\/schema\\\/logo\\\/image\\\/\",\"url\":\"https:\\\/\\\/www.chemviron.eu\\\/wp-content\\\/uploads\\\/2023\\\/12\\\/Chemviron-logo.jpg\",\"contentUrl\":\"https:\\\/\\\/www.chemviron.eu\\\/wp-content\\\/uploads\\\/2023\\\/12\\\/Chemviron-logo.jpg\",\"width\":1667,\"height\":833,\"caption\":\"Chemviron\"},\"image\":{\"@id\":\"https:\\\/\\\/www.chemviron.eu\\\/it\\\/#\\\/schema\\\/logo\\\/image\\\/\"},\"sameAs\":[\"https:\\\/\\\/www.linkedin.com\\\/company\\\/chemviron\\\/\"]}]}<\/script>\n<!-- \/ Yoast SEO plugin. -->","yoast_head_json":{"title":"Soluzioni di depurazione per acque reflue industriali e municipali","description":"Soluzioni complete per la depurazione delle acque reflue industriali e municipali per rimuovere i contaminanti nocivi.","robots":{"index":"index","follow":"follow","max-snippet":"max-snippet:-1","max-image-preview":"max-image-preview:large","max-video-preview":"max-video-preview:-1"},"canonical":"https:\/\/www.chemviron.eu\/it\/applicazioni\/depurazione-delle-acque-reflue\/","og_locale":"it_IT","og_type":"article","og_title":"Soluzioni di depurazione per acque reflue industriali e municipali","og_description":"Soluzioni complete per la depurazione delle acque reflue industriali e municipali per rimuovere i contaminanti nocivi.","og_url":"https:\/\/www.chemviron.eu\/it\/applicazioni\/depurazione-delle-acque-reflue\/","og_site_name":"Chemviron","article_modified_time":"2026-04-08T13:04:09+00:00","og_image":[{"width":2560,"height":1463,"url":"https:\/\/www.chemviron.eu\/wp-content\/uploads\/2026\/02\/Wastewater-plant-scaled.jpeg","type":"image\/jpeg"}],"twitter_card":"summary_large_image","twitter_misc":{"Tempo di lettura stimato":"4 minuti"},"schema":{"@context":"https:\/\/schema.org","@graph":[{"@type":"WebPage","@id":"https:\/\/www.chemviron.eu\/it\/applicazioni\/depurazione-delle-acque-reflue\/","url":"https:\/\/www.chemviron.eu\/it\/applicazioni\/depurazione-delle-acque-reflue\/","name":"Soluzioni di depurazione per acque reflue industriali e municipali","isPartOf":{"@id":"https:\/\/www.chemviron.eu\/it\/#website"},"primaryImageOfPage":{"@id":"https:\/\/www.chemviron.eu\/it\/applicazioni\/depurazione-delle-acque-reflue\/#primaryimage"},"image":{"@id":"https:\/\/www.chemviron.eu\/it\/applicazioni\/depurazione-delle-acque-reflue\/#primaryimage"},"thumbnailUrl":"https:\/\/www.chemviron.eu\/wp-content\/uploads\/2026\/02\/Wastewater-plant-scaled.jpeg","datePublished":"2023-12-06T12:32:12+00:00","dateModified":"2026-04-08T13:04:09+00:00","description":"Soluzioni complete per la depurazione delle acque reflue industriali e municipali per rimuovere i contaminanti nocivi.","breadcrumb":{"@id":"https:\/\/www.chemviron.eu\/it\/applicazioni\/depurazione-delle-acque-reflue\/#breadcrumb"},"inLanguage":"it-IT","potentialAction":[{"@type":"ReadAction","target":["https:\/\/www.chemviron.eu\/it\/applicazioni\/depurazione-delle-acque-reflue\/"]}]},{"@type":"ImageObject","inLanguage":"it-IT","@id":"https:\/\/www.chemviron.eu\/it\/applicazioni\/depurazione-delle-acque-reflue\/#primaryimage","url":"https:\/\/www.chemviron.eu\/wp-content\/uploads\/2026\/02\/Wastewater-plant-scaled.jpeg","contentUrl":"https:\/\/www.chemviron.eu\/wp-content\/uploads\/2026\/02\/Wastewater-plant-scaled.jpeg","width":2560,"height":1463,"caption":"wastewater-purification-solution-with-activated-carbon"},{"@type":"BreadcrumbList","@id":"https:\/\/www.chemviron.eu\/it\/applicazioni\/depurazione-delle-acque-reflue\/#breadcrumb","itemListElement":[{"@type":"ListItem","position":1,"name":"Home","item":"https:\/\/www.chemviron.eu\/it\/"},{"@type":"ListItem","position":2,"name":"Applicazioni","item":"https:\/\/www.chemviron.eu\/it\/applicazioni\/"},{"@type":"ListItem","position":3,"name":"Purificazione delle acque reflue"}]},{"@type":"WebSite","@id":"https:\/\/www.chemviron.eu\/it\/#website","url":"https:\/\/www.chemviron.eu\/it\/","name":"Chemviron","description":"The Purification Solutions Provider","publisher":{"@id":"https:\/\/www.chemviron.eu\/it\/#organization"},"potentialAction":[{"@type":"SearchAction","target":{"@type":"EntryPoint","urlTemplate":"https:\/\/www.chemviron.eu\/it\/?s={search_term_string}"},"query-input":{"@type":"PropertyValueSpecification","valueRequired":true,"valueName":"search_term_string"}}],"inLanguage":"it-IT"},{"@type":"Organization","@id":"https:\/\/www.chemviron.eu\/it\/#organization","name":"Chemviron","url":"https:\/\/www.chemviron.eu\/it\/","logo":{"@type":"ImageObject","inLanguage":"it-IT","@id":"https:\/\/www.chemviron.eu\/it\/#\/schema\/logo\/image\/","url":"https:\/\/www.chemviron.eu\/wp-content\/uploads\/2023\/12\/Chemviron-logo.jpg","contentUrl":"https:\/\/www.chemviron.eu\/wp-content\/uploads\/2023\/12\/Chemviron-logo.jpg","width":1667,"height":833,"caption":"Chemviron"},"image":{"@id":"https:\/\/www.chemviron.eu\/it\/#\/schema\/logo\/image\/"},"sameAs":["https:\/\/www.linkedin.com\/company\/chemviron\/"]}]}},"_links":{"self":[{"href":"https:\/\/www.chemviron.eu\/it\/wp-json\/wp\/v2\/pages\/11398","targetHints":{"allow":["GET"]}}],"collection":[{"href":"https:\/\/www.chemviron.eu\/it\/wp-json\/wp\/v2\/pages"}],"about":[{"href":"https:\/\/www.chemviron.eu\/it\/wp-json\/wp\/v2\/types\/page"}],"author":[{"embeddable":true,"href":"https:\/\/www.chemviron.eu\/it\/wp-json\/wp\/v2\/users\/1"}],"replies":[{"embeddable":true,"href":"https:\/\/www.chemviron.eu\/it\/wp-json\/wp\/v2\/comments?post=11398"}],"version-history":[{"count":5,"href":"https:\/\/www.chemviron.eu\/it\/wp-json\/wp\/v2\/pages\/11398\/revisions"}],"predecessor-version":[{"id":15132,"href":"https:\/\/www.chemviron.eu\/it\/wp-json\/wp\/v2\/pages\/11398\/revisions\/15132"}],"up":[{"embeddable":true,"href":"https:\/\/www.chemviron.eu\/it\/wp-json\/wp\/v2\/pages\/11128"}],"wp:featuredmedia":[{"embeddable":true,"href":"https:\/\/www.chemviron.eu\/it\/wp-json\/wp\/v2\/media\/13716"}],"wp:attachment":[{"href":"https:\/\/www.chemviron.eu\/it\/wp-json\/wp\/v2\/media?parent=11398"}],"curies":[{"name":"wp","href":"https:\/\/api.w.org\/{rel}","templated":true}]}}