{"id":11395,"date":"2023-12-06T12:31:58","date_gmt":"2023-12-06T12:31:58","guid":{"rendered":"https:\/\/www.chemviron.eu\/applicazioni\/drinking-water\/"},"modified":"2026-02-10T15:14:02","modified_gmt":"2026-02-10T15:14:02","slug":"trattamento-aqua-potabile","status":"publish","type":"page","link":"https:\/\/www.chemviron.eu\/it\/applicazioni\/trattamento-aqua-potabile\/","title":{"rendered":"Aqua potabile"},"content":{"rendered":"\t\t<div data-elementor-type=\"wp-page\" data-elementor-id=\"11395\" class=\"elementor elementor-11395 elementor-623\" data-elementor-post-type=\"page\">\n\t\t\t\t<div class=\"elementor-element elementor-element-25a8cae7 e-flex e-con-boxed e-con e-parent\" data-id=\"25a8cae7\" data-element_type=\"container\" data-e-type=\"container\">\n\t\t\t\t\t<div class=\"e-con-inner\">\n\t\t<div class=\"elementor-element elementor-element-1163c694 e-con-full e-flex e-con e-child\" data-id=\"1163c694\" data-element_type=\"container\" data-e-type=\"container\">\n\t\t\t\t<div class=\"elementor-element elementor-element-37455a3 elementor-invisible elementor-widget elementor-widget-heading\" data-id=\"37455a3\" data-element_type=\"widget\" data-e-type=\"widget\" data-settings=\"{&quot;_animation&quot;:&quot;fadeIn&quot;}\" data-widget_type=\"heading.default\">\n\t\t\t\t<div class=\"elementor-widget-container\">\n\t\t\t\t\t<h1 class=\"elementor-heading-title elementor-size-default\">Aqua Potabile<\/h1>\t\t\t\t<\/div>\n\t\t\t\t<\/div>\n\t\t\t\t<div class=\"elementor-element elementor-element-3b43db54 elementor-invisible elementor-widget elementor-widget-heading\" data-id=\"3b43db54\" data-element_type=\"widget\" data-e-type=\"widget\" data-settings=\"{&quot;_animation&quot;:&quot;fadeIn&quot;,&quot;_animation_delay&quot;:400}\" data-widget_type=\"heading.default\">\n\t\t\t\t<div class=\"elementor-widget-container\">\n\t\t\t\t\t<h2 class=\"elementor-heading-title elementor-size-default\">Chemviron fornisce soluzioni integrate per la rimozione di pesticidi, contaminanti emergenti, composti organici in tracce (TOC), sostanze responsabili di odori e sapori, e microinquinanti organici. Le nostre tecnologie si basano sull\u2019impiego di carboni attivi ad alte prestazioni, abbinati a servizi di riattivazione termica personalizzata e di filtri mobili a carbone.<\/h2>\t\t\t\t<\/div>\n\t\t\t\t<\/div>\n\t\t\t\t<\/div>\n\t\t<div data-dce-background-image-url=\"https:\/\/www.chemviron.eu\/wp-content\/uploads\/2026\/02\/Drinking-Water-high2-1-scaled.jpg\" class=\"elementor-element elementor-element-1fca85c4 e-con-full e-flex e-con e-child\" data-id=\"1fca85c4\" data-element_type=\"container\" data-e-type=\"container\" data-settings=\"{&quot;background_background&quot;:&quot;classic&quot;}\">\n\t\t\t\t<\/div>\n\t\t\t\t\t<\/div>\n\t\t\t\t<\/div>\n\t\t<div data-dce-background-overlay-image-url=\"https:\/\/www.chemviron.eu\/wp-content\/uploads\/2023\/12\/kuraray_circle_grid_landscape_rgb.svg\" class=\"elementor-element elementor-element-72365be8 e-flex e-con-boxed e-con e-parent\" data-id=\"72365be8\" data-element_type=\"container\" data-e-type=\"container\">\n\t\t\t\t\t<div class=\"e-con-inner\">\n\t\t<div class=\"elementor-element elementor-element-2e8b6a95 e-con-full e-flex e-con e-child\" data-id=\"2e8b6a95\" data-element_type=\"container\" data-e-type=\"container\">\n\t\t\t\t<div class=\"elementor-element elementor-element-c7616a8 elementor-widget-mobile__width-inherit elementor-widget elementor-widget-text-editor\" data-id=\"c7616a8\" data-element_type=\"widget\" data-e-type=\"widget\" data-widget_type=\"text-editor.default\">\n\t\t\t\t<div class=\"elementor-widget-container\">\n\t\t\t\t\t\t\t\t\t<p>Garantire una qualit\u00e0 dell\u2019acqua conforme ai requisiti normativi \u00e8 un elemento critico per la tutela della salute pubblica. Chemviron \u00e8 stata la prima azienda a introdurre su larga scala il carbone attivo granulare (GAC) negli impianti europei di trattamento potabile, stabilendo gli standard industriali per la rimozione di sapori, odori e pesticidi. La gamma di carboni attivi FILTRASORB\u00ae, riciclabile tramite riattivazione, offre una soluzione di trattamento sostenibile ed efficace.<\/p>\t\t\t\t\t\t\t\t<\/div>\n\t\t\t\t<\/div>\n\t\t\t\t<div class=\"elementor-element elementor-element-0b4f9f6 elementor-widget elementor-widget-heading\" data-id=\"0b4f9f6\" data-element_type=\"widget\" data-e-type=\"widget\" data-widget_type=\"heading.default\">\n\t\t\t\t<div class=\"elementor-widget-container\">\n\t\t\t\t\t<h3 class=\"elementor-heading-title elementor-size-default\">La tecnologia del carbone attivo per la purificazione dell\u2019acqua potabile<\/h3>\t\t\t\t<\/div>\n\t\t\t\t<\/div>\n\t\t\t\t<div class=\"elementor-element elementor-element-94e488f elementor-widget-mobile__width-inherit elementor-widget elementor-widget-text-editor\" data-id=\"94e488f\" data-element_type=\"widget\" data-e-type=\"widget\" data-widget_type=\"text-editor.default\">\n\t\t\t\t<div class=\"elementor-widget-container\">\n\t\t\t\t\t\t\t\t\t<p>I contaminanti organici persistenti sono composti organici con propriet\u00e0 tossiche che inquinano l\u2019ambiente, si accumulano nelle catene alimentari e possono infiltrarsi nelle nostre fonti di acqua potabile. Tra questi rientrano pesticidi, erbicidi, sottoprodotti della disinfezione, microinquinanti, prodotti farmaceutici, cosmetici e PFAS.<\/p>\n<p>Il carbone attivo granulare \u00e8 riconosciuto in Europa come tecnologia di riferimento per la produzione di acqua potabile da acque superficiali e sotterranee. \u00c8 utilizzato efficacemente in filtri aperti a gravit\u00e0, filtri a pressione, filtri lenti a sabbia e nel servizio di filtri mobili a carbone.<\/p>\n<p>La filtrazione con carbone attivo pu\u00f2 essere impiegata anche al punto di utilizzo o come filtro domestico per migliorare ulteriormente la qualit\u00e0 dell\u2019acqua in edifici commerciali, industriali e residenziali. Molti processi industriali richiedono infatti acqua priva di contaminanti.<br \/>Il carbone attivo viene utilizzato per la declorazione e per eliminare contaminanti indesiderati; trova inoltre impiego nei filtri per acquari, allevamenti ittici e stagni per ridurre la presenza di sostanze organiche.<\/p>\n<p>Fin dalle prime applicazioni del carbone attivo nella purificazione dell\u2019acqua potabile, Chemviron \u00e8 all\u2019avanguardia nello sviluppo e nella produzione di carboni attivi di alta qualit\u00e0. L\u2019azienda collabora con numerosi servizi idrici, societ\u00e0 di ingegneria e autorit\u00e0 locali per aiutarli a rispettare gli standard pi\u00f9 rigorosi in materia di acqua potabile.<\/p>\t\t\t\t\t\t\t\t<\/div>\n\t\t\t\t<\/div>\n\t\t\t\t<div class=\"elementor-element elementor-element-e0d8c84 elementor-widget elementor-widget-heading\" data-id=\"e0d8c84\" data-element_type=\"widget\" data-e-type=\"widget\" data-widget_type=\"heading.default\">\n\t\t\t\t<div class=\"elementor-widget-container\">\n\t\t\t\t\t<h3 class=\"elementor-heading-title elementor-size-default\">Il carbone attivo ad alte prestazioni: FILTRASORB\u00ae<\/h3>\t\t\t\t<\/div>\n\t\t\t\t<\/div>\n\t\t\t\t<div class=\"elementor-element elementor-element-974c264 elementor-widget-mobile__width-inherit elementor-widget elementor-widget-text-editor\" data-id=\"974c264\" data-element_type=\"widget\" data-e-type=\"widget\" data-widget_type=\"text-editor.default\">\n\t\t\t\t<div class=\"elementor-widget-container\">\n\t\t\t\t\t\t\t\t\t<p>I carboni attivi granulari ad alte prestazioni <strong>FILTRASORB\u00ae<\/strong>, sviluppati e prodotti da Chemviron, sono tra i pi\u00f9 utilizzati in Europa per il trattamento dell\u2019acqua potabile.<br \/>Si tratta di carboni riagglomerati, progettati per offrire una struttura porosa ottimale per la rimozione dei microinquinanti, con prestazioni comprovate su numerosi pesticidi, composti organici in tracce e PFAS.<\/p><p>I carboni attivi <strong>FILTRASORB\u00ae<\/strong> sono progettati per essere riattivati pi\u00f9 volte, garantendo un utilizzo sostenibile e duraturo della tecnologia.<br \/>Anche i carboni attivi in polvere sono ampiamente utilizzati nella produzione di acqua potabile per gestire carichi stagionali o di picco, oppure quando le portate non giustificano l\u2019installazione di un letto fisso di carboni granulari. Chemviron offre una gamma completa di carboni attivi in polvere per soddisfare esigenze diverse nel trattamento dell\u2019acqua.<\/p><p><a href=\"https:\/\/www.chemviron.eu\/it\/contatta-i-nostri-esperti\/\">Contatta il nostro servizio tecnico<\/a> per discutere le possibili opzioni disponibili e le soluzioni pi\u00f9 adatte alle tue esigenze attuali o future.<\/p>\t\t\t\t\t\t\t\t<\/div>\n\t\t\t\t<\/div>\n\t\t\t\t<div class=\"elementor-element elementor-element-66331ed elementor-widget elementor-widget-heading\" data-id=\"66331ed\" data-element_type=\"widget\" data-e-type=\"widget\" data-widget_type=\"heading.default\">\n\t\t\t\t<div class=\"elementor-widget-container\">\n\t\t\t\t\t<h3 class=\"elementor-heading-title elementor-size-default\">Perch\u00e9 scegliere Chemviron come partner?<\/h3>\t\t\t\t<\/div>\n\t\t\t\t<\/div>\n\t\t\t\t<div class=\"elementor-element elementor-element-0abd871 elementor-widget-mobile__width-inherit elementor-widget elementor-widget-text-editor\" data-id=\"0abd871\" data-element_type=\"widget\" data-e-type=\"widget\" data-widget_type=\"text-editor.default\">\n\t\t\t\t<div class=\"elementor-widget-container\">\n\t\t\t\t\t\t\t\t\t<p>Chemviron \u00e8 il pi\u00f9 grande produttore mondiale di carbone attivo granulare, utilizzato da oltre 80 anni per purificare aria e acqua. Grazie alla sua profonda esperienza e a una conoscenza accurata delle esigenze dei clienti, offre un servizio completo di purificazione e di riciclo (riattivazione), aiutando gli impianti di distribuzione dell\u2019acqua potabile a rispettare anche le normative pi\u00f9 severe.<\/p><ul><li>Offriamo consulenza tecnica e assistenza nella scelta del carbone attivo e della soluzione di servizio pi\u00f9 adatta all&#8217;applicazione \u2013<a href=\"https:\/\/www.chemviron.eu\/it\/contatta-i-nostri-esperti\/\"> contatta un nostro rappresentante per saperne di pi\u00f9<\/a>.<\/li><li>Eseguiamo test in laboratorio o su impianti pilota, utili per individuare le condizioni operative ottimali e definire la soluzione pi\u00f9 efficace per\u00a0le vostre esigenze di purificazione.<\/li><li>Forniamo carboni attivi di alta qualit\u00e0, in polvere e in granuli, come <strong>FILTRASORB\u00ae<\/strong>, specificamente adattati ai diversi utilizzi.<\/li><li>Nei nostri impianti specializzati riattiviamo i carboni esausti secondo le esigenze specifiche, consentendone il ritorno e il riutilizzo nello stesso impianto di trattamento.<\/li><li>Il nostro <a href=\"https:\/\/www.chemviron.eu\/it\/solutions\/filtri-mobili-a-carbone-attivo\/water-liquids\/\">servizio di filtri mobili a carbone attivo<\/a> <strong>CYCLESORB\u00ae<\/strong> \u00e8 disponibile a noleggio in caso di emergenza. I filtri vengono consegnati rapidamente, installati e forniti gi\u00e0 pre-riempiti con carbone attivo per un utilizzo immediato. Le unit\u00e0 esauste possono essere sostituite con nuove senza necessit\u00e0 di manipolare il carbone attivo in loco.<\/li><li>Garantiamo elevati standard di sicurezza alimentare, grazie alla certificazione<strong> ISO 22000<\/strong> del nostro sito di Feluy, in Belgio.<\/li><\/ul>\t\t\t\t\t\t\t\t<\/div>\n\t\t\t\t<\/div>\n\t\t\t\t<div class=\"elementor-element elementor-element-a999aaf elementor-widget elementor-widget-heading\" data-id=\"a999aaf\" data-element_type=\"widget\" data-e-type=\"widget\" data-widget_type=\"heading.default\">\n\t\t\t\t<div class=\"elementor-widget-container\">\n\t\t\t\t\t<h3 class=\"elementor-heading-title elementor-size-default\">Chemviron e lo sviluppo sostenibile<\/h3>\t\t\t\t<\/div>\n\t\t\t\t<\/div>\n\t\t\t\t<div class=\"elementor-element elementor-element-5a5cd79a elementor-widget-mobile__width-inherit elementor-widget elementor-widget-text-editor\" data-id=\"5a5cd79a\" data-element_type=\"widget\" data-e-type=\"widget\" data-widget_type=\"text-editor.default\">\n\t\t\t\t<div class=\"elementor-widget-container\">\n\t\t\t\t\t\t\t\t\t<p>Chemviron \u00e8 leader globale nella riattivazione termica dei carboni attivi, con impianti dedicati alla riattivazione per uso potabile e alimentare in tutta Europa. L\u2019impegno costante nello sviluppo delle capacit\u00e0 di riattivazione ha permesso all\u2019azienda di creare processi innovativi per il riciclo dei carboni attivi, contribuendo alla riduzione dell\u2019impronta di CO<sub>2<\/sub>.<\/p>\n<p>Il carbone attivo esausto viene riciclato termicamente (riattivato) in forni progettati da Chemviron, che garantiscono un controllo ottimale delle operazioni, la distruzione dei contaminanti adsorbiti e il recupero del carbone per il riutilizzo.<br \/>Combinando carboni ad alte prestazioni e cicli ripetuti di riattivazione, Chemviron offre ai propri clienti soluzioni di purificazione economicamente competitive e sostenibili con ridotto impatto ambientale.<\/p>\t\t\t\t\t\t\t\t<\/div>\n\t\t\t\t<\/div>\n\t\t\t\t<\/div>\n\t\t\t\t\t<\/div>\n\t\t\t\t<\/div>\n\t\t<div class=\"elementor-element elementor-element-a301cc8 e-flex e-con-boxed elementor-invisible e-con e-parent\" data-id=\"a301cc8\" data-element_type=\"container\" data-e-type=\"container\" data-settings=\"{&quot;animation&quot;:&quot;fadeInUp&quot;}\">\n\t\t\t\t\t<div class=\"e-con-inner\">\n\t\t<div data-dce-background-color=\"#FFF4DA\" class=\"elementor-element elementor-element-7b8820c e-con-full e-flex e-con e-child\" data-id=\"7b8820c\" data-element_type=\"container\" data-e-type=\"container\" data-settings=\"{&quot;background_background&quot;:&quot;classic&quot;}\">\n\t\t\t\t<div class=\"elementor-element elementor-element-b1a7bad dce_masking-none elementor-widget elementor-widget-image\" data-id=\"b1a7bad\" data-element_type=\"widget\" data-e-type=\"widget\" data-widget_type=\"image.default\">\n\t\t\t\t<div class=\"elementor-widget-container\">\n\t\t\t\t\t\t\t\t\t\t\t\t\t\t\t<img decoding=\"async\" width=\"136\" height=\"136\" src=\"https:\/\/www.chemviron.eu\/wp-content\/uploads\/2024\/01\/kuraray_pictogram_user-negative-1.png\" class=\"attachment-large size-large wp-image-1988\" alt=\"\" \/>\t\t\t\t\t\t\t\t\t\t\t\t\t\t\t<\/div>\n\t\t\t\t<\/div>\n\t\t\t\t<\/div>\n\t\t<div data-dce-background-color=\"#FFF4DA\" class=\"elementor-element elementor-element-6f8a334 e-con-full e-flex e-con e-child\" data-id=\"6f8a334\" data-element_type=\"container\" data-e-type=\"container\" data-settings=\"{&quot;background_background&quot;:&quot;classic&quot;}\">\n\t\t\t\t<div class=\"elementor-element elementor-element-75c2735 elementor-widget elementor-widget-heading\" data-id=\"75c2735\" data-element_type=\"widget\" data-e-type=\"widget\" data-widget_type=\"heading.default\">\n\t\t\t\t<div class=\"elementor-widget-container\">\n\t\t\t\t\t<h4 class=\"elementor-heading-title elementor-size-default\">Contatta il nostro team tecnico per maggiori informazioni.<\/h4>\t\t\t\t<\/div>\n\t\t\t\t<\/div>\n\t\t\t\t<div class=\"elementor-element elementor-element-d346139 elementor-widget elementor-widget-button\" data-id=\"d346139\" data-element_type=\"widget\" data-e-type=\"widget\" data-widget_type=\"button.default\">\n\t\t\t\t<div class=\"elementor-widget-container\">\n\t\t\t\t\t\t\t\t\t<div class=\"elementor-button-wrapper\">\n\t\t\t\t\t<a class=\"elementor-button elementor-button-link elementor-size-sm\" href=\"https:\/\/www.chemviron.eu\/it\/contatta-i-nostri-esperti\/\">\n\t\t\t\t\t\t<span class=\"elementor-button-content-wrapper\">\n\t\t\t\t\t\t\t\t\t<span class=\"elementor-button-text\">Contattaci<\/span>\n\t\t\t\t\t<\/span>\n\t\t\t\t\t<\/a>\n\t\t\t\t<\/div>\n\t\t\t\t\t\t\t\t<\/div>\n\t\t\t\t<\/div>\n\t\t\t\t<\/div>\n\t\t\t\t\t<\/div>\n\t\t\t\t<\/div>\n\t\t\t\t<\/div>\n\t\t","protected":false},"excerpt":{"rendered":"<p>Aqua Potabile Chemviron fornisce soluzioni integrate per la rimozione di pesticidi, contaminanti emergenti, composti organici in tracce (TOC), sostanze responsabili di odori e sapori, e microinquinanti organici. Le nostre tecnologie si basano sull\u2019impiego di carboni attivi ad alte prestazioni, abbinati a servizi di riattivazione termica personalizzata e di filtri mobili a carbone. Garantire una qualit\u00e0 [&hellip;]<\/p>\n","protected":false},"author":1,"featured_media":13293,"parent":11128,"menu_order":0,"comment_status":"closed","ping_status":"closed","template":"elementor_header_footer","meta":{"_acf_changed":false,"inline_featured_image":false,"footnotes":""},"class_list":["post-11395","page","type-page","status-publish","has-post-thumbnail","hentry"],"acf":[],"yoast_head":"<!-- This site is optimized with the Yoast SEO plugin v27.3 - https:\/\/yoast.com\/product\/yoast-seo-wordpress\/ -->\n<title>Trattamento dell&#039;acqua potabile per PFAS, POP e pesticidi<\/title>\n<meta name=\"description\" content=\"Trattamento dell&#039;acqua potabile per rimuovere PFAS, pesticidi, contaminanti emergenti e composti che formano gusto e odore. Scopri di pi\u00f9.\" \/>\n<meta name=\"robots\" content=\"index, follow, max-snippet:-1, max-image-preview:large, max-video-preview:-1\" \/>\n<link rel=\"canonical\" href=\"https:\/\/www.chemviron.eu\/it\/applicazioni\/trattamento-aqua-potabile\/\" \/>\n<meta property=\"og:locale\" content=\"it_IT\" \/>\n<meta property=\"og:type\" content=\"article\" \/>\n<meta property=\"og:title\" content=\"Trattamento dell&#039;acqua potabile per PFAS, POP e pesticidi\" \/>\n<meta property=\"og:description\" content=\"Trattamento dell&#039;acqua potabile per rimuovere PFAS, pesticidi, contaminanti emergenti e composti che formano gusto e odore. Scopri di pi\u00f9.\" \/>\n<meta property=\"og:url\" content=\"https:\/\/www.chemviron.eu\/it\/applicazioni\/trattamento-aqua-potabile\/\" \/>\n<meta property=\"og:site_name\" content=\"Chemviron\" \/>\n<meta property=\"article:modified_time\" content=\"2026-02-10T15:14:02+00:00\" \/>\n<meta property=\"og:image\" content=\"https:\/\/www.chemviron.eu\/wp-content\/uploads\/2026\/02\/Drinking-Water-high2-scaled.jpg\" \/>\n\t<meta property=\"og:image:width\" content=\"2560\" \/>\n\t<meta property=\"og:image:height\" content=\"1707\" \/>\n\t<meta property=\"og:image:type\" content=\"image\/jpeg\" \/>\n<meta name=\"twitter:card\" content=\"summary_large_image\" \/>\n<meta name=\"twitter:label1\" content=\"Tempo di lettura stimato\" \/>\n\t<meta name=\"twitter:data1\" content=\"5 minuti\" \/>\n<script type=\"application\/ld+json\" class=\"yoast-schema-graph\">{\"@context\":\"https:\\\/\\\/schema.org\",\"@graph\":[{\"@type\":\"WebPage\",\"@id\":\"https:\\\/\\\/www.chemviron.eu\\\/it\\\/applicazioni\\\/trattamento-aqua-potabile\\\/\",\"url\":\"https:\\\/\\\/www.chemviron.eu\\\/it\\\/applicazioni\\\/trattamento-aqua-potabile\\\/\",\"name\":\"Trattamento dell'acqua potabile per PFAS, POP e pesticidi\",\"isPartOf\":{\"@id\":\"https:\\\/\\\/www.chemviron.eu\\\/it\\\/#website\"},\"primaryImageOfPage\":{\"@id\":\"https:\\\/\\\/www.chemviron.eu\\\/it\\\/applicazioni\\\/trattamento-aqua-potabile\\\/#primaryimage\"},\"image\":{\"@id\":\"https:\\\/\\\/www.chemviron.eu\\\/it\\\/applicazioni\\\/trattamento-aqua-potabile\\\/#primaryimage\"},\"thumbnailUrl\":\"https:\\\/\\\/www.chemviron.eu\\\/wp-content\\\/uploads\\\/2026\\\/02\\\/Drinking-Water-high2-scaled.jpg\",\"datePublished\":\"2023-12-06T12:31:58+00:00\",\"dateModified\":\"2026-02-10T15:14:02+00:00\",\"description\":\"Trattamento dell'acqua potabile per rimuovere PFAS, pesticidi, contaminanti emergenti e composti che formano gusto e odore. Scopri di pi\u00f9.\",\"breadcrumb\":{\"@id\":\"https:\\\/\\\/www.chemviron.eu\\\/it\\\/applicazioni\\\/trattamento-aqua-potabile\\\/#breadcrumb\"},\"inLanguage\":\"it-IT\",\"potentialAction\":[{\"@type\":\"ReadAction\",\"target\":[\"https:\\\/\\\/www.chemviron.eu\\\/it\\\/applicazioni\\\/trattamento-aqua-potabile\\\/\"]}]},{\"@type\":\"ImageObject\",\"inLanguage\":\"it-IT\",\"@id\":\"https:\\\/\\\/www.chemviron.eu\\\/it\\\/applicazioni\\\/trattamento-aqua-potabile\\\/#primaryimage\",\"url\":\"https:\\\/\\\/www.chemviron.eu\\\/wp-content\\\/uploads\\\/2026\\\/02\\\/Drinking-Water-high2-scaled.jpg\",\"contentUrl\":\"https:\\\/\\\/www.chemviron.eu\\\/wp-content\\\/uploads\\\/2026\\\/02\\\/Drinking-Water-high2-scaled.jpg\",\"width\":2560,\"height\":1707,\"caption\":\"drinking-water-purification-solution-with-activated-carbon\"},{\"@type\":\"BreadcrumbList\",\"@id\":\"https:\\\/\\\/www.chemviron.eu\\\/it\\\/applicazioni\\\/trattamento-aqua-potabile\\\/#breadcrumb\",\"itemListElement\":[{\"@type\":\"ListItem\",\"position\":1,\"name\":\"Home\",\"item\":\"https:\\\/\\\/www.chemviron.eu\\\/it\\\/\"},{\"@type\":\"ListItem\",\"position\":2,\"name\":\"Applicazioni\",\"item\":\"https:\\\/\\\/www.chemviron.eu\\\/it\\\/applicazioni\\\/\"},{\"@type\":\"ListItem\",\"position\":3,\"name\":\"Aqua potabile\"}]},{\"@type\":\"WebSite\",\"@id\":\"https:\\\/\\\/www.chemviron.eu\\\/it\\\/#website\",\"url\":\"https:\\\/\\\/www.chemviron.eu\\\/it\\\/\",\"name\":\"Chemviron\",\"description\":\"The Purification Solutions Provider\",\"publisher\":{\"@id\":\"https:\\\/\\\/www.chemviron.eu\\\/it\\\/#organization\"},\"potentialAction\":[{\"@type\":\"SearchAction\",\"target\":{\"@type\":\"EntryPoint\",\"urlTemplate\":\"https:\\\/\\\/www.chemviron.eu\\\/it\\\/?s={search_term_string}\"},\"query-input\":{\"@type\":\"PropertyValueSpecification\",\"valueRequired\":true,\"valueName\":\"search_term_string\"}}],\"inLanguage\":\"it-IT\"},{\"@type\":\"Organization\",\"@id\":\"https:\\\/\\\/www.chemviron.eu\\\/it\\\/#organization\",\"name\":\"Chemviron\",\"url\":\"https:\\\/\\\/www.chemviron.eu\\\/it\\\/\",\"logo\":{\"@type\":\"ImageObject\",\"inLanguage\":\"it-IT\",\"@id\":\"https:\\\/\\\/www.chemviron.eu\\\/it\\\/#\\\/schema\\\/logo\\\/image\\\/\",\"url\":\"https:\\\/\\\/www.chemviron.eu\\\/wp-content\\\/uploads\\\/2023\\\/12\\\/Chemviron-logo.jpg\",\"contentUrl\":\"https:\\\/\\\/www.chemviron.eu\\\/wp-content\\\/uploads\\\/2023\\\/12\\\/Chemviron-logo.jpg\",\"width\":1667,\"height\":833,\"caption\":\"Chemviron\"},\"image\":{\"@id\":\"https:\\\/\\\/www.chemviron.eu\\\/it\\\/#\\\/schema\\\/logo\\\/image\\\/\"},\"sameAs\":[\"https:\\\/\\\/www.linkedin.com\\\/company\\\/chemviron\\\/\"]}]}<\/script>\n<!-- \/ Yoast SEO plugin. -->","yoast_head_json":{"title":"Trattamento dell'acqua potabile per PFAS, POP e pesticidi","description":"Trattamento dell'acqua potabile per rimuovere PFAS, pesticidi, contaminanti emergenti e composti che formano gusto e odore. Scopri di pi\u00f9.","robots":{"index":"index","follow":"follow","max-snippet":"max-snippet:-1","max-image-preview":"max-image-preview:large","max-video-preview":"max-video-preview:-1"},"canonical":"https:\/\/www.chemviron.eu\/it\/applicazioni\/trattamento-aqua-potabile\/","og_locale":"it_IT","og_type":"article","og_title":"Trattamento dell'acqua potabile per PFAS, POP e pesticidi","og_description":"Trattamento dell'acqua potabile per rimuovere PFAS, pesticidi, contaminanti emergenti e composti che formano gusto e odore. Scopri di pi\u00f9.","og_url":"https:\/\/www.chemviron.eu\/it\/applicazioni\/trattamento-aqua-potabile\/","og_site_name":"Chemviron","article_modified_time":"2026-02-10T15:14:02+00:00","og_image":[{"width":2560,"height":1707,"url":"https:\/\/www.chemviron.eu\/wp-content\/uploads\/2026\/02\/Drinking-Water-high2-scaled.jpg","type":"image\/jpeg"}],"twitter_card":"summary_large_image","twitter_misc":{"Tempo di lettura stimato":"5 minuti"},"schema":{"@context":"https:\/\/schema.org","@graph":[{"@type":"WebPage","@id":"https:\/\/www.chemviron.eu\/it\/applicazioni\/trattamento-aqua-potabile\/","url":"https:\/\/www.chemviron.eu\/it\/applicazioni\/trattamento-aqua-potabile\/","name":"Trattamento dell'acqua potabile per PFAS, POP e pesticidi","isPartOf":{"@id":"https:\/\/www.chemviron.eu\/it\/#website"},"primaryImageOfPage":{"@id":"https:\/\/www.chemviron.eu\/it\/applicazioni\/trattamento-aqua-potabile\/#primaryimage"},"image":{"@id":"https:\/\/www.chemviron.eu\/it\/applicazioni\/trattamento-aqua-potabile\/#primaryimage"},"thumbnailUrl":"https:\/\/www.chemviron.eu\/wp-content\/uploads\/2026\/02\/Drinking-Water-high2-scaled.jpg","datePublished":"2023-12-06T12:31:58+00:00","dateModified":"2026-02-10T15:14:02+00:00","description":"Trattamento dell'acqua potabile per rimuovere PFAS, pesticidi, contaminanti emergenti e composti che formano gusto e odore. Scopri di pi\u00f9.","breadcrumb":{"@id":"https:\/\/www.chemviron.eu\/it\/applicazioni\/trattamento-aqua-potabile\/#breadcrumb"},"inLanguage":"it-IT","potentialAction":[{"@type":"ReadAction","target":["https:\/\/www.chemviron.eu\/it\/applicazioni\/trattamento-aqua-potabile\/"]}]},{"@type":"ImageObject","inLanguage":"it-IT","@id":"https:\/\/www.chemviron.eu\/it\/applicazioni\/trattamento-aqua-potabile\/#primaryimage","url":"https:\/\/www.chemviron.eu\/wp-content\/uploads\/2026\/02\/Drinking-Water-high2-scaled.jpg","contentUrl":"https:\/\/www.chemviron.eu\/wp-content\/uploads\/2026\/02\/Drinking-Water-high2-scaled.jpg","width":2560,"height":1707,"caption":"drinking-water-purification-solution-with-activated-carbon"},{"@type":"BreadcrumbList","@id":"https:\/\/www.chemviron.eu\/it\/applicazioni\/trattamento-aqua-potabile\/#breadcrumb","itemListElement":[{"@type":"ListItem","position":1,"name":"Home","item":"https:\/\/www.chemviron.eu\/it\/"},{"@type":"ListItem","position":2,"name":"Applicazioni","item":"https:\/\/www.chemviron.eu\/it\/applicazioni\/"},{"@type":"ListItem","position":3,"name":"Aqua potabile"}]},{"@type":"WebSite","@id":"https:\/\/www.chemviron.eu\/it\/#website","url":"https:\/\/www.chemviron.eu\/it\/","name":"Chemviron","description":"The Purification Solutions Provider","publisher":{"@id":"https:\/\/www.chemviron.eu\/it\/#organization"},"potentialAction":[{"@type":"SearchAction","target":{"@type":"EntryPoint","urlTemplate":"https:\/\/www.chemviron.eu\/it\/?s={search_term_string}"},"query-input":{"@type":"PropertyValueSpecification","valueRequired":true,"valueName":"search_term_string"}}],"inLanguage":"it-IT"},{"@type":"Organization","@id":"https:\/\/www.chemviron.eu\/it\/#organization","name":"Chemviron","url":"https:\/\/www.chemviron.eu\/it\/","logo":{"@type":"ImageObject","inLanguage":"it-IT","@id":"https:\/\/www.chemviron.eu\/it\/#\/schema\/logo\/image\/","url":"https:\/\/www.chemviron.eu\/wp-content\/uploads\/2023\/12\/Chemviron-logo.jpg","contentUrl":"https:\/\/www.chemviron.eu\/wp-content\/uploads\/2023\/12\/Chemviron-logo.jpg","width":1667,"height":833,"caption":"Chemviron"},"image":{"@id":"https:\/\/www.chemviron.eu\/it\/#\/schema\/logo\/image\/"},"sameAs":["https:\/\/www.linkedin.com\/company\/chemviron\/"]}]}},"_links":{"self":[{"href":"https:\/\/www.chemviron.eu\/it\/wp-json\/wp\/v2\/pages\/11395","targetHints":{"allow":["GET"]}}],"collection":[{"href":"https:\/\/www.chemviron.eu\/it\/wp-json\/wp\/v2\/pages"}],"about":[{"href":"https:\/\/www.chemviron.eu\/it\/wp-json\/wp\/v2\/types\/page"}],"author":[{"embeddable":true,"href":"https:\/\/www.chemviron.eu\/it\/wp-json\/wp\/v2\/users\/1"}],"replies":[{"embeddable":true,"href":"https:\/\/www.chemviron.eu\/it\/wp-json\/wp\/v2\/comments?post=11395"}],"version-history":[{"count":5,"href":"https:\/\/www.chemviron.eu\/it\/wp-json\/wp\/v2\/pages\/11395\/revisions"}],"predecessor-version":[{"id":13453,"href":"https:\/\/www.chemviron.eu\/it\/wp-json\/wp\/v2\/pages\/11395\/revisions\/13453"}],"up":[{"embeddable":true,"href":"https:\/\/www.chemviron.eu\/it\/wp-json\/wp\/v2\/pages\/11128"}],"wp:featuredmedia":[{"embeddable":true,"href":"https:\/\/www.chemviron.eu\/it\/wp-json\/wp\/v2\/media\/13293"}],"wp:attachment":[{"href":"https:\/\/www.chemviron.eu\/it\/wp-json\/wp\/v2\/media?parent=11395"}],"curies":[{"name":"wp","href":"https:\/\/api.w.org\/{rel}","templated":true}]}}