{"id":11340,"date":"2023-12-06T12:29:30","date_gmt":"2023-12-06T12:29:30","guid":{"rendered":"https:\/\/www.chemviron.eu\/chi-siamo\/reach\/"},"modified":"2026-03-25T10:35:59","modified_gmt":"2026-03-25T10:35:59","slug":"reach","status":"publish","type":"page","link":"https:\/\/www.chemviron.eu\/it\/chi-siamo\/reach\/","title":{"rendered":"REACH"},"content":{"rendered":"\t\t<div data-elementor-type=\"wp-page\" data-elementor-id=\"11340\" class=\"elementor elementor-11340 elementor-615\" data-elementor-post-type=\"page\">\n\t\t\t\t<div class=\"elementor-element elementor-element-7bcd6c71 e-con-full e-flex e-con e-parent\" data-id=\"7bcd6c71\" data-element_type=\"container\" data-e-type=\"container\">\n\t\t<div data-dce-background-image-url=\"https:\/\/www.chemviron.eu\/wp-content\/uploads\/2026\/02\/Reach-HIGH2-1-scaled.jpg\" class=\"elementor-element elementor-element-4951dea7 e-con-full e-flex e-con e-child\" data-id=\"4951dea7\" data-element_type=\"container\" data-e-type=\"container\" data-settings=\"{&quot;background_background&quot;:&quot;classic&quot;}\">\n\t\t\t\t<\/div>\n\t\t<div class=\"elementor-element elementor-element-72756d9a e-con-full e-flex e-con e-child\" data-id=\"72756d9a\" data-element_type=\"container\" data-e-type=\"container\">\n\t\t\t\t<div class=\"elementor-element elementor-element-259c8bc5 elementor-widget elementor-widget-heading\" data-id=\"259c8bc5\" data-element_type=\"widget\" data-e-type=\"widget\" data-widget_type=\"heading.default\">\n\t\t\t\t<div class=\"elementor-widget-container\">\n\t\t\t\t\t<h3 class=\"elementor-heading-title elementor-size-default\">Soluzioni di purificazione<\/h3>\t\t\t\t<\/div>\n\t\t\t\t<\/div>\n\t\t\t\t<div class=\"elementor-element elementor-element-5d07f122 elementor-widget elementor-widget-heading\" data-id=\"5d07f122\" data-element_type=\"widget\" data-e-type=\"widget\" data-widget_type=\"heading.default\">\n\t\t\t\t<div class=\"elementor-widget-container\">\n\t\t\t\t\t<h1 class=\"elementor-heading-title elementor-size-default\">Dichiarazione REACH<\/h1>\t\t\t\t<\/div>\n\t\t\t\t<\/div>\n\t\t\t\t<div class=\"elementor-element elementor-element-3478e466 elementor-hidden-tablet elementor-hidden-mobile elementor-widget elementor-widget-button\" data-id=\"3478e466\" data-element_type=\"widget\" data-e-type=\"widget\" data-widget_type=\"button.default\">\n\t\t\t\t<div class=\"elementor-widget-container\">\n\t\t\t\t\t\t\t\t\t<div class=\"elementor-button-wrapper\">\n\t\t\t\t\t<a class=\"elementor-button elementor-button-link elementor-size-sm\" href=\"#Content\">\n\t\t\t\t\t\t<span class=\"elementor-button-content-wrapper\">\n\t\t\t\t\t\t<span class=\"elementor-button-icon\">\n\t\t\t\t<svg aria-hidden=\"true\" class=\"e-font-icon-svg e-far-arrow-alt-circle-down\" viewBox=\"0 0 512 512\" xmlns=\"http:\/\/www.w3.org\/2000\/svg\"><path d=\"M256 8C119 8 8 119 8 256s111 248 248 248 248-111 248-248S393 8 256 8zm0 448c-110.5 0-200-89.5-200-200S145.5 56 256 56s200 89.5 200 200-89.5 200-200 200zm-32-316v116h-67c-10.7 0-16 12.9-8.5 20.5l99 99c4.7 4.7 12.3 4.7 17 0l99-99c7.6-7.6 2.2-20.5-8.5-20.5h-67V140c0-6.6-5.4-12-12-12h-40c-6.6 0-12 5.4-12 12z\"><\/path><\/svg>\t\t\t<\/span>\n\t\t\t\t\t\t\t\t\t<span class=\"elementor-button-text\">Leggi di pi\u00f9<\/span>\n\t\t\t\t\t<\/span>\n\t\t\t\t\t<\/a>\n\t\t\t\t<\/div>\n\t\t\t\t\t\t\t\t<\/div>\n\t\t\t\t<\/div>\n\t\t\t\t<\/div>\n\t\t\t\t<\/div>\n\t\t<div data-dce-background-overlay-image-url=\"https:\/\/www.chemviron.eu\/wp-content\/uploads\/2024\/01\/kuraray_circle_grid_landscape_rgb.svg\" class=\"elementor-element elementor-element-4a0f7a51 e-flex e-con-boxed e-con e-parent\" data-id=\"4a0f7a51\" data-element_type=\"container\" data-e-type=\"container\" id=\"Content\">\n\t\t\t\t\t<div class=\"e-con-inner\">\n\t\t<div class=\"elementor-element elementor-element-4714e671 e-con-full e-flex e-con e-child\" data-id=\"4714e671\" data-element_type=\"container\" data-e-type=\"container\">\n\t\t\t\t<div class=\"elementor-element elementor-element-83d7fad elementor-widget__width-inherit elementor-widget elementor-widget-heading\" data-id=\"83d7fad\" data-element_type=\"widget\" data-e-type=\"widget\" data-widget_type=\"heading.default\">\n\t\t\t\t<div class=\"elementor-widget-container\">\n\t\t\t\t\t<h2 class=\"elementor-heading-title elementor-size-default\">Carboni Attivi Chemviron<\/h2>\t\t\t\t<\/div>\n\t\t\t\t<\/div>\n\t\t\t\t<div class=\"elementor-element elementor-element-2fe38075 elementor-widget-mobile__width-inherit elementor-widget elementor-widget-text-editor\" data-id=\"2fe38075\" data-element_type=\"widget\" data-e-type=\"widget\" data-widget_type=\"text-editor.default\">\n\t\t\t\t<div class=\"elementor-widget-container\">\n\t\t\t\t\t\t\t\t\t<div><p>Gli obiettivi principali della legislazione REACH (CE 1907\/2006) sono migliorare la protezione della salute umana e dell&#8217;ambiente contro i rischi dei prodotti chimici, e rafforzare la competitivit\u00e0 dell&#8217;industria chimica all&#8217;interno dell&#8217;Unione Europea. Chemviron, filiale Europea di Calgon Carbon Corporation, un\u2019azienda appartenente a Kuraray Co-LTD, \u00e9 attivamente coinvolta nel processo REACH, ed \u00e8 pienamente impegnata nel garantire la continuit\u00e0 della fornitura ai nostri clienti.<\/p><p>Chemviron conferma che la registrazione del carbone attivo \u00e8 stata completata.<\/p><p>I numeri di registrazione REACH sono i seguenti:<\/p><div><table><tbody><tr><td width=\"209\"><p><strong>Prodotto<\/strong><\/p><\/td><td width=\"209\"><p><strong>\u00a0Numero EC<\/strong><\/p><\/td><td width=\"209\"><p><strong>Registrazione REACH<\/strong><\/p><\/td><\/tr><tr><td width=\"209\"><p>Carbone Attivo \u2013 Scheletro ad Alta Densit\u00e0<\/p><\/td><td width=\"209\"><p>931-328-0<\/p><\/td><td width=\"209\"><p>01-2119488894-16-0001<br \/>01-2119488894-16-0002<br \/>01-2119488894-16-0007<br \/>01-2119488894-16-0012<\/p><\/td><\/tr><tr><td width=\"209\"><p>Carbone Attivo &#8211; Scheletro \u00a0a Bassa Densit\u00e0<\/p><\/td><td width=\"209\"><p>931-334-3<\/p><\/td><td width=\"209\"><p>01-2119488716-22-0001<\/p><\/td><\/tr><\/tbody><\/table><\/div><\/div><div><p>Tutti le altre sostanze presenti nei prodotti che attualmente forniamo sono state registrate presso l&#8217;Agenzia Europea per le Sostanze Chimiche (ECHA) per consentire la continuit\u00e0 della fornitura.<\/p><\/div>\t\t\t\t\t\t\t\t<\/div>\n\t\t\t\t<\/div>\n\t\t\t\t<div class=\"elementor-element elementor-element-0a26624 elementor-widget elementor-widget-heading\" data-id=\"0a26624\" data-element_type=\"widget\" data-e-type=\"widget\" data-widget_type=\"heading.default\">\n\t\t\t\t<div class=\"elementor-widget-container\">\n\t\t\t\t\t<h4 class=\"elementor-heading-title elementor-size-default\">Informazioni sulle sostanze estremamente preoccupanti (SVHC) <\/h4>\t\t\t\t<\/div>\n\t\t\t\t<\/div>\n\t\t\t\t<div class=\"elementor-element elementor-element-b3ea3ce elementor-widget-mobile__width-inherit elementor-widget elementor-widget-text-editor\" data-id=\"b3ea3ce\" data-element_type=\"widget\" data-e-type=\"widget\" data-widget_type=\"text-editor.default\">\n\t\t\t\t<div class=\"elementor-widget-container\">\n\t\t\t\t\t\t\t\t\t<p>Le sostanze che possono avere effetti gravi o irreversibili sulla salute umana e sull&#8217;ambiente possono essere identificate come SVHC. Secondo il regolamento REACH, se una sostanza viene identificata come SVHC, verr\u00e0 aggiunta alla lista dei candidati per la sua eventuale inclusione nella lista delle sostanze soggette ad autorizzazione. I produttori sono tenuti a notificare ai propri clienti la presenza di qualsiasi sostanza estremamente preoccupante (SVHC) nei loro prodotti che superi lo 0,1% in peso e fornire istruzioni per l&#8217;uso sicuro del prodotto.<\/p><p>Sulla base dell&#8217;attuale lista dei candidati SVHC per l&#8217;autorizzazione pubblicata dall&#8217;Agenzia Europea delle Sostanze Chimiche (ECHA), e secondo la nostra migliore conoscenza, nessuna delle sostanze incluse nell&#8217;ultima versione di febbraio 2026 della lista delle sostanze candidate \u00e8 presente oltre la concentrazione soglia nei carboni attivi forniti da Chemviron.<\/p>\t\t\t\t\t\t\t\t<\/div>\n\t\t\t\t<\/div>\n\t\t\t\t<\/div>\n\t\t\t\t\t<\/div>\n\t\t\t\t<\/div>\n\t\t\t\t<\/div>\n\t\t","protected":false},"excerpt":{"rendered":"<p>Soluzioni di purificazione Dichiarazione REACH Leggi di pi\u00f9 Carboni Attivi Chemviron Gli obiettivi principali della legislazione REACH (CE 1907\/2006) sono migliorare la protezione della salute umana e dell&#8217;ambiente contro i rischi dei prodotti chimici, e rafforzare la competitivit\u00e0 dell&#8217;industria chimica all&#8217;interno dell&#8217;Unione Europea. Chemviron, filiale Europea di Calgon Carbon Corporation, un\u2019azienda appartenente a Kuraray Co-LTD, [&hellip;]<\/p>\n","protected":false},"author":1,"featured_media":13261,"parent":11106,"menu_order":0,"comment_status":"closed","ping_status":"closed","template":"elementor_header_footer","meta":{"_acf_changed":false,"inline_featured_image":false,"footnotes":""},"class_list":["post-11340","page","type-page","status-publish","has-post-thumbnail","hentry"],"acf":[],"yoast_head":"<!-- This site is optimized with the Yoast SEO plugin v27.3 - https:\/\/yoast.com\/product\/yoast-seo-wordpress\/ -->\n<title>REACH - Chemviron<\/title>\n<meta name=\"description\" content=\"Gli obiettivi della legislazione REACH sono migliorare la protezione della salute umana e dell&#039;ambiente contro i rischi dei prodotti chimici.\" \/>\n<meta name=\"robots\" content=\"index, follow, max-snippet:-1, max-image-preview:large, max-video-preview:-1\" \/>\n<link rel=\"canonical\" href=\"https:\/\/www.chemviron.eu\/it\/chi-siamo\/reach\/\" \/>\n<meta property=\"og:locale\" content=\"it_IT\" \/>\n<meta property=\"og:type\" content=\"article\" \/>\n<meta property=\"og:title\" content=\"REACH - Chemviron\" \/>\n<meta property=\"og:description\" content=\"Gli obiettivi della legislazione REACH sono migliorare la protezione della salute umana e dell&#039;ambiente contro i rischi dei prodotti chimici.\" \/>\n<meta property=\"og:url\" content=\"https:\/\/www.chemviron.eu\/it\/chi-siamo\/reach\/\" \/>\n<meta property=\"og:site_name\" content=\"Chemviron\" \/>\n<meta property=\"article:modified_time\" content=\"2026-03-25T10:35:59+00:00\" \/>\n<meta property=\"og:image\" content=\"https:\/\/www.chemviron.eu\/wp-content\/uploads\/2026\/02\/Reach-HIGH2-scaled.jpg\" \/>\n\t<meta property=\"og:image:width\" content=\"2560\" \/>\n\t<meta property=\"og:image:height\" content=\"1707\" \/>\n\t<meta property=\"og:image:type\" content=\"image\/jpeg\" \/>\n<meta name=\"twitter:card\" content=\"summary_large_image\" \/>\n<meta name=\"twitter:label1\" content=\"Tempo di lettura stimato\" \/>\n\t<meta name=\"twitter:data1\" content=\"2 minuti\" \/>\n<script type=\"application\/ld+json\" class=\"yoast-schema-graph\">{\"@context\":\"https:\\\/\\\/schema.org\",\"@graph\":[{\"@type\":\"WebPage\",\"@id\":\"https:\\\/\\\/www.chemviron.eu\\\/it\\\/chi-siamo\\\/reach\\\/\",\"url\":\"https:\\\/\\\/www.chemviron.eu\\\/it\\\/chi-siamo\\\/reach\\\/\",\"name\":\"REACH - Chemviron\",\"isPartOf\":{\"@id\":\"https:\\\/\\\/www.chemviron.eu\\\/it\\\/#website\"},\"primaryImageOfPage\":{\"@id\":\"https:\\\/\\\/www.chemviron.eu\\\/it\\\/chi-siamo\\\/reach\\\/#primaryimage\"},\"image\":{\"@id\":\"https:\\\/\\\/www.chemviron.eu\\\/it\\\/chi-siamo\\\/reach\\\/#primaryimage\"},\"thumbnailUrl\":\"https:\\\/\\\/www.chemviron.eu\\\/wp-content\\\/uploads\\\/2026\\\/02\\\/Reach-HIGH2-scaled.jpg\",\"datePublished\":\"2023-12-06T12:29:30+00:00\",\"dateModified\":\"2026-03-25T10:35:59+00:00\",\"description\":\"Gli obiettivi della legislazione REACH sono migliorare la protezione della salute umana e dell'ambiente contro i rischi dei prodotti chimici.\",\"breadcrumb\":{\"@id\":\"https:\\\/\\\/www.chemviron.eu\\\/it\\\/chi-siamo\\\/reach\\\/#breadcrumb\"},\"inLanguage\":\"it-IT\",\"potentialAction\":[{\"@type\":\"ReadAction\",\"target\":[\"https:\\\/\\\/www.chemviron.eu\\\/it\\\/chi-siamo\\\/reach\\\/\"]}]},{\"@type\":\"ImageObject\",\"inLanguage\":\"it-IT\",\"@id\":\"https:\\\/\\\/www.chemviron.eu\\\/it\\\/chi-siamo\\\/reach\\\/#primaryimage\",\"url\":\"https:\\\/\\\/www.chemviron.eu\\\/wp-content\\\/uploads\\\/2026\\\/02\\\/Reach-HIGH2-scaled.jpg\",\"contentUrl\":\"https:\\\/\\\/www.chemviron.eu\\\/wp-content\\\/uploads\\\/2026\\\/02\\\/Reach-HIGH2-scaled.jpg\",\"width\":2560,\"height\":1707,\"caption\":\"reach-statement-chemviron\"},{\"@type\":\"BreadcrumbList\",\"@id\":\"https:\\\/\\\/www.chemviron.eu\\\/it\\\/chi-siamo\\\/reach\\\/#breadcrumb\",\"itemListElement\":[{\"@type\":\"ListItem\",\"position\":1,\"name\":\"Home\",\"item\":\"https:\\\/\\\/www.chemviron.eu\\\/it\\\/\"},{\"@type\":\"ListItem\",\"position\":2,\"name\":\"Chi siamo\",\"item\":\"https:\\\/\\\/www.chemviron.eu\\\/it\\\/chi-siamo\\\/\"},{\"@type\":\"ListItem\",\"position\":3,\"name\":\"REACH\"}]},{\"@type\":\"WebSite\",\"@id\":\"https:\\\/\\\/www.chemviron.eu\\\/it\\\/#website\",\"url\":\"https:\\\/\\\/www.chemviron.eu\\\/it\\\/\",\"name\":\"Chemviron\",\"description\":\"The Purification Solutions Provider\",\"publisher\":{\"@id\":\"https:\\\/\\\/www.chemviron.eu\\\/it\\\/#organization\"},\"potentialAction\":[{\"@type\":\"SearchAction\",\"target\":{\"@type\":\"EntryPoint\",\"urlTemplate\":\"https:\\\/\\\/www.chemviron.eu\\\/it\\\/?s={search_term_string}\"},\"query-input\":{\"@type\":\"PropertyValueSpecification\",\"valueRequired\":true,\"valueName\":\"search_term_string\"}}],\"inLanguage\":\"it-IT\"},{\"@type\":\"Organization\",\"@id\":\"https:\\\/\\\/www.chemviron.eu\\\/it\\\/#organization\",\"name\":\"Chemviron\",\"url\":\"https:\\\/\\\/www.chemviron.eu\\\/it\\\/\",\"logo\":{\"@type\":\"ImageObject\",\"inLanguage\":\"it-IT\",\"@id\":\"https:\\\/\\\/www.chemviron.eu\\\/it\\\/#\\\/schema\\\/logo\\\/image\\\/\",\"url\":\"https:\\\/\\\/www.chemviron.eu\\\/wp-content\\\/uploads\\\/2023\\\/12\\\/Chemviron-logo.jpg\",\"contentUrl\":\"https:\\\/\\\/www.chemviron.eu\\\/wp-content\\\/uploads\\\/2023\\\/12\\\/Chemviron-logo.jpg\",\"width\":1667,\"height\":833,\"caption\":\"Chemviron\"},\"image\":{\"@id\":\"https:\\\/\\\/www.chemviron.eu\\\/it\\\/#\\\/schema\\\/logo\\\/image\\\/\"},\"sameAs\":[\"https:\\\/\\\/www.linkedin.com\\\/company\\\/chemviron\\\/\"]}]}<\/script>\n<!-- \/ Yoast SEO plugin. -->","yoast_head_json":{"title":"REACH - Chemviron","description":"Gli obiettivi della legislazione REACH sono migliorare la protezione della salute umana e dell'ambiente contro i rischi dei prodotti chimici.","robots":{"index":"index","follow":"follow","max-snippet":"max-snippet:-1","max-image-preview":"max-image-preview:large","max-video-preview":"max-video-preview:-1"},"canonical":"https:\/\/www.chemviron.eu\/it\/chi-siamo\/reach\/","og_locale":"it_IT","og_type":"article","og_title":"REACH - Chemviron","og_description":"Gli obiettivi della legislazione REACH sono migliorare la protezione della salute umana e dell'ambiente contro i rischi dei prodotti chimici.","og_url":"https:\/\/www.chemviron.eu\/it\/chi-siamo\/reach\/","og_site_name":"Chemviron","article_modified_time":"2026-03-25T10:35:59+00:00","og_image":[{"width":2560,"height":1707,"url":"https:\/\/www.chemviron.eu\/wp-content\/uploads\/2026\/02\/Reach-HIGH2-scaled.jpg","type":"image\/jpeg"}],"twitter_card":"summary_large_image","twitter_misc":{"Tempo di lettura stimato":"2 minuti"},"schema":{"@context":"https:\/\/schema.org","@graph":[{"@type":"WebPage","@id":"https:\/\/www.chemviron.eu\/it\/chi-siamo\/reach\/","url":"https:\/\/www.chemviron.eu\/it\/chi-siamo\/reach\/","name":"REACH - Chemviron","isPartOf":{"@id":"https:\/\/www.chemviron.eu\/it\/#website"},"primaryImageOfPage":{"@id":"https:\/\/www.chemviron.eu\/it\/chi-siamo\/reach\/#primaryimage"},"image":{"@id":"https:\/\/www.chemviron.eu\/it\/chi-siamo\/reach\/#primaryimage"},"thumbnailUrl":"https:\/\/www.chemviron.eu\/wp-content\/uploads\/2026\/02\/Reach-HIGH2-scaled.jpg","datePublished":"2023-12-06T12:29:30+00:00","dateModified":"2026-03-25T10:35:59+00:00","description":"Gli obiettivi della legislazione REACH sono migliorare la protezione della salute umana e dell'ambiente contro i rischi dei prodotti chimici.","breadcrumb":{"@id":"https:\/\/www.chemviron.eu\/it\/chi-siamo\/reach\/#breadcrumb"},"inLanguage":"it-IT","potentialAction":[{"@type":"ReadAction","target":["https:\/\/www.chemviron.eu\/it\/chi-siamo\/reach\/"]}]},{"@type":"ImageObject","inLanguage":"it-IT","@id":"https:\/\/www.chemviron.eu\/it\/chi-siamo\/reach\/#primaryimage","url":"https:\/\/www.chemviron.eu\/wp-content\/uploads\/2026\/02\/Reach-HIGH2-scaled.jpg","contentUrl":"https:\/\/www.chemviron.eu\/wp-content\/uploads\/2026\/02\/Reach-HIGH2-scaled.jpg","width":2560,"height":1707,"caption":"reach-statement-chemviron"},{"@type":"BreadcrumbList","@id":"https:\/\/www.chemviron.eu\/it\/chi-siamo\/reach\/#breadcrumb","itemListElement":[{"@type":"ListItem","position":1,"name":"Home","item":"https:\/\/www.chemviron.eu\/it\/"},{"@type":"ListItem","position":2,"name":"Chi siamo","item":"https:\/\/www.chemviron.eu\/it\/chi-siamo\/"},{"@type":"ListItem","position":3,"name":"REACH"}]},{"@type":"WebSite","@id":"https:\/\/www.chemviron.eu\/it\/#website","url":"https:\/\/www.chemviron.eu\/it\/","name":"Chemviron","description":"The Purification Solutions Provider","publisher":{"@id":"https:\/\/www.chemviron.eu\/it\/#organization"},"potentialAction":[{"@type":"SearchAction","target":{"@type":"EntryPoint","urlTemplate":"https:\/\/www.chemviron.eu\/it\/?s={search_term_string}"},"query-input":{"@type":"PropertyValueSpecification","valueRequired":true,"valueName":"search_term_string"}}],"inLanguage":"it-IT"},{"@type":"Organization","@id":"https:\/\/www.chemviron.eu\/it\/#organization","name":"Chemviron","url":"https:\/\/www.chemviron.eu\/it\/","logo":{"@type":"ImageObject","inLanguage":"it-IT","@id":"https:\/\/www.chemviron.eu\/it\/#\/schema\/logo\/image\/","url":"https:\/\/www.chemviron.eu\/wp-content\/uploads\/2023\/12\/Chemviron-logo.jpg","contentUrl":"https:\/\/www.chemviron.eu\/wp-content\/uploads\/2023\/12\/Chemviron-logo.jpg","width":1667,"height":833,"caption":"Chemviron"},"image":{"@id":"https:\/\/www.chemviron.eu\/it\/#\/schema\/logo\/image\/"},"sameAs":["https:\/\/www.linkedin.com\/company\/chemviron\/"]}]}},"_links":{"self":[{"href":"https:\/\/www.chemviron.eu\/it\/wp-json\/wp\/v2\/pages\/11340","targetHints":{"allow":["GET"]}}],"collection":[{"href":"https:\/\/www.chemviron.eu\/it\/wp-json\/wp\/v2\/pages"}],"about":[{"href":"https:\/\/www.chemviron.eu\/it\/wp-json\/wp\/v2\/types\/page"}],"author":[{"embeddable":true,"href":"https:\/\/www.chemviron.eu\/it\/wp-json\/wp\/v2\/users\/1"}],"replies":[{"embeddable":true,"href":"https:\/\/www.chemviron.eu\/it\/wp-json\/wp\/v2\/comments?post=11340"}],"version-history":[{"count":5,"href":"https:\/\/www.chemviron.eu\/it\/wp-json\/wp\/v2\/pages\/11340\/revisions"}],"predecessor-version":[{"id":14998,"href":"https:\/\/www.chemviron.eu\/it\/wp-json\/wp\/v2\/pages\/11340\/revisions\/14998"}],"up":[{"embeddable":true,"href":"https:\/\/www.chemviron.eu\/it\/wp-json\/wp\/v2\/pages\/11106"}],"wp:featuredmedia":[{"embeddable":true,"href":"https:\/\/www.chemviron.eu\/it\/wp-json\/wp\/v2\/media\/13261"}],"wp:attachment":[{"href":"https:\/\/www.chemviron.eu\/it\/wp-json\/wp\/v2\/media?parent=11340"}],"curies":[{"name":"wp","href":"https:\/\/api.w.org\/{rel}","templated":true}]}}