{"id":6410,"date":"2024-02-13T14:41:26","date_gmt":"2024-02-13T14:41:26","guid":{"rendered":"https:\/\/www.chemviron.eu\/careers\/"},"modified":"2024-08-30T10:59:02","modified_gmt":"2024-08-30T10:59:02","slug":"carrieres","status":"publish","type":"page","link":"https:\/\/www.chemviron.eu\/fr\/carrieres\/","title":{"rendered":"Carri\u00e8res"},"content":{"rendered":"\t\t<div data-elementor-type=\"wp-page\" data-elementor-id=\"6410\" class=\"elementor elementor-6410 elementor-4006\" data-elementor-post-type=\"page\">\n\t\t\t\t<div data-dce-background-overlay-image-url=\"https:\/\/www.chemviron.eu\/wp-content\/uploads\/2023\/12\/kuraray_circle_arrangement_2_rgb_cyan_80pct.svg\" class=\"elementor-element elementor-element-aed2f94 e-flex e-con-boxed e-con e-parent\" data-id=\"aed2f94\" data-element_type=\"container\" data-e-type=\"container\">\n\t\t\t\t\t<div class=\"e-con-inner\">\n\t\t\t\t<div class=\"elementor-element elementor-element-2e9a595 elementor-widget elementor-widget-heading\" data-id=\"2e9a595\" data-element_type=\"widget\" data-e-type=\"widget\" data-widget_type=\"heading.default\">\n\t\t\t\t<div class=\"elementor-widget-container\">\n\t\t\t\t\t<h2 class=\"elementor-heading-title elementor-size-default\">Chemviron offre un large \u00e9ventail d'opportunit\u00e9s de carri\u00e8re dans les domaines de la finance, des ventes, du marketing, de l'assistance technique, de l'ing\u00e9nierie, de la fabrication et des op\u00e9rations.  <br><br>N'h\u00e9sitez pas \u00e0 consulter r\u00e9guli\u00e8rement notre site pour voir si des postes vous int\u00e9ressent.<\/h2>\t\t\t\t<\/div>\n\t\t\t\t<\/div>\n\t\t\t\t<div class=\"elementor-element elementor-element-50f210a elementor-widget elementor-widget-shortcode\" data-id=\"50f210a\" data-element_type=\"widget\" data-e-type=\"widget\" data-widget_type=\"shortcode.default\">\n\t\t\t\t<div class=\"elementor-widget-container\">\n\t\t\t\t\t\t\t<div class=\"elementor-shortcode\"><form data-sf-form-id='5759' data-is-rtl='0' data-maintain-state='' data-results-url='https:\/\/www.chemviron.eu\/carrers\/' data-ajax-url='https:\/\/www.chemviron.eu\/carrers\/?sf_data=all' data-ajax-form-url='https:\/\/www.chemviron.eu\/fr\/?sfid=5759&amp;sf_action=get_data&amp;sf_data=form' data-display-result-method='custom_dce_posts' data-use-history-api='1' data-template-loaded='0' data-lang-code='fr' data-ajax='1' data-ajax-data-type='html' data-ajax-links-selector='.elementor-widget-dce-dynamicposts-v2.search-filter-results-5759 .dce-pagination a' data-ajax-target='.elementor-widget-dce-dynamicposts-v2.search-filter-results-5759' data-update-ajax-url='1' data-only-results-ajax='1' data-scroll-to-pos='0' data-init-paged='1' data-auto-update='1' data-auto-count='1' data-auto-count-refresh-mode='1' action='https:\/\/www.chemviron.eu\/carrers\/' method='post' class='searchandfilter' id='search-filter-form-5759' autocomplete='off' data-instance-count='1'><ul><li class=\"sf-field-search\" data-sf-field-name=\"search\" data-sf-field-type=\"search\" data-sf-field-input-type=\"\">\t\t<label>\n\t\t\t\t   <input placeholder=\"Rechercher \u2026\" name=\"_sf_search[]\" class=\"sf-input-text\" type=\"text\" value=\"\" title=\"\"><\/label>\t\t<\/li><li class=\"sf-field-reset\" data-sf-field-name=\"reset\" data-sf-field-type=\"reset\" data-sf-field-input-type=\"link\"><a href=\"#\" class=\"search-filter-reset\" data-search-form-id=\"5759\" data-sf-submit-form=\"always\">R\u00e9initialiser<\/a><\/li><\/ul><\/form><\/div>\n\t\t\t\t\t\t<\/div>\n\t\t\t\t<\/div>\n\t\t\t\t<div class=\"search-filter-results-5759 elementor-element elementor-element-e067f33 dce-col-3 dce-col-tablet-2 dce-posts-layout-default dce-col-mobile-1 dce-align-left elementor-widget elementor-widget-dce-dynamicposts-v2\" data-id=\"e067f33\" data-element_type=\"widget\" data-e-type=\"widget\" data-settings=\"{&quot;grid_match_height&quot;:&quot;yes&quot;,&quot;style_items&quot;:&quot;default&quot;,&quot;grid_grid_type&quot;:&quot;flex&quot;}\" data-widget_type=\"dce-dynamicposts-v2.grid\">\n\t\t\t\t<div class=\"elementor-widget-container\">\n\t\t\t\t\t\n\t\t<div class=\"dce-fix-background-loop dce-posts-container dce-posts dce-dynamic-posts-collection  dce-skin-grid dce-skin-grid-flex\">\n\t\t\t\t\t\t<div class=\"dce-posts-wrapper dce-wrapper-grid\">\n\t\t\t\n\t\t<article class=\"post-14790 post type-post status-publish format-standard has-post-thumbnail hentry category-discover dce-post dce-post-item dce-item-grid\" data-dce-post-id=\"14790\" data-dce-post-index=\"0\">\n\t\t\t<div class=\"dce-post-block\">\n\t\t<div class=\"dce-item dce-item_image elementor-repeater-item-61d5336\"><a class=\"dce-post-image dce-post-bgimage\" href=\"https:\/\/www.chemviron.eu\/fr\/votre-guide-pour-lelimination-des-pfas\/\"><figure  class=\"dce-img dce-bgimage\" style=\"background-image: url(https:\/\/www.chemviron.eu\/wp-content\/uploads\/2026\/02\/PFAS-Guide-cover.png); background-repeat: no-repeat; background-size: cover; display: block;\"><\/figure><\/a><\/div><div class=\"dce-item dce-item_title elementor-repeater-item-8e18171\"><h3 class=\"dce-post-title\"><a href=\"https:\/\/www.chemviron.eu\/fr\/votre-guide-pour-lelimination-des-pfas\/\">Votre guide pour l&#8217;\u00e9limination des PFAS<\/a><\/h3><\/div><div class=\"dce-item dce-item_custommeta elementor-repeater-item-feb3392\"><\/div><div class=\"dce-item dce-item_content elementor-repeater-item-96a5f2f\"><div class=\"dce-post-content\">Eaux us\u00e9es industrielles &amp; D\u00e9pollution des sols\t\t\t\t\n\t\tLa conversation autour des substances per- et polyfluoroalkyl\u00e9es (PFAS) est devenue aussi to&hellip;<\/div><\/div><div class=\"dce-item dce-item_readmore elementor-repeater-item-2dc1f42\">\t\t<div class=\"dce-post-button\">\n\t\t\t<a href=\"https:\/\/www.chemviron.eu\/fr\/votre-guide-pour-lelimination-des-pfas\/\" class=\"elementor-button-link elementor-button dce-button elementor-size-sm\" role=\"button\" >\n\t\t\tEn savoir plus\t\t\t<\/a>\n\t\t<\/div>\n\t\t<\/div>\t\t\t<\/div>\n\t\t<\/article>\n\t\t\n\t\t<article class=\"post-12004 post type-post status-publish format-standard hentry category-jobs-fr dce-post dce-post-item dce-item-grid\" data-dce-post-id=\"12004\" data-dce-post-index=\"1\">\n\t\t\t<div class=\"dce-post-block\">\n\t\t<div class=\"dce-item dce-item_image elementor-repeater-item-61d5336\"><a class=\"dce-post-image dce-post-bgimage\" href=\"https:\/\/www.chemviron.eu\/fr\/ingenieur-commercial\/\"><figure  class=\"dce-img dce-bgimage\" style=\"background-image: url(https:\/\/www.chemviron.eu\/wp-content\/uploads\/2024\/02\/Logo-Chemviron-1024x1024-2.jpg); background-repeat: no-repeat; background-size: cover; display: block;\"><\/figure><\/a><\/div><div class=\"dce-item dce-item_title elementor-repeater-item-8e18171\"><h3 class=\"dce-post-title\"><a href=\"https:\/\/www.chemviron.eu\/fr\/ingenieur-commercial\/\">Ing\u00e9nieur commercial<\/a><\/h3><\/div><div class=\"dce-item dce-item_custommeta elementor-repeater-item-feb3392\"><div class=\"dce-post-custommeta\"><div class=\"dce-meta-item dce-meta-feb3392 dce-meta-text elementor-repeater-item-feb3392\"><div>\u00cele-de-France<\/div><\/div><\/div><\/div><div class=\"dce-item dce-item_content elementor-repeater-item-96a5f2f\"><div class=\"dce-post-content\">Vous recherchez un poste d'ing\u00e9nieur commercial ? Vous \u00eates passionn\u00e9 par la pr\u00e9servation de l'environnement et souhaitez travailler au sein d'une \u00e9qu&hellip;<\/div><\/div><div class=\"dce-item dce-item_readmore elementor-repeater-item-2dc1f42\">\t\t<div class=\"dce-post-button\">\n\t\t\t<a href=\"https:\/\/www.chemviron.eu\/fr\/ingenieur-commercial\/\" class=\"elementor-button-link elementor-button dce-button elementor-size-sm\" role=\"button\" >\n\t\t\tEn savoir plus\t\t\t<\/a>\n\t\t<\/div>\n\t\t<\/div>\t\t\t<\/div>\n\t\t<\/article>\n\t\t\t\t\t<\/div>\n\t\t\t\t\t<\/div>\n\t\t\t\t\t\t<\/div>\n\t\t\t\t<\/div>\n\t\t\t\t\t<\/div>\n\t\t\t\t<\/div>\n\t\t\t\t<\/div>\n\t\t","protected":false},"excerpt":{"rendered":"<p>Chemviron offre un large \u00e9ventail d&#8217;opportunit\u00e9s de carri\u00e8re dans les domaines de la finance, des ventes, du marketing, de l&#8217;assistance technique, de l&#8217;ing\u00e9nierie, de la fabrication et des op\u00e9rations. N&#8217;h\u00e9sitez pas \u00e0 consulter r\u00e9guli\u00e8rement notre site pour voir si des postes vous int\u00e9ressent. Technicien Electricit\u00e9 Instrumentation Automatisme Riom-Es-Montagnes (France)CHEMVIRON, filiale du groupe am\u00e9ricain Calgon Carbon [&hellip;]<\/p>\n","protected":false},"author":1,"featured_media":12429,"parent":0,"menu_order":0,"comment_status":"closed","ping_status":"closed","template":"","meta":{"_acf_changed":false,"inline_featured_image":false,"footnotes":""},"class_list":["post-6410","page","type-page","status-publish","has-post-thumbnail","hentry"],"acf":[],"yoast_head":"<!-- This site is optimized with the Yoast SEO plugin v27.3 - https:\/\/yoast.com\/product\/yoast-seo-wordpress\/ -->\n<title>Carri\u00e8res - Chemviron<\/title>\n<meta name=\"robots\" content=\"index, follow, max-snippet:-1, max-image-preview:large, max-video-preview:-1\" \/>\n<link rel=\"canonical\" href=\"https:\/\/www.chemviron.eu\/fr\/carrieres\/\" \/>\n<meta property=\"og:locale\" content=\"fr_FR\" \/>\n<meta property=\"og:type\" content=\"article\" \/>\n<meta property=\"og:title\" content=\"Carri\u00e8res - Chemviron\" \/>\n<meta property=\"og:description\" content=\"Chemviron offre un large \u00e9ventail d&#8217;opportunit\u00e9s de carri\u00e8re dans les domaines de la finance, des ventes, du marketing, de l&#8217;assistance technique, de l&#8217;ing\u00e9nierie, de la fabrication et des op\u00e9rations. N&#8217;h\u00e9sitez pas \u00e0 consulter r\u00e9guli\u00e8rement notre site pour voir si des postes vous int\u00e9ressent. Technicien Electricit\u00e9 Instrumentation Automatisme Riom-Es-Montagnes (France)CHEMVIRON, filiale du groupe am\u00e9ricain Calgon Carbon [&hellip;]\" \/>\n<meta property=\"og:url\" content=\"https:\/\/www.chemviron.eu\/fr\/carrieres\/\" \/>\n<meta property=\"og:site_name\" content=\"Chemviron\" \/>\n<meta property=\"article:modified_time\" content=\"2024-08-30T10:59:02+00:00\" \/>\n<meta name=\"twitter:card\" content=\"summary_large_image\" \/>\n<meta name=\"twitter:label1\" content=\"Dur\u00e9e de lecture estim\u00e9e\" \/>\n\t<meta name=\"twitter:data1\" content=\"2 minutes\" \/>\n<script type=\"application\/ld+json\" class=\"yoast-schema-graph\">{\"@context\":\"https:\\\/\\\/schema.org\",\"@graph\":[{\"@type\":\"WebPage\",\"@id\":\"https:\\\/\\\/www.chemviron.eu\\\/fr\\\/carrieres\\\/\",\"url\":\"https:\\\/\\\/www.chemviron.eu\\\/fr\\\/carrieres\\\/\",\"name\":\"Carri\u00e8res - Chemviron\",\"isPartOf\":{\"@id\":\"https:\\\/\\\/www.chemviron.eu\\\/fr\\\/#website\"},\"primaryImageOfPage\":{\"@id\":\"https:\\\/\\\/www.chemviron.eu\\\/fr\\\/carrieres\\\/#primaryimage\"},\"image\":{\"@id\":\"https:\\\/\\\/www.chemviron.eu\\\/fr\\\/carrieres\\\/#primaryimage\"},\"thumbnailUrl\":\"https:\\\/\\\/www.chemviron.eu\\\/wp-content\\\/uploads\\\/2026\\\/02\\\/Careers-medium.jpg\",\"datePublished\":\"2024-02-13T14:41:26+00:00\",\"dateModified\":\"2024-08-30T10:59:02+00:00\",\"breadcrumb\":{\"@id\":\"https:\\\/\\\/www.chemviron.eu\\\/fr\\\/carrieres\\\/#breadcrumb\"},\"inLanguage\":\"fr-FR\",\"potentialAction\":[{\"@type\":\"ReadAction\",\"target\":[\"https:\\\/\\\/www.chemviron.eu\\\/fr\\\/carrieres\\\/\"]}]},{\"@type\":\"ImageObject\",\"inLanguage\":\"fr-FR\",\"@id\":\"https:\\\/\\\/www.chemviron.eu\\\/fr\\\/carrieres\\\/#primaryimage\",\"url\":\"https:\\\/\\\/www.chemviron.eu\\\/wp-content\\\/uploads\\\/2026\\\/02\\\/Careers-medium.jpg\",\"contentUrl\":\"https:\\\/\\\/www.chemviron.eu\\\/wp-content\\\/uploads\\\/2026\\\/02\\\/Careers-medium.jpg\",\"width\":1000,\"height\":590,\"caption\":\"careers-at-chemviron\"},{\"@type\":\"BreadcrumbList\",\"@id\":\"https:\\\/\\\/www.chemviron.eu\\\/fr\\\/carrieres\\\/#breadcrumb\",\"itemListElement\":[{\"@type\":\"ListItem\",\"position\":1,\"name\":\"Home\",\"item\":\"https:\\\/\\\/www.chemviron.eu\\\/fr\\\/\"},{\"@type\":\"ListItem\",\"position\":2,\"name\":\"Carri\u00e8res\"}]},{\"@type\":\"WebSite\",\"@id\":\"https:\\\/\\\/www.chemviron.eu\\\/fr\\\/#website\",\"url\":\"https:\\\/\\\/www.chemviron.eu\\\/fr\\\/\",\"name\":\"Chemviron\",\"description\":\"The Purification Solutions Provider\",\"publisher\":{\"@id\":\"https:\\\/\\\/www.chemviron.eu\\\/fr\\\/#organization\"},\"potentialAction\":[{\"@type\":\"SearchAction\",\"target\":{\"@type\":\"EntryPoint\",\"urlTemplate\":\"https:\\\/\\\/www.chemviron.eu\\\/fr\\\/?s={search_term_string}\"},\"query-input\":{\"@type\":\"PropertyValueSpecification\",\"valueRequired\":true,\"valueName\":\"search_term_string\"}}],\"inLanguage\":\"fr-FR\"},{\"@type\":\"Organization\",\"@id\":\"https:\\\/\\\/www.chemviron.eu\\\/fr\\\/#organization\",\"name\":\"Chemviron\",\"url\":\"https:\\\/\\\/www.chemviron.eu\\\/fr\\\/\",\"logo\":{\"@type\":\"ImageObject\",\"inLanguage\":\"fr-FR\",\"@id\":\"https:\\\/\\\/www.chemviron.eu\\\/fr\\\/#\\\/schema\\\/logo\\\/image\\\/\",\"url\":\"https:\\\/\\\/www.chemviron.eu\\\/wp-content\\\/uploads\\\/2023\\\/12\\\/Chemviron-logo.jpg\",\"contentUrl\":\"https:\\\/\\\/www.chemviron.eu\\\/wp-content\\\/uploads\\\/2023\\\/12\\\/Chemviron-logo.jpg\",\"width\":1667,\"height\":833,\"caption\":\"Chemviron\"},\"image\":{\"@id\":\"https:\\\/\\\/www.chemviron.eu\\\/fr\\\/#\\\/schema\\\/logo\\\/image\\\/\"},\"sameAs\":[\"https:\\\/\\\/www.linkedin.com\\\/company\\\/chemviron\\\/\"]}]}<\/script>\n<!-- \/ Yoast SEO plugin. -->","yoast_head_json":{"title":"Carri\u00e8res - Chemviron","robots":{"index":"index","follow":"follow","max-snippet":"max-snippet:-1","max-image-preview":"max-image-preview:large","max-video-preview":"max-video-preview:-1"},"canonical":"https:\/\/www.chemviron.eu\/fr\/carrieres\/","og_locale":"fr_FR","og_type":"article","og_title":"Carri\u00e8res - Chemviron","og_description":"Chemviron offre un large \u00e9ventail d&#8217;opportunit\u00e9s de carri\u00e8re dans les domaines de la finance, des ventes, du marketing, de l&#8217;assistance technique, de l&#8217;ing\u00e9nierie, de la fabrication et des op\u00e9rations. N&#8217;h\u00e9sitez pas \u00e0 consulter r\u00e9guli\u00e8rement notre site pour voir si des postes vous int\u00e9ressent. Technicien Electricit\u00e9 Instrumentation Automatisme Riom-Es-Montagnes (France)CHEMVIRON, filiale du groupe am\u00e9ricain Calgon Carbon [&hellip;]","og_url":"https:\/\/www.chemviron.eu\/fr\/carrieres\/","og_site_name":"Chemviron","article_modified_time":"2024-08-30T10:59:02+00:00","twitter_card":"summary_large_image","twitter_misc":{"Dur\u00e9e de lecture estim\u00e9e":"2 minutes"},"schema":{"@context":"https:\/\/schema.org","@graph":[{"@type":"WebPage","@id":"https:\/\/www.chemviron.eu\/fr\/carrieres\/","url":"https:\/\/www.chemviron.eu\/fr\/carrieres\/","name":"Carri\u00e8res - Chemviron","isPartOf":{"@id":"https:\/\/www.chemviron.eu\/fr\/#website"},"primaryImageOfPage":{"@id":"https:\/\/www.chemviron.eu\/fr\/carrieres\/#primaryimage"},"image":{"@id":"https:\/\/www.chemviron.eu\/fr\/carrieres\/#primaryimage"},"thumbnailUrl":"https:\/\/www.chemviron.eu\/wp-content\/uploads\/2026\/02\/Careers-medium.jpg","datePublished":"2024-02-13T14:41:26+00:00","dateModified":"2024-08-30T10:59:02+00:00","breadcrumb":{"@id":"https:\/\/www.chemviron.eu\/fr\/carrieres\/#breadcrumb"},"inLanguage":"fr-FR","potentialAction":[{"@type":"ReadAction","target":["https:\/\/www.chemviron.eu\/fr\/carrieres\/"]}]},{"@type":"ImageObject","inLanguage":"fr-FR","@id":"https:\/\/www.chemviron.eu\/fr\/carrieres\/#primaryimage","url":"https:\/\/www.chemviron.eu\/wp-content\/uploads\/2026\/02\/Careers-medium.jpg","contentUrl":"https:\/\/www.chemviron.eu\/wp-content\/uploads\/2026\/02\/Careers-medium.jpg","width":1000,"height":590,"caption":"careers-at-chemviron"},{"@type":"BreadcrumbList","@id":"https:\/\/www.chemviron.eu\/fr\/carrieres\/#breadcrumb","itemListElement":[{"@type":"ListItem","position":1,"name":"Home","item":"https:\/\/www.chemviron.eu\/fr\/"},{"@type":"ListItem","position":2,"name":"Carri\u00e8res"}]},{"@type":"WebSite","@id":"https:\/\/www.chemviron.eu\/fr\/#website","url":"https:\/\/www.chemviron.eu\/fr\/","name":"Chemviron","description":"The Purification Solutions Provider","publisher":{"@id":"https:\/\/www.chemviron.eu\/fr\/#organization"},"potentialAction":[{"@type":"SearchAction","target":{"@type":"EntryPoint","urlTemplate":"https:\/\/www.chemviron.eu\/fr\/?s={search_term_string}"},"query-input":{"@type":"PropertyValueSpecification","valueRequired":true,"valueName":"search_term_string"}}],"inLanguage":"fr-FR"},{"@type":"Organization","@id":"https:\/\/www.chemviron.eu\/fr\/#organization","name":"Chemviron","url":"https:\/\/www.chemviron.eu\/fr\/","logo":{"@type":"ImageObject","inLanguage":"fr-FR","@id":"https:\/\/www.chemviron.eu\/fr\/#\/schema\/logo\/image\/","url":"https:\/\/www.chemviron.eu\/wp-content\/uploads\/2023\/12\/Chemviron-logo.jpg","contentUrl":"https:\/\/www.chemviron.eu\/wp-content\/uploads\/2023\/12\/Chemviron-logo.jpg","width":1667,"height":833,"caption":"Chemviron"},"image":{"@id":"https:\/\/www.chemviron.eu\/fr\/#\/schema\/logo\/image\/"},"sameAs":["https:\/\/www.linkedin.com\/company\/chemviron\/"]}]}},"_links":{"self":[{"href":"https:\/\/www.chemviron.eu\/fr\/wp-json\/wp\/v2\/pages\/6410","targetHints":{"allow":["GET"]}}],"collection":[{"href":"https:\/\/www.chemviron.eu\/fr\/wp-json\/wp\/v2\/pages"}],"about":[{"href":"https:\/\/www.chemviron.eu\/fr\/wp-json\/wp\/v2\/types\/page"}],"author":[{"embeddable":true,"href":"https:\/\/www.chemviron.eu\/fr\/wp-json\/wp\/v2\/users\/1"}],"replies":[{"embeddable":true,"href":"https:\/\/www.chemviron.eu\/fr\/wp-json\/wp\/v2\/comments?post=6410"}],"version-history":[{"count":5,"href":"https:\/\/www.chemviron.eu\/fr\/wp-json\/wp\/v2\/pages\/6410\/revisions"}],"predecessor-version":[{"id":7478,"href":"https:\/\/www.chemviron.eu\/fr\/wp-json\/wp\/v2\/pages\/6410\/revisions\/7478"}],"wp:featuredmedia":[{"embeddable":true,"href":"https:\/\/www.chemviron.eu\/fr\/wp-json\/wp\/v2\/media\/12429"}],"wp:attachment":[{"href":"https:\/\/www.chemviron.eu\/fr\/wp-json\/wp\/v2\/media?parent=6410"}],"curies":[{"name":"wp","href":"https:\/\/api.w.org\/{rel}","templated":true}]}}