{"id":6134,"date":"2023-12-06T12:34:52","date_gmt":"2023-12-06T12:34:52","guid":{"rendered":"https:\/\/www.chemviron.eu\/applications\/metals-recovery\/"},"modified":"2026-04-08T09:05:01","modified_gmt":"2026-04-08T09:05:01","slug":"recuperation-des-metaux-precieux","status":"publish","type":"page","link":"https:\/\/www.chemviron.eu\/fr\/applications\/recuperation-des-metaux-precieux\/","title":{"rendered":"R\u00e9cup\u00e9ration des m\u00e9taux"},"content":{"rendered":"\t\t<div data-elementor-type=\"wp-page\" data-elementor-id=\"6134\" class=\"elementor elementor-6134 elementor-641\" data-elementor-post-type=\"page\">\n\t\t\t\t<div class=\"elementor-element elementor-element-23b9c9fc e-flex e-con-boxed e-con e-parent\" data-id=\"23b9c9fc\" data-element_type=\"container\" data-e-type=\"container\">\n\t\t\t\t\t<div class=\"e-con-inner\">\n\t\t<div class=\"elementor-element elementor-element-2d2f98 e-con-full e-flex e-con e-child\" data-id=\"2d2f98\" data-element_type=\"container\" data-e-type=\"container\">\n\t\t\t\t<div class=\"elementor-element elementor-element-7085b2c4 elementor-invisible elementor-widget elementor-widget-heading\" data-id=\"7085b2c4\" data-element_type=\"widget\" data-e-type=\"widget\" data-settings=\"{&quot;_animation&quot;:&quot;fadeIn&quot;}\" data-widget_type=\"heading.default\">\n\t\t\t\t<div class=\"elementor-widget-container\">\n\t\t\t\t\t<h1 class=\"elementor-heading-title elementor-size-default\">R\u00e9cup\u00e9ration des m\u00e9taux pr\u00e9cieux<\/h1>\t\t\t\t<\/div>\n\t\t\t\t<\/div>\n\t\t\t\t<div class=\"elementor-element elementor-element-48c82160 elementor-invisible elementor-widget elementor-widget-heading\" data-id=\"48c82160\" data-element_type=\"widget\" data-e-type=\"widget\" data-settings=\"{&quot;_animation&quot;:&quot;fadeIn&quot;,&quot;_animation_delay&quot;:400}\" data-widget_type=\"heading.default\">\n\t\t\t\t<div class=\"elementor-widget-container\">\n\t\t\t\t\t<h2 class=\"elementor-heading-title elementor-size-default\">Les charbons actifs de haute qualit\u00e9 de Chemviron assurent une efficacit\u00e9 optimale dans les op\u00e9rations de r\u00e9cup\u00e9ration de l'or dans les installations mini\u00e8res de la r\u00e9gion EMEA.<\/h2>\t\t\t\t<\/div>\n\t\t\t\t<\/div>\n\t\t\t\t<\/div>\n\t\t<div data-dce-background-image-url=\"https:\/\/www.chemviron.eu\/wp-content\/uploads\/2026\/02\/Gold-recovery-1-scaled.jpeg\" class=\"elementor-element elementor-element-36105e31 e-con-full e-flex e-con e-child\" data-id=\"36105e31\" data-element_type=\"container\" data-e-type=\"container\" data-settings=\"{&quot;background_background&quot;:&quot;classic&quot;}\">\n\t\t\t\t<\/div>\n\t\t\t\t\t<\/div>\n\t\t\t\t<\/div>\n\t\t<div data-dce-background-overlay-image-url=\"https:\/\/www.chemviron.eu\/wp-content\/uploads\/2024\/01\/kuraray_circle_grid_landscape_rgb-1.svg\" class=\"elementor-element elementor-element-1e20bf38 e-flex e-con-boxed e-con e-parent\" data-id=\"1e20bf38\" data-element_type=\"container\" data-e-type=\"container\">\n\t\t\t\t\t<div class=\"e-con-inner\">\n\t\t<div class=\"elementor-element elementor-element-7954ad3e e-con-full e-flex e-con e-child\" data-id=\"7954ad3e\" data-element_type=\"container\" data-e-type=\"container\">\n\t\t\t\t<div class=\"elementor-element elementor-element-11c7666e elementor-widget-mobile__width-inherit elementor-widget elementor-widget-text-editor\" data-id=\"11c7666e\" data-element_type=\"widget\" data-e-type=\"widget\" data-widget_type=\"text-editor.default\">\n\t\t\t\t<div class=\"elementor-widget-container\">\n\t\t\t\t\t\t\t\t\t<p>Le charbon actif est reconnu comme l&#8217;une des meilleures technologies pour la r\u00e9cup\u00e9ration des m\u00e9taux pr\u00e9cieux, tel que l&#8217;or, extraits de minerais, de d\u00e9chets et des fil\u00e8res de r\u00e9cup\u00e9ration.<\/p><p>Pour la r\u00e9cup\u00e9ration de l&#8217;or, chaque once fait la diff\u00e9rence et pour les fil\u00e8res de r\u00e9cup\u00e9ration de l&#8217;or, le charbon actif utilis\u00e9 doit fournir d&#8217;excellentes performances pour maximiser le taux de charge de l\u2019or, minimiser les pertes par attrition et \u00e9viter les probl\u00e8mes de maintenance. Les charbons actifs de Chemviron ont \u00e9t\u00e9 s\u00e9lectionn\u00e9s pour r\u00e9pondre \u00e0 ces exigences.<\/p><p>Depuis des d\u00e9cennies, l&#8217;industrie mini\u00e8re fait confiance au charbon actif en grain (CAG) de Chemviron pour r\u00e9cup\u00e9rer l&#8217;or et d&#8217;autres m\u00e9taux pr\u00e9cieux. Il est prouv\u00e9 que les CAG de haute qualit\u00e9 de Chemviron maximisent l&#8217;efficacit\u00e9 de la r\u00e9cup\u00e9ration en r\u00e9duisant la perte d&#8217;or et en minimisant la consommation de charbon lorsqu&#8217;ils sont utilis\u00e9s pour les techniques d&#8217;extraction de l&#8217;or par lixiviation au charbon (CIL), par pulpe au charbon (CIP) et par colonne au charbon (CIC). La gamme de produits Chemviron propose divers produits pour ces diff\u00e9rentes op\u00e9rations de r\u00e9cup\u00e9ration.<\/p><p>L&#8217;expertise technique et les capacit\u00e9s de Chemviron fourniront la solution la plus \u00e9conomique et la plus efficace pour votre application de r\u00e9cup\u00e9ration des m\u00e9taux pr\u00e9cieux.<\/p><p><a href=\"https:\/\/www.chemviron.eu\/fr\/contact\/\">Contactez-nous pour plus d&#8217;informations.<\/a><\/p>\t\t\t\t\t\t\t\t<\/div>\n\t\t\t\t<\/div>\n\t\t\t\t<div class=\"elementor-element elementor-element-7cb80aae elementor-widget elementor-widget-heading\" data-id=\"7cb80aae\" data-element_type=\"widget\" data-e-type=\"widget\" data-widget_type=\"heading.default\">\n\t\t\t\t<div class=\"elementor-widget-container\">\n\t\t\t\t\t<h3 class=\"elementor-heading-title elementor-size-default\">Pourquoi choisir Chemviron comme partenaire ?<\/h3>\t\t\t\t<\/div>\n\t\t\t\t<\/div>\n\t\t\t\t<div class=\"elementor-element elementor-element-7fa75d1e elementor-widget-mobile__width-inherit elementor-widget elementor-widget-text-editor\" data-id=\"7fa75d1e\" data-element_type=\"widget\" data-e-type=\"widget\" data-widget_type=\"text-editor.default\">\n\t\t\t\t<div class=\"elementor-widget-container\">\n\t\t\t\t\t\t\t\t\t<div><p>Chemviron fournit du charbon actif \u00e0 l&#8217;industrie de l\u2019or depuis de nombreuses ann\u00e9es et a donc d\u00e9velopp\u00e9 une grande exp\u00e9rience et expertise dans les op\u00e9rations d&#8217;adsorption de l&#8217;or.<\/p><\/div><div><p>Les services de Chemviron comprennent\u00a0:<\/p><\/div><div><ul><li>Support technique pour conseiller sur le charbon actif appropri\u00e9 \u00e0 votre application &#8211; <a href=\"https:\/\/www.chemviron.eu\/fr\/contact\/\">contactez un repr\u00e9sentant pour en savoir plus.<\/a><\/li><li>La fourniture d&#8217;un charbon actif de haute qualit\u00e9, s\u00e9lectionn\u00e9 pour votre application et dont l&#8217;utilisation dans l&#8217;industrie de l\u2019or a \u00e9t\u00e9 prouv\u00e9e dans le monde entier.<\/li><\/ul><\/div><div>\u00a0<\/div>\t\t\t\t\t\t\t\t<\/div>\n\t\t\t\t<\/div>\n\t\t\t\t<\/div>\n\t\t\t\t\t<\/div>\n\t\t\t\t<\/div>\n\t\t<div class=\"elementor-element elementor-element-5e1dc812 e-flex e-con-boxed elementor-invisible e-con e-parent\" data-id=\"5e1dc812\" data-element_type=\"container\" data-e-type=\"container\" data-settings=\"{&quot;animation&quot;:&quot;fadeInUp&quot;}\">\n\t\t\t\t\t<div class=\"e-con-inner\">\n\t\t<div data-dce-background-color=\"#FFF4DA\" class=\"elementor-element elementor-element-17bd5e1 e-con-full e-flex e-con e-child\" data-id=\"17bd5e1\" data-element_type=\"container\" data-e-type=\"container\" data-settings=\"{&quot;background_background&quot;:&quot;classic&quot;}\">\n\t\t\t\t<div class=\"elementor-element elementor-element-57548cbd dce_masking-none elementor-widget elementor-widget-image\" data-id=\"57548cbd\" data-element_type=\"widget\" data-e-type=\"widget\" data-widget_type=\"image.default\">\n\t\t\t\t<div class=\"elementor-widget-container\">\n\t\t\t\t\t\t\t\t\t\t\t\t\t\t\t<img decoding=\"async\" width=\"136\" height=\"136\" src=\"https:\/\/www.chemviron.eu\/wp-content\/uploads\/2024\/01\/kuraray_pictogram_user-negative-1-1.png\" class=\"attachment-large size-large wp-image-2607\" alt=\"\" \/>\t\t\t\t\t\t\t\t\t\t\t\t\t\t\t<\/div>\n\t\t\t\t<\/div>\n\t\t\t\t<\/div>\n\t\t<div data-dce-background-color=\"#FFF4DA\" class=\"elementor-element elementor-element-1e20c205 e-con-full e-flex e-con e-child\" data-id=\"1e20c205\" data-element_type=\"container\" data-e-type=\"container\" data-settings=\"{&quot;background_background&quot;:&quot;classic&quot;}\">\n\t\t\t\t<div class=\"elementor-element elementor-element-11027a8a elementor-widget elementor-widget-heading\" data-id=\"11027a8a\" data-element_type=\"widget\" data-e-type=\"widget\" data-widget_type=\"heading.default\">\n\t\t\t\t<div class=\"elementor-widget-container\">\n\t\t\t\t\t<h4 class=\"elementor-heading-title elementor-size-default\">Contactez notre \u00e9quipe technique pour plus d'informations.<\/h4>\t\t\t\t<\/div>\n\t\t\t\t<\/div>\n\t\t\t\t<div class=\"elementor-element elementor-element-425cab4b elementor-widget elementor-widget-button\" data-id=\"425cab4b\" data-element_type=\"widget\" data-e-type=\"widget\" data-widget_type=\"button.default\">\n\t\t\t\t<div class=\"elementor-widget-container\">\n\t\t\t\t\t\t\t\t\t<div class=\"elementor-button-wrapper\">\n\t\t\t\t\t<a class=\"elementor-button elementor-button-link elementor-size-sm\" href=\"https:\/\/www.chemviron.eu\/fr\/contact\/\">\n\t\t\t\t\t\t<span class=\"elementor-button-content-wrapper\">\n\t\t\t\t\t\t\t\t\t<span class=\"elementor-button-text\">Contactez-nous<\/span>\n\t\t\t\t\t<\/span>\n\t\t\t\t\t<\/a>\n\t\t\t\t<\/div>\n\t\t\t\t\t\t\t\t<\/div>\n\t\t\t\t<\/div>\n\t\t\t\t<\/div>\n\t\t\t\t\t<\/div>\n\t\t\t\t<\/div>\n\t\t\t\t<\/div>\n\t\t","protected":false},"excerpt":{"rendered":"<p>R\u00e9cup\u00e9ration des m\u00e9taux pr\u00e9cieux Les charbons actifs de haute qualit\u00e9 de Chemviron assurent une efficacit\u00e9 optimale dans les op\u00e9rations de r\u00e9cup\u00e9ration de l&#8217;or dans les installations mini\u00e8res de la r\u00e9gion EMEA. Le charbon actif est reconnu comme l&#8217;une des meilleures technologies pour la r\u00e9cup\u00e9ration des m\u00e9taux pr\u00e9cieux, tel que l&#8217;or, extraits de minerais, de d\u00e9chets [&hellip;]<\/p>\n","protected":false},"author":1,"featured_media":13759,"parent":6336,"menu_order":0,"comment_status":"closed","ping_status":"closed","template":"elementor_header_footer","meta":{"_acf_changed":false,"inline_featured_image":false,"footnotes":""},"class_list":["post-6134","page","type-page","status-publish","has-post-thumbnail","hentry"],"acf":[],"yoast_head":"<!-- This site is optimized with the Yoast SEO plugin v27.3 - https:\/\/yoast.com\/product\/yoast-seo-wordpress\/ -->\n<title>R\u00e9cup\u00e9ration des m\u00e9taux pr\u00e9cieux<\/title>\n<meta name=\"description\" content=\"Solutions pour minimiser les pertes lors de la r\u00e9cup\u00e9ration des m\u00e9taux pr\u00e9cieux \u00e0 partir du minerai et des flux de d\u00e9chets.\" \/>\n<meta name=\"robots\" content=\"index, follow, max-snippet:-1, max-image-preview:large, max-video-preview:-1\" \/>\n<link rel=\"canonical\" href=\"https:\/\/www.chemviron.eu\/fr\/applications\/recuperation-des-metaux-precieux\/\" \/>\n<meta property=\"og:locale\" content=\"fr_FR\" \/>\n<meta property=\"og:type\" content=\"article\" \/>\n<meta property=\"og:title\" content=\"R\u00e9cup\u00e9ration des m\u00e9taux pr\u00e9cieux\" \/>\n<meta property=\"og:description\" content=\"Solutions pour minimiser les pertes lors de la r\u00e9cup\u00e9ration des m\u00e9taux pr\u00e9cieux \u00e0 partir du minerai et des flux de d\u00e9chets.\" \/>\n<meta property=\"og:url\" content=\"https:\/\/www.chemviron.eu\/fr\/applications\/recuperation-des-metaux-precieux\/\" \/>\n<meta property=\"og:site_name\" content=\"Chemviron\" \/>\n<meta property=\"article:modified_time\" content=\"2026-04-08T09:05:01+00:00\" \/>\n<meta property=\"og:image\" content=\"https:\/\/www.chemviron.eu\/wp-content\/uploads\/2026\/02\/Gold-recovery-scaled.jpeg\" \/>\n\t<meta property=\"og:image:width\" content=\"2560\" \/>\n\t<meta property=\"og:image:height\" content=\"1435\" \/>\n\t<meta property=\"og:image:type\" content=\"image\/jpeg\" \/>\n<meta name=\"twitter:card\" content=\"summary_large_image\" \/>\n<meta name=\"twitter:label1\" content=\"Dur\u00e9e de lecture estim\u00e9e\" \/>\n\t<meta name=\"twitter:data1\" content=\"2 minutes\" \/>\n<script type=\"application\/ld+json\" class=\"yoast-schema-graph\">{\"@context\":\"https:\\\/\\\/schema.org\",\"@graph\":[{\"@type\":\"WebPage\",\"@id\":\"https:\\\/\\\/www.chemviron.eu\\\/fr\\\/applications\\\/recuperation-des-metaux-precieux\\\/\",\"url\":\"https:\\\/\\\/www.chemviron.eu\\\/fr\\\/applications\\\/recuperation-des-metaux-precieux\\\/\",\"name\":\"R\u00e9cup\u00e9ration des m\u00e9taux pr\u00e9cieux\",\"isPartOf\":{\"@id\":\"https:\\\/\\\/www.chemviron.eu\\\/fr\\\/#website\"},\"primaryImageOfPage\":{\"@id\":\"https:\\\/\\\/www.chemviron.eu\\\/fr\\\/applications\\\/recuperation-des-metaux-precieux\\\/#primaryimage\"},\"image\":{\"@id\":\"https:\\\/\\\/www.chemviron.eu\\\/fr\\\/applications\\\/recuperation-des-metaux-precieux\\\/#primaryimage\"},\"thumbnailUrl\":\"https:\\\/\\\/www.chemviron.eu\\\/wp-content\\\/uploads\\\/2026\\\/02\\\/Gold-recovery-scaled.jpeg\",\"datePublished\":\"2023-12-06T12:34:52+00:00\",\"dateModified\":\"2026-04-08T09:05:01+00:00\",\"description\":\"Solutions pour minimiser les pertes lors de la r\u00e9cup\u00e9ration des m\u00e9taux pr\u00e9cieux \u00e0 partir du minerai et des flux de d\u00e9chets.\",\"breadcrumb\":{\"@id\":\"https:\\\/\\\/www.chemviron.eu\\\/fr\\\/applications\\\/recuperation-des-metaux-precieux\\\/#breadcrumb\"},\"inLanguage\":\"fr-FR\",\"potentialAction\":[{\"@type\":\"ReadAction\",\"target\":[\"https:\\\/\\\/www.chemviron.eu\\\/fr\\\/applications\\\/recuperation-des-metaux-precieux\\\/\"]}]},{\"@type\":\"ImageObject\",\"inLanguage\":\"fr-FR\",\"@id\":\"https:\\\/\\\/www.chemviron.eu\\\/fr\\\/applications\\\/recuperation-des-metaux-precieux\\\/#primaryimage\",\"url\":\"https:\\\/\\\/www.chemviron.eu\\\/wp-content\\\/uploads\\\/2026\\\/02\\\/Gold-recovery-scaled.jpeg\",\"contentUrl\":\"https:\\\/\\\/www.chemviron.eu\\\/wp-content\\\/uploads\\\/2026\\\/02\\\/Gold-recovery-scaled.jpeg\",\"width\":2560,\"height\":1435,\"caption\":\"metals-recovery-with-activated-carbon\"},{\"@type\":\"BreadcrumbList\",\"@id\":\"https:\\\/\\\/www.chemviron.eu\\\/fr\\\/applications\\\/recuperation-des-metaux-precieux\\\/#breadcrumb\",\"itemListElement\":[{\"@type\":\"ListItem\",\"position\":1,\"name\":\"Home\",\"item\":\"https:\\\/\\\/www.chemviron.eu\\\/fr\\\/\"},{\"@type\":\"ListItem\",\"position\":2,\"name\":\"Applications\",\"item\":\"https:\\\/\\\/www.chemviron.eu\\\/fr\\\/applications\\\/\"},{\"@type\":\"ListItem\",\"position\":3,\"name\":\"R\u00e9cup\u00e9ration des m\u00e9taux\"}]},{\"@type\":\"WebSite\",\"@id\":\"https:\\\/\\\/www.chemviron.eu\\\/fr\\\/#website\",\"url\":\"https:\\\/\\\/www.chemviron.eu\\\/fr\\\/\",\"name\":\"Chemviron\",\"description\":\"The Purification Solutions Provider\",\"publisher\":{\"@id\":\"https:\\\/\\\/www.chemviron.eu\\\/fr\\\/#organization\"},\"potentialAction\":[{\"@type\":\"SearchAction\",\"target\":{\"@type\":\"EntryPoint\",\"urlTemplate\":\"https:\\\/\\\/www.chemviron.eu\\\/fr\\\/?s={search_term_string}\"},\"query-input\":{\"@type\":\"PropertyValueSpecification\",\"valueRequired\":true,\"valueName\":\"search_term_string\"}}],\"inLanguage\":\"fr-FR\"},{\"@type\":\"Organization\",\"@id\":\"https:\\\/\\\/www.chemviron.eu\\\/fr\\\/#organization\",\"name\":\"Chemviron\",\"url\":\"https:\\\/\\\/www.chemviron.eu\\\/fr\\\/\",\"logo\":{\"@type\":\"ImageObject\",\"inLanguage\":\"fr-FR\",\"@id\":\"https:\\\/\\\/www.chemviron.eu\\\/fr\\\/#\\\/schema\\\/logo\\\/image\\\/\",\"url\":\"https:\\\/\\\/www.chemviron.eu\\\/wp-content\\\/uploads\\\/2023\\\/12\\\/Chemviron-logo.jpg\",\"contentUrl\":\"https:\\\/\\\/www.chemviron.eu\\\/wp-content\\\/uploads\\\/2023\\\/12\\\/Chemviron-logo.jpg\",\"width\":1667,\"height\":833,\"caption\":\"Chemviron\"},\"image\":{\"@id\":\"https:\\\/\\\/www.chemviron.eu\\\/fr\\\/#\\\/schema\\\/logo\\\/image\\\/\"},\"sameAs\":[\"https:\\\/\\\/www.linkedin.com\\\/company\\\/chemviron\\\/\"]}]}<\/script>\n<!-- \/ Yoast SEO plugin. -->","yoast_head_json":{"title":"R\u00e9cup\u00e9ration des m\u00e9taux pr\u00e9cieux","description":"Solutions pour minimiser les pertes lors de la r\u00e9cup\u00e9ration des m\u00e9taux pr\u00e9cieux \u00e0 partir du minerai et des flux de d\u00e9chets.","robots":{"index":"index","follow":"follow","max-snippet":"max-snippet:-1","max-image-preview":"max-image-preview:large","max-video-preview":"max-video-preview:-1"},"canonical":"https:\/\/www.chemviron.eu\/fr\/applications\/recuperation-des-metaux-precieux\/","og_locale":"fr_FR","og_type":"article","og_title":"R\u00e9cup\u00e9ration des m\u00e9taux pr\u00e9cieux","og_description":"Solutions pour minimiser les pertes lors de la r\u00e9cup\u00e9ration des m\u00e9taux pr\u00e9cieux \u00e0 partir du minerai et des flux de d\u00e9chets.","og_url":"https:\/\/www.chemviron.eu\/fr\/applications\/recuperation-des-metaux-precieux\/","og_site_name":"Chemviron","article_modified_time":"2026-04-08T09:05:01+00:00","og_image":[{"width":2560,"height":1435,"url":"https:\/\/www.chemviron.eu\/wp-content\/uploads\/2026\/02\/Gold-recovery-scaled.jpeg","type":"image\/jpeg"}],"twitter_card":"summary_large_image","twitter_misc":{"Dur\u00e9e de lecture estim\u00e9e":"2 minutes"},"schema":{"@context":"https:\/\/schema.org","@graph":[{"@type":"WebPage","@id":"https:\/\/www.chemviron.eu\/fr\/applications\/recuperation-des-metaux-precieux\/","url":"https:\/\/www.chemviron.eu\/fr\/applications\/recuperation-des-metaux-precieux\/","name":"R\u00e9cup\u00e9ration des m\u00e9taux pr\u00e9cieux","isPartOf":{"@id":"https:\/\/www.chemviron.eu\/fr\/#website"},"primaryImageOfPage":{"@id":"https:\/\/www.chemviron.eu\/fr\/applications\/recuperation-des-metaux-precieux\/#primaryimage"},"image":{"@id":"https:\/\/www.chemviron.eu\/fr\/applications\/recuperation-des-metaux-precieux\/#primaryimage"},"thumbnailUrl":"https:\/\/www.chemviron.eu\/wp-content\/uploads\/2026\/02\/Gold-recovery-scaled.jpeg","datePublished":"2023-12-06T12:34:52+00:00","dateModified":"2026-04-08T09:05:01+00:00","description":"Solutions pour minimiser les pertes lors de la r\u00e9cup\u00e9ration des m\u00e9taux pr\u00e9cieux \u00e0 partir du minerai et des flux de d\u00e9chets.","breadcrumb":{"@id":"https:\/\/www.chemviron.eu\/fr\/applications\/recuperation-des-metaux-precieux\/#breadcrumb"},"inLanguage":"fr-FR","potentialAction":[{"@type":"ReadAction","target":["https:\/\/www.chemviron.eu\/fr\/applications\/recuperation-des-metaux-precieux\/"]}]},{"@type":"ImageObject","inLanguage":"fr-FR","@id":"https:\/\/www.chemviron.eu\/fr\/applications\/recuperation-des-metaux-precieux\/#primaryimage","url":"https:\/\/www.chemviron.eu\/wp-content\/uploads\/2026\/02\/Gold-recovery-scaled.jpeg","contentUrl":"https:\/\/www.chemviron.eu\/wp-content\/uploads\/2026\/02\/Gold-recovery-scaled.jpeg","width":2560,"height":1435,"caption":"metals-recovery-with-activated-carbon"},{"@type":"BreadcrumbList","@id":"https:\/\/www.chemviron.eu\/fr\/applications\/recuperation-des-metaux-precieux\/#breadcrumb","itemListElement":[{"@type":"ListItem","position":1,"name":"Home","item":"https:\/\/www.chemviron.eu\/fr\/"},{"@type":"ListItem","position":2,"name":"Applications","item":"https:\/\/www.chemviron.eu\/fr\/applications\/"},{"@type":"ListItem","position":3,"name":"R\u00e9cup\u00e9ration des m\u00e9taux"}]},{"@type":"WebSite","@id":"https:\/\/www.chemviron.eu\/fr\/#website","url":"https:\/\/www.chemviron.eu\/fr\/","name":"Chemviron","description":"The Purification Solutions Provider","publisher":{"@id":"https:\/\/www.chemviron.eu\/fr\/#organization"},"potentialAction":[{"@type":"SearchAction","target":{"@type":"EntryPoint","urlTemplate":"https:\/\/www.chemviron.eu\/fr\/?s={search_term_string}"},"query-input":{"@type":"PropertyValueSpecification","valueRequired":true,"valueName":"search_term_string"}}],"inLanguage":"fr-FR"},{"@type":"Organization","@id":"https:\/\/www.chemviron.eu\/fr\/#organization","name":"Chemviron","url":"https:\/\/www.chemviron.eu\/fr\/","logo":{"@type":"ImageObject","inLanguage":"fr-FR","@id":"https:\/\/www.chemviron.eu\/fr\/#\/schema\/logo\/image\/","url":"https:\/\/www.chemviron.eu\/wp-content\/uploads\/2023\/12\/Chemviron-logo.jpg","contentUrl":"https:\/\/www.chemviron.eu\/wp-content\/uploads\/2023\/12\/Chemviron-logo.jpg","width":1667,"height":833,"caption":"Chemviron"},"image":{"@id":"https:\/\/www.chemviron.eu\/fr\/#\/schema\/logo\/image\/"},"sameAs":["https:\/\/www.linkedin.com\/company\/chemviron\/"]}]}},"_links":{"self":[{"href":"https:\/\/www.chemviron.eu\/fr\/wp-json\/wp\/v2\/pages\/6134","targetHints":{"allow":["GET"]}}],"collection":[{"href":"https:\/\/www.chemviron.eu\/fr\/wp-json\/wp\/v2\/pages"}],"about":[{"href":"https:\/\/www.chemviron.eu\/fr\/wp-json\/wp\/v2\/types\/page"}],"author":[{"embeddable":true,"href":"https:\/\/www.chemviron.eu\/fr\/wp-json\/wp\/v2\/users\/1"}],"replies":[{"embeddable":true,"href":"https:\/\/www.chemviron.eu\/fr\/wp-json\/wp\/v2\/comments?post=6134"}],"version-history":[{"count":5,"href":"https:\/\/www.chemviron.eu\/fr\/wp-json\/wp\/v2\/pages\/6134\/revisions"}],"predecessor-version":[{"id":15107,"href":"https:\/\/www.chemviron.eu\/fr\/wp-json\/wp\/v2\/pages\/6134\/revisions\/15107"}],"up":[{"embeddable":true,"href":"https:\/\/www.chemviron.eu\/fr\/wp-json\/wp\/v2\/pages\/6336"}],"wp:featuredmedia":[{"embeddable":true,"href":"https:\/\/www.chemviron.eu\/fr\/wp-json\/wp\/v2\/media\/13759"}],"wp:attachment":[{"href":"https:\/\/www.chemviron.eu\/fr\/wp-json\/wp\/v2\/media?parent=6134"}],"curies":[{"name":"wp","href":"https:\/\/api.w.org\/{rel}","templated":true}]}}