{"id":6114,"date":"2023-12-06T12:33:38","date_gmt":"2023-12-06T12:33:38","guid":{"rendered":"https:\/\/www.chemviron.eu\/applications\/chemicals-pharmaceuticals\/"},"modified":"2026-04-13T08:33:28","modified_gmt":"2026-04-13T08:33:28","slug":"produits-chimiques-et-pharmaceutiques","status":"publish","type":"page","link":"https:\/\/www.chemviron.eu\/fr\/applications\/produits-chimiques-et-pharmaceutiques\/","title":{"rendered":"Produits chimiques et pharmaceutiques"},"content":{"rendered":"\t\t<div data-elementor-type=\"wp-page\" data-elementor-id=\"6114\" class=\"elementor elementor-6114 elementor-633\" data-elementor-post-type=\"page\">\n\t\t\t\t<div class=\"elementor-element elementor-element-7d3b562d e-flex e-con-boxed e-con e-parent\" data-id=\"7d3b562d\" data-element_type=\"container\" data-e-type=\"container\">\n\t\t\t\t\t<div class=\"e-con-inner\">\n\t\t<div class=\"elementor-element elementor-element-8e96027 e-con-full e-flex e-con e-child\" data-id=\"8e96027\" data-element_type=\"container\" data-e-type=\"container\">\n\t\t\t\t<div class=\"elementor-element elementor-element-497bd6e6 elementor-invisible elementor-widget elementor-widget-heading\" data-id=\"497bd6e6\" data-element_type=\"widget\" data-e-type=\"widget\" data-settings=\"{&quot;_animation&quot;:&quot;fadeIn&quot;}\" data-widget_type=\"heading.default\">\n\t\t\t\t<div class=\"elementor-widget-container\">\n\t\t\t\t\t<h1 class=\"elementor-heading-title elementor-size-default\">Produits chimiques et pharmaceutiques<\/h1>\t\t\t\t<\/div>\n\t\t\t\t<\/div>\n\t\t\t\t<div class=\"elementor-element elementor-element-2bd0ef elementor-invisible elementor-widget elementor-widget-heading\" data-id=\"2bd0ef\" data-element_type=\"widget\" data-e-type=\"widget\" data-settings=\"{&quot;_animation&quot;:&quot;fadeIn&quot;,&quot;_animation_delay&quot;:400}\" data-widget_type=\"heading.default\">\n\t\t\t\t<div class=\"elementor-widget-container\">\n\t\t\t\t\t<h2 class=\"elementor-heading-title elementor-size-default\">Chemviron offre des solutions de purification completes pour \u00e9liminer les impuret\u00e9s ou les couleurs lors des proc\u00e9d\u00e9s industriels, en s'appuyant sur nos charbons actifs sp\u00e9cialis\u00e9s, le recyclage par r\u00e9activation des charbons satur\u00e9s et notre service de filtres \u00e0 charbon mobiles.<\/h2>\t\t\t\t<\/div>\n\t\t\t\t<\/div>\n\t\t\t\t<\/div>\n\t\t<div data-dce-background-image-url=\"https:\/\/www.chemviron.eu\/wp-content\/uploads\/2026\/03\/AP_ChemicalsPharma_MI_Plant_Adobe_2026-scaled.jpeg\" class=\"elementor-element elementor-element-3ff0dfe7 e-con-full e-flex e-con e-child\" data-id=\"3ff0dfe7\" data-element_type=\"container\" data-e-type=\"container\" data-settings=\"{&quot;background_background&quot;:&quot;classic&quot;}\">\n\t\t\t\t<\/div>\n\t\t\t\t\t<\/div>\n\t\t\t\t<\/div>\n\t\t<div data-dce-background-overlay-image-url=\"https:\/\/www.chemviron.eu\/wp-content\/uploads\/2024\/01\/kuraray_circle_grid_landscape_rgb-1.svg\" class=\"elementor-element elementor-element-2304a756 e-flex e-con-boxed e-con e-parent\" data-id=\"2304a756\" data-element_type=\"container\" data-e-type=\"container\">\n\t\t\t\t\t<div class=\"e-con-inner\">\n\t\t<div class=\"elementor-element elementor-element-1047694d e-con-full e-flex e-con e-child\" data-id=\"1047694d\" data-element_type=\"container\" data-e-type=\"container\">\n\t\t\t\t<div class=\"elementor-element elementor-element-1b7d04de elementor-widget-mobile__width-inherit elementor-widget elementor-widget-text-editor\" data-id=\"1b7d04de\" data-element_type=\"widget\" data-e-type=\"widget\" data-widget_type=\"text-editor.default\">\n\t\t\t\t<div class=\"elementor-widget-container\">\n\t\t\t\t\t\t\t\t\t<p>De nombreux proc\u00e9d\u00e9s de fabrication n\u00e9cessitent la purification ou la d\u00e9coloration de produits chimiques et pharmaceutiques liquides. Nos solutions de charbon actif hautement performantes r\u00e9pondent aux exigences de traitement les plus strictes de nos clients, tout en offrant des avantages \u00e9conomiques significatifs. Elles sont id\u00e9ales pour l&#8217;\u00e9limination des couleurs et autres contaminants, la catalyse, ainsi que la purification des produits et sous-produits hors sp\u00e9cifications.<\/p>\t\t\t\t\t\t\t\t<\/div>\n\t\t\t\t<\/div>\n\t\t\t\t<div class=\"elementor-element elementor-element-43415c46 elementor-widget elementor-widget-heading\" data-id=\"43415c46\" data-element_type=\"widget\" data-e-type=\"widget\" data-widget_type=\"heading.default\">\n\t\t\t\t<div class=\"elementor-widget-container\">\n\t\t\t\t\t<h3 class=\"elementor-heading-title elementor-size-default\">Purification des produits chimiques et pharmaceutiques gr\u00e2ce au charbon actif<\/h3>\t\t\t\t<\/div>\n\t\t\t\t<\/div>\n\t\t\t\t<div class=\"elementor-element elementor-element-44e3d613 elementor-widget-mobile__width-inherit elementor-widget elementor-widget-text-editor\" data-id=\"44e3d613\" data-element_type=\"widget\" data-e-type=\"widget\" data-widget_type=\"text-editor.default\">\n\t\t\t\t<div class=\"elementor-widget-container\">\n\t\t\t\t\t\t\t\t\t<div><p>Le traitement des produits chimiques sp\u00e9ciaux et liquides n\u00e9cessite souvent une \u00e9tape de purification afin d\u2019\u00e9liminer les impurit\u00e9s ind\u00e9sirables du produit ou de corriger des lots hors sp\u00e9cifications. Une solution de charbon actif bien con\u00e7ue et mise en oeuvre est tr\u00e8s efficace pour r\u00e9pondre aux normes industrielles strictes, en adsorbant et \u00e9liminant une large gamme d&#8217;impuret\u00e9s \u00e0 l&#8217;\u00e9tat de traces, de produits chimiques organiques sp\u00e9cifiques, de couleurs ou d&#8217;odeurs ind\u00e9sirables, ou simplement comme \u00e9tape de finition. La liste des produits chimiques, des interm\u00e9diaires et des mati\u00e8res premi\u00e8res purifi\u00e9s \u00e0 l\u2019aide du charbon actif est immense. La technologie est fiable, simple et s\u2019est av\u00e9r\u00e9e \u00eatre une solution efficace.<\/p><\/div><div><p>Chemviron offre toute une gamme de charbons en grain et en poudre de haute qualit\u00e9 qui d\u00e9montrent constamment une grande efficacit\u00e9 pour la purification et\/ou l&#8217;\u00e9limination de la couleur d&#8217;une gamme de produits chimiques liquides ou d&#8217;ingr\u00e9dients pharmaceutiques. Certaines qualit\u00e9s sont lav\u00e9es \u00e0 l&#8217;acide pour cr\u00e9er des charbons actifs de grande puret\u00e9 adapt\u00e9s aux applications sp\u00e9cifiques ou en milieu acide.<\/p><p>L&#8217;expertise technique et l&#8217;exp\u00e9rience de Chemviron\u00a0garantissent la solution de charbon actif la plus appropri\u00e9e et la plus rentable par ses propri\u00e9t\u00e9s intrins\u00e8ques et les exigences de l&#8217;application.<\/p><\/div><div><p><a href=\"https:\/\/www.chemviron.eu\/fr\/contact\/\">Contactez-nous pour plus d&#8217;informations.<\/a><\/p><\/div>\t\t\t\t\t\t\t\t<\/div>\n\t\t\t\t<\/div>\n\t\t\t\t<div class=\"elementor-element elementor-element-47038492 elementor-widget elementor-widget-heading\" data-id=\"47038492\" data-element_type=\"widget\" data-e-type=\"widget\" data-widget_type=\"heading.default\">\n\t\t\t\t<div class=\"elementor-widget-container\">\n\t\t\t\t\t<h4 class=\"elementor-heading-title elementor-size-default\">Pourquoi choisir Chemviron comme partenaire ?<\/h4>\t\t\t\t<\/div>\n\t\t\t\t<\/div>\n\t\t\t\t<div class=\"elementor-element elementor-element-58f7c225 elementor-widget-mobile__width-inherit elementor-widget elementor-widget-text-editor\" data-id=\"58f7c225\" data-element_type=\"widget\" data-e-type=\"widget\" data-widget_type=\"text-editor.default\">\n\t\t\t\t<div class=\"elementor-widget-container\">\n\t\t\t\t\t\t\t\t\t<div><p>Fort de son expertise approfondie dans la r\u00e9duction des COV et des solvants, Chemviron con\u00e7oit et fabrique des syst\u00e8mes d\u2019adsorption sur charbon actif pour les installations de r\u00e9cup\u00e9ration des solvants depuis plus de 80 ans. De nombreux secteurs, tels que la chimie, le pharmaceutique, l\u2019imprimerie, le rev\u00eatement et l\u2019emballage, ont recours \u00e0 nos syst\u00e8mes.<\/p><\/div><div><p>C\u2019est cette longue exp\u00e9rience et cette compr\u00e9hension des besoins des clients qui ont conduit Chemviron \u00e0 d\u00e9velopper le service de filtres \u00e0 charbon mobiles, innovant et flexible, qui est disponible sur base d\u2019un contrat de location, \u00e9vitant ainsi des investissements co\u00fbteux.<\/p><p>Chemviron offre des solutions compl\u00e8tes pour la purification de l\u2019air en fin de cha\u00eene, \u00e0 savoir :<\/p><ul><li><strong>Des<\/strong> <strong>conseils techniques<\/strong> et une assistance pour le choix du charbon actif et de la solution de service appropri\u00e9s \u00e0 l&#8217;application &#8211; <a href=\"https:\/\/www.chemviron.eu\/fr\/contact\/\">contactez un repr\u00e9sentant pour en savoir plus.<\/a><\/li><li><strong>R\u00e9alisation d&#8217;essais<\/strong> en laboratoire ou en unit\u00e9s pilotes pour les essais sur site, afin de d\u00e9terminer les conditions de fonctionnement optimales. Ces essais s&#8217;av\u00e8rent inestimables pour identifier la solution la plus efficace pour chaque cas sp\u00e9cifique.<\/li><li>Nous fournissons du <strong>charbon actif de haute qualit\u00e9<\/strong>, s\u00e9lectionn\u00e9 sp\u00e9cifiquement pour chaque application et pr\u00e9install\u00e9 dans nos filtres mobiles. En tant que plus grand producteur mondial de charbons actifs, nous garantissons des solutions fiables et adapt\u00e9es \u00e0 vos besoins.<\/li><li>Service d\u00e9di\u00e9 de R\u00e9activation du charbon actif satur\u00e9. Le charbon actif satur\u00e9 est ainsi recycl\u00e9 et retourn\u00e9 au m\u00eame client pour \u00eatre r\u00e9utilis\u00e9 dans son processus sp\u00e9cifique.<\/li><li>Notre large flotte de <a href=\"https:\/\/www.chemviron.eu\/fr\/solutions-de-purification\/filtres-mobiles-a-charbon-actif\/purification-eau-et-liquides\/\">filtres mobiles \u00e0 charbon CYCLESORB\u00ae<\/a> disponibles \u00e0 la location permet une livraison rapide des filtres pr\u00e9-remplis de charbon actif pour une installation et une utilisation imm\u00e9diate.<\/li><li>Fonctionnement par \u00e9change standard\u00a0: Le filtre \u00e0 charbon usag\u00e9 est remplac\u00e9 par une unit\u00e9 neuve, ce qui \u00e9limine toute manipulation de charbon satur\u00e9 sur site.<\/li><\/ul><\/div><div>\u00a0<\/div>\t\t\t\t\t\t\t\t<\/div>\n\t\t\t\t<\/div>\n\t\t\t\t<div class=\"elementor-element elementor-element-14f2c7b1 elementor-widget elementor-widget-heading\" data-id=\"14f2c7b1\" data-element_type=\"widget\" data-e-type=\"widget\" data-widget_type=\"heading.default\">\n\t\t\t\t<div class=\"elementor-widget-container\">\n\t\t\t\t\t<h4 class=\"elementor-heading-title elementor-size-default\">Chemviron en mati\u00e8re de d\u00e9veloppement durable<\/h4>\t\t\t\t<\/div>\n\t\t\t\t<\/div>\n\t\t\t\t<div class=\"elementor-element elementor-element-23e1419f elementor-widget-mobile__width-inherit elementor-widget elementor-widget-text-editor\" data-id=\"23e1419f\" data-element_type=\"widget\" data-e-type=\"widget\" data-widget_type=\"text-editor.default\">\n\t\t\t\t<div class=\"elementor-widget-container\">\n\t\t\t\t\t\t\t\t\t<div><p>Chemviron est le plus grand recycleur (ou r\u00e9activateur) de charbons actifs au monde, avec des installations d\u00e9di\u00e9es \u00e0 la r\u00e9activation des charbons potables\/alimentaires \u00e0 travers l\u2019Europe. L\u2019engagement continu de l\u2019entreprise \u00e0 d\u00e9velopper ses capacit\u00e9s de r\u00e9activation a permis \u00e0 Chemviron de mettre au point des proc\u00e9d\u00e9s innovants pour recycler les charbons actifs, contribuant ainsi \u00e0 <strong>r\u00e9duire notre empreinte carbone<\/strong>.<\/p><\/div><div><p>Le charbon actif satur\u00e9 est recycl\u00e9 thermiquement ou r\u00e9activ\u00e9 via l&#8217;un des fours de r\u00e9activation con\u00e7us sur mesure par Chemviron et dot\u00e9 de syst\u00e8mes d&#8217;abattement robustes. L&#8217;expertise d\u00e9velopp\u00e9e au fil des ann\u00e9es au service de l&#8217;industrie chimique et pharmaceutique garantit que nos charbons r\u00e9activ\u00e9s restent de haute qualit\u00e9.<\/p><\/div><div><p>En alliant r\u00e9activation et charbons actifs hautement performants, Chemviron offre \u00e0 ses clients une solution de purification de l\u2019eau ou de l\u2019air \u00e0 la fois <strong>rentable<\/strong> et <strong>durable<\/strong>.<\/p><\/div>\t\t\t\t\t\t\t\t<\/div>\n\t\t\t\t<\/div>\n\t\t\t\t<\/div>\n\t\t\t\t\t<\/div>\n\t\t\t\t<\/div>\n\t\t<div class=\"elementor-element elementor-element-2975be90 e-flex e-con-boxed elementor-invisible e-con e-parent\" data-id=\"2975be90\" data-element_type=\"container\" data-e-type=\"container\" data-settings=\"{&quot;animation&quot;:&quot;fadeInUp&quot;}\">\n\t\t\t\t\t<div class=\"e-con-inner\">\n\t\t<div data-dce-background-color=\"#FFF4DA\" class=\"elementor-element elementor-element-55f32bc7 e-con-full e-flex e-con e-child\" data-id=\"55f32bc7\" data-element_type=\"container\" data-e-type=\"container\" data-settings=\"{&quot;background_background&quot;:&quot;classic&quot;}\">\n\t\t\t\t<div class=\"elementor-element elementor-element-27da996b dce_masking-none elementor-widget elementor-widget-image\" data-id=\"27da996b\" data-element_type=\"widget\" data-e-type=\"widget\" data-widget_type=\"image.default\">\n\t\t\t\t<div class=\"elementor-widget-container\">\n\t\t\t\t\t\t\t\t\t\t\t\t\t\t\t<img decoding=\"async\" width=\"136\" height=\"136\" src=\"https:\/\/www.chemviron.eu\/wp-content\/uploads\/2024\/01\/kuraray_pictogram_user-negative-1-1.png\" class=\"attachment-large size-large wp-image-2607\" alt=\"\" \/>\t\t\t\t\t\t\t\t\t\t\t\t\t\t\t<\/div>\n\t\t\t\t<\/div>\n\t\t\t\t<\/div>\n\t\t<div data-dce-background-color=\"#FFF4DA\" class=\"elementor-element elementor-element-30315527 e-con-full e-flex e-con e-child\" data-id=\"30315527\" data-element_type=\"container\" data-e-type=\"container\" data-settings=\"{&quot;background_background&quot;:&quot;classic&quot;}\">\n\t\t\t\t<div class=\"elementor-element elementor-element-294c7dd elementor-widget elementor-widget-heading\" data-id=\"294c7dd\" data-element_type=\"widget\" data-e-type=\"widget\" data-widget_type=\"heading.default\">\n\t\t\t\t<div class=\"elementor-widget-container\">\n\t\t\t\t\t<h4 class=\"elementor-heading-title elementor-size-default\">Contactez notre \u00e9quipe technique pour plus d'informations.<\/h4>\t\t\t\t<\/div>\n\t\t\t\t<\/div>\n\t\t\t\t<div class=\"elementor-element elementor-element-7410d65c elementor-widget elementor-widget-button\" data-id=\"7410d65c\" data-element_type=\"widget\" data-e-type=\"widget\" data-widget_type=\"button.default\">\n\t\t\t\t<div class=\"elementor-widget-container\">\n\t\t\t\t\t\t\t\t\t<div class=\"elementor-button-wrapper\">\n\t\t\t\t\t<a class=\"elementor-button elementor-button-link elementor-size-sm\" href=\"https:\/\/www.chemviron.eu\/fr\/contact\/\">\n\t\t\t\t\t\t<span class=\"elementor-button-content-wrapper\">\n\t\t\t\t\t\t\t\t\t<span class=\"elementor-button-text\">Contactez-nous<\/span>\n\t\t\t\t\t<\/span>\n\t\t\t\t\t<\/a>\n\t\t\t\t<\/div>\n\t\t\t\t\t\t\t\t<\/div>\n\t\t\t\t<\/div>\n\t\t\t\t<\/div>\n\t\t\t\t\t<\/div>\n\t\t\t\t<\/div>\n\t\t\t\t<\/div>\n\t\t","protected":false},"excerpt":{"rendered":"<p>Produits chimiques et pharmaceutiques Chemviron offre des solutions de purification completes pour \u00e9liminer les impuret\u00e9s ou les couleurs lors des proc\u00e9d\u00e9s industriels, en s&#8217;appuyant sur nos charbons actifs sp\u00e9cialis\u00e9s, le recyclage par r\u00e9activation des charbons satur\u00e9s et notre service de filtres \u00e0 charbon mobiles. De nombreux proc\u00e9d\u00e9s de fabrication n\u00e9cessitent la purification ou la d\u00e9coloration [&hellip;]<\/p>\n","protected":false},"author":1,"featured_media":14528,"parent":6336,"menu_order":0,"comment_status":"closed","ping_status":"closed","template":"elementor_header_footer","meta":{"_acf_changed":false,"inline_featured_image":false,"footnotes":""},"class_list":["post-6114","page","type-page","status-publish","has-post-thumbnail","hentry"],"acf":[],"yoast_head":"<!-- This site is optimized with the Yoast SEO plugin v27.3 - https:\/\/yoast.com\/product\/yoast-seo-wordpress\/ -->\n<title>Produits chimiques et pharmaceutiques<\/title>\n<meta name=\"description\" content=\"Solutions de purification pour \u00e9liminer la couleur et les sous-produits des produits chimiques et pharmaceutiques.\" \/>\n<meta name=\"robots\" content=\"index, follow, max-snippet:-1, max-image-preview:large, max-video-preview:-1\" \/>\n<link rel=\"canonical\" href=\"https:\/\/www.chemviron.eu\/fr\/applications\/produits-chimiques-et-pharmaceutiques\/\" \/>\n<meta property=\"og:locale\" content=\"fr_FR\" \/>\n<meta property=\"og:type\" content=\"article\" \/>\n<meta property=\"og:title\" content=\"Produits chimiques et pharmaceutiques\" \/>\n<meta property=\"og:description\" content=\"Solutions de purification pour \u00e9liminer la couleur et les sous-produits des produits chimiques et pharmaceutiques.\" \/>\n<meta property=\"og:url\" content=\"https:\/\/www.chemviron.eu\/fr\/applications\/produits-chimiques-et-pharmaceutiques\/\" \/>\n<meta property=\"og:site_name\" content=\"Chemviron\" \/>\n<meta property=\"article:modified_time\" content=\"2026-04-13T08:33:28+00:00\" \/>\n<meta property=\"og:image\" content=\"https:\/\/www.chemviron.eu\/wp-content\/uploads\/2026\/03\/AP_ChemicalsPharma_MI_Plant_Adobe_2026-scaled.jpeg\" \/>\n\t<meta property=\"og:image:width\" content=\"2560\" \/>\n\t<meta property=\"og:image:height\" content=\"1189\" \/>\n\t<meta property=\"og:image:type\" content=\"image\/jpeg\" \/>\n<meta name=\"twitter:card\" content=\"summary_large_image\" \/>\n<meta name=\"twitter:label1\" content=\"Dur\u00e9e de lecture estim\u00e9e\" \/>\n\t<meta name=\"twitter:data1\" content=\"5 minutes\" \/>\n<script type=\"application\/ld+json\" class=\"yoast-schema-graph\">{\"@context\":\"https:\\\/\\\/schema.org\",\"@graph\":[{\"@type\":\"WebPage\",\"@id\":\"https:\\\/\\\/www.chemviron.eu\\\/fr\\\/applications\\\/produits-chimiques-et-pharmaceutiques\\\/\",\"url\":\"https:\\\/\\\/www.chemviron.eu\\\/fr\\\/applications\\\/produits-chimiques-et-pharmaceutiques\\\/\",\"name\":\"Produits chimiques et pharmaceutiques\",\"isPartOf\":{\"@id\":\"https:\\\/\\\/www.chemviron.eu\\\/fr\\\/#website\"},\"primaryImageOfPage\":{\"@id\":\"https:\\\/\\\/www.chemviron.eu\\\/fr\\\/applications\\\/produits-chimiques-et-pharmaceutiques\\\/#primaryimage\"},\"image\":{\"@id\":\"https:\\\/\\\/www.chemviron.eu\\\/fr\\\/applications\\\/produits-chimiques-et-pharmaceutiques\\\/#primaryimage\"},\"thumbnailUrl\":\"https:\\\/\\\/www.chemviron.eu\\\/wp-content\\\/uploads\\\/2026\\\/03\\\/AP_ChemicalsPharma_MI_Plant_Adobe_2026-scaled.jpeg\",\"datePublished\":\"2023-12-06T12:33:38+00:00\",\"dateModified\":\"2026-04-13T08:33:28+00:00\",\"description\":\"Solutions de purification pour \u00e9liminer la couleur et les sous-produits des produits chimiques et pharmaceutiques.\",\"breadcrumb\":{\"@id\":\"https:\\\/\\\/www.chemviron.eu\\\/fr\\\/applications\\\/produits-chimiques-et-pharmaceutiques\\\/#breadcrumb\"},\"inLanguage\":\"fr-FR\",\"potentialAction\":[{\"@type\":\"ReadAction\",\"target\":[\"https:\\\/\\\/www.chemviron.eu\\\/fr\\\/applications\\\/produits-chimiques-et-pharmaceutiques\\\/\"]}]},{\"@type\":\"ImageObject\",\"inLanguage\":\"fr-FR\",\"@id\":\"https:\\\/\\\/www.chemviron.eu\\\/fr\\\/applications\\\/produits-chimiques-et-pharmaceutiques\\\/#primaryimage\",\"url\":\"https:\\\/\\\/www.chemviron.eu\\\/wp-content\\\/uploads\\\/2026\\\/03\\\/AP_ChemicalsPharma_MI_Plant_Adobe_2026-scaled.jpeg\",\"contentUrl\":\"https:\\\/\\\/www.chemviron.eu\\\/wp-content\\\/uploads\\\/2026\\\/03\\\/AP_ChemicalsPharma_MI_Plant_Adobe_2026-scaled.jpeg\",\"width\":2560,\"height\":1189,\"caption\":\"Refinery oil and gas plant at twilight.\"},{\"@type\":\"BreadcrumbList\",\"@id\":\"https:\\\/\\\/www.chemviron.eu\\\/fr\\\/applications\\\/produits-chimiques-et-pharmaceutiques\\\/#breadcrumb\",\"itemListElement\":[{\"@type\":\"ListItem\",\"position\":1,\"name\":\"Home\",\"item\":\"https:\\\/\\\/www.chemviron.eu\\\/fr\\\/\"},{\"@type\":\"ListItem\",\"position\":2,\"name\":\"Applications\",\"item\":\"https:\\\/\\\/www.chemviron.eu\\\/fr\\\/applications\\\/\"},{\"@type\":\"ListItem\",\"position\":3,\"name\":\"Produits chimiques et pharmaceutiques\"}]},{\"@type\":\"WebSite\",\"@id\":\"https:\\\/\\\/www.chemviron.eu\\\/fr\\\/#website\",\"url\":\"https:\\\/\\\/www.chemviron.eu\\\/fr\\\/\",\"name\":\"Chemviron\",\"description\":\"The Purification Solutions Provider\",\"publisher\":{\"@id\":\"https:\\\/\\\/www.chemviron.eu\\\/fr\\\/#organization\"},\"potentialAction\":[{\"@type\":\"SearchAction\",\"target\":{\"@type\":\"EntryPoint\",\"urlTemplate\":\"https:\\\/\\\/www.chemviron.eu\\\/fr\\\/?s={search_term_string}\"},\"query-input\":{\"@type\":\"PropertyValueSpecification\",\"valueRequired\":true,\"valueName\":\"search_term_string\"}}],\"inLanguage\":\"fr-FR\"},{\"@type\":\"Organization\",\"@id\":\"https:\\\/\\\/www.chemviron.eu\\\/fr\\\/#organization\",\"name\":\"Chemviron\",\"url\":\"https:\\\/\\\/www.chemviron.eu\\\/fr\\\/\",\"logo\":{\"@type\":\"ImageObject\",\"inLanguage\":\"fr-FR\",\"@id\":\"https:\\\/\\\/www.chemviron.eu\\\/fr\\\/#\\\/schema\\\/logo\\\/image\\\/\",\"url\":\"https:\\\/\\\/www.chemviron.eu\\\/wp-content\\\/uploads\\\/2023\\\/12\\\/Chemviron-logo.jpg\",\"contentUrl\":\"https:\\\/\\\/www.chemviron.eu\\\/wp-content\\\/uploads\\\/2023\\\/12\\\/Chemviron-logo.jpg\",\"width\":1667,\"height\":833,\"caption\":\"Chemviron\"},\"image\":{\"@id\":\"https:\\\/\\\/www.chemviron.eu\\\/fr\\\/#\\\/schema\\\/logo\\\/image\\\/\"},\"sameAs\":[\"https:\\\/\\\/www.linkedin.com\\\/company\\\/chemviron\\\/\"]}]}<\/script>\n<!-- \/ Yoast SEO plugin. -->","yoast_head_json":{"title":"Produits chimiques et pharmaceutiques","description":"Solutions de purification pour \u00e9liminer la couleur et les sous-produits des produits chimiques et pharmaceutiques.","robots":{"index":"index","follow":"follow","max-snippet":"max-snippet:-1","max-image-preview":"max-image-preview:large","max-video-preview":"max-video-preview:-1"},"canonical":"https:\/\/www.chemviron.eu\/fr\/applications\/produits-chimiques-et-pharmaceutiques\/","og_locale":"fr_FR","og_type":"article","og_title":"Produits chimiques et pharmaceutiques","og_description":"Solutions de purification pour \u00e9liminer la couleur et les sous-produits des produits chimiques et pharmaceutiques.","og_url":"https:\/\/www.chemviron.eu\/fr\/applications\/produits-chimiques-et-pharmaceutiques\/","og_site_name":"Chemviron","article_modified_time":"2026-04-13T08:33:28+00:00","og_image":[{"width":2560,"height":1189,"url":"https:\/\/www.chemviron.eu\/wp-content\/uploads\/2026\/03\/AP_ChemicalsPharma_MI_Plant_Adobe_2026-scaled.jpeg","type":"image\/jpeg"}],"twitter_card":"summary_large_image","twitter_misc":{"Dur\u00e9e de lecture estim\u00e9e":"5 minutes"},"schema":{"@context":"https:\/\/schema.org","@graph":[{"@type":"WebPage","@id":"https:\/\/www.chemviron.eu\/fr\/applications\/produits-chimiques-et-pharmaceutiques\/","url":"https:\/\/www.chemviron.eu\/fr\/applications\/produits-chimiques-et-pharmaceutiques\/","name":"Produits chimiques et pharmaceutiques","isPartOf":{"@id":"https:\/\/www.chemviron.eu\/fr\/#website"},"primaryImageOfPage":{"@id":"https:\/\/www.chemviron.eu\/fr\/applications\/produits-chimiques-et-pharmaceutiques\/#primaryimage"},"image":{"@id":"https:\/\/www.chemviron.eu\/fr\/applications\/produits-chimiques-et-pharmaceutiques\/#primaryimage"},"thumbnailUrl":"https:\/\/www.chemviron.eu\/wp-content\/uploads\/2026\/03\/AP_ChemicalsPharma_MI_Plant_Adobe_2026-scaled.jpeg","datePublished":"2023-12-06T12:33:38+00:00","dateModified":"2026-04-13T08:33:28+00:00","description":"Solutions de purification pour \u00e9liminer la couleur et les sous-produits des produits chimiques et pharmaceutiques.","breadcrumb":{"@id":"https:\/\/www.chemviron.eu\/fr\/applications\/produits-chimiques-et-pharmaceutiques\/#breadcrumb"},"inLanguage":"fr-FR","potentialAction":[{"@type":"ReadAction","target":["https:\/\/www.chemviron.eu\/fr\/applications\/produits-chimiques-et-pharmaceutiques\/"]}]},{"@type":"ImageObject","inLanguage":"fr-FR","@id":"https:\/\/www.chemviron.eu\/fr\/applications\/produits-chimiques-et-pharmaceutiques\/#primaryimage","url":"https:\/\/www.chemviron.eu\/wp-content\/uploads\/2026\/03\/AP_ChemicalsPharma_MI_Plant_Adobe_2026-scaled.jpeg","contentUrl":"https:\/\/www.chemviron.eu\/wp-content\/uploads\/2026\/03\/AP_ChemicalsPharma_MI_Plant_Adobe_2026-scaled.jpeg","width":2560,"height":1189,"caption":"Refinery oil and gas plant at twilight."},{"@type":"BreadcrumbList","@id":"https:\/\/www.chemviron.eu\/fr\/applications\/produits-chimiques-et-pharmaceutiques\/#breadcrumb","itemListElement":[{"@type":"ListItem","position":1,"name":"Home","item":"https:\/\/www.chemviron.eu\/fr\/"},{"@type":"ListItem","position":2,"name":"Applications","item":"https:\/\/www.chemviron.eu\/fr\/applications\/"},{"@type":"ListItem","position":3,"name":"Produits chimiques et pharmaceutiques"}]},{"@type":"WebSite","@id":"https:\/\/www.chemviron.eu\/fr\/#website","url":"https:\/\/www.chemviron.eu\/fr\/","name":"Chemviron","description":"The Purification Solutions Provider","publisher":{"@id":"https:\/\/www.chemviron.eu\/fr\/#organization"},"potentialAction":[{"@type":"SearchAction","target":{"@type":"EntryPoint","urlTemplate":"https:\/\/www.chemviron.eu\/fr\/?s={search_term_string}"},"query-input":{"@type":"PropertyValueSpecification","valueRequired":true,"valueName":"search_term_string"}}],"inLanguage":"fr-FR"},{"@type":"Organization","@id":"https:\/\/www.chemviron.eu\/fr\/#organization","name":"Chemviron","url":"https:\/\/www.chemviron.eu\/fr\/","logo":{"@type":"ImageObject","inLanguage":"fr-FR","@id":"https:\/\/www.chemviron.eu\/fr\/#\/schema\/logo\/image\/","url":"https:\/\/www.chemviron.eu\/wp-content\/uploads\/2023\/12\/Chemviron-logo.jpg","contentUrl":"https:\/\/www.chemviron.eu\/wp-content\/uploads\/2023\/12\/Chemviron-logo.jpg","width":1667,"height":833,"caption":"Chemviron"},"image":{"@id":"https:\/\/www.chemviron.eu\/fr\/#\/schema\/logo\/image\/"},"sameAs":["https:\/\/www.linkedin.com\/company\/chemviron\/"]}]}},"_links":{"self":[{"href":"https:\/\/www.chemviron.eu\/fr\/wp-json\/wp\/v2\/pages\/6114","targetHints":{"allow":["GET"]}}],"collection":[{"href":"https:\/\/www.chemviron.eu\/fr\/wp-json\/wp\/v2\/pages"}],"about":[{"href":"https:\/\/www.chemviron.eu\/fr\/wp-json\/wp\/v2\/types\/page"}],"author":[{"embeddable":true,"href":"https:\/\/www.chemviron.eu\/fr\/wp-json\/wp\/v2\/users\/1"}],"replies":[{"embeddable":true,"href":"https:\/\/www.chemviron.eu\/fr\/wp-json\/wp\/v2\/comments?post=6114"}],"version-history":[{"count":5,"href":"https:\/\/www.chemviron.eu\/fr\/wp-json\/wp\/v2\/pages\/6114\/revisions"}],"predecessor-version":[{"id":15329,"href":"https:\/\/www.chemviron.eu\/fr\/wp-json\/wp\/v2\/pages\/6114\/revisions\/15329"}],"up":[{"embeddable":true,"href":"https:\/\/www.chemviron.eu\/fr\/wp-json\/wp\/v2\/pages\/6336"}],"wp:featuredmedia":[{"embeddable":true,"href":"https:\/\/www.chemviron.eu\/fr\/wp-json\/wp\/v2\/media\/14528"}],"wp:attachment":[{"href":"https:\/\/www.chemviron.eu\/fr\/wp-json\/wp\/v2\/media?parent=6114"}],"curies":[{"name":"wp","href":"https:\/\/api.w.org\/{rel}","templated":true}]}}