{"id":6097,"date":"2023-12-06T12:34:15","date_gmt":"2023-12-06T12:34:15","guid":{"rendered":"https:\/\/www.chemviron.eu\/applications\/food-beverage\/"},"modified":"2026-04-08T09:02:39","modified_gmt":"2026-04-08T09:02:39","slug":"eliminer-les-impuretes-des-produits-alimentaires","status":"publish","type":"page","link":"https:\/\/www.chemviron.eu\/fr\/applications\/eliminer-les-impuretes-des-produits-alimentaires\/","title":{"rendered":"Alimentation et boissons"},"content":{"rendered":"\t\t<div data-elementor-type=\"wp-page\" data-elementor-id=\"6097\" class=\"elementor elementor-6097 elementor-637\" data-elementor-post-type=\"page\">\n\t\t\t\t<div class=\"elementor-element elementor-element-782ab9a3 e-flex e-con-boxed e-con e-parent\" data-id=\"782ab9a3\" data-element_type=\"container\" data-e-type=\"container\">\n\t\t\t\t\t<div class=\"e-con-inner\">\n\t\t<div class=\"elementor-element elementor-element-5f2d1751 e-con-full e-flex e-con e-child\" data-id=\"5f2d1751\" data-element_type=\"container\" data-e-type=\"container\">\n\t\t\t\t<div class=\"elementor-element elementor-element-4aa1d094 elementor-invisible elementor-widget elementor-widget-heading\" data-id=\"4aa1d094\" data-element_type=\"widget\" data-e-type=\"widget\" data-settings=\"{&quot;_animation&quot;:&quot;fadeIn&quot;}\" data-widget_type=\"heading.default\">\n\t\t\t\t<div class=\"elementor-widget-container\">\n\t\t\t\t\t<h1 class=\"elementor-heading-title elementor-size-default\">Alimentation et boissons<\/h1>\t\t\t\t<\/div>\n\t\t\t\t<\/div>\n\t\t\t\t<div class=\"elementor-element elementor-element-236f7f94 elementor-invisible elementor-widget elementor-widget-heading\" data-id=\"236f7f94\" data-element_type=\"widget\" data-e-type=\"widget\" data-settings=\"{&quot;_animation&quot;:&quot;fadeIn&quot;,&quot;_animation_delay&quot;:400}\" data-widget_type=\"heading.default\">\n\t\t\t\t<div class=\"elementor-widget-container\">\n\t\t\t\t\t<h2 class=\"elementor-heading-title elementor-size-default\">Chemviron propose des solutions de purification compl\u00e8tes pour \u00e9liminer les impuret\u00e9s ou la couleur des produits alimentaires et des boissons au cours de leur fabrication. Cela inclut l'utilisation de charbons actifs sp\u00e9cialis\u00e9s, le recyclage par r\u00e9activation des charbons actifs satur\u00e9s, ainsi que notre service de filtres mobiles \u00e0 charbon.<\/h2>\t\t\t\t<\/div>\n\t\t\t\t<\/div>\n\t\t\t\t<\/div>\n\t\t<div data-dce-background-image-url=\"https:\/\/www.chemviron.eu\/wp-content\/uploads\/2026\/03\/AP_FoodBeverage_MI_BlueCans_Adobe_2026-1.jpeg\" class=\"elementor-element elementor-element-20c94248 e-con-full e-flex e-con e-child\" data-id=\"20c94248\" data-element_type=\"container\" data-e-type=\"container\" data-settings=\"{&quot;background_background&quot;:&quot;classic&quot;}\">\n\t\t\t\t<\/div>\n\t\t\t\t\t<\/div>\n\t\t\t\t<\/div>\n\t\t<div data-dce-background-overlay-image-url=\"https:\/\/www.chemviron.eu\/wp-content\/uploads\/2024\/01\/kuraray_circle_grid_landscape_rgb-1.svg\" class=\"elementor-element elementor-element-57924ab e-flex e-con-boxed e-con e-parent\" data-id=\"57924ab\" data-element_type=\"container\" data-e-type=\"container\">\n\t\t\t\t\t<div class=\"e-con-inner\">\n\t\t<div class=\"elementor-element elementor-element-5d6c99c5 e-con-full e-flex e-con e-child\" data-id=\"5d6c99c5\" data-element_type=\"container\" data-e-type=\"container\">\n\t\t\t\t<div class=\"elementor-element elementor-element-5984941d elementor-widget-mobile__width-inherit elementor-widget elementor-widget-text-editor\" data-id=\"5984941d\" data-element_type=\"widget\" data-e-type=\"widget\" data-widget_type=\"text-editor.default\">\n\t\t\t\t<div class=\"elementor-widget-container\">\n\t\t\t\t\t\t\t\t\t<p>De nombreux processus de production alimentaire n\u00e9cessitent une \u00e9tape de purification pour \u00e9liminer divers contaminants, qu&#8217;il s&#8217;agisse de la couleur, des compos\u00e9s responsables des go\u00fbts et odeurs, ou de ceux pr\u00e9sents dans l&#8217;eau de process. Chemviron offre une gamme de produits \u00e0 base de charbon actif de haute qualit\u00e9 qui permet d\u2019\u00e9liminer ces contaminants de mani\u00e8re rentable et \u00e9prouv\u00e9e. Le cas \u00e9ch\u00e9ant, le charbon actif satur\u00e9 peut \u00eatre recycle de fa\u00e7on personnalis\u00e9e pour \u00eatre r\u00e9utilis\u00e9 dans le m\u00eame proc\u00e9d\u00e9, garantissant ainsi une solution \u00e0 la fois durable et \u00e9conomique.<\/p>\t\t\t\t\t\t\t\t<\/div>\n\t\t\t\t<\/div>\n\t\t\t\t<div class=\"elementor-element elementor-element-20c32144 elementor-widget elementor-widget-heading\" data-id=\"20c32144\" data-element_type=\"widget\" data-e-type=\"widget\" data-widget_type=\"heading.default\">\n\t\t\t\t<div class=\"elementor-widget-container\">\n\t\t\t\t\t<h3 class=\"elementor-heading-title elementor-size-default\">Technologie du charbon actif pour la purification ou la d\u00e9coloration<\/h3>\t\t\t\t<\/div>\n\t\t\t\t<\/div>\n\t\t\t\t<div class=\"elementor-element elementor-element-66998650 elementor-widget-mobile__width-inherit elementor-widget elementor-widget-text-editor\" data-id=\"66998650\" data-element_type=\"widget\" data-e-type=\"widget\" data-widget_type=\"text-editor.default\">\n\t\t\t\t<div class=\"elementor-widget-container\">\n\t\t\t\t\t\t\t\t\t<div><p>De nombreux produits ou ingr\u00e9dients alimentaires tels que les \u00e9dulcorants, les sucres et les sirops de ma\u00efs, les acides amin\u00e9s et la glyc\u00e9rine doivent \u00eatre d\u00e9color\u00e9s, purifi\u00e9s ou d\u00e9barrass\u00e9s des produits ind\u00e9sirables au cours des derni\u00e8res \u00e9tapes de production. L&#8217;\u00e9limination de ces compos\u00e9s et la d\u00e9coloration de mati\u00e8res premi\u00e8res s&#8217;effectuent \u00e0 l&#8217;aide de charbon actif, ce qui constitue une solution tr\u00e8s efficace et fiable pour r\u00e9pondre aux exigences de puret\u00e9 et de couleur requises.<\/p><\/div><div><p>Chemviron a \u00e9galement mis au point des qualit\u00e9s sp\u00e9cialis\u00e9es de charbon actif pour \u00e9liminer les hydrocarbures aromatiques polycycliques (HAP) et les contaminants ind\u00e9sirables dans l&#8217;industrie des huiles alimentaires.<\/p><\/div><div><p>Lors des \u00e9tapes de brassage et de mise en bouteille, il est important d\u2019\u00e9liminer les couleurs, les go\u00fbts et les odeurs ind\u00e9sirables des jus de fruits, des jus concentr\u00e9s, du vin, des boissons malt\u00e9es et des liqueurs distill\u00e9es. Les charbons actifs de haute qualit\u00e9 de Chemviron sont la solution id\u00e9ale pour cette application. En outre, l&#8217;eau utilis\u00e9e dans ces proc\u00e9d\u00e9s peut \u00e9galement n\u00e9cessiter une d\u00e9chloration, l&#8217;\u00e9limination de traces de compos\u00e9s organiques ou de go\u00fbts r\u00e9siduels. Les charbons actifs de Chemviron sont tr\u00e8s efficaces pour purifier l&#8217;eau utilis\u00e9e dans cette industrie.<\/p><\/div><div><p>Chemviron fournira le charbon actif le mieux adapt\u00e9, en tenant compte de ses caract\u00e9ristiques intrins\u00e8ques et des exigences sp\u00e9cifiques du proc\u00e9d\u00e9.<\/p><\/div><div><p><a href=\"https:\/\/www.chemviron.eu\/fr\/contact\/\">Contactez notre \u00e9quipe sp\u00e9cialis\u00e9e<\/a> pour discuter des solutions possibles pour \u00e9liminer les impuret\u00e9s des produits alimentaires.<\/p><\/div>\t\t\t\t\t\t\t\t<\/div>\n\t\t\t\t<\/div>\n\t\t\t\t<div class=\"elementor-element elementor-element-15fcb7d7 elementor-widget elementor-widget-heading\" data-id=\"15fcb7d7\" data-element_type=\"widget\" data-e-type=\"widget\" data-widget_type=\"heading.default\">\n\t\t\t\t<div class=\"elementor-widget-container\">\n\t\t\t\t\t<h4 class=\"elementor-heading-title elementor-size-default\">Pourquoi choisir Chemviron comme partenaire ?<\/h4>\t\t\t\t<\/div>\n\t\t\t\t<\/div>\n\t\t\t\t<div class=\"elementor-element elementor-element-fff88fc elementor-widget-mobile__width-inherit elementor-widget elementor-widget-text-editor\" data-id=\"fff88fc\" data-element_type=\"widget\" data-e-type=\"widget\" data-widget_type=\"text-editor.default\">\n\t\t\t\t<div class=\"elementor-widget-container\">\n\t\t\t\t\t\t\t\t\t<div><p>Chemviron est le plus gros producteur au monde de charbons actifs granulaires, utilis\u00e9s depuis plus de 80 ans pour purifier l\u2019air, l\u2019eau, les produits alimantaires et boissons. En tant que producteur de charbons actifs \u00e0 base de houille, de noix de coco et de bois, Chemviron est le partenaire id\u00e9al pour s\u00e9lectionner le meilleur produit et la meilleure solution.<\/p><\/div><div><p>Gr\u00e2ce \u00e0 sa longue exp\u00e9rience, Chemviron a d\u00e9velopp\u00e9 une expertise approfondie qui lui permet d\u2019apporter conseils techniques et assistance pratique aux producteurs et transformateurs de sucre et de produits alimentaires.<\/p><\/div><div><ul><li><strong>Expertise et support technique<\/strong> : Nous apportons des conseils techniques et une assistance pour trouver la solution la plus efficace et la mieux adapt\u00e9e \u00e0 votre proc\u00e9d\u00e9 \u2013 <a href=\"https:\/\/www.chemviron.eu\/fr\/contact\/\">contactez un repr\u00e9sentant pour en savoir plus.<\/a><\/li><li><strong>Essais en laboratoire<\/strong> : Nous r\u00e9alisons des essais en laboratoire ou sur unit\u00e9s pilotes, souvent pr\u00e9cieux pour identifier les conditions de fonctionnement optimales et d\u00e9terminer la solution la plus efficace face aux d\u00e9fis de la purification.<\/li><li><strong>Qualit\u00e9 premium<\/strong> : Nous fournissons des charbons actifs de haute qualit\u00e9, s\u00e9lectionn\u00e9s pour votre application et fournis par Chemviron<\/li><li><strong>R\u00e9activation<\/strong> : Nous r\u00e9activons le charbon actif satur\u00e9 en fonction des besoins sp\u00e9cifiques dans nos installations de recyclage sp\u00e9cialis\u00e9es, permettant ainsi son retour et sa r\u00e9utilisation par le client dans son processus alimentaire sp\u00e9cifique.<\/li><li><strong>S\u00e9curit\u00e9<\/strong> : Chemviron offre des niveaux \u00e9lev\u00e9s d\u2019assurance en mati\u00e8re de s\u00e9curit\u00e9 alimentaire : notre site de Feluy, en Belgique, est certifi\u00e9 ISO 22000 pour la gestion de la s\u00e9curit\u00e9 alimentaire.<\/li><li><strong>Flexibilit\u00e9<\/strong> : Notre large flotte de <a href=\"https:\/\/www.chemviron.eu\/fr\/solutions-de-purification\/filtres-mobiles-a-charbon-actif\/purification-eau-et-liquides\/\">filtres mobiles \u00e0 charbon CYCLESORB\u00ae<\/a>, disponibles \u00e0 la location, permet une livraison rapide des filtres pr\u00e9-remplis de charbon actif pour une installation et une utilisation imm\u00e9diate.<\/li><\/ul><\/div>\t\t\t\t\t\t\t\t<\/div>\n\t\t\t\t<\/div>\n\t\t\t\t<div class=\"elementor-element elementor-element-175bf92c elementor-widget elementor-widget-heading\" data-id=\"175bf92c\" data-element_type=\"widget\" data-e-type=\"widget\" data-widget_type=\"heading.default\">\n\t\t\t\t<div class=\"elementor-widget-container\">\n\t\t\t\t\t<h4 class=\"elementor-heading-title elementor-size-default\">Chemviron en mati\u00e8re de d\u00e9veloppement durable<\/h4>\t\t\t\t<\/div>\n\t\t\t\t<\/div>\n\t\t\t\t<div class=\"elementor-element elementor-element-4008786a elementor-widget-mobile__width-inherit elementor-widget elementor-widget-text-editor\" data-id=\"4008786a\" data-element_type=\"widget\" data-e-type=\"widget\" data-widget_type=\"text-editor.default\">\n\t\t\t\t<div class=\"elementor-widget-container\">\n\t\t\t\t\t\t\t\t\t<p>Chemviron est le plus grand recycleur (ou r\u00e9activateur) de charbons actifs au monde, avec des installations d\u00e9di\u00e9es \u00e0 la r\u00e9activation du charbon \u00e0 travers l\u2019Europe. L\u2019engagement continu de l\u2019entreprise \u00e0 d\u00e9velopper ses capacit\u00e9s de r\u00e9activation a permis \u00e0 Chemviron de mettre au point des proc\u00e9d\u00e9s innovants pour recycler les charbons actifs, contribuant ainsi \u00e0 r\u00e9duire notre empreinte carbone.<\/p><p>Fort de son expertise approfondie en la mati\u00e8re, Chemviron a d\u00e9velopp\u00e9 des fours sp\u00e9cifiques pour la r\u00e9activation o\u00f9 le charbon est recycl\u00e9 thermiquement. L&#8217;expertise acquise au fil des ann\u00e9es passes au service du secteur alimentaire nous permet de garantir que nos charbons r\u00e9activ\u00e9s destin\u00e9s \u00e0 l&#8217;industrie alimentaire conservent une qualit\u00e9 optimale.<\/p><p>En alliant r\u00e9activation et charbons actifs sp\u00e9cialement con\u00e7us de haute qualit\u00e9, Chemviron offre \u00e0 ses clients une solution de purification de \u00e0 la fois rentable et durable.<\/p>\t\t\t\t\t\t\t\t<\/div>\n\t\t\t\t<\/div>\n\t\t\t\t<\/div>\n\t\t\t\t\t<\/div>\n\t\t\t\t<\/div>\n\t\t<div class=\"elementor-element elementor-element-40e18983 e-flex e-con-boxed elementor-invisible e-con e-parent\" data-id=\"40e18983\" data-element_type=\"container\" data-e-type=\"container\" data-settings=\"{&quot;animation&quot;:&quot;fadeInUp&quot;}\">\n\t\t\t\t\t<div class=\"e-con-inner\">\n\t\t<div data-dce-background-color=\"#FFF4DA\" class=\"elementor-element elementor-element-3a8493da e-con-full e-flex e-con e-child\" data-id=\"3a8493da\" data-element_type=\"container\" data-e-type=\"container\" data-settings=\"{&quot;background_background&quot;:&quot;classic&quot;}\">\n\t\t\t\t<div class=\"elementor-element elementor-element-314d4369 dce_masking-none elementor-widget elementor-widget-image\" data-id=\"314d4369\" data-element_type=\"widget\" data-e-type=\"widget\" data-widget_type=\"image.default\">\n\t\t\t\t<div class=\"elementor-widget-container\">\n\t\t\t\t\t\t\t\t\t\t\t\t\t\t\t<img decoding=\"async\" width=\"136\" height=\"136\" src=\"https:\/\/www.chemviron.eu\/wp-content\/uploads\/2024\/01\/kuraray_pictogram_user-negative-1-1.png\" class=\"attachment-large size-large wp-image-2607\" alt=\"\" \/>\t\t\t\t\t\t\t\t\t\t\t\t\t\t\t<\/div>\n\t\t\t\t<\/div>\n\t\t\t\t<\/div>\n\t\t<div data-dce-background-color=\"#FFF4DA\" class=\"elementor-element elementor-element-499e9dcd e-con-full e-flex e-con e-child\" data-id=\"499e9dcd\" data-element_type=\"container\" data-e-type=\"container\" data-settings=\"{&quot;background_background&quot;:&quot;classic&quot;}\">\n\t\t\t\t<div class=\"elementor-element elementor-element-103412bc elementor-widget elementor-widget-heading\" data-id=\"103412bc\" data-element_type=\"widget\" data-e-type=\"widget\" data-widget_type=\"heading.default\">\n\t\t\t\t<div class=\"elementor-widget-container\">\n\t\t\t\t\t<h4 class=\"elementor-heading-title elementor-size-default\">Contactez notre \u00e9quipe technique pour plus d'informations.<\/h4>\t\t\t\t<\/div>\n\t\t\t\t<\/div>\n\t\t\t\t<div class=\"elementor-element elementor-element-2e8aba4 elementor-widget elementor-widget-button\" data-id=\"2e8aba4\" data-element_type=\"widget\" data-e-type=\"widget\" data-widget_type=\"button.default\">\n\t\t\t\t<div class=\"elementor-widget-container\">\n\t\t\t\t\t\t\t\t\t<div class=\"elementor-button-wrapper\">\n\t\t\t\t\t<a class=\"elementor-button elementor-button-link elementor-size-sm\" href=\"https:\/\/www.chemviron.eu\/fr\/contact\/\">\n\t\t\t\t\t\t<span class=\"elementor-button-content-wrapper\">\n\t\t\t\t\t\t\t\t\t<span class=\"elementor-button-text\">Contactez-nous<\/span>\n\t\t\t\t\t<\/span>\n\t\t\t\t\t<\/a>\n\t\t\t\t<\/div>\n\t\t\t\t\t\t\t\t<\/div>\n\t\t\t\t<\/div>\n\t\t\t\t<\/div>\n\t\t\t\t\t<\/div>\n\t\t\t\t<\/div>\n\t\t\t\t<\/div>\n\t\t","protected":false},"excerpt":{"rendered":"<p>Alimentation et boissons Chemviron propose des solutions de purification compl\u00e8tes pour \u00e9liminer les impuret\u00e9s ou la couleur des produits alimentaires et des boissons au cours de leur fabrication. Cela inclut l&#8217;utilisation de charbons actifs sp\u00e9cialis\u00e9s, le recyclage par r\u00e9activation des charbons actifs satur\u00e9s, ainsi que notre service de filtres mobiles \u00e0 charbon. De nombreux processus [&hellip;]<\/p>\n","protected":false},"author":1,"featured_media":14584,"parent":6336,"menu_order":0,"comment_status":"closed","ping_status":"closed","template":"","meta":{"_acf_changed":false,"inline_featured_image":false,"footnotes":""},"class_list":["post-6097","page","type-page","status-publish","has-post-thumbnail","hentry"],"acf":[],"yoast_head":"<!-- This site is optimized with the Yoast SEO plugin v27.3 - https:\/\/yoast.com\/product\/yoast-seo-wordpress\/ -->\n<title>\u00c9liminer les impuret\u00e9s des produits alimentaires<\/title>\n<meta name=\"description\" content=\"Des solutions de purification compl\u00e8tes pour \u00e9liminer les impuret\u00e9s des produits alimentaires et des boissons.\" \/>\n<meta name=\"robots\" content=\"index, follow, max-snippet:-1, max-image-preview:large, max-video-preview:-1\" \/>\n<link rel=\"canonical\" href=\"https:\/\/www.chemviron.eu\/fr\/applications\/eliminer-les-impuretes-des-produits-alimentaires\/\" \/>\n<meta property=\"og:locale\" content=\"fr_FR\" \/>\n<meta property=\"og:type\" content=\"article\" \/>\n<meta property=\"og:title\" content=\"\u00c9liminer les impuret\u00e9s des produits alimentaires\" \/>\n<meta property=\"og:description\" content=\"Des solutions de purification compl\u00e8tes pour \u00e9liminer les impuret\u00e9s des produits alimentaires et des boissons.\" \/>\n<meta property=\"og:url\" content=\"https:\/\/www.chemviron.eu\/fr\/applications\/eliminer-les-impuretes-des-produits-alimentaires\/\" \/>\n<meta property=\"og:site_name\" content=\"Chemviron\" \/>\n<meta property=\"article:modified_time\" content=\"2026-04-08T09:02:39+00:00\" \/>\n<meta property=\"og:image\" content=\"https:\/\/www.chemviron.eu\/wp-content\/uploads\/2026\/03\/AP_FoodBeverage_MI_BlueCans_Adobe_2026-1024x574.jpeg\" \/>\n\t<meta property=\"og:image:width\" content=\"1024\" \/>\n\t<meta property=\"og:image:height\" content=\"574\" \/>\n\t<meta property=\"og:image:type\" content=\"image\/jpeg\" \/>\n<meta name=\"twitter:card\" content=\"summary_large_image\" \/>\n<meta name=\"twitter:label1\" content=\"Dur\u00e9e de lecture estim\u00e9e\" \/>\n\t<meta name=\"twitter:data1\" content=\"5 minutes\" \/>\n<script type=\"application\/ld+json\" class=\"yoast-schema-graph\">{\"@context\":\"https:\\\/\\\/schema.org\",\"@graph\":[{\"@type\":\"WebPage\",\"@id\":\"https:\\\/\\\/www.chemviron.eu\\\/fr\\\/applications\\\/eliminer-les-impuretes-des-produits-alimentaires\\\/\",\"url\":\"https:\\\/\\\/www.chemviron.eu\\\/fr\\\/applications\\\/eliminer-les-impuretes-des-produits-alimentaires\\\/\",\"name\":\"\u00c9liminer les impuret\u00e9s des produits alimentaires\",\"isPartOf\":{\"@id\":\"https:\\\/\\\/www.chemviron.eu\\\/fr\\\/#website\"},\"primaryImageOfPage\":{\"@id\":\"https:\\\/\\\/www.chemviron.eu\\\/fr\\\/applications\\\/eliminer-les-impuretes-des-produits-alimentaires\\\/#primaryimage\"},\"image\":{\"@id\":\"https:\\\/\\\/www.chemviron.eu\\\/fr\\\/applications\\\/eliminer-les-impuretes-des-produits-alimentaires\\\/#primaryimage\"},\"thumbnailUrl\":\"https:\\\/\\\/www.chemviron.eu\\\/wp-content\\\/uploads\\\/2026\\\/03\\\/AP_FoodBeverage_MI_BlueCans_Adobe_2026.jpeg\",\"datePublished\":\"2023-12-06T12:34:15+00:00\",\"dateModified\":\"2026-04-08T09:02:39+00:00\",\"description\":\"Des solutions de purification compl\u00e8tes pour \u00e9liminer les impuret\u00e9s des produits alimentaires et des boissons.\",\"breadcrumb\":{\"@id\":\"https:\\\/\\\/www.chemviron.eu\\\/fr\\\/applications\\\/eliminer-les-impuretes-des-produits-alimentaires\\\/#breadcrumb\"},\"inLanguage\":\"fr-FR\",\"potentialAction\":[{\"@type\":\"ReadAction\",\"target\":[\"https:\\\/\\\/www.chemviron.eu\\\/fr\\\/applications\\\/eliminer-les-impuretes-des-produits-alimentaires\\\/\"]}]},{\"@type\":\"ImageObject\",\"inLanguage\":\"fr-FR\",\"@id\":\"https:\\\/\\\/www.chemviron.eu\\\/fr\\\/applications\\\/eliminer-les-impuretes-des-produits-alimentaires\\\/#primaryimage\",\"url\":\"https:\\\/\\\/www.chemviron.eu\\\/wp-content\\\/uploads\\\/2026\\\/03\\\/AP_FoodBeverage_MI_BlueCans_Adobe_2026.jpeg\",\"contentUrl\":\"https:\\\/\\\/www.chemviron.eu\\\/wp-content\\\/uploads\\\/2026\\\/03\\\/AP_FoodBeverage_MI_BlueCans_Adobe_2026.jpeg\",\"width\":8736,\"height\":4896,\"caption\":\"activated-carbon-for-food-and-drinks-decolourisation\"},{\"@type\":\"BreadcrumbList\",\"@id\":\"https:\\\/\\\/www.chemviron.eu\\\/fr\\\/applications\\\/eliminer-les-impuretes-des-produits-alimentaires\\\/#breadcrumb\",\"itemListElement\":[{\"@type\":\"ListItem\",\"position\":1,\"name\":\"Home\",\"item\":\"https:\\\/\\\/www.chemviron.eu\\\/fr\\\/\"},{\"@type\":\"ListItem\",\"position\":2,\"name\":\"Applications\",\"item\":\"https:\\\/\\\/www.chemviron.eu\\\/fr\\\/applications\\\/\"},{\"@type\":\"ListItem\",\"position\":3,\"name\":\"Alimentation et boissons\"}]},{\"@type\":\"WebSite\",\"@id\":\"https:\\\/\\\/www.chemviron.eu\\\/fr\\\/#website\",\"url\":\"https:\\\/\\\/www.chemviron.eu\\\/fr\\\/\",\"name\":\"Chemviron\",\"description\":\"The Purification Solutions Provider\",\"publisher\":{\"@id\":\"https:\\\/\\\/www.chemviron.eu\\\/fr\\\/#organization\"},\"potentialAction\":[{\"@type\":\"SearchAction\",\"target\":{\"@type\":\"EntryPoint\",\"urlTemplate\":\"https:\\\/\\\/www.chemviron.eu\\\/fr\\\/?s={search_term_string}\"},\"query-input\":{\"@type\":\"PropertyValueSpecification\",\"valueRequired\":true,\"valueName\":\"search_term_string\"}}],\"inLanguage\":\"fr-FR\"},{\"@type\":\"Organization\",\"@id\":\"https:\\\/\\\/www.chemviron.eu\\\/fr\\\/#organization\",\"name\":\"Chemviron\",\"url\":\"https:\\\/\\\/www.chemviron.eu\\\/fr\\\/\",\"logo\":{\"@type\":\"ImageObject\",\"inLanguage\":\"fr-FR\",\"@id\":\"https:\\\/\\\/www.chemviron.eu\\\/fr\\\/#\\\/schema\\\/logo\\\/image\\\/\",\"url\":\"https:\\\/\\\/www.chemviron.eu\\\/wp-content\\\/uploads\\\/2023\\\/12\\\/Chemviron-logo.jpg\",\"contentUrl\":\"https:\\\/\\\/www.chemviron.eu\\\/wp-content\\\/uploads\\\/2023\\\/12\\\/Chemviron-logo.jpg\",\"width\":1667,\"height\":833,\"caption\":\"Chemviron\"},\"image\":{\"@id\":\"https:\\\/\\\/www.chemviron.eu\\\/fr\\\/#\\\/schema\\\/logo\\\/image\\\/\"},\"sameAs\":[\"https:\\\/\\\/www.linkedin.com\\\/company\\\/chemviron\\\/\"]}]}<\/script>\n<!-- \/ Yoast SEO plugin. -->","yoast_head_json":{"title":"\u00c9liminer les impuret\u00e9s des produits alimentaires","description":"Des solutions de purification compl\u00e8tes pour \u00e9liminer les impuret\u00e9s des produits alimentaires et des boissons.","robots":{"index":"index","follow":"follow","max-snippet":"max-snippet:-1","max-image-preview":"max-image-preview:large","max-video-preview":"max-video-preview:-1"},"canonical":"https:\/\/www.chemviron.eu\/fr\/applications\/eliminer-les-impuretes-des-produits-alimentaires\/","og_locale":"fr_FR","og_type":"article","og_title":"\u00c9liminer les impuret\u00e9s des produits alimentaires","og_description":"Des solutions de purification compl\u00e8tes pour \u00e9liminer les impuret\u00e9s des produits alimentaires et des boissons.","og_url":"https:\/\/www.chemviron.eu\/fr\/applications\/eliminer-les-impuretes-des-produits-alimentaires\/","og_site_name":"Chemviron","article_modified_time":"2026-04-08T09:02:39+00:00","og_image":[{"width":1024,"height":574,"url":"https:\/\/www.chemviron.eu\/wp-content\/uploads\/2026\/03\/AP_FoodBeverage_MI_BlueCans_Adobe_2026-1024x574.jpeg","type":"image\/jpeg"}],"twitter_card":"summary_large_image","twitter_misc":{"Dur\u00e9e de lecture estim\u00e9e":"5 minutes"},"schema":{"@context":"https:\/\/schema.org","@graph":[{"@type":"WebPage","@id":"https:\/\/www.chemviron.eu\/fr\/applications\/eliminer-les-impuretes-des-produits-alimentaires\/","url":"https:\/\/www.chemviron.eu\/fr\/applications\/eliminer-les-impuretes-des-produits-alimentaires\/","name":"\u00c9liminer les impuret\u00e9s des produits alimentaires","isPartOf":{"@id":"https:\/\/www.chemviron.eu\/fr\/#website"},"primaryImageOfPage":{"@id":"https:\/\/www.chemviron.eu\/fr\/applications\/eliminer-les-impuretes-des-produits-alimentaires\/#primaryimage"},"image":{"@id":"https:\/\/www.chemviron.eu\/fr\/applications\/eliminer-les-impuretes-des-produits-alimentaires\/#primaryimage"},"thumbnailUrl":"https:\/\/www.chemviron.eu\/wp-content\/uploads\/2026\/03\/AP_FoodBeverage_MI_BlueCans_Adobe_2026.jpeg","datePublished":"2023-12-06T12:34:15+00:00","dateModified":"2026-04-08T09:02:39+00:00","description":"Des solutions de purification compl\u00e8tes pour \u00e9liminer les impuret\u00e9s des produits alimentaires et des boissons.","breadcrumb":{"@id":"https:\/\/www.chemviron.eu\/fr\/applications\/eliminer-les-impuretes-des-produits-alimentaires\/#breadcrumb"},"inLanguage":"fr-FR","potentialAction":[{"@type":"ReadAction","target":["https:\/\/www.chemviron.eu\/fr\/applications\/eliminer-les-impuretes-des-produits-alimentaires\/"]}]},{"@type":"ImageObject","inLanguage":"fr-FR","@id":"https:\/\/www.chemviron.eu\/fr\/applications\/eliminer-les-impuretes-des-produits-alimentaires\/#primaryimage","url":"https:\/\/www.chemviron.eu\/wp-content\/uploads\/2026\/03\/AP_FoodBeverage_MI_BlueCans_Adobe_2026.jpeg","contentUrl":"https:\/\/www.chemviron.eu\/wp-content\/uploads\/2026\/03\/AP_FoodBeverage_MI_BlueCans_Adobe_2026.jpeg","width":8736,"height":4896,"caption":"activated-carbon-for-food-and-drinks-decolourisation"},{"@type":"BreadcrumbList","@id":"https:\/\/www.chemviron.eu\/fr\/applications\/eliminer-les-impuretes-des-produits-alimentaires\/#breadcrumb","itemListElement":[{"@type":"ListItem","position":1,"name":"Home","item":"https:\/\/www.chemviron.eu\/fr\/"},{"@type":"ListItem","position":2,"name":"Applications","item":"https:\/\/www.chemviron.eu\/fr\/applications\/"},{"@type":"ListItem","position":3,"name":"Alimentation et boissons"}]},{"@type":"WebSite","@id":"https:\/\/www.chemviron.eu\/fr\/#website","url":"https:\/\/www.chemviron.eu\/fr\/","name":"Chemviron","description":"The Purification Solutions Provider","publisher":{"@id":"https:\/\/www.chemviron.eu\/fr\/#organization"},"potentialAction":[{"@type":"SearchAction","target":{"@type":"EntryPoint","urlTemplate":"https:\/\/www.chemviron.eu\/fr\/?s={search_term_string}"},"query-input":{"@type":"PropertyValueSpecification","valueRequired":true,"valueName":"search_term_string"}}],"inLanguage":"fr-FR"},{"@type":"Organization","@id":"https:\/\/www.chemviron.eu\/fr\/#organization","name":"Chemviron","url":"https:\/\/www.chemviron.eu\/fr\/","logo":{"@type":"ImageObject","inLanguage":"fr-FR","@id":"https:\/\/www.chemviron.eu\/fr\/#\/schema\/logo\/image\/","url":"https:\/\/www.chemviron.eu\/wp-content\/uploads\/2023\/12\/Chemviron-logo.jpg","contentUrl":"https:\/\/www.chemviron.eu\/wp-content\/uploads\/2023\/12\/Chemviron-logo.jpg","width":1667,"height":833,"caption":"Chemviron"},"image":{"@id":"https:\/\/www.chemviron.eu\/fr\/#\/schema\/logo\/image\/"},"sameAs":["https:\/\/www.linkedin.com\/company\/chemviron\/"]}]}},"_links":{"self":[{"href":"https:\/\/www.chemviron.eu\/fr\/wp-json\/wp\/v2\/pages\/6097","targetHints":{"allow":["GET"]}}],"collection":[{"href":"https:\/\/www.chemviron.eu\/fr\/wp-json\/wp\/v2\/pages"}],"about":[{"href":"https:\/\/www.chemviron.eu\/fr\/wp-json\/wp\/v2\/types\/page"}],"author":[{"embeddable":true,"href":"https:\/\/www.chemviron.eu\/fr\/wp-json\/wp\/v2\/users\/1"}],"replies":[{"embeddable":true,"href":"https:\/\/www.chemviron.eu\/fr\/wp-json\/wp\/v2\/comments?post=6097"}],"version-history":[{"count":5,"href":"https:\/\/www.chemviron.eu\/fr\/wp-json\/wp\/v2\/pages\/6097\/revisions"}],"predecessor-version":[{"id":15104,"href":"https:\/\/www.chemviron.eu\/fr\/wp-json\/wp\/v2\/pages\/6097\/revisions\/15104"}],"up":[{"embeddable":true,"href":"https:\/\/www.chemviron.eu\/fr\/wp-json\/wp\/v2\/pages\/6336"}],"wp:featuredmedia":[{"embeddable":true,"href":"https:\/\/www.chemviron.eu\/fr\/wp-json\/wp\/v2\/media\/14584"}],"wp:attachment":[{"href":"https:\/\/www.chemviron.eu\/fr\/wp-json\/wp\/v2\/media?parent=6097"}],"curies":[{"name":"wp","href":"https:\/\/api.w.org\/{rel}","templated":true}]}}