{"id":6039,"date":"2023-12-06T12:32:51","date_gmt":"2023-12-06T12:32:51","guid":{"rendered":"https:\/\/www.chemviron.eu\/applications\/industrial-air-emissions\/"},"modified":"2026-04-08T08:51:10","modified_gmt":"2026-04-08T08:51:10","slug":"emissions-atmospheriques-industrielles","status":"publish","type":"page","link":"https:\/\/www.chemviron.eu\/fr\/applications\/emissions-atmospheriques-industrielles\/","title":{"rendered":"\u00c9missions atmosph\u00e9riques industrielles"},"content":{"rendered":"\t\t<div data-elementor-type=\"wp-page\" data-elementor-id=\"6039\" class=\"elementor elementor-6039 elementor-629\" data-elementor-post-type=\"page\">\n\t\t\t\t<div class=\"elementor-element elementor-element-224356d6 e-flex e-con-boxed e-con e-parent\" data-id=\"224356d6\" data-element_type=\"container\" data-e-type=\"container\">\n\t\t\t\t\t<div class=\"e-con-inner\">\n\t\t<div class=\"elementor-element elementor-element-2c79dc86 e-con-full e-flex e-con e-child\" data-id=\"2c79dc86\" data-element_type=\"container\" data-e-type=\"container\">\n\t\t\t\t<div class=\"elementor-element elementor-element-1162a9e elementor-invisible elementor-widget elementor-widget-heading\" data-id=\"1162a9e\" data-element_type=\"widget\" data-e-type=\"widget\" data-settings=\"{&quot;_animation&quot;:&quot;fadeIn&quot;}\" data-widget_type=\"heading.default\">\n\t\t\t\t<div class=\"elementor-widget-container\">\n\t\t\t\t\t<h1 class=\"elementor-heading-title elementor-size-default\">\u00c9missions atmosph\u00e9riques industrielles<\/h1>\t\t\t\t<\/div>\n\t\t\t\t<\/div>\n\t\t\t\t<div class=\"elementor-element elementor-element-57f0fca elementor-invisible elementor-widget elementor-widget-heading\" data-id=\"57f0fca\" data-element_type=\"widget\" data-e-type=\"widget\" data-settings=\"{&quot;_animation&quot;:&quot;fadeIn&quot;,&quot;_animation_delay&quot;:400}\" data-widget_type=\"heading.default\">\n\t\t\t\t<div class=\"elementor-widget-container\">\n\t\t\t\t\t<h2 class=\"elementor-heading-title elementor-size-default\">Chemviron offre un service complet de purification de l'air pour l'adsorption des contaminants nocifs \u00e0 l'aide de notre service d\u2019\u00e9quipements mobiles, de la technologie du charbon actif et du recyclage du charbon actif satur\u00e9.<\/h2>\t\t\t\t<\/div>\n\t\t\t\t<\/div>\n\t\t\t\t<\/div>\n\t\t<div data-dce-background-image-url=\"https:\/\/www.chemviron.eu\/wp-content\/uploads\/2026\/03\/AP_IndustrialAirEmissions_MI_Adobe_2026-1-scaled.jpeg\" class=\"elementor-element elementor-element-5b23760b e-con-full e-flex e-con e-child\" data-id=\"5b23760b\" data-element_type=\"container\" data-e-type=\"container\" data-settings=\"{&quot;background_background&quot;:&quot;classic&quot;}\">\n\t\t\t\t<\/div>\n\t\t\t\t\t<\/div>\n\t\t\t\t<\/div>\n\t\t<div data-dce-background-overlay-image-url=\"https:\/\/www.chemviron.eu\/wp-content\/uploads\/2024\/01\/kuraray_circle_grid_landscape_rgb-1.svg\" class=\"elementor-element elementor-element-26f4f614 e-flex e-con-boxed e-con e-parent\" data-id=\"26f4f614\" data-element_type=\"container\" data-e-type=\"container\">\n\t\t\t\t\t<div class=\"e-con-inner\">\n\t\t<div class=\"elementor-element elementor-element-3b8089e8 e-con-full e-flex e-con e-child\" data-id=\"3b8089e8\" data-element_type=\"container\" data-e-type=\"container\">\n\t\t\t\t<div class=\"elementor-element elementor-element-4c0f2ad7 elementor-widget-mobile__width-inherit elementor-widget elementor-widget-text-editor\" data-id=\"4c0f2ad7\" data-element_type=\"widget\" data-e-type=\"widget\" data-widget_type=\"text-editor.default\">\n\t\t\t\t<div class=\"elementor-widget-container\">\n\t\t\t\t\t\t\t\t\t<p>La protection de l&#8217;environnement, ainsi que le maintien de la propret\u00e9 et de la s\u00e9curit\u00e9 de l&#8217;eau, sont essentielles pour prot\u00e9ger la sant\u00e9 publique et assurer l&#8217;avenir de notre plan\u00e8te. Chemviron offre une gamme de solutions et travaille en \u00e9troite collaboration avec ses clients pour r\u00e9duire l&#8217;impact environnemental des activit\u00e9s humaines sur nos pr\u00e9cieuses ressources en eau.<\/p>\t\t\t\t\t\t\t\t<\/div>\n\t\t\t\t<\/div>\n\t\t\t\t<div class=\"elementor-element elementor-element-6beef8bf elementor-widget elementor-widget-heading\" data-id=\"6beef8bf\" data-element_type=\"widget\" data-e-type=\"widget\" data-widget_type=\"heading.default\">\n\t\t\t\t<div class=\"elementor-widget-container\">\n\t\t\t\t\t<h3 class=\"elementor-heading-title elementor-size-default\">Purification de l'air gr\u00e2ce \u00e0 la technologie du charbon actif<\/h3>\t\t\t\t<\/div>\n\t\t\t\t<\/div>\n\t\t\t\t<div class=\"elementor-element elementor-element-1a390a5e elementor-widget-mobile__width-inherit elementor-widget elementor-widget-text-editor\" data-id=\"1a390a5e\" data-element_type=\"widget\" data-e-type=\"widget\" data-widget_type=\"text-editor.default\">\n\t\t\t\t<div class=\"elementor-widget-container\">\n\t\t\t\t\t\t\t\t\t<div><p>De nombreux sites industriels, de production ou de recyclage des d\u00e9chets peuvent \u00e9mettre dans l&#8217;air des COV, des solvants ou des odeurs telles que le sulfure d&#8217;hydrog\u00e8ne (H\u2082S) lors des op\u00e9rations de manutention, de transfert et de traitement.<\/p><p>L\u2019assainissement des sites contamin\u00e9s g\u00e9n\u00e8re \u00e9galement des polluants atmosph\u00e9riques d\u00e9sagr\u00e9ables ou dangereux provenant de l\u2019extraction des vapeurs du sol, de la ventilation du sol ou du strippage \u00e0 l\u2019air. Comme nombre d\u2019entre eux sont nocifs pour la sant\u00e9, tels que les PFAS, ces \u00e9missions atmosph\u00e9riques sont souvent r\u00e9glement\u00e9es par des limites d\u2019\u00e9mission locales et nationales strictes.<\/p><p>L\u2019adsorption sur le charbon actif est une solution efficace et rentable pour \u00e9liminer une grande vari\u00e9t\u00e9 de ces contaminants en suspension dans l\u2019air et les ramener en dessous des limites d\u2019\u00e9mission requises. La technologie du charbon actif d\u00e9velopp\u00e9e par Chemviron est fiable, simple et \u00e9prouv\u00e9e depuis de nombreuses ann\u00e9es.<\/p><\/div><div><p><a href=\"https:\/\/www.chemviron.eu\/fr\/contact\/\">Contactez notre service technique<\/a>\u00a0pour discuter des solutions de traitement possibles.<\/p><\/div>\t\t\t\t\t\t\t\t<\/div>\n\t\t\t\t<\/div>\n\t\t\t\t<div class=\"elementor-element elementor-element-21b65ad elementor-widget elementor-widget-heading\" data-id=\"21b65ad\" data-element_type=\"widget\" data-e-type=\"widget\" data-widget_type=\"heading.default\">\n\t\t\t\t<div class=\"elementor-widget-container\">\n\t\t\t\t\t<h4 class=\"elementor-heading-title elementor-size-default\">Pourquoi choisir Chemviron comme partenaire ?<\/h4>\t\t\t\t<\/div>\n\t\t\t\t<\/div>\n\t\t\t\t<div class=\"elementor-element elementor-element-b8a2529 elementor-widget-mobile__width-inherit elementor-widget elementor-widget-text-editor\" data-id=\"b8a2529\" data-element_type=\"widget\" data-e-type=\"widget\" data-widget_type=\"text-editor.default\">\n\t\t\t\t<div class=\"elementor-widget-container\">\n\t\t\t\t\t\t\t\t\t<div><p>Forte de son expertise approfondie dans la r\u00e9duction des COV et des solvants, Chemviron con\u00e7oit et fabrique des syst\u00e8mes d\u2019adsorption sur charbon actif pour les installations de r\u00e9cup\u00e9ration des solvants depuis plus de 80 ans. De nombreux secteurs, tels que la chimie, le pharmaceutique, l\u2019imprimerie, le rev\u00eatement et l\u2019emballage, ont recours \u00e0 nos syst\u00e8mes.<\/p><\/div><div><p>C\u2019est cette longue exp\u00e9rience et cette compr\u00e9hension des besoins des clients qui ont conduit Chemviron \u00e0 d\u00e9velopper le service de filtres \u00e0 charbon mobiles CYCLEVENT\u00ae, innovant et flexible, qui est disponible sur base d\u2019un contrat de location, \u00e9vitant ainsi des investissements co\u00fbteux.<\/p><\/div><div><p>Chemviron offre des solutions compl\u00e8tes pour la purification de l\u2019air en fin de cha\u00eene, \u00e0 savoir :<\/p><\/div><div><ul><li>Des <strong>conseils techniques<\/strong> et une assistance pour le choix du charbon actif et de la solution de service appropri\u00e9s \u00e0 l&#8217;application \u2013 <a href=\"https:\/\/www.chemviron.eu\/fr\/contact\/\">contactez un repr\u00e9sentant pour en savoir plus.<\/a><\/li><li>Notre <strong>service de filtres \u00e0 charbon mobiles<\/strong> qui comprend une vaste <a href=\"https:\/\/www.chemviron.eu\/fr\/solutions-de-purification\/filtres-mobiles-a-charbon-actif\/purification-de-l-air\/\">gamme d\u2019adsorbeurs mobiles CYCLEVENT\u00ae<\/a>, livr\u00e9s rapidement et facilement install\u00e9s sur site pour une utilisation imm\u00e9diate.<\/li><li>Nous fournissons du <strong>charbon actif de haute qualit\u00e9<\/strong>, s\u00e9lectionn\u00e9 sp\u00e9cifiquement pour chaque application et pr\u00e9install\u00e9 dans nos filtres mobiles. En tant que plus grand producteur mondial de charbons actifs, nous garantissons des solutions fiables et adapt\u00e9es \u00e0 vos besoins.<\/li><li>Le <strong>remplacement<\/strong> du filtre \u00e0 charbon usag\u00e9 par une unit\u00e9 neuve, \u00e9vitant ainsi de manipuler du charbon usag\u00e9 sur place.<\/li><li>La <strong>r\u00e9activation<\/strong> : dans la plupart des cas, ce charbon peut \u00eatre renvoy\u00e9 dans nos centres de recyclage pour \u00eatre r\u00e9activ\u00e9 et r\u00e9utilis\u00e9.<\/li><\/ul><\/div>\t\t\t\t\t\t\t\t<\/div>\n\t\t\t\t<\/div>\n\t\t\t\t<div class=\"elementor-element elementor-element-6f9b5df5 elementor-widget elementor-widget-heading\" data-id=\"6f9b5df5\" data-element_type=\"widget\" data-e-type=\"widget\" data-widget_type=\"heading.default\">\n\t\t\t\t<div class=\"elementor-widget-container\">\n\t\t\t\t\t<h4 class=\"elementor-heading-title elementor-size-default\">Chemviron en mati\u00e8re de d\u00e9veloppement durable<\/h4>\t\t\t\t<\/div>\n\t\t\t\t<\/div>\n\t\t\t\t<div class=\"elementor-element elementor-element-1dca3e8c elementor-widget-mobile__width-inherit elementor-widget elementor-widget-text-editor\" data-id=\"1dca3e8c\" data-element_type=\"widget\" data-e-type=\"widget\" data-widget_type=\"text-editor.default\">\n\t\t\t\t<div class=\"elementor-widget-container\">\n\t\t\t\t\t\t\t\t\t<p>Chemviron est le plus grand recycleur (ou r\u00e9activateur) de charbons actifs au monde, avec des installations d\u00e9di\u00e9es \u00e0 la <a href=\"https:\/\/www.chemviron.eu\/fr\/solutions-de-purification\/reactivation-du-charbon-actif\/\">r\u00e9activation du charbon<\/a> \u00e0 travers l\u2019Europe. L\u2019engagement continu de l\u2019entreprise \u00e0 d\u00e9velopper ses capacit\u00e9s de r\u00e9activation a permis \u00e0 Chemviron de mettre au point des proc\u00e9d\u00e9s innovants pour recycler les charbons actifs, contribuant ainsi \u00e0 <strong>r\u00e9duire notre empreinte carbone<\/strong>.<\/p><p>Fort de son expertise approfondie en la mati\u00e8re, Chemviron a d\u00e9velopp\u00e9 des fours sp\u00e9cifiques pour la r\u00e9activation o\u00f9 le charbon est recycl\u00e9 thermiquement. Ces fours permettent un contr\u00f4le optimal des op\u00e9rations afin de garantir la destruction des contaminants adsorb\u00e9s et de permettre de r\u00e9employer le charbon satur\u00e9.<\/p><p>En alliant r\u00e9activation et charbons actifs hautement performants, Chemviron offre \u00e0 ses clients une solution de purification \u00e0 la fois <strong>rentable<\/strong> et <strong>durable<\/strong>.<\/p>\t\t\t\t\t\t\t\t<\/div>\n\t\t\t\t<\/div>\n\t\t\t\t<\/div>\n\t\t\t\t\t<\/div>\n\t\t\t\t<\/div>\n\t\t<div class=\"elementor-element elementor-element-66db1f9a e-flex e-con-boxed elementor-invisible e-con e-parent\" data-id=\"66db1f9a\" data-element_type=\"container\" data-e-type=\"container\" data-settings=\"{&quot;animation&quot;:&quot;fadeInUp&quot;}\">\n\t\t\t\t\t<div class=\"e-con-inner\">\n\t\t<div data-dce-background-color=\"#FFF4DA\" class=\"elementor-element elementor-element-66a8211d e-con-full e-flex e-con e-child\" data-id=\"66a8211d\" data-element_type=\"container\" data-e-type=\"container\" data-settings=\"{&quot;background_background&quot;:&quot;classic&quot;}\">\n\t\t\t\t<div class=\"elementor-element elementor-element-754bcd46 dce_masking-none elementor-widget elementor-widget-image\" data-id=\"754bcd46\" data-element_type=\"widget\" data-e-type=\"widget\" data-widget_type=\"image.default\">\n\t\t\t\t<div class=\"elementor-widget-container\">\n\t\t\t\t\t\t\t\t\t\t\t\t\t\t\t<img decoding=\"async\" width=\"136\" height=\"136\" src=\"https:\/\/www.chemviron.eu\/wp-content\/uploads\/2024\/01\/kuraray_pictogram_user-negative-1-1.png\" class=\"attachment-large size-large wp-image-2607\" alt=\"\" \/>\t\t\t\t\t\t\t\t\t\t\t\t\t\t\t<\/div>\n\t\t\t\t<\/div>\n\t\t\t\t<\/div>\n\t\t<div data-dce-background-color=\"#FFF4DA\" class=\"elementor-element elementor-element-77844b8 e-con-full e-flex e-con e-child\" data-id=\"77844b8\" data-element_type=\"container\" data-e-type=\"container\" data-settings=\"{&quot;background_background&quot;:&quot;classic&quot;}\">\n\t\t\t\t<div class=\"elementor-element elementor-element-2bcee518 elementor-widget elementor-widget-heading\" data-id=\"2bcee518\" data-element_type=\"widget\" data-e-type=\"widget\" data-widget_type=\"heading.default\">\n\t\t\t\t<div class=\"elementor-widget-container\">\n\t\t\t\t\t<h4 class=\"elementor-heading-title elementor-size-default\">Contactez notre \u00e9quipe technique pour plus d'informations.<\/h4>\t\t\t\t<\/div>\n\t\t\t\t<\/div>\n\t\t\t\t<div class=\"elementor-element elementor-element-4f48cbcb elementor-widget elementor-widget-button\" data-id=\"4f48cbcb\" data-element_type=\"widget\" data-e-type=\"widget\" data-widget_type=\"button.default\">\n\t\t\t\t<div class=\"elementor-widget-container\">\n\t\t\t\t\t\t\t\t\t<div class=\"elementor-button-wrapper\">\n\t\t\t\t\t<a class=\"elementor-button elementor-button-link elementor-size-sm\" href=\"https:\/\/www.chemviron.eu\/fr\/contact\/\">\n\t\t\t\t\t\t<span class=\"elementor-button-content-wrapper\">\n\t\t\t\t\t\t\t\t\t<span class=\"elementor-button-text\">Contactez-nous<\/span>\n\t\t\t\t\t<\/span>\n\t\t\t\t\t<\/a>\n\t\t\t\t<\/div>\n\t\t\t\t\t\t\t\t<\/div>\n\t\t\t\t<\/div>\n\t\t\t\t<\/div>\n\t\t\t\t\t<\/div>\n\t\t\t\t<\/div>\n\t\t\t\t<\/div>\n\t\t","protected":false},"excerpt":{"rendered":"<p>\u00c9missions atmosph\u00e9riques industrielles Chemviron offre un service complet de purification de l&#8217;air pour l&#8217;adsorption des contaminants nocifs \u00e0 l&#8217;aide de notre service d\u2019\u00e9quipements mobiles, de la technologie du charbon actif et du recyclage du charbon actif satur\u00e9. La protection de l&#8217;environnement, ainsi que le maintien de la propret\u00e9 et de la s\u00e9curit\u00e9 de l&#8217;eau, sont [&hellip;]<\/p>\n","protected":false},"author":1,"featured_media":14551,"parent":6336,"menu_order":0,"comment_status":"closed","ping_status":"closed","template":"elementor_header_footer","meta":{"_acf_changed":false,"inline_featured_image":false,"footnotes":""},"class_list":["post-6039","page","type-page","status-publish","has-post-thumbnail","hentry"],"acf":[],"yoast_head":"<!-- This site is optimized with the Yoast SEO plugin v27.3 - https:\/\/yoast.com\/product\/yoast-seo-wordpress\/ -->\n<title>\u00c9missions atmosph\u00e9riques industrielles<\/title>\n<meta name=\"description\" content=\"Solutions pour \u00e9liminer les contaminants des \u00e9missions atmosph\u00e9riques industrielles, tels que les COV, les odeurs, le H2S et les PFAS.\" \/>\n<meta name=\"robots\" content=\"index, follow, max-snippet:-1, max-image-preview:large, max-video-preview:-1\" \/>\n<link rel=\"canonical\" href=\"https:\/\/www.chemviron.eu\/fr\/applications\/emissions-atmospheriques-industrielles\/\" \/>\n<meta property=\"og:locale\" content=\"fr_FR\" \/>\n<meta property=\"og:type\" content=\"article\" \/>\n<meta property=\"og:title\" content=\"\u00c9missions atmosph\u00e9riques industrielles\" \/>\n<meta property=\"og:description\" content=\"Solutions pour \u00e9liminer les contaminants des \u00e9missions atmosph\u00e9riques industrielles, tels que les COV, les odeurs, le H2S et les PFAS.\" \/>\n<meta property=\"og:url\" content=\"https:\/\/www.chemviron.eu\/fr\/applications\/emissions-atmospheriques-industrielles\/\" \/>\n<meta property=\"og:site_name\" content=\"Chemviron\" \/>\n<meta property=\"article:modified_time\" content=\"2026-04-08T08:51:10+00:00\" \/>\n<meta property=\"og:image\" content=\"https:\/\/www.chemviron.eu\/wp-content\/uploads\/2026\/03\/AP_IndustrialAirEmissions_MI_Adobe_2026-scaled.jpeg\" \/>\n\t<meta property=\"og:image:width\" content=\"2560\" \/>\n\t<meta property=\"og:image:height\" content=\"1435\" \/>\n\t<meta property=\"og:image:type\" content=\"image\/jpeg\" \/>\n<meta name=\"twitter:card\" content=\"summary_large_image\" \/>\n<meta name=\"twitter:label1\" content=\"Dur\u00e9e de lecture estim\u00e9e\" \/>\n\t<meta name=\"twitter:data1\" content=\"4 minutes\" \/>\n<script type=\"application\/ld+json\" class=\"yoast-schema-graph\">{\"@context\":\"https:\\\/\\\/schema.org\",\"@graph\":[{\"@type\":\"WebPage\",\"@id\":\"https:\\\/\\\/www.chemviron.eu\\\/fr\\\/applications\\\/emissions-atmospheriques-industrielles\\\/\",\"url\":\"https:\\\/\\\/www.chemviron.eu\\\/fr\\\/applications\\\/emissions-atmospheriques-industrielles\\\/\",\"name\":\"\u00c9missions atmosph\u00e9riques industrielles\",\"isPartOf\":{\"@id\":\"https:\\\/\\\/www.chemviron.eu\\\/fr\\\/#website\"},\"primaryImageOfPage\":{\"@id\":\"https:\\\/\\\/www.chemviron.eu\\\/fr\\\/applications\\\/emissions-atmospheriques-industrielles\\\/#primaryimage\"},\"image\":{\"@id\":\"https:\\\/\\\/www.chemviron.eu\\\/fr\\\/applications\\\/emissions-atmospheriques-industrielles\\\/#primaryimage\"},\"thumbnailUrl\":\"https:\\\/\\\/www.chemviron.eu\\\/wp-content\\\/uploads\\\/2026\\\/03\\\/AP_IndustrialAirEmissions_MI_Adobe_2026-scaled.jpeg\",\"datePublished\":\"2023-12-06T12:32:51+00:00\",\"dateModified\":\"2026-04-08T08:51:10+00:00\",\"description\":\"Solutions pour \u00e9liminer les contaminants des \u00e9missions atmosph\u00e9riques industrielles, tels que les COV, les odeurs, le H2S et les PFAS.\",\"breadcrumb\":{\"@id\":\"https:\\\/\\\/www.chemviron.eu\\\/fr\\\/applications\\\/emissions-atmospheriques-industrielles\\\/#breadcrumb\"},\"inLanguage\":\"fr-FR\",\"potentialAction\":[{\"@type\":\"ReadAction\",\"target\":[\"https:\\\/\\\/www.chemviron.eu\\\/fr\\\/applications\\\/emissions-atmospheriques-industrielles\\\/\"]}]},{\"@type\":\"ImageObject\",\"inLanguage\":\"fr-FR\",\"@id\":\"https:\\\/\\\/www.chemviron.eu\\\/fr\\\/applications\\\/emissions-atmospheriques-industrielles\\\/#primaryimage\",\"url\":\"https:\\\/\\\/www.chemviron.eu\\\/wp-content\\\/uploads\\\/2026\\\/03\\\/AP_IndustrialAirEmissions_MI_Adobe_2026-scaled.jpeg\",\"contentUrl\":\"https:\\\/\\\/www.chemviron.eu\\\/wp-content\\\/uploads\\\/2026\\\/03\\\/AP_IndustrialAirEmissions_MI_Adobe_2026-scaled.jpeg\",\"width\":2560,\"height\":1435,\"caption\":\"activated-carbon-to-purify-industrial-air-emissions\"},{\"@type\":\"BreadcrumbList\",\"@id\":\"https:\\\/\\\/www.chemviron.eu\\\/fr\\\/applications\\\/emissions-atmospheriques-industrielles\\\/#breadcrumb\",\"itemListElement\":[{\"@type\":\"ListItem\",\"position\":1,\"name\":\"Home\",\"item\":\"https:\\\/\\\/www.chemviron.eu\\\/fr\\\/\"},{\"@type\":\"ListItem\",\"position\":2,\"name\":\"Applications\",\"item\":\"https:\\\/\\\/www.chemviron.eu\\\/fr\\\/applications\\\/\"},{\"@type\":\"ListItem\",\"position\":3,\"name\":\"\u00c9missions atmosph\u00e9riques industrielles\"}]},{\"@type\":\"WebSite\",\"@id\":\"https:\\\/\\\/www.chemviron.eu\\\/fr\\\/#website\",\"url\":\"https:\\\/\\\/www.chemviron.eu\\\/fr\\\/\",\"name\":\"Chemviron\",\"description\":\"The Purification Solutions Provider\",\"publisher\":{\"@id\":\"https:\\\/\\\/www.chemviron.eu\\\/fr\\\/#organization\"},\"potentialAction\":[{\"@type\":\"SearchAction\",\"target\":{\"@type\":\"EntryPoint\",\"urlTemplate\":\"https:\\\/\\\/www.chemviron.eu\\\/fr\\\/?s={search_term_string}\"},\"query-input\":{\"@type\":\"PropertyValueSpecification\",\"valueRequired\":true,\"valueName\":\"search_term_string\"}}],\"inLanguage\":\"fr-FR\"},{\"@type\":\"Organization\",\"@id\":\"https:\\\/\\\/www.chemviron.eu\\\/fr\\\/#organization\",\"name\":\"Chemviron\",\"url\":\"https:\\\/\\\/www.chemviron.eu\\\/fr\\\/\",\"logo\":{\"@type\":\"ImageObject\",\"inLanguage\":\"fr-FR\",\"@id\":\"https:\\\/\\\/www.chemviron.eu\\\/fr\\\/#\\\/schema\\\/logo\\\/image\\\/\",\"url\":\"https:\\\/\\\/www.chemviron.eu\\\/wp-content\\\/uploads\\\/2023\\\/12\\\/Chemviron-logo.jpg\",\"contentUrl\":\"https:\\\/\\\/www.chemviron.eu\\\/wp-content\\\/uploads\\\/2023\\\/12\\\/Chemviron-logo.jpg\",\"width\":1667,\"height\":833,\"caption\":\"Chemviron\"},\"image\":{\"@id\":\"https:\\\/\\\/www.chemviron.eu\\\/fr\\\/#\\\/schema\\\/logo\\\/image\\\/\"},\"sameAs\":[\"https:\\\/\\\/www.linkedin.com\\\/company\\\/chemviron\\\/\"]}]}<\/script>\n<!-- \/ Yoast SEO plugin. -->","yoast_head_json":{"title":"\u00c9missions atmosph\u00e9riques industrielles","description":"Solutions pour \u00e9liminer les contaminants des \u00e9missions atmosph\u00e9riques industrielles, tels que les COV, les odeurs, le H2S et les PFAS.","robots":{"index":"index","follow":"follow","max-snippet":"max-snippet:-1","max-image-preview":"max-image-preview:large","max-video-preview":"max-video-preview:-1"},"canonical":"https:\/\/www.chemviron.eu\/fr\/applications\/emissions-atmospheriques-industrielles\/","og_locale":"fr_FR","og_type":"article","og_title":"\u00c9missions atmosph\u00e9riques industrielles","og_description":"Solutions pour \u00e9liminer les contaminants des \u00e9missions atmosph\u00e9riques industrielles, tels que les COV, les odeurs, le H2S et les PFAS.","og_url":"https:\/\/www.chemviron.eu\/fr\/applications\/emissions-atmospheriques-industrielles\/","og_site_name":"Chemviron","article_modified_time":"2026-04-08T08:51:10+00:00","og_image":[{"width":2560,"height":1435,"url":"https:\/\/www.chemviron.eu\/wp-content\/uploads\/2026\/03\/AP_IndustrialAirEmissions_MI_Adobe_2026-scaled.jpeg","type":"image\/jpeg"}],"twitter_card":"summary_large_image","twitter_misc":{"Dur\u00e9e de lecture estim\u00e9e":"4 minutes"},"schema":{"@context":"https:\/\/schema.org","@graph":[{"@type":"WebPage","@id":"https:\/\/www.chemviron.eu\/fr\/applications\/emissions-atmospheriques-industrielles\/","url":"https:\/\/www.chemviron.eu\/fr\/applications\/emissions-atmospheriques-industrielles\/","name":"\u00c9missions atmosph\u00e9riques industrielles","isPartOf":{"@id":"https:\/\/www.chemviron.eu\/fr\/#website"},"primaryImageOfPage":{"@id":"https:\/\/www.chemviron.eu\/fr\/applications\/emissions-atmospheriques-industrielles\/#primaryimage"},"image":{"@id":"https:\/\/www.chemviron.eu\/fr\/applications\/emissions-atmospheriques-industrielles\/#primaryimage"},"thumbnailUrl":"https:\/\/www.chemviron.eu\/wp-content\/uploads\/2026\/03\/AP_IndustrialAirEmissions_MI_Adobe_2026-scaled.jpeg","datePublished":"2023-12-06T12:32:51+00:00","dateModified":"2026-04-08T08:51:10+00:00","description":"Solutions pour \u00e9liminer les contaminants des \u00e9missions atmosph\u00e9riques industrielles, tels que les COV, les odeurs, le H2S et les PFAS.","breadcrumb":{"@id":"https:\/\/www.chemviron.eu\/fr\/applications\/emissions-atmospheriques-industrielles\/#breadcrumb"},"inLanguage":"fr-FR","potentialAction":[{"@type":"ReadAction","target":["https:\/\/www.chemviron.eu\/fr\/applications\/emissions-atmospheriques-industrielles\/"]}]},{"@type":"ImageObject","inLanguage":"fr-FR","@id":"https:\/\/www.chemviron.eu\/fr\/applications\/emissions-atmospheriques-industrielles\/#primaryimage","url":"https:\/\/www.chemviron.eu\/wp-content\/uploads\/2026\/03\/AP_IndustrialAirEmissions_MI_Adobe_2026-scaled.jpeg","contentUrl":"https:\/\/www.chemviron.eu\/wp-content\/uploads\/2026\/03\/AP_IndustrialAirEmissions_MI_Adobe_2026-scaled.jpeg","width":2560,"height":1435,"caption":"activated-carbon-to-purify-industrial-air-emissions"},{"@type":"BreadcrumbList","@id":"https:\/\/www.chemviron.eu\/fr\/applications\/emissions-atmospheriques-industrielles\/#breadcrumb","itemListElement":[{"@type":"ListItem","position":1,"name":"Home","item":"https:\/\/www.chemviron.eu\/fr\/"},{"@type":"ListItem","position":2,"name":"Applications","item":"https:\/\/www.chemviron.eu\/fr\/applications\/"},{"@type":"ListItem","position":3,"name":"\u00c9missions atmosph\u00e9riques industrielles"}]},{"@type":"WebSite","@id":"https:\/\/www.chemviron.eu\/fr\/#website","url":"https:\/\/www.chemviron.eu\/fr\/","name":"Chemviron","description":"The Purification Solutions Provider","publisher":{"@id":"https:\/\/www.chemviron.eu\/fr\/#organization"},"potentialAction":[{"@type":"SearchAction","target":{"@type":"EntryPoint","urlTemplate":"https:\/\/www.chemviron.eu\/fr\/?s={search_term_string}"},"query-input":{"@type":"PropertyValueSpecification","valueRequired":true,"valueName":"search_term_string"}}],"inLanguage":"fr-FR"},{"@type":"Organization","@id":"https:\/\/www.chemviron.eu\/fr\/#organization","name":"Chemviron","url":"https:\/\/www.chemviron.eu\/fr\/","logo":{"@type":"ImageObject","inLanguage":"fr-FR","@id":"https:\/\/www.chemviron.eu\/fr\/#\/schema\/logo\/image\/","url":"https:\/\/www.chemviron.eu\/wp-content\/uploads\/2023\/12\/Chemviron-logo.jpg","contentUrl":"https:\/\/www.chemviron.eu\/wp-content\/uploads\/2023\/12\/Chemviron-logo.jpg","width":1667,"height":833,"caption":"Chemviron"},"image":{"@id":"https:\/\/www.chemviron.eu\/fr\/#\/schema\/logo\/image\/"},"sameAs":["https:\/\/www.linkedin.com\/company\/chemviron\/"]}]}},"_links":{"self":[{"href":"https:\/\/www.chemviron.eu\/fr\/wp-json\/wp\/v2\/pages\/6039","targetHints":{"allow":["GET"]}}],"collection":[{"href":"https:\/\/www.chemviron.eu\/fr\/wp-json\/wp\/v2\/pages"}],"about":[{"href":"https:\/\/www.chemviron.eu\/fr\/wp-json\/wp\/v2\/types\/page"}],"author":[{"embeddable":true,"href":"https:\/\/www.chemviron.eu\/fr\/wp-json\/wp\/v2\/users\/1"}],"replies":[{"embeddable":true,"href":"https:\/\/www.chemviron.eu\/fr\/wp-json\/wp\/v2\/comments?post=6039"}],"version-history":[{"count":5,"href":"https:\/\/www.chemviron.eu\/fr\/wp-json\/wp\/v2\/pages\/6039\/revisions"}],"predecessor-version":[{"id":15092,"href":"https:\/\/www.chemviron.eu\/fr\/wp-json\/wp\/v2\/pages\/6039\/revisions\/15092"}],"up":[{"embeddable":true,"href":"https:\/\/www.chemviron.eu\/fr\/wp-json\/wp\/v2\/pages\/6336"}],"wp:featuredmedia":[{"embeddable":true,"href":"https:\/\/www.chemviron.eu\/fr\/wp-json\/wp\/v2\/media\/14551"}],"wp:attachment":[{"href":"https:\/\/www.chemviron.eu\/fr\/wp-json\/wp\/v2\/media?parent=6039"}],"curies":[{"name":"wp","href":"https:\/\/api.w.org\/{rel}","templated":true}]}}