{"id":5690,"date":"2023-12-06T12:33:09","date_gmt":"2023-12-06T12:33:09","guid":{"rendered":"https:\/\/www.chemviron.eu\/applications\/biogas-biomethane\/"},"modified":"2026-04-13T08:30:21","modified_gmt":"2026-04-13T08:30:21","slug":"biogaz-et-biomethane","status":"publish","type":"page","link":"https:\/\/www.chemviron.eu\/fr\/applications\/biogaz-et-biomethane\/","title":{"rendered":"Biogaz et biom\u00e9thane"},"content":{"rendered":"\t\t<div data-elementor-type=\"wp-page\" data-elementor-id=\"5690\" class=\"elementor elementor-5690 elementor-631\" data-elementor-post-type=\"page\">\n\t\t\t\t<div class=\"elementor-element elementor-element-3dea6426 e-flex e-con-boxed e-con e-parent\" data-id=\"3dea6426\" data-element_type=\"container\" data-e-type=\"container\">\n\t\t\t\t\t<div class=\"e-con-inner\">\n\t\t<div class=\"elementor-element elementor-element-1dd23e07 e-con-full e-flex e-con e-child\" data-id=\"1dd23e07\" data-element_type=\"container\" data-e-type=\"container\">\n\t\t\t\t<div class=\"elementor-element elementor-element-6923fcb4 elementor-invisible elementor-widget elementor-widget-heading\" data-id=\"6923fcb4\" data-element_type=\"widget\" data-e-type=\"widget\" data-settings=\"{&quot;_animation&quot;:&quot;fadeIn&quot;}\" data-widget_type=\"heading.default\">\n\t\t\t\t<div class=\"elementor-widget-container\">\n\t\t\t\t\t<h1 class=\"elementor-heading-title elementor-size-default\">Biogaz et biom\u00e9thane<\/h1>\t\t\t\t<\/div>\n\t\t\t\t<\/div>\n\t\t\t\t<div class=\"elementor-element elementor-element-2db43014 elementor-invisible elementor-widget elementor-widget-heading\" data-id=\"2db43014\" data-element_type=\"widget\" data-e-type=\"widget\" data-settings=\"{&quot;_animation&quot;:&quot;fadeIn&quot;,&quot;_animation_delay&quot;:400}\" data-widget_type=\"heading.default\">\n\t\t\t\t<div class=\"elementor-widget-container\">\n\t\t\t\t\t<h2 class=\"elementor-heading-title elementor-size-default\">Notre service de filtres \u00e0 charbon mobiles sur mesure CYCLEVENT MACH, associ\u00e9 \u00e0 nos charbons europ\u00e9ens sp\u00e9cialis\u00e9s dans l\u2019\u00e9limination du H<sub>2<\/sub>S, offrent une solution de traitement facile et rentable pour la valorisation du biogaz et du biom\u00e9thane.<\/h2>\t\t\t\t<\/div>\n\t\t\t\t<\/div>\n\t\t\t\t<\/div>\n\t\t<div data-dce-background-image-url=\"https:\/\/www.chemviron.eu\/wp-content\/uploads\/2026\/02\/Biogas-1-scaled.jpeg\" class=\"elementor-element elementor-element-588f3e80 e-con-full e-flex e-con e-child\" data-id=\"588f3e80\" data-element_type=\"container\" data-e-type=\"container\" data-settings=\"{&quot;background_background&quot;:&quot;classic&quot;}\">\n\t\t\t\t<\/div>\n\t\t\t\t\t<\/div>\n\t\t\t\t<\/div>\n\t\t<div data-dce-background-overlay-image-url=\"https:\/\/www.chemviron.eu\/wp-content\/uploads\/2024\/01\/kuraray_circle_grid_landscape_rgb-1.svg\" class=\"elementor-element elementor-element-659a4968 e-flex e-con-boxed e-con e-parent\" data-id=\"659a4968\" data-element_type=\"container\" data-e-type=\"container\">\n\t\t\t\t\t<div class=\"e-con-inner\">\n\t\t<div class=\"elementor-element elementor-element-4424413 e-con-full e-flex e-con e-child\" data-id=\"4424413\" data-element_type=\"container\" data-e-type=\"container\">\n\t\t\t\t<div class=\"elementor-element elementor-element-22e84b72 elementor-widget-mobile__width-inherit elementor-widget elementor-widget-text-editor\" data-id=\"22e84b72\" data-element_type=\"widget\" data-e-type=\"widget\" data-widget_type=\"text-editor.default\">\n\t\t\t\t<div class=\"elementor-widget-container\">\n\t\t\t\t\t\t\t\t\t<div><p>Pour que le biogaz devienne une source d&#8217;\u00e9nergie renouvelable efficace, il doit d&#8217;abord \u00eatre trait\u00e9 pour \u00e9liminer les contaminants tels que les siloxanes et le sulfure d&#8217;hydrog\u00e8ne (H\u2082S). Nos syst\u00e8mes de filtration mobiles innovants, combin\u00e9s \u00e0 nos charbons actifs hautement performants, offrent une solution de traitement \u00e0 la fois rentable et durable pour le biogaz et le biom\u00e9thane.<\/p><p>Depuis plus de 80 ans, Chemviron domine le march\u00e9 du d\u00e9veloppement de charbons actifs de haute qualit\u00e9. Pr\u00e9curseur dans l\u2019industrie, Chemviron s\u2019est impos\u00e9 comme expert des solutions \u00e0 base de charbon actif, gr\u00e2ce \u00e0 ses connaissances techniques approfondies et sa vaste exp\u00e9rience dans le secteur. Notre service technique apporte ainsi des solutions personnalis\u00e9es aux d\u00e9fis rencontr\u00e9s par nos clients dans la valorisation du biogas et du biom\u00e9thane.<\/p><\/div><div><p><a href=\"https:\/\/www.chemviron.eu\/fr\/contact\/\"><strong>Contactez notre \u00e9quipe pour discuter des solutions de traitement possibles.<\/strong><\/a><\/p><\/div>\t\t\t\t\t\t\t\t<\/div>\n\t\t\t\t<\/div>\n\t\t\t\t<div class=\"elementor-element elementor-element-3061e3d4 elementor-widget elementor-widget-heading\" data-id=\"3061e3d4\" data-element_type=\"widget\" data-e-type=\"widget\" data-widget_type=\"heading.default\">\n\t\t\t\t<div class=\"elementor-widget-container\">\n\t\t\t\t\t<h3 class=\"elementor-heading-title elementor-size-default\">Pourquoi le charbon actif est-il une solution optimale?<\/h3>\t\t\t\t<\/div>\n\t\t\t\t<\/div>\n\t\t\t\t<div class=\"elementor-element elementor-element-5a98ea32 elementor-widget-mobile__width-inherit elementor-widget elementor-widget-text-editor\" data-id=\"5a98ea32\" data-element_type=\"widget\" data-e-type=\"widget\" data-widget_type=\"text-editor.default\">\n\t\t\t\t<div class=\"elementor-widget-container\">\n\t\t\t\t\t\t\t\t\t<p>Le charbon actif poss\u00e8de les forces physiques d\u2019adsorption les plus puissantes et le plus grand volume de porosit\u00e9 adsorbante parmi tous les mat\u00e9riaux connus. Sa surface peut d\u00e9passer 1000 m\u00b2\/g, ce qui signifie que 3 g de charbon actif peuvent couvrir la surface d&#8217;un terrain de football. Cela en fait une solution de traitement id\u00e9ale pour la purification du biogaz et du biom\u00e9thane. L\u2019utilisation de charbons actifs impr\u00e9gn\u00e9s peut augmenter sa capacit\u00e9 \u00e0 \u00e9liminer des polluants sp\u00e9cifiques.<\/p><p>L\u2019adsorption sur le charbon actif est une solution efficace et rentable pour \u00e9liminer les contaminants des flux gazeux. La technologie d\u00e9velopp\u00e9e par Chemviron est fiable, simple et \u00e9prouv\u00e9e depuis de nombreuses ann\u00e9es.<\/p>\t\t\t\t\t\t\t\t<\/div>\n\t\t\t\t<\/div>\n\t\t\t\t<div class=\"elementor-element elementor-element-3b3a74a elementor-widget elementor-widget-heading\" data-id=\"3b3a74a\" data-element_type=\"widget\" data-e-type=\"widget\" data-widget_type=\"heading.default\">\n\t\t\t\t<div class=\"elementor-widget-container\">\n\t\t\t\t\t<h4 class=\"elementor-heading-title elementor-size-default\">Service de filtres \u00e0 charbon mobiles<\/h4>\t\t\t\t<\/div>\n\t\t\t\t<\/div>\n\t\t\t\t<div class=\"elementor-element elementor-element-74adb961 elementor-widget-mobile__width-inherit elementor-widget elementor-widget-text-editor\" data-id=\"74adb961\" data-element_type=\"widget\" data-e-type=\"widget\" data-widget_type=\"text-editor.default\">\n\t\t\t\t<div class=\"elementor-widget-container\">\n\t\t\t\t\t\t\t\t\t<div><p>Notre vaste service d\u2019\u00e9quipements mobiles offre une solution rapide et efficace pour traiter ces \u00e9missions \u00e0 la source. Une fois utilis\u00e9, nous rempla\u00e7ons le filtre, ce qui \u00e9vite d&#8217;avoir \u00e0 \u00e9changer le charbon actif usag\u00e9 sur site.<\/p><\/div><div><p>Ces filtres, disponibles en location, peuvent \u00eatre rapidement utilis\u00e9s &#8211; voir notre service mobile de filtres \u00e0 charbon <a href=\"https:\/\/www.chemviron.eu\/fr\/solutions-de-purification\/filtres-mobiles-a-charbon-actif\/traitement-du-biogaz-et-biomethane\/\">CYCLEVENT\u00ae MACH<\/a> pour en savoir plus.<\/p><\/div><div><p>Pour savoir comment nous pouvons vous aider et vous recommander le service d\u2019\u00e9quipements mobiles et le charbon adapt\u00e9s \u00e0 votre site et \u00e0 votre situation sp\u00e9cifique, nous vous invitons \u00e0 nous contacter pour que nous puissions vous fournir des conseils techniques et une assistance.<\/p><\/div>\t\t\t\t\t\t\t\t<\/div>\n\t\t\t\t<\/div>\n\t\t\t\t<\/div>\n\t\t\t\t\t<\/div>\n\t\t\t\t<\/div>\n\t\t<div class=\"elementor-element elementor-element-7bc69263 e-flex e-con-boxed elementor-invisible e-con e-parent\" data-id=\"7bc69263\" data-element_type=\"container\" data-e-type=\"container\" data-settings=\"{&quot;animation&quot;:&quot;fadeInUp&quot;}\">\n\t\t\t\t\t<div class=\"e-con-inner\">\n\t\t<div data-dce-background-color=\"#FFF4DA\" class=\"elementor-element elementor-element-651a739c e-con-full e-flex e-con e-child\" data-id=\"651a739c\" data-element_type=\"container\" data-e-type=\"container\" data-settings=\"{&quot;background_background&quot;:&quot;classic&quot;}\">\n\t\t\t\t<div class=\"elementor-element elementor-element-71dd3b98 dce_masking-none elementor-widget elementor-widget-image\" data-id=\"71dd3b98\" data-element_type=\"widget\" data-e-type=\"widget\" data-widget_type=\"image.default\">\n\t\t\t\t<div class=\"elementor-widget-container\">\n\t\t\t\t\t\t\t\t\t\t\t\t\t\t\t<img decoding=\"async\" width=\"136\" height=\"136\" src=\"https:\/\/www.chemviron.eu\/wp-content\/uploads\/2024\/01\/kuraray_pictogram_user-negative-1-1.png\" class=\"attachment-large size-large wp-image-2607\" alt=\"\" \/>\t\t\t\t\t\t\t\t\t\t\t\t\t\t\t<\/div>\n\t\t\t\t<\/div>\n\t\t\t\t<\/div>\n\t\t<div data-dce-background-color=\"#FFF4DA\" class=\"elementor-element elementor-element-7d522980 e-con-full e-flex e-con e-child\" data-id=\"7d522980\" data-element_type=\"container\" data-e-type=\"container\" data-settings=\"{&quot;background_background&quot;:&quot;classic&quot;}\">\n\t\t\t\t<div class=\"elementor-element elementor-element-3498e4ba elementor-widget elementor-widget-heading\" data-id=\"3498e4ba\" data-element_type=\"widget\" data-e-type=\"widget\" data-widget_type=\"heading.default\">\n\t\t\t\t<div class=\"elementor-widget-container\">\n\t\t\t\t\t<h4 class=\"elementor-heading-title elementor-size-default\">Contactez notre \u00e9quipe technique pour plus d'informations.<\/h4>\t\t\t\t<\/div>\n\t\t\t\t<\/div>\n\t\t\t\t<div class=\"elementor-element elementor-element-919d820 elementor-widget elementor-widget-button\" data-id=\"919d820\" data-element_type=\"widget\" data-e-type=\"widget\" data-widget_type=\"button.default\">\n\t\t\t\t<div class=\"elementor-widget-container\">\n\t\t\t\t\t\t\t\t\t<div class=\"elementor-button-wrapper\">\n\t\t\t\t\t<a class=\"elementor-button elementor-button-link elementor-size-sm\" href=\"https:\/\/www.chemviron.eu\/fr\/contact\/\">\n\t\t\t\t\t\t<span class=\"elementor-button-content-wrapper\">\n\t\t\t\t\t\t\t\t\t<span class=\"elementor-button-text\">Contactez-nous<\/span>\n\t\t\t\t\t<\/span>\n\t\t\t\t\t<\/a>\n\t\t\t\t<\/div>\n\t\t\t\t\t\t\t\t<\/div>\n\t\t\t\t<\/div>\n\t\t\t\t<\/div>\n\t\t\t\t\t<\/div>\n\t\t\t\t<\/div>\n\t\t\t\t<\/div>\n\t\t","protected":false},"excerpt":{"rendered":"<p>Biogaz et biom\u00e9thane Notre service de filtres \u00e0 charbon mobiles sur mesure CYCLEVENT MACH, associ\u00e9 \u00e0 nos charbons europ\u00e9ens sp\u00e9cialis\u00e9s dans l\u2019\u00e9limination du H2S, offrent une solution de traitement facile et rentable pour la valorisation du biogaz et du biom\u00e9thane. Pour que le biogaz devienne une source d&#8217;\u00e9nergie renouvelable efficace, il doit d&#8217;abord \u00eatre trait\u00e9 [&hellip;]<\/p>\n","protected":false},"author":1,"featured_media":13744,"parent":6336,"menu_order":0,"comment_status":"closed","ping_status":"closed","template":"elementor_header_footer","meta":{"_acf_changed":false,"inline_featured_image":false,"footnotes":""},"class_list":["post-5690","page","type-page","status-publish","has-post-thumbnail","hentry"],"acf":[],"yoast_head":"<!-- This site is optimized with the Yoast SEO plugin v27.3 - https:\/\/yoast.com\/product\/yoast-seo-wordpress\/ -->\n<title>Biogaz et Biom\u00e9thane<\/title>\n<meta name=\"description\" content=\"Une solution rentable et flexible pour \u00e9liminer le H\u2082S, les COV, les siloxanes et autres impuret\u00e9s des flux de biogaz et de biom\u00e9thane.\" \/>\n<meta name=\"robots\" content=\"index, follow, max-snippet:-1, max-image-preview:large, max-video-preview:-1\" \/>\n<link rel=\"canonical\" href=\"https:\/\/www.chemviron.eu\/fr\/applications\/biogaz-et-biomethane\/\" \/>\n<meta property=\"og:locale\" content=\"fr_FR\" \/>\n<meta property=\"og:type\" content=\"article\" \/>\n<meta property=\"og:title\" content=\"Biogaz et Biom\u00e9thane\" \/>\n<meta property=\"og:description\" content=\"Une solution rentable et flexible pour \u00e9liminer le H\u2082S, les COV, les siloxanes et autres impuret\u00e9s des flux de biogaz et de biom\u00e9thane.\" \/>\n<meta property=\"og:url\" content=\"https:\/\/www.chemviron.eu\/fr\/applications\/biogaz-et-biomethane\/\" \/>\n<meta property=\"og:site_name\" content=\"Chemviron\" \/>\n<meta property=\"article:modified_time\" content=\"2026-04-13T08:30:21+00:00\" \/>\n<meta property=\"og:image\" content=\"https:\/\/www.chemviron.eu\/wp-content\/uploads\/2026\/02\/Biogas-scaled.jpeg\" \/>\n\t<meta property=\"og:image:width\" content=\"2560\" \/>\n\t<meta property=\"og:image:height\" content=\"1920\" \/>\n\t<meta property=\"og:image:type\" content=\"image\/jpeg\" \/>\n<meta name=\"twitter:card\" content=\"summary_large_image\" \/>\n<meta name=\"twitter:label1\" content=\"Dur\u00e9e de lecture estim\u00e9e\" \/>\n\t<meta name=\"twitter:data1\" content=\"3 minutes\" \/>\n<script type=\"application\/ld+json\" class=\"yoast-schema-graph\">{\"@context\":\"https:\\\/\\\/schema.org\",\"@graph\":[{\"@type\":\"WebPage\",\"@id\":\"https:\\\/\\\/www.chemviron.eu\\\/fr\\\/applications\\\/biogaz-et-biomethane\\\/\",\"url\":\"https:\\\/\\\/www.chemviron.eu\\\/fr\\\/applications\\\/biogaz-et-biomethane\\\/\",\"name\":\"Biogaz et Biom\u00e9thane\",\"isPartOf\":{\"@id\":\"https:\\\/\\\/www.chemviron.eu\\\/fr\\\/#website\"},\"primaryImageOfPage\":{\"@id\":\"https:\\\/\\\/www.chemviron.eu\\\/fr\\\/applications\\\/biogaz-et-biomethane\\\/#primaryimage\"},\"image\":{\"@id\":\"https:\\\/\\\/www.chemviron.eu\\\/fr\\\/applications\\\/biogaz-et-biomethane\\\/#primaryimage\"},\"thumbnailUrl\":\"https:\\\/\\\/www.chemviron.eu\\\/wp-content\\\/uploads\\\/2026\\\/02\\\/Biogas-scaled.jpeg\",\"datePublished\":\"2023-12-06T12:33:09+00:00\",\"dateModified\":\"2026-04-13T08:30:21+00:00\",\"description\":\"Une solution rentable et flexible pour \u00e9liminer le H\u2082S, les COV, les siloxanes et autres impuret\u00e9s des flux de biogaz et de biom\u00e9thane.\",\"breadcrumb\":{\"@id\":\"https:\\\/\\\/www.chemviron.eu\\\/fr\\\/applications\\\/biogaz-et-biomethane\\\/#breadcrumb\"},\"inLanguage\":\"fr-FR\",\"potentialAction\":[{\"@type\":\"ReadAction\",\"target\":[\"https:\\\/\\\/www.chemviron.eu\\\/fr\\\/applications\\\/biogaz-et-biomethane\\\/\"]}]},{\"@type\":\"ImageObject\",\"inLanguage\":\"fr-FR\",\"@id\":\"https:\\\/\\\/www.chemviron.eu\\\/fr\\\/applications\\\/biogaz-et-biomethane\\\/#primaryimage\",\"url\":\"https:\\\/\\\/www.chemviron.eu\\\/wp-content\\\/uploads\\\/2026\\\/02\\\/Biogas-scaled.jpeg\",\"contentUrl\":\"https:\\\/\\\/www.chemviron.eu\\\/wp-content\\\/uploads\\\/2026\\\/02\\\/Biogas-scaled.jpeg\",\"width\":2560,\"height\":1920,\"caption\":\"Biogasanlage in Deutschland mit Getreidefeld\"},{\"@type\":\"BreadcrumbList\",\"@id\":\"https:\\\/\\\/www.chemviron.eu\\\/fr\\\/applications\\\/biogaz-et-biomethane\\\/#breadcrumb\",\"itemListElement\":[{\"@type\":\"ListItem\",\"position\":1,\"name\":\"Home\",\"item\":\"https:\\\/\\\/www.chemviron.eu\\\/fr\\\/\"},{\"@type\":\"ListItem\",\"position\":2,\"name\":\"Applications\",\"item\":\"https:\\\/\\\/www.chemviron.eu\\\/fr\\\/applications\\\/\"},{\"@type\":\"ListItem\",\"position\":3,\"name\":\"Biogaz et biom\u00e9thane\"}]},{\"@type\":\"WebSite\",\"@id\":\"https:\\\/\\\/www.chemviron.eu\\\/fr\\\/#website\",\"url\":\"https:\\\/\\\/www.chemviron.eu\\\/fr\\\/\",\"name\":\"Chemviron\",\"description\":\"The Purification Solutions Provider\",\"publisher\":{\"@id\":\"https:\\\/\\\/www.chemviron.eu\\\/fr\\\/#organization\"},\"potentialAction\":[{\"@type\":\"SearchAction\",\"target\":{\"@type\":\"EntryPoint\",\"urlTemplate\":\"https:\\\/\\\/www.chemviron.eu\\\/fr\\\/?s={search_term_string}\"},\"query-input\":{\"@type\":\"PropertyValueSpecification\",\"valueRequired\":true,\"valueName\":\"search_term_string\"}}],\"inLanguage\":\"fr-FR\"},{\"@type\":\"Organization\",\"@id\":\"https:\\\/\\\/www.chemviron.eu\\\/fr\\\/#organization\",\"name\":\"Chemviron\",\"url\":\"https:\\\/\\\/www.chemviron.eu\\\/fr\\\/\",\"logo\":{\"@type\":\"ImageObject\",\"inLanguage\":\"fr-FR\",\"@id\":\"https:\\\/\\\/www.chemviron.eu\\\/fr\\\/#\\\/schema\\\/logo\\\/image\\\/\",\"url\":\"https:\\\/\\\/www.chemviron.eu\\\/wp-content\\\/uploads\\\/2023\\\/12\\\/Chemviron-logo.jpg\",\"contentUrl\":\"https:\\\/\\\/www.chemviron.eu\\\/wp-content\\\/uploads\\\/2023\\\/12\\\/Chemviron-logo.jpg\",\"width\":1667,\"height\":833,\"caption\":\"Chemviron\"},\"image\":{\"@id\":\"https:\\\/\\\/www.chemviron.eu\\\/fr\\\/#\\\/schema\\\/logo\\\/image\\\/\"},\"sameAs\":[\"https:\\\/\\\/www.linkedin.com\\\/company\\\/chemviron\\\/\"]}]}<\/script>\n<!-- \/ Yoast SEO plugin. -->","yoast_head_json":{"title":"Biogaz et Biom\u00e9thane","description":"Une solution rentable et flexible pour \u00e9liminer le H\u2082S, les COV, les siloxanes et autres impuret\u00e9s des flux de biogaz et de biom\u00e9thane.","robots":{"index":"index","follow":"follow","max-snippet":"max-snippet:-1","max-image-preview":"max-image-preview:large","max-video-preview":"max-video-preview:-1"},"canonical":"https:\/\/www.chemviron.eu\/fr\/applications\/biogaz-et-biomethane\/","og_locale":"fr_FR","og_type":"article","og_title":"Biogaz et Biom\u00e9thane","og_description":"Une solution rentable et flexible pour \u00e9liminer le H\u2082S, les COV, les siloxanes et autres impuret\u00e9s des flux de biogaz et de biom\u00e9thane.","og_url":"https:\/\/www.chemviron.eu\/fr\/applications\/biogaz-et-biomethane\/","og_site_name":"Chemviron","article_modified_time":"2026-04-13T08:30:21+00:00","og_image":[{"width":2560,"height":1920,"url":"https:\/\/www.chemviron.eu\/wp-content\/uploads\/2026\/02\/Biogas-scaled.jpeg","type":"image\/jpeg"}],"twitter_card":"summary_large_image","twitter_misc":{"Dur\u00e9e de lecture estim\u00e9e":"3 minutes"},"schema":{"@context":"https:\/\/schema.org","@graph":[{"@type":"WebPage","@id":"https:\/\/www.chemviron.eu\/fr\/applications\/biogaz-et-biomethane\/","url":"https:\/\/www.chemviron.eu\/fr\/applications\/biogaz-et-biomethane\/","name":"Biogaz et Biom\u00e9thane","isPartOf":{"@id":"https:\/\/www.chemviron.eu\/fr\/#website"},"primaryImageOfPage":{"@id":"https:\/\/www.chemviron.eu\/fr\/applications\/biogaz-et-biomethane\/#primaryimage"},"image":{"@id":"https:\/\/www.chemviron.eu\/fr\/applications\/biogaz-et-biomethane\/#primaryimage"},"thumbnailUrl":"https:\/\/www.chemviron.eu\/wp-content\/uploads\/2026\/02\/Biogas-scaled.jpeg","datePublished":"2023-12-06T12:33:09+00:00","dateModified":"2026-04-13T08:30:21+00:00","description":"Une solution rentable et flexible pour \u00e9liminer le H\u2082S, les COV, les siloxanes et autres impuret\u00e9s des flux de biogaz et de biom\u00e9thane.","breadcrumb":{"@id":"https:\/\/www.chemviron.eu\/fr\/applications\/biogaz-et-biomethane\/#breadcrumb"},"inLanguage":"fr-FR","potentialAction":[{"@type":"ReadAction","target":["https:\/\/www.chemviron.eu\/fr\/applications\/biogaz-et-biomethane\/"]}]},{"@type":"ImageObject","inLanguage":"fr-FR","@id":"https:\/\/www.chemviron.eu\/fr\/applications\/biogaz-et-biomethane\/#primaryimage","url":"https:\/\/www.chemviron.eu\/wp-content\/uploads\/2026\/02\/Biogas-scaled.jpeg","contentUrl":"https:\/\/www.chemviron.eu\/wp-content\/uploads\/2026\/02\/Biogas-scaled.jpeg","width":2560,"height":1920,"caption":"Biogasanlage in Deutschland mit Getreidefeld"},{"@type":"BreadcrumbList","@id":"https:\/\/www.chemviron.eu\/fr\/applications\/biogaz-et-biomethane\/#breadcrumb","itemListElement":[{"@type":"ListItem","position":1,"name":"Home","item":"https:\/\/www.chemviron.eu\/fr\/"},{"@type":"ListItem","position":2,"name":"Applications","item":"https:\/\/www.chemviron.eu\/fr\/applications\/"},{"@type":"ListItem","position":3,"name":"Biogaz et biom\u00e9thane"}]},{"@type":"WebSite","@id":"https:\/\/www.chemviron.eu\/fr\/#website","url":"https:\/\/www.chemviron.eu\/fr\/","name":"Chemviron","description":"The Purification Solutions Provider","publisher":{"@id":"https:\/\/www.chemviron.eu\/fr\/#organization"},"potentialAction":[{"@type":"SearchAction","target":{"@type":"EntryPoint","urlTemplate":"https:\/\/www.chemviron.eu\/fr\/?s={search_term_string}"},"query-input":{"@type":"PropertyValueSpecification","valueRequired":true,"valueName":"search_term_string"}}],"inLanguage":"fr-FR"},{"@type":"Organization","@id":"https:\/\/www.chemviron.eu\/fr\/#organization","name":"Chemviron","url":"https:\/\/www.chemviron.eu\/fr\/","logo":{"@type":"ImageObject","inLanguage":"fr-FR","@id":"https:\/\/www.chemviron.eu\/fr\/#\/schema\/logo\/image\/","url":"https:\/\/www.chemviron.eu\/wp-content\/uploads\/2023\/12\/Chemviron-logo.jpg","contentUrl":"https:\/\/www.chemviron.eu\/wp-content\/uploads\/2023\/12\/Chemviron-logo.jpg","width":1667,"height":833,"caption":"Chemviron"},"image":{"@id":"https:\/\/www.chemviron.eu\/fr\/#\/schema\/logo\/image\/"},"sameAs":["https:\/\/www.linkedin.com\/company\/chemviron\/"]}]}},"_links":{"self":[{"href":"https:\/\/www.chemviron.eu\/fr\/wp-json\/wp\/v2\/pages\/5690","targetHints":{"allow":["GET"]}}],"collection":[{"href":"https:\/\/www.chemviron.eu\/fr\/wp-json\/wp\/v2\/pages"}],"about":[{"href":"https:\/\/www.chemviron.eu\/fr\/wp-json\/wp\/v2\/types\/page"}],"author":[{"embeddable":true,"href":"https:\/\/www.chemviron.eu\/fr\/wp-json\/wp\/v2\/users\/1"}],"replies":[{"embeddable":true,"href":"https:\/\/www.chemviron.eu\/fr\/wp-json\/wp\/v2\/comments?post=5690"}],"version-history":[{"count":5,"href":"https:\/\/www.chemviron.eu\/fr\/wp-json\/wp\/v2\/pages\/5690\/revisions"}],"predecessor-version":[{"id":15326,"href":"https:\/\/www.chemviron.eu\/fr\/wp-json\/wp\/v2\/pages\/5690\/revisions\/15326"}],"up":[{"embeddable":true,"href":"https:\/\/www.chemviron.eu\/fr\/wp-json\/wp\/v2\/pages\/6336"}],"wp:featuredmedia":[{"embeddable":true,"href":"https:\/\/www.chemviron.eu\/fr\/wp-json\/wp\/v2\/media\/13744"}],"wp:attachment":[{"href":"https:\/\/www.chemviron.eu\/fr\/wp-json\/wp\/v2\/media?parent=5690"}],"curies":[{"name":"wp","href":"https:\/\/api.w.org\/{rel}","templated":true}]}}