{"id":5652,"date":"2023-12-06T12:32:31","date_gmt":"2023-12-06T12:32:31","guid":{"rendered":"https:\/\/www.chemviron.eu\/applications\/remediation\/"},"modified":"2026-04-08T08:47:42","modified_gmt":"2026-04-08T08:47:42","slug":"depollution-des-sols","status":"publish","type":"page","link":"https:\/\/www.chemviron.eu\/fr\/applications\/depollution-des-sols\/","title":{"rendered":"D\u00e9pollution des sols"},"content":{"rendered":"\t\t<div data-elementor-type=\"wp-page\" data-elementor-id=\"5652\" class=\"elementor elementor-5652 elementor-627\" data-elementor-post-type=\"page\">\n\t\t\t\t<div class=\"elementor-element elementor-element-62c1d522 e-flex e-con-boxed e-con e-parent\" data-id=\"62c1d522\" data-element_type=\"container\" data-e-type=\"container\">\n\t\t\t\t\t<div class=\"e-con-inner\">\n\t\t<div class=\"elementor-element elementor-element-2c79ba97 e-con-full e-flex e-con e-child\" data-id=\"2c79ba97\" data-element_type=\"container\" data-e-type=\"container\">\n\t\t\t\t<div class=\"elementor-element elementor-element-6b651464 elementor-invisible elementor-widget elementor-widget-heading\" data-id=\"6b651464\" data-element_type=\"widget\" data-e-type=\"widget\" data-settings=\"{&quot;_animation&quot;:&quot;fadeIn&quot;}\" data-widget_type=\"heading.default\">\n\t\t\t\t<div class=\"elementor-widget-container\">\n\t\t\t\t\t<h1 class=\"elementor-heading-title elementor-size-default\">D\u00e9pollution des sols<\/h1>\t\t\t\t<\/div>\n\t\t\t\t<\/div>\n\t\t\t\t<div class=\"elementor-element elementor-element-4db961bb elementor-invisible elementor-widget elementor-widget-heading\" data-id=\"4db961bb\" data-element_type=\"widget\" data-e-type=\"widget\" data-settings=\"{&quot;_animation&quot;:&quot;fadeIn&quot;,&quot;_animation_delay&quot;:400}\" data-widget_type=\"heading.default\">\n\t\t\t\t<div class=\"elementor-widget-container\">\n\t\t\t\t\t<h2 class=\"elementor-heading-title elementor-size-default\">Chemviron offre un service complet de purification pour l'adsorption des contaminants nocifs \u00e0 l'aide de notre service d\u2019\u00e9quipements mobiles, de la technologie du charbon actif et du recyclage du charbon actif satur\u00e9.<\/h2>\t\t\t\t<\/div>\n\t\t\t\t<\/div>\n\t\t\t\t<\/div>\n\t\t<div data-dce-background-image-url=\"https:\/\/www.chemviron.eu\/wp-content\/uploads\/2026\/02\/Remediation-1-scaled.jpeg\" class=\"elementor-element elementor-element-3d898c1 e-con-full e-flex e-con e-child\" data-id=\"3d898c1\" data-element_type=\"container\" data-e-type=\"container\" data-settings=\"{&quot;background_background&quot;:&quot;classic&quot;}\">\n\t\t\t\t<\/div>\n\t\t\t\t\t<\/div>\n\t\t\t\t<\/div>\n\t\t<div data-dce-background-overlay-image-url=\"https:\/\/www.chemviron.eu\/wp-content\/uploads\/2024\/01\/kuraray_circle_grid_landscape_rgb.svg\" class=\"elementor-element elementor-element-675507ea e-flex e-con-boxed e-con e-parent\" data-id=\"675507ea\" data-element_type=\"container\" data-e-type=\"container\">\n\t\t\t\t\t<div class=\"e-con-inner\">\n\t\t<div class=\"elementor-element elementor-element-73caab6d e-con-full e-flex e-con e-child\" data-id=\"73caab6d\" data-element_type=\"container\" data-e-type=\"container\">\n\t\t\t\t<div class=\"elementor-element elementor-element-1182103a elementor-widget-mobile__width-inherit elementor-widget elementor-widget-text-editor\" data-id=\"1182103a\" data-element_type=\"widget\" data-e-type=\"widget\" data-widget_type=\"text-editor.default\">\n\t\t\t\t<div class=\"elementor-widget-container\">\n\t\t\t\t\t\t\t\t\t<p>La protection de l&#8217;environnement, ainsi que le maintien de la propret\u00e9 et de la s\u00e9curit\u00e9 de l&#8217;eau, sont essentielles pour prot\u00e9ger la sant\u00e9 publique et assurer l&#8217;avenir de notre plan\u00e8te. Chemviron offre une gamme de solutions et travaille en \u00e9troite collaboration avec ses clients pour r\u00e9duire l&#8217;impact environnemental des activit\u00e9s humaines sur nos pr\u00e9cieuses ressources en eau.<\/p>\t\t\t\t\t\t\t\t<\/div>\n\t\t\t\t<\/div>\n\t\t\t\t<div class=\"elementor-element elementor-element-4f63fc6 elementor-widget elementor-widget-heading\" data-id=\"4f63fc6\" data-element_type=\"widget\" data-e-type=\"widget\" data-widget_type=\"heading.default\">\n\t\t\t\t<div class=\"elementor-widget-container\">\n\t\t\t\t\t<h3 class=\"elementor-heading-title elementor-size-default\">La d\u00e9pollution des sols par charbon actif<\/h3>\t\t\t\t<\/div>\n\t\t\t\t<\/div>\n\t\t\t\t<div class=\"elementor-element elementor-element-354f51ab elementor-widget-mobile__width-inherit elementor-widget elementor-widget-text-editor\" data-id=\"354f51ab\" data-element_type=\"widget\" data-e-type=\"widget\" data-widget_type=\"text-editor.default\">\n\t\t\t\t<div class=\"elementor-widget-container\">\n\t\t\t\t\t\t\t\t\t<p>Les sols pollu\u00e9s par d\u2019anciennes activit\u00e9s industrielles, des r\u00e9servoirs de stockage souterrains ou des d\u00e9versements accidentels peuvent contenir des produits chimiques organiques non biod\u00e9gradables tels que des PFAS, des pesticides et d\u2019autres contaminants nocifs qui suscitent de nouvelles inqui\u00e9tudes et peuvent avoir un impact significative sur l\u2019environnement.<\/p><p>L&#8217;assainissement de ces sites contamin\u00e9s peut engendrer des <a href=\"https:\/\/www.chemviron.eu\/fr\/applications\/epuration-des-eaux-usees\/\">eaux us\u00e9es pollu\u00e9es<\/a> et des contaminants dangereux dans l\u2019air, produits par l\u2019extraction des vapeurs du sol, la ventilation du sol ou le strippage \u00e0 l\u2019air.<\/p><p>L&#8217;adsorption sur charbon actif est une solution tr\u00e8s efficace pour \u00e9liminer ces contaminants nocifs de l&#8217;eau ou capturer les polluants organiques pr\u00e9sents dans l&#8217;air, emp\u00eachant ainsi leur rejet dans l&#8217;environnement.<\/p><p>La technologie de charbon actif d\u00e9velopp\u00e9e par Chemviron simplifie et s\u00e9curise la d\u00e9pollution des sols, offrant une solution de purification performante depuis de nombreuses ann\u00e9es.<\/p><p><a href=\"https:\/\/www.chemviron.eu\/fr\/contact\/\">Contactez notre service technique pour discuter des solutions de traitement possibles.<\/a><\/p>\t\t\t\t\t\t\t\t<\/div>\n\t\t\t\t<\/div>\n\t\t\t\t<div class=\"elementor-element elementor-element-663264b elementor-widget elementor-widget-heading\" data-id=\"663264b\" data-element_type=\"widget\" data-e-type=\"widget\" data-widget_type=\"heading.default\">\n\t\t\t\t<div class=\"elementor-widget-container\">\n\t\t\t\t\t<h4 class=\"elementor-heading-title elementor-size-default\">Pourquoi choisir Chemviron comme partenaire ?<\/h4>\t\t\t\t<\/div>\n\t\t\t\t<\/div>\n\t\t\t\t<div class=\"elementor-element elementor-element-5aaa4d3 elementor-widget-mobile__width-inherit elementor-widget elementor-widget-text-editor\" data-id=\"5aaa4d3\" data-element_type=\"widget\" data-e-type=\"widget\" data-widget_type=\"text-editor.default\">\n\t\t\t\t<div class=\"elementor-widget-container\">\n\t\t\t\t\t\t\t\t\t<p>Depuis les premiers \u00e9quipements mont\u00e9s sur skid, en passant par les unit\u00e9s standard en conteneurs, jusqu&#8217;\u00e0 l&#8217;actuel <a href=\"https:\/\/www.chemviron.eu\/fr\/solutions-de-purification\/filtres-mobiles-a-charbon-actif\/\">service de filtres \u00e0 charbon mobiles sur mesure<\/a>, Chemviron a gagn\u00e9 l&#8217;expertise n\u00e9cessaire pour comprendre et r\u00e9pondre aux attentes de ses clients.<\/p><p>Gr\u00e2ce \u00e0 son expertise approfondie et \u00e0 une compr\u00e9hension pr\u00e9cise des besoins de ses clients, Chemviron offre un service complet de purification et de recyclage (r\u00e9activation), aidant ainsi les installations d\u2019exploitation \u00e0 se conformer aux r\u00e9glementations strictes en mati\u00e8re de rejets atmosph\u00e9riques et d\u2019\u00e9vacuation des eaux.<\/p><p>Chemviron offre une gamme compl\u00e8te de solutions d\u2019assainissement et de purification, qui inclut :<\/p><ul><li>Des conseils techniques et une assistance pour le choix du charbon actif et de la solution de service appropri\u00e9s \u00e0 l&#8217;application \u2013 contactez un repr\u00e9sentant pour en savoir plus.<\/li><li>Notre service de filtres \u00e0 charbon mobiles pour la purification de l\u2019air et de l\u2019eau qui comprend une vaste gamme d\u2019adsorbeurs mobiles <a href=\"https:\/\/www.chemviron.eu\/fr\/solutions-de-purification\/filtres-mobiles-a-charbon-actif\/purification-de-l-air\/\">CYCLEVENT\u00ae<\/a> &amp; <a href=\"https:\/\/www.chemviron.eu\/fr\/solutions-de-purification\/filtres-mobiles-a-charbon-actif\/purification-eau-et-liquides\/\">CYCLESORB\u00ae<\/a>, disponibles \u00e0 la location, livr\u00e9s rapidement et facilement install\u00e9s sur site pour une utilisation imm\u00e9diate.<\/li><\/ul><ul><li>Nous fournissons du charbon actif de haute qualit\u00e9, s\u00e9lectionn\u00e9 sp\u00e9cifiquement pour chaque application et pr\u00e9install\u00e9 dans nos filtres mobiles. En tant que plus grand producteur mondial de charbons actifs, nous garantissons des solutions fiables et adapt\u00e9es \u00e0 vos besoins.<\/li><li>Le remplacement du filtre \u00e0 charbon usag\u00e9 par une unit\u00e9 neuve, \u00e9liminant ainsi de manipuler du charbon usag\u00e9 sur place.<\/li><li>Dans la plupart des cas, ce charbon peut \u00eatre renvoy\u00e9 dans nos centres de recyclage pour \u00eatre r\u00e9activ\u00e9 et r\u00e9utilis\u00e9.\u00a0<\/li><\/ul>\t\t\t\t\t\t\t\t<\/div>\n\t\t\t\t<\/div>\n\t\t\t\t<div class=\"elementor-element elementor-element-a61cd1c elementor-widget elementor-widget-heading\" data-id=\"a61cd1c\" data-element_type=\"widget\" data-e-type=\"widget\" data-widget_type=\"heading.default\">\n\t\t\t\t<div class=\"elementor-widget-container\">\n\t\t\t\t\t<h4 class=\"elementor-heading-title elementor-size-default\">Chemviron en mati\u00e8re de d\u00e9veloppement durable<\/h4>\t\t\t\t<\/div>\n\t\t\t\t<\/div>\n\t\t\t\t<div class=\"elementor-element elementor-element-b296e66 elementor-widget-mobile__width-inherit elementor-widget elementor-widget-text-editor\" data-id=\"b296e66\" data-element_type=\"widget\" data-e-type=\"widget\" data-widget_type=\"text-editor.default\">\n\t\t\t\t<div class=\"elementor-widget-container\">\n\t\t\t\t\t\t\t\t\t<p>Chemviron est le plus grand recycleur (ou r\u00e9activateur) de charbons actifs au monde, avec des installations d\u00e9di\u00e9es \u00e0 la <a href=\"https:\/\/www.chemviron.eu\/fr\/solutions-de-purification\/reactivation-du-charbon-actif\/\">r\u00e9activation des charbons<\/a> potables\/alimentaires \u00e0 travers l\u2019Europe. L\u2019engagement continu de l\u2019entreprise \u00e0 d\u00e9velopper ses capacit\u00e9s de r\u00e9activation a permis \u00e0 Chemviron de mettre au point des proc\u00e9d\u00e9s innovants pour recycler les charbons actifs, contribuant ainsi \u00e0 r\u00e9duire notre empreinte carbone.<\/p><p>Fort de son expertise approfondie en la mati\u00e8re, Chemviron a d\u00e9velopp\u00e9 des fours sp\u00e9cifiques pour la r\u00e9activation o\u00f9 le charbon est recycl\u00e9 thermiquement. Ces fours permettent un contr\u00f4le optimal des op\u00e9rations afin de garantir la destruction des contaminants adsorb\u00e9s et de permettre de r\u00e9employer le charbon satur\u00e9.<\/p><p>En alliant r\u00e9activation et charbons actifs hautement performants, Chemviron offre \u00e0 ses clients une solution de purification de l\u2019eau ou de l\u2019air \u00e0 la fois rentable et durable.<\/p>\t\t\t\t\t\t\t\t<\/div>\n\t\t\t\t<\/div>\n\t\t\t\t<\/div>\n\t\t\t\t\t<\/div>\n\t\t\t\t<\/div>\n\t\t<div class=\"elementor-element elementor-element-7182e25e e-flex e-con-boxed elementor-invisible e-con e-parent\" data-id=\"7182e25e\" data-element_type=\"container\" data-e-type=\"container\" data-settings=\"{&quot;animation&quot;:&quot;fadeInUp&quot;}\">\n\t\t\t\t\t<div class=\"e-con-inner\">\n\t\t<div data-dce-background-color=\"#FFF4DA\" class=\"elementor-element elementor-element-11de5781 e-con-full e-flex e-con e-child\" data-id=\"11de5781\" data-element_type=\"container\" data-e-type=\"container\" data-settings=\"{&quot;background_background&quot;:&quot;classic&quot;}\">\n\t\t\t\t<div class=\"elementor-element elementor-element-7ec17212 dce_masking-none elementor-widget elementor-widget-image\" data-id=\"7ec17212\" data-element_type=\"widget\" data-e-type=\"widget\" data-widget_type=\"image.default\">\n\t\t\t\t<div class=\"elementor-widget-container\">\n\t\t\t\t\t\t\t\t\t\t\t\t\t\t\t<img decoding=\"async\" width=\"136\" height=\"136\" src=\"https:\/\/www.chemviron.eu\/wp-content\/uploads\/2024\/01\/kuraray_pictogram_user-negative-1-1.png\" class=\"attachment-large size-large wp-image-2607\" alt=\"\" \/>\t\t\t\t\t\t\t\t\t\t\t\t\t\t\t<\/div>\n\t\t\t\t<\/div>\n\t\t\t\t<\/div>\n\t\t<div data-dce-background-color=\"#FFF4DA\" class=\"elementor-element elementor-element-c35a40e e-con-full e-flex e-con e-child\" data-id=\"c35a40e\" data-element_type=\"container\" data-e-type=\"container\" data-settings=\"{&quot;background_background&quot;:&quot;classic&quot;}\">\n\t\t\t\t<div class=\"elementor-element elementor-element-325a2e2 elementor-widget elementor-widget-heading\" data-id=\"325a2e2\" data-element_type=\"widget\" data-e-type=\"widget\" data-widget_type=\"heading.default\">\n\t\t\t\t<div class=\"elementor-widget-container\">\n\t\t\t\t\t<h4 class=\"elementor-heading-title elementor-size-default\">Contactez notre \u00e9quipe technique pour plus d'informations.<\/h4>\t\t\t\t<\/div>\n\t\t\t\t<\/div>\n\t\t\t\t<div class=\"elementor-element elementor-element-7d82a262 elementor-widget elementor-widget-button\" data-id=\"7d82a262\" data-element_type=\"widget\" data-e-type=\"widget\" data-widget_type=\"button.default\">\n\t\t\t\t<div class=\"elementor-widget-container\">\n\t\t\t\t\t\t\t\t\t<div class=\"elementor-button-wrapper\">\n\t\t\t\t\t<a class=\"elementor-button elementor-button-link elementor-size-sm\" href=\"https:\/\/www.chemviron.eu\/fr\/contact\/\">\n\t\t\t\t\t\t<span class=\"elementor-button-content-wrapper\">\n\t\t\t\t\t\t\t\t\t<span class=\"elementor-button-text\">Contactez-nous<\/span>\n\t\t\t\t\t<\/span>\n\t\t\t\t\t<\/a>\n\t\t\t\t<\/div>\n\t\t\t\t\t\t\t\t<\/div>\n\t\t\t\t<\/div>\n\t\t\t\t<\/div>\n\t\t\t\t\t<\/div>\n\t\t\t\t<\/div>\n\t\t\t\t<\/div>\n\t\t","protected":false},"excerpt":{"rendered":"<p>D\u00e9pollution des sols Chemviron offre un service complet de purification pour l&#8217;adsorption des contaminants nocifs \u00e0 l&#8217;aide de notre service d\u2019\u00e9quipements mobiles, de la technologie du charbon actif et du recyclage du charbon actif satur\u00e9. La protection de l&#8217;environnement, ainsi que le maintien de la propret\u00e9 et de la s\u00e9curit\u00e9 de l&#8217;eau, sont essentielles pour [&hellip;]<\/p>\n","protected":false},"author":1,"featured_media":13729,"parent":6336,"menu_order":0,"comment_status":"closed","ping_status":"closed","template":"elementor_header_footer","meta":{"_acf_changed":false,"inline_featured_image":false,"footnotes":""},"class_list":["post-5652","page","type-page","status-publish","has-post-thumbnail","hentry"],"acf":[],"yoast_head":"<!-- This site is optimized with the Yoast SEO plugin v27.3 - https:\/\/yoast.com\/product\/yoast-seo-wordpress\/ -->\n<title>D\u00e9pollution des sols<\/title>\n<meta name=\"description\" content=\"Solutions de d\u00e9pollution des sols afin d&#039;\u00e9liminer les PFAS, les pesticides et autres contaminants nocifs de l&#039;eau et de l&#039;air.\" \/>\n<meta name=\"robots\" content=\"index, follow, max-snippet:-1, max-image-preview:large, max-video-preview:-1\" \/>\n<link rel=\"canonical\" href=\"https:\/\/www.chemviron.eu\/fr\/applications\/depollution-des-sols\/\" \/>\n<meta property=\"og:locale\" content=\"fr_FR\" \/>\n<meta property=\"og:type\" content=\"article\" \/>\n<meta property=\"og:title\" content=\"D\u00e9pollution des sols\" \/>\n<meta property=\"og:description\" content=\"Solutions de d\u00e9pollution des sols afin d&#039;\u00e9liminer les PFAS, les pesticides et autres contaminants nocifs de l&#039;eau et de l&#039;air.\" \/>\n<meta property=\"og:url\" content=\"https:\/\/www.chemviron.eu\/fr\/applications\/depollution-des-sols\/\" \/>\n<meta property=\"og:site_name\" content=\"Chemviron\" \/>\n<meta property=\"article:modified_time\" content=\"2026-04-08T08:47:42+00:00\" \/>\n<meta property=\"og:image\" content=\"https:\/\/www.chemviron.eu\/wp-content\/uploads\/2026\/02\/Remediation-scaled.jpeg\" \/>\n\t<meta property=\"og:image:width\" content=\"2560\" \/>\n\t<meta property=\"og:image:height\" content=\"1706\" \/>\n\t<meta property=\"og:image:type\" content=\"image\/jpeg\" \/>\n<meta name=\"twitter:card\" content=\"summary_large_image\" \/>\n<meta name=\"twitter:label1\" content=\"Dur\u00e9e de lecture estim\u00e9e\" \/>\n\t<meta name=\"twitter:data1\" content=\"4 minutes\" \/>\n<script type=\"application\/ld+json\" class=\"yoast-schema-graph\">{\"@context\":\"https:\\\/\\\/schema.org\",\"@graph\":[{\"@type\":\"WebPage\",\"@id\":\"https:\\\/\\\/www.chemviron.eu\\\/fr\\\/applications\\\/depollution-des-sols\\\/\",\"url\":\"https:\\\/\\\/www.chemviron.eu\\\/fr\\\/applications\\\/depollution-des-sols\\\/\",\"name\":\"D\u00e9pollution des sols\",\"isPartOf\":{\"@id\":\"https:\\\/\\\/www.chemviron.eu\\\/fr\\\/#website\"},\"primaryImageOfPage\":{\"@id\":\"https:\\\/\\\/www.chemviron.eu\\\/fr\\\/applications\\\/depollution-des-sols\\\/#primaryimage\"},\"image\":{\"@id\":\"https:\\\/\\\/www.chemviron.eu\\\/fr\\\/applications\\\/depollution-des-sols\\\/#primaryimage\"},\"thumbnailUrl\":\"https:\\\/\\\/www.chemviron.eu\\\/wp-content\\\/uploads\\\/2026\\\/02\\\/Remediation-scaled.jpeg\",\"datePublished\":\"2023-12-06T12:32:31+00:00\",\"dateModified\":\"2026-04-08T08:47:42+00:00\",\"description\":\"Solutions de d\u00e9pollution des sols afin d'\u00e9liminer les PFAS, les pesticides et autres contaminants nocifs de l'eau et de l'air.\",\"breadcrumb\":{\"@id\":\"https:\\\/\\\/www.chemviron.eu\\\/fr\\\/applications\\\/depollution-des-sols\\\/#breadcrumb\"},\"inLanguage\":\"fr-FR\",\"potentialAction\":[{\"@type\":\"ReadAction\",\"target\":[\"https:\\\/\\\/www.chemviron.eu\\\/fr\\\/applications\\\/depollution-des-sols\\\/\"]}]},{\"@type\":\"ImageObject\",\"inLanguage\":\"fr-FR\",\"@id\":\"https:\\\/\\\/www.chemviron.eu\\\/fr\\\/applications\\\/depollution-des-sols\\\/#primaryimage\",\"url\":\"https:\\\/\\\/www.chemviron.eu\\\/wp-content\\\/uploads\\\/2026\\\/02\\\/Remediation-scaled.jpeg\",\"contentUrl\":\"https:\\\/\\\/www.chemviron.eu\\\/wp-content\\\/uploads\\\/2026\\\/02\\\/Remediation-scaled.jpeg\",\"width\":2560,\"height\":1706,\"caption\":\"Aerial view over heavy machinery on a building construction site\"},{\"@type\":\"BreadcrumbList\",\"@id\":\"https:\\\/\\\/www.chemviron.eu\\\/fr\\\/applications\\\/depollution-des-sols\\\/#breadcrumb\",\"itemListElement\":[{\"@type\":\"ListItem\",\"position\":1,\"name\":\"Home\",\"item\":\"https:\\\/\\\/www.chemviron.eu\\\/fr\\\/\"},{\"@type\":\"ListItem\",\"position\":2,\"name\":\"Applications\",\"item\":\"https:\\\/\\\/www.chemviron.eu\\\/fr\\\/applications\\\/\"},{\"@type\":\"ListItem\",\"position\":3,\"name\":\"D\u00e9pollution des sols\"}]},{\"@type\":\"WebSite\",\"@id\":\"https:\\\/\\\/www.chemviron.eu\\\/fr\\\/#website\",\"url\":\"https:\\\/\\\/www.chemviron.eu\\\/fr\\\/\",\"name\":\"Chemviron\",\"description\":\"The Purification Solutions Provider\",\"publisher\":{\"@id\":\"https:\\\/\\\/www.chemviron.eu\\\/fr\\\/#organization\"},\"potentialAction\":[{\"@type\":\"SearchAction\",\"target\":{\"@type\":\"EntryPoint\",\"urlTemplate\":\"https:\\\/\\\/www.chemviron.eu\\\/fr\\\/?s={search_term_string}\"},\"query-input\":{\"@type\":\"PropertyValueSpecification\",\"valueRequired\":true,\"valueName\":\"search_term_string\"}}],\"inLanguage\":\"fr-FR\"},{\"@type\":\"Organization\",\"@id\":\"https:\\\/\\\/www.chemviron.eu\\\/fr\\\/#organization\",\"name\":\"Chemviron\",\"url\":\"https:\\\/\\\/www.chemviron.eu\\\/fr\\\/\",\"logo\":{\"@type\":\"ImageObject\",\"inLanguage\":\"fr-FR\",\"@id\":\"https:\\\/\\\/www.chemviron.eu\\\/fr\\\/#\\\/schema\\\/logo\\\/image\\\/\",\"url\":\"https:\\\/\\\/www.chemviron.eu\\\/wp-content\\\/uploads\\\/2023\\\/12\\\/Chemviron-logo.jpg\",\"contentUrl\":\"https:\\\/\\\/www.chemviron.eu\\\/wp-content\\\/uploads\\\/2023\\\/12\\\/Chemviron-logo.jpg\",\"width\":1667,\"height\":833,\"caption\":\"Chemviron\"},\"image\":{\"@id\":\"https:\\\/\\\/www.chemviron.eu\\\/fr\\\/#\\\/schema\\\/logo\\\/image\\\/\"},\"sameAs\":[\"https:\\\/\\\/www.linkedin.com\\\/company\\\/chemviron\\\/\"]}]}<\/script>\n<!-- \/ Yoast SEO plugin. -->","yoast_head_json":{"title":"D\u00e9pollution des sols","description":"Solutions de d\u00e9pollution des sols afin d'\u00e9liminer les PFAS, les pesticides et autres contaminants nocifs de l'eau et de l'air.","robots":{"index":"index","follow":"follow","max-snippet":"max-snippet:-1","max-image-preview":"max-image-preview:large","max-video-preview":"max-video-preview:-1"},"canonical":"https:\/\/www.chemviron.eu\/fr\/applications\/depollution-des-sols\/","og_locale":"fr_FR","og_type":"article","og_title":"D\u00e9pollution des sols","og_description":"Solutions de d\u00e9pollution des sols afin d'\u00e9liminer les PFAS, les pesticides et autres contaminants nocifs de l'eau et de l'air.","og_url":"https:\/\/www.chemviron.eu\/fr\/applications\/depollution-des-sols\/","og_site_name":"Chemviron","article_modified_time":"2026-04-08T08:47:42+00:00","og_image":[{"width":2560,"height":1706,"url":"https:\/\/www.chemviron.eu\/wp-content\/uploads\/2026\/02\/Remediation-scaled.jpeg","type":"image\/jpeg"}],"twitter_card":"summary_large_image","twitter_misc":{"Dur\u00e9e de lecture estim\u00e9e":"4 minutes"},"schema":{"@context":"https:\/\/schema.org","@graph":[{"@type":"WebPage","@id":"https:\/\/www.chemviron.eu\/fr\/applications\/depollution-des-sols\/","url":"https:\/\/www.chemviron.eu\/fr\/applications\/depollution-des-sols\/","name":"D\u00e9pollution des sols","isPartOf":{"@id":"https:\/\/www.chemviron.eu\/fr\/#website"},"primaryImageOfPage":{"@id":"https:\/\/www.chemviron.eu\/fr\/applications\/depollution-des-sols\/#primaryimage"},"image":{"@id":"https:\/\/www.chemviron.eu\/fr\/applications\/depollution-des-sols\/#primaryimage"},"thumbnailUrl":"https:\/\/www.chemviron.eu\/wp-content\/uploads\/2026\/02\/Remediation-scaled.jpeg","datePublished":"2023-12-06T12:32:31+00:00","dateModified":"2026-04-08T08:47:42+00:00","description":"Solutions de d\u00e9pollution des sols afin d'\u00e9liminer les PFAS, les pesticides et autres contaminants nocifs de l'eau et de l'air.","breadcrumb":{"@id":"https:\/\/www.chemviron.eu\/fr\/applications\/depollution-des-sols\/#breadcrumb"},"inLanguage":"fr-FR","potentialAction":[{"@type":"ReadAction","target":["https:\/\/www.chemviron.eu\/fr\/applications\/depollution-des-sols\/"]}]},{"@type":"ImageObject","inLanguage":"fr-FR","@id":"https:\/\/www.chemviron.eu\/fr\/applications\/depollution-des-sols\/#primaryimage","url":"https:\/\/www.chemviron.eu\/wp-content\/uploads\/2026\/02\/Remediation-scaled.jpeg","contentUrl":"https:\/\/www.chemviron.eu\/wp-content\/uploads\/2026\/02\/Remediation-scaled.jpeg","width":2560,"height":1706,"caption":"Aerial view over heavy machinery on a building construction site"},{"@type":"BreadcrumbList","@id":"https:\/\/www.chemviron.eu\/fr\/applications\/depollution-des-sols\/#breadcrumb","itemListElement":[{"@type":"ListItem","position":1,"name":"Home","item":"https:\/\/www.chemviron.eu\/fr\/"},{"@type":"ListItem","position":2,"name":"Applications","item":"https:\/\/www.chemviron.eu\/fr\/applications\/"},{"@type":"ListItem","position":3,"name":"D\u00e9pollution des sols"}]},{"@type":"WebSite","@id":"https:\/\/www.chemviron.eu\/fr\/#website","url":"https:\/\/www.chemviron.eu\/fr\/","name":"Chemviron","description":"The Purification Solutions Provider","publisher":{"@id":"https:\/\/www.chemviron.eu\/fr\/#organization"},"potentialAction":[{"@type":"SearchAction","target":{"@type":"EntryPoint","urlTemplate":"https:\/\/www.chemviron.eu\/fr\/?s={search_term_string}"},"query-input":{"@type":"PropertyValueSpecification","valueRequired":true,"valueName":"search_term_string"}}],"inLanguage":"fr-FR"},{"@type":"Organization","@id":"https:\/\/www.chemviron.eu\/fr\/#organization","name":"Chemviron","url":"https:\/\/www.chemviron.eu\/fr\/","logo":{"@type":"ImageObject","inLanguage":"fr-FR","@id":"https:\/\/www.chemviron.eu\/fr\/#\/schema\/logo\/image\/","url":"https:\/\/www.chemviron.eu\/wp-content\/uploads\/2023\/12\/Chemviron-logo.jpg","contentUrl":"https:\/\/www.chemviron.eu\/wp-content\/uploads\/2023\/12\/Chemviron-logo.jpg","width":1667,"height":833,"caption":"Chemviron"},"image":{"@id":"https:\/\/www.chemviron.eu\/fr\/#\/schema\/logo\/image\/"},"sameAs":["https:\/\/www.linkedin.com\/company\/chemviron\/"]}]}},"_links":{"self":[{"href":"https:\/\/www.chemviron.eu\/fr\/wp-json\/wp\/v2\/pages\/5652","targetHints":{"allow":["GET"]}}],"collection":[{"href":"https:\/\/www.chemviron.eu\/fr\/wp-json\/wp\/v2\/pages"}],"about":[{"href":"https:\/\/www.chemviron.eu\/fr\/wp-json\/wp\/v2\/types\/page"}],"author":[{"embeddable":true,"href":"https:\/\/www.chemviron.eu\/fr\/wp-json\/wp\/v2\/users\/1"}],"replies":[{"embeddable":true,"href":"https:\/\/www.chemviron.eu\/fr\/wp-json\/wp\/v2\/comments?post=5652"}],"version-history":[{"count":5,"href":"https:\/\/www.chemviron.eu\/fr\/wp-json\/wp\/v2\/pages\/5652\/revisions"}],"predecessor-version":[{"id":15089,"href":"https:\/\/www.chemviron.eu\/fr\/wp-json\/wp\/v2\/pages\/5652\/revisions\/15089"}],"up":[{"embeddable":true,"href":"https:\/\/www.chemviron.eu\/fr\/wp-json\/wp\/v2\/pages\/6336"}],"wp:featuredmedia":[{"embeddable":true,"href":"https:\/\/www.chemviron.eu\/fr\/wp-json\/wp\/v2\/media\/13729"}],"wp:attachment":[{"href":"https:\/\/www.chemviron.eu\/fr\/wp-json\/wp\/v2\/media?parent=5652"}],"curies":[{"name":"wp","href":"https:\/\/api.w.org\/{rel}","templated":true}]}}