{"id":5528,"date":"2023-12-06T12:30:00","date_gmt":"2023-12-06T12:30:00","guid":{"rendered":"https:\/\/www.chemviron.eu\/introduction\/reach\/uk-reach-statement\/"},"modified":"2026-03-25T08:45:07","modified_gmt":"2026-03-25T08:45:07","slug":"declaration-uk-reach","status":"publish","type":"page","link":"https:\/\/www.chemviron.eu\/fr\/introduction\/reach\/declaration-uk-reach\/","title":{"rendered":"D\u00e9claration UK REACH"},"content":{"rendered":"\t\t<div data-elementor-type=\"wp-page\" data-elementor-id=\"5528\" class=\"elementor elementor-5528 elementor-617\" data-elementor-post-type=\"page\">\n\t\t\t\t<div class=\"elementor-element elementor-element-4bd9c2c5 e-con-full e-flex e-con e-parent\" data-id=\"4bd9c2c5\" data-element_type=\"container\" data-e-type=\"container\">\n\t\t<div data-dce-background-image-url=\"https:\/\/www.chemviron.eu\/wp-content\/uploads\/2026\/02\/UK-reach-high2-1-scaled.jpg\" class=\"elementor-element elementor-element-7bf57511 e-con-full e-flex e-con e-child\" data-id=\"7bf57511\" data-element_type=\"container\" data-e-type=\"container\" data-settings=\"{&quot;background_background&quot;:&quot;classic&quot;}\">\n\t\t\t\t<\/div>\n\t\t<div class=\"elementor-element elementor-element-523217ca e-con-full e-flex e-con e-child\" data-id=\"523217ca\" data-element_type=\"container\" data-e-type=\"container\">\n\t\t\t\t<div class=\"elementor-element elementor-element-379f9606 elementor-widget elementor-widget-heading\" data-id=\"379f9606\" data-element_type=\"widget\" data-e-type=\"widget\" data-widget_type=\"heading.default\">\n\t\t\t\t<div class=\"elementor-widget-container\">\n\t\t\t\t\t<h3 class=\"elementor-heading-title elementor-size-default\">Le fournisseur de solutions de purification<\/h3>\t\t\t\t<\/div>\n\t\t\t\t<\/div>\n\t\t\t\t<div class=\"elementor-element elementor-element-6b2b7a3a elementor-widget elementor-widget-heading\" data-id=\"6b2b7a3a\" data-element_type=\"widget\" data-e-type=\"widget\" data-widget_type=\"heading.default\">\n\t\t\t\t<div class=\"elementor-widget-container\">\n\t\t\t\t\t<h1 class=\"elementor-heading-title elementor-size-default\">D\u00e9claration UK REACH<\/h1>\t\t\t\t<\/div>\n\t\t\t\t<\/div>\n\t\t\t\t<div class=\"elementor-element elementor-element-2bace7d9 elementor-hidden-tablet elementor-hidden-mobile elementor-widget elementor-widget-button\" data-id=\"2bace7d9\" data-element_type=\"widget\" data-e-type=\"widget\" data-widget_type=\"button.default\">\n\t\t\t\t<div class=\"elementor-widget-container\">\n\t\t\t\t\t\t\t\t\t<div class=\"elementor-button-wrapper\">\n\t\t\t\t\t<a class=\"elementor-button elementor-button-link elementor-size-sm\" href=\"#Content\">\n\t\t\t\t\t\t<span class=\"elementor-button-content-wrapper\">\n\t\t\t\t\t\t<span class=\"elementor-button-icon\">\n\t\t\t\t<svg aria-hidden=\"true\" class=\"e-font-icon-svg e-far-arrow-alt-circle-down\" viewBox=\"0 0 512 512\" xmlns=\"http:\/\/www.w3.org\/2000\/svg\"><path d=\"M256 8C119 8 8 119 8 256s111 248 248 248 248-111 248-248S393 8 256 8zm0 448c-110.5 0-200-89.5-200-200S145.5 56 256 56s200 89.5 200 200-89.5 200-200 200zm-32-316v116h-67c-10.7 0-16 12.9-8.5 20.5l99 99c4.7 4.7 12.3 4.7 17 0l99-99c7.6-7.6 2.2-20.5-8.5-20.5h-67V140c0-6.6-5.4-12-12-12h-40c-6.6 0-12 5.4-12 12z\"><\/path><\/svg>\t\t\t<\/span>\n\t\t\t\t\t\t\t\t\t<span class=\"elementor-button-text\">En savoir plus<\/span>\n\t\t\t\t\t<\/span>\n\t\t\t\t\t<\/a>\n\t\t\t\t<\/div>\n\t\t\t\t\t\t\t\t<\/div>\n\t\t\t\t<\/div>\n\t\t\t\t<\/div>\n\t\t\t\t<\/div>\n\t\t<div data-dce-background-overlay-image-url=\"https:\/\/www.chemviron.eu\/wp-content\/uploads\/2024\/01\/kuraray_circle_grid_landscape_rgb-1.svg\" class=\"elementor-element elementor-element-2e90fd2e e-flex e-con-boxed e-con e-parent\" data-id=\"2e90fd2e\" data-element_type=\"container\" data-e-type=\"container\" id=\"Content\">\n\t\t\t\t\t<div class=\"e-con-inner\">\n\t\t<div class=\"elementor-element elementor-element-47a69162 e-con-full e-flex e-con e-child\" data-id=\"47a69162\" data-element_type=\"container\" data-e-type=\"container\">\n\t\t\t\t<div class=\"elementor-element elementor-element-6c661473 elementor-widget__width-inherit elementor-widget elementor-widget-heading\" data-id=\"6c661473\" data-element_type=\"widget\" data-e-type=\"widget\" data-widget_type=\"heading.default\">\n\t\t\t\t<div class=\"elementor-widget-container\">\n\t\t\t\t\t<h2 class=\"elementor-heading-title elementor-size-default\">Chemviron : Charbons actifs<\/h2>\t\t\t\t<\/div>\n\t\t\t\t<\/div>\n\t\t\t\t<div class=\"elementor-element elementor-element-36554ecd elementor-widget-mobile__width-inherit elementor-widget elementor-widget-text-editor\" data-id=\"36554ecd\" data-element_type=\"widget\" data-e-type=\"widget\" data-widget_type=\"text-editor.default\">\n\t\t\t\t<div class=\"elementor-widget-container\">\n\t\t\t\t\t\t\t\t\t<div><div><p>REACH est un r\u00e8glement de l&#8217;Union europ\u00e9enne adopt\u00e9 pour mieux prot\u00e9ger la sant\u00e9 humaine et l&#8217;environnement contre les risques li\u00e9s aux substances chimiques, tout en favorisant la comp\u00e9titivit\u00e9 de l&#8217;industrie chimique de l&#8217;UE.<\/p><\/div><div><p><span class=\"cf0\">\u00c0 la suite du Brexit (sortie du Royaume-Uni de l&#8217;Union europ\u00e9enne) et \u00e0 sa mise en \u0153uvre le 1er janvier 2021, les enregistrements pour les substances dans REACH n&#8217;\u00e9taient plus valables pour le Royaume-Uni et un nouveau processus d&#8217;enregistrement a \u00e9t\u00e9 appliqu\u00e9 sous le nom de UK REACH.<\/span><\/p><\/div><div><p class=\"pf0\"><span class=\"cf0\">Chemviron, les op\u00e9rations europ\u00e9ennes de Calgon Carbon Corporation et une soci\u00e9t\u00e9 du groupe Kuraray, est pleinement engag\u00e9 dans le processus UK REACH et \u00e0 ses principes et met tout en \u0153uvre pour assurer la fourniture de ses clients. \u00c0 ce titre Chemviron confirme avoir compl\u00e9t\u00e9 l\u2019enregistrement des charbons actifs dans UK REACH pour maintenir les droits acquis dans REACH. <\/span>\u00a0 \u00a0<\/p><p class=\"pf0\">Les num\u00e9ros d&#8217;enregistrement REACH du Royaume-Uni sont les suivants :<\/p><table><tbody><tr><td width=\"209\"><p><strong>Produit<\/strong><\/p><\/td><td width=\"209\"><p><strong>Num\u00e9ro EC<\/strong><\/p><\/td><td width=\"209\"><p><strong>Enregistrement REACH du Royaume-Uni<\/strong><\/p><\/td><\/tr><tr><td width=\"209\"><p>Charbon actif &#8211; Squelette haute densit\u00e9<\/p><\/td><td width=\"209\"><p>931-328-0<\/p><\/td><td width=\"209\"><p>UK-01-9867897380-5-0005<\/p><\/td><\/tr><tr><td width=\"209\"><p>Charbon actif &#8211; Squelette faible densit\u00e9<\/p><\/td><td width=\"209\"><p>931-334-3<\/p><\/td><td width=\"209\"><p>UK-01-6417543731-4-0004<\/p><\/td><\/tr><\/tbody><\/table><\/div><\/div><div><p>Toutes les autres substances contenues dans les produits que nous fournissons actuellement ont \u00e9t\u00e9 enregistr\u00e9s aupr\u00e8s du Health and Safety Executive (HSE) du Royaume-Uni afin de garantir la continuit\u00e9 de fourniture.<\/p><\/div>\t\t\t\t\t\t\t\t<\/div>\n\t\t\t\t<\/div>\n\t\t\t\t<div class=\"elementor-element elementor-element-720cea32 elementor-widget elementor-widget-heading\" data-id=\"720cea32\" data-element_type=\"widget\" data-e-type=\"widget\" data-widget_type=\"heading.default\">\n\t\t\t\t<div class=\"elementor-widget-container\">\n\t\t\t\t\t<h4 class=\"elementor-heading-title elementor-size-default\">Information sur les substances extr\u00eamement pr\u00e9occupantes (SVHC)<\/h4>\t\t\t\t<\/div>\n\t\t\t\t<\/div>\n\t\t\t\t<div class=\"elementor-element elementor-element-70495614 elementor-widget-mobile__width-inherit elementor-widget elementor-widget-text-editor\" data-id=\"70495614\" data-element_type=\"widget\" data-e-type=\"widget\" data-widget_type=\"text-editor.default\">\n\t\t\t\t<div class=\"elementor-widget-container\">\n\t\t\t\t\t\t\t\t\t<div><p class=\"pf0\"><span class=\"cf0\">Les substances qui peuvent avoir des effets graves et souvent irr\u00e9versibles sur la sant\u00e9 humaine et l\u2019environnement peuvent \u00eatre identifi\u00e9es comme substances extr\u00eamement pr\u00e9occupantes (SVHC). Si une substance est identifi\u00e9e en tant que SVHC, elle sera ajout\u00e9e \u00e0 la liste des substances candidates pour une \u00e9ventuelle inclusion dans la liste d\u2019autorisation. <\/span>Les fabricants doivent notifier \u00e0 leurs clients la pr\u00e9sence de toute substance de tr\u00e8s hautes pr\u00e9occupation (SVHC) dans leurs produits exc\u00e9dant 0.1% en poids, ainsi que fournir les instructions pour une utilisation s\u00e9curis\u00e9 du produit.<\/p><\/div><div><p>Sur la base de la liste actualis\u00e9e des substances extr\u00eamement pr\u00e9occupantes (SVHC) candidates \u00e0 l\u2019autorisation publi\u00e9e par l\u2019Agence europ\u00e9enne des produits chimiques, et selon les meilleures informations dont nous disposons, aucune des substances figurant dans la derni\u00e8re version (f\u00e9vrier 2026) de la liste candidate n\u2019est pr\u00e9sente au-del\u00e0 du seuil de concentration dans le charbon actif fourni par Chemviron.<\/p><\/div>\t\t\t\t\t\t\t\t<\/div>\n\t\t\t\t<\/div>\n\t\t\t\t<\/div>\n\t\t\t\t\t<\/div>\n\t\t\t\t<\/div>\n\t\t\t\t<\/div>\n\t\t","protected":false},"excerpt":{"rendered":"<p>Le fournisseur de solutions de purification D\u00e9claration UK REACH En savoir plus Chemviron : Charbons actifs REACH est un r\u00e8glement de l&#8217;Union europ\u00e9enne adopt\u00e9 pour mieux prot\u00e9ger la sant\u00e9 humaine et l&#8217;environnement contre les risques li\u00e9s aux substances chimiques, tout en favorisant la comp\u00e9titivit\u00e9 de l&#8217;industrie chimique de l&#8217;UE. \u00c0 la suite du Brexit (sortie [&hellip;]<\/p>\n","protected":false},"author":1,"featured_media":13275,"parent":5482,"menu_order":0,"comment_status":"closed","ping_status":"closed","template":"elementor_header_footer","meta":{"_acf_changed":false,"inline_featured_image":false,"footnotes":""},"class_list":["post-5528","page","type-page","status-publish","has-post-thumbnail","hentry"],"acf":[],"yoast_head":"<!-- This site is optimized with the Yoast SEO plugin v27.3 - https:\/\/yoast.com\/product\/yoast-seo-wordpress\/ -->\n<title>D\u00e9claration UK REACH - Chemviron<\/title>\n<meta name=\"description\" content=\"Following Brexit (exit of the United Kingdom from the European Union) and its implementation on January 1, 2021, registered substances covered by REACH were no longer applicable for United Kingdom and a new registration process was applied under the name of UK REACH.\" \/>\n<meta name=\"robots\" content=\"index, follow, max-snippet:-1, max-image-preview:large, max-video-preview:-1\" \/>\n<link rel=\"canonical\" href=\"https:\/\/www.chemviron.eu\/fr\/introduction\/reach\/declaration-uk-reach\/\" \/>\n<meta property=\"og:locale\" content=\"fr_FR\" \/>\n<meta property=\"og:type\" content=\"article\" \/>\n<meta property=\"og:title\" content=\"D\u00e9claration UK REACH - Chemviron\" \/>\n<meta property=\"og:description\" content=\"Following Brexit (exit of the United Kingdom from the European Union) and its implementation on January 1, 2021, registered substances covered by REACH were no longer applicable for United Kingdom and a new registration process was applied under the name of UK REACH.\" \/>\n<meta property=\"og:url\" content=\"https:\/\/www.chemviron.eu\/fr\/introduction\/reach\/declaration-uk-reach\/\" \/>\n<meta property=\"og:site_name\" content=\"Chemviron\" \/>\n<meta property=\"article:modified_time\" content=\"2026-03-25T08:45:07+00:00\" \/>\n<meta property=\"og:image\" content=\"https:\/\/www.chemviron.eu\/wp-content\/uploads\/2026\/02\/UK-reach-high2-scaled.jpg\" \/>\n\t<meta property=\"og:image:width\" content=\"2560\" \/>\n\t<meta property=\"og:image:height\" content=\"1709\" \/>\n\t<meta property=\"og:image:type\" content=\"image\/jpeg\" \/>\n<meta name=\"twitter:card\" content=\"summary_large_image\" \/>\n<meta name=\"twitter:label1\" content=\"Dur\u00e9e de lecture estim\u00e9e\" \/>\n\t<meta name=\"twitter:data1\" content=\"2 minutes\" \/>\n<script type=\"application\/ld+json\" class=\"yoast-schema-graph\">{\"@context\":\"https:\\\/\\\/schema.org\",\"@graph\":[{\"@type\":\"WebPage\",\"@id\":\"https:\\\/\\\/www.chemviron.eu\\\/fr\\\/introduction\\\/reach\\\/declaration-uk-reach\\\/\",\"url\":\"https:\\\/\\\/www.chemviron.eu\\\/fr\\\/introduction\\\/reach\\\/declaration-uk-reach\\\/\",\"name\":\"D\u00e9claration UK REACH - Chemviron\",\"isPartOf\":{\"@id\":\"https:\\\/\\\/www.chemviron.eu\\\/fr\\\/#website\"},\"primaryImageOfPage\":{\"@id\":\"https:\\\/\\\/www.chemviron.eu\\\/fr\\\/introduction\\\/reach\\\/declaration-uk-reach\\\/#primaryimage\"},\"image\":{\"@id\":\"https:\\\/\\\/www.chemviron.eu\\\/fr\\\/introduction\\\/reach\\\/declaration-uk-reach\\\/#primaryimage\"},\"thumbnailUrl\":\"https:\\\/\\\/www.chemviron.eu\\\/wp-content\\\/uploads\\\/2026\\\/02\\\/UK-reach-high2-scaled.jpg\",\"datePublished\":\"2023-12-06T12:30:00+00:00\",\"dateModified\":\"2026-03-25T08:45:07+00:00\",\"description\":\"Following Brexit (exit of the United Kingdom from the European Union) and its implementation on January 1, 2021, registered substances covered by REACH were no longer applicable for United Kingdom and a new registration process was applied under the name of UK REACH.\",\"breadcrumb\":{\"@id\":\"https:\\\/\\\/www.chemviron.eu\\\/fr\\\/introduction\\\/reach\\\/declaration-uk-reach\\\/#breadcrumb\"},\"inLanguage\":\"fr-FR\",\"potentialAction\":[{\"@type\":\"ReadAction\",\"target\":[\"https:\\\/\\\/www.chemviron.eu\\\/fr\\\/introduction\\\/reach\\\/declaration-uk-reach\\\/\"]}]},{\"@type\":\"ImageObject\",\"inLanguage\":\"fr-FR\",\"@id\":\"https:\\\/\\\/www.chemviron.eu\\\/fr\\\/introduction\\\/reach\\\/declaration-uk-reach\\\/#primaryimage\",\"url\":\"https:\\\/\\\/www.chemviron.eu\\\/wp-content\\\/uploads\\\/2026\\\/02\\\/UK-reach-high2-scaled.jpg\",\"contentUrl\":\"https:\\\/\\\/www.chemviron.eu\\\/wp-content\\\/uploads\\\/2026\\\/02\\\/UK-reach-high2-scaled.jpg\",\"width\":2560,\"height\":1709,\"caption\":\"uk-reach-statement-chemviron\"},{\"@type\":\"BreadcrumbList\",\"@id\":\"https:\\\/\\\/www.chemviron.eu\\\/fr\\\/introduction\\\/reach\\\/declaration-uk-reach\\\/#breadcrumb\",\"itemListElement\":[{\"@type\":\"ListItem\",\"position\":1,\"name\":\"Home\",\"item\":\"https:\\\/\\\/www.chemviron.eu\\\/fr\\\/\"},{\"@type\":\"ListItem\",\"position\":2,\"name\":\"Introduction\",\"item\":\"https:\\\/\\\/www.chemviron.eu\\\/fr\\\/introduction\\\/\"},{\"@type\":\"ListItem\",\"position\":3,\"name\":\"REACH\",\"item\":\"https:\\\/\\\/www.chemviron.eu\\\/fr\\\/over-ons\\\/reach\\\/\"},{\"@type\":\"ListItem\",\"position\":4,\"name\":\"D\u00e9claration UK REACH\"}]},{\"@type\":\"WebSite\",\"@id\":\"https:\\\/\\\/www.chemviron.eu\\\/fr\\\/#website\",\"url\":\"https:\\\/\\\/www.chemviron.eu\\\/fr\\\/\",\"name\":\"Chemviron\",\"description\":\"The Purification Solutions Provider\",\"publisher\":{\"@id\":\"https:\\\/\\\/www.chemviron.eu\\\/fr\\\/#organization\"},\"potentialAction\":[{\"@type\":\"SearchAction\",\"target\":{\"@type\":\"EntryPoint\",\"urlTemplate\":\"https:\\\/\\\/www.chemviron.eu\\\/fr\\\/?s={search_term_string}\"},\"query-input\":{\"@type\":\"PropertyValueSpecification\",\"valueRequired\":true,\"valueName\":\"search_term_string\"}}],\"inLanguage\":\"fr-FR\"},{\"@type\":\"Organization\",\"@id\":\"https:\\\/\\\/www.chemviron.eu\\\/fr\\\/#organization\",\"name\":\"Chemviron\",\"url\":\"https:\\\/\\\/www.chemviron.eu\\\/fr\\\/\",\"logo\":{\"@type\":\"ImageObject\",\"inLanguage\":\"fr-FR\",\"@id\":\"https:\\\/\\\/www.chemviron.eu\\\/fr\\\/#\\\/schema\\\/logo\\\/image\\\/\",\"url\":\"https:\\\/\\\/www.chemviron.eu\\\/wp-content\\\/uploads\\\/2023\\\/12\\\/Chemviron-logo.jpg\",\"contentUrl\":\"https:\\\/\\\/www.chemviron.eu\\\/wp-content\\\/uploads\\\/2023\\\/12\\\/Chemviron-logo.jpg\",\"width\":1667,\"height\":833,\"caption\":\"Chemviron\"},\"image\":{\"@id\":\"https:\\\/\\\/www.chemviron.eu\\\/fr\\\/#\\\/schema\\\/logo\\\/image\\\/\"},\"sameAs\":[\"https:\\\/\\\/www.linkedin.com\\\/company\\\/chemviron\\\/\"]}]}<\/script>\n<!-- \/ Yoast SEO plugin. -->","yoast_head_json":{"title":"D\u00e9claration UK REACH - Chemviron","description":"Following Brexit (exit of the United Kingdom from the European Union) and its implementation on January 1, 2021, registered substances covered by REACH were no longer applicable for United Kingdom and a new registration process was applied under the name of UK REACH.","robots":{"index":"index","follow":"follow","max-snippet":"max-snippet:-1","max-image-preview":"max-image-preview:large","max-video-preview":"max-video-preview:-1"},"canonical":"https:\/\/www.chemviron.eu\/fr\/introduction\/reach\/declaration-uk-reach\/","og_locale":"fr_FR","og_type":"article","og_title":"D\u00e9claration UK REACH - Chemviron","og_description":"Following Brexit (exit of the United Kingdom from the European Union) and its implementation on January 1, 2021, registered substances covered by REACH were no longer applicable for United Kingdom and a new registration process was applied under the name of UK REACH.","og_url":"https:\/\/www.chemviron.eu\/fr\/introduction\/reach\/declaration-uk-reach\/","og_site_name":"Chemviron","article_modified_time":"2026-03-25T08:45:07+00:00","og_image":[{"width":2560,"height":1709,"url":"https:\/\/www.chemviron.eu\/wp-content\/uploads\/2026\/02\/UK-reach-high2-scaled.jpg","type":"image\/jpeg"}],"twitter_card":"summary_large_image","twitter_misc":{"Dur\u00e9e de lecture estim\u00e9e":"2 minutes"},"schema":{"@context":"https:\/\/schema.org","@graph":[{"@type":"WebPage","@id":"https:\/\/www.chemviron.eu\/fr\/introduction\/reach\/declaration-uk-reach\/","url":"https:\/\/www.chemviron.eu\/fr\/introduction\/reach\/declaration-uk-reach\/","name":"D\u00e9claration UK REACH - Chemviron","isPartOf":{"@id":"https:\/\/www.chemviron.eu\/fr\/#website"},"primaryImageOfPage":{"@id":"https:\/\/www.chemviron.eu\/fr\/introduction\/reach\/declaration-uk-reach\/#primaryimage"},"image":{"@id":"https:\/\/www.chemviron.eu\/fr\/introduction\/reach\/declaration-uk-reach\/#primaryimage"},"thumbnailUrl":"https:\/\/www.chemviron.eu\/wp-content\/uploads\/2026\/02\/UK-reach-high2-scaled.jpg","datePublished":"2023-12-06T12:30:00+00:00","dateModified":"2026-03-25T08:45:07+00:00","description":"Following Brexit (exit of the United Kingdom from the European Union) and its implementation on January 1, 2021, registered substances covered by REACH were no longer applicable for United Kingdom and a new registration process was applied under the name of UK REACH.","breadcrumb":{"@id":"https:\/\/www.chemviron.eu\/fr\/introduction\/reach\/declaration-uk-reach\/#breadcrumb"},"inLanguage":"fr-FR","potentialAction":[{"@type":"ReadAction","target":["https:\/\/www.chemviron.eu\/fr\/introduction\/reach\/declaration-uk-reach\/"]}]},{"@type":"ImageObject","inLanguage":"fr-FR","@id":"https:\/\/www.chemviron.eu\/fr\/introduction\/reach\/declaration-uk-reach\/#primaryimage","url":"https:\/\/www.chemviron.eu\/wp-content\/uploads\/2026\/02\/UK-reach-high2-scaled.jpg","contentUrl":"https:\/\/www.chemviron.eu\/wp-content\/uploads\/2026\/02\/UK-reach-high2-scaled.jpg","width":2560,"height":1709,"caption":"uk-reach-statement-chemviron"},{"@type":"BreadcrumbList","@id":"https:\/\/www.chemviron.eu\/fr\/introduction\/reach\/declaration-uk-reach\/#breadcrumb","itemListElement":[{"@type":"ListItem","position":1,"name":"Home","item":"https:\/\/www.chemviron.eu\/fr\/"},{"@type":"ListItem","position":2,"name":"Introduction","item":"https:\/\/www.chemviron.eu\/fr\/introduction\/"},{"@type":"ListItem","position":3,"name":"REACH","item":"https:\/\/www.chemviron.eu\/fr\/over-ons\/reach\/"},{"@type":"ListItem","position":4,"name":"D\u00e9claration UK REACH"}]},{"@type":"WebSite","@id":"https:\/\/www.chemviron.eu\/fr\/#website","url":"https:\/\/www.chemviron.eu\/fr\/","name":"Chemviron","description":"The Purification Solutions Provider","publisher":{"@id":"https:\/\/www.chemviron.eu\/fr\/#organization"},"potentialAction":[{"@type":"SearchAction","target":{"@type":"EntryPoint","urlTemplate":"https:\/\/www.chemviron.eu\/fr\/?s={search_term_string}"},"query-input":{"@type":"PropertyValueSpecification","valueRequired":true,"valueName":"search_term_string"}}],"inLanguage":"fr-FR"},{"@type":"Organization","@id":"https:\/\/www.chemviron.eu\/fr\/#organization","name":"Chemviron","url":"https:\/\/www.chemviron.eu\/fr\/","logo":{"@type":"ImageObject","inLanguage":"fr-FR","@id":"https:\/\/www.chemviron.eu\/fr\/#\/schema\/logo\/image\/","url":"https:\/\/www.chemviron.eu\/wp-content\/uploads\/2023\/12\/Chemviron-logo.jpg","contentUrl":"https:\/\/www.chemviron.eu\/wp-content\/uploads\/2023\/12\/Chemviron-logo.jpg","width":1667,"height":833,"caption":"Chemviron"},"image":{"@id":"https:\/\/www.chemviron.eu\/fr\/#\/schema\/logo\/image\/"},"sameAs":["https:\/\/www.linkedin.com\/company\/chemviron\/"]}]}},"_links":{"self":[{"href":"https:\/\/www.chemviron.eu\/fr\/wp-json\/wp\/v2\/pages\/5528","targetHints":{"allow":["GET"]}}],"collection":[{"href":"https:\/\/www.chemviron.eu\/fr\/wp-json\/wp\/v2\/pages"}],"about":[{"href":"https:\/\/www.chemviron.eu\/fr\/wp-json\/wp\/v2\/types\/page"}],"author":[{"embeddable":true,"href":"https:\/\/www.chemviron.eu\/fr\/wp-json\/wp\/v2\/users\/1"}],"replies":[{"embeddable":true,"href":"https:\/\/www.chemviron.eu\/fr\/wp-json\/wp\/v2\/comments?post=5528"}],"version-history":[{"count":5,"href":"https:\/\/www.chemviron.eu\/fr\/wp-json\/wp\/v2\/pages\/5528\/revisions"}],"predecessor-version":[{"id":14974,"href":"https:\/\/www.chemviron.eu\/fr\/wp-json\/wp\/v2\/pages\/5528\/revisions\/14974"}],"up":[{"embeddable":true,"href":"https:\/\/www.chemviron.eu\/fr\/wp-json\/wp\/v2\/pages\/5482"}],"wp:featuredmedia":[{"embeddable":true,"href":"https:\/\/www.chemviron.eu\/fr\/wp-json\/wp\/v2\/media\/13275"}],"wp:attachment":[{"href":"https:\/\/www.chemviron.eu\/fr\/wp-json\/wp\/v2\/media?parent=5528"}],"curies":[{"name":"wp","href":"https:\/\/api.w.org\/{rel}","templated":true}]}}