{"id":5420,"date":"2023-12-06T12:42:12","date_gmt":"2023-12-06T12:42:12","guid":{"rendered":"https:\/\/www.chemviron.eu\/reactivation\/"},"modified":"2025-08-05T10:40:52","modified_gmt":"2025-08-05T10:40:52","slug":"reactivation-du-charbon-actif","status":"publish","type":"page","link":"https:\/\/www.chemviron.eu\/fr\/solutions-de-purification\/reactivation-du-charbon-actif\/","title":{"rendered":"R\u00e9activation du charbon actif"},"content":{"rendered":"\t\t<div data-elementor-type=\"wp-page\" data-elementor-id=\"5420\" class=\"elementor elementor-5420 elementor-655\" data-elementor-post-type=\"page\">\n\t\t\t\t<div class=\"elementor-element elementor-element-76d7d700 e-flex e-con-boxed e-con e-parent\" data-id=\"76d7d700\" data-element_type=\"container\" data-e-type=\"container\">\n\t\t\t\t\t<div class=\"e-con-inner\">\n\t\t<div class=\"elementor-element elementor-element-36d9bf71 e-con-full e-flex e-con e-child\" data-id=\"36d9bf71\" data-element_type=\"container\" data-e-type=\"container\">\n\t\t\t\t<div class=\"elementor-element elementor-element-5c4d87aa elementor-invisible elementor-widget elementor-widget-heading\" data-id=\"5c4d87aa\" data-element_type=\"widget\" data-e-type=\"widget\" data-settings=\"{&quot;_animation&quot;:&quot;fadeIn&quot;}\" data-widget_type=\"heading.default\">\n\t\t\t\t<div class=\"elementor-widget-container\">\n\t\t\t\t\t<h1 class=\"elementor-heading-title elementor-size-default\">R\u00e9activation du charbon actif<\/h1>\t\t\t\t<\/div>\n\t\t\t\t<\/div>\n\t\t\t\t<div class=\"elementor-element elementor-element-6c4fffda elementor-invisible elementor-widget elementor-widget-heading\" data-id=\"6c4fffda\" data-element_type=\"widget\" data-e-type=\"widget\" data-settings=\"{&quot;_animation&quot;:&quot;fadeIn&quot;,&quot;_animation_delay&quot;:400}\" data-widget_type=\"heading.default\">\n\t\t\t\t<div class=\"elementor-widget-container\">\n\t\t\t\t\t<h2 class=\"elementor-heading-title elementor-size-default\">Chemviron est le leader mondial du recyclage de charbons actifs utilis\u00e9s dans le traitement de l'air et de l'eau, disposant de centres de r\u00e9activation r\u00e9partis de mani\u00e8re strat\u00e9gique \u00e0 travers l'Europe.<\/h2>\t\t\t\t<\/div>\n\t\t\t\t<\/div>\n\t\t\t\t<\/div>\n\t\t<div data-dce-background-image-url=\"https:\/\/www.chemviron.eu\/wp-content\/uploads\/2024\/01\/Solutions_Reactivation-1-e1711541221316.jpg\" class=\"elementor-element elementor-element-670f6fd3 e-con-full e-flex e-con e-child\" data-id=\"670f6fd3\" data-element_type=\"container\" data-e-type=\"container\" data-settings=\"{&quot;background_background&quot;:&quot;classic&quot;}\">\n\t\t\t\t<\/div>\n\t\t\t\t\t<\/div>\n\t\t\t\t<\/div>\n\t\t<div data-dce-background-overlay-image-url=\"https:\/\/www.chemviron.eu\/wp-content\/uploads\/2023\/12\/kuraray_circle_arrangement_2_rgb_cyan_50pct.svg\" class=\"elementor-element elementor-element-07f5d8b e-flex e-con-boxed e-con e-parent\" data-id=\"07f5d8b\" data-element_type=\"container\" data-e-type=\"container\">\n\t\t\t\t\t<div class=\"e-con-inner\">\n\t\t\t\t<div class=\"elementor-element elementor-element-54c0915 elementor-widget elementor-widget-text-editor\" data-id=\"54c0915\" data-element_type=\"widget\" data-e-type=\"widget\" data-widget_type=\"text-editor.default\">\n\t\t\t\t<div class=\"elementor-widget-container\">\n\t\t\t\t\t\t\t\t\t<h5><strong>Un processus de r\u00e9activation efficace<\/strong><\/h5><p>Une fois utilis\u00e9s pour purification ou d\u00e9coloration, les charbons actifs en grains ou en pellets peuvent g\u00e9n\u00e9ralement \u00eatre recycl\u00e9s par r\u00e9activation thermique. Ce proc\u00e9d\u00e9 permet de restaurer le charbon actif pour une nouvelle utilisation. La r\u00e9activation thermique consiste \u00e0 traiter le charbon satur\u00e9 dans un four \u00e0 haute temp\u00e9rature, o\u00f9 les mati\u00e8res organiques adsorb\u00e9es lors de son utilisation sont d\u00e9truites par la chaleur.<\/p><h5><strong>Un engagement pour l\u2019\u00e9conomie circulaire<\/strong><\/h5><p>Ce proc\u00e9d\u00e9 s\u2019inscrit dans une d\u00e9marche d\u2019\u00e9conomie circulaire durable, permettant une r\u00e9utilisation r\u00e9p\u00e9t\u00e9e du charbon actif, soit pour la m\u00eame application, soit pour une autre application adapt\u00e9e. Gr\u00e2ce \u00e0 la combinaison de ce proc\u00e9d\u00e9 avec les charbons actifs de haute qualit\u00e9 de Chemviron, nos clients b\u00e9n\u00e9ficient d\u2019une solution de purification \u00e0 la fois rentable et respectueuse de l\u2019environnement.<\/p><p>Notre centre de r\u00e9activation de Feluy, en Belgique, est la plus grande installation de recyclage de charbon actif en Europe et dans le monde. Il est capable de traiter de grandes quantit\u00e9s de charbon us\u00e9 chaque jour pour une large vari\u00e9t\u00e9 de clients. Chemviron dispose \u00e9galement de centres de r\u00e9activation \u00e0 Tipton, au Royaume-Uni, et \u00e0 Legnago, en Italie, permettant ainsi de garantir une couverture compl\u00e8te \u00e0 travers toute l\u2019Europe.<\/p><h5><strong>Une infrastructure de pointe en Europe<\/strong><\/h5><p>Nos centres de r\u00e9activation offrent des services pour une gamme diversifi\u00e9e de charbons us\u00e9s, y compris ceux utilis\u00e9s dans :<\/p><ul><li>le traitement de l\u2019eau potable<\/li><li>le traitement des produits alimentaires<\/li><li>le traitement des produits chimiques industriels<\/li><li>le traitement des eaux us\u00e9es<\/li><li>la d\u00e9pollution des sols<\/li><li>le traitement de l\u2019air industriel.<\/li><\/ul><h5><strong>Des normes strictes de s\u00e9curit\u00e9<\/strong><\/h5><p>Chemviron assure un niveau de s\u00e9curit\u00e9 \u00e9lev\u00e9 pour l\u2019industrie de l\u2019eau potable et du secteur alimentaire. En effet, notre site de Feluy est accr\u00e9dit\u00e9 <strong>ISO 22000<\/strong> pour son syst\u00e8me de gestion de la s\u00e9curit\u00e9 alimentaire. Tous nos centres de r\u00e9activation respectent les normes strictes de qualit\u00e9 de l\u2019air, faisant de l\u2019utilisation du charbon actif une solution non seulement efficace, mais aussi respectueuse de l\u2019environnement. Le recyclage par r\u00e9activation thermique contribue ainsi \u00e0 la r\u00e9duction des d\u00e9chets, \u00e0 la diminution des \u00e9missions de CO\u2082<sub>\u00a0<\/sub>et \u00e0 la pr\u00e9servation des ressources naturelles.<\/p>\t\t\t\t\t\t\t\t<\/div>\n\t\t\t\t<\/div>\n\t\t\t\t<div class=\"elementor-element elementor-element-f0ba60d elementor-widget elementor-widget-heading\" data-id=\"f0ba60d\" data-element_type=\"widget\" data-e-type=\"widget\" data-widget_type=\"heading.default\">\n\t\t\t\t<div class=\"elementor-widget-container\">\n\t\t\t\t\t<h2 class=\"elementor-heading-title elementor-size-default\">Pourquoi choisir Chemviron pour la r\u00e9activation du charbon actif ?<\/h2>\t\t\t\t<\/div>\n\t\t\t\t<\/div>\n\t\t\t\t<div class=\"elementor-element elementor-element-7993957 elementor-widget elementor-widget-text-editor\" data-id=\"7993957\" data-element_type=\"widget\" data-e-type=\"widget\" data-widget_type=\"text-editor.default\">\n\t\t\t\t<div class=\"elementor-widget-container\">\n\t\t\t\t\t\t\t\t\t<div>\n<h5><strong>Une approche durable<\/strong><\/h5>\n<p>Chez Chemviron, notre priorit\u00e9 est claire : privil\u00e9gier le recyclage du charbon actif us\u00e9 pour le rendre r\u00e9utilisable, plut\u00f4t que de le remplacer par du charbon neuf. Cette approche renforce la durabilit\u00e9 de notre technologie tout en apportant un maximum de b\u00e9n\u00e9fices \u00e0 nos clients. En combinant des charbons actifs de haute performance, notre service de filtres \u00e0 charbon mobiles et un processus de r\u00e9activation efficace, nous permettons \u00e0 nos produits d\u2019\u00eatre recycl\u00e9s et r\u00e9utilis\u00e9s \u00e0 plusieurs reprises.<\/p>\n<p>Chemviron s\u2019engage fermement dans une d\u00e9marche durable, contribuant \u00e0 r\u00e9duire les \u00e9missions de CO\u2082 de ses clients tout en diminuant sa propre empreinte carbone<\/p>\n<h5><strong>Une expertise \u00e9prouv\u00e9e<\/strong><\/h5>\n<p>Forte de d\u00e9cennies d\u2019exp\u00e9rience, Chemviron a d\u00e9velopp\u00e9 une expertise unique dans la r\u00e9activation du charbon actif. Nos \u00e9quipes ma\u00eetrisent les proc\u00e9d\u00e9s et conditions n\u00e9cessaires pour r\u00e9activer m\u00eame les charbons us\u00e9s les plus complexes \u00e0 traiter. Depuis les ann\u00e9es 1970, nous concevons, poss\u00e9dons et exploitons nos propres fours de r\u00e9activation en Europe, adapt\u00e9s sur mesure pour des r\u00e9sultats optimaux. Cette longue exp\u00e9rience nous a permis d\u2019innover continuellement, en r\u00e9duisant la consommation d\u2019\u00e9nergie et d\u2019eau tout en am\u00e9liorant la qualit\u00e9 et l\u2019efficacit\u00e9 de nos services.<\/p><\/div>\t\t\t\t\t\t\t\t<\/div>\n\t\t\t\t<\/div>\n\t\t\t\t\t<\/div>\n\t\t\t\t<\/div>\n\t\t<div class=\"elementor-element elementor-element-43c96816 e-flex e-con-boxed elementor-invisible e-con e-parent\" data-id=\"43c96816\" data-element_type=\"container\" data-e-type=\"container\" data-settings=\"{&quot;animation&quot;:&quot;fadeInUp&quot;}\">\n\t\t\t\t\t<div class=\"e-con-inner\">\n\t\t<div data-dce-background-color=\"#FFF4DA\" class=\"elementor-element elementor-element-bacc483 e-con-full e-flex e-con e-child\" data-id=\"bacc483\" data-element_type=\"container\" data-e-type=\"container\" data-settings=\"{&quot;background_background&quot;:&quot;classic&quot;}\">\n\t\t\t\t<div class=\"elementor-element elementor-element-2c36ad76 dce_masking-none elementor-widget elementor-widget-image\" data-id=\"2c36ad76\" data-element_type=\"widget\" data-e-type=\"widget\" data-widget_type=\"image.default\">\n\t\t\t\t<div class=\"elementor-widget-container\">\n\t\t\t\t\t\t\t\t\t\t\t\t\t\t\t<img decoding=\"async\" width=\"136\" height=\"136\" src=\"https:\/\/www.chemviron.eu\/wp-content\/uploads\/2024\/01\/kuraray_pictogram_user-negative-1.png\" class=\"attachment-large size-large wp-image-1986\" alt=\"\" \/>\t\t\t\t\t\t\t\t\t\t\t\t\t\t\t<\/div>\n\t\t\t\t<\/div>\n\t\t\t\t<\/div>\n\t\t<div data-dce-background-color=\"#FFF4DA\" class=\"elementor-element elementor-element-5323d4f8 e-con-full e-flex e-con e-child\" data-id=\"5323d4f8\" data-element_type=\"container\" data-e-type=\"container\" data-settings=\"{&quot;background_background&quot;:&quot;classic&quot;}\">\n\t\t\t\t<div class=\"elementor-element elementor-element-41612a07 elementor-widget elementor-widget-heading\" data-id=\"41612a07\" data-element_type=\"widget\" data-e-type=\"widget\" data-widget_type=\"heading.default\">\n\t\t\t\t<div class=\"elementor-widget-container\">\n\t\t\t\t\t<h4 class=\"elementor-heading-title elementor-size-default\">Contactez notre \u00e9quipe technique pour plus d'informations.<\/h4>\t\t\t\t<\/div>\n\t\t\t\t<\/div>\n\t\t\t\t<div class=\"elementor-element elementor-element-6e04788a elementor-widget elementor-widget-button\" data-id=\"6e04788a\" data-element_type=\"widget\" data-e-type=\"widget\" data-widget_type=\"button.default\">\n\t\t\t\t<div class=\"elementor-widget-container\">\n\t\t\t\t\t\t\t\t\t<div class=\"elementor-button-wrapper\">\n\t\t\t\t\t<a class=\"elementor-button elementor-button-link elementor-size-sm\" href=\"https:\/\/www.chemviron.eu\/fr\/contact\/\">\n\t\t\t\t\t\t<span class=\"elementor-button-content-wrapper\">\n\t\t\t\t\t\t\t\t\t<span class=\"elementor-button-text\">Contactez-nous<\/span>\n\t\t\t\t\t<\/span>\n\t\t\t\t\t<\/a>\n\t\t\t\t<\/div>\n\t\t\t\t\t\t\t\t<\/div>\n\t\t\t\t<\/div>\n\t\t\t\t<\/div>\n\t\t\t\t\t<\/div>\n\t\t\t\t<\/div>\n\t\t\t\t<\/div>\n\t\t","protected":false},"excerpt":{"rendered":"<p>R\u00e9activation du charbon actif Chemviron est le leader mondial du recyclage de charbons actifs utilis\u00e9s dans le traitement de l&#8217;air et de l&#8217;eau, disposant de centres de r\u00e9activation r\u00e9partis de mani\u00e8re strat\u00e9gique \u00e0 travers l&#8217;Europe. Un processus de r\u00e9activation efficace Une fois utilis\u00e9s pour purification ou d\u00e9coloration, les charbons actifs en grains ou en pellets [&hellip;]<\/p>\n","protected":false},"author":1,"featured_media":10364,"parent":6238,"menu_order":0,"comment_status":"closed","ping_status":"closed","template":"elementor_header_footer","meta":{"_acf_changed":false,"inline_featured_image":false,"footnotes":""},"class_list":["post-5420","page","type-page","status-publish","has-post-thumbnail","hentry"],"acf":[],"yoast_head":"<!-- This site is optimized with the Yoast SEO plugin v27.1.1 - https:\/\/yoast.com\/product\/yoast-seo-wordpress\/ -->\n<title>R\u00e9activation du charbon actif - Chemviron<\/title>\n<meta name=\"description\" content=\"D\u00e9couvrez comment Chemviron accompagne votre entreprise vers une \u00e9conomie circulaire gr\u00e2ce \u00e0 la r\u00e9activation thermique du charbon actif.\" \/>\n<meta name=\"robots\" content=\"index, follow, max-snippet:-1, max-image-preview:large, max-video-preview:-1\" \/>\n<link rel=\"canonical\" href=\"https:\/\/www.chemviron.eu\/fr\/solutions-de-purification\/reactivation-du-charbon-actif\/\" \/>\n<meta property=\"og:locale\" content=\"fr_FR\" \/>\n<meta property=\"og:type\" content=\"article\" \/>\n<meta property=\"og:title\" content=\"R\u00e9activation du charbon actif - Chemviron\" \/>\n<meta property=\"og:description\" content=\"D\u00e9couvrez comment Chemviron accompagne votre entreprise vers une \u00e9conomie circulaire gr\u00e2ce \u00e0 la r\u00e9activation thermique du charbon actif.\" \/>\n<meta property=\"og:url\" content=\"https:\/\/www.chemviron.eu\/fr\/solutions-de-purification\/reactivation-du-charbon-actif\/\" \/>\n<meta property=\"og:site_name\" content=\"Chemviron\" \/>\n<meta property=\"article:modified_time\" content=\"2025-08-05T10:40:52+00:00\" \/>\n<meta property=\"og:image\" content=\"https:\/\/www.chemviron.eu\/wp-content\/uploads\/2025\/02\/Solutions_Reactivation-2-1024x723.png\" \/>\n\t<meta property=\"og:image:width\" content=\"1024\" \/>\n\t<meta property=\"og:image:height\" content=\"723\" \/>\n\t<meta property=\"og:image:type\" content=\"image\/png\" \/>\n<meta name=\"twitter:card\" content=\"summary_large_image\" \/>\n<meta name=\"twitter:label1\" content=\"Dur\u00e9e de lecture estim\u00e9e\" \/>\n\t<meta name=\"twitter:data1\" content=\"4 minutes\" \/>\n<script type=\"application\/ld+json\" class=\"yoast-schema-graph\">{\"@context\":\"https:\/\/schema.org\",\"@graph\":[{\"@type\":\"WebPage\",\"@id\":\"https:\/\/www.chemviron.eu\/fr\/solutions-de-purification\/reactivation-du-charbon-actif\/\",\"url\":\"https:\/\/www.chemviron.eu\/fr\/solutions-de-purification\/reactivation-du-charbon-actif\/\",\"name\":\"R\u00e9activation du charbon actif - Chemviron\",\"isPartOf\":{\"@id\":\"https:\/\/www.chemviron.eu\/fr\/#website\"},\"primaryImageOfPage\":{\"@id\":\"https:\/\/www.chemviron.eu\/fr\/solutions-de-purification\/reactivation-du-charbon-actif\/#primaryimage\"},\"image\":{\"@id\":\"https:\/\/www.chemviron.eu\/fr\/solutions-de-purification\/reactivation-du-charbon-actif\/#primaryimage\"},\"thumbnailUrl\":\"https:\/\/www.chemviron.eu\/wp-content\/uploads\/2025\/02\/Solutions_Reactivation-2.png\",\"datePublished\":\"2023-12-06T12:42:12+00:00\",\"dateModified\":\"2025-08-05T10:40:52+00:00\",\"description\":\"D\u00e9couvrez comment Chemviron accompagne votre entreprise vers une \u00e9conomie circulaire gr\u00e2ce \u00e0 la r\u00e9activation thermique du charbon actif.\",\"breadcrumb\":{\"@id\":\"https:\/\/www.chemviron.eu\/fr\/solutions-de-purification\/reactivation-du-charbon-actif\/#breadcrumb\"},\"inLanguage\":\"fr-FR\",\"potentialAction\":[{\"@type\":\"ReadAction\",\"target\":[\"https:\/\/www.chemviron.eu\/fr\/solutions-de-purification\/reactivation-du-charbon-actif\/\"]}]},{\"@type\":\"ImageObject\",\"inLanguage\":\"fr-FR\",\"@id\":\"https:\/\/www.chemviron.eu\/fr\/solutions-de-purification\/reactivation-du-charbon-actif\/#primaryimage\",\"url\":\"https:\/\/www.chemviron.eu\/wp-content\/uploads\/2025\/02\/Solutions_Reactivation-2.png\",\"contentUrl\":\"https:\/\/www.chemviron.eu\/wp-content\/uploads\/2025\/02\/Solutions_Reactivation-2.png\",\"width\":5313,\"height\":3750,\"caption\":\"Carbon reactivation\"},{\"@type\":\"BreadcrumbList\",\"@id\":\"https:\/\/www.chemviron.eu\/fr\/solutions-de-purification\/reactivation-du-charbon-actif\/#breadcrumb\",\"itemListElement\":[{\"@type\":\"ListItem\",\"position\":1,\"name\":\"Home\",\"item\":\"https:\/\/www.chemviron.eu\/fr\/\"},{\"@type\":\"ListItem\",\"position\":2,\"name\":\"Solutions\",\"item\":\"https:\/\/www.chemviron.eu\/fr\/solutions-de-purification\/\"},{\"@type\":\"ListItem\",\"position\":3,\"name\":\"R\u00e9activation du charbon actif\"}]},{\"@type\":\"WebSite\",\"@id\":\"https:\/\/www.chemviron.eu\/fr\/#website\",\"url\":\"https:\/\/www.chemviron.eu\/fr\/\",\"name\":\"Chemviron\",\"description\":\"The Purification Solutions Provider\",\"publisher\":{\"@id\":\"https:\/\/www.chemviron.eu\/fr\/#organization\"},\"potentialAction\":[{\"@type\":\"SearchAction\",\"target\":{\"@type\":\"EntryPoint\",\"urlTemplate\":\"https:\/\/www.chemviron.eu\/fr\/?s={search_term_string}\"},\"query-input\":{\"@type\":\"PropertyValueSpecification\",\"valueRequired\":true,\"valueName\":\"search_term_string\"}}],\"inLanguage\":\"fr-FR\"},{\"@type\":\"Organization\",\"@id\":\"https:\/\/www.chemviron.eu\/fr\/#organization\",\"name\":\"Chemviron\",\"url\":\"https:\/\/www.chemviron.eu\/fr\/\",\"logo\":{\"@type\":\"ImageObject\",\"inLanguage\":\"fr-FR\",\"@id\":\"https:\/\/www.chemviron.eu\/fr\/#\/schema\/logo\/image\/\",\"url\":\"https:\/\/www.chemviron.eu\/wp-content\/uploads\/2023\/12\/Chemviron-logo.jpg\",\"contentUrl\":\"https:\/\/www.chemviron.eu\/wp-content\/uploads\/2023\/12\/Chemviron-logo.jpg\",\"width\":1667,\"height\":833,\"caption\":\"Chemviron\"},\"image\":{\"@id\":\"https:\/\/www.chemviron.eu\/fr\/#\/schema\/logo\/image\/\"},\"sameAs\":[\"https:\/\/www.linkedin.com\/company\/chemviron\/\"]}]}<\/script>\n<!-- \/ Yoast SEO plugin. -->","yoast_head_json":{"title":"R\u00e9activation du charbon actif - Chemviron","description":"D\u00e9couvrez comment Chemviron accompagne votre entreprise vers une \u00e9conomie circulaire gr\u00e2ce \u00e0 la r\u00e9activation thermique du charbon actif.","robots":{"index":"index","follow":"follow","max-snippet":"max-snippet:-1","max-image-preview":"max-image-preview:large","max-video-preview":"max-video-preview:-1"},"canonical":"https:\/\/www.chemviron.eu\/fr\/solutions-de-purification\/reactivation-du-charbon-actif\/","og_locale":"fr_FR","og_type":"article","og_title":"R\u00e9activation du charbon actif - Chemviron","og_description":"D\u00e9couvrez comment Chemviron accompagne votre entreprise vers une \u00e9conomie circulaire gr\u00e2ce \u00e0 la r\u00e9activation thermique du charbon actif.","og_url":"https:\/\/www.chemviron.eu\/fr\/solutions-de-purification\/reactivation-du-charbon-actif\/","og_site_name":"Chemviron","article_modified_time":"2025-08-05T10:40:52+00:00","og_image":[{"width":1024,"height":723,"url":"https:\/\/www.chemviron.eu\/wp-content\/uploads\/2025\/02\/Solutions_Reactivation-2-1024x723.png","type":"image\/png"}],"twitter_card":"summary_large_image","twitter_misc":{"Dur\u00e9e de lecture estim\u00e9e":"4 minutes"},"schema":{"@context":"https:\/\/schema.org","@graph":[{"@type":"WebPage","@id":"https:\/\/www.chemviron.eu\/fr\/solutions-de-purification\/reactivation-du-charbon-actif\/","url":"https:\/\/www.chemviron.eu\/fr\/solutions-de-purification\/reactivation-du-charbon-actif\/","name":"R\u00e9activation du charbon actif - Chemviron","isPartOf":{"@id":"https:\/\/www.chemviron.eu\/fr\/#website"},"primaryImageOfPage":{"@id":"https:\/\/www.chemviron.eu\/fr\/solutions-de-purification\/reactivation-du-charbon-actif\/#primaryimage"},"image":{"@id":"https:\/\/www.chemviron.eu\/fr\/solutions-de-purification\/reactivation-du-charbon-actif\/#primaryimage"},"thumbnailUrl":"https:\/\/www.chemviron.eu\/wp-content\/uploads\/2025\/02\/Solutions_Reactivation-2.png","datePublished":"2023-12-06T12:42:12+00:00","dateModified":"2025-08-05T10:40:52+00:00","description":"D\u00e9couvrez comment Chemviron accompagne votre entreprise vers une \u00e9conomie circulaire gr\u00e2ce \u00e0 la r\u00e9activation thermique du charbon actif.","breadcrumb":{"@id":"https:\/\/www.chemviron.eu\/fr\/solutions-de-purification\/reactivation-du-charbon-actif\/#breadcrumb"},"inLanguage":"fr-FR","potentialAction":[{"@type":"ReadAction","target":["https:\/\/www.chemviron.eu\/fr\/solutions-de-purification\/reactivation-du-charbon-actif\/"]}]},{"@type":"ImageObject","inLanguage":"fr-FR","@id":"https:\/\/www.chemviron.eu\/fr\/solutions-de-purification\/reactivation-du-charbon-actif\/#primaryimage","url":"https:\/\/www.chemviron.eu\/wp-content\/uploads\/2025\/02\/Solutions_Reactivation-2.png","contentUrl":"https:\/\/www.chemviron.eu\/wp-content\/uploads\/2025\/02\/Solutions_Reactivation-2.png","width":5313,"height":3750,"caption":"Carbon reactivation"},{"@type":"BreadcrumbList","@id":"https:\/\/www.chemviron.eu\/fr\/solutions-de-purification\/reactivation-du-charbon-actif\/#breadcrumb","itemListElement":[{"@type":"ListItem","position":1,"name":"Home","item":"https:\/\/www.chemviron.eu\/fr\/"},{"@type":"ListItem","position":2,"name":"Solutions","item":"https:\/\/www.chemviron.eu\/fr\/solutions-de-purification\/"},{"@type":"ListItem","position":3,"name":"R\u00e9activation du charbon actif"}]},{"@type":"WebSite","@id":"https:\/\/www.chemviron.eu\/fr\/#website","url":"https:\/\/www.chemviron.eu\/fr\/","name":"Chemviron","description":"The Purification Solutions Provider","publisher":{"@id":"https:\/\/www.chemviron.eu\/fr\/#organization"},"potentialAction":[{"@type":"SearchAction","target":{"@type":"EntryPoint","urlTemplate":"https:\/\/www.chemviron.eu\/fr\/?s={search_term_string}"},"query-input":{"@type":"PropertyValueSpecification","valueRequired":true,"valueName":"search_term_string"}}],"inLanguage":"fr-FR"},{"@type":"Organization","@id":"https:\/\/www.chemviron.eu\/fr\/#organization","name":"Chemviron","url":"https:\/\/www.chemviron.eu\/fr\/","logo":{"@type":"ImageObject","inLanguage":"fr-FR","@id":"https:\/\/www.chemviron.eu\/fr\/#\/schema\/logo\/image\/","url":"https:\/\/www.chemviron.eu\/wp-content\/uploads\/2023\/12\/Chemviron-logo.jpg","contentUrl":"https:\/\/www.chemviron.eu\/wp-content\/uploads\/2023\/12\/Chemviron-logo.jpg","width":1667,"height":833,"caption":"Chemviron"},"image":{"@id":"https:\/\/www.chemviron.eu\/fr\/#\/schema\/logo\/image\/"},"sameAs":["https:\/\/www.linkedin.com\/company\/chemviron\/"]}]}},"_links":{"self":[{"href":"https:\/\/www.chemviron.eu\/fr\/wp-json\/wp\/v2\/pages\/5420","targetHints":{"allow":["GET"]}}],"collection":[{"href":"https:\/\/www.chemviron.eu\/fr\/wp-json\/wp\/v2\/pages"}],"about":[{"href":"https:\/\/www.chemviron.eu\/fr\/wp-json\/wp\/v2\/types\/page"}],"author":[{"embeddable":true,"href":"https:\/\/www.chemviron.eu\/fr\/wp-json\/wp\/v2\/users\/1"}],"replies":[{"embeddable":true,"href":"https:\/\/www.chemviron.eu\/fr\/wp-json\/wp\/v2\/comments?post=5420"}],"version-history":[{"count":5,"href":"https:\/\/www.chemviron.eu\/fr\/wp-json\/wp\/v2\/pages\/5420\/revisions"}],"predecessor-version":[{"id":10831,"href":"https:\/\/www.chemviron.eu\/fr\/wp-json\/wp\/v2\/pages\/5420\/revisions\/10831"}],"up":[{"embeddable":true,"href":"https:\/\/www.chemviron.eu\/fr\/wp-json\/wp\/v2\/pages\/6238"}],"wp:featuredmedia":[{"embeddable":true,"href":"https:\/\/www.chemviron.eu\/fr\/wp-json\/wp\/v2\/media\/10364"}],"wp:attachment":[{"href":"https:\/\/www.chemviron.eu\/fr\/wp-json\/wp\/v2\/media?parent=5420"}],"curies":[{"name":"wp","href":"https:\/\/api.w.org\/{rel}","templated":true}]}}