{"id":4779,"date":"2023-12-06T12:32:12","date_gmt":"2023-12-06T12:32:12","guid":{"rendered":"https:\/\/www.chemviron.eu\/applications\/purification-of-wastewater\/"},"modified":"2026-04-08T08:46:26","modified_gmt":"2026-04-08T08:46:26","slug":"epuration-des-eaux-usees","status":"publish","type":"page","link":"https:\/\/www.chemviron.eu\/fr\/applications\/epuration-des-eaux-usees\/","title":{"rendered":"\u00c9puration des eaux us\u00e9es"},"content":{"rendered":"\t\t<div data-elementor-type=\"wp-page\" data-elementor-id=\"4779\" class=\"elementor elementor-4779 elementor-625\" data-elementor-post-type=\"page\">\n\t\t\t\t<div class=\"elementor-element elementor-element-78d597c5 e-flex e-con-boxed e-con e-parent\" data-id=\"78d597c5\" data-element_type=\"container\" data-e-type=\"container\">\n\t\t\t\t\t<div class=\"e-con-inner\">\n\t\t<div class=\"elementor-element elementor-element-133757b1 e-con-full e-flex e-con e-child\" data-id=\"133757b1\" data-element_type=\"container\" data-e-type=\"container\">\n\t\t\t\t<div class=\"elementor-element elementor-element-42dd81ac elementor-invisible elementor-widget elementor-widget-heading\" data-id=\"42dd81ac\" data-element_type=\"widget\" data-e-type=\"widget\" data-settings=\"{&quot;_animation&quot;:&quot;fadeIn&quot;}\" data-widget_type=\"heading.default\">\n\t\t\t\t<div class=\"elementor-widget-container\">\n\t\t\t\t\t<h1 class=\"elementor-heading-title elementor-size-default\">\u00c9puration des eaux us\u00e9es<\/h1>\t\t\t\t<\/div>\n\t\t\t\t<\/div>\n\t\t\t\t<div class=\"elementor-element elementor-element-73ba9da1 elementor-invisible elementor-widget elementor-widget-heading\" data-id=\"73ba9da1\" data-element_type=\"widget\" data-e-type=\"widget\" data-settings=\"{&quot;_animation&quot;:&quot;fadeIn&quot;,&quot;_animation_delay&quot;:400}\" data-widget_type=\"heading.default\">\n\t\t\t\t<div class=\"elementor-widget-container\">\n\t\t\t\t\t<h2 class=\"elementor-heading-title elementor-size-default\">Chemviron offre un service complet de purification des eaux us\u00e9es industrielles pour l'adsorption des contaminants nocifs \u00e0 l'aide de notre service d\u2019\u00e9quipements mobiles, de la technologie du charbon actif et du recyclage du charbon actif satur\u00e9.<\/h2>\t\t\t\t<\/div>\n\t\t\t\t<\/div>\n\t\t\t\t<\/div>\n\t\t<div data-dce-background-image-url=\"https:\/\/www.chemviron.eu\/wp-content\/uploads\/2026\/02\/Wastewater-plant-1-scaled.jpeg\" class=\"elementor-element elementor-element-2750dc0c e-con-full e-flex e-con e-child\" data-id=\"2750dc0c\" data-element_type=\"container\" data-e-type=\"container\" data-settings=\"{&quot;background_background&quot;:&quot;classic&quot;}\">\n\t\t\t\t<\/div>\n\t\t\t\t\t<\/div>\n\t\t\t\t<\/div>\n\t\t<div data-dce-background-overlay-image-url=\"https:\/\/www.chemviron.eu\/wp-content\/uploads\/2024\/01\/kuraray_circle_grid_landscape_rgb.svg\" class=\"elementor-element elementor-element-50179175 e-flex e-con-boxed e-con e-parent\" data-id=\"50179175\" data-element_type=\"container\" data-e-type=\"container\">\n\t\t\t\t\t<div class=\"e-con-inner\">\n\t\t<div class=\"elementor-element elementor-element-1d73ad3f e-con-full e-flex e-con e-child\" data-id=\"1d73ad3f\" data-element_type=\"container\" data-e-type=\"container\">\n\t\t\t\t<div class=\"elementor-element elementor-element-28db6103 elementor-widget-mobile__width-inherit elementor-widget elementor-widget-text-editor\" data-id=\"28db6103\" data-element_type=\"widget\" data-e-type=\"widget\" data-widget_type=\"text-editor.default\">\n\t\t\t\t<div class=\"elementor-widget-container\">\n\t\t\t\t\t\t\t\t\t<p>La protection de l&#8217;environnement, ainsi que le maintien de la propret\u00e9 et de la s\u00e9curit\u00e9 de l&#8217;eau, sont essentiels pour prot\u00e9ger la sant\u00e9 publique et assurer l&#8217;avenir de notre plan\u00e8te. Chemviron offre une gamme de solutions et travaille en \u00e9troite collaboration avec ses clients pour r\u00e9duire l&#8217;impact environnemental des activit\u00e9s humaines sur nos pr\u00e9cieuses ressources en eau.<\/p>\t\t\t\t\t\t\t\t<\/div>\n\t\t\t\t<\/div>\n\t\t\t\t<div class=\"elementor-element elementor-element-602b5da9 elementor-widget elementor-widget-heading\" data-id=\"602b5da9\" data-element_type=\"widget\" data-e-type=\"widget\" data-widget_type=\"heading.default\">\n\t\t\t\t<div class=\"elementor-widget-container\">\n\t\t\t\t\t<h3 class=\"elementor-heading-title elementor-size-default\">\u00c9puration des eaux us\u00e9es par la technologie du charbon actif\n<\/h3>\t\t\t\t<\/div>\n\t\t\t\t<\/div>\n\t\t\t\t<div class=\"elementor-element elementor-element-1c9ddb03 elementor-widget-mobile__width-inherit elementor-widget elementor-widget-text-editor\" data-id=\"1c9ddb03\" data-element_type=\"widget\" data-e-type=\"widget\" data-widget_type=\"text-editor.default\">\n\t\t\t\t<div class=\"elementor-widget-container\">\n\t\t\t\t\t\t\t\t\t<div><p>Les eaux us\u00e9es industrielles et municipales peuvent contenir tout un \u00e9ventail de polluants qui peuvent nuire \u00e0 l&#8217;\u00e9cosyst\u00e8me des rivi\u00e8res, des ruisseaux et des lacs dans lesquels elles sont d\u00e9vers\u00e9es, compromettant ainsi la s\u00e9curit\u00e9 et la qualit\u00e9 des eaux de surface et souterraines.<\/p><p>Les eaux souterraines contamin\u00e9es par des activit\u00e9s industrielles pass\u00e9es, des r\u00e9servoirs de stockage souterrains, des d\u00e9versements accidentels ou des d\u00e9charges peuvent contenir des produits chimiques organiques non biod\u00e9gradables, tels que des PFAS, des pesticides et d&#8217;autres contaminants nocifs. Ces substances, qui suscitent de nouvelles inqui\u00e9tudes, peuvent avoir un impact significatif sur l&#8217;environnement.<\/p><p>L&#8217;adsorption sur charbon actif, qu&#8217;il soit en grain ou en poudre, est une solution tr\u00e8s efficace pour \u00e9liminer de nombreux polluants organiques et autres contaminants pr\u00e9sents dans l&#8217;eau. Cette m\u00e9thode permet de rejeter les eaux trait\u00e9es en toute s\u00e9curit\u00e9 dans le cadre du traitement des eaux et de l\u2019assainissement des sols. La technologie de charbon actif d\u00e9velopp\u00e9e par Chemviron simplifie et s\u00e9curise le traitement de l&#8217;eau, offrant une solution de purification performante depuis de nombreuses ann\u00e9es.<\/p><\/div><div><p><a href=\"https:\/\/www.chemviron.eu\/fr\/contact\/\"><strong>Contactez notre service technique<\/strong><\/a> pour discuter des solutions de traitement possibles.<\/p><\/div>\t\t\t\t\t\t\t\t<\/div>\n\t\t\t\t<\/div>\n\t\t\t\t<div class=\"elementor-element elementor-element-d15fc5f elementor-widget elementor-widget-heading\" data-id=\"d15fc5f\" data-element_type=\"widget\" data-e-type=\"widget\" data-widget_type=\"heading.default\">\n\t\t\t\t<div class=\"elementor-widget-container\">\n\t\t\t\t\t<h4 class=\"elementor-heading-title elementor-size-default\">Pourquoi choisir Chemviron comme partenaire ?<\/h4>\t\t\t\t<\/div>\n\t\t\t\t<\/div>\n\t\t\t\t<div class=\"elementor-element elementor-element-ca2124a elementor-widget-mobile__width-inherit elementor-widget elementor-widget-text-editor\" data-id=\"ca2124a\" data-element_type=\"widget\" data-e-type=\"widget\" data-widget_type=\"text-editor.default\">\n\t\t\t\t<div class=\"elementor-widget-container\">\n\t\t\t\t\t\t\t\t\t<div><p>Chemviron fournit depuis plus de 40 ans des solutions d\u2019\u00e9quipements mobiles avec du charbon actif, con\u00e7ues sur mesure et facilement disponibles, afin de r\u00e9pondre aux exigences d&#8217;\u00e9vacuation de quelques litres par minute \u00e0 des centaines de m\u00e8tres cubes par heure.<\/p><\/div><div><p>Depuis les premiers jours des syst\u00e8mes skid, en passant par les unit\u00e9s conteneuris\u00e9es standard et jusqu&#8217;au <strong><a href=\"https:\/\/www.chemviron.eu\/fr\/solutions\/filtres-mobiles-a-charbon-actif\/eau-et-liquides\/\">service mobile de filtres \u00e0 charbon CYCLESORB\u00ae<\/a><\/strong> actuel con\u00e7us sur mesure, Chemviron a d\u00e9velopp\u00e9 les capacit\u00e9s n\u00e9cessaires pour comprendre et r\u00e9pondre aux attentes de ses clients.<\/p><\/div><div><p>Une grande expertise et une compr\u00e9hension d\u00e9taill\u00e9e des exigences des clients ont permis \u00e0 Chemviron de fournir un service complet de purification et de recyclage (r\u00e9activation) afin d&#8217;aider les installations d&#8217;exploitation \u00e0 respecter les r\u00e9glementations exigeantes en mati\u00e8re de rejets d&#8217;eaux us\u00e9es.<\/p><\/div><div>Chemviron propose un ensemble complet de solutions d&#8217;\u00e9puration des eaux us\u00e9es, notamment :<\/div><div>\u00a0<\/div><div><ul><li>Support technique pour conseiller sur le charbon actif et la solution de service appropri\u00e9s \u00e0 l&#8217;application &#8211; contactez un repr\u00e9sentant pour en savoir plus.<\/li><li>Le service mobile de filtres \u00e0 charbon de la vaste gamme <strong><a href=\"https:\/\/www.chemviron.eu\/fr\/solutions\/filtres-mobiles-a-charbon-actif\/eau-et-liquides\/\">d&#8217;adsorbeurs mobiles CYCLESORB\u00ae<\/a><\/strong>, disponibles en location, livr\u00e9s rapidement et facilement install\u00e9s sur site pour une utilisation imm\u00e9diate.<\/li><li>La fourniture d&#8217;un charbon actif de haute qualit\u00e9, fourni par notre soci\u00e9t\u00e9, le plus grand producteur mondial de charbons actifs, et s\u00e9lectionn\u00e9 pour l&#8217;application, qui est pr\u00e9install\u00e9 dans les \u00e9quipements mobiles.<\/li><li>Remplacement du filtre \u00e0 charbon usag\u00e9 par une unit\u00e9 neuve, ce qui \u00e9limine la n\u00e9cessit\u00e9 de remplacer le charbon usag\u00e9 sur site.<\/li><li>Ce charbon usag\u00e9 peut \u00eatre renvoy\u00e9, dans la plupart des cas, \u00e0 l&#8217;une des installations de recyclage de Chemviron pour \u00eatre r\u00e9activ\u00e9 et r\u00e9utilis\u00e9.<\/li><\/ul><\/div>\t\t\t\t\t\t\t\t<\/div>\n\t\t\t\t<\/div>\n\t\t\t\t<div class=\"elementor-element elementor-element-e1ab471 elementor-widget elementor-widget-heading\" data-id=\"e1ab471\" data-element_type=\"widget\" data-e-type=\"widget\" data-widget_type=\"heading.default\">\n\t\t\t\t<div class=\"elementor-widget-container\">\n\t\t\t\t\t<h4 class=\"elementor-heading-title elementor-size-default\">Chemviron en mati\u00e8re de d\u00e9veloppement durable<\/h4>\t\t\t\t<\/div>\n\t\t\t\t<\/div>\n\t\t\t\t<div class=\"elementor-element elementor-element-8b0ae1f elementor-widget-mobile__width-inherit elementor-widget elementor-widget-text-editor\" data-id=\"8b0ae1f\" data-element_type=\"widget\" data-e-type=\"widget\" data-widget_type=\"text-editor.default\">\n\t\t\t\t<div class=\"elementor-widget-container\">\n\t\t\t\t\t\t\t\t\t<p>Chemviron est le plus grand recycleur (ou r\u00e9activateur) de charbons actifs au monde, avec des installations d\u00e9di\u00e9es \u00e0 la r\u00e9activation des charbons potables\/alimentaires \u00e0 travers l&#8217;Europe. L&#8217;engagement continu de l&#8217;entreprise \u00e0 d\u00e9velopper ses capacit\u00e9s de r\u00e9activation a permis \u00e0 Chemviron de mettre au point des proc\u00e9d\u00e9s innovants pour recycler les charbons actifs, contribuant ainsi \u00e0 r\u00e9duire notre empreinte carbone.<\/p><div><p>Le charbon actif satur\u00e9 est recycl\u00e9 thermiquement (ou r\u00e9activ\u00e9) dans l\u2019un des fours con\u00e7us par Chemviron. Ces fours permettent un contr\u00f4le optimal des op\u00e9rations afin de garantir la destruction des contaminants adsorb\u00e9s et de permettre de r\u00e9employer le charbon satur\u00e9.<\/p><\/div><div><p>En alliant r\u00e9activation et charbons actifs hautement performants, Chemviron offre \u00e0 ses clients une solution de purification \u00e0 la fois rentable et durable.<\/p><\/div>\t\t\t\t\t\t\t\t<\/div>\n\t\t\t\t<\/div>\n\t\t\t\t<\/div>\n\t\t\t\t\t<\/div>\n\t\t\t\t<\/div>\n\t\t<div class=\"elementor-element elementor-element-bbee6d8 e-flex e-con-boxed elementor-invisible e-con e-parent\" data-id=\"bbee6d8\" data-element_type=\"container\" data-e-type=\"container\" data-settings=\"{&quot;animation&quot;:&quot;fadeInUp&quot;}\">\n\t\t\t\t\t<div class=\"e-con-inner\">\n\t\t<div data-dce-background-color=\"#FFF4DA\" class=\"elementor-element elementor-element-b0a1cba e-con-full e-flex e-con e-child\" data-id=\"b0a1cba\" data-element_type=\"container\" data-e-type=\"container\" data-settings=\"{&quot;background_background&quot;:&quot;classic&quot;}\">\n\t\t\t\t<div class=\"elementor-element elementor-element-4757689 dce_masking-none elementor-widget elementor-widget-image\" data-id=\"4757689\" data-element_type=\"widget\" data-e-type=\"widget\" data-widget_type=\"image.default\">\n\t\t\t\t<div class=\"elementor-widget-container\">\n\t\t\t\t\t\t\t\t\t\t\t\t\t\t\t<img decoding=\"async\" width=\"136\" height=\"136\" src=\"https:\/\/www.chemviron.eu\/wp-content\/uploads\/2024\/01\/kuraray_pictogram_user-negative-1.png\" class=\"attachment-large size-large wp-image-1986\" alt=\"\" \/>\t\t\t\t\t\t\t\t\t\t\t\t\t\t\t<\/div>\n\t\t\t\t<\/div>\n\t\t\t\t<\/div>\n\t\t<div data-dce-background-color=\"#FFF4DA\" class=\"elementor-element elementor-element-435f436 e-con-full e-flex e-con e-child\" data-id=\"435f436\" data-element_type=\"container\" data-e-type=\"container\" data-settings=\"{&quot;background_background&quot;:&quot;classic&quot;}\">\n\t\t\t\t<div class=\"elementor-element elementor-element-31a2686 elementor-widget elementor-widget-heading\" data-id=\"31a2686\" data-element_type=\"widget\" data-e-type=\"widget\" data-widget_type=\"heading.default\">\n\t\t\t\t<div class=\"elementor-widget-container\">\n\t\t\t\t\t<h4 class=\"elementor-heading-title elementor-size-default\">Contactez notre \u00e9quipe technique pour plus d'informations.<\/h4>\t\t\t\t<\/div>\n\t\t\t\t<\/div>\n\t\t\t\t<div class=\"elementor-element elementor-element-cfecd97 elementor-widget elementor-widget-button\" data-id=\"cfecd97\" data-element_type=\"widget\" data-e-type=\"widget\" data-widget_type=\"button.default\">\n\t\t\t\t<div class=\"elementor-widget-container\">\n\t\t\t\t\t\t\t\t\t<div class=\"elementor-button-wrapper\">\n\t\t\t\t\t<a class=\"elementor-button elementor-button-link elementor-size-sm\" href=\"https:\/\/www.chemviron.eu\/fr\/contact\/\">\n\t\t\t\t\t\t<span class=\"elementor-button-content-wrapper\">\n\t\t\t\t\t\t\t\t\t<span class=\"elementor-button-text\">Contactez-nous<\/span>\n\t\t\t\t\t<\/span>\n\t\t\t\t\t<\/a>\n\t\t\t\t<\/div>\n\t\t\t\t\t\t\t\t<\/div>\n\t\t\t\t<\/div>\n\t\t\t\t<\/div>\n\t\t\t\t\t<\/div>\n\t\t\t\t<\/div>\n\t\t\t\t<\/div>\n\t\t","protected":false},"excerpt":{"rendered":"<p>\u00c9puration des eaux us\u00e9es Chemviron offre un service complet de purification des eaux us\u00e9es industrielles pour l&#8217;adsorption des contaminants nocifs \u00e0 l&#8217;aide de notre service d\u2019\u00e9quipements mobiles, de la technologie du charbon actif et du recyclage du charbon actif satur\u00e9. La protection de l&#8217;environnement, ainsi que le maintien de la propret\u00e9 et de la s\u00e9curit\u00e9 [&hellip;]<\/p>\n","protected":false},"author":1,"featured_media":13714,"parent":6336,"menu_order":0,"comment_status":"closed","ping_status":"closed","template":"elementor_header_footer","meta":{"_acf_changed":false,"inline_featured_image":false,"footnotes":""},"class_list":["post-4779","page","type-page","status-publish","has-post-thumbnail","hentry"],"acf":[],"yoast_head":"<!-- This site is optimized with the Yoast SEO plugin v27.3 - https:\/\/yoast.com\/product\/yoast-seo-wordpress\/ -->\n<title>\u00c9puration des eaux us\u00e9es<\/title>\n<meta name=\"description\" content=\"Solutions d&#039;\u00e9puration des eaux us\u00e9es visant \u00e0 \u00e9liminer les contaminants nocifs et \u00e0 r\u00e9duire leur impact sur l&#039;environnement.\" \/>\n<meta name=\"robots\" content=\"index, follow, max-snippet:-1, max-image-preview:large, max-video-preview:-1\" \/>\n<link rel=\"canonical\" href=\"https:\/\/www.chemviron.eu\/fr\/applications\/epuration-des-eaux-usees\/\" \/>\n<meta property=\"og:locale\" content=\"fr_FR\" \/>\n<meta property=\"og:type\" content=\"article\" \/>\n<meta property=\"og:title\" content=\"\u00c9puration des eaux us\u00e9es\" \/>\n<meta property=\"og:description\" content=\"Solutions d&#039;\u00e9puration des eaux us\u00e9es visant \u00e0 \u00e9liminer les contaminants nocifs et \u00e0 r\u00e9duire leur impact sur l&#039;environnement.\" \/>\n<meta property=\"og:url\" content=\"https:\/\/www.chemviron.eu\/fr\/applications\/epuration-des-eaux-usees\/\" \/>\n<meta property=\"og:site_name\" content=\"Chemviron\" \/>\n<meta property=\"article:modified_time\" content=\"2026-04-08T08:46:26+00:00\" \/>\n<meta property=\"og:image\" content=\"https:\/\/www.chemviron.eu\/wp-content\/uploads\/2026\/02\/Wastewater-plant-scaled.jpeg\" \/>\n\t<meta property=\"og:image:width\" content=\"2560\" \/>\n\t<meta property=\"og:image:height\" content=\"1463\" \/>\n\t<meta property=\"og:image:type\" content=\"image\/jpeg\" \/>\n<meta name=\"twitter:card\" content=\"summary_large_image\" \/>\n<meta name=\"twitter:label1\" content=\"Dur\u00e9e de lecture estim\u00e9e\" \/>\n\t<meta name=\"twitter:data1\" content=\"4 minutes\" \/>\n<script type=\"application\/ld+json\" class=\"yoast-schema-graph\">{\"@context\":\"https:\\\/\\\/schema.org\",\"@graph\":[{\"@type\":\"WebPage\",\"@id\":\"https:\\\/\\\/www.chemviron.eu\\\/fr\\\/applications\\\/epuration-des-eaux-usees\\\/\",\"url\":\"https:\\\/\\\/www.chemviron.eu\\\/fr\\\/applications\\\/epuration-des-eaux-usees\\\/\",\"name\":\"\u00c9puration des eaux us\u00e9es\",\"isPartOf\":{\"@id\":\"https:\\\/\\\/www.chemviron.eu\\\/fr\\\/#website\"},\"primaryImageOfPage\":{\"@id\":\"https:\\\/\\\/www.chemviron.eu\\\/fr\\\/applications\\\/epuration-des-eaux-usees\\\/#primaryimage\"},\"image\":{\"@id\":\"https:\\\/\\\/www.chemviron.eu\\\/fr\\\/applications\\\/epuration-des-eaux-usees\\\/#primaryimage\"},\"thumbnailUrl\":\"https:\\\/\\\/www.chemviron.eu\\\/wp-content\\\/uploads\\\/2026\\\/02\\\/Wastewater-plant-scaled.jpeg\",\"datePublished\":\"2023-12-06T12:32:12+00:00\",\"dateModified\":\"2026-04-08T08:46:26+00:00\",\"description\":\"Solutions d'\u00e9puration des eaux us\u00e9es visant \u00e0 \u00e9liminer les contaminants nocifs et \u00e0 r\u00e9duire leur impact sur l'environnement.\",\"breadcrumb\":{\"@id\":\"https:\\\/\\\/www.chemviron.eu\\\/fr\\\/applications\\\/epuration-des-eaux-usees\\\/#breadcrumb\"},\"inLanguage\":\"fr-FR\",\"potentialAction\":[{\"@type\":\"ReadAction\",\"target\":[\"https:\\\/\\\/www.chemviron.eu\\\/fr\\\/applications\\\/epuration-des-eaux-usees\\\/\"]}]},{\"@type\":\"ImageObject\",\"inLanguage\":\"fr-FR\",\"@id\":\"https:\\\/\\\/www.chemviron.eu\\\/fr\\\/applications\\\/epuration-des-eaux-usees\\\/#primaryimage\",\"url\":\"https:\\\/\\\/www.chemviron.eu\\\/wp-content\\\/uploads\\\/2026\\\/02\\\/Wastewater-plant-scaled.jpeg\",\"contentUrl\":\"https:\\\/\\\/www.chemviron.eu\\\/wp-content\\\/uploads\\\/2026\\\/02\\\/Wastewater-plant-scaled.jpeg\",\"width\":2560,\"height\":1463,\"caption\":\"wastewater-purification-solution-with-activated-carbon\"},{\"@type\":\"BreadcrumbList\",\"@id\":\"https:\\\/\\\/www.chemviron.eu\\\/fr\\\/applications\\\/epuration-des-eaux-usees\\\/#breadcrumb\",\"itemListElement\":[{\"@type\":\"ListItem\",\"position\":1,\"name\":\"Home\",\"item\":\"https:\\\/\\\/www.chemviron.eu\\\/fr\\\/\"},{\"@type\":\"ListItem\",\"position\":2,\"name\":\"Applications\",\"item\":\"https:\\\/\\\/www.chemviron.eu\\\/fr\\\/applications\\\/\"},{\"@type\":\"ListItem\",\"position\":3,\"name\":\"\u00c9puration des eaux us\u00e9es\"}]},{\"@type\":\"WebSite\",\"@id\":\"https:\\\/\\\/www.chemviron.eu\\\/fr\\\/#website\",\"url\":\"https:\\\/\\\/www.chemviron.eu\\\/fr\\\/\",\"name\":\"Chemviron\",\"description\":\"The Purification Solutions Provider\",\"publisher\":{\"@id\":\"https:\\\/\\\/www.chemviron.eu\\\/fr\\\/#organization\"},\"potentialAction\":[{\"@type\":\"SearchAction\",\"target\":{\"@type\":\"EntryPoint\",\"urlTemplate\":\"https:\\\/\\\/www.chemviron.eu\\\/fr\\\/?s={search_term_string}\"},\"query-input\":{\"@type\":\"PropertyValueSpecification\",\"valueRequired\":true,\"valueName\":\"search_term_string\"}}],\"inLanguage\":\"fr-FR\"},{\"@type\":\"Organization\",\"@id\":\"https:\\\/\\\/www.chemviron.eu\\\/fr\\\/#organization\",\"name\":\"Chemviron\",\"url\":\"https:\\\/\\\/www.chemviron.eu\\\/fr\\\/\",\"logo\":{\"@type\":\"ImageObject\",\"inLanguage\":\"fr-FR\",\"@id\":\"https:\\\/\\\/www.chemviron.eu\\\/fr\\\/#\\\/schema\\\/logo\\\/image\\\/\",\"url\":\"https:\\\/\\\/www.chemviron.eu\\\/wp-content\\\/uploads\\\/2023\\\/12\\\/Chemviron-logo.jpg\",\"contentUrl\":\"https:\\\/\\\/www.chemviron.eu\\\/wp-content\\\/uploads\\\/2023\\\/12\\\/Chemviron-logo.jpg\",\"width\":1667,\"height\":833,\"caption\":\"Chemviron\"},\"image\":{\"@id\":\"https:\\\/\\\/www.chemviron.eu\\\/fr\\\/#\\\/schema\\\/logo\\\/image\\\/\"},\"sameAs\":[\"https:\\\/\\\/www.linkedin.com\\\/company\\\/chemviron\\\/\"]}]}<\/script>\n<!-- \/ Yoast SEO plugin. -->","yoast_head_json":{"title":"\u00c9puration des eaux us\u00e9es","description":"Solutions d'\u00e9puration des eaux us\u00e9es visant \u00e0 \u00e9liminer les contaminants nocifs et \u00e0 r\u00e9duire leur impact sur l'environnement.","robots":{"index":"index","follow":"follow","max-snippet":"max-snippet:-1","max-image-preview":"max-image-preview:large","max-video-preview":"max-video-preview:-1"},"canonical":"https:\/\/www.chemviron.eu\/fr\/applications\/epuration-des-eaux-usees\/","og_locale":"fr_FR","og_type":"article","og_title":"\u00c9puration des eaux us\u00e9es","og_description":"Solutions d'\u00e9puration des eaux us\u00e9es visant \u00e0 \u00e9liminer les contaminants nocifs et \u00e0 r\u00e9duire leur impact sur l'environnement.","og_url":"https:\/\/www.chemviron.eu\/fr\/applications\/epuration-des-eaux-usees\/","og_site_name":"Chemviron","article_modified_time":"2026-04-08T08:46:26+00:00","og_image":[{"width":2560,"height":1463,"url":"https:\/\/www.chemviron.eu\/wp-content\/uploads\/2026\/02\/Wastewater-plant-scaled.jpeg","type":"image\/jpeg"}],"twitter_card":"summary_large_image","twitter_misc":{"Dur\u00e9e de lecture estim\u00e9e":"4 minutes"},"schema":{"@context":"https:\/\/schema.org","@graph":[{"@type":"WebPage","@id":"https:\/\/www.chemviron.eu\/fr\/applications\/epuration-des-eaux-usees\/","url":"https:\/\/www.chemviron.eu\/fr\/applications\/epuration-des-eaux-usees\/","name":"\u00c9puration des eaux us\u00e9es","isPartOf":{"@id":"https:\/\/www.chemviron.eu\/fr\/#website"},"primaryImageOfPage":{"@id":"https:\/\/www.chemviron.eu\/fr\/applications\/epuration-des-eaux-usees\/#primaryimage"},"image":{"@id":"https:\/\/www.chemviron.eu\/fr\/applications\/epuration-des-eaux-usees\/#primaryimage"},"thumbnailUrl":"https:\/\/www.chemviron.eu\/wp-content\/uploads\/2026\/02\/Wastewater-plant-scaled.jpeg","datePublished":"2023-12-06T12:32:12+00:00","dateModified":"2026-04-08T08:46:26+00:00","description":"Solutions d'\u00e9puration des eaux us\u00e9es visant \u00e0 \u00e9liminer les contaminants nocifs et \u00e0 r\u00e9duire leur impact sur l'environnement.","breadcrumb":{"@id":"https:\/\/www.chemviron.eu\/fr\/applications\/epuration-des-eaux-usees\/#breadcrumb"},"inLanguage":"fr-FR","potentialAction":[{"@type":"ReadAction","target":["https:\/\/www.chemviron.eu\/fr\/applications\/epuration-des-eaux-usees\/"]}]},{"@type":"ImageObject","inLanguage":"fr-FR","@id":"https:\/\/www.chemviron.eu\/fr\/applications\/epuration-des-eaux-usees\/#primaryimage","url":"https:\/\/www.chemviron.eu\/wp-content\/uploads\/2026\/02\/Wastewater-plant-scaled.jpeg","contentUrl":"https:\/\/www.chemviron.eu\/wp-content\/uploads\/2026\/02\/Wastewater-plant-scaled.jpeg","width":2560,"height":1463,"caption":"wastewater-purification-solution-with-activated-carbon"},{"@type":"BreadcrumbList","@id":"https:\/\/www.chemviron.eu\/fr\/applications\/epuration-des-eaux-usees\/#breadcrumb","itemListElement":[{"@type":"ListItem","position":1,"name":"Home","item":"https:\/\/www.chemviron.eu\/fr\/"},{"@type":"ListItem","position":2,"name":"Applications","item":"https:\/\/www.chemviron.eu\/fr\/applications\/"},{"@type":"ListItem","position":3,"name":"\u00c9puration des eaux us\u00e9es"}]},{"@type":"WebSite","@id":"https:\/\/www.chemviron.eu\/fr\/#website","url":"https:\/\/www.chemviron.eu\/fr\/","name":"Chemviron","description":"The Purification Solutions Provider","publisher":{"@id":"https:\/\/www.chemviron.eu\/fr\/#organization"},"potentialAction":[{"@type":"SearchAction","target":{"@type":"EntryPoint","urlTemplate":"https:\/\/www.chemviron.eu\/fr\/?s={search_term_string}"},"query-input":{"@type":"PropertyValueSpecification","valueRequired":true,"valueName":"search_term_string"}}],"inLanguage":"fr-FR"},{"@type":"Organization","@id":"https:\/\/www.chemviron.eu\/fr\/#organization","name":"Chemviron","url":"https:\/\/www.chemviron.eu\/fr\/","logo":{"@type":"ImageObject","inLanguage":"fr-FR","@id":"https:\/\/www.chemviron.eu\/fr\/#\/schema\/logo\/image\/","url":"https:\/\/www.chemviron.eu\/wp-content\/uploads\/2023\/12\/Chemviron-logo.jpg","contentUrl":"https:\/\/www.chemviron.eu\/wp-content\/uploads\/2023\/12\/Chemviron-logo.jpg","width":1667,"height":833,"caption":"Chemviron"},"image":{"@id":"https:\/\/www.chemviron.eu\/fr\/#\/schema\/logo\/image\/"},"sameAs":["https:\/\/www.linkedin.com\/company\/chemviron\/"]}]}},"_links":{"self":[{"href":"https:\/\/www.chemviron.eu\/fr\/wp-json\/wp\/v2\/pages\/4779","targetHints":{"allow":["GET"]}}],"collection":[{"href":"https:\/\/www.chemviron.eu\/fr\/wp-json\/wp\/v2\/pages"}],"about":[{"href":"https:\/\/www.chemviron.eu\/fr\/wp-json\/wp\/v2\/types\/page"}],"author":[{"embeddable":true,"href":"https:\/\/www.chemviron.eu\/fr\/wp-json\/wp\/v2\/users\/1"}],"replies":[{"embeddable":true,"href":"https:\/\/www.chemviron.eu\/fr\/wp-json\/wp\/v2\/comments?post=4779"}],"version-history":[{"count":5,"href":"https:\/\/www.chemviron.eu\/fr\/wp-json\/wp\/v2\/pages\/4779\/revisions"}],"predecessor-version":[{"id":15086,"href":"https:\/\/www.chemviron.eu\/fr\/wp-json\/wp\/v2\/pages\/4779\/revisions\/15086"}],"up":[{"embeddable":true,"href":"https:\/\/www.chemviron.eu\/fr\/wp-json\/wp\/v2\/pages\/6336"}],"wp:featuredmedia":[{"embeddable":true,"href":"https:\/\/www.chemviron.eu\/fr\/wp-json\/wp\/v2\/media\/13714"}],"wp:attachment":[{"href":"https:\/\/www.chemviron.eu\/fr\/wp-json\/wp\/v2\/media?parent=4779"}],"curies":[{"name":"wp","href":"https:\/\/api.w.org\/{rel}","templated":true}]}}