{"id":14249,"date":"2023-12-06T12:32:31","date_gmt":"2023-12-06T12:32:31","guid":{"rendered":"https:\/\/www.chemviron.eu\/aplicaciones\/remediacion\/"},"modified":"2026-03-02T07:27:25","modified_gmt":"2026-03-02T07:27:25","slug":"remediacion","status":"publish","type":"page","link":"https:\/\/www.chemviron.eu\/es\/aplicaciones\/remediacion\/","title":{"rendered":"Remediaci\u00f3n"},"content":{"rendered":"\t\t<div data-elementor-type=\"wp-page\" data-elementor-id=\"14249\" class=\"elementor elementor-14249 elementor-627\" data-elementor-post-type=\"page\">\n\t\t\t\t<div class=\"elementor-element elementor-element-62c1d522 e-flex e-con-boxed e-con e-parent\" data-id=\"62c1d522\" data-element_type=\"container\" data-e-type=\"container\">\n\t\t\t\t\t<div class=\"e-con-inner\">\n\t\t<div class=\"elementor-element elementor-element-2c79ba97 e-con-full e-flex e-con e-child\" data-id=\"2c79ba97\" data-element_type=\"container\" data-e-type=\"container\">\n\t\t\t\t<div class=\"elementor-element elementor-element-6b651464 elementor-invisible elementor-widget elementor-widget-heading\" data-id=\"6b651464\" data-element_type=\"widget\" data-e-type=\"widget\" data-settings=\"{&quot;_animation&quot;:&quot;fadeIn&quot;}\" data-widget_type=\"heading.default\">\n\t\t\t\t<div class=\"elementor-widget-container\">\n\t\t\t\t\t<h1 class=\"elementor-heading-title elementor-size-default\">Remediaci\u00f3n<\/h1>\t\t\t\t<\/div>\n\t\t\t\t<\/div>\n\t\t\t\t<div class=\"elementor-element elementor-element-4db961bb elementor-invisible elementor-widget elementor-widget-heading\" data-id=\"4db961bb\" data-element_type=\"widget\" data-e-type=\"widget\" data-settings=\"{&quot;_animation&quot;:&quot;fadeIn&quot;,&quot;_animation_delay&quot;:400}\" data-widget_type=\"heading.default\">\n\t\t\t\t<div class=\"elementor-widget-container\">\n\t\t\t\t\t<h2 class=\"elementor-heading-title elementor-size-default\">Chemviron proporciona un servicio integral de purificaci\u00f3n para la adsorci\u00f3n de contaminantes nocivos del aire y el agua mediante nuestro servicio de filtros de carb\u00f3n m\u00f3viles, tecnolog\u00eda de carb\u00f3n activado y reciclaje del carb\u00f3n activado agotado. <\/h2>\t\t\t\t<\/div>\n\t\t\t\t<\/div>\n\t\t\t\t<\/div>\n\t\t<div data-dce-background-image-url=\"https:\/\/www.chemviron.eu\/wp-content\/uploads\/2026\/02\/Remediation-1-scaled.jpeg\" class=\"elementor-element elementor-element-3d898c1 e-con-full e-flex e-con e-child\" data-id=\"3d898c1\" data-element_type=\"container\" data-e-type=\"container\" data-settings=\"{&quot;background_background&quot;:&quot;classic&quot;}\">\n\t\t\t\t<\/div>\n\t\t\t\t\t<\/div>\n\t\t\t\t<\/div>\n\t\t<div data-dce-background-overlay-image-url=\"https:\/\/www.chemviron.eu\/wp-content\/uploads\/2024\/01\/kuraray_circle_grid_landscape_rgb.svg\" class=\"elementor-element elementor-element-675507ea e-flex e-con-boxed e-con e-parent\" data-id=\"675507ea\" data-element_type=\"container\" data-e-type=\"container\">\n\t\t\t\t\t<div class=\"e-con-inner\">\n\t\t<div class=\"elementor-element elementor-element-73caab6d e-con-full e-flex e-con e-child\" data-id=\"73caab6d\" data-element_type=\"container\" data-e-type=\"container\">\n\t\t\t\t<div class=\"elementor-element elementor-element-1182103a elementor-widget-mobile__width-inherit elementor-widget elementor-widget-text-editor\" data-id=\"1182103a\" data-element_type=\"widget\" data-e-type=\"widget\" data-widget_type=\"text-editor.default\">\n\t\t\t\t<div class=\"elementor-widget-container\">\n\t\t\t\t\t\t\t\t\t<p>Preservar el medio ambiente y mantener nuestro aire y agua limpios y seguros son fundamentales para proteger la salud humana y preservar el futuro de nuestro planeta. En Chemviron, proporcionamos una gama de soluciones para eliminar contaminantes que de otro modo se liberar\u00edan al medio ambiente. <\/p>\t\t\t\t\t\t\t\t<\/div>\n\t\t\t\t<\/div>\n\t\t\t\t<div class=\"elementor-element elementor-element-4f63fc6 elementor-widget elementor-widget-heading\" data-id=\"4f63fc6\" data-element_type=\"widget\" data-e-type=\"widget\" data-widget_type=\"heading.default\">\n\t\t\t\t<div class=\"elementor-widget-container\">\n\t\t\t\t\t<h3 class=\"elementor-heading-title elementor-size-default\">Remediaci\u00f3n con tecnolog\u00eda de carb\u00f3n activado<\/h3>\t\t\t\t<\/div>\n\t\t\t\t<\/div>\n\t\t\t\t<div class=\"elementor-element elementor-element-354f51ab elementor-widget-mobile__width-inherit elementor-widget elementor-widget-text-editor\" data-id=\"354f51ab\" data-element_type=\"widget\" data-e-type=\"widget\" data-widget_type=\"text-editor.default\">\n\t\t\t\t<div class=\"elementor-widget-container\">\n\t\t\t\t\t\t\t\t\t<div><div><p>Los terrenos contaminados por el uso industrial hist\u00f3rico, tanques de almacenamiento subterr\u00e1neos o derrames accidentales pueden contener productos qu\u00edmicos org\u00e1nicos no biodegradables como PFAS, pesticidas y otros contaminantes nocivos emergentes que pueden tener un impacto ambiental.<\/p><\/div><div>La remediaci\u00f3n de estos sitios contaminados puede generar <strong><a class=\"internal-link\" title=\"Abre un enlace interno en la ventana actual\" href=\"\/es\/aplicaciones\/aguas-residuales\/\">aguas residuales<\/a><\/strong> contaminadas y contaminantes atmosf\u00e9ricos peligrosos producidos por la extracci\u00f3n de vapores del suelo, ventilaci\u00f3n del suelo o arrastre con aire. <\/div><div> <\/div><div>La adsorci\u00f3n en el carb\u00f3n activado de Chemviron es una soluci\u00f3n altamente eficaz para eliminar estos contaminantes nocivos del agua o para capturar contaminantes org\u00e1nicos del aire y evitar su descarga al medio ambiente. La tecnolog\u00eda de carb\u00f3n activado de Chemviron hace que el tratamiento sea simple, fiable y ha demostrado ser una soluci\u00f3n de purificaci\u00f3n eficaz durante muchos a\u00f1os. <\/div><div> <\/div><div><p><a class=\"internal-link\" title=\"Abre un enlace interno en la ventana actual\" href=\"https:\/\/www.chemviron.eu\/es\/contactenos\"><strong>Contacte con uno de nuestros expertos t\u00e9cnicos para obtener informaci\u00f3n adicional.<\/strong><\/a><\/p><\/div><\/div><div><div> <\/div><\/div>\t\t\t\t\t\t\t\t<\/div>\n\t\t\t\t<\/div>\n\t\t\t\t<div class=\"elementor-element elementor-element-663264b elementor-widget elementor-widget-heading\" data-id=\"663264b\" data-element_type=\"widget\" data-e-type=\"widget\" data-widget_type=\"heading.default\">\n\t\t\t\t<div class=\"elementor-widget-container\">\n\t\t\t\t\t<h4 class=\"elementor-heading-title elementor-size-default\">\u00bfPor qu\u00e9 elegir Chemviron como su proveedor de soluciones?<\/h4>\t\t\t\t<\/div>\n\t\t\t\t<\/div>\n\t\t\t\t<div class=\"elementor-element elementor-element-5aaa4d3 elementor-widget-mobile__width-inherit elementor-widget elementor-widget-text-editor\" data-id=\"5aaa4d3\" data-element_type=\"widget\" data-e-type=\"widget\" data-widget_type=\"text-editor.default\">\n\t\t\t\t<div class=\"elementor-widget-container\">\n\t\t\t\t\t\t\t\t\t<div>\n<p>Desde los primeros d\u00edas de los recipientes montados sobre patines, pasando por las unidades contenedorizadas est\u00e1ndar y hasta los actuales <a class=\"internal-link\" title=\"Abre un enlace interno en la ventana actual\" href=\"https:\/\/www.chemviron.eu\/es\/soluciones\">filtros de carb\u00f3n m\u00f3viles<\/a> dise\u00f1ados a medida, Chemviron ha desarrollado las capacidades para comprender y satisfacer las expectativas de los clientes.&nbsp;<\/p>\n<\/div>\n<div>\n<p>Una amplia experiencia y una comprensi\u00f3n detallada de los requisitos de los clientes han permitido a Chemviron proporcionar un servicio completo de purificaci\u00f3n y reciclaje (reactivaci\u00f3n) para ayudar a las instalaciones operativas a cumplir con las exigentes normativas de descarga de aire y agua.<\/p>\n<\/div>\n<div>\n<p>Chemviron proporciona un paquete completo de soluciones de purificaci\u00f3n para remediaci\u00f3n que incluye:<\/p>\n<\/div>\n<div>\n<ul>\n<li>Soporte t\u00e9cnico para asesorar sobre el carb\u00f3n activado y la soluci\u00f3n de servicio apropiados para la aplicaci\u00f3n: <a class=\"internal-link\" title=\"Abre un enlace interno en la ventana actual\" href=\"https:\/\/www.chemviron.eu\/es\/contactenos\">contacte con un representante para obtener m\u00e1s informaci\u00f3n.<\/a><\/li>\n<\/ul>\n<\/div>\n<div>\n<ul>\n<li><a class=\"internal-link\" title=\"Abre un enlace interno en la ventana actual\" href=\"https:\/\/www.chemviron.eu\/es\/soluciones\">Filtros de carb\u00f3n m\u00f3viles<\/a> tanto para aire como para agua de la amplia gama de adsorbedores <a class=\"internal-link\" title=\"Abre un enlace interno en la ventana actual\" href=\"https:\/\/www.chemviron.eu\/es\/soluciones\/filtros-de-carbon-moviles\/purificacion-del-aire\">CYCLEVENT<sup>\u00ae<\/sup><\/a> y <strong><a class=\"internal-link\" title=\"Abre un enlace interno en la ventana actual\" href=\"https:\/\/www.chemviron.eu\/es\/soluciones\/filtros-de-carbon-moviles\/agua-y-liquidos\">CYCLESORB<sup>\u00ae<\/sup><\/a><\/strong>, disponibles en r\u00e9gimen de arrendamiento, entregados r\u00e1pidamente y f\u00e1cilmente instalados in situ para su uso inmediato.<\/li>\n<\/ul>\n<\/div>\n<div>\n<ul>\n<li>El suministro de carb\u00f3n activado de alta calidad, proporcionado por nuestra empresa, el mayor productor mundial de carbones activados, y seleccionado para la aplicaci\u00f3n, que se preinstala en el filtro de carb\u00f3n m\u00f3vil.<\/li>\n<\/ul>\n<\/div>\n<div>\n<ul>\n<li>Sustituci\u00f3n del filtro de carb\u00f3n usado por una unidad nueva, eliminando la necesidad de intercambiar el carb\u00f3n agotado in situ.<\/li>\n<\/ul>\n<\/div>\n<div>\n<ul>\n<li>Este carb\u00f3n agotado puede devolverse, en la mayor\u00eda de los casos, a una de las instalaciones de reciclaje de Chemviron para su reactivaci\u00f3n y reutilizaci\u00f3n.<\/li>\n<\/ul>\n<\/div>\t\t\t\t\t\t\t\t<\/div>\n\t\t\t\t<\/div>\n\t\t\t\t<div class=\"elementor-element elementor-element-a61cd1c elementor-widget elementor-widget-heading\" data-id=\"a61cd1c\" data-element_type=\"widget\" data-e-type=\"widget\" data-widget_type=\"heading.default\">\n\t\t\t\t<div class=\"elementor-widget-container\">\n\t\t\t\t\t<h4 class=\"elementor-heading-title elementor-size-default\">\u00bfPor qu\u00e9 es Chemviron su proveedor de servicios sostenible?<\/h4>\t\t\t\t<\/div>\n\t\t\t\t<\/div>\n\t\t\t\t<div class=\"elementor-element elementor-element-b296e66 elementor-widget-mobile__width-inherit elementor-widget elementor-widget-text-editor\" data-id=\"b296e66\" data-element_type=\"widget\" data-e-type=\"widget\" data-widget_type=\"text-editor.default\">\n\t\t\t\t<div class=\"elementor-widget-container\">\n\t\t\t\t\t\t\t\t\t<div>\n<p>Chemviron es el mayor reciclador (o reactivador) de carbones activados del mundo y cuenta con instalaciones de reciclaje de carb\u00f3n en toda Europa. El compromiso continuo de la empresa con la ampliaci\u00f3n de sus capacidades de reactivaci\u00f3n ha permitido a Chemviron desarrollar procesos de vanguardia para reciclar carbones activados, reduciendo el impacto de nuestra huella de CO<sub>2<\/sub>. &nbsp;&nbsp;<\/p>\n<\/div>\n<div>Mediante el desarrollo de esta experiencia operativa interna tan completa, el carb\u00f3n se recicla t\u00e9rmicamente o se reactiva a trav\u00e9s de uno de los hornos de reactivaci\u00f3n de carb\u00f3n dise\u00f1ados a medida por Chemviron. Estos hornos permiten a los ingenieros de Chemviron tener un alto control sobre las operaciones del proceso para permitir la destrucci\u00f3n de los contaminantes adsorbidos mientras se restaura el carb\u00f3n agotado a un estado reutilizable. <br><br><\/div>\n<div>La combinaci\u00f3n de la reactivaci\u00f3n con los carbones activados de alta calidad y especialmente dise\u00f1ados de Chemviron significa que los clientes pueden beneficiarse de una soluci\u00f3n de purificaci\u00f3n de aire o agua rentable y sostenible.&nbsp;<span style=\"text-align: var(--text-align); background-color: var( --e-global-color-c696dce ); color: var( --e-global-color-text ); font-size: 1rem;\">&nbsp;<\/span><\/div>\t\t\t\t\t\t\t\t<\/div>\n\t\t\t\t<\/div>\n\t\t\t\t<\/div>\n\t\t\t\t\t<\/div>\n\t\t\t\t<\/div>\n\t\t<div class=\"elementor-element elementor-element-7182e25e e-flex e-con-boxed elementor-invisible e-con e-parent\" data-id=\"7182e25e\" data-element_type=\"container\" data-e-type=\"container\" data-settings=\"{&quot;animation&quot;:&quot;fadeInUp&quot;}\">\n\t\t\t\t\t<div class=\"e-con-inner\">\n\t\t<div data-dce-background-color=\"#FFF4DA\" class=\"elementor-element elementor-element-11de5781 e-con-full e-flex e-con e-child\" data-id=\"11de5781\" data-element_type=\"container\" data-e-type=\"container\" data-settings=\"{&quot;background_background&quot;:&quot;classic&quot;}\">\n\t\t\t\t<div class=\"elementor-element elementor-element-7ec17212 dce_masking-none elementor-widget elementor-widget-image\" data-id=\"7ec17212\" data-element_type=\"widget\" data-e-type=\"widget\" data-widget_type=\"image.default\">\n\t\t\t\t<div class=\"elementor-widget-container\">\n\t\t\t\t\t\t\t\t\t\t\t\t\t\t\t<img decoding=\"async\" width=\"136\" height=\"136\" src=\"https:\/\/www.chemviron.eu\/wp-content\/uploads\/2024\/01\/kuraray_pictogram_user-negative-1-1.png\" class=\"attachment-large size-large wp-image-2610\" alt=\"\" \/>\t\t\t\t\t\t\t\t\t\t\t\t\t\t\t<\/div>\n\t\t\t\t<\/div>\n\t\t\t\t<\/div>\n\t\t<div data-dce-background-color=\"#FFF4DA\" class=\"elementor-element elementor-element-c35a40e e-con-full e-flex e-con e-child\" data-id=\"c35a40e\" data-element_type=\"container\" data-e-type=\"container\" data-settings=\"{&quot;background_background&quot;:&quot;classic&quot;}\">\n\t\t\t\t<div class=\"elementor-element elementor-element-325a2e2 elementor-widget elementor-widget-heading\" data-id=\"325a2e2\" data-element_type=\"widget\" data-e-type=\"widget\" data-widget_type=\"heading.default\">\n\t\t\t\t<div class=\"elementor-widget-container\">\n\t\t\t\t\t<h4 class=\"elementor-heading-title elementor-size-default\">Contacte con nuestro equipo t\u00e9cnico especializado para obtener m\u00e1s informaci\u00f3n.<\/h4>\t\t\t\t<\/div>\n\t\t\t\t<\/div>\n\t\t\t\t<div class=\"elementor-element elementor-element-7d82a262 elementor-widget elementor-widget-button\" data-id=\"7d82a262\" data-element_type=\"widget\" data-e-type=\"widget\" data-widget_type=\"button.default\">\n\t\t\t\t<div class=\"elementor-widget-container\">\n\t\t\t\t\t\t\t\t\t<div class=\"elementor-button-wrapper\">\n\t\t\t\t\t<a class=\"elementor-button elementor-button-link elementor-size-sm\" href=\"\/es\/contactenos\/\">\n\t\t\t\t\t\t<span class=\"elementor-button-content-wrapper\">\n\t\t\t\t\t\t\t\t\t<span class=\"elementor-button-text\">Cont\u00e1ctenos<\/span>\n\t\t\t\t\t<\/span>\n\t\t\t\t\t<\/a>\n\t\t\t\t<\/div>\n\t\t\t\t\t\t\t\t<\/div>\n\t\t\t\t<\/div>\n\t\t\t\t<\/div>\n\t\t\t\t\t<\/div>\n\t\t\t\t<\/div>\n\t\t\t\t<\/div>\n\t\t","protected":false},"excerpt":{"rendered":"<p>Remediaci\u00f3n Chemviron proporciona un servicio integral de purificaci\u00f3n para la adsorci\u00f3n de contaminantes nocivos del aire y el agua mediante nuestro servicio de filtros de carb\u00f3n m\u00f3viles, tecnolog\u00eda de carb\u00f3n activado y reciclaje del carb\u00f3n activado agotado. Preservar el medio ambiente y mantener nuestro aire y agua limpios y seguros son fundamentales para proteger la [&hellip;]<\/p>\n","protected":false},"author":1,"featured_media":13732,"parent":14044,"menu_order":0,"comment_status":"closed","ping_status":"closed","template":"elementor_header_footer","meta":{"_acf_changed":false,"inline_featured_image":false,"footnotes":""},"class_list":["post-14249","page","type-page","status-publish","has-post-thumbnail","hentry"],"acf":[],"yoast_head":"<!-- This site is optimized with the Yoast SEO plugin v27.3 - https:\/\/yoast.com\/product\/yoast-seo-wordpress\/ -->\n<title>Remediaci\u00f3n para eliminar contaminantes<\/title>\n<meta name=\"description\" content=\"La remediaci\u00f3n para eliminar contaminantes como PFAS y pesticidas del agua y el aire se proporciona mediante soluciones integrales de purificaci\u00f3n.\" \/>\n<meta name=\"robots\" content=\"index, follow, max-snippet:-1, max-image-preview:large, max-video-preview:-1\" \/>\n<link rel=\"canonical\" href=\"https:\/\/www.chemviron.eu\/es\/aplicaciones\/remediacion\/\" \/>\n<meta property=\"og:locale\" content=\"es_ES\" \/>\n<meta property=\"og:type\" content=\"article\" \/>\n<meta property=\"og:title\" content=\"Remediaci\u00f3n para eliminar contaminantes\" \/>\n<meta property=\"og:description\" content=\"La remediaci\u00f3n para eliminar contaminantes como PFAS y pesticidas del agua y el aire se proporciona mediante soluciones integrales de purificaci\u00f3n.\" \/>\n<meta property=\"og:url\" content=\"https:\/\/www.chemviron.eu\/es\/aplicaciones\/remediacion\/\" \/>\n<meta property=\"og:site_name\" content=\"Chemviron\" \/>\n<meta property=\"article:modified_time\" content=\"2026-03-02T07:27:25+00:00\" \/>\n<meta property=\"og:image\" content=\"https:\/\/www.chemviron.eu\/wp-content\/uploads\/2026\/02\/Remediation-scaled.jpeg\" \/>\n\t<meta property=\"og:image:width\" content=\"2560\" \/>\n\t<meta property=\"og:image:height\" content=\"1706\" \/>\n\t<meta property=\"og:image:type\" content=\"image\/jpeg\" \/>\n<meta name=\"twitter:card\" content=\"summary_large_image\" \/>\n<meta name=\"twitter:label1\" content=\"Tiempo de lectura\" \/>\n\t<meta name=\"twitter:data1\" content=\"4 minutos\" \/>\n<script type=\"application\/ld+json\" class=\"yoast-schema-graph\">{\"@context\":\"https:\\\/\\\/schema.org\",\"@graph\":[{\"@type\":\"WebPage\",\"@id\":\"https:\\\/\\\/www.chemviron.eu\\\/es\\\/aplicaciones\\\/remediacion\\\/\",\"url\":\"https:\\\/\\\/www.chemviron.eu\\\/es\\\/aplicaciones\\\/remediacion\\\/\",\"name\":\"Remediaci\u00f3n para eliminar contaminantes\",\"isPartOf\":{\"@id\":\"https:\\\/\\\/www.chemviron.eu\\\/es\\\/#website\"},\"primaryImageOfPage\":{\"@id\":\"https:\\\/\\\/www.chemviron.eu\\\/es\\\/aplicaciones\\\/remediacion\\\/#primaryimage\"},\"image\":{\"@id\":\"https:\\\/\\\/www.chemviron.eu\\\/es\\\/aplicaciones\\\/remediacion\\\/#primaryimage\"},\"thumbnailUrl\":\"https:\\\/\\\/www.chemviron.eu\\\/wp-content\\\/uploads\\\/2026\\\/02\\\/Remediation-scaled.jpeg\",\"datePublished\":\"2023-12-06T12:32:31+00:00\",\"dateModified\":\"2026-03-02T07:27:25+00:00\",\"description\":\"La remediaci\u00f3n para eliminar contaminantes como PFAS y pesticidas del agua y el aire se proporciona mediante soluciones integrales de purificaci\u00f3n.\",\"breadcrumb\":{\"@id\":\"https:\\\/\\\/www.chemviron.eu\\\/es\\\/aplicaciones\\\/remediacion\\\/#breadcrumb\"},\"inLanguage\":\"es\",\"potentialAction\":[{\"@type\":\"ReadAction\",\"target\":[\"https:\\\/\\\/www.chemviron.eu\\\/es\\\/aplicaciones\\\/remediacion\\\/\"]}]},{\"@type\":\"ImageObject\",\"inLanguage\":\"es\",\"@id\":\"https:\\\/\\\/www.chemviron.eu\\\/es\\\/aplicaciones\\\/remediacion\\\/#primaryimage\",\"url\":\"https:\\\/\\\/www.chemviron.eu\\\/wp-content\\\/uploads\\\/2026\\\/02\\\/Remediation-scaled.jpeg\",\"contentUrl\":\"https:\\\/\\\/www.chemviron.eu\\\/wp-content\\\/uploads\\\/2026\\\/02\\\/Remediation-scaled.jpeg\",\"width\":2560,\"height\":1706,\"caption\":\"Aerial view over heavy machinery on a building construction site\"},{\"@type\":\"BreadcrumbList\",\"@id\":\"https:\\\/\\\/www.chemviron.eu\\\/es\\\/aplicaciones\\\/remediacion\\\/#breadcrumb\",\"itemListElement\":[{\"@type\":\"ListItem\",\"position\":1,\"name\":\"Home\",\"item\":\"https:\\\/\\\/www.chemviron.eu\\\/es\\\/\"},{\"@type\":\"ListItem\",\"position\":2,\"name\":\"Aplicaciones\",\"item\":\"https:\\\/\\\/www.chemviron.eu\\\/es\\\/?page_id=14044\"},{\"@type\":\"ListItem\",\"position\":3,\"name\":\"Remediaci\u00f3n\"}]},{\"@type\":\"WebSite\",\"@id\":\"https:\\\/\\\/www.chemviron.eu\\\/es\\\/#website\",\"url\":\"https:\\\/\\\/www.chemviron.eu\\\/es\\\/\",\"name\":\"Chemviron\",\"description\":\"The Purification Solutions Provider\",\"publisher\":{\"@id\":\"https:\\\/\\\/www.chemviron.eu\\\/es\\\/#organization\"},\"potentialAction\":[{\"@type\":\"SearchAction\",\"target\":{\"@type\":\"EntryPoint\",\"urlTemplate\":\"https:\\\/\\\/www.chemviron.eu\\\/es\\\/?s={search_term_string}\"},\"query-input\":{\"@type\":\"PropertyValueSpecification\",\"valueRequired\":true,\"valueName\":\"search_term_string\"}}],\"inLanguage\":\"es\"},{\"@type\":\"Organization\",\"@id\":\"https:\\\/\\\/www.chemviron.eu\\\/es\\\/#organization\",\"name\":\"Chemviron\",\"url\":\"https:\\\/\\\/www.chemviron.eu\\\/es\\\/\",\"logo\":{\"@type\":\"ImageObject\",\"inLanguage\":\"es\",\"@id\":\"https:\\\/\\\/www.chemviron.eu\\\/es\\\/#\\\/schema\\\/logo\\\/image\\\/\",\"url\":\"https:\\\/\\\/www.chemviron.eu\\\/wp-content\\\/uploads\\\/2023\\\/12\\\/Chemviron-logo.jpg\",\"contentUrl\":\"https:\\\/\\\/www.chemviron.eu\\\/wp-content\\\/uploads\\\/2023\\\/12\\\/Chemviron-logo.jpg\",\"width\":1667,\"height\":833,\"caption\":\"Chemviron\"},\"image\":{\"@id\":\"https:\\\/\\\/www.chemviron.eu\\\/es\\\/#\\\/schema\\\/logo\\\/image\\\/\"},\"sameAs\":[\"https:\\\/\\\/www.linkedin.com\\\/company\\\/chemviron\\\/\"]}]}<\/script>\n<!-- \/ Yoast SEO plugin. -->","yoast_head_json":{"title":"Remediaci\u00f3n para eliminar contaminantes","description":"La remediaci\u00f3n para eliminar contaminantes como PFAS y pesticidas del agua y el aire se proporciona mediante soluciones integrales de purificaci\u00f3n.","robots":{"index":"index","follow":"follow","max-snippet":"max-snippet:-1","max-image-preview":"max-image-preview:large","max-video-preview":"max-video-preview:-1"},"canonical":"https:\/\/www.chemviron.eu\/es\/aplicaciones\/remediacion\/","og_locale":"es_ES","og_type":"article","og_title":"Remediaci\u00f3n para eliminar contaminantes","og_description":"La remediaci\u00f3n para eliminar contaminantes como PFAS y pesticidas del agua y el aire se proporciona mediante soluciones integrales de purificaci\u00f3n.","og_url":"https:\/\/www.chemviron.eu\/es\/aplicaciones\/remediacion\/","og_site_name":"Chemviron","article_modified_time":"2026-03-02T07:27:25+00:00","og_image":[{"width":2560,"height":1706,"url":"https:\/\/www.chemviron.eu\/wp-content\/uploads\/2026\/02\/Remediation-scaled.jpeg","type":"image\/jpeg"}],"twitter_card":"summary_large_image","twitter_misc":{"Tiempo de lectura":"4 minutos"},"schema":{"@context":"https:\/\/schema.org","@graph":[{"@type":"WebPage","@id":"https:\/\/www.chemviron.eu\/es\/aplicaciones\/remediacion\/","url":"https:\/\/www.chemviron.eu\/es\/aplicaciones\/remediacion\/","name":"Remediaci\u00f3n para eliminar contaminantes","isPartOf":{"@id":"https:\/\/www.chemviron.eu\/es\/#website"},"primaryImageOfPage":{"@id":"https:\/\/www.chemviron.eu\/es\/aplicaciones\/remediacion\/#primaryimage"},"image":{"@id":"https:\/\/www.chemviron.eu\/es\/aplicaciones\/remediacion\/#primaryimage"},"thumbnailUrl":"https:\/\/www.chemviron.eu\/wp-content\/uploads\/2026\/02\/Remediation-scaled.jpeg","datePublished":"2023-12-06T12:32:31+00:00","dateModified":"2026-03-02T07:27:25+00:00","description":"La remediaci\u00f3n para eliminar contaminantes como PFAS y pesticidas del agua y el aire se proporciona mediante soluciones integrales de purificaci\u00f3n.","breadcrumb":{"@id":"https:\/\/www.chemviron.eu\/es\/aplicaciones\/remediacion\/#breadcrumb"},"inLanguage":"es","potentialAction":[{"@type":"ReadAction","target":["https:\/\/www.chemviron.eu\/es\/aplicaciones\/remediacion\/"]}]},{"@type":"ImageObject","inLanguage":"es","@id":"https:\/\/www.chemviron.eu\/es\/aplicaciones\/remediacion\/#primaryimage","url":"https:\/\/www.chemviron.eu\/wp-content\/uploads\/2026\/02\/Remediation-scaled.jpeg","contentUrl":"https:\/\/www.chemviron.eu\/wp-content\/uploads\/2026\/02\/Remediation-scaled.jpeg","width":2560,"height":1706,"caption":"Aerial view over heavy machinery on a building construction site"},{"@type":"BreadcrumbList","@id":"https:\/\/www.chemviron.eu\/es\/aplicaciones\/remediacion\/#breadcrumb","itemListElement":[{"@type":"ListItem","position":1,"name":"Home","item":"https:\/\/www.chemviron.eu\/es\/"},{"@type":"ListItem","position":2,"name":"Aplicaciones","item":"https:\/\/www.chemviron.eu\/es\/?page_id=14044"},{"@type":"ListItem","position":3,"name":"Remediaci\u00f3n"}]},{"@type":"WebSite","@id":"https:\/\/www.chemviron.eu\/es\/#website","url":"https:\/\/www.chemviron.eu\/es\/","name":"Chemviron","description":"The Purification Solutions Provider","publisher":{"@id":"https:\/\/www.chemviron.eu\/es\/#organization"},"potentialAction":[{"@type":"SearchAction","target":{"@type":"EntryPoint","urlTemplate":"https:\/\/www.chemviron.eu\/es\/?s={search_term_string}"},"query-input":{"@type":"PropertyValueSpecification","valueRequired":true,"valueName":"search_term_string"}}],"inLanguage":"es"},{"@type":"Organization","@id":"https:\/\/www.chemviron.eu\/es\/#organization","name":"Chemviron","url":"https:\/\/www.chemviron.eu\/es\/","logo":{"@type":"ImageObject","inLanguage":"es","@id":"https:\/\/www.chemviron.eu\/es\/#\/schema\/logo\/image\/","url":"https:\/\/www.chemviron.eu\/wp-content\/uploads\/2023\/12\/Chemviron-logo.jpg","contentUrl":"https:\/\/www.chemviron.eu\/wp-content\/uploads\/2023\/12\/Chemviron-logo.jpg","width":1667,"height":833,"caption":"Chemviron"},"image":{"@id":"https:\/\/www.chemviron.eu\/es\/#\/schema\/logo\/image\/"},"sameAs":["https:\/\/www.linkedin.com\/company\/chemviron\/"]}]}},"_links":{"self":[{"href":"https:\/\/www.chemviron.eu\/es\/wp-json\/wp\/v2\/pages\/14249","targetHints":{"allow":["GET"]}}],"collection":[{"href":"https:\/\/www.chemviron.eu\/es\/wp-json\/wp\/v2\/pages"}],"about":[{"href":"https:\/\/www.chemviron.eu\/es\/wp-json\/wp\/v2\/types\/page"}],"author":[{"embeddable":true,"href":"https:\/\/www.chemviron.eu\/es\/wp-json\/wp\/v2\/users\/1"}],"replies":[{"embeddable":true,"href":"https:\/\/www.chemviron.eu\/es\/wp-json\/wp\/v2\/comments?post=14249"}],"version-history":[{"count":3,"href":"https:\/\/www.chemviron.eu\/es\/wp-json\/wp\/v2\/pages\/14249\/revisions"}],"predecessor-version":[{"id":14315,"href":"https:\/\/www.chemviron.eu\/es\/wp-json\/wp\/v2\/pages\/14249\/revisions\/14315"}],"up":[{"embeddable":true,"href":"https:\/\/www.chemviron.eu\/es\/wp-json\/wp\/v2\/pages\/14044"}],"wp:featuredmedia":[{"embeddable":true,"href":"https:\/\/www.chemviron.eu\/es\/wp-json\/wp\/v2\/media\/13732"}],"wp:attachment":[{"href":"https:\/\/www.chemviron.eu\/es\/wp-json\/wp\/v2\/media?parent=14249"}],"curies":[{"name":"wp","href":"https:\/\/api.w.org\/{rel}","templated":true}]}}