{"id":14242,"date":"2023-12-06T12:32:12","date_gmt":"2023-12-06T12:32:12","guid":{"rendered":"https:\/\/www.chemviron.eu\/aplicaciones\/aguas-residuales\/"},"modified":"2026-03-02T07:27:25","modified_gmt":"2026-03-02T07:27:25","slug":"aguas-residuales","status":"publish","type":"page","link":"https:\/\/www.chemviron.eu\/es\/aplicaciones\/aguas-residuales\/","title":{"rendered":"Aguas residuales"},"content":{"rendered":"\t\t<div data-elementor-type=\"wp-page\" data-elementor-id=\"14242\" class=\"elementor elementor-14242 elementor-625\" data-elementor-post-type=\"page\">\n\t\t\t\t<div class=\"elementor-element elementor-element-78d597c5 e-flex e-con-boxed e-con e-parent\" data-id=\"78d597c5\" data-element_type=\"container\" data-e-type=\"container\">\n\t\t\t\t\t<div class=\"e-con-inner\">\n\t\t<div class=\"elementor-element elementor-element-133757b1 e-con-full e-flex e-con e-child\" data-id=\"133757b1\" data-element_type=\"container\" data-e-type=\"container\">\n\t\t\t\t<div class=\"elementor-element elementor-element-42dd81ac elementor-invisible elementor-widget elementor-widget-heading\" data-id=\"42dd81ac\" data-element_type=\"widget\" data-e-type=\"widget\" data-settings=\"{&quot;_animation&quot;:&quot;fadeIn&quot;}\" data-widget_type=\"heading.default\">\n\t\t\t\t<div class=\"elementor-widget-container\">\n\t\t\t\t\t<h1 class=\"elementor-heading-title elementor-size-default\">Purificaci\u00f3n de aguas residuales<\/h1>\t\t\t\t<\/div>\n\t\t\t\t<\/div>\n\t\t\t\t<div class=\"elementor-element elementor-element-73ba9da1 elementor-invisible elementor-widget elementor-widget-heading\" data-id=\"73ba9da1\" data-element_type=\"widget\" data-e-type=\"widget\" data-settings=\"{&quot;_animation&quot;:&quot;fadeIn&quot;,&quot;_animation_delay&quot;:400}\" data-widget_type=\"heading.default\">\n\t\t\t\t<div class=\"elementor-widget-container\">\n\t\t\t\t\t<h2 class=\"elementor-heading-title elementor-size-default\">Chemviron ofrece un servicio integral de purificaci\u00f3n de aguas residuales industriales para la adsorci\u00f3n de contaminantes nocivos, utilizando nuestro servicio de filtros de carb\u00f3n m\u00f3viles, tecnolog\u00eda de carb\u00f3n activado y el reciclaje del carb\u00f3n activado agotado.  <\/h2>\t\t\t\t<\/div>\n\t\t\t\t<\/div>\n\t\t\t\t<\/div>\n\t\t<div data-dce-background-image-url=\"https:\/\/www.chemviron.eu\/wp-content\/uploads\/2026\/02\/Wastewater-plant-1-scaled.jpeg\" class=\"elementor-element elementor-element-2750dc0c e-con-full e-flex e-con e-child\" data-id=\"2750dc0c\" data-element_type=\"container\" data-e-type=\"container\" data-settings=\"{&quot;background_background&quot;:&quot;classic&quot;}\">\n\t\t\t\t<\/div>\n\t\t\t\t\t<\/div>\n\t\t\t\t<\/div>\n\t\t<div data-dce-background-overlay-image-url=\"https:\/\/www.chemviron.eu\/wp-content\/uploads\/2024\/01\/kuraray_circle_grid_landscape_rgb.svg\" class=\"elementor-element elementor-element-50179175 e-flex e-con-boxed e-con e-parent\" data-id=\"50179175\" data-element_type=\"container\" data-e-type=\"container\">\n\t\t\t\t\t<div class=\"e-con-inner\">\n\t\t<div class=\"elementor-element elementor-element-1d73ad3f e-con-full e-flex e-con e-child\" data-id=\"1d73ad3f\" data-element_type=\"container\" data-e-type=\"container\">\n\t\t\t\t<div class=\"elementor-element elementor-element-28db6103 elementor-widget-mobile__width-inherit elementor-widget elementor-widget-text-editor\" data-id=\"28db6103\" data-element_type=\"widget\" data-e-type=\"widget\" data-widget_type=\"text-editor.default\">\n\t\t\t\t<div class=\"elementor-widget-container\">\n\t\t\t\t\t\t\t\t\t<p>Preservar el medio ambiente y mantener nuestra agua limpia y segura es fundamental para proteger la salud humana y salvaguardar el futuro de nuestro planeta. En Chemviron, ofrecemos una gama de soluciones y trabajamos con los clientes para mitigar el impacto ambiental de la actividad humana en nuestros valiosos recursos h\u00eddricos. <\/p>\t\t\t\t\t\t\t\t<\/div>\n\t\t\t\t<\/div>\n\t\t\t\t<div class=\"elementor-element elementor-element-602b5da9 elementor-widget elementor-widget-heading\" data-id=\"602b5da9\" data-element_type=\"widget\" data-e-type=\"widget\" data-widget_type=\"heading.default\">\n\t\t\t\t<div class=\"elementor-widget-container\">\n\t\t\t\t\t<h3 class=\"elementor-heading-title elementor-size-default\">Purificaci\u00f3n de aguas residuales con tecnolog\u00eda de carb\u00f3n activado\n<\/h3>\t\t\t\t<\/div>\n\t\t\t\t<\/div>\n\t\t\t\t<div class=\"elementor-element elementor-element-1c9ddb03 elementor-widget-mobile__width-inherit elementor-widget elementor-widget-text-editor\" data-id=\"1c9ddb03\" data-element_type=\"widget\" data-e-type=\"widget\" data-widget_type=\"text-editor.default\">\n\t\t\t\t<div class=\"elementor-widget-container\">\n\t\t\t\t\t\t\t\t\t<div><p>Las aguas residuales industriales y municipales pueden contener una variedad de contaminantes que pueden alterar negativamente la ecolog\u00eda de los r\u00edos, arroyos y lagos a los que fluyen, y as\u00ed afectar la seguridad y calidad de las aguas superficiales o subterr\u00e1neas.<\/p><p><span style=\"text-align: var(--text-align); background-color: var( --e-global-color-c696dce ); color: var( --e-global-color-text ); font-size: 1rem;\">Las aguas subterr\u00e1neas contaminadas por el uso hist\u00f3rico de terrenos industriales, tanques de almacenamiento subterr\u00e1neos, derrames accidentales o descargas de vertederos pueden contener productos qu\u00edmicos org\u00e1nicos no biodegradables como PFAS, pesticidas y otros contaminantes emergentes nocivos que pueden tener un impacto ambiental.<\/span><\/p><\/div><div>La adsorci\u00f3n en carb\u00f3n activado, en forma granular o en polvo, es una soluci\u00f3n altamente eficaz para eliminar muchos contaminantes org\u00e1nicos diferentes y otros contaminantes del agua, lo que permite su descarga segura para aplicaciones de tratamiento de aguas ambientales y remediaci\u00f3n. La tecnolog\u00eda de carb\u00f3n activado de Chemviron hace que el tratamiento del agua sea simple, fiable y ha demostrado ser una soluci\u00f3n de purificaci\u00f3n eficaz durante muchos a\u00f1os. <\/div><div> <\/div><div><p>P\u00f3ngase en contacto con <a class=\"internal-link\" title=\"Abre un enlace interno en la ventana actual\" href=\"\/es\/contactenos\/\"><strong>nuestro equipo de servicios t\u00e9cnicos especializados<\/strong><\/a> para analizar posibles soluciones de tratamiento.  <\/p><\/div>\t\t\t\t\t\t\t\t<\/div>\n\t\t\t\t<\/div>\n\t\t\t\t<div class=\"elementor-element elementor-element-d15fc5f elementor-widget elementor-widget-heading\" data-id=\"d15fc5f\" data-element_type=\"widget\" data-e-type=\"widget\" data-widget_type=\"heading.default\">\n\t\t\t\t<div class=\"elementor-widget-container\">\n\t\t\t\t\t<h4 class=\"elementor-heading-title elementor-size-default\">\u00bfPor qu\u00e9 elegir a Chemviron como su proveedor de soluciones?<\/h4>\t\t\t\t<\/div>\n\t\t\t\t<\/div>\n\t\t\t\t<div class=\"elementor-element elementor-element-ca2124a elementor-widget-mobile__width-inherit elementor-widget elementor-widget-text-editor\" data-id=\"ca2124a\" data-element_type=\"widget\" data-e-type=\"widget\" data-widget_type=\"text-editor.default\">\n\t\t\t\t<div class=\"elementor-widget-container\">\n\t\t\t\t\t\t\t\t\t<div><p>Durante m\u00e1s de 40 a\u00f1os, Chemviron ha proporcionado soluciones de filtros de carb\u00f3n activado m\u00f3viles, dise\u00f1adas a medida y de f\u00e1cil disponibilidad, para cumplir con los exigentes requisitos de descarga, desde unos pocos litros por minuto hasta cientos de metros c\u00fabicos por hora.<\/p><\/div><div><p>Desde los primeros d\u00edas de los recipientes montados sobre patines, pasando por las unidades est\u00e1ndar en contenedores y hasta los actuales <strong> <\/strong><a href=\"https:\/\/www.chemviron.eu\/es\/soluciones\/filtros-de-carbon-moviles\/agua-y-liquidos\">filtros de carb\u00f3n m\u00f3viles CYCLESORB\u00ae<\/a> dise\u00f1ados a medida, Chemviron ha desarrollado las capacidades para comprender y satisfacer las expectativas del cliente.  <\/p><\/div><div><p>La amplia experiencia y un conocimiento detallado de los requisitos del cliente han permitido a Chemviron proporcionar un servicio completo de purificaci\u00f3n y reciclaje (reactivaci\u00f3n) para ayudar a las instalaciones operativas a cumplir con las exigentes normativas de descarga de aguas residuales.<\/p><\/div><div>Chemviron ofrece un paquete completo de soluciones de purificaci\u00f3n de aguas residuales que incluye:<\/div><div> <\/div><div><ul><li>Soporte t\u00e9cnico para asesorar sobre el carb\u00f3n activado y la soluci\u00f3n de servicio adecuados para la aplicaci\u00f3n; p\u00f3ngase en contacto con un representante para obtener m\u00e1s informaci\u00f3n.<\/li><li>Filtros de carb\u00f3n m\u00f3viles de la amplia gama de <a class=\"internal-link\" title=\"Abre un enlace interno en la ventana actual\" href=\"https:\/\/www.chemviron.eu\/es\/soluciones\/filtros-de-carbon-moviles\/agua-y-liquidos\">adsorbedores CYCLESORB<sup>\u00ae<\/sup><\/a>, disponibles en r\u00e9gimen de alquiler, entregados r\u00e1pidamente e instalados f\u00e1cilmente in situ para su uso inmediato.<\/li><li>El suministro de un carb\u00f3n activado de alta calidad, proporcionado por nuestra Compa\u00f1\u00eda, el mayor productor mundial de carbones activados, y seleccionado para la aplicaci\u00f3n, que se preinstala en el filtro de carb\u00f3n m\u00f3vil.<\/li><li>Sustituci\u00f3n del filtro de carb\u00f3n usado por una unidad nueva, eliminando la necesidad de cambiar el carb\u00f3n agotado in situ.<\/li><li>Este carb\u00f3n agotado puede ser devuelto, en la mayor\u00eda de los casos, a una de las instalaciones de reciclaje de Chemviron para su reactivaci\u00f3n y reutilizaci\u00f3n.<\/li><\/ul><\/div>\t\t\t\t\t\t\t\t<\/div>\n\t\t\t\t<\/div>\n\t\t\t\t<div class=\"elementor-element elementor-element-e1ab471 elementor-widget elementor-widget-heading\" data-id=\"e1ab471\" data-element_type=\"widget\" data-e-type=\"widget\" data-widget_type=\"heading.default\">\n\t\t\t\t<div class=\"elementor-widget-container\">\n\t\t\t\t\t<h4 class=\"elementor-heading-title elementor-size-default\">\u00bfC\u00f3mo es Chemviron sostenible?<\/h4>\t\t\t\t<\/div>\n\t\t\t\t<\/div>\n\t\t\t\t<div class=\"elementor-element elementor-element-8b0ae1f elementor-widget-mobile__width-inherit elementor-widget elementor-widget-text-editor\" data-id=\"8b0ae1f\" data-element_type=\"widget\" data-e-type=\"widget\" data-widget_type=\"text-editor.default\">\n\t\t\t\t<div class=\"elementor-widget-container\">\n\t\t\t\t\t\t\t\t\t<div>\n<p>Chemviron es el mayor reciclador (o reactivador) de carbones activados del mundo y cuenta con instalaciones de reciclaje de carb\u00f3n en toda Europa. El compromiso continuo de la empresa con la expansi\u00f3n de sus capacidades de reactivaci\u00f3n ha permitido a Chemviron desarrollar procesos de vanguardia para reciclar carbones activados, reduciendo el impacto de nuestra huella de CO<sub>2<\/sub>. &nbsp;&nbsp;<\/p>\n<\/div>\n<div>Mediante el desarrollo de una experiencia operativa interna tan completa, el carb\u00f3n se recicla o reactiva t\u00e9rmicamente a trav\u00e9s de uno de los hornos de reactivaci\u00f3n de carb\u00f3n dise\u00f1ados a medida de Chemviron. Estos hornos permiten a los ingenieros de Chemviron tener un alto control sobre las operaciones del proceso para permitir la destrucci\u00f3n de los contaminantes adsorbidos, al tiempo que restauran el carb\u00f3n agotado a un estado reutilizable. <br><br><\/div>\n<div>La combinaci\u00f3n de la reactivaci\u00f3n con los carbones activados de alta calidad y especialmente dise\u00f1ados de Chemviron significa que los clientes pueden beneficiarse de una soluci\u00f3n de purificaci\u00f3n rentable y sostenible.&nbsp;<\/div>\t\t\t\t\t\t\t\t<\/div>\n\t\t\t\t<\/div>\n\t\t\t\t<\/div>\n\t\t\t\t\t<\/div>\n\t\t\t\t<\/div>\n\t\t<div class=\"elementor-element elementor-element-bbee6d8 e-flex e-con-boxed elementor-invisible e-con e-parent\" data-id=\"bbee6d8\" data-element_type=\"container\" data-e-type=\"container\" data-settings=\"{&quot;animation&quot;:&quot;fadeInUp&quot;}\">\n\t\t\t\t\t<div class=\"e-con-inner\">\n\t\t<div data-dce-background-color=\"#FFF4DA\" class=\"elementor-element elementor-element-b0a1cba e-con-full e-flex e-con e-child\" data-id=\"b0a1cba\" data-element_type=\"container\" data-e-type=\"container\" data-settings=\"{&quot;background_background&quot;:&quot;classic&quot;}\">\n\t\t\t\t<div class=\"elementor-element elementor-element-4757689 dce_masking-none elementor-widget elementor-widget-image\" data-id=\"4757689\" data-element_type=\"widget\" data-e-type=\"widget\" data-widget_type=\"image.default\">\n\t\t\t\t<div class=\"elementor-widget-container\">\n\t\t\t\t\t\t\t\t\t\t\t\t\t\t\t<img decoding=\"async\" width=\"136\" height=\"136\" src=\"https:\/\/www.chemviron.eu\/wp-content\/uploads\/2024\/01\/kuraray_pictogram_user-negative-1.png\" class=\"attachment-large size-large wp-image-1989\" alt=\"\" \/>\t\t\t\t\t\t\t\t\t\t\t\t\t\t\t<\/div>\n\t\t\t\t<\/div>\n\t\t\t\t<\/div>\n\t\t<div data-dce-background-color=\"#FFF4DA\" class=\"elementor-element elementor-element-435f436 e-con-full e-flex e-con e-child\" data-id=\"435f436\" data-element_type=\"container\" data-e-type=\"container\" data-settings=\"{&quot;background_background&quot;:&quot;classic&quot;}\">\n\t\t\t\t<div class=\"elementor-element elementor-element-31a2686 elementor-widget elementor-widget-heading\" data-id=\"31a2686\" data-element_type=\"widget\" data-e-type=\"widget\" data-widget_type=\"heading.default\">\n\t\t\t\t<div class=\"elementor-widget-container\">\n\t\t\t\t\t<h4 class=\"elementor-heading-title elementor-size-default\">P\u00f3ngase en contacto con nuestro equipo t\u00e9cnico especializado para obtener m\u00e1s informaci\u00f3n.<\/h4>\t\t\t\t<\/div>\n\t\t\t\t<\/div>\n\t\t\t\t<div class=\"elementor-element elementor-element-cfecd97 elementor-widget elementor-widget-button\" data-id=\"cfecd97\" data-element_type=\"widget\" data-e-type=\"widget\" data-widget_type=\"button.default\">\n\t\t\t\t<div class=\"elementor-widget-container\">\n\t\t\t\t\t\t\t\t\t<div class=\"elementor-button-wrapper\">\n\t\t\t\t\t<a class=\"elementor-button elementor-button-link elementor-size-sm\" href=\"\/es\/contactenos\/\">\n\t\t\t\t\t\t<span class=\"elementor-button-content-wrapper\">\n\t\t\t\t\t\t\t\t\t<span class=\"elementor-button-text\">Contactar<\/span>\n\t\t\t\t\t<\/span>\n\t\t\t\t\t<\/a>\n\t\t\t\t<\/div>\n\t\t\t\t\t\t\t\t<\/div>\n\t\t\t\t<\/div>\n\t\t\t\t<\/div>\n\t\t\t\t\t<\/div>\n\t\t\t\t<\/div>\n\t\t\t\t<\/div>\n\t\t","protected":false},"excerpt":{"rendered":"<p>Purificaci\u00f3n de aguas residuales Chemviron ofrece un servicio integral de purificaci\u00f3n de aguas residuales industriales para la adsorci\u00f3n de contaminantes nocivos, utilizando nuestro servicio de filtros de carb\u00f3n m\u00f3viles, tecnolog\u00eda de carb\u00f3n activado y el reciclaje del carb\u00f3n activado agotado. Preservar el medio ambiente y mantener nuestra agua limpia y segura es fundamental para proteger [&hellip;]<\/p>\n","protected":false},"author":1,"featured_media":13717,"parent":14044,"menu_order":0,"comment_status":"closed","ping_status":"closed","template":"elementor_header_footer","meta":{"_acf_changed":false,"inline_featured_image":false,"footnotes":""},"class_list":["post-14242","page","type-page","status-publish","has-post-thumbnail","hentry"],"acf":[],"yoast_head":"<!-- This site is optimized with the Yoast SEO plugin v27.3 - https:\/\/yoast.com\/product\/yoast-seo-wordpress\/ -->\n<title>Soluciones de purificaci\u00f3n para aguas residuales industriales y municipales<\/title>\n<meta name=\"description\" content=\"Soluciones integrales de purificaci\u00f3n de aguas residuales industriales y municipales para eliminar contaminantes nocivos y mitigar los impactos ambientales.\" \/>\n<meta name=\"robots\" content=\"index, follow, max-snippet:-1, max-image-preview:large, max-video-preview:-1\" \/>\n<link rel=\"canonical\" href=\"https:\/\/www.chemviron.eu\/es\/aplicaciones\/aguas-residuales\/\" \/>\n<meta property=\"og:locale\" content=\"es_ES\" \/>\n<meta property=\"og:type\" content=\"article\" \/>\n<meta property=\"og:title\" content=\"Soluciones de purificaci\u00f3n para aguas residuales industriales y municipales\" \/>\n<meta property=\"og:description\" content=\"Soluciones integrales de purificaci\u00f3n de aguas residuales industriales y municipales para eliminar contaminantes nocivos y mitigar los impactos ambientales.\" \/>\n<meta property=\"og:url\" content=\"https:\/\/www.chemviron.eu\/es\/aplicaciones\/aguas-residuales\/\" \/>\n<meta property=\"og:site_name\" content=\"Chemviron\" \/>\n<meta property=\"article:modified_time\" content=\"2026-03-02T07:27:25+00:00\" \/>\n<meta property=\"og:image\" content=\"https:\/\/www.chemviron.eu\/wp-content\/uploads\/2026\/02\/Wastewater-plant-scaled.jpeg\" \/>\n\t<meta property=\"og:image:width\" content=\"2560\" \/>\n\t<meta property=\"og:image:height\" content=\"1463\" \/>\n\t<meta property=\"og:image:type\" content=\"image\/jpeg\" \/>\n<meta name=\"twitter:card\" content=\"summary_large_image\" \/>\n<meta name=\"twitter:label1\" content=\"Tiempo de lectura\" \/>\n\t<meta name=\"twitter:data1\" content=\"4 minutos\" \/>\n<script type=\"application\/ld+json\" class=\"yoast-schema-graph\">{\"@context\":\"https:\\\/\\\/schema.org\",\"@graph\":[{\"@type\":\"WebPage\",\"@id\":\"https:\\\/\\\/www.chemviron.eu\\\/es\\\/aplicaciones\\\/aguas-residuales\\\/\",\"url\":\"https:\\\/\\\/www.chemviron.eu\\\/es\\\/aplicaciones\\\/aguas-residuales\\\/\",\"name\":\"Soluciones de purificaci\u00f3n para aguas residuales industriales y municipales\",\"isPartOf\":{\"@id\":\"https:\\\/\\\/www.chemviron.eu\\\/es\\\/#website\"},\"primaryImageOfPage\":{\"@id\":\"https:\\\/\\\/www.chemviron.eu\\\/es\\\/aplicaciones\\\/aguas-residuales\\\/#primaryimage\"},\"image\":{\"@id\":\"https:\\\/\\\/www.chemviron.eu\\\/es\\\/aplicaciones\\\/aguas-residuales\\\/#primaryimage\"},\"thumbnailUrl\":\"https:\\\/\\\/www.chemviron.eu\\\/wp-content\\\/uploads\\\/2026\\\/02\\\/Wastewater-plant-scaled.jpeg\",\"datePublished\":\"2023-12-06T12:32:12+00:00\",\"dateModified\":\"2026-03-02T07:27:25+00:00\",\"description\":\"Soluciones integrales de purificaci\u00f3n de aguas residuales industriales y municipales para eliminar contaminantes nocivos y mitigar los impactos ambientales.\",\"breadcrumb\":{\"@id\":\"https:\\\/\\\/www.chemviron.eu\\\/es\\\/aplicaciones\\\/aguas-residuales\\\/#breadcrumb\"},\"inLanguage\":\"es\",\"potentialAction\":[{\"@type\":\"ReadAction\",\"target\":[\"https:\\\/\\\/www.chemviron.eu\\\/es\\\/aplicaciones\\\/aguas-residuales\\\/\"]}]},{\"@type\":\"ImageObject\",\"inLanguage\":\"es\",\"@id\":\"https:\\\/\\\/www.chemviron.eu\\\/es\\\/aplicaciones\\\/aguas-residuales\\\/#primaryimage\",\"url\":\"https:\\\/\\\/www.chemviron.eu\\\/wp-content\\\/uploads\\\/2026\\\/02\\\/Wastewater-plant-scaled.jpeg\",\"contentUrl\":\"https:\\\/\\\/www.chemviron.eu\\\/wp-content\\\/uploads\\\/2026\\\/02\\\/Wastewater-plant-scaled.jpeg\",\"width\":2560,\"height\":1463,\"caption\":\"wastewater-purification-solution-with-activated-carbon\"},{\"@type\":\"BreadcrumbList\",\"@id\":\"https:\\\/\\\/www.chemviron.eu\\\/es\\\/aplicaciones\\\/aguas-residuales\\\/#breadcrumb\",\"itemListElement\":[{\"@type\":\"ListItem\",\"position\":1,\"name\":\"Home\",\"item\":\"https:\\\/\\\/www.chemviron.eu\\\/es\\\/\"},{\"@type\":\"ListItem\",\"position\":2,\"name\":\"Aplicaciones\",\"item\":\"https:\\\/\\\/www.chemviron.eu\\\/es\\\/?page_id=14044\"},{\"@type\":\"ListItem\",\"position\":3,\"name\":\"Aguas residuales\"}]},{\"@type\":\"WebSite\",\"@id\":\"https:\\\/\\\/www.chemviron.eu\\\/es\\\/#website\",\"url\":\"https:\\\/\\\/www.chemviron.eu\\\/es\\\/\",\"name\":\"Chemviron\",\"description\":\"The Purification Solutions Provider\",\"publisher\":{\"@id\":\"https:\\\/\\\/www.chemviron.eu\\\/es\\\/#organization\"},\"potentialAction\":[{\"@type\":\"SearchAction\",\"target\":{\"@type\":\"EntryPoint\",\"urlTemplate\":\"https:\\\/\\\/www.chemviron.eu\\\/es\\\/?s={search_term_string}\"},\"query-input\":{\"@type\":\"PropertyValueSpecification\",\"valueRequired\":true,\"valueName\":\"search_term_string\"}}],\"inLanguage\":\"es\"},{\"@type\":\"Organization\",\"@id\":\"https:\\\/\\\/www.chemviron.eu\\\/es\\\/#organization\",\"name\":\"Chemviron\",\"url\":\"https:\\\/\\\/www.chemviron.eu\\\/es\\\/\",\"logo\":{\"@type\":\"ImageObject\",\"inLanguage\":\"es\",\"@id\":\"https:\\\/\\\/www.chemviron.eu\\\/es\\\/#\\\/schema\\\/logo\\\/image\\\/\",\"url\":\"https:\\\/\\\/www.chemviron.eu\\\/wp-content\\\/uploads\\\/2023\\\/12\\\/Chemviron-logo.jpg\",\"contentUrl\":\"https:\\\/\\\/www.chemviron.eu\\\/wp-content\\\/uploads\\\/2023\\\/12\\\/Chemviron-logo.jpg\",\"width\":1667,\"height\":833,\"caption\":\"Chemviron\"},\"image\":{\"@id\":\"https:\\\/\\\/www.chemviron.eu\\\/es\\\/#\\\/schema\\\/logo\\\/image\\\/\"},\"sameAs\":[\"https:\\\/\\\/www.linkedin.com\\\/company\\\/chemviron\\\/\"]}]}<\/script>\n<!-- \/ Yoast SEO plugin. -->","yoast_head_json":{"title":"Soluciones de purificaci\u00f3n para aguas residuales industriales y municipales","description":"Soluciones integrales de purificaci\u00f3n de aguas residuales industriales y municipales para eliminar contaminantes nocivos y mitigar los impactos ambientales.","robots":{"index":"index","follow":"follow","max-snippet":"max-snippet:-1","max-image-preview":"max-image-preview:large","max-video-preview":"max-video-preview:-1"},"canonical":"https:\/\/www.chemviron.eu\/es\/aplicaciones\/aguas-residuales\/","og_locale":"es_ES","og_type":"article","og_title":"Soluciones de purificaci\u00f3n para aguas residuales industriales y municipales","og_description":"Soluciones integrales de purificaci\u00f3n de aguas residuales industriales y municipales para eliminar contaminantes nocivos y mitigar los impactos ambientales.","og_url":"https:\/\/www.chemviron.eu\/es\/aplicaciones\/aguas-residuales\/","og_site_name":"Chemviron","article_modified_time":"2026-03-02T07:27:25+00:00","og_image":[{"width":2560,"height":1463,"url":"https:\/\/www.chemviron.eu\/wp-content\/uploads\/2026\/02\/Wastewater-plant-scaled.jpeg","type":"image\/jpeg"}],"twitter_card":"summary_large_image","twitter_misc":{"Tiempo de lectura":"4 minutos"},"schema":{"@context":"https:\/\/schema.org","@graph":[{"@type":"WebPage","@id":"https:\/\/www.chemviron.eu\/es\/aplicaciones\/aguas-residuales\/","url":"https:\/\/www.chemviron.eu\/es\/aplicaciones\/aguas-residuales\/","name":"Soluciones de purificaci\u00f3n para aguas residuales industriales y municipales","isPartOf":{"@id":"https:\/\/www.chemviron.eu\/es\/#website"},"primaryImageOfPage":{"@id":"https:\/\/www.chemviron.eu\/es\/aplicaciones\/aguas-residuales\/#primaryimage"},"image":{"@id":"https:\/\/www.chemviron.eu\/es\/aplicaciones\/aguas-residuales\/#primaryimage"},"thumbnailUrl":"https:\/\/www.chemviron.eu\/wp-content\/uploads\/2026\/02\/Wastewater-plant-scaled.jpeg","datePublished":"2023-12-06T12:32:12+00:00","dateModified":"2026-03-02T07:27:25+00:00","description":"Soluciones integrales de purificaci\u00f3n de aguas residuales industriales y municipales para eliminar contaminantes nocivos y mitigar los impactos ambientales.","breadcrumb":{"@id":"https:\/\/www.chemviron.eu\/es\/aplicaciones\/aguas-residuales\/#breadcrumb"},"inLanguage":"es","potentialAction":[{"@type":"ReadAction","target":["https:\/\/www.chemviron.eu\/es\/aplicaciones\/aguas-residuales\/"]}]},{"@type":"ImageObject","inLanguage":"es","@id":"https:\/\/www.chemviron.eu\/es\/aplicaciones\/aguas-residuales\/#primaryimage","url":"https:\/\/www.chemviron.eu\/wp-content\/uploads\/2026\/02\/Wastewater-plant-scaled.jpeg","contentUrl":"https:\/\/www.chemviron.eu\/wp-content\/uploads\/2026\/02\/Wastewater-plant-scaled.jpeg","width":2560,"height":1463,"caption":"wastewater-purification-solution-with-activated-carbon"},{"@type":"BreadcrumbList","@id":"https:\/\/www.chemviron.eu\/es\/aplicaciones\/aguas-residuales\/#breadcrumb","itemListElement":[{"@type":"ListItem","position":1,"name":"Home","item":"https:\/\/www.chemviron.eu\/es\/"},{"@type":"ListItem","position":2,"name":"Aplicaciones","item":"https:\/\/www.chemviron.eu\/es\/?page_id=14044"},{"@type":"ListItem","position":3,"name":"Aguas residuales"}]},{"@type":"WebSite","@id":"https:\/\/www.chemviron.eu\/es\/#website","url":"https:\/\/www.chemviron.eu\/es\/","name":"Chemviron","description":"The Purification Solutions Provider","publisher":{"@id":"https:\/\/www.chemviron.eu\/es\/#organization"},"potentialAction":[{"@type":"SearchAction","target":{"@type":"EntryPoint","urlTemplate":"https:\/\/www.chemviron.eu\/es\/?s={search_term_string}"},"query-input":{"@type":"PropertyValueSpecification","valueRequired":true,"valueName":"search_term_string"}}],"inLanguage":"es"},{"@type":"Organization","@id":"https:\/\/www.chemviron.eu\/es\/#organization","name":"Chemviron","url":"https:\/\/www.chemviron.eu\/es\/","logo":{"@type":"ImageObject","inLanguage":"es","@id":"https:\/\/www.chemviron.eu\/es\/#\/schema\/logo\/image\/","url":"https:\/\/www.chemviron.eu\/wp-content\/uploads\/2023\/12\/Chemviron-logo.jpg","contentUrl":"https:\/\/www.chemviron.eu\/wp-content\/uploads\/2023\/12\/Chemviron-logo.jpg","width":1667,"height":833,"caption":"Chemviron"},"image":{"@id":"https:\/\/www.chemviron.eu\/es\/#\/schema\/logo\/image\/"},"sameAs":["https:\/\/www.linkedin.com\/company\/chemviron\/"]}]}},"_links":{"self":[{"href":"https:\/\/www.chemviron.eu\/es\/wp-json\/wp\/v2\/pages\/14242","targetHints":{"allow":["GET"]}}],"collection":[{"href":"https:\/\/www.chemviron.eu\/es\/wp-json\/wp\/v2\/pages"}],"about":[{"href":"https:\/\/www.chemviron.eu\/es\/wp-json\/wp\/v2\/types\/page"}],"author":[{"embeddable":true,"href":"https:\/\/www.chemviron.eu\/es\/wp-json\/wp\/v2\/users\/1"}],"replies":[{"embeddable":true,"href":"https:\/\/www.chemviron.eu\/es\/wp-json\/wp\/v2\/comments?post=14242"}],"version-history":[{"count":3,"href":"https:\/\/www.chemviron.eu\/es\/wp-json\/wp\/v2\/pages\/14242\/revisions"}],"predecessor-version":[{"id":14307,"href":"https:\/\/www.chemviron.eu\/es\/wp-json\/wp\/v2\/pages\/14242\/revisions\/14307"}],"up":[{"embeddable":true,"href":"https:\/\/www.chemviron.eu\/es\/wp-json\/wp\/v2\/pages\/14044"}],"wp:featuredmedia":[{"embeddable":true,"href":"https:\/\/www.chemviron.eu\/es\/wp-json\/wp\/v2\/media\/13717"}],"wp:attachment":[{"href":"https:\/\/www.chemviron.eu\/es\/wp-json\/wp\/v2\/media?parent=14242"}],"curies":[{"name":"wp","href":"https:\/\/api.w.org\/{rel}","templated":true}]}}