{"id":14230,"date":"2023-12-06T12:33:09","date_gmt":"2023-12-06T12:33:09","guid":{"rendered":"https:\/\/www.chemviron.eu\/aplicaciones\/biogas-y-biometano\/"},"modified":"2026-03-02T07:27:25","modified_gmt":"2026-03-02T07:27:25","slug":"biogas-y-biometano","status":"publish","type":"page","link":"https:\/\/www.chemviron.eu\/es\/aplicaciones\/biogas-y-biometano\/","title":{"rendered":"Biog\u00e1s y biometano"},"content":{"rendered":"\t\t<div data-elementor-type=\"wp-page\" data-elementor-id=\"14230\" class=\"elementor elementor-14230 elementor-631\" data-elementor-post-type=\"page\">\n\t\t\t\t<div class=\"elementor-element elementor-element-3dea6426 e-flex e-con-boxed e-con e-parent\" data-id=\"3dea6426\" data-element_type=\"container\" data-e-type=\"container\">\n\t\t\t\t\t<div class=\"e-con-inner\">\n\t\t<div class=\"elementor-element elementor-element-1dd23e07 e-con-full e-flex e-con e-child\" data-id=\"1dd23e07\" data-element_type=\"container\" data-e-type=\"container\">\n\t\t\t\t<div class=\"elementor-element elementor-element-6923fcb4 elementor-invisible elementor-widget elementor-widget-heading\" data-id=\"6923fcb4\" data-element_type=\"widget\" data-e-type=\"widget\" data-settings=\"{&quot;_animation&quot;:&quot;fadeIn&quot;}\" data-widget_type=\"heading.default\">\n\t\t\t\t<div class=\"elementor-widget-container\">\n\t\t\t\t\t<h1 class=\"elementor-heading-title elementor-size-default\">Biog\u00e1s y biometano<\/h1>\t\t\t\t<\/div>\n\t\t\t\t<\/div>\n\t\t\t\t<div class=\"elementor-element elementor-element-2db43014 elementor-invisible elementor-widget elementor-widget-heading\" data-id=\"2db43014\" data-element_type=\"widget\" data-e-type=\"widget\" data-settings=\"{&quot;_animation&quot;:&quot;fadeIn&quot;,&quot;_animation_delay&quot;:400}\" data-widget_type=\"heading.default\">\n\t\t\t\t<div class=\"elementor-widget-container\">\n\t\t\t\t\t<h2 class=\"elementor-heading-title elementor-size-default\">Nuestros filtros de carb\u00f3n m\u00f3viles CYCLEVENT\u00ae MACH personalizados, combinados con nuestra producci\u00f3n europea de carbones especializados para la eliminaci\u00f3n de H<sub>2<\/sub>S, proporcionan un servicio de tratamiento rentable y sencillo para aplicaciones de enriquecimiento de biog\u00e1s y biometano. <\/h2>\t\t\t\t<\/div>\n\t\t\t\t<\/div>\n\t\t\t\t<\/div>\n\t\t<div data-dce-background-image-url=\"https:\/\/www.chemviron.eu\/wp-content\/uploads\/2026\/02\/Biogas-1-scaled.jpeg\" class=\"elementor-element elementor-element-588f3e80 e-con-full e-flex e-con e-child\" data-id=\"588f3e80\" data-element_type=\"container\" data-e-type=\"container\" data-settings=\"{&quot;background_background&quot;:&quot;classic&quot;}\">\n\t\t\t\t<\/div>\n\t\t\t\t\t<\/div>\n\t\t\t\t<\/div>\n\t\t<div data-dce-background-overlay-image-url=\"https:\/\/www.chemviron.eu\/wp-content\/uploads\/2024\/01\/kuraray_circle_grid_landscape_rgb-1.svg\" class=\"elementor-element elementor-element-659a4968 e-flex e-con-boxed e-con e-parent\" data-id=\"659a4968\" data-element_type=\"container\" data-e-type=\"container\">\n\t\t\t\t\t<div class=\"e-con-inner\">\n\t\t<div class=\"elementor-element elementor-element-4424413 e-con-full e-flex e-con e-child\" data-id=\"4424413\" data-element_type=\"container\" data-e-type=\"container\">\n\t\t\t\t<div class=\"elementor-element elementor-element-22e84b72 elementor-widget-mobile__width-inherit elementor-widget elementor-widget-text-editor\" data-id=\"22e84b72\" data-element_type=\"widget\" data-e-type=\"widget\" data-widget_type=\"text-editor.default\">\n\t\t\t\t<div class=\"elementor-widget-container\">\n\t\t\t\t\t\t\t\t\t<div><p>Para que el biog\u00e1s sea una fuente eficaz de producci\u00f3n de energ\u00eda renovable, primero debe tratarse para eliminar contaminantes como los siloxanos y el sulfuro de hidr\u00f3geno (H<sub>2<\/sub>S). Los innovadores sistemas de filtraci\u00f3n m\u00f3vil de Chemviron, combinados con nuestros carbones activos dise\u00f1ados para un excelente rendimiento, proporcionan una soluci\u00f3n de tratamiento rentable y sostenible para el biog\u00e1s y el biometano. <\/p><p>Chemviron ha sido pionera en el desarrollo de carbones activos de alta calidad durante m\u00e1s de 80 a\u00f1os. Como precursor del sector, Chemviron ha desarrollado una gran pericia en la prestaci\u00f3n de soluciones aprovechando su dilatada experiencia en ingenier\u00eda y en la industria. Esto significa que, para el enriquecimiento de biog\u00e1s y biometano, el equipo de servicios t\u00e9cnicos de Chemviron puede proporcionar soluciones a medida para los problemas de los clientes.  <\/p><\/div><div><p><strong><a class=\"external-link-new-window\" title=\"Abre un enlace interno en la ventana actual\" href=\"\/es\/contactenos\/\" target=\"_blank\" rel=\"noopener\">P\u00f3ngase en contacto con nuestro equipo especializado de servicios t\u00e9cnicos<\/a><\/strong> para analizar posibles soluciones de tratamiento.<\/p><\/div>\t\t\t\t\t\t\t\t<\/div>\n\t\t\t\t<\/div>\n\t\t\t\t<div class=\"elementor-element elementor-element-3061e3d4 elementor-widget elementor-widget-heading\" data-id=\"3061e3d4\" data-element_type=\"widget\" data-e-type=\"widget\" data-widget_type=\"heading.default\">\n\t\t\t\t<div class=\"elementor-widget-container\">\n\t\t\t\t\t<h3 class=\"elementor-heading-title elementor-size-default\">\u00bfPor qu\u00e9 es el carb\u00f3n activo la tecnolog\u00eda preferida?<\/h3>\t\t\t\t<\/div>\n\t\t\t\t<\/div>\n\t\t\t\t<div class=\"elementor-element elementor-element-5a98ea32 elementor-widget-mobile__width-inherit elementor-widget elementor-widget-text-editor\" data-id=\"5a98ea32\" data-element_type=\"widget\" data-e-type=\"widget\" data-widget_type=\"text-editor.default\">\n\t\t\t\t<div class=\"elementor-widget-container\">\n\t\t\t\t\t\t\t\t\t<div><p>El carb\u00f3n activo posee las fuerzas de adsorci\u00f3n f\u00edsica m\u00e1s potentes, o el mayor volumen de porosidad de adsorci\u00f3n, de cualquier material conocido por el hombre. Puede tener una superficie superior a 1.000 m\u00b2\/g, lo que significa que 3 g de carb\u00f3n activo pueden tener la superficie de un campo de f\u00fatbol. Esto lo convierte en una excelente soluci\u00f3n de tratamiento para el enriquecimiento de biog\u00e1s y biometano. El uso de carbones activos impregnados qu\u00edmicamente puede mejorar a\u00fan m\u00e1s la capacidad de eliminaci\u00f3n de contaminantes espec\u00edficos.   <\/p><\/div><div>La adsorci\u00f3n en los carbones activos de alta calidad de Chemviron es una soluci\u00f3n eficiente y rentable para la eliminaci\u00f3n de contaminantes de las corrientes gaseosas. La tecnolog\u00eda de Chemviron es fiable, segura, sencilla y ha sido probada durante muchos a\u00f1os. <\/div>\t\t\t\t\t\t\t\t<\/div>\n\t\t\t\t<\/div>\n\t\t\t\t<div class=\"elementor-element elementor-element-3b3a74a elementor-widget elementor-widget-heading\" data-id=\"3b3a74a\" data-element_type=\"widget\" data-e-type=\"widget\" data-widget_type=\"heading.default\">\n\t\t\t\t<div class=\"elementor-widget-container\">\n\t\t\t\t\t<h4 class=\"elementor-heading-title elementor-size-default\">Filtros de carb\u00f3n m\u00f3viles<\/h4>\t\t\t\t<\/div>\n\t\t\t\t<\/div>\n\t\t\t\t<div class=\"elementor-element elementor-element-74adb961 elementor-widget-mobile__width-inherit elementor-widget elementor-widget-text-editor\" data-id=\"74adb961\" data-element_type=\"widget\" data-e-type=\"widget\" data-widget_type=\"text-editor.default\">\n\t\t\t\t<div class=\"elementor-widget-container\">\n\t\t\t\t\t\t\t\t\t<div><p>Nuestra amplia flota de adsorbedores de carb\u00f3n m\u00f3viles proporciona una soluci\u00f3n r\u00e1pida y eficaz para tratar estas emisiones en su origen. <span style=\"text-align: var(--text-align); background-color: var( --e-global-color-c696dce ); color: var( --e-global-color-text ); font-size: 1rem;\">Una vez utilizado, sustituimos el filtro, eliminando la carga que supone el intercambio del carb\u00f3n activo usado en las propias instalaciones. <\/span><\/p><\/div><div>Estos filtros, disponibles en r\u00e9gimen de alquiler, pueden emplearse r\u00e1pidamente para su uso inmediato; consulte nuestros <strong><a class=\"internal-link\" title=\"Abre un enlace interno en la ventana actual\" href=\"https:\/\/www.chemviron.eu\/es\/soluciones\/filtros-de-carbon-moviles\/biogas-y-biometano\">filtros de carb\u00f3n m\u00f3viles CYCLEVENT<sup>\u00ae<\/sup> MACH para obtener m\u00e1s informaci\u00f3n.<\/a><\/strong><\/div><div> <\/div><div>Para recibir asesoramiento sobre c\u00f3mo podemos ayudarle y obtener recomendaciones sobre el filtro m\u00f3vil y el carb\u00f3n adecuados para su planta y situaci\u00f3n espec\u00edfica, p\u00f3ngase en contacto con nosotros para recibir asistencia y asesoramiento t\u00e9cnico. Estaremos encantados de atenderle. <\/div>\t\t\t\t\t\t\t\t<\/div>\n\t\t\t\t<\/div>\n\t\t\t\t<\/div>\n\t\t\t\t\t<\/div>\n\t\t\t\t<\/div>\n\t\t<div class=\"elementor-element elementor-element-7bc69263 e-flex e-con-boxed elementor-invisible e-con e-parent\" data-id=\"7bc69263\" data-element_type=\"container\" data-e-type=\"container\" data-settings=\"{&quot;animation&quot;:&quot;fadeInUp&quot;}\">\n\t\t\t\t\t<div class=\"e-con-inner\">\n\t\t<div data-dce-background-color=\"#FFF4DA\" class=\"elementor-element elementor-element-651a739c e-con-full e-flex e-con e-child\" data-id=\"651a739c\" data-element_type=\"container\" data-e-type=\"container\" data-settings=\"{&quot;background_background&quot;:&quot;classic&quot;}\">\n\t\t\t\t<div class=\"elementor-element elementor-element-71dd3b98 dce_masking-none elementor-widget elementor-widget-image\" data-id=\"71dd3b98\" data-element_type=\"widget\" data-e-type=\"widget\" data-widget_type=\"image.default\">\n\t\t\t\t<div class=\"elementor-widget-container\">\n\t\t\t\t\t\t\t\t\t\t\t\t\t\t\t<img decoding=\"async\" width=\"136\" height=\"136\" src=\"https:\/\/www.chemviron.eu\/wp-content\/uploads\/2024\/01\/kuraray_pictogram_user-negative-1-1.png\" class=\"attachment-large size-large wp-image-2610\" alt=\"\" \/>\t\t\t\t\t\t\t\t\t\t\t\t\t\t\t<\/div>\n\t\t\t\t<\/div>\n\t\t\t\t<\/div>\n\t\t<div data-dce-background-color=\"#FFF4DA\" class=\"elementor-element elementor-element-7d522980 e-con-full e-flex e-con e-child\" data-id=\"7d522980\" data-element_type=\"container\" data-e-type=\"container\" data-settings=\"{&quot;background_background&quot;:&quot;classic&quot;}\">\n\t\t\t\t<div class=\"elementor-element elementor-element-3498e4ba elementor-widget elementor-widget-heading\" data-id=\"3498e4ba\" data-element_type=\"widget\" data-e-type=\"widget\" data-widget_type=\"heading.default\">\n\t\t\t\t<div class=\"elementor-widget-container\">\n\t\t\t\t\t<h4 class=\"elementor-heading-title elementor-size-default\">P\u00f3ngase en contacto con nuestro equipo t\u00e9cnico especializado para obtener m\u00e1s informaci\u00f3n.<\/h4>\t\t\t\t<\/div>\n\t\t\t\t<\/div>\n\t\t\t\t<div class=\"elementor-element elementor-element-919d820 elementor-widget elementor-widget-button\" data-id=\"919d820\" data-element_type=\"widget\" data-e-type=\"widget\" data-widget_type=\"button.default\">\n\t\t\t\t<div class=\"elementor-widget-container\">\n\t\t\t\t\t\t\t\t\t<div class=\"elementor-button-wrapper\">\n\t\t\t\t\t<a class=\"elementor-button elementor-button-link elementor-size-sm\" href=\"\/es\/contactenos\/\">\n\t\t\t\t\t\t<span class=\"elementor-button-content-wrapper\">\n\t\t\t\t\t\t\t\t\t<span class=\"elementor-button-text\">Contacto<\/span>\n\t\t\t\t\t<\/span>\n\t\t\t\t\t<\/a>\n\t\t\t\t<\/div>\n\t\t\t\t\t\t\t\t<\/div>\n\t\t\t\t<\/div>\n\t\t\t\t<\/div>\n\t\t\t\t\t<\/div>\n\t\t\t\t<\/div>\n\t\t\t\t<\/div>\n\t\t","protected":false},"excerpt":{"rendered":"<p>Biog\u00e1s y biometano Nuestros filtros de carb\u00f3n m\u00f3viles CYCLEVENT\u00ae MACH personalizados, combinados con nuestra producci\u00f3n europea de carbones especializados para la eliminaci\u00f3n de H2S, proporcionan un servicio de tratamiento rentable y sencillo para aplicaciones de enriquecimiento de biog\u00e1s y biometano. Para que el biog\u00e1s sea una fuente eficaz de producci\u00f3n de energ\u00eda renovable, primero debe [&hellip;]<\/p>\n","protected":false},"author":1,"featured_media":13747,"parent":14044,"menu_order":0,"comment_status":"closed","ping_status":"closed","template":"elementor_header_footer","meta":{"_acf_changed":false,"inline_featured_image":false,"footnotes":""},"class_list":["post-14230","page","type-page","status-publish","has-post-thumbnail","hentry"],"acf":[],"yoast_head":"<!-- This site is optimized with the Yoast SEO plugin v27.3 - https:\/\/yoast.com\/product\/yoast-seo-wordpress\/ -->\n<title>Enriquecimiento de biog\u00e1s y biometano<\/title>\n<meta name=\"description\" content=\"Enriquecimiento de biog\u00e1s y biometano: una soluci\u00f3n flexible y rentable para eliminar H\u2082S, COV, siloxanos y otras impurezas. Obtenga m\u00e1s informaci\u00f3n ahora.\" \/>\n<meta name=\"robots\" content=\"index, follow, max-snippet:-1, max-image-preview:large, max-video-preview:-1\" \/>\n<link rel=\"canonical\" href=\"https:\/\/www.chemviron.eu\/es\/aplicaciones\/biogas-y-biometano\/\" \/>\n<meta property=\"og:locale\" content=\"es_ES\" \/>\n<meta property=\"og:type\" content=\"article\" \/>\n<meta property=\"og:title\" content=\"Enriquecimiento de biog\u00e1s y biometano\" \/>\n<meta property=\"og:description\" content=\"Enriquecimiento de biog\u00e1s y biometano: una soluci\u00f3n flexible y rentable para eliminar H\u2082S, COV, siloxanos y otras impurezas. Obtenga m\u00e1s informaci\u00f3n ahora.\" \/>\n<meta property=\"og:url\" content=\"https:\/\/www.chemviron.eu\/es\/aplicaciones\/biogas-y-biometano\/\" \/>\n<meta property=\"og:site_name\" content=\"Chemviron\" \/>\n<meta property=\"article:modified_time\" content=\"2026-03-02T07:27:25+00:00\" \/>\n<meta property=\"og:image\" content=\"https:\/\/www.chemviron.eu\/wp-content\/uploads\/2026\/02\/Biogas-scaled.jpeg\" \/>\n\t<meta property=\"og:image:width\" content=\"2560\" \/>\n\t<meta property=\"og:image:height\" content=\"1920\" \/>\n\t<meta property=\"og:image:type\" content=\"image\/jpeg\" \/>\n<meta name=\"twitter:card\" content=\"summary_large_image\" \/>\n<meta name=\"twitter:label1\" content=\"Tiempo de lectura\" \/>\n\t<meta name=\"twitter:data1\" content=\"3 minutos\" \/>\n<script type=\"application\/ld+json\" class=\"yoast-schema-graph\">{\"@context\":\"https:\\\/\\\/schema.org\",\"@graph\":[{\"@type\":\"WebPage\",\"@id\":\"https:\\\/\\\/www.chemviron.eu\\\/es\\\/aplicaciones\\\/biogas-y-biometano\\\/\",\"url\":\"https:\\\/\\\/www.chemviron.eu\\\/es\\\/aplicaciones\\\/biogas-y-biometano\\\/\",\"name\":\"Enriquecimiento de biog\u00e1s y biometano\",\"isPartOf\":{\"@id\":\"https:\\\/\\\/www.chemviron.eu\\\/es\\\/#website\"},\"primaryImageOfPage\":{\"@id\":\"https:\\\/\\\/www.chemviron.eu\\\/es\\\/aplicaciones\\\/biogas-y-biometano\\\/#primaryimage\"},\"image\":{\"@id\":\"https:\\\/\\\/www.chemviron.eu\\\/es\\\/aplicaciones\\\/biogas-y-biometano\\\/#primaryimage\"},\"thumbnailUrl\":\"https:\\\/\\\/www.chemviron.eu\\\/wp-content\\\/uploads\\\/2026\\\/02\\\/Biogas-scaled.jpeg\",\"datePublished\":\"2023-12-06T12:33:09+00:00\",\"dateModified\":\"2026-03-02T07:27:25+00:00\",\"description\":\"Enriquecimiento de biog\u00e1s y biometano: una soluci\u00f3n flexible y rentable para eliminar H\u2082S, COV, siloxanos y otras impurezas. Obtenga m\u00e1s informaci\u00f3n ahora.\",\"breadcrumb\":{\"@id\":\"https:\\\/\\\/www.chemviron.eu\\\/es\\\/aplicaciones\\\/biogas-y-biometano\\\/#breadcrumb\"},\"inLanguage\":\"es\",\"potentialAction\":[{\"@type\":\"ReadAction\",\"target\":[\"https:\\\/\\\/www.chemviron.eu\\\/es\\\/aplicaciones\\\/biogas-y-biometano\\\/\"]}]},{\"@type\":\"ImageObject\",\"inLanguage\":\"es\",\"@id\":\"https:\\\/\\\/www.chemviron.eu\\\/es\\\/aplicaciones\\\/biogas-y-biometano\\\/#primaryimage\",\"url\":\"https:\\\/\\\/www.chemviron.eu\\\/wp-content\\\/uploads\\\/2026\\\/02\\\/Biogas-scaled.jpeg\",\"contentUrl\":\"https:\\\/\\\/www.chemviron.eu\\\/wp-content\\\/uploads\\\/2026\\\/02\\\/Biogas-scaled.jpeg\",\"width\":2560,\"height\":1920,\"caption\":\"Biogasanlage in Deutschland mit Getreidefeld\"},{\"@type\":\"BreadcrumbList\",\"@id\":\"https:\\\/\\\/www.chemviron.eu\\\/es\\\/aplicaciones\\\/biogas-y-biometano\\\/#breadcrumb\",\"itemListElement\":[{\"@type\":\"ListItem\",\"position\":1,\"name\":\"Home\",\"item\":\"https:\\\/\\\/www.chemviron.eu\\\/es\\\/\"},{\"@type\":\"ListItem\",\"position\":2,\"name\":\"Aplicaciones\",\"item\":\"https:\\\/\\\/www.chemviron.eu\\\/es\\\/?page_id=14044\"},{\"@type\":\"ListItem\",\"position\":3,\"name\":\"Biog\u00e1s y biometano\"}]},{\"@type\":\"WebSite\",\"@id\":\"https:\\\/\\\/www.chemviron.eu\\\/es\\\/#website\",\"url\":\"https:\\\/\\\/www.chemviron.eu\\\/es\\\/\",\"name\":\"Chemviron\",\"description\":\"The Purification Solutions Provider\",\"publisher\":{\"@id\":\"https:\\\/\\\/www.chemviron.eu\\\/es\\\/#organization\"},\"potentialAction\":[{\"@type\":\"SearchAction\",\"target\":{\"@type\":\"EntryPoint\",\"urlTemplate\":\"https:\\\/\\\/www.chemviron.eu\\\/es\\\/?s={search_term_string}\"},\"query-input\":{\"@type\":\"PropertyValueSpecification\",\"valueRequired\":true,\"valueName\":\"search_term_string\"}}],\"inLanguage\":\"es\"},{\"@type\":\"Organization\",\"@id\":\"https:\\\/\\\/www.chemviron.eu\\\/es\\\/#organization\",\"name\":\"Chemviron\",\"url\":\"https:\\\/\\\/www.chemviron.eu\\\/es\\\/\",\"logo\":{\"@type\":\"ImageObject\",\"inLanguage\":\"es\",\"@id\":\"https:\\\/\\\/www.chemviron.eu\\\/es\\\/#\\\/schema\\\/logo\\\/image\\\/\",\"url\":\"https:\\\/\\\/www.chemviron.eu\\\/wp-content\\\/uploads\\\/2023\\\/12\\\/Chemviron-logo.jpg\",\"contentUrl\":\"https:\\\/\\\/www.chemviron.eu\\\/wp-content\\\/uploads\\\/2023\\\/12\\\/Chemviron-logo.jpg\",\"width\":1667,\"height\":833,\"caption\":\"Chemviron\"},\"image\":{\"@id\":\"https:\\\/\\\/www.chemviron.eu\\\/es\\\/#\\\/schema\\\/logo\\\/image\\\/\"},\"sameAs\":[\"https:\\\/\\\/www.linkedin.com\\\/company\\\/chemviron\\\/\"]}]}<\/script>\n<!-- \/ Yoast SEO plugin. -->","yoast_head_json":{"title":"Enriquecimiento de biog\u00e1s y biometano","description":"Enriquecimiento de biog\u00e1s y biometano: una soluci\u00f3n flexible y rentable para eliminar H\u2082S, COV, siloxanos y otras impurezas. Obtenga m\u00e1s informaci\u00f3n ahora.","robots":{"index":"index","follow":"follow","max-snippet":"max-snippet:-1","max-image-preview":"max-image-preview:large","max-video-preview":"max-video-preview:-1"},"canonical":"https:\/\/www.chemviron.eu\/es\/aplicaciones\/biogas-y-biometano\/","og_locale":"es_ES","og_type":"article","og_title":"Enriquecimiento de biog\u00e1s y biometano","og_description":"Enriquecimiento de biog\u00e1s y biometano: una soluci\u00f3n flexible y rentable para eliminar H\u2082S, COV, siloxanos y otras impurezas. Obtenga m\u00e1s informaci\u00f3n ahora.","og_url":"https:\/\/www.chemviron.eu\/es\/aplicaciones\/biogas-y-biometano\/","og_site_name":"Chemviron","article_modified_time":"2026-03-02T07:27:25+00:00","og_image":[{"width":2560,"height":1920,"url":"https:\/\/www.chemviron.eu\/wp-content\/uploads\/2026\/02\/Biogas-scaled.jpeg","type":"image\/jpeg"}],"twitter_card":"summary_large_image","twitter_misc":{"Tiempo de lectura":"3 minutos"},"schema":{"@context":"https:\/\/schema.org","@graph":[{"@type":"WebPage","@id":"https:\/\/www.chemviron.eu\/es\/aplicaciones\/biogas-y-biometano\/","url":"https:\/\/www.chemviron.eu\/es\/aplicaciones\/biogas-y-biometano\/","name":"Enriquecimiento de biog\u00e1s y biometano","isPartOf":{"@id":"https:\/\/www.chemviron.eu\/es\/#website"},"primaryImageOfPage":{"@id":"https:\/\/www.chemviron.eu\/es\/aplicaciones\/biogas-y-biometano\/#primaryimage"},"image":{"@id":"https:\/\/www.chemviron.eu\/es\/aplicaciones\/biogas-y-biometano\/#primaryimage"},"thumbnailUrl":"https:\/\/www.chemviron.eu\/wp-content\/uploads\/2026\/02\/Biogas-scaled.jpeg","datePublished":"2023-12-06T12:33:09+00:00","dateModified":"2026-03-02T07:27:25+00:00","description":"Enriquecimiento de biog\u00e1s y biometano: una soluci\u00f3n flexible y rentable para eliminar H\u2082S, COV, siloxanos y otras impurezas. Obtenga m\u00e1s informaci\u00f3n ahora.","breadcrumb":{"@id":"https:\/\/www.chemviron.eu\/es\/aplicaciones\/biogas-y-biometano\/#breadcrumb"},"inLanguage":"es","potentialAction":[{"@type":"ReadAction","target":["https:\/\/www.chemviron.eu\/es\/aplicaciones\/biogas-y-biometano\/"]}]},{"@type":"ImageObject","inLanguage":"es","@id":"https:\/\/www.chemviron.eu\/es\/aplicaciones\/biogas-y-biometano\/#primaryimage","url":"https:\/\/www.chemviron.eu\/wp-content\/uploads\/2026\/02\/Biogas-scaled.jpeg","contentUrl":"https:\/\/www.chemviron.eu\/wp-content\/uploads\/2026\/02\/Biogas-scaled.jpeg","width":2560,"height":1920,"caption":"Biogasanlage in Deutschland mit Getreidefeld"},{"@type":"BreadcrumbList","@id":"https:\/\/www.chemviron.eu\/es\/aplicaciones\/biogas-y-biometano\/#breadcrumb","itemListElement":[{"@type":"ListItem","position":1,"name":"Home","item":"https:\/\/www.chemviron.eu\/es\/"},{"@type":"ListItem","position":2,"name":"Aplicaciones","item":"https:\/\/www.chemviron.eu\/es\/?page_id=14044"},{"@type":"ListItem","position":3,"name":"Biog\u00e1s y biometano"}]},{"@type":"WebSite","@id":"https:\/\/www.chemviron.eu\/es\/#website","url":"https:\/\/www.chemviron.eu\/es\/","name":"Chemviron","description":"The Purification Solutions Provider","publisher":{"@id":"https:\/\/www.chemviron.eu\/es\/#organization"},"potentialAction":[{"@type":"SearchAction","target":{"@type":"EntryPoint","urlTemplate":"https:\/\/www.chemviron.eu\/es\/?s={search_term_string}"},"query-input":{"@type":"PropertyValueSpecification","valueRequired":true,"valueName":"search_term_string"}}],"inLanguage":"es"},{"@type":"Organization","@id":"https:\/\/www.chemviron.eu\/es\/#organization","name":"Chemviron","url":"https:\/\/www.chemviron.eu\/es\/","logo":{"@type":"ImageObject","inLanguage":"es","@id":"https:\/\/www.chemviron.eu\/es\/#\/schema\/logo\/image\/","url":"https:\/\/www.chemviron.eu\/wp-content\/uploads\/2023\/12\/Chemviron-logo.jpg","contentUrl":"https:\/\/www.chemviron.eu\/wp-content\/uploads\/2023\/12\/Chemviron-logo.jpg","width":1667,"height":833,"caption":"Chemviron"},"image":{"@id":"https:\/\/www.chemviron.eu\/es\/#\/schema\/logo\/image\/"},"sameAs":["https:\/\/www.linkedin.com\/company\/chemviron\/"]}]}},"_links":{"self":[{"href":"https:\/\/www.chemviron.eu\/es\/wp-json\/wp\/v2\/pages\/14230","targetHints":{"allow":["GET"]}}],"collection":[{"href":"https:\/\/www.chemviron.eu\/es\/wp-json\/wp\/v2\/pages"}],"about":[{"href":"https:\/\/www.chemviron.eu\/es\/wp-json\/wp\/v2\/types\/page"}],"author":[{"embeddable":true,"href":"https:\/\/www.chemviron.eu\/es\/wp-json\/wp\/v2\/users\/1"}],"replies":[{"embeddable":true,"href":"https:\/\/www.chemviron.eu\/es\/wp-json\/wp\/v2\/comments?post=14230"}],"version-history":[{"count":3,"href":"https:\/\/www.chemviron.eu\/es\/wp-json\/wp\/v2\/pages\/14230\/revisions"}],"predecessor-version":[{"id":14309,"href":"https:\/\/www.chemviron.eu\/es\/wp-json\/wp\/v2\/pages\/14230\/revisions\/14309"}],"up":[{"embeddable":true,"href":"https:\/\/www.chemviron.eu\/es\/wp-json\/wp\/v2\/pages\/14044"}],"wp:featuredmedia":[{"embeddable":true,"href":"https:\/\/www.chemviron.eu\/es\/wp-json\/wp\/v2\/media\/13747"}],"wp:attachment":[{"href":"https:\/\/www.chemviron.eu\/es\/wp-json\/wp\/v2\/media?parent=14230"}],"curies":[{"name":"wp","href":"https:\/\/api.w.org\/{rel}","templated":true}]}}