{"id":14225,"date":"2023-12-06T12:32:51","date_gmt":"2023-12-06T12:32:51","guid":{"rendered":"https:\/\/www.chemviron.eu\/aplicaciones\/emisiones-atmosfericas-industriales\/"},"modified":"2026-04-10T13:54:01","modified_gmt":"2026-04-10T13:54:01","slug":"emisiones-atmosfericas-industriales","status":"publish","type":"page","link":"https:\/\/www.chemviron.eu\/es\/aplicaciones\/emisiones-atmosfericas-industriales\/","title":{"rendered":"Emisiones Atmosf\u00e9ricas Industriales"},"content":{"rendered":"\t\t<div data-elementor-type=\"wp-page\" data-elementor-id=\"14225\" class=\"elementor elementor-14225 elementor-629\" data-elementor-post-type=\"page\">\n\t\t\t\t<div class=\"elementor-element elementor-element-224356d6 e-flex e-con-boxed e-con e-parent\" data-id=\"224356d6\" data-element_type=\"container\" data-e-type=\"container\">\n\t\t\t\t\t<div class=\"e-con-inner\">\n\t\t<div class=\"elementor-element elementor-element-2c79dc86 e-con-full e-flex e-con e-child\" data-id=\"2c79dc86\" data-element_type=\"container\" data-e-type=\"container\">\n\t\t\t\t<div class=\"elementor-element elementor-element-1162a9e elementor-invisible elementor-widget elementor-widget-heading\" data-id=\"1162a9e\" data-element_type=\"widget\" data-e-type=\"widget\" data-settings=\"{&quot;_animation&quot;:&quot;fadeIn&quot;}\" data-widget_type=\"heading.default\">\n\t\t\t\t<div class=\"elementor-widget-container\">\n\t\t\t\t\t<h1 class=\"elementor-heading-title elementor-size-default\">Emisiones Atmosf\u00e9ricas Industriales<\/h1>\t\t\t\t<\/div>\n\t\t\t\t<\/div>\n\t\t\t\t<div class=\"elementor-element elementor-element-57f0fca elementor-invisible elementor-widget elementor-widget-heading\" data-id=\"57f0fca\" data-element_type=\"widget\" data-e-type=\"widget\" data-settings=\"{&quot;_animation&quot;:&quot;fadeIn&quot;,&quot;_animation_delay&quot;:400}\" data-widget_type=\"heading.default\">\n\t\t\t\t<div class=\"elementor-widget-container\">\n\t\t\t\t\t<h2 class=\"elementor-heading-title elementor-size-default\">Chemviron proporciona un servicio integral de purificaci\u00f3n para la adsorci\u00f3n eficaz de contaminantes nocivos del aire mediante nuestro servicio de filtros de carb\u00f3n m\u00f3viles, tecnolog\u00eda de carb\u00f3n activado y reciclaje del carb\u00f3n activado agotado. <\/h2>\t\t\t\t<\/div>\n\t\t\t\t<\/div>\n\t\t\t\t<\/div>\n\t\t<div data-dce-background-image-url=\"https:\/\/www.chemviron.eu\/wp-content\/uploads\/2026\/03\/AP_IndustrialAirEmissions_MI_Adobe_2026-1-scaled.jpeg\" class=\"elementor-element elementor-element-5b23760b e-con-full e-flex e-con e-child\" data-id=\"5b23760b\" data-element_type=\"container\" data-e-type=\"container\" data-settings=\"{&quot;background_background&quot;:&quot;classic&quot;}\">\n\t\t\t\t<\/div>\n\t\t\t\t\t<\/div>\n\t\t\t\t<\/div>\n\t\t<div data-dce-background-overlay-image-url=\"https:\/\/www.chemviron.eu\/wp-content\/uploads\/2024\/01\/kuraray_circle_grid_landscape_rgb-1.svg\" class=\"elementor-element elementor-element-26f4f614 e-flex e-con-boxed e-con e-parent\" data-id=\"26f4f614\" data-element_type=\"container\" data-e-type=\"container\">\n\t\t\t\t\t<div class=\"e-con-inner\">\n\t\t<div class=\"elementor-element elementor-element-3b8089e8 e-con-full e-flex e-con e-child\" data-id=\"3b8089e8\" data-element_type=\"container\" data-e-type=\"container\">\n\t\t\t\t<div class=\"elementor-element elementor-element-4c0f2ad7 elementor-widget-mobile__width-inherit elementor-widget elementor-widget-text-editor\" data-id=\"4c0f2ad7\" data-element_type=\"widget\" data-e-type=\"widget\" data-widget_type=\"text-editor.default\">\n\t\t\t\t<div class=\"elementor-widget-container\">\n\t\t\t\t\t\t\t\t\t<p>Preservar el medio ambiente y mantener nuestro aire limpio y seguro son fundamentales para proteger la salud humana y preservar el futuro de nuestro planeta. En Chemviron, ofrecemos una amplia gama de soluciones para ayudar al mundo a respirar mejor eliminando contaminantes nocivos y olores que de otro modo se liberar\u00edan al medio ambiente.  <\/p>\t\t\t\t\t\t\t\t<\/div>\n\t\t\t\t<\/div>\n\t\t\t\t<div class=\"elementor-element elementor-element-6beef8bf elementor-widget elementor-widget-heading\" data-id=\"6beef8bf\" data-element_type=\"widget\" data-e-type=\"widget\" data-widget_type=\"heading.default\">\n\t\t\t\t<div class=\"elementor-widget-container\">\n\t\t\t\t\t<h3 class=\"elementor-heading-title elementor-size-default\">Purificaci\u00f3n del Aire con Tecnolog\u00eda de Carb\u00f3n Activado<\/h3>\t\t\t\t<\/div>\n\t\t\t\t<\/div>\n\t\t\t\t<div class=\"elementor-element elementor-element-1a390a5e elementor-widget-mobile__width-inherit elementor-widget elementor-widget-text-editor\" data-id=\"1a390a5e\" data-element_type=\"widget\" data-e-type=\"widget\" data-widget_type=\"text-editor.default\">\n\t\t\t\t<div class=\"elementor-widget-container\">\n\t\t\t\t\t\t\t\t\t<div><p>Muchas instalaciones industriales, de fabricaci\u00f3n o de reciclaje de residuos pueden liberar COV, disolventes u olores como el sulfuro de hidr\u00f3geno (H<sub>2<\/sub>S) al aire procedentes de operaciones de manipulaci\u00f3n, transferencia y procesamiento. <\/p><\/div><div>La remediaci\u00f3n de sitios contaminados tambi\u00e9n genera a menudo contaminantes atmosf\u00e9ricos desagradables o peligrosos similares procedentes de la extracci\u00f3n de vapores del suelo, ventilaci\u00f3n del suelo o arrastre con aire. Dado que muchos son perjudiciales para la salud, como los PFAS, estas emisiones al aire est\u00e1n a menudo reguladas con estrictos l\u00edmites de emisi\u00f3n locales y nacionales. <br><br><\/div><div>La adsorci\u00f3n en carb\u00f3n activado es una soluci\u00f3n eficiente y rentable para eliminar una amplia variedad de estos contaminantes atmosf\u00e9ricos por debajo de los l\u00edmites de emisi\u00f3n requeridos. La tecnolog\u00eda de carb\u00f3n activado de Chemviron es fiable, sencilla y ha demostrado ser eficaz durante muchos a\u00f1os. <\/div><div> <\/div><div><p><a class=\"internal-link\" title=\"Abre un enlace interno en la ventana actual\" href=\"\/es\/?page_id=14183\"><strong>Contacte con nuestro equipo especializado de servicios t\u00e9cnicos<\/strong><\/a> para analizar posibles soluciones de tratamiento. <\/p><\/div>\t\t\t\t\t\t\t\t<\/div>\n\t\t\t\t<\/div>\n\t\t\t\t<div class=\"elementor-element elementor-element-21b65ad elementor-widget elementor-widget-heading\" data-id=\"21b65ad\" data-element_type=\"widget\" data-e-type=\"widget\" data-widget_type=\"heading.default\">\n\t\t\t\t<div class=\"elementor-widget-container\">\n\t\t\t\t\t<h4 class=\"elementor-heading-title elementor-size-default\">\u00bfPor qu\u00e9 elegir Chemviron como su proveedor de soluciones?<\/h4>\t\t\t\t<\/div>\n\t\t\t\t<\/div>\n\t\t\t\t<div class=\"elementor-element elementor-element-b8a2529 elementor-widget-mobile__width-inherit elementor-widget elementor-widget-text-editor\" data-id=\"b8a2529\" data-element_type=\"widget\" data-e-type=\"widget\" data-widget_type=\"text-editor.default\">\n\t\t\t\t<div class=\"elementor-widget-container\">\n\t\t\t\t\t\t\t\t\t<div>\n<p>Durante m\u00e1s de 80 a\u00f1os, Chemviron ha desarrollado una experiencia l\u00edder en el sector en la reducci\u00f3n de COV y disolventes mediante el dise\u00f1o y la fabricaci\u00f3n de sistemas de adsorci\u00f3n de carb\u00f3n activado para plantas de recuperaci\u00f3n de disolventes. Estos sistemas se han proporcionado a una amplia gama de empresas de los sectores qu\u00edmico, farmac\u00e9utico, de impresi\u00f3n, recubrimiento y embalaje. &nbsp; &nbsp;<\/p>\n<\/div>\n<div>Es esta experiencia de larga trayectoria y comprensi\u00f3n de las necesidades del cliente lo que llev\u00f3 a Chemviron al desarrollo del innovador y flexible <a class=\"internal-link\" title=\"Abre un enlace interno en la ventana actual\" href=\"https:\/\/www.chemviron.eu\/solutions\/mobile-carbon-filters\/air-purification\/\" style=\"\">servicio de filtros de carb\u00f3n m\u00f3viles CYCLEVENT<sup style=\"\">\u00ae<\/sup><\/a>, que est\u00e1 disponible en r\u00e9gimen de arrendamiento, evitando costosas inversiones de capital.&nbsp;<\/div>\n<div>&nbsp;<\/div>\n<div>Chemviron proporciona un paquete completo para una soluci\u00f3n de purificaci\u00f3n de aire al final del proceso que incluye:<\/div>\n<div>&nbsp;<\/div>\n<div>\n<ul>\n<li>Soporte t\u00e9cnico para asesorar sobre el carb\u00f3n activado y la soluci\u00f3n de servicio apropiados para la aplicaci\u00f3n: contacte con un representante para obtener m\u00e1s informaci\u00f3n.<\/li>\n<li>Filtros de carb\u00f3n m\u00f3viles de la extensa <a class=\"internal-link\" title=\"Abre un enlace interno en la ventana actual\" href=\"https:\/\/www.chemviron.eu\/solutions\/mobile-carbon-filters\/air-purification\/\" style=\"\">flota CYCLEVENT<sup style=\"\">\u00ae<\/sup><\/a>, tantos como requiera su instalaci\u00f3n, entregados r\u00e1pidamente e instalados f\u00e1cilmente in situ para su uso inmediato.<\/li>\n<li>El suministro de un carb\u00f3n activado de alta calidad, proporcionado por nuestra empresa, el mayor productor mundial de carbones activados y seleccionado para su aplicaci\u00f3n, viene precargado en el filtro de carb\u00f3n m\u00f3vil.<\/li>\n<li>Sustituci\u00f3n del filtro de carb\u00f3n usado por una unidad nueva, eliminando la necesidad de intercambiar el carb\u00f3n agotado in situ.<\/li>\n<li>Este carb\u00f3n agotado puede devolverse, en la mayor\u00eda de los casos, a una de las instalaciones de reciclaje de Chemviron para su reactivaci\u00f3n y reutilizaci\u00f3n.<\/li>\n<\/ul>\n<\/div>\t\t\t\t\t\t\t\t<\/div>\n\t\t\t\t<\/div>\n\t\t\t\t<div class=\"elementor-element elementor-element-6f9b5df5 elementor-widget elementor-widget-heading\" data-id=\"6f9b5df5\" data-element_type=\"widget\" data-e-type=\"widget\" data-widget_type=\"heading.default\">\n\t\t\t\t<div class=\"elementor-widget-container\">\n\t\t\t\t\t<h4 class=\"elementor-heading-title elementor-size-default\">\u00bfC\u00f3mo es Chemviron sostenible?<\/h4>\t\t\t\t<\/div>\n\t\t\t\t<\/div>\n\t\t\t\t<div class=\"elementor-element elementor-element-1dca3e8c elementor-widget-mobile__width-inherit elementor-widget elementor-widget-text-editor\" data-id=\"1dca3e8c\" data-element_type=\"widget\" data-e-type=\"widget\" data-widget_type=\"text-editor.default\">\n\t\t\t\t<div class=\"elementor-widget-container\">\n\t\t\t\t\t\t\t\t\t<div><p>Chemviron es el mayor reciclador (o reactivador) de carbones activados del mundo y cuenta con instalaciones de reciclaje de carb\u00f3n en toda Europa. El compromiso continuo de la empresa con la ampliaci\u00f3n de sus capacidades de reactivaci\u00f3n ha permitido a Chemviron desarrollar procesos de vanguardia para reciclar carbones activados, reduciendo el impacto de nuestra huella de CO<sub>2<\/sub>.  <\/p><\/div><div>Mediante el desarrollo de una experiencia operativa interna integral, el carb\u00f3n se recicla t\u00e9rmicamente o se reactiva a trav\u00e9s de uno de los hornos de reactivaci\u00f3n de carb\u00f3n dise\u00f1ados a medida por Chemviron. Estos hornos permiten a los ingenieros de Chemviron tener un alto control sobre las operaciones del proceso para permitir la destrucci\u00f3n de los contaminantes adsorbidos, al tiempo que restauran el carb\u00f3n agotado a un estado reutilizable. <\/div><div> <\/div><div>Combinando la reactivaci\u00f3n con los carbones activados de alta calidad y especialmente dise\u00f1ados por Chemviron, los clientes pueden beneficiarse de una soluci\u00f3n de purificaci\u00f3n rentable y sostenible. <\/div>\t\t\t\t\t\t\t\t<\/div>\n\t\t\t\t<\/div>\n\t\t\t\t<\/div>\n\t\t\t\t\t<\/div>\n\t\t\t\t<\/div>\n\t\t<div class=\"elementor-element elementor-element-66db1f9a e-flex e-con-boxed elementor-invisible e-con e-parent\" data-id=\"66db1f9a\" data-element_type=\"container\" data-e-type=\"container\" data-settings=\"{&quot;animation&quot;:&quot;fadeInUp&quot;}\">\n\t\t\t\t\t<div class=\"e-con-inner\">\n\t\t<div data-dce-background-color=\"#FFF4DA\" class=\"elementor-element elementor-element-66a8211d e-con-full e-flex e-con e-child\" data-id=\"66a8211d\" data-element_type=\"container\" data-e-type=\"container\" data-settings=\"{&quot;background_background&quot;:&quot;classic&quot;}\">\n\t\t\t\t<div class=\"elementor-element elementor-element-754bcd46 dce_masking-none elementor-widget elementor-widget-image\" data-id=\"754bcd46\" data-element_type=\"widget\" data-e-type=\"widget\" data-widget_type=\"image.default\">\n\t\t\t\t<div class=\"elementor-widget-container\">\n\t\t\t\t\t\t\t\t\t\t\t\t\t\t\t<img decoding=\"async\" width=\"136\" height=\"136\" src=\"https:\/\/www.chemviron.eu\/wp-content\/uploads\/2024\/01\/kuraray_pictogram_user-negative-1-1.png\" class=\"attachment-large size-large wp-image-2610\" alt=\"\" \/>\t\t\t\t\t\t\t\t\t\t\t\t\t\t\t<\/div>\n\t\t\t\t<\/div>\n\t\t\t\t<\/div>\n\t\t<div data-dce-background-color=\"#FFF4DA\" class=\"elementor-element elementor-element-77844b8 e-con-full e-flex e-con e-child\" data-id=\"77844b8\" data-element_type=\"container\" data-e-type=\"container\" data-settings=\"{&quot;background_background&quot;:&quot;classic&quot;}\">\n\t\t\t\t<div class=\"elementor-element elementor-element-2bcee518 elementor-widget elementor-widget-heading\" data-id=\"2bcee518\" data-element_type=\"widget\" data-e-type=\"widget\" data-widget_type=\"heading.default\">\n\t\t\t\t<div class=\"elementor-widget-container\">\n\t\t\t\t\t<h4 class=\"elementor-heading-title elementor-size-default\">Contacte con nuestro equipo t\u00e9cnico especializado para obtener m\u00e1s informaci\u00f3n.\n<\/h4>\t\t\t\t<\/div>\n\t\t\t\t<\/div>\n\t\t\t\t<div class=\"elementor-element elementor-element-4f48cbcb elementor-widget elementor-widget-button\" data-id=\"4f48cbcb\" data-element_type=\"widget\" data-e-type=\"widget\" data-widget_type=\"button.default\">\n\t\t\t\t<div class=\"elementor-widget-container\">\n\t\t\t\t\t\t\t\t\t<div class=\"elementor-button-wrapper\">\n\t\t\t\t\t<a class=\"elementor-button elementor-button-link elementor-size-sm\" href=\"https:\/\/www.chemviron.eu\/es\/contactenos\/\">\n\t\t\t\t\t\t<span class=\"elementor-button-content-wrapper\">\n\t\t\t\t\t\t\t\t\t<span class=\"elementor-button-text\">Cont\u00e1ctenos<\/span>\n\t\t\t\t\t<\/span>\n\t\t\t\t\t<\/a>\n\t\t\t\t<\/div>\n\t\t\t\t\t\t\t\t<\/div>\n\t\t\t\t<\/div>\n\t\t\t\t<\/div>\n\t\t\t\t\t<\/div>\n\t\t\t\t<\/div>\n\t\t\t\t<\/div>\n\t\t","protected":false},"excerpt":{"rendered":"<p>Emisiones Atmosf\u00e9ricas Industriales Chemviron proporciona un servicio integral de purificaci\u00f3n para la adsorci\u00f3n eficaz de contaminantes nocivos del aire mediante nuestro servicio de filtros de carb\u00f3n m\u00f3viles, tecnolog\u00eda de carb\u00f3n activado y reciclaje del carb\u00f3n activado agotado. Preservar el medio ambiente y mantener nuestro aire limpio y seguro son fundamentales para proteger la salud humana [&hellip;]<\/p>\n","protected":false},"author":1,"featured_media":14554,"parent":14044,"menu_order":0,"comment_status":"closed","ping_status":"closed","template":"elementor_header_footer","meta":{"_acf_changed":false,"inline_featured_image":false,"footnotes":""},"class_list":["post-14225","page","type-page","status-publish","has-post-thumbnail","hentry"],"acf":[],"yoast_head":"<!-- This site is optimized with the Yoast SEO plugin v27.3 - https:\/\/yoast.com\/product\/yoast-seo-wordpress\/ -->\n<title>Soluciones de Purificaci\u00f3n para Emisiones Atmosf\u00e9ricas Industriales<\/title>\n<meta name=\"description\" content=\"Soluciones integrales de purificaci\u00f3n para contaminantes en emisiones atmosf\u00e9ricas industriales, incluyendo COV, olores, H2S y PFAS. M\u00e1s informaci\u00f3n ahora.\" \/>\n<meta name=\"robots\" content=\"index, follow, max-snippet:-1, max-image-preview:large, max-video-preview:-1\" \/>\n<link rel=\"canonical\" href=\"https:\/\/www.chemviron.eu\/es\/aplicaciones\/emisiones-atmosfericas-industriales\/\" \/>\n<meta property=\"og:locale\" content=\"es_ES\" \/>\n<meta property=\"og:type\" content=\"article\" \/>\n<meta property=\"og:title\" content=\"Soluciones de Purificaci\u00f3n para Emisiones Atmosf\u00e9ricas Industriales\" \/>\n<meta property=\"og:description\" content=\"Soluciones integrales de purificaci\u00f3n para contaminantes en emisiones atmosf\u00e9ricas industriales, incluyendo COV, olores, H2S y PFAS. M\u00e1s informaci\u00f3n ahora.\" \/>\n<meta property=\"og:url\" content=\"https:\/\/www.chemviron.eu\/es\/aplicaciones\/emisiones-atmosfericas-industriales\/\" \/>\n<meta property=\"og:site_name\" content=\"Chemviron\" \/>\n<meta property=\"article:modified_time\" content=\"2026-04-10T13:54:01+00:00\" \/>\n<meta property=\"og:image\" content=\"https:\/\/www.chemviron.eu\/wp-content\/uploads\/2026\/03\/AP_IndustrialAirEmissions_MI_Adobe_2026-scaled.jpeg\" \/>\n\t<meta property=\"og:image:width\" content=\"2560\" \/>\n\t<meta property=\"og:image:height\" content=\"1435\" \/>\n\t<meta property=\"og:image:type\" content=\"image\/jpeg\" \/>\n<meta name=\"twitter:card\" content=\"summary_large_image\" \/>\n<meta name=\"twitter:label1\" content=\"Tiempo de lectura\" \/>\n\t<meta name=\"twitter:data1\" content=\"4 minutos\" \/>\n<script type=\"application\/ld+json\" class=\"yoast-schema-graph\">{\"@context\":\"https:\\\/\\\/schema.org\",\"@graph\":[{\"@type\":\"WebPage\",\"@id\":\"https:\\\/\\\/www.chemviron.eu\\\/es\\\/aplicaciones\\\/emisiones-atmosfericas-industriales\\\/\",\"url\":\"https:\\\/\\\/www.chemviron.eu\\\/es\\\/aplicaciones\\\/emisiones-atmosfericas-industriales\\\/\",\"name\":\"Soluciones de Purificaci\u00f3n para Emisiones Atmosf\u00e9ricas Industriales\",\"isPartOf\":{\"@id\":\"https:\\\/\\\/www.chemviron.eu\\\/es\\\/#website\"},\"primaryImageOfPage\":{\"@id\":\"https:\\\/\\\/www.chemviron.eu\\\/es\\\/aplicaciones\\\/emisiones-atmosfericas-industriales\\\/#primaryimage\"},\"image\":{\"@id\":\"https:\\\/\\\/www.chemviron.eu\\\/es\\\/aplicaciones\\\/emisiones-atmosfericas-industriales\\\/#primaryimage\"},\"thumbnailUrl\":\"https:\\\/\\\/www.chemviron.eu\\\/wp-content\\\/uploads\\\/2026\\\/03\\\/AP_IndustrialAirEmissions_MI_Adobe_2026-scaled.jpeg\",\"datePublished\":\"2023-12-06T12:32:51+00:00\",\"dateModified\":\"2026-04-10T13:54:01+00:00\",\"description\":\"Soluciones integrales de purificaci\u00f3n para contaminantes en emisiones atmosf\u00e9ricas industriales, incluyendo COV, olores, H2S y PFAS. M\u00e1s informaci\u00f3n ahora.\",\"breadcrumb\":{\"@id\":\"https:\\\/\\\/www.chemviron.eu\\\/es\\\/aplicaciones\\\/emisiones-atmosfericas-industriales\\\/#breadcrumb\"},\"inLanguage\":\"es\",\"potentialAction\":[{\"@type\":\"ReadAction\",\"target\":[\"https:\\\/\\\/www.chemviron.eu\\\/es\\\/aplicaciones\\\/emisiones-atmosfericas-industriales\\\/\"]}]},{\"@type\":\"ImageObject\",\"inLanguage\":\"es\",\"@id\":\"https:\\\/\\\/www.chemviron.eu\\\/es\\\/aplicaciones\\\/emisiones-atmosfericas-industriales\\\/#primaryimage\",\"url\":\"https:\\\/\\\/www.chemviron.eu\\\/wp-content\\\/uploads\\\/2026\\\/03\\\/AP_IndustrialAirEmissions_MI_Adobe_2026-scaled.jpeg\",\"contentUrl\":\"https:\\\/\\\/www.chemviron.eu\\\/wp-content\\\/uploads\\\/2026\\\/03\\\/AP_IndustrialAirEmissions_MI_Adobe_2026-scaled.jpeg\",\"width\":2560,\"height\":1435,\"caption\":\"activated-carbon-to-purify-industrial-air-emissions\"},{\"@type\":\"BreadcrumbList\",\"@id\":\"https:\\\/\\\/www.chemviron.eu\\\/es\\\/aplicaciones\\\/emisiones-atmosfericas-industriales\\\/#breadcrumb\",\"itemListElement\":[{\"@type\":\"ListItem\",\"position\":1,\"name\":\"Home\",\"item\":\"https:\\\/\\\/www.chemviron.eu\\\/es\\\/\"},{\"@type\":\"ListItem\",\"position\":2,\"name\":\"Aplicaciones\",\"item\":\"https:\\\/\\\/www.chemviron.eu\\\/es\\\/?page_id=14044\"},{\"@type\":\"ListItem\",\"position\":3,\"name\":\"Emisiones Atmosf\u00e9ricas Industriales\"}]},{\"@type\":\"WebSite\",\"@id\":\"https:\\\/\\\/www.chemviron.eu\\\/es\\\/#website\",\"url\":\"https:\\\/\\\/www.chemviron.eu\\\/es\\\/\",\"name\":\"Chemviron\",\"description\":\"The Purification Solutions Provider\",\"publisher\":{\"@id\":\"https:\\\/\\\/www.chemviron.eu\\\/es\\\/#organization\"},\"potentialAction\":[{\"@type\":\"SearchAction\",\"target\":{\"@type\":\"EntryPoint\",\"urlTemplate\":\"https:\\\/\\\/www.chemviron.eu\\\/es\\\/?s={search_term_string}\"},\"query-input\":{\"@type\":\"PropertyValueSpecification\",\"valueRequired\":true,\"valueName\":\"search_term_string\"}}],\"inLanguage\":\"es\"},{\"@type\":\"Organization\",\"@id\":\"https:\\\/\\\/www.chemviron.eu\\\/es\\\/#organization\",\"name\":\"Chemviron\",\"url\":\"https:\\\/\\\/www.chemviron.eu\\\/es\\\/\",\"logo\":{\"@type\":\"ImageObject\",\"inLanguage\":\"es\",\"@id\":\"https:\\\/\\\/www.chemviron.eu\\\/es\\\/#\\\/schema\\\/logo\\\/image\\\/\",\"url\":\"https:\\\/\\\/www.chemviron.eu\\\/wp-content\\\/uploads\\\/2023\\\/12\\\/Chemviron-logo.jpg\",\"contentUrl\":\"https:\\\/\\\/www.chemviron.eu\\\/wp-content\\\/uploads\\\/2023\\\/12\\\/Chemviron-logo.jpg\",\"width\":1667,\"height\":833,\"caption\":\"Chemviron\"},\"image\":{\"@id\":\"https:\\\/\\\/www.chemviron.eu\\\/es\\\/#\\\/schema\\\/logo\\\/image\\\/\"},\"sameAs\":[\"https:\\\/\\\/www.linkedin.com\\\/company\\\/chemviron\\\/\"]}]}<\/script>\n<!-- \/ Yoast SEO plugin. -->","yoast_head_json":{"title":"Soluciones de Purificaci\u00f3n para Emisiones Atmosf\u00e9ricas Industriales","description":"Soluciones integrales de purificaci\u00f3n para contaminantes en emisiones atmosf\u00e9ricas industriales, incluyendo COV, olores, H2S y PFAS. M\u00e1s informaci\u00f3n ahora.","robots":{"index":"index","follow":"follow","max-snippet":"max-snippet:-1","max-image-preview":"max-image-preview:large","max-video-preview":"max-video-preview:-1"},"canonical":"https:\/\/www.chemviron.eu\/es\/aplicaciones\/emisiones-atmosfericas-industriales\/","og_locale":"es_ES","og_type":"article","og_title":"Soluciones de Purificaci\u00f3n para Emisiones Atmosf\u00e9ricas Industriales","og_description":"Soluciones integrales de purificaci\u00f3n para contaminantes en emisiones atmosf\u00e9ricas industriales, incluyendo COV, olores, H2S y PFAS. M\u00e1s informaci\u00f3n ahora.","og_url":"https:\/\/www.chemviron.eu\/es\/aplicaciones\/emisiones-atmosfericas-industriales\/","og_site_name":"Chemviron","article_modified_time":"2026-04-10T13:54:01+00:00","og_image":[{"width":2560,"height":1435,"url":"https:\/\/www.chemviron.eu\/wp-content\/uploads\/2026\/03\/AP_IndustrialAirEmissions_MI_Adobe_2026-scaled.jpeg","type":"image\/jpeg"}],"twitter_card":"summary_large_image","twitter_misc":{"Tiempo de lectura":"4 minutos"},"schema":{"@context":"https:\/\/schema.org","@graph":[{"@type":"WebPage","@id":"https:\/\/www.chemviron.eu\/es\/aplicaciones\/emisiones-atmosfericas-industriales\/","url":"https:\/\/www.chemviron.eu\/es\/aplicaciones\/emisiones-atmosfericas-industriales\/","name":"Soluciones de Purificaci\u00f3n para Emisiones Atmosf\u00e9ricas Industriales","isPartOf":{"@id":"https:\/\/www.chemviron.eu\/es\/#website"},"primaryImageOfPage":{"@id":"https:\/\/www.chemviron.eu\/es\/aplicaciones\/emisiones-atmosfericas-industriales\/#primaryimage"},"image":{"@id":"https:\/\/www.chemviron.eu\/es\/aplicaciones\/emisiones-atmosfericas-industriales\/#primaryimage"},"thumbnailUrl":"https:\/\/www.chemviron.eu\/wp-content\/uploads\/2026\/03\/AP_IndustrialAirEmissions_MI_Adobe_2026-scaled.jpeg","datePublished":"2023-12-06T12:32:51+00:00","dateModified":"2026-04-10T13:54:01+00:00","description":"Soluciones integrales de purificaci\u00f3n para contaminantes en emisiones atmosf\u00e9ricas industriales, incluyendo COV, olores, H2S y PFAS. M\u00e1s informaci\u00f3n ahora.","breadcrumb":{"@id":"https:\/\/www.chemviron.eu\/es\/aplicaciones\/emisiones-atmosfericas-industriales\/#breadcrumb"},"inLanguage":"es","potentialAction":[{"@type":"ReadAction","target":["https:\/\/www.chemviron.eu\/es\/aplicaciones\/emisiones-atmosfericas-industriales\/"]}]},{"@type":"ImageObject","inLanguage":"es","@id":"https:\/\/www.chemviron.eu\/es\/aplicaciones\/emisiones-atmosfericas-industriales\/#primaryimage","url":"https:\/\/www.chemviron.eu\/wp-content\/uploads\/2026\/03\/AP_IndustrialAirEmissions_MI_Adobe_2026-scaled.jpeg","contentUrl":"https:\/\/www.chemviron.eu\/wp-content\/uploads\/2026\/03\/AP_IndustrialAirEmissions_MI_Adobe_2026-scaled.jpeg","width":2560,"height":1435,"caption":"activated-carbon-to-purify-industrial-air-emissions"},{"@type":"BreadcrumbList","@id":"https:\/\/www.chemviron.eu\/es\/aplicaciones\/emisiones-atmosfericas-industriales\/#breadcrumb","itemListElement":[{"@type":"ListItem","position":1,"name":"Home","item":"https:\/\/www.chemviron.eu\/es\/"},{"@type":"ListItem","position":2,"name":"Aplicaciones","item":"https:\/\/www.chemviron.eu\/es\/?page_id=14044"},{"@type":"ListItem","position":3,"name":"Emisiones Atmosf\u00e9ricas Industriales"}]},{"@type":"WebSite","@id":"https:\/\/www.chemviron.eu\/es\/#website","url":"https:\/\/www.chemviron.eu\/es\/","name":"Chemviron","description":"The Purification Solutions Provider","publisher":{"@id":"https:\/\/www.chemviron.eu\/es\/#organization"},"potentialAction":[{"@type":"SearchAction","target":{"@type":"EntryPoint","urlTemplate":"https:\/\/www.chemviron.eu\/es\/?s={search_term_string}"},"query-input":{"@type":"PropertyValueSpecification","valueRequired":true,"valueName":"search_term_string"}}],"inLanguage":"es"},{"@type":"Organization","@id":"https:\/\/www.chemviron.eu\/es\/#organization","name":"Chemviron","url":"https:\/\/www.chemviron.eu\/es\/","logo":{"@type":"ImageObject","inLanguage":"es","@id":"https:\/\/www.chemviron.eu\/es\/#\/schema\/logo\/image\/","url":"https:\/\/www.chemviron.eu\/wp-content\/uploads\/2023\/12\/Chemviron-logo.jpg","contentUrl":"https:\/\/www.chemviron.eu\/wp-content\/uploads\/2023\/12\/Chemviron-logo.jpg","width":1667,"height":833,"caption":"Chemviron"},"image":{"@id":"https:\/\/www.chemviron.eu\/es\/#\/schema\/logo\/image\/"},"sameAs":["https:\/\/www.linkedin.com\/company\/chemviron\/"]}]}},"_links":{"self":[{"href":"https:\/\/www.chemviron.eu\/es\/wp-json\/wp\/v2\/pages\/14225","targetHints":{"allow":["GET"]}}],"collection":[{"href":"https:\/\/www.chemviron.eu\/es\/wp-json\/wp\/v2\/pages"}],"about":[{"href":"https:\/\/www.chemviron.eu\/es\/wp-json\/wp\/v2\/types\/page"}],"author":[{"embeddable":true,"href":"https:\/\/www.chemviron.eu\/es\/wp-json\/wp\/v2\/users\/1"}],"replies":[{"embeddable":true,"href":"https:\/\/www.chemviron.eu\/es\/wp-json\/wp\/v2\/comments?post=14225"}],"version-history":[{"count":5,"href":"https:\/\/www.chemviron.eu\/es\/wp-json\/wp\/v2\/pages\/14225\/revisions"}],"predecessor-version":[{"id":15308,"href":"https:\/\/www.chemviron.eu\/es\/wp-json\/wp\/v2\/pages\/14225\/revisions\/15308"}],"up":[{"embeddable":true,"href":"https:\/\/www.chemviron.eu\/es\/wp-json\/wp\/v2\/pages\/14044"}],"wp:featuredmedia":[{"embeddable":true,"href":"https:\/\/www.chemviron.eu\/es\/wp-json\/wp\/v2\/media\/14554"}],"wp:attachment":[{"href":"https:\/\/www.chemviron.eu\/es\/wp-json\/wp\/v2\/media?parent=14225"}],"curies":[{"name":"wp","href":"https:\/\/api.w.org\/{rel}","templated":true}]}}