{"id":14224,"date":"2023-12-06T12:30:00","date_gmt":"2023-12-06T12:30:00","guid":{"rendered":"https:\/\/www.chemviron.eu\/sobre-nosotros\/reach\/declaracion-sobre-uk-reach\/"},"modified":"2026-03-25T08:49:29","modified_gmt":"2026-03-25T08:49:29","slug":"declaracion-sobre-uk-reach","status":"publish","type":"page","link":"https:\/\/www.chemviron.eu\/es\/sobre-nosotros\/reach\/declaracion-sobre-uk-reach\/","title":{"rendered":"Declaraci\u00f3n sobre UK REACH"},"content":{"rendered":"\t\t<div data-elementor-type=\"wp-page\" data-elementor-id=\"14224\" class=\"elementor elementor-14224 elementor-617\" data-elementor-post-type=\"page\">\n\t\t\t\t<div class=\"elementor-element elementor-element-4bd9c2c5 e-con-full e-flex e-con e-parent\" data-id=\"4bd9c2c5\" data-element_type=\"container\" data-e-type=\"container\">\n\t\t<div data-dce-background-image-url=\"https:\/\/www.chemviron.eu\/wp-content\/uploads\/2026\/02\/UK-reach-high2-1-scaled.jpg\" class=\"elementor-element elementor-element-7bf57511 e-con-full e-flex e-con e-child\" data-id=\"7bf57511\" data-element_type=\"container\" data-e-type=\"container\" data-settings=\"{&quot;background_background&quot;:&quot;classic&quot;}\">\n\t\t\t\t<\/div>\n\t\t<div class=\"elementor-element elementor-element-523217ca e-con-full e-flex e-con e-child\" data-id=\"523217ca\" data-element_type=\"container\" data-e-type=\"container\">\n\t\t\t\t<div class=\"elementor-element elementor-element-379f9606 elementor-widget elementor-widget-heading\" data-id=\"379f9606\" data-element_type=\"widget\" data-e-type=\"widget\" data-widget_type=\"heading.default\">\n\t\t\t\t<div class=\"elementor-widget-container\">\n\t\t\t\t\t<h3 class=\"elementor-heading-title elementor-size-default\">El proveedor de soluciones de purificaci\u00f3n<\/h3>\t\t\t\t<\/div>\n\t\t\t\t<\/div>\n\t\t\t\t<div class=\"elementor-element elementor-element-6b2b7a3a elementor-widget elementor-widget-heading\" data-id=\"6b2b7a3a\" data-element_type=\"widget\" data-e-type=\"widget\" data-widget_type=\"heading.default\">\n\t\t\t\t<div class=\"elementor-widget-container\">\n\t\t\t\t\t<h1 class=\"elementor-heading-title elementor-size-default\">Declaraci\u00f3n sobre UK REACH<\/h1>\t\t\t\t<\/div>\n\t\t\t\t<\/div>\n\t\t\t\t<div class=\"elementor-element elementor-element-2bace7d9 elementor-hidden-tablet elementor-hidden-mobile elementor-widget elementor-widget-button\" data-id=\"2bace7d9\" data-element_type=\"widget\" data-e-type=\"widget\" data-widget_type=\"button.default\">\n\t\t\t\t<div class=\"elementor-widget-container\">\n\t\t\t\t\t\t\t\t\t<div class=\"elementor-button-wrapper\">\n\t\t\t\t\t<a class=\"elementor-button elementor-button-link elementor-size-sm\" href=\"#Content\">\n\t\t\t\t\t\t<span class=\"elementor-button-content-wrapper\">\n\t\t\t\t\t\t<span class=\"elementor-button-icon\">\n\t\t\t\t<svg aria-hidden=\"true\" class=\"e-font-icon-svg e-far-arrow-alt-circle-down\" viewBox=\"0 0 512 512\" xmlns=\"http:\/\/www.w3.org\/2000\/svg\"><path d=\"M256 8C119 8 8 119 8 256s111 248 248 248 248-111 248-248S393 8 256 8zm0 448c-110.5 0-200-89.5-200-200S145.5 56 256 56s200 89.5 200 200-89.5 200-200 200zm-32-316v116h-67c-10.7 0-16 12.9-8.5 20.5l99 99c4.7 4.7 12.3 4.7 17 0l99-99c7.6-7.6 2.2-20.5-8.5-20.5h-67V140c0-6.6-5.4-12-12-12h-40c-6.6 0-12 5.4-12 12z\"><\/path><\/svg>\t\t\t<\/span>\n\t\t\t\t\t\t\t\t\t<span class=\"elementor-button-text\">Leer m\u00e1s<\/span>\n\t\t\t\t\t<\/span>\n\t\t\t\t\t<\/a>\n\t\t\t\t<\/div>\n\t\t\t\t\t\t\t\t<\/div>\n\t\t\t\t<\/div>\n\t\t\t\t<\/div>\n\t\t\t\t<\/div>\n\t\t<div data-dce-background-overlay-image-url=\"https:\/\/www.chemviron.eu\/wp-content\/uploads\/2024\/01\/kuraray_circle_grid_landscape_rgb-1.svg\" class=\"elementor-element elementor-element-2e90fd2e e-flex e-con-boxed e-con e-parent\" data-id=\"2e90fd2e\" data-element_type=\"container\" data-e-type=\"container\" id=\"Content\">\n\t\t\t\t\t<div class=\"e-con-inner\">\n\t\t<div class=\"elementor-element elementor-element-47a69162 e-con-full e-flex e-con e-child\" data-id=\"47a69162\" data-element_type=\"container\" data-e-type=\"container\">\n\t\t\t\t<div class=\"elementor-element elementor-element-6c661473 elementor-widget__width-inherit elementor-widget elementor-widget-heading\" data-id=\"6c661473\" data-element_type=\"widget\" data-e-type=\"widget\" data-widget_type=\"heading.default\">\n\t\t\t\t<div class=\"elementor-widget-container\">\n\t\t\t\t\t<h2 class=\"elementor-heading-title elementor-size-default\">Carbones activados Chemviron<\/h2>\t\t\t\t<\/div>\n\t\t\t\t<\/div>\n\t\t\t\t<div class=\"elementor-element elementor-element-36554ecd elementor-widget-mobile__width-inherit elementor-widget elementor-widget-text-editor\" data-id=\"36554ecd\" data-element_type=\"widget\" data-e-type=\"widget\" data-widget_type=\"text-editor.default\">\n\t\t\t\t<div class=\"elementor-widget-container\">\n\t\t\t\t\t\t\t\t\t<div><div><p>Los objetivos principales de la legislaci\u00f3n REACH (CE 1907\/2006) son mejorar la protecci\u00f3n de la salud humana y el medio ambiente frente a los riesgos de los productos qu\u00edmicos y potenciar la competitividad de la industria qu\u00edmica dentro de la Uni\u00f3n Europea.<\/p><\/div><div><p>Tras el Brexit (salida del Reino Unido de la Uni\u00f3n Europea) y su aplicaci\u00f3n el 1 de enero de 2021, las sustancias registradas cubiertas por REACH dejaron de ser aplicables en el Reino Unido y se aplic\u00f3 un nuevo proceso de registro bajo el nombre de UK REACH.<\/p><\/div><div><p>Chemviron, una empresa de Kuraray y operaciones europeas de Calgon Carbon, est\u00e1 plenamente comprometida con el proceso UK REACH, sus principios y la continuidad del suministro a nuestros clientes. Chemviron confirma que se ha completado la transferencia del registro REACH de la UE al UK REACH para el carb\u00f3n activado.<\/p><\/div><div><p>Los n\u00fameros de registro UK REACH son los siguientes:<\/p><table><tbody><tr><td width=\"209\"><p><strong>Descripci\u00f3n breve del material<\/strong><\/p><\/td><td width=\"209\"><p><strong>N\u00famero CE<\/strong><\/p><\/td><td width=\"209\"><p><strong>N\u00famero de registro UK REACH<\/strong><\/p><\/td><\/tr><tr><td width=\"209\"><p>Carb\u00f3n activado &#8211; Esqueleto de alta densidad<\/p><\/td><td width=\"209\"><p>931-328-0<\/p><\/td><td width=\"209\"><p>UK-01-9867897380-5-0005<\/p><\/td><\/tr><tr><td width=\"209\"><p>Carb\u00f3n activado &#8211; Esqueleto de baja densidad<\/p><\/td><td width=\"209\"><p>931-334-3<\/p><\/td><td width=\"209\"><p>UK-01-6417543731-4-0004<\/p><\/td><\/tr><\/tbody><\/table><\/div><\/div><div><p>Todos los dem\u00e1s materiales de los productos que suministramos actualmente se han asegurado mediante registro ante la Direcci\u00f3n de Salud y Seguridad (HSE) del Reino Unido para permitir el suministro continuado.<\/p><\/div>\t\t\t\t\t\t\t\t<\/div>\n\t\t\t\t<\/div>\n\t\t\t\t<div class=\"elementor-element elementor-element-720cea32 elementor-widget elementor-widget-heading\" data-id=\"720cea32\" data-element_type=\"widget\" data-e-type=\"widget\" data-widget_type=\"heading.default\">\n\t\t\t\t<div class=\"elementor-widget-container\">\n\t\t\t\t\t<h4 class=\"elementor-heading-title elementor-size-default\">Informaci\u00f3n sobre sustancias extremadamente preocupantes (SVHC) para el carb\u00f3n activado<\/h4>\t\t\t\t<\/div>\n\t\t\t\t<\/div>\n\t\t\t\t<div class=\"elementor-element elementor-element-70495614 elementor-widget-mobile__width-inherit elementor-widget elementor-widget-text-editor\" data-id=\"70495614\" data-element_type=\"widget\" data-e-type=\"widget\" data-widget_type=\"text-editor.default\">\n\t\t\t\t<div class=\"elementor-widget-container\">\n\t\t\t\t\t\t\t\t\t<div><p>Las sustancias que pueden tener efectos graves o irreversibles sobre la salud humana y el medio ambiente pueden identificarse como sustancias extremadamente preocupantes (SVHC). Seg\u00fan el Reglamento REACH, si una sustancia se identifica como SVHC, se a\u00f1adir\u00e1 a la lista de sustancias candidatas para su eventual inclusi\u00f3n en la lista de autorizaci\u00f3n. Los fabricantes est\u00e1n obligados a notificar a sus clientes la presencia de cualquier sustancia extremadamente preocupante (SVHC) en sus productos que supere el 0,1% en peso y proporcionar instrucciones sobre el uso seguro del producto.<\/p><\/div><div>Seg\u00fan la lista actualizada de SVHC candidatas a autorizaci\u00f3n publicada por la Agencia Europea de Sustancias y Mezclas Qu\u00edmicas y seg\u00fan nuestro mejor conocimiento, ninguna de las sustancias incluidas en la \u00faltima versi\u00f3n (febrero de 2026) de la lista de sustancias candidatas est\u00e1 presente por encima de la concentraci\u00f3n umbral en el carb\u00f3n activado suministrado por Chemviron.<\/div>\t\t\t\t\t\t\t\t<\/div>\n\t\t\t\t<\/div>\n\t\t\t\t<\/div>\n\t\t\t\t\t<\/div>\n\t\t\t\t<\/div>\n\t\t\t\t<\/div>\n\t\t","protected":false},"excerpt":{"rendered":"<p>El proveedor de soluciones de purificaci\u00f3n Declaraci\u00f3n sobre UK REACH Leer m\u00e1s Carbones activados Chemviron Los objetivos principales de la legislaci\u00f3n REACH (CE 1907\/2006) son mejorar la protecci\u00f3n de la salud humana y el medio ambiente frente a los riesgos de los productos qu\u00edmicos y potenciar la competitividad de la industria qu\u00edmica dentro de la [&hellip;]<\/p>\n","protected":false},"author":1,"featured_media":13278,"parent":14116,"menu_order":0,"comment_status":"closed","ping_status":"closed","template":"elementor_header_footer","meta":{"_acf_changed":false,"inline_featured_image":false,"footnotes":""},"class_list":["post-14224","page","type-page","status-publish","has-post-thumbnail","hentry"],"acf":[],"yoast_head":"<!-- This site is optimized with the Yoast SEO plugin v27.3 - https:\/\/yoast.com\/product\/yoast-seo-wordpress\/ -->\n<title>Declaraci\u00f3n sobre UK REACH - Chemviron<\/title>\n<meta name=\"description\" content=\"Tras el Brexit (salida del Reino Unido de la Uni\u00f3n Europea) y su aplicaci\u00f3n el 1 de enero de 2021, las sustancias registradas cubiertas por REACH dejaron de ser aplicables en el Reino Unido y se aplic\u00f3 un nuevo proceso de registro bajo el nombre de UK REACH.\" \/>\n<meta name=\"robots\" content=\"index, follow, max-snippet:-1, max-image-preview:large, max-video-preview:-1\" \/>\n<link rel=\"canonical\" href=\"https:\/\/www.chemviron.eu\/es\/sobre-nosotros\/reach\/declaracion-sobre-uk-reach\/\" \/>\n<meta property=\"og:locale\" content=\"es_ES\" \/>\n<meta property=\"og:type\" content=\"article\" \/>\n<meta property=\"og:title\" content=\"Declaraci\u00f3n sobre UK REACH - Chemviron\" \/>\n<meta property=\"og:description\" content=\"Tras el Brexit (salida del Reino Unido de la Uni\u00f3n Europea) y su aplicaci\u00f3n el 1 de enero de 2021, las sustancias registradas cubiertas por REACH dejaron de ser aplicables en el Reino Unido y se aplic\u00f3 un nuevo proceso de registro bajo el nombre de UK REACH.\" \/>\n<meta property=\"og:url\" content=\"https:\/\/www.chemviron.eu\/es\/sobre-nosotros\/reach\/declaracion-sobre-uk-reach\/\" \/>\n<meta property=\"og:site_name\" content=\"Chemviron\" \/>\n<meta property=\"article:modified_time\" content=\"2026-03-25T08:49:29+00:00\" \/>\n<meta property=\"og:image\" content=\"https:\/\/www.chemviron.eu\/wp-content\/uploads\/2026\/02\/UK-reach-high2-scaled.jpg\" \/>\n\t<meta property=\"og:image:width\" content=\"2560\" \/>\n\t<meta property=\"og:image:height\" content=\"1709\" \/>\n\t<meta property=\"og:image:type\" content=\"image\/jpeg\" \/>\n<meta name=\"twitter:card\" content=\"summary_large_image\" \/>\n<meta name=\"twitter:label1\" content=\"Tiempo de lectura\" \/>\n\t<meta name=\"twitter:data1\" content=\"2 minutos\" \/>\n<script type=\"application\/ld+json\" class=\"yoast-schema-graph\">{\"@context\":\"https:\\\/\\\/schema.org\",\"@graph\":[{\"@type\":\"WebPage\",\"@id\":\"https:\\\/\\\/www.chemviron.eu\\\/es\\\/sobre-nosotros\\\/reach\\\/declaracion-sobre-uk-reach\\\/\",\"url\":\"https:\\\/\\\/www.chemviron.eu\\\/es\\\/sobre-nosotros\\\/reach\\\/declaracion-sobre-uk-reach\\\/\",\"name\":\"Declaraci\u00f3n sobre UK REACH - Chemviron\",\"isPartOf\":{\"@id\":\"https:\\\/\\\/www.chemviron.eu\\\/es\\\/#website\"},\"primaryImageOfPage\":{\"@id\":\"https:\\\/\\\/www.chemviron.eu\\\/es\\\/sobre-nosotros\\\/reach\\\/declaracion-sobre-uk-reach\\\/#primaryimage\"},\"image\":{\"@id\":\"https:\\\/\\\/www.chemviron.eu\\\/es\\\/sobre-nosotros\\\/reach\\\/declaracion-sobre-uk-reach\\\/#primaryimage\"},\"thumbnailUrl\":\"https:\\\/\\\/www.chemviron.eu\\\/wp-content\\\/uploads\\\/2026\\\/02\\\/UK-reach-high2-scaled.jpg\",\"datePublished\":\"2023-12-06T12:30:00+00:00\",\"dateModified\":\"2026-03-25T08:49:29+00:00\",\"description\":\"Tras el Brexit (salida del Reino Unido de la Uni\u00f3n Europea) y su aplicaci\u00f3n el 1 de enero de 2021, las sustancias registradas cubiertas por REACH dejaron de ser aplicables en el Reino Unido y se aplic\u00f3 un nuevo proceso de registro bajo el nombre de UK REACH.\",\"breadcrumb\":{\"@id\":\"https:\\\/\\\/www.chemviron.eu\\\/es\\\/sobre-nosotros\\\/reach\\\/declaracion-sobre-uk-reach\\\/#breadcrumb\"},\"inLanguage\":\"es\",\"potentialAction\":[{\"@type\":\"ReadAction\",\"target\":[\"https:\\\/\\\/www.chemviron.eu\\\/es\\\/sobre-nosotros\\\/reach\\\/declaracion-sobre-uk-reach\\\/\"]}]},{\"@type\":\"ImageObject\",\"inLanguage\":\"es\",\"@id\":\"https:\\\/\\\/www.chemviron.eu\\\/es\\\/sobre-nosotros\\\/reach\\\/declaracion-sobre-uk-reach\\\/#primaryimage\",\"url\":\"https:\\\/\\\/www.chemviron.eu\\\/wp-content\\\/uploads\\\/2026\\\/02\\\/UK-reach-high2-scaled.jpg\",\"contentUrl\":\"https:\\\/\\\/www.chemviron.eu\\\/wp-content\\\/uploads\\\/2026\\\/02\\\/UK-reach-high2-scaled.jpg\",\"width\":2560,\"height\":1709,\"caption\":\"uk-reach-statement-chemviron\"},{\"@type\":\"BreadcrumbList\",\"@id\":\"https:\\\/\\\/www.chemviron.eu\\\/es\\\/sobre-nosotros\\\/reach\\\/declaracion-sobre-uk-reach\\\/#breadcrumb\",\"itemListElement\":[{\"@type\":\"ListItem\",\"position\":1,\"name\":\"Home\",\"item\":\"https:\\\/\\\/www.chemviron.eu\\\/es\\\/\"},{\"@type\":\"ListItem\",\"position\":2,\"name\":\"Sobre nosotros\",\"item\":\"https:\\\/\\\/www.chemviron.eu\\\/es\\\/?page_id=13998\"},{\"@type\":\"ListItem\",\"position\":3,\"name\":\"REACH\",\"item\":\"https:\\\/\\\/www.chemviron.eu\\\/es\\\/chi-siamo\\\/reach\\\/\"},{\"@type\":\"ListItem\",\"position\":4,\"name\":\"Declaraci\u00f3n sobre UK REACH\"}]},{\"@type\":\"WebSite\",\"@id\":\"https:\\\/\\\/www.chemviron.eu\\\/es\\\/#website\",\"url\":\"https:\\\/\\\/www.chemviron.eu\\\/es\\\/\",\"name\":\"Chemviron\",\"description\":\"The Purification Solutions Provider\",\"publisher\":{\"@id\":\"https:\\\/\\\/www.chemviron.eu\\\/es\\\/#organization\"},\"potentialAction\":[{\"@type\":\"SearchAction\",\"target\":{\"@type\":\"EntryPoint\",\"urlTemplate\":\"https:\\\/\\\/www.chemviron.eu\\\/es\\\/?s={search_term_string}\"},\"query-input\":{\"@type\":\"PropertyValueSpecification\",\"valueRequired\":true,\"valueName\":\"search_term_string\"}}],\"inLanguage\":\"es\"},{\"@type\":\"Organization\",\"@id\":\"https:\\\/\\\/www.chemviron.eu\\\/es\\\/#organization\",\"name\":\"Chemviron\",\"url\":\"https:\\\/\\\/www.chemviron.eu\\\/es\\\/\",\"logo\":{\"@type\":\"ImageObject\",\"inLanguage\":\"es\",\"@id\":\"https:\\\/\\\/www.chemviron.eu\\\/es\\\/#\\\/schema\\\/logo\\\/image\\\/\",\"url\":\"https:\\\/\\\/www.chemviron.eu\\\/wp-content\\\/uploads\\\/2023\\\/12\\\/Chemviron-logo.jpg\",\"contentUrl\":\"https:\\\/\\\/www.chemviron.eu\\\/wp-content\\\/uploads\\\/2023\\\/12\\\/Chemviron-logo.jpg\",\"width\":1667,\"height\":833,\"caption\":\"Chemviron\"},\"image\":{\"@id\":\"https:\\\/\\\/www.chemviron.eu\\\/es\\\/#\\\/schema\\\/logo\\\/image\\\/\"},\"sameAs\":[\"https:\\\/\\\/www.linkedin.com\\\/company\\\/chemviron\\\/\"]}]}<\/script>\n<!-- \/ Yoast SEO plugin. -->","yoast_head_json":{"title":"Declaraci\u00f3n sobre UK REACH - Chemviron","description":"Tras el Brexit (salida del Reino Unido de la Uni\u00f3n Europea) y su aplicaci\u00f3n el 1 de enero de 2021, las sustancias registradas cubiertas por REACH dejaron de ser aplicables en el Reino Unido y se aplic\u00f3 un nuevo proceso de registro bajo el nombre de UK REACH.","robots":{"index":"index","follow":"follow","max-snippet":"max-snippet:-1","max-image-preview":"max-image-preview:large","max-video-preview":"max-video-preview:-1"},"canonical":"https:\/\/www.chemviron.eu\/es\/sobre-nosotros\/reach\/declaracion-sobre-uk-reach\/","og_locale":"es_ES","og_type":"article","og_title":"Declaraci\u00f3n sobre UK REACH - Chemviron","og_description":"Tras el Brexit (salida del Reino Unido de la Uni\u00f3n Europea) y su aplicaci\u00f3n el 1 de enero de 2021, las sustancias registradas cubiertas por REACH dejaron de ser aplicables en el Reino Unido y se aplic\u00f3 un nuevo proceso de registro bajo el nombre de UK REACH.","og_url":"https:\/\/www.chemviron.eu\/es\/sobre-nosotros\/reach\/declaracion-sobre-uk-reach\/","og_site_name":"Chemviron","article_modified_time":"2026-03-25T08:49:29+00:00","og_image":[{"width":2560,"height":1709,"url":"https:\/\/www.chemviron.eu\/wp-content\/uploads\/2026\/02\/UK-reach-high2-scaled.jpg","type":"image\/jpeg"}],"twitter_card":"summary_large_image","twitter_misc":{"Tiempo de lectura":"2 minutos"},"schema":{"@context":"https:\/\/schema.org","@graph":[{"@type":"WebPage","@id":"https:\/\/www.chemviron.eu\/es\/sobre-nosotros\/reach\/declaracion-sobre-uk-reach\/","url":"https:\/\/www.chemviron.eu\/es\/sobre-nosotros\/reach\/declaracion-sobre-uk-reach\/","name":"Declaraci\u00f3n sobre UK REACH - Chemviron","isPartOf":{"@id":"https:\/\/www.chemviron.eu\/es\/#website"},"primaryImageOfPage":{"@id":"https:\/\/www.chemviron.eu\/es\/sobre-nosotros\/reach\/declaracion-sobre-uk-reach\/#primaryimage"},"image":{"@id":"https:\/\/www.chemviron.eu\/es\/sobre-nosotros\/reach\/declaracion-sobre-uk-reach\/#primaryimage"},"thumbnailUrl":"https:\/\/www.chemviron.eu\/wp-content\/uploads\/2026\/02\/UK-reach-high2-scaled.jpg","datePublished":"2023-12-06T12:30:00+00:00","dateModified":"2026-03-25T08:49:29+00:00","description":"Tras el Brexit (salida del Reino Unido de la Uni\u00f3n Europea) y su aplicaci\u00f3n el 1 de enero de 2021, las sustancias registradas cubiertas por REACH dejaron de ser aplicables en el Reino Unido y se aplic\u00f3 un nuevo proceso de registro bajo el nombre de UK REACH.","breadcrumb":{"@id":"https:\/\/www.chemviron.eu\/es\/sobre-nosotros\/reach\/declaracion-sobre-uk-reach\/#breadcrumb"},"inLanguage":"es","potentialAction":[{"@type":"ReadAction","target":["https:\/\/www.chemviron.eu\/es\/sobre-nosotros\/reach\/declaracion-sobre-uk-reach\/"]}]},{"@type":"ImageObject","inLanguage":"es","@id":"https:\/\/www.chemviron.eu\/es\/sobre-nosotros\/reach\/declaracion-sobre-uk-reach\/#primaryimage","url":"https:\/\/www.chemviron.eu\/wp-content\/uploads\/2026\/02\/UK-reach-high2-scaled.jpg","contentUrl":"https:\/\/www.chemviron.eu\/wp-content\/uploads\/2026\/02\/UK-reach-high2-scaled.jpg","width":2560,"height":1709,"caption":"uk-reach-statement-chemviron"},{"@type":"BreadcrumbList","@id":"https:\/\/www.chemviron.eu\/es\/sobre-nosotros\/reach\/declaracion-sobre-uk-reach\/#breadcrumb","itemListElement":[{"@type":"ListItem","position":1,"name":"Home","item":"https:\/\/www.chemviron.eu\/es\/"},{"@type":"ListItem","position":2,"name":"Sobre nosotros","item":"https:\/\/www.chemviron.eu\/es\/?page_id=13998"},{"@type":"ListItem","position":3,"name":"REACH","item":"https:\/\/www.chemviron.eu\/es\/chi-siamo\/reach\/"},{"@type":"ListItem","position":4,"name":"Declaraci\u00f3n sobre UK REACH"}]},{"@type":"WebSite","@id":"https:\/\/www.chemviron.eu\/es\/#website","url":"https:\/\/www.chemviron.eu\/es\/","name":"Chemviron","description":"The Purification Solutions Provider","publisher":{"@id":"https:\/\/www.chemviron.eu\/es\/#organization"},"potentialAction":[{"@type":"SearchAction","target":{"@type":"EntryPoint","urlTemplate":"https:\/\/www.chemviron.eu\/es\/?s={search_term_string}"},"query-input":{"@type":"PropertyValueSpecification","valueRequired":true,"valueName":"search_term_string"}}],"inLanguage":"es"},{"@type":"Organization","@id":"https:\/\/www.chemviron.eu\/es\/#organization","name":"Chemviron","url":"https:\/\/www.chemviron.eu\/es\/","logo":{"@type":"ImageObject","inLanguage":"es","@id":"https:\/\/www.chemviron.eu\/es\/#\/schema\/logo\/image\/","url":"https:\/\/www.chemviron.eu\/wp-content\/uploads\/2023\/12\/Chemviron-logo.jpg","contentUrl":"https:\/\/www.chemviron.eu\/wp-content\/uploads\/2023\/12\/Chemviron-logo.jpg","width":1667,"height":833,"caption":"Chemviron"},"image":{"@id":"https:\/\/www.chemviron.eu\/es\/#\/schema\/logo\/image\/"},"sameAs":["https:\/\/www.linkedin.com\/company\/chemviron\/"]}]}},"_links":{"self":[{"href":"https:\/\/www.chemviron.eu\/es\/wp-json\/wp\/v2\/pages\/14224","targetHints":{"allow":["GET"]}}],"collection":[{"href":"https:\/\/www.chemviron.eu\/es\/wp-json\/wp\/v2\/pages"}],"about":[{"href":"https:\/\/www.chemviron.eu\/es\/wp-json\/wp\/v2\/types\/page"}],"author":[{"embeddable":true,"href":"https:\/\/www.chemviron.eu\/es\/wp-json\/wp\/v2\/users\/1"}],"replies":[{"embeddable":true,"href":"https:\/\/www.chemviron.eu\/es\/wp-json\/wp\/v2\/comments?post=14224"}],"version-history":[{"count":5,"href":"https:\/\/www.chemviron.eu\/es\/wp-json\/wp\/v2\/pages\/14224\/revisions"}],"predecessor-version":[{"id":14980,"href":"https:\/\/www.chemviron.eu\/es\/wp-json\/wp\/v2\/pages\/14224\/revisions\/14980"}],"up":[{"embeddable":true,"href":"https:\/\/www.chemviron.eu\/es\/wp-json\/wp\/v2\/pages\/14116"}],"wp:featuredmedia":[{"embeddable":true,"href":"https:\/\/www.chemviron.eu\/es\/wp-json\/wp\/v2\/media\/13278"}],"wp:attachment":[{"href":"https:\/\/www.chemviron.eu\/es\/wp-json\/wp\/v2\/media?parent=14224"}],"curies":[{"name":"wp","href":"https:\/\/api.w.org\/{rel}","templated":true}]}}