{"id":14215,"date":"2023-12-06T12:33:38","date_gmt":"2023-12-06T12:33:38","guid":{"rendered":"https:\/\/www.chemviron.eu\/aplicaciones\/productos-quimicos-farmaceuticos\/"},"modified":"2026-04-10T13:55:21","modified_gmt":"2026-04-10T13:55:21","slug":"productos-quimicos-farmaceuticos","status":"publish","type":"page","link":"https:\/\/www.chemviron.eu\/es\/aplicaciones\/productos-quimicos-farmaceuticos\/","title":{"rendered":"Productos qu\u00edmicos &amp; farmac\u00e9uticos"},"content":{"rendered":"\t\t<div data-elementor-type=\"wp-page\" data-elementor-id=\"14215\" class=\"elementor elementor-14215 elementor-633\" data-elementor-post-type=\"page\">\n\t\t\t\t<div class=\"elementor-element elementor-element-7d3b562d e-flex e-con-boxed e-con e-parent\" data-id=\"7d3b562d\" data-element_type=\"container\" data-e-type=\"container\">\n\t\t\t\t\t<div class=\"e-con-inner\">\n\t\t<div class=\"elementor-element elementor-element-8e96027 e-con-full e-flex e-con e-child\" data-id=\"8e96027\" data-element_type=\"container\" data-e-type=\"container\">\n\t\t\t\t<div class=\"elementor-element elementor-element-497bd6e6 elementor-invisible elementor-widget elementor-widget-heading\" data-id=\"497bd6e6\" data-element_type=\"widget\" data-e-type=\"widget\" data-settings=\"{&quot;_animation&quot;:&quot;fadeIn&quot;}\" data-widget_type=\"heading.default\">\n\t\t\t\t<div class=\"elementor-widget-container\">\n\t\t\t\t\t<h1 class=\"elementor-heading-title elementor-size-default\">Productos qu\u00edmicos &amp; farmac\u00e9uticos<\/h1>\t\t\t\t<\/div>\n\t\t\t\t<\/div>\n\t\t\t\t<div class=\"elementor-element elementor-element-2bd0ef elementor-invisible elementor-widget elementor-widget-heading\" data-id=\"2bd0ef\" data-element_type=\"widget\" data-e-type=\"widget\" data-settings=\"{&quot;_animation&quot;:&quot;fadeIn&quot;,&quot;_animation_delay&quot;:400}\" data-widget_type=\"heading.default\">\n\t\t\t\t<div class=\"elementor-widget-container\">\n\t\t\t\t\t<h2 class=\"elementor-heading-title elementor-size-default\">Chemviron ofrece un servicio integral de purificaci\u00f3n para eliminar el color y los subproductos en procesos industriales, utilizando nuestra tecnolog\u00eda especializada de carb\u00f3n activado, reciclando carbones activados agotados mediante reactivaci\u00f3n y nuestro servicio de filtros de carb\u00f3n m\u00f3viles.<\/h2>\t\t\t\t<\/div>\n\t\t\t\t<\/div>\n\t\t\t\t<\/div>\n\t\t<div data-dce-background-image-url=\"https:\/\/www.chemviron.eu\/wp-content\/uploads\/2026\/03\/AP_ChemicalsPharma_MI_Plant_Adobe_2026-scaled.jpeg\" class=\"elementor-element elementor-element-3ff0dfe7 e-con-full e-flex e-con e-child\" data-id=\"3ff0dfe7\" data-element_type=\"container\" data-e-type=\"container\" data-settings=\"{&quot;background_background&quot;:&quot;classic&quot;}\">\n\t\t\t\t<\/div>\n\t\t\t\t\t<\/div>\n\t\t\t\t<\/div>\n\t\t<div data-dce-background-overlay-image-url=\"https:\/\/www.chemviron.eu\/wp-content\/uploads\/2024\/01\/kuraray_circle_grid_landscape_rgb-1.svg\" class=\"elementor-element elementor-element-2304a756 e-flex e-con-boxed e-con e-parent\" data-id=\"2304a756\" data-element_type=\"container\" data-e-type=\"container\">\n\t\t\t\t\t<div class=\"e-con-inner\">\n\t\t<div class=\"elementor-element elementor-element-1047694d e-con-full e-flex e-con e-child\" data-id=\"1047694d\" data-element_type=\"container\" data-e-type=\"container\">\n\t\t\t\t<div class=\"elementor-element elementor-element-1b7d04de elementor-widget-mobile__width-inherit elementor-widget elementor-widget-text-editor\" data-id=\"1b7d04de\" data-element_type=\"widget\" data-e-type=\"widget\" data-widget_type=\"text-editor.default\">\n\t\t\t\t<div class=\"elementor-widget-container\">\n\t\t\t\t\t\t\t\t\t<p>Muchos procesos de fabricaci\u00f3n exigen una purificaci\u00f3n o decoloraci\u00f3n rentable de l\u00edquidos qu\u00edmicos y farmac\u00e9uticos. Las soluciones de carb\u00f3n activado de alto rendimiento de Chemviron cumplen los objetivos de tratamiento m\u00e1s exigentes de nuestros clientes y proporcionan beneficios econ\u00f3micos cr\u00edticos cuando se utilizan en la eliminaci\u00f3n de color y otros contaminantes, cat\u00e1lisis y purificaci\u00f3n de productos o subproductos fuera de especificaci\u00f3n.  <\/p>\t\t\t\t\t\t\t\t<\/div>\n\t\t\t\t<\/div>\n\t\t\t\t<div class=\"elementor-element elementor-element-43415c46 elementor-widget elementor-widget-heading\" data-id=\"43415c46\" data-element_type=\"widget\" data-e-type=\"widget\" data-widget_type=\"heading.default\">\n\t\t\t\t<div class=\"elementor-widget-container\">\n\t\t\t\t\t<h3 class=\"elementor-heading-title elementor-size-default\">\u00bfPor qu\u00e9 utilizar la tecnolog\u00eda de carb\u00f3n activado para la purificaci\u00f3n?<\/h3>\t\t\t\t<\/div>\n\t\t\t\t<\/div>\n\t\t\t\t<div class=\"elementor-element elementor-element-44e3d613 elementor-widget-mobile__width-inherit elementor-widget elementor-widget-text-editor\" data-id=\"44e3d613\" data-element_type=\"widget\" data-e-type=\"widget\" data-widget_type=\"text-editor.default\">\n\t\t\t\t<div class=\"elementor-widget-container\">\n\t\t\t\t\t\t\t\t\t<div><p>El procesamiento de productos qu\u00edmicos especiales y l\u00edquidos a menudo requiere una etapa de purificaci\u00f3n para eliminar impurezas no deseadas del producto o de lotes fuera de especificaci\u00f3n. Una soluci\u00f3n de carb\u00f3n activado correctamente dise\u00f1ada e implementada es altamente eficaz para cumplir con los exigentes est\u00e1ndares de pureza industrial, adsorbiendo y eliminando una amplia gama de impurezas traza, productos qu\u00edmicos org\u00e1nicos espec\u00edficos, color u olor no deseados, o simplemente como un paso de pulido general. La lista de productos qu\u00edmicos, intermedios y materias primas purificados con carb\u00f3n activado es inmensa. La tecnolog\u00eda es fiable, sencilla y ha demostrado ser una soluci\u00f3n eficaz.   <\/p><\/div><div><p>Chemviron ofrece una gama de carbones granulares y en polvo de alta pureza que demuestran constantemente una gran eficacia para la purificaci\u00f3n y\/o eliminaci\u00f3n de color de una variedad de ingredientes qu\u00edmicos o farmac\u00e9uticos l\u00edquidos. Hay grados espec\u00edficos lavados con \u00e1cido para crear carbones activados de alta pureza adecuados para trabajar en aplicaciones \u00e1cidas o especiales. <\/p><p>La experiencia y los conocimientos t\u00e9cnicos de Chemviron garantizan el carb\u00f3n activado m\u00e1s adecuado y rentable seg\u00fan sus propiedades inherentes y los requisitos de la aplicaci\u00f3n del proceso.<\/p><\/div><div><p><a class=\"internal-link\" title=\"Abre un enlace interno en la ventana actual\" href=\"\/es\/?page_id=14183\"><strong>Cont\u00e1ctenos para m\u00e1s informaci\u00f3n.<\/strong><\/a><\/p><\/div>\t\t\t\t\t\t\t\t<\/div>\n\t\t\t\t<\/div>\n\t\t\t\t<div class=\"elementor-element elementor-element-47038492 elementor-widget elementor-widget-heading\" data-id=\"47038492\" data-element_type=\"widget\" data-e-type=\"widget\" data-widget_type=\"heading.default\">\n\t\t\t\t<div class=\"elementor-widget-container\">\n\t\t\t\t\t<h4 class=\"elementor-heading-title elementor-size-default\">\u00bfPor qu\u00e9 elegir a Chemviron como su proveedor de tecnolog\u00eda de carb\u00f3n?<\/h4>\t\t\t\t<\/div>\n\t\t\t\t<\/div>\n\t\t\t\t<div class=\"elementor-element elementor-element-58f7c225 elementor-widget-mobile__width-inherit elementor-widget elementor-widget-text-editor\" data-id=\"58f7c225\" data-element_type=\"widget\" data-e-type=\"widget\" data-widget_type=\"text-editor.default\">\n\t\t\t\t<div class=\"elementor-widget-container\">\n\t\t\t\t\t\t\t\t\t<div><p>Chemviron es el mayor fabricante mundial de carbones activados granulares que han purificado aire, agua y productos qu\u00edmicos l\u00edquidos durante m\u00e1s de 80 a\u00f1os. Ser un productor de carbones activados a base de carb\u00f3n, coco y madera, dise\u00f1ados para cada aplicaci\u00f3n, posiciona de manera \u00fanica a Chemviron para seleccionar el mejor producto y soluci\u00f3n. <\/p><\/div><div><p>A lo largo de su historia, Chemviron ha desarrollado una amplia experiencia y conocimientos internos para crear soluciones rentables e innovadoras para nuevos procesos de fabricaci\u00f3n industriales y comerciales, ofreciendo una soluci\u00f3n de purificaci\u00f3n integral.<\/p><\/div><div><ul><li>Soporte t\u00e9cnico para asesorar sobre el carb\u00f3n activado y la soluci\u00f3n de servicio adecuados para la aplicaci\u00f3n \u2013 <a class=\"internal-link\" title=\"Abre un enlace interno en la ventana actual\" href=\"\/es\/?page_id=14183\">contacte con un representante para obtener m\u00e1s informaci\u00f3n.<\/a><\/li><li>Realizaci\u00f3n de pruebas a escala de laboratorio o unidades piloto para pruebas in situ, con el fin de determinar las condiciones \u00f3ptimas de funcionamiento. Estas resultan inestimables para identificar la soluci\u00f3n m\u00e1s eficiente para el desaf\u00edo. <\/li><li>El suministro de carb\u00f3n activado de alta calidad seleccionado para la aplicaci\u00f3n y suministrado por nuestra organizaci\u00f3n.<\/li><li>Una vez utilizado, el carb\u00f3n activado agotado puede ser reactivado a medida para las aplicaciones correspondientes. El proceso significa que el carb\u00f3n activado agotado de un cliente se recicla y se devuelve para su reutilizaci\u00f3n en su proceso de fabricaci\u00f3n. <\/li><li>Los filtros de carb\u00f3n m\u00f3viles de la extensa <a href=\"https:\/\/www.chemviron.eu\/solutions\/mobile-carbon-filters\/water-liquids\/\" target=\"_blank\" rel=\"noopener\">flota CYCLESORB\u00ae<\/a>, precargados con el carb\u00f3n activado seleccionado, est\u00e1n disponibles en r\u00e9gimen de alquiler, se entregan r\u00e1pidamente y se instalan in situ para su uso inmediato.<\/li><li>El filtro de carb\u00f3n usado se reemplaza por una unidad nueva, eliminando el proceso de intercambio de carb\u00f3n agotado in situ. <\/li><\/ul><\/div>\t\t\t\t\t\t\t\t<\/div>\n\t\t\t\t<\/div>\n\t\t\t\t<div class=\"elementor-element elementor-element-14f2c7b1 elementor-widget elementor-widget-heading\" data-id=\"14f2c7b1\" data-element_type=\"widget\" data-e-type=\"widget\" data-widget_type=\"heading.default\">\n\t\t\t\t<div class=\"elementor-widget-container\">\n\t\t\t\t\t<h4 class=\"elementor-heading-title elementor-size-default\">\u00bfC\u00f3mo es Chemviron sostenible?<\/h4>\t\t\t\t<\/div>\n\t\t\t\t<\/div>\n\t\t\t\t<div class=\"elementor-element elementor-element-23e1419f elementor-widget-mobile__width-inherit elementor-widget elementor-widget-text-editor\" data-id=\"23e1419f\" data-element_type=\"widget\" data-e-type=\"widget\" data-widget_type=\"text-editor.default\">\n\t\t\t\t<div class=\"elementor-widget-container\">\n\t\t\t\t\t\t\t\t\t<div><p>Chemviron es el mayor reciclador (o reactivador) mundial de carbones activados y cuenta con instalaciones de reactivaci\u00f3n de carb\u00f3n en toda Europa. El compromiso continuo de la empresa con la expansi\u00f3n de sus capacidades de reactivaci\u00f3n ha permitido a Chemviron desarrollar procesos de vanguardia para reciclar carbones activados, reduciendo el impacto de nuestra huella de CO<sub>2<\/sub>.  <\/p><\/div><div>El carb\u00f3n activado agotado se recicla t\u00e9rmicamente o se reactiva a trav\u00e9s de uno de los hornos de reactivaci\u00f3n de carb\u00f3n dise\u00f1ados a medida por Chemviron con robustos sistemas de reducci\u00f3n de emisiones. La experiencia desarrollada a lo largo de a\u00f1os de servicio a la industria qu\u00edmica y farmac\u00e9utica garantiza que nuestros carbones reactivados mantengan una alta calidad.  <\/div><div> <\/div><div>La combinaci\u00f3n de la reactivaci\u00f3n con los carbones activados de alta calidad y dise\u00f1o especial de Chemviron significa que los clientes pueden beneficiarse de una soluci\u00f3n de purificaci\u00f3n rentable y sostenible.<\/div>\t\t\t\t\t\t\t\t<\/div>\n\t\t\t\t<\/div>\n\t\t\t\t<\/div>\n\t\t\t\t\t<\/div>\n\t\t\t\t<\/div>\n\t\t<div class=\"elementor-element elementor-element-2975be90 e-flex e-con-boxed elementor-invisible e-con e-parent\" data-id=\"2975be90\" data-element_type=\"container\" data-e-type=\"container\" data-settings=\"{&quot;animation&quot;:&quot;fadeInUp&quot;}\">\n\t\t\t\t\t<div class=\"e-con-inner\">\n\t\t<div data-dce-background-color=\"#FFF4DA\" class=\"elementor-element elementor-element-55f32bc7 e-con-full e-flex e-con e-child\" data-id=\"55f32bc7\" data-element_type=\"container\" data-e-type=\"container\" data-settings=\"{&quot;background_background&quot;:&quot;classic&quot;}\">\n\t\t\t\t<div class=\"elementor-element elementor-element-27da996b dce_masking-none elementor-widget elementor-widget-image\" data-id=\"27da996b\" data-element_type=\"widget\" data-e-type=\"widget\" data-widget_type=\"image.default\">\n\t\t\t\t<div class=\"elementor-widget-container\">\n\t\t\t\t\t\t\t\t\t\t\t\t\t\t\t<img decoding=\"async\" width=\"136\" height=\"136\" src=\"https:\/\/www.chemviron.eu\/wp-content\/uploads\/2024\/01\/kuraray_pictogram_user-negative-1-1.png\" class=\"attachment-large size-large wp-image-2610\" alt=\"\" \/>\t\t\t\t\t\t\t\t\t\t\t\t\t\t\t<\/div>\n\t\t\t\t<\/div>\n\t\t\t\t<\/div>\n\t\t<div data-dce-background-color=\"#FFF4DA\" class=\"elementor-element elementor-element-30315527 e-con-full e-flex e-con e-child\" data-id=\"30315527\" data-element_type=\"container\" data-e-type=\"container\" data-settings=\"{&quot;background_background&quot;:&quot;classic&quot;}\">\n\t\t\t\t<div class=\"elementor-element elementor-element-294c7dd elementor-widget elementor-widget-heading\" data-id=\"294c7dd\" data-element_type=\"widget\" data-e-type=\"widget\" data-widget_type=\"heading.default\">\n\t\t\t\t<div class=\"elementor-widget-container\">\n\t\t\t\t\t<h4 class=\"elementor-heading-title elementor-size-default\">Contacte con nuestro equipo t\u00e9cnico especializado para obtener m\u00e1s informaci\u00f3n.<\/h4>\t\t\t\t<\/div>\n\t\t\t\t<\/div>\n\t\t\t\t<div class=\"elementor-element elementor-element-7410d65c elementor-widget elementor-widget-button\" data-id=\"7410d65c\" data-element_type=\"widget\" data-e-type=\"widget\" data-widget_type=\"button.default\">\n\t\t\t\t<div class=\"elementor-widget-container\">\n\t\t\t\t\t\t\t\t\t<div class=\"elementor-button-wrapper\">\n\t\t\t\t\t<a class=\"elementor-button elementor-button-link elementor-size-sm\" href=\"https:\/\/www.chemviron.eu\/es\/contactenos\/\">\n\t\t\t\t\t\t<span class=\"elementor-button-content-wrapper\">\n\t\t\t\t\t\t\t\t\t<span class=\"elementor-button-text\">Cont\u00e1ctenos<\/span>\n\t\t\t\t\t<\/span>\n\t\t\t\t\t<\/a>\n\t\t\t\t<\/div>\n\t\t\t\t\t\t\t\t<\/div>\n\t\t\t\t<\/div>\n\t\t\t\t<\/div>\n\t\t\t\t\t<\/div>\n\t\t\t\t<\/div>\n\t\t\t\t<\/div>\n\t\t","protected":false},"excerpt":{"rendered":"<p>Productos qu\u00edmicos &amp; farmac\u00e9uticos Chemviron ofrece un servicio integral de purificaci\u00f3n para eliminar el color y los subproductos en procesos industriales, utilizando nuestra tecnolog\u00eda especializada de carb\u00f3n activado, reciclando carbones activados agotados mediante reactivaci\u00f3n y nuestro servicio de filtros de carb\u00f3n m\u00f3viles. Muchos procesos de fabricaci\u00f3n exigen una purificaci\u00f3n o decoloraci\u00f3n rentable de l\u00edquidos qu\u00edmicos [&hellip;]<\/p>\n","protected":false},"author":1,"featured_media":14531,"parent":14044,"menu_order":0,"comment_status":"closed","ping_status":"closed","template":"elementor_header_footer","meta":{"_acf_changed":false,"inline_featured_image":false,"footnotes":""},"class_list":["post-14215","page","type-page","status-publish","has-post-thumbnail","hentry"],"acf":[],"yoast_head":"<!-- This site is optimized with the Yoast SEO plugin v27.3 - https:\/\/yoast.com\/product\/yoast-seo-wordpress\/ -->\n<title>Soluciones de purificaci\u00f3n para productos qu\u00edmicos &amp; farmac\u00e9uticos<\/title>\n<meta name=\"description\" content=\"Soluciones integrales de purificaci\u00f3n para eliminar el color y los subproductos en procesos industriales de fabricaci\u00f3n de productos qu\u00edmicos y farmac\u00e9uticos.\" \/>\n<meta name=\"robots\" content=\"index, follow, max-snippet:-1, max-image-preview:large, max-video-preview:-1\" \/>\n<link rel=\"canonical\" href=\"https:\/\/www.chemviron.eu\/es\/aplicaciones\/productos-quimicos-farmaceuticos\/\" \/>\n<meta property=\"og:locale\" content=\"es_ES\" \/>\n<meta property=\"og:type\" content=\"article\" \/>\n<meta property=\"og:title\" content=\"Soluciones de purificaci\u00f3n para productos qu\u00edmicos &amp; farmac\u00e9uticos\" \/>\n<meta property=\"og:description\" content=\"Soluciones integrales de purificaci\u00f3n para eliminar el color y los subproductos en procesos industriales de fabricaci\u00f3n de productos qu\u00edmicos y farmac\u00e9uticos.\" \/>\n<meta property=\"og:url\" content=\"https:\/\/www.chemviron.eu\/es\/aplicaciones\/productos-quimicos-farmaceuticos\/\" \/>\n<meta property=\"og:site_name\" content=\"Chemviron\" \/>\n<meta property=\"article:modified_time\" content=\"2026-04-10T13:55:21+00:00\" \/>\n<meta property=\"og:image\" content=\"https:\/\/www.chemviron.eu\/wp-content\/uploads\/2026\/03\/AP_ChemicalsPharma_MI_Plant_Adobe_2026-scaled.jpeg\" \/>\n\t<meta property=\"og:image:width\" content=\"2560\" \/>\n\t<meta property=\"og:image:height\" content=\"1189\" \/>\n\t<meta property=\"og:image:type\" content=\"image\/jpeg\" \/>\n<meta name=\"twitter:card\" content=\"summary_large_image\" \/>\n<meta name=\"twitter:label1\" content=\"Tiempo de lectura\" \/>\n\t<meta name=\"twitter:data1\" content=\"4 minutos\" \/>\n<script type=\"application\/ld+json\" class=\"yoast-schema-graph\">{\"@context\":\"https:\\\/\\\/schema.org\",\"@graph\":[{\"@type\":\"WebPage\",\"@id\":\"https:\\\/\\\/www.chemviron.eu\\\/es\\\/aplicaciones\\\/productos-quimicos-farmaceuticos\\\/\",\"url\":\"https:\\\/\\\/www.chemviron.eu\\\/es\\\/aplicaciones\\\/productos-quimicos-farmaceuticos\\\/\",\"name\":\"Soluciones de purificaci\u00f3n para productos qu\u00edmicos & farmac\u00e9uticos\",\"isPartOf\":{\"@id\":\"https:\\\/\\\/www.chemviron.eu\\\/es\\\/#website\"},\"primaryImageOfPage\":{\"@id\":\"https:\\\/\\\/www.chemviron.eu\\\/es\\\/aplicaciones\\\/productos-quimicos-farmaceuticos\\\/#primaryimage\"},\"image\":{\"@id\":\"https:\\\/\\\/www.chemviron.eu\\\/es\\\/aplicaciones\\\/productos-quimicos-farmaceuticos\\\/#primaryimage\"},\"thumbnailUrl\":\"https:\\\/\\\/www.chemviron.eu\\\/wp-content\\\/uploads\\\/2026\\\/03\\\/AP_ChemicalsPharma_MI_Plant_Adobe_2026-scaled.jpeg\",\"datePublished\":\"2023-12-06T12:33:38+00:00\",\"dateModified\":\"2026-04-10T13:55:21+00:00\",\"description\":\"Soluciones integrales de purificaci\u00f3n para eliminar el color y los subproductos en procesos industriales de fabricaci\u00f3n de productos qu\u00edmicos y farmac\u00e9uticos.\",\"breadcrumb\":{\"@id\":\"https:\\\/\\\/www.chemviron.eu\\\/es\\\/aplicaciones\\\/productos-quimicos-farmaceuticos\\\/#breadcrumb\"},\"inLanguage\":\"es\",\"potentialAction\":[{\"@type\":\"ReadAction\",\"target\":[\"https:\\\/\\\/www.chemviron.eu\\\/es\\\/aplicaciones\\\/productos-quimicos-farmaceuticos\\\/\"]}]},{\"@type\":\"ImageObject\",\"inLanguage\":\"es\",\"@id\":\"https:\\\/\\\/www.chemviron.eu\\\/es\\\/aplicaciones\\\/productos-quimicos-farmaceuticos\\\/#primaryimage\",\"url\":\"https:\\\/\\\/www.chemviron.eu\\\/wp-content\\\/uploads\\\/2026\\\/03\\\/AP_ChemicalsPharma_MI_Plant_Adobe_2026-scaled.jpeg\",\"contentUrl\":\"https:\\\/\\\/www.chemviron.eu\\\/wp-content\\\/uploads\\\/2026\\\/03\\\/AP_ChemicalsPharma_MI_Plant_Adobe_2026-scaled.jpeg\",\"width\":2560,\"height\":1189,\"caption\":\"Refinery oil and gas plant at twilight.\"},{\"@type\":\"BreadcrumbList\",\"@id\":\"https:\\\/\\\/www.chemviron.eu\\\/es\\\/aplicaciones\\\/productos-quimicos-farmaceuticos\\\/#breadcrumb\",\"itemListElement\":[{\"@type\":\"ListItem\",\"position\":1,\"name\":\"Home\",\"item\":\"https:\\\/\\\/www.chemviron.eu\\\/es\\\/\"},{\"@type\":\"ListItem\",\"position\":2,\"name\":\"Aplicaciones\",\"item\":\"https:\\\/\\\/www.chemviron.eu\\\/es\\\/?page_id=14044\"},{\"@type\":\"ListItem\",\"position\":3,\"name\":\"Productos qu\u00edmicos &amp; farmac\u00e9uticos\"}]},{\"@type\":\"WebSite\",\"@id\":\"https:\\\/\\\/www.chemviron.eu\\\/es\\\/#website\",\"url\":\"https:\\\/\\\/www.chemviron.eu\\\/es\\\/\",\"name\":\"Chemviron\",\"description\":\"The Purification Solutions Provider\",\"publisher\":{\"@id\":\"https:\\\/\\\/www.chemviron.eu\\\/es\\\/#organization\"},\"potentialAction\":[{\"@type\":\"SearchAction\",\"target\":{\"@type\":\"EntryPoint\",\"urlTemplate\":\"https:\\\/\\\/www.chemviron.eu\\\/es\\\/?s={search_term_string}\"},\"query-input\":{\"@type\":\"PropertyValueSpecification\",\"valueRequired\":true,\"valueName\":\"search_term_string\"}}],\"inLanguage\":\"es\"},{\"@type\":\"Organization\",\"@id\":\"https:\\\/\\\/www.chemviron.eu\\\/es\\\/#organization\",\"name\":\"Chemviron\",\"url\":\"https:\\\/\\\/www.chemviron.eu\\\/es\\\/\",\"logo\":{\"@type\":\"ImageObject\",\"inLanguage\":\"es\",\"@id\":\"https:\\\/\\\/www.chemviron.eu\\\/es\\\/#\\\/schema\\\/logo\\\/image\\\/\",\"url\":\"https:\\\/\\\/www.chemviron.eu\\\/wp-content\\\/uploads\\\/2023\\\/12\\\/Chemviron-logo.jpg\",\"contentUrl\":\"https:\\\/\\\/www.chemviron.eu\\\/wp-content\\\/uploads\\\/2023\\\/12\\\/Chemviron-logo.jpg\",\"width\":1667,\"height\":833,\"caption\":\"Chemviron\"},\"image\":{\"@id\":\"https:\\\/\\\/www.chemviron.eu\\\/es\\\/#\\\/schema\\\/logo\\\/image\\\/\"},\"sameAs\":[\"https:\\\/\\\/www.linkedin.com\\\/company\\\/chemviron\\\/\"]}]}<\/script>\n<!-- \/ Yoast SEO plugin. -->","yoast_head_json":{"title":"Soluciones de purificaci\u00f3n para productos qu\u00edmicos & farmac\u00e9uticos","description":"Soluciones integrales de purificaci\u00f3n para eliminar el color y los subproductos en procesos industriales de fabricaci\u00f3n de productos qu\u00edmicos y farmac\u00e9uticos.","robots":{"index":"index","follow":"follow","max-snippet":"max-snippet:-1","max-image-preview":"max-image-preview:large","max-video-preview":"max-video-preview:-1"},"canonical":"https:\/\/www.chemviron.eu\/es\/aplicaciones\/productos-quimicos-farmaceuticos\/","og_locale":"es_ES","og_type":"article","og_title":"Soluciones de purificaci\u00f3n para productos qu\u00edmicos & farmac\u00e9uticos","og_description":"Soluciones integrales de purificaci\u00f3n para eliminar el color y los subproductos en procesos industriales de fabricaci\u00f3n de productos qu\u00edmicos y farmac\u00e9uticos.","og_url":"https:\/\/www.chemviron.eu\/es\/aplicaciones\/productos-quimicos-farmaceuticos\/","og_site_name":"Chemviron","article_modified_time":"2026-04-10T13:55:21+00:00","og_image":[{"width":2560,"height":1189,"url":"https:\/\/www.chemviron.eu\/wp-content\/uploads\/2026\/03\/AP_ChemicalsPharma_MI_Plant_Adobe_2026-scaled.jpeg","type":"image\/jpeg"}],"twitter_card":"summary_large_image","twitter_misc":{"Tiempo de lectura":"4 minutos"},"schema":{"@context":"https:\/\/schema.org","@graph":[{"@type":"WebPage","@id":"https:\/\/www.chemviron.eu\/es\/aplicaciones\/productos-quimicos-farmaceuticos\/","url":"https:\/\/www.chemviron.eu\/es\/aplicaciones\/productos-quimicos-farmaceuticos\/","name":"Soluciones de purificaci\u00f3n para productos qu\u00edmicos & farmac\u00e9uticos","isPartOf":{"@id":"https:\/\/www.chemviron.eu\/es\/#website"},"primaryImageOfPage":{"@id":"https:\/\/www.chemviron.eu\/es\/aplicaciones\/productos-quimicos-farmaceuticos\/#primaryimage"},"image":{"@id":"https:\/\/www.chemviron.eu\/es\/aplicaciones\/productos-quimicos-farmaceuticos\/#primaryimage"},"thumbnailUrl":"https:\/\/www.chemviron.eu\/wp-content\/uploads\/2026\/03\/AP_ChemicalsPharma_MI_Plant_Adobe_2026-scaled.jpeg","datePublished":"2023-12-06T12:33:38+00:00","dateModified":"2026-04-10T13:55:21+00:00","description":"Soluciones integrales de purificaci\u00f3n para eliminar el color y los subproductos en procesos industriales de fabricaci\u00f3n de productos qu\u00edmicos y farmac\u00e9uticos.","breadcrumb":{"@id":"https:\/\/www.chemviron.eu\/es\/aplicaciones\/productos-quimicos-farmaceuticos\/#breadcrumb"},"inLanguage":"es","potentialAction":[{"@type":"ReadAction","target":["https:\/\/www.chemviron.eu\/es\/aplicaciones\/productos-quimicos-farmaceuticos\/"]}]},{"@type":"ImageObject","inLanguage":"es","@id":"https:\/\/www.chemviron.eu\/es\/aplicaciones\/productos-quimicos-farmaceuticos\/#primaryimage","url":"https:\/\/www.chemviron.eu\/wp-content\/uploads\/2026\/03\/AP_ChemicalsPharma_MI_Plant_Adobe_2026-scaled.jpeg","contentUrl":"https:\/\/www.chemviron.eu\/wp-content\/uploads\/2026\/03\/AP_ChemicalsPharma_MI_Plant_Adobe_2026-scaled.jpeg","width":2560,"height":1189,"caption":"Refinery oil and gas plant at twilight."},{"@type":"BreadcrumbList","@id":"https:\/\/www.chemviron.eu\/es\/aplicaciones\/productos-quimicos-farmaceuticos\/#breadcrumb","itemListElement":[{"@type":"ListItem","position":1,"name":"Home","item":"https:\/\/www.chemviron.eu\/es\/"},{"@type":"ListItem","position":2,"name":"Aplicaciones","item":"https:\/\/www.chemviron.eu\/es\/?page_id=14044"},{"@type":"ListItem","position":3,"name":"Productos qu\u00edmicos &amp; farmac\u00e9uticos"}]},{"@type":"WebSite","@id":"https:\/\/www.chemviron.eu\/es\/#website","url":"https:\/\/www.chemviron.eu\/es\/","name":"Chemviron","description":"The Purification Solutions Provider","publisher":{"@id":"https:\/\/www.chemviron.eu\/es\/#organization"},"potentialAction":[{"@type":"SearchAction","target":{"@type":"EntryPoint","urlTemplate":"https:\/\/www.chemviron.eu\/es\/?s={search_term_string}"},"query-input":{"@type":"PropertyValueSpecification","valueRequired":true,"valueName":"search_term_string"}}],"inLanguage":"es"},{"@type":"Organization","@id":"https:\/\/www.chemviron.eu\/es\/#organization","name":"Chemviron","url":"https:\/\/www.chemviron.eu\/es\/","logo":{"@type":"ImageObject","inLanguage":"es","@id":"https:\/\/www.chemviron.eu\/es\/#\/schema\/logo\/image\/","url":"https:\/\/www.chemviron.eu\/wp-content\/uploads\/2023\/12\/Chemviron-logo.jpg","contentUrl":"https:\/\/www.chemviron.eu\/wp-content\/uploads\/2023\/12\/Chemviron-logo.jpg","width":1667,"height":833,"caption":"Chemviron"},"image":{"@id":"https:\/\/www.chemviron.eu\/es\/#\/schema\/logo\/image\/"},"sameAs":["https:\/\/www.linkedin.com\/company\/chemviron\/"]}]}},"_links":{"self":[{"href":"https:\/\/www.chemviron.eu\/es\/wp-json\/wp\/v2\/pages\/14215","targetHints":{"allow":["GET"]}}],"collection":[{"href":"https:\/\/www.chemviron.eu\/es\/wp-json\/wp\/v2\/pages"}],"about":[{"href":"https:\/\/www.chemviron.eu\/es\/wp-json\/wp\/v2\/types\/page"}],"author":[{"embeddable":true,"href":"https:\/\/www.chemviron.eu\/es\/wp-json\/wp\/v2\/users\/1"}],"replies":[{"embeddable":true,"href":"https:\/\/www.chemviron.eu\/es\/wp-json\/wp\/v2\/comments?post=14215"}],"version-history":[{"count":5,"href":"https:\/\/www.chemviron.eu\/es\/wp-json\/wp\/v2\/pages\/14215\/revisions"}],"predecessor-version":[{"id":15311,"href":"https:\/\/www.chemviron.eu\/es\/wp-json\/wp\/v2\/pages\/14215\/revisions\/15311"}],"up":[{"embeddable":true,"href":"https:\/\/www.chemviron.eu\/es\/wp-json\/wp\/v2\/pages\/14044"}],"wp:featuredmedia":[{"embeddable":true,"href":"https:\/\/www.chemviron.eu\/es\/wp-json\/wp\/v2\/media\/14531"}],"wp:attachment":[{"href":"https:\/\/www.chemviron.eu\/es\/wp-json\/wp\/v2\/media?parent=14215"}],"curies":[{"name":"wp","href":"https:\/\/api.w.org\/{rel}","templated":true}]}}