{"id":14210,"date":"2023-12-06T12:34:15","date_gmt":"2023-12-06T12:34:15","guid":{"rendered":"https:\/\/www.chemviron.eu\/aplicaciones\/alimentacion-y-bebidas\/"},"modified":"2026-04-10T13:57:30","modified_gmt":"2026-04-10T13:57:30","slug":"alimentacion-y-bebidas","status":"publish","type":"page","link":"https:\/\/www.chemviron.eu\/es\/aplicaciones\/alimentacion-y-bebidas\/","title":{"rendered":"Alimentaci\u00f3n y bebidas"},"content":{"rendered":"\t\t<div data-elementor-type=\"wp-page\" data-elementor-id=\"14210\" class=\"elementor elementor-14210 elementor-637\" data-elementor-post-type=\"page\">\n\t\t\t\t<div class=\"elementor-element elementor-element-782ab9a3 e-flex e-con-boxed e-con e-parent\" data-id=\"782ab9a3\" data-element_type=\"container\" data-e-type=\"container\">\n\t\t\t\t\t<div class=\"e-con-inner\">\n\t\t<div class=\"elementor-element elementor-element-5f2d1751 e-con-full e-flex e-con e-child\" data-id=\"5f2d1751\" data-element_type=\"container\" data-e-type=\"container\">\n\t\t\t\t<div class=\"elementor-element elementor-element-4aa1d094 elementor-invisible elementor-widget elementor-widget-heading\" data-id=\"4aa1d094\" data-element_type=\"widget\" data-e-type=\"widget\" data-settings=\"{&quot;_animation&quot;:&quot;fadeIn&quot;}\" data-widget_type=\"heading.default\">\n\t\t\t\t<div class=\"elementor-widget-container\">\n\t\t\t\t\t<h1 class=\"elementor-heading-title elementor-size-default\">Alimentaci\u00f3n y bebidas<\/h1>\t\t\t\t<\/div>\n\t\t\t\t<\/div>\n\t\t\t\t<div class=\"elementor-element elementor-element-236f7f94 elementor-invisible elementor-widget elementor-widget-heading\" data-id=\"236f7f94\" data-element_type=\"widget\" data-e-type=\"widget\" data-settings=\"{&quot;_animation&quot;:&quot;fadeIn&quot;,&quot;_animation_delay&quot;:400}\" data-widget_type=\"heading.default\">\n\t\t\t\t<div class=\"elementor-widget-container\">\n\t\t\t\t\t<h2 class=\"elementor-heading-title elementor-size-default\">Chemviron ofrece soluciones integrales de purificaci\u00f3n para eliminar impurezas o color de los procesos de alimentaci\u00f3n y bebidas mediante nuestros carbones activos especializados, el reciclaje de carbones activos agotados por reactivaci\u00f3n y nuestro servicio de filtros de carb\u00f3n m\u00f3viles.<\/h2>\t\t\t\t<\/div>\n\t\t\t\t<\/div>\n\t\t\t\t<\/div>\n\t\t<div data-dce-background-image-url=\"https:\/\/www.chemviron.eu\/wp-content\/uploads\/2026\/03\/AP_FoodBeverage_MI_BlueCans_Adobe_2026-1.jpeg\" class=\"elementor-element elementor-element-20c94248 e-con-full e-flex e-con e-child\" data-id=\"20c94248\" data-element_type=\"container\" data-e-type=\"container\" data-settings=\"{&quot;background_background&quot;:&quot;classic&quot;}\">\n\t\t\t\t<\/div>\n\t\t\t\t\t<\/div>\n\t\t\t\t<\/div>\n\t\t<div data-dce-background-overlay-image-url=\"https:\/\/www.chemviron.eu\/wp-content\/uploads\/2024\/01\/kuraray_circle_grid_landscape_rgb-1.svg\" class=\"elementor-element elementor-element-57924ab e-flex e-con-boxed e-con e-parent\" data-id=\"57924ab\" data-element_type=\"container\" data-e-type=\"container\">\n\t\t\t\t\t<div class=\"e-con-inner\">\n\t\t<div class=\"elementor-element elementor-element-5d6c99c5 e-con-full e-flex e-con e-child\" data-id=\"5d6c99c5\" data-element_type=\"container\" data-e-type=\"container\">\n\t\t\t\t<div class=\"elementor-element elementor-element-5984941d elementor-widget-mobile__width-inherit elementor-widget elementor-widget-text-editor\" data-id=\"5984941d\" data-element_type=\"widget\" data-e-type=\"widget\" data-widget_type=\"text-editor.default\">\n\t\t\t\t<div class=\"elementor-widget-container\">\n\t\t\t\t\t\t\t\t\t<p>Muchos productos de alimentaci\u00f3n o bebidas incorporan una etapa de purificaci\u00f3n para eliminar los contaminantes del color, as\u00ed como los componentes del sabor y el olor generados en el proceso o en el agua de origen utilizada para crear el producto final. Chemviron ofrece una gama de productos de carb\u00f3n activo de alta calidad constante que permiten la eliminaci\u00f3n rentable y probada de estos contaminantes y, si es necesario, puede reciclar de forma personalizada el carb\u00f3n activo agotado para su reutilizaci\u00f3n en el mismo proceso. <\/p>\t\t\t\t\t\t\t\t<\/div>\n\t\t\t\t<\/div>\n\t\t\t\t<div class=\"elementor-element elementor-element-20c32144 elementor-widget elementor-widget-heading\" data-id=\"20c32144\" data-element_type=\"widget\" data-e-type=\"widget\" data-widget_type=\"heading.default\">\n\t\t\t\t<div class=\"elementor-widget-container\">\n\t\t\t\t\t<h2 class=\"elementor-heading-title elementor-size-default\">Tecnolog\u00eda de carb\u00f3n activo para la eliminaci\u00f3n del color o la purificaci\u00f3n<\/h2>\t\t\t\t<\/div>\n\t\t\t\t<\/div>\n\t\t\t\t<div class=\"elementor-element elementor-element-66998650 elementor-widget-mobile__width-inherit elementor-widget elementor-widget-text-editor\" data-id=\"66998650\" data-element_type=\"widget\" data-e-type=\"widget\" data-widget_type=\"text-editor.default\">\n\t\t\t\t<div class=\"elementor-widget-container\">\n\t\t\t\t\t\t\t\t\t<div><p>Varios aditivos alimentarios, como edulcorantes, az\u00facares y jarabes de ma\u00edz, \u00e1cidos alimentarios y amino\u00e1cidos, y glicerina, requieren decoloraci\u00f3n, purificaci\u00f3n o eliminaci\u00f3n de subproductos no deseados en las etapas finales de fabricaci\u00f3n. La eliminaci\u00f3n de estos compuestos y la decoloraci\u00f3n de la materia prima se logran utilizando carb\u00f3n activo, que es altamente eficaz y fiable para cumplir con los est\u00e1ndares requeridos de pureza y trazas de color.  <\/p><\/div><div><p>Chemviron tambi\u00e9n ha desarrollado grados especializados de carb\u00f3n activo para eliminar hidrocarburos arom\u00e1ticos polic\u00edclicos (HAP) y contaminantes no deseados para la industria de aceites comestibles.<\/p><\/div><div><p>En la industria del embotellado y la elaboraci\u00f3n de cerveza, es importante eliminar el color, el sabor y el olor no deseados de los zumos de frutas, los concentrados de zumo, el vino, las bebidas de malta y los licores destilados. Los carbones activos de alta pureza de Chemviron son la soluci\u00f3n ideal para esta aplicaci\u00f3n. Adem\u00e1s, el agua utilizada en estos procesos tambi\u00e9n puede requerir decloraci\u00f3n, eliminaci\u00f3n de trazas org\u00e1nicas o sabores residuales. Los carbones activos de Chemviron son altamente eficaces en la purificaci\u00f3n del agua utilizada en esta industria.    <\/p><\/div><div>Chemviron propondr\u00e1 el carb\u00f3n activo m\u00e1s adecuado seg\u00fan sus propiedades inherentes y los requisitos del proceso.<\/div><div> <\/div><div><p><a class=\"internal-link\" title=\"Abre un enlace interno en la ventana actual\" href=\"\/es\/?page_id=14183\"><strong>P\u00f3ngase en contacto con nuestro equipo especializado de servicios t\u00e9cnicos<\/strong><\/a> para analizar posibles soluciones de tratamiento. <\/p><\/div>\t\t\t\t\t\t\t\t<\/div>\n\t\t\t\t<\/div>\n\t\t\t\t<div class=\"elementor-element elementor-element-15fcb7d7 elementor-widget elementor-widget-heading\" data-id=\"15fcb7d7\" data-element_type=\"widget\" data-e-type=\"widget\" data-widget_type=\"heading.default\">\n\t\t\t\t<div class=\"elementor-widget-container\">\n\t\t\t\t\t<h2 class=\"elementor-heading-title elementor-size-default\">\u00bfPor qu\u00e9 elegir a Chemviron como su proveedor de tecnolog\u00eda de carb\u00f3n?<\/h2>\t\t\t\t<\/div>\n\t\t\t\t<\/div>\n\t\t\t\t<div class=\"elementor-element elementor-element-fff88fc elementor-widget-mobile__width-inherit elementor-widget elementor-widget-text-editor\" data-id=\"fff88fc\" data-element_type=\"widget\" data-e-type=\"widget\" data-widget_type=\"text-editor.default\">\n\t\t\t\t<div class=\"elementor-widget-container\">\n\t\t\t\t\t\t\t\t\t<div><p>Chemviron es el mayor fabricante mundial de carbones activos granulares que llevan purificando aire, agua, alimentos y bebidas desde hace m\u00e1s de 80 a\u00f1os. Ser productor de carbones activos a base de hulla, coco y madera dise\u00f1ados para cada aplicaci\u00f3n sit\u00faa a Chemviron en una posici\u00f3n \u00fanica para seleccionar el mejor producto y soluci\u00f3n. <\/p><\/div><div><p>A lo largo de su dilatada historia, Chemviron ha desarrollado una amplia experiencia y conocimientos especializados para proporcionar apoyo pr\u00e1ctico y t\u00e9cnico a los procesadores de az\u00facar y alimentos. <\/p><\/div><div><ul><li>Experiencia y soporte t\u00e9cnico para asesorarle y ayudarle a encontrar la soluci\u00f3n m\u00e1s eficiente que mejor se adapte a su proceso: <a class=\"internal-link\" title=\"Abre un enlace interno en la ventana actual\" href=\"https:\/\/www.chemviron.eu\/contact\/?no_cache=1\">p\u00f3ngase en contacto con un representante para obtener m\u00e1s informaci\u00f3n.<\/a><\/li><li>Evaluaciones a escala de laboratorio e instalaciones de ensayo, o unidades piloto para pruebas in situ, para evaluar las condiciones de funcionamiento \u00f3ptimas, que son inestimables para determinar la soluci\u00f3n m\u00e1s adecuada.<\/li><li>El suministro de carbones activos de calidad constante y alta pureza, seleccionados para su aplicaci\u00f3n y suministrados por Chemviron.<\/li><li>Una vez utilizado, el carb\u00f3n activo agotado puede reactivarse de forma personalizada para las aplicaciones pertinentes. Este proceso significa que el carb\u00f3n activo agotado de un cliente se recicla y se devuelve para su reutilizaci\u00f3n en su proceso alimentario espec\u00edfico. <\/li><li>Chemviron ofrece altos niveles de garant\u00eda de seguridad para la industria alimentaria, ya que nuestro centro de Feluy (B\u00e9lgica) cuenta con la acreditaci\u00f3n ISO 22000 de gesti\u00f3n de la seguridad alimentaria.<\/li><li>Los filtros de carb\u00f3n m\u00f3viles de la amplia flota <strong> <a class=\"internal-link\" title=\"Abre un enlace interno en la ventana actual\" href=\"https:\/\/www.chemviron.eu\/solutions\/mobile-carbon-filters\/water-liquids\/\">CYCLESORB<\/a><sup><a class=\"internal-link\" title=\"Abre un enlace interno en la ventana actual\" href=\"https:\/\/www.chemviron.eu\/solutions\/mobile-carbon-filters\/water-liquids\/\">\u00ae<\/a><\/sup><\/strong>, precargados con el carb\u00f3n activo seleccionado, est\u00e1n disponibles en r\u00e9gimen de alquiler, se entregan con prontitud y se instalan in situ para su uso inmediato. <\/li><\/ul><\/div>\t\t\t\t\t\t\t\t<\/div>\n\t\t\t\t<\/div>\n\t\t\t\t<div class=\"elementor-element elementor-element-175bf92c elementor-widget elementor-widget-heading\" data-id=\"175bf92c\" data-element_type=\"widget\" data-e-type=\"widget\" data-widget_type=\"heading.default\">\n\t\t\t\t<div class=\"elementor-widget-container\">\n\t\t\t\t\t<h2 class=\"elementor-heading-title elementor-size-default\">\u00bfC\u00f3mo es Chemviron sostenible?<\/h2>\t\t\t\t<\/div>\n\t\t\t\t<\/div>\n\t\t\t\t<div class=\"elementor-element elementor-element-4008786a elementor-widget-mobile__width-inherit elementor-widget elementor-widget-text-editor\" data-id=\"4008786a\" data-element_type=\"widget\" data-e-type=\"widget\" data-widget_type=\"text-editor.default\">\n\t\t\t\t<div class=\"elementor-widget-container\">\n\t\t\t\t\t\t\t\t\t<div>\n<p>Chemviron es el mayor reciclador (o reactivador) de carbones activos del mundo y cuenta con instalaciones de reactivaci\u00f3n de carb\u00f3n en toda Europa. El compromiso continuo de la empresa con la ampliaci\u00f3n de sus capacidades de reactivaci\u00f3n ha permitido a Chemviron desarrollar procesos de vanguardia para reciclar carbones activos, reduciendo el impacto de nuestra huella de CO<sub>2<\/sub>. &nbsp;&nbsp;<\/p>\n<\/div>\n<div>El carb\u00f3n activo agotado se recicla t\u00e9rmicamente y se reactiva en uno de los hornos de reactivaci\u00f3n de carb\u00f3n de dise\u00f1o personalizado de Chemviron. La experiencia desarrollada a lo largo de a\u00f1os de servicio a la industria alimentaria garantiza que nuestros carbones reactivados de grado alimentario sigan siendo de alta calidad. &nbsp;<\/div><div><br><\/div>\n<div>La combinaci\u00f3n de la reactivaci\u00f3n con los carbones activos de alta calidad y dise\u00f1o especial de Chemviron permite a los clientes beneficiarse de una soluci\u00f3n de purificaci\u00f3n rentable y sostenible.<\/div>\t\t\t\t\t\t\t\t<\/div>\n\t\t\t\t<\/div>\n\t\t\t\t<\/div>\n\t\t\t\t\t<\/div>\n\t\t\t\t<\/div>\n\t\t<div class=\"elementor-element elementor-element-40e18983 e-flex e-con-boxed elementor-invisible e-con e-parent\" data-id=\"40e18983\" data-element_type=\"container\" data-e-type=\"container\" data-settings=\"{&quot;animation&quot;:&quot;fadeInUp&quot;}\">\n\t\t\t\t\t<div class=\"e-con-inner\">\n\t\t<div data-dce-background-color=\"#FFF4DA\" class=\"elementor-element elementor-element-3a8493da e-con-full e-flex e-con e-child\" data-id=\"3a8493da\" data-element_type=\"container\" data-e-type=\"container\" data-settings=\"{&quot;background_background&quot;:&quot;classic&quot;}\">\n\t\t\t\t<div class=\"elementor-element elementor-element-314d4369 dce_masking-none elementor-widget elementor-widget-image\" data-id=\"314d4369\" data-element_type=\"widget\" data-e-type=\"widget\" data-widget_type=\"image.default\">\n\t\t\t\t<div class=\"elementor-widget-container\">\n\t\t\t\t\t\t\t\t\t\t\t\t\t\t\t<img decoding=\"async\" width=\"136\" height=\"136\" src=\"https:\/\/www.chemviron.eu\/wp-content\/uploads\/2024\/01\/kuraray_pictogram_user-negative-1-1.png\" class=\"attachment-large size-large wp-image-2610\" alt=\"\" \/>\t\t\t\t\t\t\t\t\t\t\t\t\t\t\t<\/div>\n\t\t\t\t<\/div>\n\t\t\t\t<\/div>\n\t\t<div data-dce-background-color=\"#FFF4DA\" class=\"elementor-element elementor-element-499e9dcd e-con-full e-flex e-con e-child\" data-id=\"499e9dcd\" data-element_type=\"container\" data-e-type=\"container\" data-settings=\"{&quot;background_background&quot;:&quot;classic&quot;}\">\n\t\t\t\t<div class=\"elementor-element elementor-element-103412bc elementor-widget elementor-widget-heading\" data-id=\"103412bc\" data-element_type=\"widget\" data-e-type=\"widget\" data-widget_type=\"heading.default\">\n\t\t\t\t<div class=\"elementor-widget-container\">\n\t\t\t\t\t<h4 class=\"elementor-heading-title elementor-size-default\">P\u00f3ngase en contacto con nuestro equipo t\u00e9cnico especializado para obtener m\u00e1s informaci\u00f3n.<\/h4>\t\t\t\t<\/div>\n\t\t\t\t<\/div>\n\t\t\t\t<div class=\"elementor-element elementor-element-2e8aba4 elementor-widget elementor-widget-button\" data-id=\"2e8aba4\" data-element_type=\"widget\" data-e-type=\"widget\" data-widget_type=\"button.default\">\n\t\t\t\t<div class=\"elementor-widget-container\">\n\t\t\t\t\t\t\t\t\t<div class=\"elementor-button-wrapper\">\n\t\t\t\t\t<a class=\"elementor-button elementor-button-link elementor-size-sm\" href=\"https:\/\/www.chemviron.eu\/es\/contactenos\/\">\n\t\t\t\t\t\t<span class=\"elementor-button-content-wrapper\">\n\t\t\t\t\t\t\t\t\t<span class=\"elementor-button-text\">Contacto<\/span>\n\t\t\t\t\t<\/span>\n\t\t\t\t\t<\/a>\n\t\t\t\t<\/div>\n\t\t\t\t\t\t\t\t<\/div>\n\t\t\t\t<\/div>\n\t\t\t\t<\/div>\n\t\t\t\t\t<\/div>\n\t\t\t\t<\/div>\n\t\t\t\t<\/div>\n\t\t","protected":false},"excerpt":{"rendered":"<p>Alimentaci\u00f3n y bebidas Chemviron ofrece soluciones integrales de purificaci\u00f3n para eliminar impurezas o color de los procesos de alimentaci\u00f3n y bebidas mediante nuestros carbones activos especializados, el reciclaje de carbones activos agotados por reactivaci\u00f3n y nuestro servicio de filtros de carb\u00f3n m\u00f3viles. Muchos productos de alimentaci\u00f3n o bebidas incorporan una etapa de purificaci\u00f3n para eliminar [&hellip;]<\/p>\n","protected":false},"author":1,"featured_media":14587,"parent":14044,"menu_order":0,"comment_status":"closed","ping_status":"closed","template":"","meta":{"_acf_changed":false,"inline_featured_image":false,"footnotes":""},"class_list":["post-14210","page","type-page","status-publish","has-post-thumbnail","hentry"],"acf":[],"yoast_head":"<!-- This site is optimized with the Yoast SEO plugin v27.3 - https:\/\/yoast.com\/product\/yoast-seo-wordpress\/ -->\n<title>Soluciones de purificaci\u00f3n de alimentaci\u00f3n y bebidas para impurezas y color<\/title>\n<meta name=\"description\" content=\"Soluciones integrales de purificaci\u00f3n para eliminar impurezas o color de los procesos de alimentaci\u00f3n y bebidas. Obtenga m\u00e1s informaci\u00f3n ahora.\" \/>\n<meta name=\"robots\" content=\"index, follow, max-snippet:-1, max-image-preview:large, max-video-preview:-1\" \/>\n<link rel=\"canonical\" href=\"https:\/\/www.chemviron.eu\/es\/aplicaciones\/alimentacion-y-bebidas\/\" \/>\n<meta property=\"og:locale\" content=\"es_ES\" \/>\n<meta property=\"og:type\" content=\"article\" \/>\n<meta property=\"og:title\" content=\"Soluciones de purificaci\u00f3n de alimentaci\u00f3n y bebidas para impurezas y color\" \/>\n<meta property=\"og:description\" content=\"Soluciones integrales de purificaci\u00f3n para eliminar impurezas o color de los procesos de alimentaci\u00f3n y bebidas. Obtenga m\u00e1s informaci\u00f3n ahora.\" \/>\n<meta property=\"og:url\" content=\"https:\/\/www.chemviron.eu\/es\/aplicaciones\/alimentacion-y-bebidas\/\" \/>\n<meta property=\"og:site_name\" content=\"Chemviron\" \/>\n<meta property=\"article:modified_time\" content=\"2026-04-10T13:57:30+00:00\" \/>\n<meta property=\"og:image\" content=\"https:\/\/www.chemviron.eu\/wp-content\/uploads\/2026\/03\/AP_FoodBeverage_MI_BlueCans_Adobe_2026-1024x574.jpeg\" \/>\n\t<meta property=\"og:image:width\" content=\"1024\" \/>\n\t<meta property=\"og:image:height\" content=\"574\" \/>\n\t<meta property=\"og:image:type\" content=\"image\/jpeg\" \/>\n<meta name=\"twitter:card\" content=\"summary_large_image\" \/>\n<meta name=\"twitter:label1\" content=\"Tiempo de lectura\" \/>\n\t<meta name=\"twitter:data1\" content=\"4 minutos\" \/>\n<script type=\"application\/ld+json\" class=\"yoast-schema-graph\">{\"@context\":\"https:\\\/\\\/schema.org\",\"@graph\":[{\"@type\":\"WebPage\",\"@id\":\"https:\\\/\\\/www.chemviron.eu\\\/es\\\/aplicaciones\\\/alimentacion-y-bebidas\\\/\",\"url\":\"https:\\\/\\\/www.chemviron.eu\\\/es\\\/aplicaciones\\\/alimentacion-y-bebidas\\\/\",\"name\":\"Soluciones de purificaci\u00f3n de alimentaci\u00f3n y bebidas para impurezas y color\",\"isPartOf\":{\"@id\":\"https:\\\/\\\/www.chemviron.eu\\\/es\\\/#website\"},\"primaryImageOfPage\":{\"@id\":\"https:\\\/\\\/www.chemviron.eu\\\/es\\\/aplicaciones\\\/alimentacion-y-bebidas\\\/#primaryimage\"},\"image\":{\"@id\":\"https:\\\/\\\/www.chemviron.eu\\\/es\\\/aplicaciones\\\/alimentacion-y-bebidas\\\/#primaryimage\"},\"thumbnailUrl\":\"https:\\\/\\\/www.chemviron.eu\\\/wp-content\\\/uploads\\\/2026\\\/03\\\/AP_FoodBeverage_MI_BlueCans_Adobe_2026.jpeg\",\"datePublished\":\"2023-12-06T12:34:15+00:00\",\"dateModified\":\"2026-04-10T13:57:30+00:00\",\"description\":\"Soluciones integrales de purificaci\u00f3n para eliminar impurezas o color de los procesos de alimentaci\u00f3n y bebidas. Obtenga m\u00e1s informaci\u00f3n ahora.\",\"breadcrumb\":{\"@id\":\"https:\\\/\\\/www.chemviron.eu\\\/es\\\/aplicaciones\\\/alimentacion-y-bebidas\\\/#breadcrumb\"},\"inLanguage\":\"es\",\"potentialAction\":[{\"@type\":\"ReadAction\",\"target\":[\"https:\\\/\\\/www.chemviron.eu\\\/es\\\/aplicaciones\\\/alimentacion-y-bebidas\\\/\"]}]},{\"@type\":\"ImageObject\",\"inLanguage\":\"es\",\"@id\":\"https:\\\/\\\/www.chemviron.eu\\\/es\\\/aplicaciones\\\/alimentacion-y-bebidas\\\/#primaryimage\",\"url\":\"https:\\\/\\\/www.chemviron.eu\\\/wp-content\\\/uploads\\\/2026\\\/03\\\/AP_FoodBeverage_MI_BlueCans_Adobe_2026.jpeg\",\"contentUrl\":\"https:\\\/\\\/www.chemviron.eu\\\/wp-content\\\/uploads\\\/2026\\\/03\\\/AP_FoodBeverage_MI_BlueCans_Adobe_2026.jpeg\",\"width\":8736,\"height\":4896,\"caption\":\"activated-carbon-for-food-and-drinks-decolourisation\"},{\"@type\":\"BreadcrumbList\",\"@id\":\"https:\\\/\\\/www.chemviron.eu\\\/es\\\/aplicaciones\\\/alimentacion-y-bebidas\\\/#breadcrumb\",\"itemListElement\":[{\"@type\":\"ListItem\",\"position\":1,\"name\":\"Home\",\"item\":\"https:\\\/\\\/www.chemviron.eu\\\/es\\\/\"},{\"@type\":\"ListItem\",\"position\":2,\"name\":\"Aplicaciones\",\"item\":\"https:\\\/\\\/www.chemviron.eu\\\/es\\\/?page_id=14044\"},{\"@type\":\"ListItem\",\"position\":3,\"name\":\"Alimentaci\u00f3n y bebidas\"}]},{\"@type\":\"WebSite\",\"@id\":\"https:\\\/\\\/www.chemviron.eu\\\/es\\\/#website\",\"url\":\"https:\\\/\\\/www.chemviron.eu\\\/es\\\/\",\"name\":\"Chemviron\",\"description\":\"The Purification Solutions Provider\",\"publisher\":{\"@id\":\"https:\\\/\\\/www.chemviron.eu\\\/es\\\/#organization\"},\"potentialAction\":[{\"@type\":\"SearchAction\",\"target\":{\"@type\":\"EntryPoint\",\"urlTemplate\":\"https:\\\/\\\/www.chemviron.eu\\\/es\\\/?s={search_term_string}\"},\"query-input\":{\"@type\":\"PropertyValueSpecification\",\"valueRequired\":true,\"valueName\":\"search_term_string\"}}],\"inLanguage\":\"es\"},{\"@type\":\"Organization\",\"@id\":\"https:\\\/\\\/www.chemviron.eu\\\/es\\\/#organization\",\"name\":\"Chemviron\",\"url\":\"https:\\\/\\\/www.chemviron.eu\\\/es\\\/\",\"logo\":{\"@type\":\"ImageObject\",\"inLanguage\":\"es\",\"@id\":\"https:\\\/\\\/www.chemviron.eu\\\/es\\\/#\\\/schema\\\/logo\\\/image\\\/\",\"url\":\"https:\\\/\\\/www.chemviron.eu\\\/wp-content\\\/uploads\\\/2023\\\/12\\\/Chemviron-logo.jpg\",\"contentUrl\":\"https:\\\/\\\/www.chemviron.eu\\\/wp-content\\\/uploads\\\/2023\\\/12\\\/Chemviron-logo.jpg\",\"width\":1667,\"height\":833,\"caption\":\"Chemviron\"},\"image\":{\"@id\":\"https:\\\/\\\/www.chemviron.eu\\\/es\\\/#\\\/schema\\\/logo\\\/image\\\/\"},\"sameAs\":[\"https:\\\/\\\/www.linkedin.com\\\/company\\\/chemviron\\\/\"]}]}<\/script>\n<!-- \/ Yoast SEO plugin. -->","yoast_head_json":{"title":"Soluciones de purificaci\u00f3n de alimentaci\u00f3n y bebidas para impurezas y color","description":"Soluciones integrales de purificaci\u00f3n para eliminar impurezas o color de los procesos de alimentaci\u00f3n y bebidas. Obtenga m\u00e1s informaci\u00f3n ahora.","robots":{"index":"index","follow":"follow","max-snippet":"max-snippet:-1","max-image-preview":"max-image-preview:large","max-video-preview":"max-video-preview:-1"},"canonical":"https:\/\/www.chemviron.eu\/es\/aplicaciones\/alimentacion-y-bebidas\/","og_locale":"es_ES","og_type":"article","og_title":"Soluciones de purificaci\u00f3n de alimentaci\u00f3n y bebidas para impurezas y color","og_description":"Soluciones integrales de purificaci\u00f3n para eliminar impurezas o color de los procesos de alimentaci\u00f3n y bebidas. Obtenga m\u00e1s informaci\u00f3n ahora.","og_url":"https:\/\/www.chemviron.eu\/es\/aplicaciones\/alimentacion-y-bebidas\/","og_site_name":"Chemviron","article_modified_time":"2026-04-10T13:57:30+00:00","og_image":[{"width":1024,"height":574,"url":"https:\/\/www.chemviron.eu\/wp-content\/uploads\/2026\/03\/AP_FoodBeverage_MI_BlueCans_Adobe_2026-1024x574.jpeg","type":"image\/jpeg"}],"twitter_card":"summary_large_image","twitter_misc":{"Tiempo de lectura":"4 minutos"},"schema":{"@context":"https:\/\/schema.org","@graph":[{"@type":"WebPage","@id":"https:\/\/www.chemviron.eu\/es\/aplicaciones\/alimentacion-y-bebidas\/","url":"https:\/\/www.chemviron.eu\/es\/aplicaciones\/alimentacion-y-bebidas\/","name":"Soluciones de purificaci\u00f3n de alimentaci\u00f3n y bebidas para impurezas y color","isPartOf":{"@id":"https:\/\/www.chemviron.eu\/es\/#website"},"primaryImageOfPage":{"@id":"https:\/\/www.chemviron.eu\/es\/aplicaciones\/alimentacion-y-bebidas\/#primaryimage"},"image":{"@id":"https:\/\/www.chemviron.eu\/es\/aplicaciones\/alimentacion-y-bebidas\/#primaryimage"},"thumbnailUrl":"https:\/\/www.chemviron.eu\/wp-content\/uploads\/2026\/03\/AP_FoodBeverage_MI_BlueCans_Adobe_2026.jpeg","datePublished":"2023-12-06T12:34:15+00:00","dateModified":"2026-04-10T13:57:30+00:00","description":"Soluciones integrales de purificaci\u00f3n para eliminar impurezas o color de los procesos de alimentaci\u00f3n y bebidas. Obtenga m\u00e1s informaci\u00f3n ahora.","breadcrumb":{"@id":"https:\/\/www.chemviron.eu\/es\/aplicaciones\/alimentacion-y-bebidas\/#breadcrumb"},"inLanguage":"es","potentialAction":[{"@type":"ReadAction","target":["https:\/\/www.chemviron.eu\/es\/aplicaciones\/alimentacion-y-bebidas\/"]}]},{"@type":"ImageObject","inLanguage":"es","@id":"https:\/\/www.chemviron.eu\/es\/aplicaciones\/alimentacion-y-bebidas\/#primaryimage","url":"https:\/\/www.chemviron.eu\/wp-content\/uploads\/2026\/03\/AP_FoodBeverage_MI_BlueCans_Adobe_2026.jpeg","contentUrl":"https:\/\/www.chemviron.eu\/wp-content\/uploads\/2026\/03\/AP_FoodBeverage_MI_BlueCans_Adobe_2026.jpeg","width":8736,"height":4896,"caption":"activated-carbon-for-food-and-drinks-decolourisation"},{"@type":"BreadcrumbList","@id":"https:\/\/www.chemviron.eu\/es\/aplicaciones\/alimentacion-y-bebidas\/#breadcrumb","itemListElement":[{"@type":"ListItem","position":1,"name":"Home","item":"https:\/\/www.chemviron.eu\/es\/"},{"@type":"ListItem","position":2,"name":"Aplicaciones","item":"https:\/\/www.chemviron.eu\/es\/?page_id=14044"},{"@type":"ListItem","position":3,"name":"Alimentaci\u00f3n y bebidas"}]},{"@type":"WebSite","@id":"https:\/\/www.chemviron.eu\/es\/#website","url":"https:\/\/www.chemviron.eu\/es\/","name":"Chemviron","description":"The Purification Solutions Provider","publisher":{"@id":"https:\/\/www.chemviron.eu\/es\/#organization"},"potentialAction":[{"@type":"SearchAction","target":{"@type":"EntryPoint","urlTemplate":"https:\/\/www.chemviron.eu\/es\/?s={search_term_string}"},"query-input":{"@type":"PropertyValueSpecification","valueRequired":true,"valueName":"search_term_string"}}],"inLanguage":"es"},{"@type":"Organization","@id":"https:\/\/www.chemviron.eu\/es\/#organization","name":"Chemviron","url":"https:\/\/www.chemviron.eu\/es\/","logo":{"@type":"ImageObject","inLanguage":"es","@id":"https:\/\/www.chemviron.eu\/es\/#\/schema\/logo\/image\/","url":"https:\/\/www.chemviron.eu\/wp-content\/uploads\/2023\/12\/Chemviron-logo.jpg","contentUrl":"https:\/\/www.chemviron.eu\/wp-content\/uploads\/2023\/12\/Chemviron-logo.jpg","width":1667,"height":833,"caption":"Chemviron"},"image":{"@id":"https:\/\/www.chemviron.eu\/es\/#\/schema\/logo\/image\/"},"sameAs":["https:\/\/www.linkedin.com\/company\/chemviron\/"]}]}},"_links":{"self":[{"href":"https:\/\/www.chemviron.eu\/es\/wp-json\/wp\/v2\/pages\/14210","targetHints":{"allow":["GET"]}}],"collection":[{"href":"https:\/\/www.chemviron.eu\/es\/wp-json\/wp\/v2\/pages"}],"about":[{"href":"https:\/\/www.chemviron.eu\/es\/wp-json\/wp\/v2\/types\/page"}],"author":[{"embeddable":true,"href":"https:\/\/www.chemviron.eu\/es\/wp-json\/wp\/v2\/users\/1"}],"replies":[{"embeddable":true,"href":"https:\/\/www.chemviron.eu\/es\/wp-json\/wp\/v2\/comments?post=14210"}],"version-history":[{"count":5,"href":"https:\/\/www.chemviron.eu\/es\/wp-json\/wp\/v2\/pages\/14210\/revisions"}],"predecessor-version":[{"id":15317,"href":"https:\/\/www.chemviron.eu\/es\/wp-json\/wp\/v2\/pages\/14210\/revisions\/15317"}],"up":[{"embeddable":true,"href":"https:\/\/www.chemviron.eu\/es\/wp-json\/wp\/v2\/pages\/14044"}],"wp:featuredmedia":[{"embeddable":true,"href":"https:\/\/www.chemviron.eu\/es\/wp-json\/wp\/v2\/media\/14587"}],"wp:attachment":[{"href":"https:\/\/www.chemviron.eu\/es\/wp-json\/wp\/v2\/media?parent=14210"}],"curies":[{"name":"wp","href":"https:\/\/api.w.org\/{rel}","templated":true}]}}