{"id":14186,"date":"2023-12-06T12:34:52","date_gmt":"2023-12-06T12:34:52","guid":{"rendered":"https:\/\/www.chemviron.eu\/aplicaciones\/recuperacion-de-metales\/"},"modified":"2026-03-02T07:27:25","modified_gmt":"2026-03-02T07:27:25","slug":"recuperacion-de-metales","status":"publish","type":"page","link":"https:\/\/www.chemviron.eu\/es\/aplicaciones\/recuperacion-de-metales\/","title":{"rendered":"Recuperaci\u00f3n de Metales"},"content":{"rendered":"\t\t<div data-elementor-type=\"wp-page\" data-elementor-id=\"14186\" class=\"elementor elementor-14186 elementor-641\" data-elementor-post-type=\"page\">\n\t\t\t\t<div class=\"elementor-element elementor-element-23b9c9fc e-flex e-con-boxed e-con e-parent\" data-id=\"23b9c9fc\" data-element_type=\"container\" data-e-type=\"container\">\n\t\t\t\t\t<div class=\"e-con-inner\">\n\t\t<div class=\"elementor-element elementor-element-2d2f98 e-con-full e-flex e-con e-child\" data-id=\"2d2f98\" data-element_type=\"container\" data-e-type=\"container\">\n\t\t\t\t<div class=\"elementor-element elementor-element-7085b2c4 elementor-invisible elementor-widget elementor-widget-heading\" data-id=\"7085b2c4\" data-element_type=\"widget\" data-e-type=\"widget\" data-settings=\"{&quot;_animation&quot;:&quot;fadeIn&quot;}\" data-widget_type=\"heading.default\">\n\t\t\t\t<div class=\"elementor-widget-container\">\n\t\t\t\t\t<h1 class=\"elementor-heading-title elementor-size-default\">Recuperaci\u00f3n de Metales<\/h1>\t\t\t\t<\/div>\n\t\t\t\t<\/div>\n\t\t\t\t<div class=\"elementor-element elementor-element-48c82160 elementor-invisible elementor-widget elementor-widget-heading\" data-id=\"48c82160\" data-element_type=\"widget\" data-e-type=\"widget\" data-settings=\"{&quot;_animation&quot;:&quot;fadeIn&quot;,&quot;_animation_delay&quot;:400}\" data-widget_type=\"heading.default\">\n\t\t\t\t<div class=\"elementor-widget-container\">\n\t\t\t\t\t<h2 class=\"elementor-heading-title elementor-size-default\">Los carbones activados de alta calidad de Chemviron proporcionan una eficiencia \u00f3ptima en las operaciones de recuperaci\u00f3n de oro en instalaciones mineras de toda la regi\u00f3n EMEA. <\/h2>\t\t\t\t<\/div>\n\t\t\t\t<\/div>\n\t\t\t\t<\/div>\n\t\t<div data-dce-background-image-url=\"https:\/\/www.chemviron.eu\/wp-content\/uploads\/2026\/02\/Gold-recovery-1-scaled.jpeg\" class=\"elementor-element elementor-element-36105e31 e-con-full e-flex e-con e-child\" data-id=\"36105e31\" data-element_type=\"container\" data-e-type=\"container\" data-settings=\"{&quot;background_background&quot;:&quot;classic&quot;}\">\n\t\t\t\t<\/div>\n\t\t\t\t\t<\/div>\n\t\t\t\t<\/div>\n\t\t<div data-dce-background-overlay-image-url=\"https:\/\/www.chemviron.eu\/wp-content\/uploads\/2024\/01\/kuraray_circle_grid_landscape_rgb-1.svg\" class=\"elementor-element elementor-element-1e20bf38 e-flex e-con-boxed e-con e-parent\" data-id=\"1e20bf38\" data-element_type=\"container\" data-e-type=\"container\">\n\t\t\t\t\t<div class=\"e-con-inner\">\n\t\t<div class=\"elementor-element elementor-element-7954ad3e e-con-full e-flex e-con e-child\" data-id=\"7954ad3e\" data-element_type=\"container\" data-e-type=\"container\">\n\t\t\t\t<div class=\"elementor-element elementor-element-11c7666e elementor-widget-mobile__width-inherit elementor-widget elementor-widget-text-editor\" data-id=\"11c7666e\" data-element_type=\"widget\" data-e-type=\"widget\" data-widget_type=\"text-editor.default\">\n\t\t\t\t<div class=\"elementor-widget-container\">\n\t\t\t\t\t\t\t\t\t<p>El carb\u00f3n activado es reconocido como una de las mejores tecnolog\u00edas para recuperar ciertos metales, como los metales preciosos, de corrientes de mineral, residuos y recuperaci\u00f3n.<\/p><p>Para la recuperaci\u00f3n de oro, cada onza marca la diferencia y, para los circuitos de recuperaci\u00f3n de oro, el carb\u00f3n activado empleado debe ofrecer un excelente rendimiento del proceso para maximizar la carga de oro, minimizar la p\u00e9rdida por atrici\u00f3n y evitar problemas de mantenimiento. Los carbones activados de Chemviron han sido seleccionados para proporcionar y cumplir estos requisitos. <\/p><p>Durante d\u00e9cadas, la industria minera ha confiado en el carb\u00f3n activado granular (CAG) de Chemviron para recuperar oro y otros metales preciosos. Los CAG de alta calidad de Chemviron han demostrado maximizar la eficiencia de recuperaci\u00f3n al reducir la p\u00e9rdida de oro y minimizar el consumo de carb\u00f3n cuando se utilizan en las t\u00e9cnicas de extracci\u00f3n de oro por Carbono en Lixiviaci\u00f3n (CIL), Carbono en Pulpa (CIP) y Carbono en Columna (CIC). La gama de productos de Chemviron ofrece una selecci\u00f3n de productos para estas diferentes operaciones de recuperaci\u00f3n.   <\/p><p>La experiencia y capacidades t\u00e9cnicas de Chemviron le proporcionar\u00e1n la soluci\u00f3n m\u00e1s econ\u00f3mica y eficiente para su aplicaci\u00f3n de recuperaci\u00f3n de metales preciosos. <\/p><p><a class=\"internal-link\" title=\"Abre un enlace interno en la ventana actual\" href=\"https:\/\/www.chemviron.eu\/es\/contactenos\"><strong>Cont\u00e1ctenos para m\u00e1s informaci\u00f3n.<\/strong><\/a><\/p>\t\t\t\t\t\t\t\t<\/div>\n\t\t\t\t<\/div>\n\t\t\t\t<div class=\"elementor-element elementor-element-7cb80aae elementor-widget elementor-widget-heading\" data-id=\"7cb80aae\" data-element_type=\"widget\" data-e-type=\"widget\" data-widget_type=\"heading.default\">\n\t\t\t\t<div class=\"elementor-widget-container\">\n\t\t\t\t\t<h3 class=\"elementor-heading-title elementor-size-default\">\u00bfPor qu\u00e9 elegir a Chemviron como su proveedor de soluciones?<\/h3>\t\t\t\t<\/div>\n\t\t\t\t<\/div>\n\t\t\t\t<div class=\"elementor-element elementor-element-7fa75d1e elementor-widget-mobile__width-inherit elementor-widget elementor-widget-text-editor\" data-id=\"7fa75d1e\" data-element_type=\"widget\" data-e-type=\"widget\" data-widget_type=\"text-editor.default\">\n\t\t\t\t<div class=\"elementor-widget-container\">\n\t\t\t\t\t\t\t\t\t<div>\n<p>Chemviron ha suministrado carb\u00f3n activado a la industria del oro durante muchos a\u00f1os y, por lo tanto, ha desarrollado una amplia experiencia y conocimientos en operaciones de adsorci\u00f3n de oro.<\/p>\n<\/div>\n<div>\n<p>El servicio de Chemviron incluye:<\/p>\n<\/div>\n<div>\n<ul>\n<li>Soporte t\u00e9cnico para asesorar sobre el carb\u00f3n activado apropiado para su aplicaci\u00f3n \u2013<b> <a class=\"internal-link\" title=\"Abre un enlace interno en la ventana actual\" href=\"\/es\/contactenos\/\" style=\"\">contacte con un representante para obtener m\u00e1s informaci\u00f3n.<\/a><\/b><\/li>\n<\/ul>\n<\/div>\n<div>\n<ul>\n<li>El suministro de carb\u00f3n activado de alta calidad, seleccionado para la aplicaci\u00f3n y probado para su uso en la industria del oro en todo el mundo.<\/li>\n<\/ul>\n<\/div>\t\t\t\t\t\t\t\t<\/div>\n\t\t\t\t<\/div>\n\t\t\t\t<\/div>\n\t\t\t\t\t<\/div>\n\t\t\t\t<\/div>\n\t\t<div class=\"elementor-element elementor-element-5e1dc812 e-flex e-con-boxed elementor-invisible e-con e-parent\" data-id=\"5e1dc812\" data-element_type=\"container\" data-e-type=\"container\" data-settings=\"{&quot;animation&quot;:&quot;fadeInUp&quot;}\">\n\t\t\t\t\t<div class=\"e-con-inner\">\n\t\t<div data-dce-background-color=\"#FFF4DA\" class=\"elementor-element elementor-element-17bd5e1 e-con-full e-flex e-con e-child\" data-id=\"17bd5e1\" data-element_type=\"container\" data-e-type=\"container\" data-settings=\"{&quot;background_background&quot;:&quot;classic&quot;}\">\n\t\t\t\t<div class=\"elementor-element elementor-element-57548cbd dce_masking-none elementor-widget elementor-widget-image\" data-id=\"57548cbd\" data-element_type=\"widget\" data-e-type=\"widget\" data-widget_type=\"image.default\">\n\t\t\t\t<div class=\"elementor-widget-container\">\n\t\t\t\t\t\t\t\t\t\t\t\t\t\t\t<img decoding=\"async\" width=\"136\" height=\"136\" src=\"https:\/\/www.chemviron.eu\/wp-content\/uploads\/2024\/01\/kuraray_pictogram_user-negative-1-1.png\" class=\"attachment-large size-large wp-image-2610\" alt=\"\" \/>\t\t\t\t\t\t\t\t\t\t\t\t\t\t\t<\/div>\n\t\t\t\t<\/div>\n\t\t\t\t<\/div>\n\t\t<div data-dce-background-color=\"#FFF4DA\" class=\"elementor-element elementor-element-1e20c205 e-con-full e-flex e-con e-child\" data-id=\"1e20c205\" data-element_type=\"container\" data-e-type=\"container\" data-settings=\"{&quot;background_background&quot;:&quot;classic&quot;}\">\n\t\t\t\t<div class=\"elementor-element elementor-element-11027a8a elementor-widget elementor-widget-heading\" data-id=\"11027a8a\" data-element_type=\"widget\" data-e-type=\"widget\" data-widget_type=\"heading.default\">\n\t\t\t\t<div class=\"elementor-widget-container\">\n\t\t\t\t\t<h4 class=\"elementor-heading-title elementor-size-default\">Contacte con nuestro equipo t\u00e9cnico especializado para m\u00e1s informaci\u00f3n.<\/h4>\t\t\t\t<\/div>\n\t\t\t\t<\/div>\n\t\t\t\t<div class=\"elementor-element elementor-element-425cab4b elementor-widget elementor-widget-button\" data-id=\"425cab4b\" data-element_type=\"widget\" data-e-type=\"widget\" data-widget_type=\"button.default\">\n\t\t\t\t<div class=\"elementor-widget-container\">\n\t\t\t\t\t\t\t\t\t<div class=\"elementor-button-wrapper\">\n\t\t\t\t\t<a class=\"elementor-button elementor-button-link elementor-size-sm\" href=\"\/es\/contactenos\/\">\n\t\t\t\t\t\t<span class=\"elementor-button-content-wrapper\">\n\t\t\t\t\t\t\t\t\t<span class=\"elementor-button-text\">Contactar<\/span>\n\t\t\t\t\t<\/span>\n\t\t\t\t\t<\/a>\n\t\t\t\t<\/div>\n\t\t\t\t\t\t\t\t<\/div>\n\t\t\t\t<\/div>\n\t\t\t\t<\/div>\n\t\t\t\t\t<\/div>\n\t\t\t\t<\/div>\n\t\t\t\t<\/div>\n\t\t","protected":false},"excerpt":{"rendered":"<p>Recuperaci\u00f3n de Metales Los carbones activados de alta calidad de Chemviron proporcionan una eficiencia \u00f3ptima en las operaciones de recuperaci\u00f3n de oro en instalaciones mineras de toda la regi\u00f3n EMEA. El carb\u00f3n activado es reconocido como una de las mejores tecnolog\u00edas para recuperar ciertos metales, como los metales preciosos, de corrientes de mineral, residuos y [&hellip;]<\/p>\n","protected":false},"author":1,"featured_media":13762,"parent":14044,"menu_order":0,"comment_status":"closed","ping_status":"closed","template":"elementor_header_footer","meta":{"_acf_changed":false,"inline_featured_image":false,"footnotes":""},"class_list":["post-14186","page","type-page","status-publish","has-post-thumbnail","hentry"],"acf":[],"yoast_head":"<!-- This site is optimized with the Yoast SEO plugin v27.3 - https:\/\/yoast.com\/product\/yoast-seo-wordpress\/ -->\n<title>Recuperaci\u00f3n de Metales Soluciones para corrientes de recuperaci\u00f3n de mineral y residuos<\/title>\n<meta name=\"description\" content=\"Soluciones para minimizar la p\u00e9rdida por atrici\u00f3n y evitar problemas de mantenimiento en la recuperaci\u00f3n de metales preciosos de corrientes de mineral y residuos.\" \/>\n<meta name=\"robots\" content=\"index, follow, max-snippet:-1, max-image-preview:large, max-video-preview:-1\" \/>\n<link rel=\"canonical\" href=\"https:\/\/www.chemviron.eu\/es\/aplicaciones\/recuperacion-de-metales\/\" \/>\n<meta property=\"og:locale\" content=\"es_ES\" \/>\n<meta property=\"og:type\" content=\"article\" \/>\n<meta property=\"og:title\" content=\"Recuperaci\u00f3n de Metales Soluciones para corrientes de recuperaci\u00f3n de mineral y residuos\" \/>\n<meta property=\"og:description\" content=\"Soluciones para minimizar la p\u00e9rdida por atrici\u00f3n y evitar problemas de mantenimiento en la recuperaci\u00f3n de metales preciosos de corrientes de mineral y residuos.\" \/>\n<meta property=\"og:url\" content=\"https:\/\/www.chemviron.eu\/es\/aplicaciones\/recuperacion-de-metales\/\" \/>\n<meta property=\"og:site_name\" content=\"Chemviron\" \/>\n<meta property=\"article:modified_time\" content=\"2026-03-02T07:27:25+00:00\" \/>\n<meta property=\"og:image\" content=\"https:\/\/www.chemviron.eu\/wp-content\/uploads\/2026\/02\/Gold-recovery-scaled.jpeg\" \/>\n\t<meta property=\"og:image:width\" content=\"2560\" \/>\n\t<meta property=\"og:image:height\" content=\"1435\" \/>\n\t<meta property=\"og:image:type\" content=\"image\/jpeg\" \/>\n<meta name=\"twitter:card\" content=\"summary_large_image\" \/>\n<meta name=\"twitter:label1\" content=\"Tiempo de lectura\" \/>\n\t<meta name=\"twitter:data1\" content=\"2 minutos\" \/>\n<script type=\"application\/ld+json\" class=\"yoast-schema-graph\">{\"@context\":\"https:\\\/\\\/schema.org\",\"@graph\":[{\"@type\":\"WebPage\",\"@id\":\"https:\\\/\\\/www.chemviron.eu\\\/es\\\/aplicaciones\\\/recuperacion-de-metales\\\/\",\"url\":\"https:\\\/\\\/www.chemviron.eu\\\/es\\\/aplicaciones\\\/recuperacion-de-metales\\\/\",\"name\":\"Recuperaci\u00f3n de Metales Soluciones para corrientes de recuperaci\u00f3n de mineral y residuos\",\"isPartOf\":{\"@id\":\"https:\\\/\\\/www.chemviron.eu\\\/es\\\/#website\"},\"primaryImageOfPage\":{\"@id\":\"https:\\\/\\\/www.chemviron.eu\\\/es\\\/aplicaciones\\\/recuperacion-de-metales\\\/#primaryimage\"},\"image\":{\"@id\":\"https:\\\/\\\/www.chemviron.eu\\\/es\\\/aplicaciones\\\/recuperacion-de-metales\\\/#primaryimage\"},\"thumbnailUrl\":\"https:\\\/\\\/www.chemviron.eu\\\/wp-content\\\/uploads\\\/2026\\\/02\\\/Gold-recovery-scaled.jpeg\",\"datePublished\":\"2023-12-06T12:34:52+00:00\",\"dateModified\":\"2026-03-02T07:27:25+00:00\",\"description\":\"Soluciones para minimizar la p\u00e9rdida por atrici\u00f3n y evitar problemas de mantenimiento en la recuperaci\u00f3n de metales preciosos de corrientes de mineral y residuos.\",\"breadcrumb\":{\"@id\":\"https:\\\/\\\/www.chemviron.eu\\\/es\\\/aplicaciones\\\/recuperacion-de-metales\\\/#breadcrumb\"},\"inLanguage\":\"es\",\"potentialAction\":[{\"@type\":\"ReadAction\",\"target\":[\"https:\\\/\\\/www.chemviron.eu\\\/es\\\/aplicaciones\\\/recuperacion-de-metales\\\/\"]}]},{\"@type\":\"ImageObject\",\"inLanguage\":\"es\",\"@id\":\"https:\\\/\\\/www.chemviron.eu\\\/es\\\/aplicaciones\\\/recuperacion-de-metales\\\/#primaryimage\",\"url\":\"https:\\\/\\\/www.chemviron.eu\\\/wp-content\\\/uploads\\\/2026\\\/02\\\/Gold-recovery-scaled.jpeg\",\"contentUrl\":\"https:\\\/\\\/www.chemviron.eu\\\/wp-content\\\/uploads\\\/2026\\\/02\\\/Gold-recovery-scaled.jpeg\",\"width\":2560,\"height\":1435,\"caption\":\"metals-recovery-with-activated-carbon\"},{\"@type\":\"BreadcrumbList\",\"@id\":\"https:\\\/\\\/www.chemviron.eu\\\/es\\\/aplicaciones\\\/recuperacion-de-metales\\\/#breadcrumb\",\"itemListElement\":[{\"@type\":\"ListItem\",\"position\":1,\"name\":\"Home\",\"item\":\"https:\\\/\\\/www.chemviron.eu\\\/es\\\/\"},{\"@type\":\"ListItem\",\"position\":2,\"name\":\"Aplicaciones\",\"item\":\"https:\\\/\\\/www.chemviron.eu\\\/es\\\/?page_id=14044\"},{\"@type\":\"ListItem\",\"position\":3,\"name\":\"Recuperaci\u00f3n de Metales\"}]},{\"@type\":\"WebSite\",\"@id\":\"https:\\\/\\\/www.chemviron.eu\\\/es\\\/#website\",\"url\":\"https:\\\/\\\/www.chemviron.eu\\\/es\\\/\",\"name\":\"Chemviron\",\"description\":\"The Purification Solutions Provider\",\"publisher\":{\"@id\":\"https:\\\/\\\/www.chemviron.eu\\\/es\\\/#organization\"},\"potentialAction\":[{\"@type\":\"SearchAction\",\"target\":{\"@type\":\"EntryPoint\",\"urlTemplate\":\"https:\\\/\\\/www.chemviron.eu\\\/es\\\/?s={search_term_string}\"},\"query-input\":{\"@type\":\"PropertyValueSpecification\",\"valueRequired\":true,\"valueName\":\"search_term_string\"}}],\"inLanguage\":\"es\"},{\"@type\":\"Organization\",\"@id\":\"https:\\\/\\\/www.chemviron.eu\\\/es\\\/#organization\",\"name\":\"Chemviron\",\"url\":\"https:\\\/\\\/www.chemviron.eu\\\/es\\\/\",\"logo\":{\"@type\":\"ImageObject\",\"inLanguage\":\"es\",\"@id\":\"https:\\\/\\\/www.chemviron.eu\\\/es\\\/#\\\/schema\\\/logo\\\/image\\\/\",\"url\":\"https:\\\/\\\/www.chemviron.eu\\\/wp-content\\\/uploads\\\/2023\\\/12\\\/Chemviron-logo.jpg\",\"contentUrl\":\"https:\\\/\\\/www.chemviron.eu\\\/wp-content\\\/uploads\\\/2023\\\/12\\\/Chemviron-logo.jpg\",\"width\":1667,\"height\":833,\"caption\":\"Chemviron\"},\"image\":{\"@id\":\"https:\\\/\\\/www.chemviron.eu\\\/es\\\/#\\\/schema\\\/logo\\\/image\\\/\"},\"sameAs\":[\"https:\\\/\\\/www.linkedin.com\\\/company\\\/chemviron\\\/\"]}]}<\/script>\n<!-- \/ Yoast SEO plugin. -->","yoast_head_json":{"title":"Recuperaci\u00f3n de Metales Soluciones para corrientes de recuperaci\u00f3n de mineral y residuos","description":"Soluciones para minimizar la p\u00e9rdida por atrici\u00f3n y evitar problemas de mantenimiento en la recuperaci\u00f3n de metales preciosos de corrientes de mineral y residuos.","robots":{"index":"index","follow":"follow","max-snippet":"max-snippet:-1","max-image-preview":"max-image-preview:large","max-video-preview":"max-video-preview:-1"},"canonical":"https:\/\/www.chemviron.eu\/es\/aplicaciones\/recuperacion-de-metales\/","og_locale":"es_ES","og_type":"article","og_title":"Recuperaci\u00f3n de Metales Soluciones para corrientes de recuperaci\u00f3n de mineral y residuos","og_description":"Soluciones para minimizar la p\u00e9rdida por atrici\u00f3n y evitar problemas de mantenimiento en la recuperaci\u00f3n de metales preciosos de corrientes de mineral y residuos.","og_url":"https:\/\/www.chemviron.eu\/es\/aplicaciones\/recuperacion-de-metales\/","og_site_name":"Chemviron","article_modified_time":"2026-03-02T07:27:25+00:00","og_image":[{"width":2560,"height":1435,"url":"https:\/\/www.chemviron.eu\/wp-content\/uploads\/2026\/02\/Gold-recovery-scaled.jpeg","type":"image\/jpeg"}],"twitter_card":"summary_large_image","twitter_misc":{"Tiempo de lectura":"2 minutos"},"schema":{"@context":"https:\/\/schema.org","@graph":[{"@type":"WebPage","@id":"https:\/\/www.chemviron.eu\/es\/aplicaciones\/recuperacion-de-metales\/","url":"https:\/\/www.chemviron.eu\/es\/aplicaciones\/recuperacion-de-metales\/","name":"Recuperaci\u00f3n de Metales Soluciones para corrientes de recuperaci\u00f3n de mineral y residuos","isPartOf":{"@id":"https:\/\/www.chemviron.eu\/es\/#website"},"primaryImageOfPage":{"@id":"https:\/\/www.chemviron.eu\/es\/aplicaciones\/recuperacion-de-metales\/#primaryimage"},"image":{"@id":"https:\/\/www.chemviron.eu\/es\/aplicaciones\/recuperacion-de-metales\/#primaryimage"},"thumbnailUrl":"https:\/\/www.chemviron.eu\/wp-content\/uploads\/2026\/02\/Gold-recovery-scaled.jpeg","datePublished":"2023-12-06T12:34:52+00:00","dateModified":"2026-03-02T07:27:25+00:00","description":"Soluciones para minimizar la p\u00e9rdida por atrici\u00f3n y evitar problemas de mantenimiento en la recuperaci\u00f3n de metales preciosos de corrientes de mineral y residuos.","breadcrumb":{"@id":"https:\/\/www.chemviron.eu\/es\/aplicaciones\/recuperacion-de-metales\/#breadcrumb"},"inLanguage":"es","potentialAction":[{"@type":"ReadAction","target":["https:\/\/www.chemviron.eu\/es\/aplicaciones\/recuperacion-de-metales\/"]}]},{"@type":"ImageObject","inLanguage":"es","@id":"https:\/\/www.chemviron.eu\/es\/aplicaciones\/recuperacion-de-metales\/#primaryimage","url":"https:\/\/www.chemviron.eu\/wp-content\/uploads\/2026\/02\/Gold-recovery-scaled.jpeg","contentUrl":"https:\/\/www.chemviron.eu\/wp-content\/uploads\/2026\/02\/Gold-recovery-scaled.jpeg","width":2560,"height":1435,"caption":"metals-recovery-with-activated-carbon"},{"@type":"BreadcrumbList","@id":"https:\/\/www.chemviron.eu\/es\/aplicaciones\/recuperacion-de-metales\/#breadcrumb","itemListElement":[{"@type":"ListItem","position":1,"name":"Home","item":"https:\/\/www.chemviron.eu\/es\/"},{"@type":"ListItem","position":2,"name":"Aplicaciones","item":"https:\/\/www.chemviron.eu\/es\/?page_id=14044"},{"@type":"ListItem","position":3,"name":"Recuperaci\u00f3n de Metales"}]},{"@type":"WebSite","@id":"https:\/\/www.chemviron.eu\/es\/#website","url":"https:\/\/www.chemviron.eu\/es\/","name":"Chemviron","description":"The Purification Solutions Provider","publisher":{"@id":"https:\/\/www.chemviron.eu\/es\/#organization"},"potentialAction":[{"@type":"SearchAction","target":{"@type":"EntryPoint","urlTemplate":"https:\/\/www.chemviron.eu\/es\/?s={search_term_string}"},"query-input":{"@type":"PropertyValueSpecification","valueRequired":true,"valueName":"search_term_string"}}],"inLanguage":"es"},{"@type":"Organization","@id":"https:\/\/www.chemviron.eu\/es\/#organization","name":"Chemviron","url":"https:\/\/www.chemviron.eu\/es\/","logo":{"@type":"ImageObject","inLanguage":"es","@id":"https:\/\/www.chemviron.eu\/es\/#\/schema\/logo\/image\/","url":"https:\/\/www.chemviron.eu\/wp-content\/uploads\/2023\/12\/Chemviron-logo.jpg","contentUrl":"https:\/\/www.chemviron.eu\/wp-content\/uploads\/2023\/12\/Chemviron-logo.jpg","width":1667,"height":833,"caption":"Chemviron"},"image":{"@id":"https:\/\/www.chemviron.eu\/es\/#\/schema\/logo\/image\/"},"sameAs":["https:\/\/www.linkedin.com\/company\/chemviron\/"]}]}},"_links":{"self":[{"href":"https:\/\/www.chemviron.eu\/es\/wp-json\/wp\/v2\/pages\/14186","targetHints":{"allow":["GET"]}}],"collection":[{"href":"https:\/\/www.chemviron.eu\/es\/wp-json\/wp\/v2\/pages"}],"about":[{"href":"https:\/\/www.chemviron.eu\/es\/wp-json\/wp\/v2\/types\/page"}],"author":[{"embeddable":true,"href":"https:\/\/www.chemviron.eu\/es\/wp-json\/wp\/v2\/users\/1"}],"replies":[{"embeddable":true,"href":"https:\/\/www.chemviron.eu\/es\/wp-json\/wp\/v2\/comments?post=14186"}],"version-history":[{"count":3,"href":"https:\/\/www.chemviron.eu\/es\/wp-json\/wp\/v2\/pages\/14186\/revisions"}],"predecessor-version":[{"id":14314,"href":"https:\/\/www.chemviron.eu\/es\/wp-json\/wp\/v2\/pages\/14186\/revisions\/14314"}],"up":[{"embeddable":true,"href":"https:\/\/www.chemviron.eu\/es\/wp-json\/wp\/v2\/pages\/14044"}],"wp:featuredmedia":[{"embeddable":true,"href":"https:\/\/www.chemviron.eu\/es\/wp-json\/wp\/v2\/media\/13762"}],"wp:attachment":[{"href":"https:\/\/www.chemviron.eu\/es\/wp-json\/wp\/v2\/media?parent=14186"}],"curies":[{"name":"wp","href":"https:\/\/api.w.org\/{rel}","templated":true}]}}