{"id":14174,"date":"2023-12-06T12:42:12","date_gmt":"2023-12-06T12:42:12","guid":{"rendered":"https:\/\/www.chemviron.eu\/soluciones\/reactivacion\/"},"modified":"2026-03-02T07:27:27","modified_gmt":"2026-03-02T07:27:27","slug":"reactivacion","status":"publish","type":"page","link":"https:\/\/www.chemviron.eu\/es\/soluciones\/reactivacion\/","title":{"rendered":"Reactivaci\u00f3n"},"content":{"rendered":"\t\t<div data-elementor-type=\"wp-page\" data-elementor-id=\"14174\" class=\"elementor elementor-14174 elementor-655\" data-elementor-post-type=\"page\">\n\t\t\t\t<div class=\"elementor-element elementor-element-76d7d700 e-flex e-con-boxed e-con e-parent\" data-id=\"76d7d700\" data-element_type=\"container\" data-e-type=\"container\">\n\t\t\t\t\t<div class=\"e-con-inner\">\n\t\t<div class=\"elementor-element elementor-element-36d9bf71 e-con-full e-flex e-con e-child\" data-id=\"36d9bf71\" data-element_type=\"container\" data-e-type=\"container\">\n\t\t\t\t<div class=\"elementor-element elementor-element-5c4d87aa elementor-invisible elementor-widget elementor-widget-heading\" data-id=\"5c4d87aa\" data-element_type=\"widget\" data-e-type=\"widget\" data-settings=\"{&quot;_animation&quot;:&quot;fadeIn&quot;}\" data-widget_type=\"heading.default\">\n\t\t\t\t<div class=\"elementor-widget-container\">\n\t\t\t\t\t<h1 class=\"elementor-heading-title elementor-size-default\">Reactivaci\u00f3n<\/h1>\t\t\t\t<\/div>\n\t\t\t\t<\/div>\n\t\t\t\t<div class=\"elementor-element elementor-element-6c4fffda elementor-invisible elementor-widget elementor-widget-heading\" data-id=\"6c4fffda\" data-element_type=\"widget\" data-e-type=\"widget\" data-settings=\"{&quot;_animation&quot;:&quot;fadeIn&quot;,&quot;_animation_delay&quot;:400}\" data-widget_type=\"heading.default\">\n\t\t\t\t<div class=\"elementor-widget-container\">\n\t\t\t\t\t<h2 class=\"elementor-heading-title elementor-size-default\">Chemviron es el mayor reciclador (o reactivador) de carbones activados del mundo para aplicaciones de tratamiento de aire y agua, con instalaciones de reactivaci\u00f3n estrat\u00e9gicamente ubicadas en toda Europa.<\/h2>\t\t\t\t<\/div>\n\t\t\t\t<\/div>\n\t\t\t\t<\/div>\n\t\t<div data-dce-background-image-url=\"https:\/\/www.chemviron.eu\/wp-content\/uploads\/2024\/01\/Solutions_Reactivation-1-e1711541221316.jpg\" class=\"elementor-element elementor-element-670f6fd3 e-con-full e-flex e-con e-child\" data-id=\"670f6fd3\" data-element_type=\"container\" data-e-type=\"container\" data-settings=\"{&quot;background_background&quot;:&quot;classic&quot;}\">\n\t\t\t\t<\/div>\n\t\t\t\t\t<\/div>\n\t\t\t\t<\/div>\n\t\t<div data-dce-background-overlay-image-url=\"https:\/\/www.chemviron.eu\/wp-content\/uploads\/2023\/12\/kuraray_circle_arrangement_2_rgb_cyan_50pct.svg\" class=\"elementor-element elementor-element-07f5d8b e-flex e-con-boxed e-con e-parent\" data-id=\"07f5d8b\" data-element_type=\"container\" data-e-type=\"container\">\n\t\t\t\t\t<div class=\"e-con-inner\">\n\t\t\t\t<div class=\"elementor-element elementor-element-54c0915 elementor-widget elementor-widget-text-editor\" data-id=\"54c0915\" data-element_type=\"widget\" data-e-type=\"widget\" data-widget_type=\"text-editor.default\">\n\t\t\t\t<div class=\"elementor-widget-container\">\n\t\t\t\t\t\t\t\t\t<p>Una vez que los carbones activados granulares o en pellets se han utilizado para aplicaciones de purificaci\u00f3n o decoloraci\u00f3n, normalmente pueden reciclarse mediante reactivaci\u00f3n t\u00e9rmica, lo que permite devolver el carb\u00f3n activado a los clientes para su reutilizaci\u00f3n. La reactivaci\u00f3n es un proceso altamente especializado que consiste en tratar el carb\u00f3n usado en un horno de reactivaci\u00f3n a alta temperatura, durante el cual los contaminantes que han sido adsorbidos en el carb\u00f3n durante su operaci\u00f3n en planta se destruyen t\u00e9rmicamente.   <\/p><p>La reactivaci\u00f3n es un modelo sostenible de econom\u00eda circular que permite reutilizar repetidamente el carb\u00f3n activado en la misma aplicaci\u00f3n o en otra adecuada. Combinar la reactivaci\u00f3n con los carbones activados de alta calidad de Chemviron permite a nuestros clientes beneficiarse de una soluci\u00f3n de purificaci\u00f3n rentable y sostenible. <\/p><p>En B\u00e9lgica, Chemviron opera la mayor instalaci\u00f3n de reactivaci\u00f3n de carb\u00f3n activado del mundo, reciclando a diario grandes cantidades de carb\u00f3n usado para una amplia variedad de clientes. Con centros de reactivaci\u00f3n adicionales en el Reino Unido e Italia, Chemviron ofrece un servicio completo a nuestros clientes en toda Europa.   <\/p><p>Las instalaciones de reactivaci\u00f3n de Chemviron prestan un servicio de reciclaje para carbones usados de agua limpia (potable) y de grado alimentario, carbones usados de tratamiento de productos qu\u00edmicos industriales, aguas residuales y remediaci\u00f3n, as\u00ed como carbones granulares y en pellets usados en el tratamiento de aire industrial.  <\/p><p>Chemviron ofrece altos niveles de garant\u00eda de seguridad para la industria del agua limpia y la alimentaria, ya que nuestro centro de Feluy (B\u00e9lgica) cuenta con la acreditaci\u00f3n ISO 22000 de Gesti\u00f3n de la Seguridad Alimentaria. Todos nuestros centros de reactivaci\u00f3n est\u00e1n dise\u00f1ados para cumplir normativas estrictas de calidad del aire, lo que convierte el uso de la tecnolog\u00eda de carb\u00f3n activado en una soluci\u00f3n respetuosa con el medio ambiente. El reciclaje del carb\u00f3n activado mediante reactivaci\u00f3n t\u00e9rmica responde a la necesidad medioambiental de minimizar los residuos, reducir las emisiones de CO<sub>2<\/sub> y limitar el uso de los recursos del planeta.  <\/p>\t\t\t\t\t\t\t\t<\/div>\n\t\t\t\t<\/div>\n\t\t\t\t<div class=\"elementor-element elementor-element-96c6718 elementor-widget elementor-widget-heading\" data-id=\"96c6718\" data-element_type=\"widget\" data-e-type=\"widget\" data-widget_type=\"heading.default\">\n\t\t\t\t<div class=\"elementor-widget-container\">\n\t\t\t\t\t<h3 class=\"elementor-heading-title elementor-size-default\">\u00bfPor qu\u00e9 elegir Chemviron como su proveedor de servicios de reactivaci\u00f3n de carb\u00f3n?<\/h3>\t\t\t\t<\/div>\n\t\t\t\t<\/div>\n\t\t\t\t<div class=\"elementor-element elementor-element-7993957 elementor-widget elementor-widget-text-editor\" data-id=\"7993957\" data-element_type=\"widget\" data-e-type=\"widget\" data-widget_type=\"text-editor.default\">\n\t\t\t\t<div class=\"elementor-widget-container\">\n\t\t\t\t\t\t\t\t\t<div><p>La filosof\u00eda y prioridad de Chemviron es reciclar el carb\u00f3n usado hasta alcanzar una calidad reutilizable, en lugar de sustituirlo por carb\u00f3n nuevo, maximizando la sostenibilidad de nuestra tecnolog\u00eda en beneficio de nuestros clientes. Al proporcionar carbones activados de alto rendimiento, combinados con nuestros filtros de carb\u00f3n m\u00f3viles y un servicio de reactivaci\u00f3n eficiente, los carbones activados de Chemviron pueden reciclarse y reutilizarse repetidamente. <\/p><p>Bas\u00e1ndose en su amplia experiencia en reactivaci\u00f3n, Chemviron ha desarrollado una considerable experiencia interna en el dise\u00f1o de reactivaci\u00f3n requerido y en las condiciones de operaci\u00f3n necesarias para reactivar de forma eficiente algunos de los carbones activados usados m\u00e1s exigentes que vemos hoy en d\u00eda. Chemviron es propietaria y opera todos sus hornos de reactivaci\u00f3n de carb\u00f3n dise\u00f1ados a medida, y lleva reactivando carbones activados granulares y en pellets en Europa desde la d\u00e9cada de 1970. Esto tambi\u00e9n nos ha permitido introducir continuamente cambios en el proceso para mejorar nuestra sostenibilidad en relaci\u00f3n con el consumo de energ\u00eda y agua, y aumentar la calidad y la eficacia de nuestro servicio de reactivaci\u00f3n<span style=\"font-size: 1rem;\">.<\/span>  <\/p><\/div><div><p>Chemviron est\u00e1 comprometida con la prestaci\u00f3n de un servicio sostenible de carb\u00f3n activado, ayudando a reducir la huella de CO<sub>2<\/sub> de nuestros clientes, as\u00ed como la nuestra propia, en el proceso.  <\/p><\/div>\t\t\t\t\t\t\t\t<\/div>\n\t\t\t\t<\/div>\n\t\t\t\t\t<\/div>\n\t\t\t\t<\/div>\n\t\t<div class=\"elementor-element elementor-element-43c96816 e-flex e-con-boxed elementor-invisible e-con e-parent\" data-id=\"43c96816\" data-element_type=\"container\" data-e-type=\"container\" data-settings=\"{&quot;animation&quot;:&quot;fadeInUp&quot;}\">\n\t\t\t\t\t<div class=\"e-con-inner\">\n\t\t<div data-dce-background-color=\"#FFF4DA\" class=\"elementor-element elementor-element-bacc483 e-con-full e-flex e-con e-child\" data-id=\"bacc483\" data-element_type=\"container\" data-e-type=\"container\" data-settings=\"{&quot;background_background&quot;:&quot;classic&quot;}\">\n\t\t\t\t<div class=\"elementor-element elementor-element-2c36ad76 dce_masking-none elementor-widget elementor-widget-image\" data-id=\"2c36ad76\" data-element_type=\"widget\" data-e-type=\"widget\" data-widget_type=\"image.default\">\n\t\t\t\t<div class=\"elementor-widget-container\">\n\t\t\t\t\t\t\t\t\t\t\t\t\t\t\t<img decoding=\"async\" width=\"136\" height=\"136\" src=\"https:\/\/www.chemviron.eu\/wp-content\/uploads\/2024\/01\/kuraray_pictogram_user-negative-1.png\" class=\"attachment-large size-large wp-image-1989\" alt=\"\" \/>\t\t\t\t\t\t\t\t\t\t\t\t\t\t\t<\/div>\n\t\t\t\t<\/div>\n\t\t\t\t<\/div>\n\t\t<div data-dce-background-color=\"#FFF4DA\" class=\"elementor-element elementor-element-5323d4f8 e-con-full e-flex e-con e-child\" data-id=\"5323d4f8\" data-element_type=\"container\" data-e-type=\"container\" data-settings=\"{&quot;background_background&quot;:&quot;classic&quot;}\">\n\t\t\t\t<div class=\"elementor-element elementor-element-41612a07 elementor-widget elementor-widget-heading\" data-id=\"41612a07\" data-element_type=\"widget\" data-e-type=\"widget\" data-widget_type=\"heading.default\">\n\t\t\t\t<div class=\"elementor-widget-container\">\n\t\t\t\t\t<h4 class=\"elementor-heading-title elementor-size-default\">P\u00f3ngase en contacto con nuestro equipo t\u00e9cnico especializado para obtener m\u00e1s informaci\u00f3n.<\/h4>\t\t\t\t<\/div>\n\t\t\t\t<\/div>\n\t\t\t\t<div class=\"elementor-element elementor-element-6e04788a elementor-widget elementor-widget-button\" data-id=\"6e04788a\" data-element_type=\"widget\" data-e-type=\"widget\" data-widget_type=\"button.default\">\n\t\t\t\t<div class=\"elementor-widget-container\">\n\t\t\t\t\t\t\t\t\t<div class=\"elementor-button-wrapper\">\n\t\t\t\t\t<a class=\"elementor-button elementor-button-link elementor-size-sm\" href=\"https:\/\/www.chemviron.eu\/es\/contactenos\/\">\n\t\t\t\t\t\t<span class=\"elementor-button-content-wrapper\">\n\t\t\t\t\t\t\t\t\t<span class=\"elementor-button-text\">Contacte con nosotros<\/span>\n\t\t\t\t\t<\/span>\n\t\t\t\t\t<\/a>\n\t\t\t\t<\/div>\n\t\t\t\t\t\t\t\t<\/div>\n\t\t\t\t<\/div>\n\t\t\t\t<\/div>\n\t\t\t\t\t<\/div>\n\t\t\t\t<\/div>\n\t\t\t\t<\/div>\n\t\t","protected":false},"excerpt":{"rendered":"<p>Reactivaci\u00f3n Chemviron es el mayor reciclador (o reactivador) de carbones activados del mundo para aplicaciones de tratamiento de aire y agua, con instalaciones de reactivaci\u00f3n estrat\u00e9gicamente ubicadas en toda Europa. Una vez que los carbones activados granulares o en pellets se han utilizado para aplicaciones de purificaci\u00f3n o decoloraci\u00f3n, normalmente pueden reciclarse mediante reactivaci\u00f3n t\u00e9rmica, [&hellip;]<\/p>\n","protected":false},"author":1,"featured_media":10367,"parent":13993,"menu_order":0,"comment_status":"closed","ping_status":"closed","template":"elementor_header_footer","meta":{"_acf_changed":false,"inline_featured_image":false,"footnotes":""},"class_list":["post-14174","page","type-page","status-publish","has-post-thumbnail","hentry"],"acf":[],"yoast_head":"<!-- This site is optimized with the Yoast SEO plugin v27.3 - https:\/\/yoast.com\/product\/yoast-seo-wordpress\/ -->\n<title>Reactivaci\u00f3n de carb\u00f3n activado<\/title>\n<meta name=\"description\" content=\"Descubra c\u00f3mo Chemviron puede ayudar a su industria a impulsar un modelo m\u00e1s sostenible mediante la reactivaci\u00f3n t\u00e9rmica del carb\u00f3n activado.\" \/>\n<meta name=\"robots\" content=\"index, follow, max-snippet:-1, max-image-preview:large, max-video-preview:-1\" \/>\n<link rel=\"canonical\" href=\"https:\/\/www.chemviron.eu\/es\/soluciones\/reactivacion\/\" \/>\n<meta property=\"og:locale\" content=\"es_ES\" \/>\n<meta property=\"og:type\" content=\"article\" \/>\n<meta property=\"og:title\" content=\"Reactivaci\u00f3n de carb\u00f3n activado\" \/>\n<meta property=\"og:description\" content=\"Descubra c\u00f3mo Chemviron puede ayudar a su industria a impulsar un modelo m\u00e1s sostenible mediante la reactivaci\u00f3n t\u00e9rmica del carb\u00f3n activado.\" \/>\n<meta property=\"og:url\" content=\"https:\/\/www.chemviron.eu\/es\/soluciones\/reactivacion\/\" \/>\n<meta property=\"og:site_name\" content=\"Chemviron\" \/>\n<meta property=\"article:modified_time\" content=\"2026-03-02T07:27:27+00:00\" \/>\n<meta property=\"og:image\" content=\"https:\/\/www.chemviron.eu\/wp-content\/uploads\/2025\/02\/Solutions_Reactivation-2-1024x723.png\" \/>\n\t<meta property=\"og:image:width\" content=\"1024\" \/>\n\t<meta property=\"og:image:height\" content=\"723\" \/>\n\t<meta property=\"og:image:type\" content=\"image\/png\" \/>\n<meta name=\"twitter:card\" content=\"summary_large_image\" \/>\n<meta name=\"twitter:label1\" content=\"Tiempo de lectura\" \/>\n\t<meta name=\"twitter:data1\" content=\"3 minutos\" \/>\n<script type=\"application\/ld+json\" class=\"yoast-schema-graph\">{\"@context\":\"https:\\\/\\\/schema.org\",\"@graph\":[{\"@type\":\"WebPage\",\"@id\":\"https:\\\/\\\/www.chemviron.eu\\\/es\\\/soluciones\\\/reactivacion\\\/\",\"url\":\"https:\\\/\\\/www.chemviron.eu\\\/es\\\/soluciones\\\/reactivacion\\\/\",\"name\":\"Reactivaci\u00f3n de carb\u00f3n activado\",\"isPartOf\":{\"@id\":\"https:\\\/\\\/www.chemviron.eu\\\/es\\\/#website\"},\"primaryImageOfPage\":{\"@id\":\"https:\\\/\\\/www.chemviron.eu\\\/es\\\/soluciones\\\/reactivacion\\\/#primaryimage\"},\"image\":{\"@id\":\"https:\\\/\\\/www.chemviron.eu\\\/es\\\/soluciones\\\/reactivacion\\\/#primaryimage\"},\"thumbnailUrl\":\"https:\\\/\\\/www.chemviron.eu\\\/wp-content\\\/uploads\\\/2025\\\/02\\\/Solutions_Reactivation-2.png\",\"datePublished\":\"2023-12-06T12:42:12+00:00\",\"dateModified\":\"2026-03-02T07:27:27+00:00\",\"description\":\"Descubra c\u00f3mo Chemviron puede ayudar a su industria a impulsar un modelo m\u00e1s sostenible mediante la reactivaci\u00f3n t\u00e9rmica del carb\u00f3n activado.\",\"breadcrumb\":{\"@id\":\"https:\\\/\\\/www.chemviron.eu\\\/es\\\/soluciones\\\/reactivacion\\\/#breadcrumb\"},\"inLanguage\":\"es\",\"potentialAction\":[{\"@type\":\"ReadAction\",\"target\":[\"https:\\\/\\\/www.chemviron.eu\\\/es\\\/soluciones\\\/reactivacion\\\/\"]}]},{\"@type\":\"ImageObject\",\"inLanguage\":\"es\",\"@id\":\"https:\\\/\\\/www.chemviron.eu\\\/es\\\/soluciones\\\/reactivacion\\\/#primaryimage\",\"url\":\"https:\\\/\\\/www.chemviron.eu\\\/wp-content\\\/uploads\\\/2025\\\/02\\\/Solutions_Reactivation-2.png\",\"contentUrl\":\"https:\\\/\\\/www.chemviron.eu\\\/wp-content\\\/uploads\\\/2025\\\/02\\\/Solutions_Reactivation-2.png\",\"width\":5313,\"height\":3750,\"caption\":\"Carbon reactivation\"},{\"@type\":\"BreadcrumbList\",\"@id\":\"https:\\\/\\\/www.chemviron.eu\\\/es\\\/soluciones\\\/reactivacion\\\/#breadcrumb\",\"itemListElement\":[{\"@type\":\"ListItem\",\"position\":1,\"name\":\"Home\",\"item\":\"https:\\\/\\\/www.chemviron.eu\\\/es\\\/\"},{\"@type\":\"ListItem\",\"position\":2,\"name\":\"Soluciones\",\"item\":\"https:\\\/\\\/www.chemviron.eu\\\/es\\\/soluciones\\\/\"},{\"@type\":\"ListItem\",\"position\":3,\"name\":\"Reactivaci\u00f3n\"}]},{\"@type\":\"WebSite\",\"@id\":\"https:\\\/\\\/www.chemviron.eu\\\/es\\\/#website\",\"url\":\"https:\\\/\\\/www.chemviron.eu\\\/es\\\/\",\"name\":\"Chemviron\",\"description\":\"The Purification Solutions Provider\",\"publisher\":{\"@id\":\"https:\\\/\\\/www.chemviron.eu\\\/es\\\/#organization\"},\"potentialAction\":[{\"@type\":\"SearchAction\",\"target\":{\"@type\":\"EntryPoint\",\"urlTemplate\":\"https:\\\/\\\/www.chemviron.eu\\\/es\\\/?s={search_term_string}\"},\"query-input\":{\"@type\":\"PropertyValueSpecification\",\"valueRequired\":true,\"valueName\":\"search_term_string\"}}],\"inLanguage\":\"es\"},{\"@type\":\"Organization\",\"@id\":\"https:\\\/\\\/www.chemviron.eu\\\/es\\\/#organization\",\"name\":\"Chemviron\",\"url\":\"https:\\\/\\\/www.chemviron.eu\\\/es\\\/\",\"logo\":{\"@type\":\"ImageObject\",\"inLanguage\":\"es\",\"@id\":\"https:\\\/\\\/www.chemviron.eu\\\/es\\\/#\\\/schema\\\/logo\\\/image\\\/\",\"url\":\"https:\\\/\\\/www.chemviron.eu\\\/wp-content\\\/uploads\\\/2023\\\/12\\\/Chemviron-logo.jpg\",\"contentUrl\":\"https:\\\/\\\/www.chemviron.eu\\\/wp-content\\\/uploads\\\/2023\\\/12\\\/Chemviron-logo.jpg\",\"width\":1667,\"height\":833,\"caption\":\"Chemviron\"},\"image\":{\"@id\":\"https:\\\/\\\/www.chemviron.eu\\\/es\\\/#\\\/schema\\\/logo\\\/image\\\/\"},\"sameAs\":[\"https:\\\/\\\/www.linkedin.com\\\/company\\\/chemviron\\\/\"]}]}<\/script>\n<!-- \/ Yoast SEO plugin. -->","yoast_head_json":{"title":"Reactivaci\u00f3n de carb\u00f3n activado","description":"Descubra c\u00f3mo Chemviron puede ayudar a su industria a impulsar un modelo m\u00e1s sostenible mediante la reactivaci\u00f3n t\u00e9rmica del carb\u00f3n activado.","robots":{"index":"index","follow":"follow","max-snippet":"max-snippet:-1","max-image-preview":"max-image-preview:large","max-video-preview":"max-video-preview:-1"},"canonical":"https:\/\/www.chemviron.eu\/es\/soluciones\/reactivacion\/","og_locale":"es_ES","og_type":"article","og_title":"Reactivaci\u00f3n de carb\u00f3n activado","og_description":"Descubra c\u00f3mo Chemviron puede ayudar a su industria a impulsar un modelo m\u00e1s sostenible mediante la reactivaci\u00f3n t\u00e9rmica del carb\u00f3n activado.","og_url":"https:\/\/www.chemviron.eu\/es\/soluciones\/reactivacion\/","og_site_name":"Chemviron","article_modified_time":"2026-03-02T07:27:27+00:00","og_image":[{"width":1024,"height":723,"url":"https:\/\/www.chemviron.eu\/wp-content\/uploads\/2025\/02\/Solutions_Reactivation-2-1024x723.png","type":"image\/png"}],"twitter_card":"summary_large_image","twitter_misc":{"Tiempo de lectura":"3 minutos"},"schema":{"@context":"https:\/\/schema.org","@graph":[{"@type":"WebPage","@id":"https:\/\/www.chemviron.eu\/es\/soluciones\/reactivacion\/","url":"https:\/\/www.chemviron.eu\/es\/soluciones\/reactivacion\/","name":"Reactivaci\u00f3n de carb\u00f3n activado","isPartOf":{"@id":"https:\/\/www.chemviron.eu\/es\/#website"},"primaryImageOfPage":{"@id":"https:\/\/www.chemviron.eu\/es\/soluciones\/reactivacion\/#primaryimage"},"image":{"@id":"https:\/\/www.chemviron.eu\/es\/soluciones\/reactivacion\/#primaryimage"},"thumbnailUrl":"https:\/\/www.chemviron.eu\/wp-content\/uploads\/2025\/02\/Solutions_Reactivation-2.png","datePublished":"2023-12-06T12:42:12+00:00","dateModified":"2026-03-02T07:27:27+00:00","description":"Descubra c\u00f3mo Chemviron puede ayudar a su industria a impulsar un modelo m\u00e1s sostenible mediante la reactivaci\u00f3n t\u00e9rmica del carb\u00f3n activado.","breadcrumb":{"@id":"https:\/\/www.chemviron.eu\/es\/soluciones\/reactivacion\/#breadcrumb"},"inLanguage":"es","potentialAction":[{"@type":"ReadAction","target":["https:\/\/www.chemviron.eu\/es\/soluciones\/reactivacion\/"]}]},{"@type":"ImageObject","inLanguage":"es","@id":"https:\/\/www.chemviron.eu\/es\/soluciones\/reactivacion\/#primaryimage","url":"https:\/\/www.chemviron.eu\/wp-content\/uploads\/2025\/02\/Solutions_Reactivation-2.png","contentUrl":"https:\/\/www.chemviron.eu\/wp-content\/uploads\/2025\/02\/Solutions_Reactivation-2.png","width":5313,"height":3750,"caption":"Carbon reactivation"},{"@type":"BreadcrumbList","@id":"https:\/\/www.chemviron.eu\/es\/soluciones\/reactivacion\/#breadcrumb","itemListElement":[{"@type":"ListItem","position":1,"name":"Home","item":"https:\/\/www.chemviron.eu\/es\/"},{"@type":"ListItem","position":2,"name":"Soluciones","item":"https:\/\/www.chemviron.eu\/es\/soluciones\/"},{"@type":"ListItem","position":3,"name":"Reactivaci\u00f3n"}]},{"@type":"WebSite","@id":"https:\/\/www.chemviron.eu\/es\/#website","url":"https:\/\/www.chemviron.eu\/es\/","name":"Chemviron","description":"The Purification Solutions Provider","publisher":{"@id":"https:\/\/www.chemviron.eu\/es\/#organization"},"potentialAction":[{"@type":"SearchAction","target":{"@type":"EntryPoint","urlTemplate":"https:\/\/www.chemviron.eu\/es\/?s={search_term_string}"},"query-input":{"@type":"PropertyValueSpecification","valueRequired":true,"valueName":"search_term_string"}}],"inLanguage":"es"},{"@type":"Organization","@id":"https:\/\/www.chemviron.eu\/es\/#organization","name":"Chemviron","url":"https:\/\/www.chemviron.eu\/es\/","logo":{"@type":"ImageObject","inLanguage":"es","@id":"https:\/\/www.chemviron.eu\/es\/#\/schema\/logo\/image\/","url":"https:\/\/www.chemviron.eu\/wp-content\/uploads\/2023\/12\/Chemviron-logo.jpg","contentUrl":"https:\/\/www.chemviron.eu\/wp-content\/uploads\/2023\/12\/Chemviron-logo.jpg","width":1667,"height":833,"caption":"Chemviron"},"image":{"@id":"https:\/\/www.chemviron.eu\/es\/#\/schema\/logo\/image\/"},"sameAs":["https:\/\/www.linkedin.com\/company\/chemviron\/"]}]}},"_links":{"self":[{"href":"https:\/\/www.chemviron.eu\/es\/wp-json\/wp\/v2\/pages\/14174","targetHints":{"allow":["GET"]}}],"collection":[{"href":"https:\/\/www.chemviron.eu\/es\/wp-json\/wp\/v2\/pages"}],"about":[{"href":"https:\/\/www.chemviron.eu\/es\/wp-json\/wp\/v2\/types\/page"}],"author":[{"embeddable":true,"href":"https:\/\/www.chemviron.eu\/es\/wp-json\/wp\/v2\/users\/1"}],"replies":[{"embeddable":true,"href":"https:\/\/www.chemviron.eu\/es\/wp-json\/wp\/v2\/comments?post=14174"}],"version-history":[{"count":3,"href":"https:\/\/www.chemviron.eu\/es\/wp-json\/wp\/v2\/pages\/14174\/revisions"}],"predecessor-version":[{"id":14328,"href":"https:\/\/www.chemviron.eu\/es\/wp-json\/wp\/v2\/pages\/14174\/revisions\/14328"}],"up":[{"embeddable":true,"href":"https:\/\/www.chemviron.eu\/es\/wp-json\/wp\/v2\/pages\/13993"}],"wp:featuredmedia":[{"embeddable":true,"href":"https:\/\/www.chemviron.eu\/es\/wp-json\/wp\/v2\/media\/10367"}],"wp:attachment":[{"href":"https:\/\/www.chemviron.eu\/es\/wp-json\/wp\/v2\/media?parent=14174"}],"curies":[{"name":"wp","href":"https:\/\/api.w.org\/{rel}","templated":true}]}}