{"id":14116,"date":"2023-12-06T12:29:30","date_gmt":"2023-12-06T12:29:30","guid":{"rendered":"https:\/\/www.chemviron.eu\/sobre-nosotros\/reach\/"},"modified":"2026-03-25T10:37:04","modified_gmt":"2026-03-25T10:37:04","slug":"reach","status":"publish","type":"page","link":"https:\/\/www.chemviron.eu\/es\/sobre-nosotros\/reach\/","title":{"rendered":"REACH"},"content":{"rendered":"\t\t<div data-elementor-type=\"wp-page\" data-elementor-id=\"14116\" class=\"elementor elementor-14116 elementor-615\" data-elementor-post-type=\"page\">\n\t\t\t\t<div class=\"elementor-element elementor-element-7bcd6c71 e-con-full e-flex e-con e-parent\" data-id=\"7bcd6c71\" data-element_type=\"container\" data-e-type=\"container\">\n\t\t<div data-dce-background-image-url=\"https:\/\/www.chemviron.eu\/wp-content\/uploads\/2026\/02\/Reach-HIGH2-1-scaled.jpg\" class=\"elementor-element elementor-element-4951dea7 e-con-full e-flex e-con e-child\" data-id=\"4951dea7\" data-element_type=\"container\" data-e-type=\"container\" data-settings=\"{&quot;background_background&quot;:&quot;classic&quot;}\">\n\t\t\t\t<\/div>\n\t\t<div class=\"elementor-element elementor-element-72756d9a e-con-full e-flex e-con e-child\" data-id=\"72756d9a\" data-element_type=\"container\" data-e-type=\"container\">\n\t\t\t\t<div class=\"elementor-element elementor-element-259c8bc5 elementor-widget elementor-widget-heading\" data-id=\"259c8bc5\" data-element_type=\"widget\" data-e-type=\"widget\" data-widget_type=\"heading.default\">\n\t\t\t\t<div class=\"elementor-widget-container\">\n\t\t\t\t\t<h3 class=\"elementor-heading-title elementor-size-default\">El proveedor de soluciones de purificaci\u00f3n<\/h3>\t\t\t\t<\/div>\n\t\t\t\t<\/div>\n\t\t\t\t<div class=\"elementor-element elementor-element-5d07f122 elementor-widget elementor-widget-heading\" data-id=\"5d07f122\" data-element_type=\"widget\" data-e-type=\"widget\" data-widget_type=\"heading.default\">\n\t\t\t\t<div class=\"elementor-widget-container\">\n\t\t\t\t\t<h1 class=\"elementor-heading-title elementor-size-default\">Declaraci\u00f3n REACH<\/h1>\t\t\t\t<\/div>\n\t\t\t\t<\/div>\n\t\t\t\t<div class=\"elementor-element elementor-element-3478e466 elementor-hidden-tablet elementor-hidden-mobile elementor-widget elementor-widget-button\" data-id=\"3478e466\" data-element_type=\"widget\" data-e-type=\"widget\" data-widget_type=\"button.default\">\n\t\t\t\t<div class=\"elementor-widget-container\">\n\t\t\t\t\t\t\t\t\t<div class=\"elementor-button-wrapper\">\n\t\t\t\t\t<a class=\"elementor-button elementor-button-link elementor-size-sm\" href=\"#Content\">\n\t\t\t\t\t\t<span class=\"elementor-button-content-wrapper\">\n\t\t\t\t\t\t<span class=\"elementor-button-icon\">\n\t\t\t\t<svg aria-hidden=\"true\" class=\"e-font-icon-svg e-far-arrow-alt-circle-down\" viewBox=\"0 0 512 512\" xmlns=\"http:\/\/www.w3.org\/2000\/svg\"><path d=\"M256 8C119 8 8 119 8 256s111 248 248 248 248-111 248-248S393 8 256 8zm0 448c-110.5 0-200-89.5-200-200S145.5 56 256 56s200 89.5 200 200-89.5 200-200 200zm-32-316v116h-67c-10.7 0-16 12.9-8.5 20.5l99 99c4.7 4.7 12.3 4.7 17 0l99-99c7.6-7.6 2.2-20.5-8.5-20.5h-67V140c0-6.6-5.4-12-12-12h-40c-6.6 0-12 5.4-12 12z\"><\/path><\/svg>\t\t\t<\/span>\n\t\t\t\t\t\t\t\t\t<span class=\"elementor-button-text\">M\u00e1s informaci\u00f3n<\/span>\n\t\t\t\t\t<\/span>\n\t\t\t\t\t<\/a>\n\t\t\t\t<\/div>\n\t\t\t\t\t\t\t\t<\/div>\n\t\t\t\t<\/div>\n\t\t\t\t<\/div>\n\t\t\t\t<\/div>\n\t\t<div data-dce-background-overlay-image-url=\"https:\/\/www.chemviron.eu\/wp-content\/uploads\/2024\/01\/kuraray_circle_grid_landscape_rgb.svg\" class=\"elementor-element elementor-element-4a0f7a51 e-flex e-con-boxed e-con e-parent\" data-id=\"4a0f7a51\" data-element_type=\"container\" data-e-type=\"container\" id=\"Content\">\n\t\t\t\t\t<div class=\"e-con-inner\">\n\t\t<div class=\"elementor-element elementor-element-4714e671 e-con-full e-flex e-con e-child\" data-id=\"4714e671\" data-element_type=\"container\" data-e-type=\"container\">\n\t\t\t\t<div class=\"elementor-element elementor-element-83d7fad elementor-widget__width-inherit elementor-widget elementor-widget-heading\" data-id=\"83d7fad\" data-element_type=\"widget\" data-e-type=\"widget\" data-widget_type=\"heading.default\">\n\t\t\t\t<div class=\"elementor-widget-container\">\n\t\t\t\t\t<h2 class=\"elementor-heading-title elementor-size-default\">Carbones activados de Chemviron<\/h2>\t\t\t\t<\/div>\n\t\t\t\t<\/div>\n\t\t\t\t<div class=\"elementor-element elementor-element-2fe38075 elementor-widget-mobile__width-inherit elementor-widget elementor-widget-text-editor\" data-id=\"2fe38075\" data-element_type=\"widget\" data-e-type=\"widget\" data-widget_type=\"text-editor.default\">\n\t\t\t\t<div class=\"elementor-widget-container\">\n\t\t\t\t\t\t\t\t\t<div><p>Los principales objetivos de la legislaci\u00f3n REACH (CE 1907\/2006) son mejorar la protecci\u00f3n de la salud humana y del medio ambiente frente a los riesgos de las sustancias qu\u00edmicas y reforzar la competitividad de la industria qu\u00edmica dentro de la Uni\u00f3n Europea. Chemviron, una empresa de Kuraray y Operaciones Europeas de Calgon Carbon, est\u00e1 plenamente comprometida con el proceso REACH, sus principios y la continuidad del suministro a nuestros clientes. Por ello, Chemviron confirma que se ha completado el registro del carb\u00f3n activado.<\/p><p>Los n\u00fameros de registro REACH son los siguientes:<\/p><div><table><tbody><tr><td width=\"209\"><p><strong>Texto corto del material<\/strong><\/p><\/td><td width=\"209\"><p><strong>N\u00famero CE<\/strong><\/p><\/td><td width=\"209\"><p><strong>N\u00famero de registro REACH<\/strong><\/p><\/td><\/tr><tr><td width=\"209\"><p>Carb\u00f3n activado: esqueleto de alta densidad<\/p><\/td><td width=\"209\"><p>931-328-0<\/p><\/td><td width=\"209\"><p>01-2119488894-16-0001<br \/>01-2119488894-16-0002<br \/>01-2119488894-16-0007<br \/>01-2119488894-16-0012<\/p><\/td><\/tr><tr><td width=\"209\"><p>Carb\u00f3n activado: esqueleto de baja densidad<\/p><\/td><td width=\"209\"><p>931-334-3<\/p><\/td><td width=\"209\"><p>01-2119488716-22-0001<\/p><\/td><\/tr><\/tbody><\/table><\/div><\/div><div><p>Todos los dem\u00e1s materiales de los productos que suministramos actualmente han sido asegurados mediante su registro en la Agencia Europea de Sustancias y Mezclas Qu\u00edmicas, para permitir la continuidad del suministro.<\/p><\/div>\t\t\t\t\t\t\t\t<\/div>\n\t\t\t\t<\/div>\n\t\t\t\t<div class=\"elementor-element elementor-element-0a26624 elementor-widget elementor-widget-heading\" data-id=\"0a26624\" data-element_type=\"widget\" data-e-type=\"widget\" data-widget_type=\"heading.default\">\n\t\t\t\t<div class=\"elementor-widget-container\">\n\t\t\t\t\t<h4 class=\"elementor-heading-title elementor-size-default\">Informaci\u00f3n sobre sustancias extremadamente preocupantes (SVHC) para el carb\u00f3n activado<\/h4>\t\t\t\t<\/div>\n\t\t\t\t<\/div>\n\t\t\t\t<div class=\"elementor-element elementor-element-b3ea3ce elementor-widget-mobile__width-inherit elementor-widget elementor-widget-text-editor\" data-id=\"b3ea3ce\" data-element_type=\"widget\" data-e-type=\"widget\" data-widget_type=\"text-editor.default\">\n\t\t\t\t<div class=\"elementor-widget-container\">\n\t\t\t\t\t\t\t\t\t<p>Las sustancias que pueden tener efectos graves o irreversibles sobre la salud humana y el medio ambiente pueden identificarse como sustancias extremadamente preocupantes (SVHC). En virtud del Reglamento REACH, si una sustancia se identifica como SVHC, se a\u00f1adir\u00e1 a la Lista de Candidatas para su eventual inclusi\u00f3n en la Lista de Autorizaci\u00f3n. Los fabricantes est\u00e1n obligados a notificar a sus clientes la presencia de cualquier sustancia extremadamente preocupante (SVHC) en sus productos que supere el 0,1% en peso y a proporcionar instrucciones sobre el uso seguro del producto.<\/p>\n<p>Seg\u00fan la Lista de Candidatas de SVHC para autorizaci\u00f3n, actualizada y publicada por la Agencia Europea de Sustancias y Mezclas Qu\u00edmicas, y seg\u00fan nuestro leal saber y entender, ninguna de las sustancias incluidas en la \u00faltima versi\u00f3n (febrero de 2026) de la Lista de Candidatas est\u00e1 presente por encima del umbral de concentraci\u00f3n en el carb\u00f3n activado suministrado por Chemviron.<\/p>\t\t\t\t\t\t\t\t<\/div>\n\t\t\t\t<\/div>\n\t\t\t\t<\/div>\n\t\t\t\t\t<\/div>\n\t\t\t\t<\/div>\n\t\t\t\t<\/div>\n\t\t","protected":false},"excerpt":{"rendered":"<p>El proveedor de soluciones de purificaci\u00f3n Declaraci\u00f3n REACH M\u00e1s informaci\u00f3n Carbones activados de Chemviron Los principales objetivos de la legislaci\u00f3n REACH (CE 1907\/2006) son mejorar la protecci\u00f3n de la salud humana y del medio ambiente frente a los riesgos de las sustancias qu\u00edmicas y reforzar la competitividad de la industria qu\u00edmica dentro de la Uni\u00f3n [&hellip;]<\/p>\n","protected":false},"author":1,"featured_media":13262,"parent":13998,"menu_order":0,"comment_status":"closed","ping_status":"closed","template":"elementor_header_footer","meta":{"_acf_changed":false,"inline_featured_image":false,"footnotes":""},"class_list":["post-14116","page","type-page","status-publish","has-post-thumbnail","hentry"],"acf":[],"yoast_head":"<!-- This site is optimized with the Yoast SEO plugin v27.3 - https:\/\/yoast.com\/product\/yoast-seo-wordpress\/ -->\n<title>REACH - Chemviron<\/title>\n<meta name=\"description\" content=\"Los principales objetivos de la legislaci\u00f3n REACH (CE 1907\/2006) son mejorar la protecci\u00f3n de la salud humana y del medio ambiente frente a los riesgos de las sustancias qu\u00edmicas y reforzar la competitividad de la industria qu\u00edmica dentro de la Uni\u00f3n Europea.\" \/>\n<meta name=\"robots\" content=\"index, follow, max-snippet:-1, max-image-preview:large, max-video-preview:-1\" \/>\n<link rel=\"canonical\" href=\"https:\/\/www.chemviron.eu\/es\/sobre-nosotros\/reach\/\" \/>\n<meta property=\"og:locale\" content=\"es_ES\" \/>\n<meta property=\"og:type\" content=\"article\" \/>\n<meta property=\"og:title\" content=\"REACH - Chemviron\" \/>\n<meta property=\"og:description\" content=\"Los principales objetivos de la legislaci\u00f3n REACH (CE 1907\/2006) son mejorar la protecci\u00f3n de la salud humana y del medio ambiente frente a los riesgos de las sustancias qu\u00edmicas y reforzar la competitividad de la industria qu\u00edmica dentro de la Uni\u00f3n Europea.\" \/>\n<meta property=\"og:url\" content=\"https:\/\/www.chemviron.eu\/es\/sobre-nosotros\/reach\/\" \/>\n<meta property=\"og:site_name\" content=\"Chemviron\" \/>\n<meta property=\"article:modified_time\" content=\"2026-03-25T10:37:04+00:00\" \/>\n<meta property=\"og:image\" content=\"https:\/\/www.chemviron.eu\/wp-content\/uploads\/2026\/02\/Reach-HIGH2-scaled.jpg\" \/>\n\t<meta property=\"og:image:width\" content=\"2560\" \/>\n\t<meta property=\"og:image:height\" content=\"1707\" \/>\n\t<meta property=\"og:image:type\" content=\"image\/jpeg\" \/>\n<meta name=\"twitter:card\" content=\"summary_large_image\" \/>\n<meta name=\"twitter:label1\" content=\"Tiempo de lectura\" \/>\n\t<meta name=\"twitter:data1\" content=\"2 minutos\" \/>\n<script type=\"application\/ld+json\" class=\"yoast-schema-graph\">{\"@context\":\"https:\\\/\\\/schema.org\",\"@graph\":[{\"@type\":\"WebPage\",\"@id\":\"https:\\\/\\\/www.chemviron.eu\\\/es\\\/sobre-nosotros\\\/reach\\\/\",\"url\":\"https:\\\/\\\/www.chemviron.eu\\\/es\\\/sobre-nosotros\\\/reach\\\/\",\"name\":\"REACH - Chemviron\",\"isPartOf\":{\"@id\":\"https:\\\/\\\/www.chemviron.eu\\\/es\\\/#website\"},\"primaryImageOfPage\":{\"@id\":\"https:\\\/\\\/www.chemviron.eu\\\/es\\\/sobre-nosotros\\\/reach\\\/#primaryimage\"},\"image\":{\"@id\":\"https:\\\/\\\/www.chemviron.eu\\\/es\\\/sobre-nosotros\\\/reach\\\/#primaryimage\"},\"thumbnailUrl\":\"https:\\\/\\\/www.chemviron.eu\\\/wp-content\\\/uploads\\\/2026\\\/02\\\/Reach-HIGH2-scaled.jpg\",\"datePublished\":\"2023-12-06T12:29:30+00:00\",\"dateModified\":\"2026-03-25T10:37:04+00:00\",\"description\":\"Los principales objetivos de la legislaci\u00f3n REACH (CE 1907\\\/2006) son mejorar la protecci\u00f3n de la salud humana y del medio ambiente frente a los riesgos de las sustancias qu\u00edmicas y reforzar la competitividad de la industria qu\u00edmica dentro de la Uni\u00f3n Europea.\",\"breadcrumb\":{\"@id\":\"https:\\\/\\\/www.chemviron.eu\\\/es\\\/sobre-nosotros\\\/reach\\\/#breadcrumb\"},\"inLanguage\":\"es\",\"potentialAction\":[{\"@type\":\"ReadAction\",\"target\":[\"https:\\\/\\\/www.chemviron.eu\\\/es\\\/sobre-nosotros\\\/reach\\\/\"]}]},{\"@type\":\"ImageObject\",\"inLanguage\":\"es\",\"@id\":\"https:\\\/\\\/www.chemviron.eu\\\/es\\\/sobre-nosotros\\\/reach\\\/#primaryimage\",\"url\":\"https:\\\/\\\/www.chemviron.eu\\\/wp-content\\\/uploads\\\/2026\\\/02\\\/Reach-HIGH2-scaled.jpg\",\"contentUrl\":\"https:\\\/\\\/www.chemviron.eu\\\/wp-content\\\/uploads\\\/2026\\\/02\\\/Reach-HIGH2-scaled.jpg\",\"width\":2560,\"height\":1707,\"caption\":\"reach-statement-chemviron\"},{\"@type\":\"BreadcrumbList\",\"@id\":\"https:\\\/\\\/www.chemviron.eu\\\/es\\\/sobre-nosotros\\\/reach\\\/#breadcrumb\",\"itemListElement\":[{\"@type\":\"ListItem\",\"position\":1,\"name\":\"Home\",\"item\":\"https:\\\/\\\/www.chemviron.eu\\\/es\\\/\"},{\"@type\":\"ListItem\",\"position\":2,\"name\":\"Sobre nosotros\",\"item\":\"https:\\\/\\\/www.chemviron.eu\\\/es\\\/?page_id=13998\"},{\"@type\":\"ListItem\",\"position\":3,\"name\":\"REACH\"}]},{\"@type\":\"WebSite\",\"@id\":\"https:\\\/\\\/www.chemviron.eu\\\/es\\\/#website\",\"url\":\"https:\\\/\\\/www.chemviron.eu\\\/es\\\/\",\"name\":\"Chemviron\",\"description\":\"The Purification Solutions Provider\",\"publisher\":{\"@id\":\"https:\\\/\\\/www.chemviron.eu\\\/es\\\/#organization\"},\"potentialAction\":[{\"@type\":\"SearchAction\",\"target\":{\"@type\":\"EntryPoint\",\"urlTemplate\":\"https:\\\/\\\/www.chemviron.eu\\\/es\\\/?s={search_term_string}\"},\"query-input\":{\"@type\":\"PropertyValueSpecification\",\"valueRequired\":true,\"valueName\":\"search_term_string\"}}],\"inLanguage\":\"es\"},{\"@type\":\"Organization\",\"@id\":\"https:\\\/\\\/www.chemviron.eu\\\/es\\\/#organization\",\"name\":\"Chemviron\",\"url\":\"https:\\\/\\\/www.chemviron.eu\\\/es\\\/\",\"logo\":{\"@type\":\"ImageObject\",\"inLanguage\":\"es\",\"@id\":\"https:\\\/\\\/www.chemviron.eu\\\/es\\\/#\\\/schema\\\/logo\\\/image\\\/\",\"url\":\"https:\\\/\\\/www.chemviron.eu\\\/wp-content\\\/uploads\\\/2023\\\/12\\\/Chemviron-logo.jpg\",\"contentUrl\":\"https:\\\/\\\/www.chemviron.eu\\\/wp-content\\\/uploads\\\/2023\\\/12\\\/Chemviron-logo.jpg\",\"width\":1667,\"height\":833,\"caption\":\"Chemviron\"},\"image\":{\"@id\":\"https:\\\/\\\/www.chemviron.eu\\\/es\\\/#\\\/schema\\\/logo\\\/image\\\/\"},\"sameAs\":[\"https:\\\/\\\/www.linkedin.com\\\/company\\\/chemviron\\\/\"]}]}<\/script>\n<!-- \/ Yoast SEO plugin. -->","yoast_head_json":{"title":"REACH - Chemviron","description":"Los principales objetivos de la legislaci\u00f3n REACH (CE 1907\/2006) son mejorar la protecci\u00f3n de la salud humana y del medio ambiente frente a los riesgos de las sustancias qu\u00edmicas y reforzar la competitividad de la industria qu\u00edmica dentro de la Uni\u00f3n Europea.","robots":{"index":"index","follow":"follow","max-snippet":"max-snippet:-1","max-image-preview":"max-image-preview:large","max-video-preview":"max-video-preview:-1"},"canonical":"https:\/\/www.chemviron.eu\/es\/sobre-nosotros\/reach\/","og_locale":"es_ES","og_type":"article","og_title":"REACH - Chemviron","og_description":"Los principales objetivos de la legislaci\u00f3n REACH (CE 1907\/2006) son mejorar la protecci\u00f3n de la salud humana y del medio ambiente frente a los riesgos de las sustancias qu\u00edmicas y reforzar la competitividad de la industria qu\u00edmica dentro de la Uni\u00f3n Europea.","og_url":"https:\/\/www.chemviron.eu\/es\/sobre-nosotros\/reach\/","og_site_name":"Chemviron","article_modified_time":"2026-03-25T10:37:04+00:00","og_image":[{"width":2560,"height":1707,"url":"https:\/\/www.chemviron.eu\/wp-content\/uploads\/2026\/02\/Reach-HIGH2-scaled.jpg","type":"image\/jpeg"}],"twitter_card":"summary_large_image","twitter_misc":{"Tiempo de lectura":"2 minutos"},"schema":{"@context":"https:\/\/schema.org","@graph":[{"@type":"WebPage","@id":"https:\/\/www.chemviron.eu\/es\/sobre-nosotros\/reach\/","url":"https:\/\/www.chemviron.eu\/es\/sobre-nosotros\/reach\/","name":"REACH - Chemviron","isPartOf":{"@id":"https:\/\/www.chemviron.eu\/es\/#website"},"primaryImageOfPage":{"@id":"https:\/\/www.chemviron.eu\/es\/sobre-nosotros\/reach\/#primaryimage"},"image":{"@id":"https:\/\/www.chemviron.eu\/es\/sobre-nosotros\/reach\/#primaryimage"},"thumbnailUrl":"https:\/\/www.chemviron.eu\/wp-content\/uploads\/2026\/02\/Reach-HIGH2-scaled.jpg","datePublished":"2023-12-06T12:29:30+00:00","dateModified":"2026-03-25T10:37:04+00:00","description":"Los principales objetivos de la legislaci\u00f3n REACH (CE 1907\/2006) son mejorar la protecci\u00f3n de la salud humana y del medio ambiente frente a los riesgos de las sustancias qu\u00edmicas y reforzar la competitividad de la industria qu\u00edmica dentro de la Uni\u00f3n Europea.","breadcrumb":{"@id":"https:\/\/www.chemviron.eu\/es\/sobre-nosotros\/reach\/#breadcrumb"},"inLanguage":"es","potentialAction":[{"@type":"ReadAction","target":["https:\/\/www.chemviron.eu\/es\/sobre-nosotros\/reach\/"]}]},{"@type":"ImageObject","inLanguage":"es","@id":"https:\/\/www.chemviron.eu\/es\/sobre-nosotros\/reach\/#primaryimage","url":"https:\/\/www.chemviron.eu\/wp-content\/uploads\/2026\/02\/Reach-HIGH2-scaled.jpg","contentUrl":"https:\/\/www.chemviron.eu\/wp-content\/uploads\/2026\/02\/Reach-HIGH2-scaled.jpg","width":2560,"height":1707,"caption":"reach-statement-chemviron"},{"@type":"BreadcrumbList","@id":"https:\/\/www.chemviron.eu\/es\/sobre-nosotros\/reach\/#breadcrumb","itemListElement":[{"@type":"ListItem","position":1,"name":"Home","item":"https:\/\/www.chemviron.eu\/es\/"},{"@type":"ListItem","position":2,"name":"Sobre nosotros","item":"https:\/\/www.chemviron.eu\/es\/?page_id=13998"},{"@type":"ListItem","position":3,"name":"REACH"}]},{"@type":"WebSite","@id":"https:\/\/www.chemviron.eu\/es\/#website","url":"https:\/\/www.chemviron.eu\/es\/","name":"Chemviron","description":"The Purification Solutions Provider","publisher":{"@id":"https:\/\/www.chemviron.eu\/es\/#organization"},"potentialAction":[{"@type":"SearchAction","target":{"@type":"EntryPoint","urlTemplate":"https:\/\/www.chemviron.eu\/es\/?s={search_term_string}"},"query-input":{"@type":"PropertyValueSpecification","valueRequired":true,"valueName":"search_term_string"}}],"inLanguage":"es"},{"@type":"Organization","@id":"https:\/\/www.chemviron.eu\/es\/#organization","name":"Chemviron","url":"https:\/\/www.chemviron.eu\/es\/","logo":{"@type":"ImageObject","inLanguage":"es","@id":"https:\/\/www.chemviron.eu\/es\/#\/schema\/logo\/image\/","url":"https:\/\/www.chemviron.eu\/wp-content\/uploads\/2023\/12\/Chemviron-logo.jpg","contentUrl":"https:\/\/www.chemviron.eu\/wp-content\/uploads\/2023\/12\/Chemviron-logo.jpg","width":1667,"height":833,"caption":"Chemviron"},"image":{"@id":"https:\/\/www.chemviron.eu\/es\/#\/schema\/logo\/image\/"},"sameAs":["https:\/\/www.linkedin.com\/company\/chemviron\/"]}]}},"_links":{"self":[{"href":"https:\/\/www.chemviron.eu\/es\/wp-json\/wp\/v2\/pages\/14116","targetHints":{"allow":["GET"]}}],"collection":[{"href":"https:\/\/www.chemviron.eu\/es\/wp-json\/wp\/v2\/pages"}],"about":[{"href":"https:\/\/www.chemviron.eu\/es\/wp-json\/wp\/v2\/types\/page"}],"author":[{"embeddable":true,"href":"https:\/\/www.chemviron.eu\/es\/wp-json\/wp\/v2\/users\/1"}],"replies":[{"embeddable":true,"href":"https:\/\/www.chemviron.eu\/es\/wp-json\/wp\/v2\/comments?post=14116"}],"version-history":[{"count":5,"href":"https:\/\/www.chemviron.eu\/es\/wp-json\/wp\/v2\/pages\/14116\/revisions"}],"predecessor-version":[{"id":15001,"href":"https:\/\/www.chemviron.eu\/es\/wp-json\/wp\/v2\/pages\/14116\/revisions\/15001"}],"up":[{"embeddable":true,"href":"https:\/\/www.chemviron.eu\/es\/wp-json\/wp\/v2\/pages\/13998"}],"wp:featuredmedia":[{"embeddable":true,"href":"https:\/\/www.chemviron.eu\/es\/wp-json\/wp\/v2\/media\/13262"}],"wp:attachment":[{"href":"https:\/\/www.chemviron.eu\/es\/wp-json\/wp\/v2\/media?parent=14116"}],"curies":[{"name":"wp","href":"https:\/\/api.w.org\/{rel}","templated":true}]}}