{"id":7014,"date":"2023-12-06T12:32:12","date_gmt":"2023-12-06T12:32:12","guid":{"rendered":"https:\/\/www.chemviron.eu\/klaerung-von-abwaessern\/"},"modified":"2026-02-25T15:11:34","modified_gmt":"2026-02-25T15:11:34","slug":"klaerung-von-abwaessern","status":"publish","type":"page","link":"https:\/\/www.chemviron.eu\/de\/anwendungen\/klaerung-von-abwaessern\/","title":{"rendered":"Abwasser"},"content":{"rendered":"\t\t<div data-elementor-type=\"wp-page\" data-elementor-id=\"7014\" class=\"elementor elementor-7014 elementor-625\" data-elementor-post-type=\"page\">\n\t\t\t\t<div class=\"elementor-element elementor-element-78d597c5 e-flex e-con-boxed e-con e-parent\" data-id=\"78d597c5\" data-element_type=\"container\" data-e-type=\"container\">\n\t\t\t\t\t<div class=\"e-con-inner\">\n\t\t<div class=\"elementor-element elementor-element-133757b1 e-con-full e-flex e-con e-child\" data-id=\"133757b1\" data-element_type=\"container\" data-e-type=\"container\">\n\t\t\t\t<div class=\"elementor-element elementor-element-42dd81ac elementor-invisible elementor-widget elementor-widget-heading\" data-id=\"42dd81ac\" data-element_type=\"widget\" data-e-type=\"widget\" data-settings=\"{&quot;_animation&quot;:&quot;fadeIn&quot;}\" data-widget_type=\"heading.default\">\n\t\t\t\t<div class=\"elementor-widget-container\">\n\t\t\t\t\t<h1 class=\"elementor-heading-title elementor-size-default\">Kl\u00e4rung von Abw\u00e4ssern<\/h1>\t\t\t\t<\/div>\n\t\t\t\t<\/div>\n\t\t\t\t<div class=\"elementor-element elementor-element-73ba9da1 elementor-invisible elementor-widget elementor-widget-heading\" data-id=\"73ba9da1\" data-element_type=\"widget\" data-e-type=\"widget\" data-settings=\"{&quot;_animation&quot;:&quot;fadeIn&quot;,&quot;_animation_delay&quot;:400}\" data-widget_type=\"heading.default\">\n\t\t\t\t<div class=\"elementor-widget-container\">\n\t\t\t\t\t<h2 class=\"elementor-heading-title elementor-size-default\">Chemviron bietet einen umfassenden Service f\u00fcr die Reinigung von Industrieabw\u00e4ssern zur Adsorption sch\u00e4dlicher Verunreinigungen mit unserem mobilen Kohlefilterservice, der Aktivkohle-Technologie und dem Recycling der verbrauchten Aktivkohle.  <\/h2>\t\t\t\t<\/div>\n\t\t\t\t<\/div>\n\t\t\t\t<\/div>\n\t\t<div data-dce-background-image-url=\"https:\/\/www.chemviron.eu\/wp-content\/uploads\/2024\/01\/Applications_Wastewater-e1711538360497.jpg\" class=\"elementor-element elementor-element-2750dc0c e-con-full e-flex e-con e-child\" data-id=\"2750dc0c\" data-element_type=\"container\" data-e-type=\"container\" data-settings=\"{&quot;background_background&quot;:&quot;classic&quot;}\">\n\t\t\t\t<\/div>\n\t\t\t\t\t<\/div>\n\t\t\t\t<\/div>\n\t\t<div data-dce-background-overlay-image-url=\"https:\/\/www.chemviron.eu\/wp-content\/uploads\/2024\/01\/kuraray_circle_grid_landscape_rgb.svg\" class=\"elementor-element elementor-element-50179175 e-flex e-con-boxed e-con e-parent\" data-id=\"50179175\" data-element_type=\"container\" data-e-type=\"container\">\n\t\t\t\t\t<div class=\"e-con-inner\">\n\t\t<div class=\"elementor-element elementor-element-1d73ad3f e-con-full e-flex e-con e-child\" data-id=\"1d73ad3f\" data-element_type=\"container\" data-e-type=\"container\">\n\t\t\t\t<div class=\"elementor-element elementor-element-28db6103 elementor-widget-mobile__width-inherit elementor-widget elementor-widget-text-editor\" data-id=\"28db6103\" data-element_type=\"widget\" data-e-type=\"widget\" data-widget_type=\"text-editor.default\">\n\t\t\t\t<div class=\"elementor-widget-container\">\n\t\t\t\t\t\t\t\t\t<p>Die Erhaltung der Umwelt und die Sauberkeit und Sicherheit unseres Wassers sind von grundlegender Bedeutung f\u00fcr den Schutz der menschlichen Gesundheit und die Erhaltung der Zukunft unseres Planeten. Chemviron bietet eine Reihe von L\u00f6sungen an und arbeitet mit seinen Kunden zusammen, um die Umweltauswirkungen menschlicher Aktivit\u00e4ten auf unsere wertvollen Wasserressourcen zu verringern. <\/p>\t\t\t\t\t\t\t\t<\/div>\n\t\t\t\t<\/div>\n\t\t\t\t<div class=\"elementor-element elementor-element-602b5da9 elementor-widget elementor-widget-heading\" data-id=\"602b5da9\" data-element_type=\"widget\" data-e-type=\"widget\" data-widget_type=\"heading.default\">\n\t\t\t\t<div class=\"elementor-widget-container\">\n\t\t\t\t\t<h3 class=\"elementor-heading-title elementor-size-default\">Reinigung von Abwasser mit Aktivkohletechnologie\n<\/h3>\t\t\t\t<\/div>\n\t\t\t\t<\/div>\n\t\t\t\t<div class=\"elementor-element elementor-element-1c9ddb03 elementor-widget-mobile__width-inherit elementor-widget elementor-widget-text-editor\" data-id=\"1c9ddb03\" data-element_type=\"widget\" data-e-type=\"widget\" data-widget_type=\"text-editor.default\">\n\t\t\t\t<div class=\"elementor-widget-container\">\n\t\t\t\t\t\t\t\t\t<div><p>Industrielle und kommunale Abw\u00e4sser k\u00f6nnen eine Vielzahl von Schadstoffen enthalten, die die \u00d6kologie der Fl\u00fcsse, B\u00e4che und Seen, in die sie flie\u00dfen, nachteilig ver\u00e4ndern und so die Sicherheit und Qualit\u00e4t des Oberfl\u00e4chen- oder Grundwassers beeintr\u00e4chtigen k\u00f6nnen.<\/p><p><span style=\"text-align: var(--text-align); background-color: var( --e-global-color-c696dce ); color: var( --e-global-color-text ); font-size: 1rem;\">Kontaminiertes Grundwasser durch historische industrielle Nutzung, unterirdische Lagertanks, unfallbedingte Versch\u00fcttungen oder Einleitungen aus M\u00fclldeponien kann biologisch nicht abbaubare organische Chemikalien wie PFAS, Pestizide und andere sch\u00e4dliche, bedenkliche Schadstoffe enthalten, die Auswirkungen auf die Umwelt haben k\u00f6nnen.<\/span><\/p><\/div><div>Die Adsorption an Aktivkohle in Granulat- oder Pulverform ist eine hochwirksame L\u00f6sung, um viele verschiedene organische Schadstoffe und andere Verunreinigungen aus dem Wasser zu entfernen und so eine sichere Einleitung in die Umwelt zu erm\u00f6glichen und die Wasseraufbereitung zu verbessern. Die Aktivkohle-Technologie von Chemviron macht die Wasseraufbereitung einfach und zuverl\u00e4ssig und hat sich seit vielen Jahren als effektive Reinigungsl\u00f6sung bew\u00e4hrt. <\/div><div> <\/div><div><p><a class=\"internal-link\" title=\"\u00d6ffnet den internen Link im aktuellen Fenster\" href=\"https:\/\/www.chemviron.eu\/de\/kontaktieren-sie-uns\/\"><strong>Kontaktieren Sie unser engagiertes Team f\u00fcr technische Dienstleistungen<\/strong><\/a> um m\u00f6gliche Behandlungsl\u00f6sungen zu besprechen.  <\/p><\/div>\t\t\t\t\t\t\t\t<\/div>\n\t\t\t\t<\/div>\n\t\t\t\t<div class=\"elementor-element elementor-element-d15fc5f elementor-widget elementor-widget-heading\" data-id=\"d15fc5f\" data-element_type=\"widget\" data-e-type=\"widget\" data-widget_type=\"heading.default\">\n\t\t\t\t<div class=\"elementor-widget-container\">\n\t\t\t\t\t<h4 class=\"elementor-heading-title elementor-size-default\">Warum sollten Sie Chemviron als Ihren L\u00f6sungsanbieter w\u00e4hlen?<\/h4>\t\t\t\t<\/div>\n\t\t\t\t<\/div>\n\t\t\t\t<div class=\"elementor-element elementor-element-ca2124a elementor-widget-mobile__width-inherit elementor-widget elementor-widget-text-editor\" data-id=\"ca2124a\" data-element_type=\"widget\" data-e-type=\"widget\" data-widget_type=\"text-editor.default\">\n\t\t\t\t<div class=\"elementor-widget-container\">\n\t\t\t\t\t\t\t\t\t<div><p>Chemviron bietet seit mehr als 40 Jahren ma\u00dfgeschneiderte und sofort verf\u00fcgbare mobile Aktivkohlefilterl\u00f6sungen f\u00fcr anspruchsvolle Abflussanforderungen von wenigen Litern pro Minute bis zu Hunderten von Kubikmetern pro Stunde.<\/p><\/div><div><p>Von den Anf\u00e4ngen mit auf Kufen montierten Beh\u00e4ltern \u00fcber Standard-Containereinheiten bis hin zu den aktuellen ma\u00dfgeschneiderten <a href=\"https:\/\/www.chemviron.eu\/de\/loesungen\/mobile-kohlefilter\/wasser-fluessigkeiten\/\">CYCLESORB\u00ae mobilen Kohlefiltern<\/a> hat Chemviron die F\u00e4higkeit entwickelt, die Erwartungen seiner Kunden zu verstehen und zu erf\u00fcllen.<\/p><\/div><div><p>Umfassendes Fachwissen und ein detailliertes Verst\u00e4ndnis der Kundenanforderungen haben Chemviron in die Lage versetzt, einen kompletten Reinigungs- und Recycling-Service (Reaktivierung) anzubieten, der den Betreibern hilft, die anspruchsvollen Abwassereinleitungsbestimmungen zu erf\u00fcllen.<\/p><\/div><div>Chemviron bietet ein komplettes Paket an L\u00f6sungen f\u00fcr die Abwasserreinigung an, das Folgendes umfasst:<\/div><div>\u00a0<\/div><div><ul><li>Technische Unterst\u00fctzung bei der Auswahl der geeigneten Aktivkohle- und Servicel\u00f6sung f\u00fcr Ihre Anwendung &#8211; kontaktieren Sie einen unserer Mitarbeiter, um mehr zu erfahren.<\/li><li>Mobile Aktivkohlefilter aus der umfangreichen Palette der <a href=\"https:\/\/www.chemviron.eu\/de\/loesungen\/mobile-kohlefilter\/wasser-fluessigkeiten\/\">CYCLESORB<\/a><a class=\"internal-link\" title=\"\u00d6ffnet den internen Link im aktuellen Fenster\" href=\"https:\/\/www.chemviron.eu\/de\/loesungen\/mobile-kohlefilter\/wasser-fluessigkeiten\/\"><sup>\u00ae<\/sup> Adsorber<\/a>, die auf Mietbasis erh\u00e4ltlich sind, sofort geliefert und vor Ort leicht installiert werden k\u00f6nnen und sofort einsetzbar sind.<\/li><li>Die Bereitstellung einer hochwertigen Aktivkohle, die von unserem Unternehmen, dem weltgr\u00f6\u00dften Hersteller von Aktivkohle, geliefert und f\u00fcr die Anwendung ausgew\u00e4hlt wird und die im mobilen Kohlefilter vorinstalliert ist.<\/li><li>Der verbrauchte Aktivkohlefilter wird durch einen neuen ersetzt, so dass Sie die verbrauchte Aktivkohle nicht mehr vor Ort austauschen m\u00fcssen.<\/li><li>Diese verbrauchte Kohle kann in den meisten F\u00e4llen zur Reaktivierung und Wiederverwendung an eine der Recyclinganlagen von Chemviron zur\u00fcckgegeben werden.<\/li><\/ul><\/div>\t\t\t\t\t\t\t\t<\/div>\n\t\t\t\t<\/div>\n\t\t\t\t<div class=\"elementor-element elementor-element-e1ab471 elementor-widget elementor-widget-heading\" data-id=\"e1ab471\" data-element_type=\"widget\" data-e-type=\"widget\" data-widget_type=\"heading.default\">\n\t\t\t\t<div class=\"elementor-widget-container\">\n\t\t\t\t\t<h4 class=\"elementor-heading-title elementor-size-default\">Wie ist Chemviron nachhaltig?<\/h4>\t\t\t\t<\/div>\n\t\t\t\t<\/div>\n\t\t\t\t<div class=\"elementor-element elementor-element-8b0ae1f elementor-widget-mobile__width-inherit elementor-widget elementor-widget-text-editor\" data-id=\"8b0ae1f\" data-element_type=\"widget\" data-e-type=\"widget\" data-widget_type=\"text-editor.default\">\n\t\t\t\t<div class=\"elementor-widget-container\">\n\t\t\t\t\t\t\t\t\t<div>\n<p>Chemviron ist der weltweit gr\u00f6\u00dfte Recycler (oder Reaktivator) von Aktivkohle und verf\u00fcgt \u00fcber Anlagen zum Recycling von Kohlenstoff in ganz Europa. Das kontinuierliche Engagement des Unternehmens f\u00fcr den Ausbau seiner Reaktivierungskapazit\u00e4ten hat Chemviron in die Lage versetzt, hochmoderne Verfahren f\u00fcr das Recycling von Aktivkohle zu entwickeln und so die Auswirkungen unseres<sub>CO2<\/sub>&nbsp;Fu\u00dfabdrucks zu verringern. &nbsp;&nbsp;<\/p>\n<\/div>\n<div>Durch die Entwicklung dieser umfassenden betriebsinternen Fachkenntnisse wird der Kohlenstoff dann thermisch recycelt oder in einem der von Chemviron speziell entwickelten Kohlenstoffreaktivierungs\u00f6fen reaktiviert. Diese \u00d6fen erm\u00f6glichen den Ingenieuren von Chemviron eine hohe Kontrolle \u00fcber die Prozessabl\u00e4ufe, um die Zerst\u00f6rung der adsorbierten Verunreinigungen zu erm\u00f6glichen und gleichzeitig die verbrauchte Kohle in einen wiederverwendbaren Zustand zu versetzen. <br><br><\/div>\n<div>Die Kombination von Reaktivierung mit den speziell entwickelten und hochwertigen Aktivkohlen von Chemviron bedeutet, dass die Kunden von einer kosteneffizienten und nachhaltigen Reinigungsl\u00f6sung profitieren k\u00f6nnen.&nbsp;<\/div>\t\t\t\t\t\t\t\t<\/div>\n\t\t\t\t<\/div>\n\t\t\t\t<\/div>\n\t\t\t\t\t<\/div>\n\t\t\t\t<\/div>\n\t\t<div class=\"elementor-element elementor-element-bbee6d8 e-flex e-con-boxed elementor-invisible e-con e-parent\" data-id=\"bbee6d8\" data-element_type=\"container\" data-e-type=\"container\" data-settings=\"{&quot;animation&quot;:&quot;fadeInUp&quot;}\">\n\t\t\t\t\t<div class=\"e-con-inner\">\n\t\t<div data-dce-background-color=\"#FFF4DA\" class=\"elementor-element elementor-element-b0a1cba e-con-full e-flex e-con e-child\" data-id=\"b0a1cba\" data-element_type=\"container\" data-e-type=\"container\" data-settings=\"{&quot;background_background&quot;:&quot;classic&quot;}\">\n\t\t\t\t<div class=\"elementor-element elementor-element-4757689 dce_masking-none elementor-widget elementor-widget-image\" data-id=\"4757689\" data-element_type=\"widget\" data-e-type=\"widget\" data-widget_type=\"image.default\">\n\t\t\t\t<div class=\"elementor-widget-container\">\n\t\t\t\t\t\t\t\t\t\t\t\t\t\t\t<img decoding=\"async\" width=\"136\" height=\"136\" src=\"https:\/\/www.chemviron.eu\/wp-content\/uploads\/2024\/01\/kuraray_pictogram_user-negative-1.png\" class=\"attachment-large size-large wp-image-1987\" alt=\"\" \/>\t\t\t\t\t\t\t\t\t\t\t\t\t\t\t<\/div>\n\t\t\t\t<\/div>\n\t\t\t\t<\/div>\n\t\t<div data-dce-background-color=\"#FFF4DA\" class=\"elementor-element elementor-element-435f436 e-con-full e-flex e-con e-child\" data-id=\"435f436\" data-element_type=\"container\" data-e-type=\"container\" data-settings=\"{&quot;background_background&quot;:&quot;classic&quot;}\">\n\t\t\t\t<div class=\"elementor-element elementor-element-31a2686 elementor-widget elementor-widget-heading\" data-id=\"31a2686\" data-element_type=\"widget\" data-e-type=\"widget\" data-widget_type=\"heading.default\">\n\t\t\t\t<div class=\"elementor-widget-container\">\n\t\t\t\t\t<h4 class=\"elementor-heading-title elementor-size-default\">Kontaktieren Sie unser engagiertes technisches Team f\u00fcr weitere Informationen.<\/h4>\t\t\t\t<\/div>\n\t\t\t\t<\/div>\n\t\t\t\t<div class=\"elementor-element elementor-element-cfecd97 elementor-widget elementor-widget-button\" data-id=\"cfecd97\" data-element_type=\"widget\" data-e-type=\"widget\" data-widget_type=\"button.default\">\n\t\t\t\t<div class=\"elementor-widget-container\">\n\t\t\t\t\t\t\t\t\t<div class=\"elementor-button-wrapper\">\n\t\t\t\t\t<a class=\"elementor-button elementor-button-link elementor-size-sm\" href=\"https:\/\/www.chemviron.eu\/de\/kontaktieren-sie-uns\/\">\n\t\t\t\t\t\t<span class=\"elementor-button-content-wrapper\">\n\t\t\t\t\t\t\t\t\t<span class=\"elementor-button-text\">Kontaktieren Sie uns<\/span>\n\t\t\t\t\t<\/span>\n\t\t\t\t\t<\/a>\n\t\t\t\t<\/div>\n\t\t\t\t\t\t\t\t<\/div>\n\t\t\t\t<\/div>\n\t\t\t\t<\/div>\n\t\t\t\t\t<\/div>\n\t\t\t\t<\/div>\n\t\t\t\t<\/div>\n\t\t","protected":false},"excerpt":{"rendered":"<p>Kl\u00e4rung von Abw\u00e4ssern Chemviron bietet einen umfassenden Service f\u00fcr die Reinigung von Industrieabw\u00e4ssern zur Adsorption sch\u00e4dlicher Verunreinigungen mit unserem mobilen Kohlefilterservice, der Aktivkohle-Technologie und dem Recycling der verbrauchten Aktivkohle. Die Erhaltung der Umwelt und die Sauberkeit und Sicherheit unseres Wassers sind von grundlegender Bedeutung f\u00fcr den Schutz der menschlichen Gesundheit und die Erhaltung der Zukunft [&hellip;]<\/p>\n","protected":false},"author":1,"featured_media":13715,"parent":12902,"menu_order":0,"comment_status":"closed","ping_status":"closed","template":"elementor_header_footer","meta":{"_acf_changed":false,"inline_featured_image":false,"footnotes":""},"class_list":["post-7014","page","type-page","status-publish","has-post-thumbnail","hentry"],"acf":[],"yoast_head":"<!-- This site is optimized with the Yoast SEO plugin v27.3 - https:\/\/yoast.com\/product\/yoast-seo-wordpress\/ -->\n<title>Kl\u00e4rungsl\u00f6sungen f\u00fcr industrielle und kommunale Abw\u00e4sser<\/title>\n<meta name=\"description\" content=\"Umfassende L\u00f6sungen f\u00fcr die Reinigung von industriellen und kommunalen Abw\u00e4ssern, um sch\u00e4dliche Verunreinigungen zu entfernen und die Auswirkungen auf die Umwelt zu mindern.\" \/>\n<meta name=\"robots\" content=\"index, follow, max-snippet:-1, max-image-preview:large, max-video-preview:-1\" \/>\n<link rel=\"canonical\" href=\"https:\/\/www.chemviron.eu\/de\/anwendungen\/klaerung-von-abwaessern\/\" \/>\n<meta property=\"og:locale\" content=\"de_DE\" \/>\n<meta property=\"og:type\" content=\"article\" \/>\n<meta property=\"og:title\" content=\"Kl\u00e4rungsl\u00f6sungen f\u00fcr industrielle und kommunale Abw\u00e4sser\" \/>\n<meta property=\"og:description\" content=\"Umfassende L\u00f6sungen f\u00fcr die Reinigung von industriellen und kommunalen Abw\u00e4ssern, um sch\u00e4dliche Verunreinigungen zu entfernen und die Auswirkungen auf die Umwelt zu mindern.\" \/>\n<meta property=\"og:url\" content=\"https:\/\/www.chemviron.eu\/de\/anwendungen\/klaerung-von-abwaessern\/\" \/>\n<meta property=\"og:site_name\" content=\"Chemviron\" \/>\n<meta property=\"article:modified_time\" content=\"2026-02-25T15:11:34+00:00\" \/>\n<meta property=\"og:image\" content=\"https:\/\/www.chemviron.eu\/wp-content\/uploads\/2023\/12\/Chemviron-Purification-of-Wastewater-300x300-1.jpg\" \/>\n\t<meta property=\"og:image:width\" content=\"300\" \/>\n\t<meta property=\"og:image:height\" content=\"300\" \/>\n\t<meta property=\"og:image:type\" content=\"image\/jpeg\" \/>\n<meta name=\"twitter:card\" content=\"summary_large_image\" \/>\n<meta name=\"twitter:label1\" content=\"Gesch\u00e4tzte Lesezeit\" \/>\n\t<meta name=\"twitter:data1\" content=\"4\u00a0Minuten\" \/>\n<script type=\"application\/ld+json\" class=\"yoast-schema-graph\">{\"@context\":\"https:\\\/\\\/schema.org\",\"@graph\":[{\"@type\":\"WebPage\",\"@id\":\"https:\\\/\\\/www.chemviron.eu\\\/de\\\/anwendungen\\\/klaerung-von-abwaessern\\\/\",\"url\":\"https:\\\/\\\/www.chemviron.eu\\\/de\\\/anwendungen\\\/klaerung-von-abwaessern\\\/\",\"name\":\"Kl\u00e4rungsl\u00f6sungen f\u00fcr industrielle und kommunale Abw\u00e4sser\",\"isPartOf\":{\"@id\":\"https:\\\/\\\/www.chemviron.eu\\\/de\\\/#website\"},\"primaryImageOfPage\":{\"@id\":\"https:\\\/\\\/www.chemviron.eu\\\/de\\\/anwendungen\\\/klaerung-von-abwaessern\\\/#primaryimage\"},\"image\":{\"@id\":\"https:\\\/\\\/www.chemviron.eu\\\/de\\\/anwendungen\\\/klaerung-von-abwaessern\\\/#primaryimage\"},\"thumbnailUrl\":\"https:\\\/\\\/www.chemviron.eu\\\/wp-content\\\/uploads\\\/2026\\\/02\\\/Wastewater-plant-scaled.jpeg\",\"datePublished\":\"2023-12-06T12:32:12+00:00\",\"dateModified\":\"2026-02-25T15:11:34+00:00\",\"description\":\"Umfassende L\u00f6sungen f\u00fcr die Reinigung von industriellen und kommunalen Abw\u00e4ssern, um sch\u00e4dliche Verunreinigungen zu entfernen und die Auswirkungen auf die Umwelt zu mindern.\",\"breadcrumb\":{\"@id\":\"https:\\\/\\\/www.chemviron.eu\\\/de\\\/anwendungen\\\/klaerung-von-abwaessern\\\/#breadcrumb\"},\"inLanguage\":\"de\",\"potentialAction\":[{\"@type\":\"ReadAction\",\"target\":[\"https:\\\/\\\/www.chemviron.eu\\\/de\\\/anwendungen\\\/klaerung-von-abwaessern\\\/\"]}]},{\"@type\":\"ImageObject\",\"inLanguage\":\"de\",\"@id\":\"https:\\\/\\\/www.chemviron.eu\\\/de\\\/anwendungen\\\/klaerung-von-abwaessern\\\/#primaryimage\",\"url\":\"https:\\\/\\\/www.chemviron.eu\\\/wp-content\\\/uploads\\\/2026\\\/02\\\/Wastewater-plant-scaled.jpeg\",\"contentUrl\":\"https:\\\/\\\/www.chemviron.eu\\\/wp-content\\\/uploads\\\/2026\\\/02\\\/Wastewater-plant-scaled.jpeg\",\"width\":2560,\"height\":1463,\"caption\":\"wastewater-purification-solution-with-activated-carbon\"},{\"@type\":\"BreadcrumbList\",\"@id\":\"https:\\\/\\\/www.chemviron.eu\\\/de\\\/anwendungen\\\/klaerung-von-abwaessern\\\/#breadcrumb\",\"itemListElement\":[{\"@type\":\"ListItem\",\"position\":1,\"name\":\"Startseite\",\"item\":\"https:\\\/\\\/www.chemviron.eu\\\/de\\\/\"},{\"@type\":\"ListItem\",\"position\":2,\"name\":\"Anwendungen\",\"item\":\"https:\\\/\\\/www.chemviron.eu\\\/de\\\/anwendungen\\\/\"},{\"@type\":\"ListItem\",\"position\":3,\"name\":\"Abwasser\"}]},{\"@type\":\"WebSite\",\"@id\":\"https:\\\/\\\/www.chemviron.eu\\\/de\\\/#website\",\"url\":\"https:\\\/\\\/www.chemviron.eu\\\/de\\\/\",\"name\":\"Chemviron\",\"description\":\"Der Anbieter von Aufbereitungsl\u00f6sungen\",\"publisher\":{\"@id\":\"https:\\\/\\\/www.chemviron.eu\\\/de\\\/#organization\"},\"potentialAction\":[{\"@type\":\"SearchAction\",\"target\":{\"@type\":\"EntryPoint\",\"urlTemplate\":\"https:\\\/\\\/www.chemviron.eu\\\/de\\\/?s={search_term_string}\"},\"query-input\":{\"@type\":\"PropertyValueSpecification\",\"valueRequired\":true,\"valueName\":\"search_term_string\"}}],\"inLanguage\":\"de\"},{\"@type\":\"Organization\",\"@id\":\"https:\\\/\\\/www.chemviron.eu\\\/de\\\/#organization\",\"name\":\"Chemviron\",\"url\":\"https:\\\/\\\/www.chemviron.eu\\\/de\\\/\",\"logo\":{\"@type\":\"ImageObject\",\"inLanguage\":\"de\",\"@id\":\"https:\\\/\\\/www.chemviron.eu\\\/de\\\/#\\\/schema\\\/logo\\\/image\\\/\",\"url\":\"https:\\\/\\\/www.chemviron.eu\\\/wp-content\\\/uploads\\\/2023\\\/12\\\/Chemviron-logo.jpg\",\"contentUrl\":\"https:\\\/\\\/www.chemviron.eu\\\/wp-content\\\/uploads\\\/2023\\\/12\\\/Chemviron-logo.jpg\",\"width\":1667,\"height\":833,\"caption\":\"Chemviron\"},\"image\":{\"@id\":\"https:\\\/\\\/www.chemviron.eu\\\/de\\\/#\\\/schema\\\/logo\\\/image\\\/\"},\"sameAs\":[\"https:\\\/\\\/www.linkedin.com\\\/company\\\/chemviron\\\/\"]}]}<\/script>\n<!-- \/ Yoast SEO plugin. -->","yoast_head_json":{"title":"Kl\u00e4rungsl\u00f6sungen f\u00fcr industrielle und kommunale Abw\u00e4sser","description":"Umfassende L\u00f6sungen f\u00fcr die Reinigung von industriellen und kommunalen Abw\u00e4ssern, um sch\u00e4dliche Verunreinigungen zu entfernen und die Auswirkungen auf die Umwelt zu mindern.","robots":{"index":"index","follow":"follow","max-snippet":"max-snippet:-1","max-image-preview":"max-image-preview:large","max-video-preview":"max-video-preview:-1"},"canonical":"https:\/\/www.chemviron.eu\/de\/anwendungen\/klaerung-von-abwaessern\/","og_locale":"de_DE","og_type":"article","og_title":"Kl\u00e4rungsl\u00f6sungen f\u00fcr industrielle und kommunale Abw\u00e4sser","og_description":"Umfassende L\u00f6sungen f\u00fcr die Reinigung von industriellen und kommunalen Abw\u00e4ssern, um sch\u00e4dliche Verunreinigungen zu entfernen und die Auswirkungen auf die Umwelt zu mindern.","og_url":"https:\/\/www.chemviron.eu\/de\/anwendungen\/klaerung-von-abwaessern\/","og_site_name":"Chemviron","article_modified_time":"2026-02-25T15:11:34+00:00","og_image":[{"width":300,"height":300,"url":"https:\/\/www.chemviron.eu\/wp-content\/uploads\/2023\/12\/Chemviron-Purification-of-Wastewater-300x300-1.jpg","type":"image\/jpeg"}],"twitter_card":"summary_large_image","twitter_misc":{"Gesch\u00e4tzte Lesezeit":"4\u00a0Minuten"},"schema":{"@context":"https:\/\/schema.org","@graph":[{"@type":"WebPage","@id":"https:\/\/www.chemviron.eu\/de\/anwendungen\/klaerung-von-abwaessern\/","url":"https:\/\/www.chemviron.eu\/de\/anwendungen\/klaerung-von-abwaessern\/","name":"Kl\u00e4rungsl\u00f6sungen f\u00fcr industrielle und kommunale Abw\u00e4sser","isPartOf":{"@id":"https:\/\/www.chemviron.eu\/de\/#website"},"primaryImageOfPage":{"@id":"https:\/\/www.chemviron.eu\/de\/anwendungen\/klaerung-von-abwaessern\/#primaryimage"},"image":{"@id":"https:\/\/www.chemviron.eu\/de\/anwendungen\/klaerung-von-abwaessern\/#primaryimage"},"thumbnailUrl":"https:\/\/www.chemviron.eu\/wp-content\/uploads\/2026\/02\/Wastewater-plant-scaled.jpeg","datePublished":"2023-12-06T12:32:12+00:00","dateModified":"2026-02-25T15:11:34+00:00","description":"Umfassende L\u00f6sungen f\u00fcr die Reinigung von industriellen und kommunalen Abw\u00e4ssern, um sch\u00e4dliche Verunreinigungen zu entfernen und die Auswirkungen auf die Umwelt zu mindern.","breadcrumb":{"@id":"https:\/\/www.chemviron.eu\/de\/anwendungen\/klaerung-von-abwaessern\/#breadcrumb"},"inLanguage":"de","potentialAction":[{"@type":"ReadAction","target":["https:\/\/www.chemviron.eu\/de\/anwendungen\/klaerung-von-abwaessern\/"]}]},{"@type":"ImageObject","inLanguage":"de","@id":"https:\/\/www.chemviron.eu\/de\/anwendungen\/klaerung-von-abwaessern\/#primaryimage","url":"https:\/\/www.chemviron.eu\/wp-content\/uploads\/2026\/02\/Wastewater-plant-scaled.jpeg","contentUrl":"https:\/\/www.chemviron.eu\/wp-content\/uploads\/2026\/02\/Wastewater-plant-scaled.jpeg","width":2560,"height":1463,"caption":"wastewater-purification-solution-with-activated-carbon"},{"@type":"BreadcrumbList","@id":"https:\/\/www.chemviron.eu\/de\/anwendungen\/klaerung-von-abwaessern\/#breadcrumb","itemListElement":[{"@type":"ListItem","position":1,"name":"Startseite","item":"https:\/\/www.chemviron.eu\/de\/"},{"@type":"ListItem","position":2,"name":"Anwendungen","item":"https:\/\/www.chemviron.eu\/de\/anwendungen\/"},{"@type":"ListItem","position":3,"name":"Abwasser"}]},{"@type":"WebSite","@id":"https:\/\/www.chemviron.eu\/de\/#website","url":"https:\/\/www.chemviron.eu\/de\/","name":"Chemviron","description":"Der Anbieter von Aufbereitungsl\u00f6sungen","publisher":{"@id":"https:\/\/www.chemviron.eu\/de\/#organization"},"potentialAction":[{"@type":"SearchAction","target":{"@type":"EntryPoint","urlTemplate":"https:\/\/www.chemviron.eu\/de\/?s={search_term_string}"},"query-input":{"@type":"PropertyValueSpecification","valueRequired":true,"valueName":"search_term_string"}}],"inLanguage":"de"},{"@type":"Organization","@id":"https:\/\/www.chemviron.eu\/de\/#organization","name":"Chemviron","url":"https:\/\/www.chemviron.eu\/de\/","logo":{"@type":"ImageObject","inLanguage":"de","@id":"https:\/\/www.chemviron.eu\/de\/#\/schema\/logo\/image\/","url":"https:\/\/www.chemviron.eu\/wp-content\/uploads\/2023\/12\/Chemviron-logo.jpg","contentUrl":"https:\/\/www.chemviron.eu\/wp-content\/uploads\/2023\/12\/Chemviron-logo.jpg","width":1667,"height":833,"caption":"Chemviron"},"image":{"@id":"https:\/\/www.chemviron.eu\/de\/#\/schema\/logo\/image\/"},"sameAs":["https:\/\/www.linkedin.com\/company\/chemviron\/"]}]}},"_links":{"self":[{"href":"https:\/\/www.chemviron.eu\/de\/wp-json\/wp\/v2\/pages\/7014","targetHints":{"allow":["GET"]}}],"collection":[{"href":"https:\/\/www.chemviron.eu\/de\/wp-json\/wp\/v2\/pages"}],"about":[{"href":"https:\/\/www.chemviron.eu\/de\/wp-json\/wp\/v2\/types\/page"}],"author":[{"embeddable":true,"href":"https:\/\/www.chemviron.eu\/de\/wp-json\/wp\/v2\/users\/1"}],"replies":[{"embeddable":true,"href":"https:\/\/www.chemviron.eu\/de\/wp-json\/wp\/v2\/comments?post=7014"}],"version-history":[{"count":5,"href":"https:\/\/www.chemviron.eu\/de\/wp-json\/wp\/v2\/pages\/7014\/revisions"}],"predecessor-version":[{"id":13643,"href":"https:\/\/www.chemviron.eu\/de\/wp-json\/wp\/v2\/pages\/7014\/revisions\/13643"}],"up":[{"embeddable":true,"href":"https:\/\/www.chemviron.eu\/de\/wp-json\/wp\/v2\/pages\/12902"}],"wp:featuredmedia":[{"embeddable":true,"href":"https:\/\/www.chemviron.eu\/de\/wp-json\/wp\/v2\/media\/13715"}],"wp:attachment":[{"href":"https:\/\/www.chemviron.eu\/de\/wp-json\/wp\/v2\/media?parent=7014"}],"curies":[{"name":"wp","href":"https:\/\/api.w.org\/{rel}","templated":true}]}}