{"id":13032,"date":"2023-12-06T12:34:15","date_gmt":"2023-12-06T12:34:15","guid":{"rendered":"https:\/\/www.chemviron.eu\/anwendungen\/essen-trinken\/"},"modified":"2026-02-13T13:40:14","modified_gmt":"2026-02-13T13:40:14","slug":"essen-trinken","status":"publish","type":"page","link":"https:\/\/www.chemviron.eu\/de\/anwendungen\/essen-trinken\/","title":{"rendered":"Essen &amp; Trinken"},"content":{"rendered":"\t\t<div data-elementor-type=\"wp-page\" data-elementor-id=\"13032\" class=\"elementor elementor-13032 elementor-637\" data-elementor-post-type=\"page\">\n\t\t\t\t<div class=\"elementor-element elementor-element-782ab9a3 e-flex e-con-boxed e-con e-parent\" data-id=\"782ab9a3\" data-element_type=\"container\" data-e-type=\"container\">\n\t\t\t\t\t<div class=\"e-con-inner\">\n\t\t<div class=\"elementor-element elementor-element-5f2d1751 e-con-full e-flex e-con e-child\" data-id=\"5f2d1751\" data-element_type=\"container\" data-e-type=\"container\">\n\t\t\t\t<div class=\"elementor-element elementor-element-4aa1d094 elementor-invisible elementor-widget elementor-widget-heading\" data-id=\"4aa1d094\" data-element_type=\"widget\" data-e-type=\"widget\" data-settings=\"{&quot;_animation&quot;:&quot;fadeIn&quot;}\" data-widget_type=\"heading.default\">\n\t\t\t\t<div class=\"elementor-widget-container\">\n\t\t\t\t\t<h1 class=\"elementor-heading-title elementor-size-default\">Essen &amp; Trinken<\/h1>\t\t\t\t<\/div>\n\t\t\t\t<\/div>\n\t\t\t\t<div class=\"elementor-element elementor-element-236f7f94 elementor-invisible elementor-widget elementor-widget-heading\" data-id=\"236f7f94\" data-element_type=\"widget\" data-e-type=\"widget\" data-settings=\"{&quot;_animation&quot;:&quot;fadeIn&quot;,&quot;_animation_delay&quot;:400}\" data-widget_type=\"heading.default\">\n\t\t\t\t<div class=\"elementor-widget-container\">\n\t\t\t\t\t<h2 class=\"elementor-heading-title elementor-size-default\">Chemviron bietet umfassende Reinigungsl\u00f6sungen zur Entfernung von Verunreinigungen oder Farbe aus Lebensmittel- und Getr\u00e4nkeprozessen. Dabei verwenden wir unsere speziellen Aktivkohlen, recyceln verbrauchte Aktivkohlen durch Reaktivierung und bieten unseren mobilen Kohlefilterservice an.<\/h2>\t\t\t\t<\/div>\n\t\t\t\t<\/div>\n\t\t\t\t<\/div>\n\t\t<div data-dce-background-image-url=\"https:\/\/www.chemviron.eu\/wp-content\/uploads\/2024\/01\/Applications_Food-and-Beverage-e1711539134849.jpg\" class=\"elementor-element elementor-element-20c94248 e-con-full e-flex e-con e-child\" data-id=\"20c94248\" data-element_type=\"container\" data-e-type=\"container\" data-settings=\"{&quot;background_background&quot;:&quot;classic&quot;}\">\n\t\t\t\t<\/div>\n\t\t\t\t\t<\/div>\n\t\t\t\t<\/div>\n\t\t<div data-dce-background-overlay-image-url=\"https:\/\/www.chemviron.eu\/wp-content\/uploads\/2024\/01\/kuraray_circle_grid_landscape_rgb-1.svg\" class=\"elementor-element elementor-element-57924ab e-flex e-con-boxed e-con e-parent\" data-id=\"57924ab\" data-element_type=\"container\" data-e-type=\"container\">\n\t\t\t\t\t<div class=\"e-con-inner\">\n\t\t<div class=\"elementor-element elementor-element-5d6c99c5 e-con-full e-flex e-con e-child\" data-id=\"5d6c99c5\" data-element_type=\"container\" data-e-type=\"container\">\n\t\t\t\t<div class=\"elementor-element elementor-element-5984941d elementor-widget-mobile__width-inherit elementor-widget elementor-widget-text-editor\" data-id=\"5984941d\" data-element_type=\"widget\" data-e-type=\"widget\" data-widget_type=\"text-editor.default\">\n\t\t\t\t<div class=\"elementor-widget-container\">\n\t\t\t\t\t\t\t\t\t<p>Viele Lebensmittel- oder Getr\u00e4nkeprodukte beinhalten einen Reinigungsschritt, um Farbverunreinigungen, Geschmacks- und Geruchsbestandteile zu entfernen, die im Prozess entstehen oder aus dem Quellwasser stammen, das zur Herstellung des Endprodukts verwendet wird. Chemviron bietet eine Reihe von Aktivkohleprodukten mit gleichbleibend hoher Qualit\u00e4t, die eine kosteneffiziente und bew\u00e4hrte Entfernung dieser Verunreinigungen erm\u00f6glichen und, falls erforderlich, die verbrauchte Aktivkohle kundenspezifisch f\u00fcr die Wiederverwendung im selben Prozess recyceln k\u00f6nnen. <\/p>\t\t\t\t\t\t\t\t<\/div>\n\t\t\t\t<\/div>\n\t\t\t\t<div class=\"elementor-element elementor-element-20c32144 elementor-widget elementor-widget-heading\" data-id=\"20c32144\" data-element_type=\"widget\" data-e-type=\"widget\" data-widget_type=\"heading.default\">\n\t\t\t\t<div class=\"elementor-widget-container\">\n\t\t\t\t\t<h2 class=\"elementor-heading-title elementor-size-default\">Aktivkohletechnologie zur Farbentfernung oder Reinigung<\/h2>\t\t\t\t<\/div>\n\t\t\t\t<\/div>\n\t\t\t\t<div class=\"elementor-element elementor-element-66998650 elementor-widget-mobile__width-inherit elementor-widget elementor-widget-text-editor\" data-id=\"66998650\" data-element_type=\"widget\" data-e-type=\"widget\" data-widget_type=\"text-editor.default\">\n\t\t\t\t<div class=\"elementor-widget-container\">\n\t\t\t\t\t\t\t\t\t<div><p>Mehrere Lebensmittelzusatzstoffe wie S\u00fc\u00dfstoffe, Zucker und Maissirup, Lebens- und Aminos\u00e4uren sowie Glycerin erfordern eine Entf\u00e4rbung, Reinigung oder Entfernung unerw\u00fcnschter Nebenprodukte in den letzten Produktionsschritten. Die Entfernung dieser Verbindungen und die Entf\u00e4rbung des Rohmaterials erfolgt mit Aktivkohle, die hochwirksam und zuverl\u00e4ssig ist, um die erforderliche Reinheit und Spurenfarbstandards zu erf\u00fcllen.<\/p><\/div><div><p>Chemviron hat auch spezielle Aktivkohlesorten entwickelt, um polyzyklische aromatische Kohlenwasserstoffe (PAK) und unerw\u00fcnschte Verunreinigungen f\u00fcr die Speise\u00f6lindustrie zu entfernen.<\/p><\/div><div><p>In der Abf\u00fcll- und Brauindustrie ist es wichtig, unerw\u00fcnschte Farbe, Geschmack und Geruch aus Fruchts\u00e4ften, Saftkonzentraten, Wein, Malzgetr\u00e4nken und Spirituosen zu entfernen. Die hochreinen Aktivkohlen von Chemviron sind die ideale L\u00f6sung f\u00fcr diese Anwendung. Dar\u00fcber hinaus kann das in diesen Prozessen verwendete Wasser auch eine Entchlorung, die Entfernung von organischen Spurenstoffen oder Restgeschm\u00e4ckern erfordern. Die Aktivkohlen von Chemviron sind hochwirksam bei der Reinigung des in dieser Industrie verwendeten Wassers.<\/p><\/div><div>Chemviron schl\u00e4gt die am besten geeignete Aktivkohle entsprechend ihren inh\u00e4renten Eigenschaften und den Anforderungen des Prozesses vor.<\/div><div>\u00a0<\/div><div><p><a class=\"internal-link\" title=\"\u00d6ffnet den internen Link im aktuellen Fenster\" href=\"https:\/\/www.chemviron.eu\/de\/kontaktieren-sie-uns\/\"><strong>Kontaktieren Sie unser engagiertes Team f\u00fcr technische Dienstleistungen<\/strong><\/a> um m\u00f6gliche Behandlungsl\u00f6sungen zu besprechen.<\/p><\/div>\t\t\t\t\t\t\t\t<\/div>\n\t\t\t\t<\/div>\n\t\t\t\t<div class=\"elementor-element elementor-element-15fcb7d7 elementor-widget elementor-widget-heading\" data-id=\"15fcb7d7\" data-element_type=\"widget\" data-e-type=\"widget\" data-widget_type=\"heading.default\">\n\t\t\t\t<div class=\"elementor-widget-container\">\n\t\t\t\t\t<h2 class=\"elementor-heading-title elementor-size-default\">Warum Chemviron als Ihren Anbieter von Kohletechnologie w\u00e4hlen?<\/h2>\t\t\t\t<\/div>\n\t\t\t\t<\/div>\n\t\t\t\t<div class=\"elementor-element elementor-element-fff88fc elementor-widget-mobile__width-inherit elementor-widget elementor-widget-text-editor\" data-id=\"fff88fc\" data-element_type=\"widget\" data-e-type=\"widget\" data-widget_type=\"text-editor.default\">\n\t\t\t\t<div class=\"elementor-widget-container\">\n\t\t\t\t\t\t\t\t\t<div><p>Chemviron ist der weltweit gr\u00f6\u00dfte Hersteller von k\u00f6rnigen Aktivkohlen, die seit \u00fcber 80 Jahren Luft, Wasser, Lebensmittel und Getr\u00e4nke reinigen. Als Hersteller von Aktivkohlen auf Kohle-, Kokosnuss- und Holzbasis, die f\u00fcr jede Anwendung entwickelt wurden, ist Chemviron einzigartig positioniert, um das beste Produkt und die beste L\u00f6sung auszuw\u00e4hlen.<\/p><\/div><div><p>Im Laufe seiner langen Geschichte hat Chemviron umfangreiches Fachwissen und Erfahrung entwickelt, um Zucker- und Lebensmittelverarbeitern praktische und technische Unterst\u00fctzung zu bieten.<\/p><\/div><div><ul><li>Fachwissen und technische Unterst\u00fctzung, um Sie zu beraten und Ihnen zu helfen, die effizienteste L\u00f6sung zu finden, die am besten zu Ihrem Prozess passt \u2013 <a class=\"internal-link\" title=\"\u00d6ffnet den internen Link im aktuellen Fenster\" href=\"https:\/\/www.chemviron.eu\/de\/kontaktieren-sie-uns\/\">wenden Sie sich an einen Vertreter, um mehr zu erfahren.<\/a><\/li><li>Bewertungen im Laborma\u00dfstab und Testeinrichtungen oder Pilotanlagen f\u00fcr Tests vor Ort, um die optimalen Betriebsbedingungen zu beurteilen, die bei der Bestimmung der optimalen L\u00f6sung von unsch\u00e4tzbarem Wert sind.<\/li><li>Die Bereitstellung von Aktivkohlen mit gleichbleibender Qualit\u00e4t und hoher Reinheit, die f\u00fcr Ihre Anwendung ausgew\u00e4hlt und von Chemviron geliefert werden.<\/li><li>Nach dem Gebrauch kann die verbrauchte Aktivkohle f\u00fcr relevante Anwendungen kundenspezifisch reaktiviert werden. Dieser Prozess bedeutet, dass die verbrauchte Aktivkohle eines Kunden recycelt und zur Wiederverwendung in seinem spezifischen Lebensmittelprozess zur\u00fcckgegeben wird.<\/li><li>Chemviron bietet ein hohes Ma\u00df an Sicherheit f\u00fcr die Lebensmittelindustrie, da unser Standort in Feluy, Belgien, nach ISO 22000 f\u00fcr Lebensmittelsicherheitsmanagement akkreditiert ist.<\/li><li>Mobile Kohlefilter aus der umfangreichen <strong> <a class=\"internal-link\" title=\"\u00d6ffnet den internen Link im aktuellen Fenster\" href=\"https:\/\/www.chemviron.eu\/de\/loesungen\/mobile-kohlefilter\/wasser-fluessigkeiten\/\">CYCLESORB<\/a><sup><a class=\"internal-link\" title=\"\u00d6ffnet den internen Link im aktuellen Fenster\" href=\"https:\/\/www.chemviron.eu\/de\/loesungen\/mobile-kohlefilter\/wasser-fluessigkeiten\/\">\u00ae<\/a><\/sup><\/strong> Flotte, vorgef\u00fcllt mit der ausgew\u00e4hlten Aktivkohle, sind auf Mietbasis erh\u00e4ltlich, werden umgehend geliefert und vor Ort f\u00fcr den sofortigen Einsatz installiert.<\/li><\/ul><\/div>\t\t\t\t\t\t\t\t<\/div>\n\t\t\t\t<\/div>\n\t\t\t\t<div class=\"elementor-element elementor-element-175bf92c elementor-widget elementor-widget-heading\" data-id=\"175bf92c\" data-element_type=\"widget\" data-e-type=\"widget\" data-widget_type=\"heading.default\">\n\t\t\t\t<div class=\"elementor-widget-container\">\n\t\t\t\t\t<h2 class=\"elementor-heading-title elementor-size-default\">Wie ist Chemviron nachhaltig?<\/h2>\t\t\t\t<\/div>\n\t\t\t\t<\/div>\n\t\t\t\t<div class=\"elementor-element elementor-element-4008786a elementor-widget-mobile__width-inherit elementor-widget elementor-widget-text-editor\" data-id=\"4008786a\" data-element_type=\"widget\" data-e-type=\"widget\" data-widget_type=\"text-editor.default\">\n\t\t\t\t<div class=\"elementor-widget-container\">\n\t\t\t\t\t\t\t\t\t<div>\n<p>Chemviron ist der weltweit gr\u00f6\u00dfte Recycler (oder Reaktivierer) von Aktivkohlen und verf\u00fcgt \u00fcber Anlagen zur Reaktivierung von Kohlen in ganz Europa. Das kontinuierliche Engagement des Unternehmens f\u00fcr den Ausbau seiner Reaktivierungskapazit\u00e4ten hat Chemviron in die Lage versetzt, hochmoderne Verfahren f\u00fcr das Recycling von Aktivkohle zu entwickeln und so die Auswirkungen unseres<sub>CO2<\/sub>&nbsp;Fu\u00dfabdrucks zu verringern.&nbsp;&nbsp;<\/p>\n<\/div>\n<div>Die verbrauchte Aktivkohle wird in einem der kundenspezifisch entwickelten Kohlenreaktivierungs\u00f6fen von Chemviron thermisch recycelt und reaktiviert. Das Fachwissen, das \u00fcber Jahre hinweg bei der Betreuung der Lebensmittelindustrie entwickelt wurde, stellt sicher, dass unsere reaktivierten Kohlen in Lebensmittelqualit\u00e4t von hoher Qualit\u00e4t bleiben. &nbsp;<\/div><div><br><\/div>\n<div>Die Kombination aus Reaktivierung und den speziell entwickelten und hochwertigen Aktivkohlen von Chemviron bedeutet, dass Kunden von einer kosteneffizienten und nachhaltigen Reinigungsl\u00f6sung profitieren k\u00f6nnen.<\/div>\t\t\t\t\t\t\t\t<\/div>\n\t\t\t\t<\/div>\n\t\t\t\t<\/div>\n\t\t\t\t\t<\/div>\n\t\t\t\t<\/div>\n\t\t<div class=\"elementor-element elementor-element-40e18983 e-flex e-con-boxed elementor-invisible e-con e-parent\" data-id=\"40e18983\" data-element_type=\"container\" data-e-type=\"container\" data-settings=\"{&quot;animation&quot;:&quot;fadeInUp&quot;}\">\n\t\t\t\t\t<div class=\"e-con-inner\">\n\t\t<div data-dce-background-color=\"#FFF4DA\" class=\"elementor-element elementor-element-3a8493da e-con-full e-flex e-con e-child\" data-id=\"3a8493da\" data-element_type=\"container\" data-e-type=\"container\" data-settings=\"{&quot;background_background&quot;:&quot;classic&quot;}\">\n\t\t\t\t<div class=\"elementor-element elementor-element-314d4369 dce_masking-none elementor-widget elementor-widget-image\" data-id=\"314d4369\" data-element_type=\"widget\" data-e-type=\"widget\" data-widget_type=\"image.default\">\n\t\t\t\t<div class=\"elementor-widget-container\">\n\t\t\t\t\t\t\t\t\t\t\t\t\t\t\t<img decoding=\"async\" width=\"136\" height=\"136\" src=\"https:\/\/www.chemviron.eu\/wp-content\/uploads\/2024\/01\/kuraray_pictogram_user-negative-1-1.png\" class=\"attachment-large size-large wp-image-2608\" alt=\"\" \/>\t\t\t\t\t\t\t\t\t\t\t\t\t\t\t<\/div>\n\t\t\t\t<\/div>\n\t\t\t\t<\/div>\n\t\t<div data-dce-background-color=\"#FFF4DA\" class=\"elementor-element elementor-element-499e9dcd e-con-full e-flex e-con e-child\" data-id=\"499e9dcd\" data-element_type=\"container\" data-e-type=\"container\" data-settings=\"{&quot;background_background&quot;:&quot;classic&quot;}\">\n\t\t\t\t<div class=\"elementor-element elementor-element-103412bc elementor-widget elementor-widget-heading\" data-id=\"103412bc\" data-element_type=\"widget\" data-e-type=\"widget\" data-widget_type=\"heading.default\">\n\t\t\t\t<div class=\"elementor-widget-container\">\n\t\t\t\t\t<h4 class=\"elementor-heading-title elementor-size-default\">Kontaktieren Sie unser engagiertes technisches Team f\u00fcr weitere Informationen.<\/h4>\t\t\t\t<\/div>\n\t\t\t\t<\/div>\n\t\t\t\t<div class=\"elementor-element elementor-element-2e8aba4 elementor-widget elementor-widget-button\" data-id=\"2e8aba4\" data-element_type=\"widget\" data-e-type=\"widget\" data-widget_type=\"button.default\">\n\t\t\t\t<div class=\"elementor-widget-container\">\n\t\t\t\t\t\t\t\t\t<div class=\"elementor-button-wrapper\">\n\t\t\t\t\t<a class=\"elementor-button elementor-button-link elementor-size-sm\" href=\"https:\/\/www.chemviron.eu\/de\/kontaktieren-sie-uns\/\">\n\t\t\t\t\t\t<span class=\"elementor-button-content-wrapper\">\n\t\t\t\t\t\t\t\t\t<span class=\"elementor-button-text\">Kontaktieren Sie uns<\/span>\n\t\t\t\t\t<\/span>\n\t\t\t\t\t<\/a>\n\t\t\t\t<\/div>\n\t\t\t\t\t\t\t\t<\/div>\n\t\t\t\t<\/div>\n\t\t\t\t<\/div>\n\t\t\t\t\t<\/div>\n\t\t\t\t<\/div>\n\t\t\t\t<\/div>\n\t\t","protected":false},"excerpt":{"rendered":"<p>Essen &amp; Trinken Chemviron bietet umfassende Reinigungsl\u00f6sungen zur Entfernung von Verunreinigungen oder Farbe aus Lebensmittel- und Getr\u00e4nkeprozessen. Dabei verwenden wir unsere speziellen Aktivkohlen, recyceln verbrauchte Aktivkohlen durch Reaktivierung und bieten unseren mobilen Kohlefilterservice an. Viele Lebensmittel- oder Getr\u00e4nkeprodukte beinhalten einen Reinigungsschritt, um Farbverunreinigungen, Geschmacks- und Geruchsbestandteile zu entfernen, die im Prozess entstehen oder aus dem [&hellip;]<\/p>\n","protected":false},"author":1,"featured_media":14585,"parent":12902,"menu_order":0,"comment_status":"closed","ping_status":"closed","template":"","meta":{"_acf_changed":false,"inline_featured_image":false,"footnotes":""},"class_list":["post-13032","page","type-page","status-publish","has-post-thumbnail","hentry"],"acf":[],"yoast_head":"<!-- This site is optimized with the Yoast SEO plugin v27.3 - https:\/\/yoast.com\/product\/yoast-seo-wordpress\/ -->\n<title>L\u00f6sungen zur Reinigung von Lebensmitteln und Getr\u00e4nken von Verunreinigungen und Farbe<\/title>\n<meta name=\"description\" content=\"Umfassende Reinigungsl\u00f6sungen zur Entfernung von Verunreinigungen oder Farbe aus Lebensmittel- und Getr\u00e4nkeprozessen. Erfahren Sie jetzt mehr.\" \/>\n<meta name=\"robots\" content=\"index, follow, max-snippet:-1, max-image-preview:large, max-video-preview:-1\" \/>\n<link rel=\"canonical\" href=\"https:\/\/www.chemviron.eu\/de\/anwendungen\/essen-trinken\/\" \/>\n<meta property=\"og:locale\" content=\"de_DE\" \/>\n<meta property=\"og:type\" content=\"article\" \/>\n<meta property=\"og:title\" content=\"L\u00f6sungen zur Reinigung von Lebensmitteln und Getr\u00e4nken von Verunreinigungen und Farbe\" \/>\n<meta property=\"og:description\" content=\"Umfassende Reinigungsl\u00f6sungen zur Entfernung von Verunreinigungen oder Farbe aus Lebensmittel- und Getr\u00e4nkeprozessen. Erfahren Sie jetzt mehr.\" \/>\n<meta property=\"og:url\" content=\"https:\/\/www.chemviron.eu\/de\/anwendungen\/essen-trinken\/\" \/>\n<meta property=\"og:site_name\" content=\"Chemviron\" \/>\n<meta property=\"article:modified_time\" content=\"2026-02-13T13:40:14+00:00\" \/>\n<meta property=\"og:image\" content=\"https:\/\/www.chemviron.eu\/wp-content\/uploads\/2023\/12\/Chemviron-Food-Beverage-300x300-1.jpg\" \/>\n\t<meta property=\"og:image:width\" content=\"300\" \/>\n\t<meta property=\"og:image:height\" content=\"300\" \/>\n\t<meta property=\"og:image:type\" content=\"image\/jpeg\" \/>\n<meta name=\"twitter:card\" content=\"summary_large_image\" \/>\n<meta name=\"twitter:label1\" content=\"Gesch\u00e4tzte Lesezeit\" \/>\n\t<meta name=\"twitter:data1\" content=\"4\u00a0Minuten\" \/>\n<script type=\"application\/ld+json\" class=\"yoast-schema-graph\">{\"@context\":\"https:\\\/\\\/schema.org\",\"@graph\":[{\"@type\":\"WebPage\",\"@id\":\"https:\\\/\\\/www.chemviron.eu\\\/de\\\/anwendungen\\\/essen-trinken\\\/\",\"url\":\"https:\\\/\\\/www.chemviron.eu\\\/de\\\/anwendungen\\\/essen-trinken\\\/\",\"name\":\"L\u00f6sungen zur Reinigung von Lebensmitteln und Getr\u00e4nken von Verunreinigungen und Farbe\",\"isPartOf\":{\"@id\":\"https:\\\/\\\/www.chemviron.eu\\\/de\\\/#website\"},\"primaryImageOfPage\":{\"@id\":\"https:\\\/\\\/www.chemviron.eu\\\/de\\\/anwendungen\\\/essen-trinken\\\/#primaryimage\"},\"image\":{\"@id\":\"https:\\\/\\\/www.chemviron.eu\\\/de\\\/anwendungen\\\/essen-trinken\\\/#primaryimage\"},\"thumbnailUrl\":\"https:\\\/\\\/www.chemviron.eu\\\/wp-content\\\/uploads\\\/2026\\\/03\\\/AP_FoodBeverage_MI_BlueCans_Adobe_2026.jpeg\",\"datePublished\":\"2023-12-06T12:34:15+00:00\",\"dateModified\":\"2026-02-13T13:40:14+00:00\",\"description\":\"Umfassende Reinigungsl\u00f6sungen zur Entfernung von Verunreinigungen oder Farbe aus Lebensmittel- und Getr\u00e4nkeprozessen. Erfahren Sie jetzt mehr.\",\"breadcrumb\":{\"@id\":\"https:\\\/\\\/www.chemviron.eu\\\/de\\\/anwendungen\\\/essen-trinken\\\/#breadcrumb\"},\"inLanguage\":\"de\",\"potentialAction\":[{\"@type\":\"ReadAction\",\"target\":[\"https:\\\/\\\/www.chemviron.eu\\\/de\\\/anwendungen\\\/essen-trinken\\\/\"]}]},{\"@type\":\"ImageObject\",\"inLanguage\":\"de\",\"@id\":\"https:\\\/\\\/www.chemviron.eu\\\/de\\\/anwendungen\\\/essen-trinken\\\/#primaryimage\",\"url\":\"https:\\\/\\\/www.chemviron.eu\\\/wp-content\\\/uploads\\\/2026\\\/03\\\/AP_FoodBeverage_MI_BlueCans_Adobe_2026.jpeg\",\"contentUrl\":\"https:\\\/\\\/www.chemviron.eu\\\/wp-content\\\/uploads\\\/2026\\\/03\\\/AP_FoodBeverage_MI_BlueCans_Adobe_2026.jpeg\",\"width\":8736,\"height\":4896,\"caption\":\"activated-carbon-for-food-and-drinks-decolourisation\"},{\"@type\":\"BreadcrumbList\",\"@id\":\"https:\\\/\\\/www.chemviron.eu\\\/de\\\/anwendungen\\\/essen-trinken\\\/#breadcrumb\",\"itemListElement\":[{\"@type\":\"ListItem\",\"position\":1,\"name\":\"Startseite\",\"item\":\"https:\\\/\\\/www.chemviron.eu\\\/de\\\/\"},{\"@type\":\"ListItem\",\"position\":2,\"name\":\"Anwendungen\",\"item\":\"https:\\\/\\\/www.chemviron.eu\\\/de\\\/anwendungen\\\/\"},{\"@type\":\"ListItem\",\"position\":3,\"name\":\"Essen &amp; Trinken\"}]},{\"@type\":\"WebSite\",\"@id\":\"https:\\\/\\\/www.chemviron.eu\\\/de\\\/#website\",\"url\":\"https:\\\/\\\/www.chemviron.eu\\\/de\\\/\",\"name\":\"Chemviron\",\"description\":\"Der Anbieter von Aufbereitungsl\u00f6sungen\",\"publisher\":{\"@id\":\"https:\\\/\\\/www.chemviron.eu\\\/de\\\/#organization\"},\"potentialAction\":[{\"@type\":\"SearchAction\",\"target\":{\"@type\":\"EntryPoint\",\"urlTemplate\":\"https:\\\/\\\/www.chemviron.eu\\\/de\\\/?s={search_term_string}\"},\"query-input\":{\"@type\":\"PropertyValueSpecification\",\"valueRequired\":true,\"valueName\":\"search_term_string\"}}],\"inLanguage\":\"de\"},{\"@type\":\"Organization\",\"@id\":\"https:\\\/\\\/www.chemviron.eu\\\/de\\\/#organization\",\"name\":\"Chemviron\",\"url\":\"https:\\\/\\\/www.chemviron.eu\\\/de\\\/\",\"logo\":{\"@type\":\"ImageObject\",\"inLanguage\":\"de\",\"@id\":\"https:\\\/\\\/www.chemviron.eu\\\/de\\\/#\\\/schema\\\/logo\\\/image\\\/\",\"url\":\"https:\\\/\\\/www.chemviron.eu\\\/wp-content\\\/uploads\\\/2023\\\/12\\\/Chemviron-logo.jpg\",\"contentUrl\":\"https:\\\/\\\/www.chemviron.eu\\\/wp-content\\\/uploads\\\/2023\\\/12\\\/Chemviron-logo.jpg\",\"width\":1667,\"height\":833,\"caption\":\"Chemviron\"},\"image\":{\"@id\":\"https:\\\/\\\/www.chemviron.eu\\\/de\\\/#\\\/schema\\\/logo\\\/image\\\/\"},\"sameAs\":[\"https:\\\/\\\/www.linkedin.com\\\/company\\\/chemviron\\\/\"]}]}<\/script>\n<!-- \/ Yoast SEO plugin. -->","yoast_head_json":{"title":"L\u00f6sungen zur Reinigung von Lebensmitteln und Getr\u00e4nken von Verunreinigungen und Farbe","description":"Umfassende Reinigungsl\u00f6sungen zur Entfernung von Verunreinigungen oder Farbe aus Lebensmittel- und Getr\u00e4nkeprozessen. Erfahren Sie jetzt mehr.","robots":{"index":"index","follow":"follow","max-snippet":"max-snippet:-1","max-image-preview":"max-image-preview:large","max-video-preview":"max-video-preview:-1"},"canonical":"https:\/\/www.chemviron.eu\/de\/anwendungen\/essen-trinken\/","og_locale":"de_DE","og_type":"article","og_title":"L\u00f6sungen zur Reinigung von Lebensmitteln und Getr\u00e4nken von Verunreinigungen und Farbe","og_description":"Umfassende Reinigungsl\u00f6sungen zur Entfernung von Verunreinigungen oder Farbe aus Lebensmittel- und Getr\u00e4nkeprozessen. Erfahren Sie jetzt mehr.","og_url":"https:\/\/www.chemviron.eu\/de\/anwendungen\/essen-trinken\/","og_site_name":"Chemviron","article_modified_time":"2026-02-13T13:40:14+00:00","og_image":[{"width":300,"height":300,"url":"https:\/\/www.chemviron.eu\/wp-content\/uploads\/2023\/12\/Chemviron-Food-Beverage-300x300-1.jpg","type":"image\/jpeg"}],"twitter_card":"summary_large_image","twitter_misc":{"Gesch\u00e4tzte Lesezeit":"4\u00a0Minuten"},"schema":{"@context":"https:\/\/schema.org","@graph":[{"@type":"WebPage","@id":"https:\/\/www.chemviron.eu\/de\/anwendungen\/essen-trinken\/","url":"https:\/\/www.chemviron.eu\/de\/anwendungen\/essen-trinken\/","name":"L\u00f6sungen zur Reinigung von Lebensmitteln und Getr\u00e4nken von Verunreinigungen und Farbe","isPartOf":{"@id":"https:\/\/www.chemviron.eu\/de\/#website"},"primaryImageOfPage":{"@id":"https:\/\/www.chemviron.eu\/de\/anwendungen\/essen-trinken\/#primaryimage"},"image":{"@id":"https:\/\/www.chemviron.eu\/de\/anwendungen\/essen-trinken\/#primaryimage"},"thumbnailUrl":"https:\/\/www.chemviron.eu\/wp-content\/uploads\/2026\/03\/AP_FoodBeverage_MI_BlueCans_Adobe_2026.jpeg","datePublished":"2023-12-06T12:34:15+00:00","dateModified":"2026-02-13T13:40:14+00:00","description":"Umfassende Reinigungsl\u00f6sungen zur Entfernung von Verunreinigungen oder Farbe aus Lebensmittel- und Getr\u00e4nkeprozessen. Erfahren Sie jetzt mehr.","breadcrumb":{"@id":"https:\/\/www.chemviron.eu\/de\/anwendungen\/essen-trinken\/#breadcrumb"},"inLanguage":"de","potentialAction":[{"@type":"ReadAction","target":["https:\/\/www.chemviron.eu\/de\/anwendungen\/essen-trinken\/"]}]},{"@type":"ImageObject","inLanguage":"de","@id":"https:\/\/www.chemviron.eu\/de\/anwendungen\/essen-trinken\/#primaryimage","url":"https:\/\/www.chemviron.eu\/wp-content\/uploads\/2026\/03\/AP_FoodBeverage_MI_BlueCans_Adobe_2026.jpeg","contentUrl":"https:\/\/www.chemviron.eu\/wp-content\/uploads\/2026\/03\/AP_FoodBeverage_MI_BlueCans_Adobe_2026.jpeg","width":8736,"height":4896,"caption":"activated-carbon-for-food-and-drinks-decolourisation"},{"@type":"BreadcrumbList","@id":"https:\/\/www.chemviron.eu\/de\/anwendungen\/essen-trinken\/#breadcrumb","itemListElement":[{"@type":"ListItem","position":1,"name":"Startseite","item":"https:\/\/www.chemviron.eu\/de\/"},{"@type":"ListItem","position":2,"name":"Anwendungen","item":"https:\/\/www.chemviron.eu\/de\/anwendungen\/"},{"@type":"ListItem","position":3,"name":"Essen &amp; Trinken"}]},{"@type":"WebSite","@id":"https:\/\/www.chemviron.eu\/de\/#website","url":"https:\/\/www.chemviron.eu\/de\/","name":"Chemviron","description":"Der Anbieter von Aufbereitungsl\u00f6sungen","publisher":{"@id":"https:\/\/www.chemviron.eu\/de\/#organization"},"potentialAction":[{"@type":"SearchAction","target":{"@type":"EntryPoint","urlTemplate":"https:\/\/www.chemviron.eu\/de\/?s={search_term_string}"},"query-input":{"@type":"PropertyValueSpecification","valueRequired":true,"valueName":"search_term_string"}}],"inLanguage":"de"},{"@type":"Organization","@id":"https:\/\/www.chemviron.eu\/de\/#organization","name":"Chemviron","url":"https:\/\/www.chemviron.eu\/de\/","logo":{"@type":"ImageObject","inLanguage":"de","@id":"https:\/\/www.chemviron.eu\/de\/#\/schema\/logo\/image\/","url":"https:\/\/www.chemviron.eu\/wp-content\/uploads\/2023\/12\/Chemviron-logo.jpg","contentUrl":"https:\/\/www.chemviron.eu\/wp-content\/uploads\/2023\/12\/Chemviron-logo.jpg","width":1667,"height":833,"caption":"Chemviron"},"image":{"@id":"https:\/\/www.chemviron.eu\/de\/#\/schema\/logo\/image\/"},"sameAs":["https:\/\/www.linkedin.com\/company\/chemviron\/"]}]}},"_links":{"self":[{"href":"https:\/\/www.chemviron.eu\/de\/wp-json\/wp\/v2\/pages\/13032","targetHints":{"allow":["GET"]}}],"collection":[{"href":"https:\/\/www.chemviron.eu\/de\/wp-json\/wp\/v2\/pages"}],"about":[{"href":"https:\/\/www.chemviron.eu\/de\/wp-json\/wp\/v2\/types\/page"}],"author":[{"embeddable":true,"href":"https:\/\/www.chemviron.eu\/de\/wp-json\/wp\/v2\/users\/1"}],"replies":[{"embeddable":true,"href":"https:\/\/www.chemviron.eu\/de\/wp-json\/wp\/v2\/comments?post=13032"}],"version-history":[{"count":5,"href":"https:\/\/www.chemviron.eu\/de\/wp-json\/wp\/v2\/pages\/13032\/revisions"}],"predecessor-version":[{"id":13557,"href":"https:\/\/www.chemviron.eu\/de\/wp-json\/wp\/v2\/pages\/13032\/revisions\/13557"}],"up":[{"embeddable":true,"href":"https:\/\/www.chemviron.eu\/de\/wp-json\/wp\/v2\/pages\/12902"}],"wp:featuredmedia":[{"embeddable":true,"href":"https:\/\/www.chemviron.eu\/de\/wp-json\/wp\/v2\/media\/14585"}],"wp:attachment":[{"href":"https:\/\/www.chemviron.eu\/de\/wp-json\/wp\/v2\/media?parent=13032"}],"curies":[{"name":"wp","href":"https:\/\/api.w.org\/{rel}","templated":true}]}}