{"id":13023,"date":"2023-12-06T12:33:09","date_gmt":"2023-12-06T12:33:09","guid":{"rendered":"https:\/\/www.chemviron.eu\/anwendungen\/biogas-biomethan\/"},"modified":"2026-02-13T12:52:15","modified_gmt":"2026-02-13T12:52:15","slug":"biogas-biomethan","status":"publish","type":"page","link":"https:\/\/www.chemviron.eu\/de\/anwendungen\/biogas-biomethan\/","title":{"rendered":"Biogas &amp; Biomethan"},"content":{"rendered":"\t\t<div data-elementor-type=\"wp-page\" data-elementor-id=\"13023\" class=\"elementor elementor-13023 elementor-631\" data-elementor-post-type=\"page\">\n\t\t\t\t<div class=\"elementor-element elementor-element-3dea6426 e-flex e-con-boxed e-con e-parent\" data-id=\"3dea6426\" data-element_type=\"container\" data-e-type=\"container\">\n\t\t\t\t\t<div class=\"e-con-inner\">\n\t\t<div class=\"elementor-element elementor-element-1dd23e07 e-con-full e-flex e-con e-child\" data-id=\"1dd23e07\" data-element_type=\"container\" data-e-type=\"container\">\n\t\t\t\t<div class=\"elementor-element elementor-element-6923fcb4 elementor-invisible elementor-widget elementor-widget-heading\" data-id=\"6923fcb4\" data-element_type=\"widget\" data-e-type=\"widget\" data-settings=\"{&quot;_animation&quot;:&quot;fadeIn&quot;}\" data-widget_type=\"heading.default\">\n\t\t\t\t<div class=\"elementor-widget-container\">\n\t\t\t\t\t<h1 class=\"elementor-heading-title elementor-size-default\">Biogas &amp; Biomethan<\/h1>\t\t\t\t<\/div>\n\t\t\t\t<\/div>\n\t\t\t\t<div class=\"elementor-element elementor-element-2db43014 elementor-invisible elementor-widget elementor-widget-heading\" data-id=\"2db43014\" data-element_type=\"widget\" data-e-type=\"widget\" data-settings=\"{&quot;_animation&quot;:&quot;fadeIn&quot;,&quot;_animation_delay&quot;:400}\" data-widget_type=\"heading.default\">\n\t\t\t\t<div class=\"elementor-widget-container\">\n\t\t\t\t\t<h2 class=\"elementor-heading-title elementor-size-default\">Unsere ma\u00dfgeschneiderten mobilen CYCLEVENT MACH Kohlefilter, kombiniert mit unserer europ\u00e4ischen Produktion von spezialisierten H<sub>2<\/sub>S-Entfernungskohlen, bieten einen kosteng\u00fcnstigen und m\u00fchelosen Behandlungsservice f\u00fcr Biogas- und Biomethanaufbereitungsanwendungen.  <\/h2>\t\t\t\t<\/div>\n\t\t\t\t<\/div>\n\t\t\t\t<\/div>\n\t\t<div data-dce-background-image-url=\"https:\/\/www.chemviron.eu\/wp-content\/uploads\/2024\/01\/Applications_Biogas-e1711538768926.jpg\" class=\"elementor-element elementor-element-588f3e80 e-con-full e-flex e-con e-child\" data-id=\"588f3e80\" data-element_type=\"container\" data-e-type=\"container\" data-settings=\"{&quot;background_background&quot;:&quot;classic&quot;}\">\n\t\t\t\t<\/div>\n\t\t\t\t\t<\/div>\n\t\t\t\t<\/div>\n\t\t<div data-dce-background-overlay-image-url=\"https:\/\/www.chemviron.eu\/wp-content\/uploads\/2024\/01\/kuraray_circle_grid_landscape_rgb-1.svg\" class=\"elementor-element elementor-element-659a4968 e-flex e-con-boxed e-con e-parent\" data-id=\"659a4968\" data-element_type=\"container\" data-e-type=\"container\">\n\t\t\t\t\t<div class=\"e-con-inner\">\n\t\t<div class=\"elementor-element elementor-element-4424413 e-con-full e-flex e-con e-child\" data-id=\"4424413\" data-element_type=\"container\" data-e-type=\"container\">\n\t\t\t\t<div class=\"elementor-element elementor-element-22e84b72 elementor-widget-mobile__width-inherit elementor-widget elementor-widget-text-editor\" data-id=\"22e84b72\" data-element_type=\"widget\" data-e-type=\"widget\" data-widget_type=\"text-editor.default\">\n\t\t\t\t<div class=\"elementor-widget-container\">\n\t\t\t\t\t\t\t\t\t<div><p>Damit Biogas eine effektive Quelle f\u00fcr die Erzeugung erneuerbarer Energien sein kann, muss es zun\u00e4chst behandelt werden, um Verunreinigungen wie Siloxane und Schwefelwasserstoff (H<sub>2<\/sub>S) zu entfernen. Die innovativen mobilen Filtersysteme von Chemviron, abgestimmt auf unsere Aktivkohlen, die f\u00fcr hervorragende Leistung entwickelt wurden, bieten eine kosteng\u00fcnstige und nachhaltige Behandlungsl\u00f6sung f\u00fcr Biogas und Biomethan. <\/p><p>Chemviron ist seit \u00fcber 80 Jahren Pionier in der Entwicklung hochwertiger Aktivkohlen. Als Branchenf\u00fchrer hat Chemviron durch die Nutzung seiner langj\u00e4hrigen Ingenieurkompetenz und Branchenerfahrung Fachwissen in der Bereitstellung von L\u00f6sungen entwickelt. Dies bedeutet, dass das technische Serviceteam von Chemviron ma\u00dfgeschneiderte L\u00f6sungen f\u00fcr die Probleme der Kunden bei der Biogas- und Biomethanaufbereitung anbieten kann.  <\/p><\/div><div><p><strong><a class=\"external-link-new-window\" title=\"\u00d6ffnet den internen Link im aktuellen Fenster\" href=\"https:\/\/www.chemviron.eu\/de\/kontaktieren-sie-uns\/\" target=\"_blank\" rel=\"noopener\">Kontaktieren Sie unser engagiertes technisches Serviceteam<\/a><\/strong>, um m\u00f6gliche Behandlungsl\u00f6sungen zu besprechen.<\/p><\/div>\t\t\t\t\t\t\t\t<\/div>\n\t\t\t\t<\/div>\n\t\t\t\t<div class=\"elementor-element elementor-element-3061e3d4 elementor-widget elementor-widget-heading\" data-id=\"3061e3d4\" data-element_type=\"widget\" data-e-type=\"widget\" data-widget_type=\"heading.default\">\n\t\t\t\t<div class=\"elementor-widget-container\">\n\t\t\t\t\t<h3 class=\"elementor-heading-title elementor-size-default\">Warum ist Aktivkohle die bevorzugte Technologie?<\/h3>\t\t\t\t<\/div>\n\t\t\t\t<\/div>\n\t\t\t\t<div class=\"elementor-element elementor-element-5a98ea32 elementor-widget-mobile__width-inherit elementor-widget elementor-widget-text-editor\" data-id=\"5a98ea32\" data-element_type=\"widget\" data-e-type=\"widget\" data-widget_type=\"text-editor.default\">\n\t\t\t\t<div class=\"elementor-widget-container\">\n\t\t\t\t\t\t\t\t\t<div><p>Aktivkohle besitzt die st\u00e4rksten physikalischen Adsorptionskr\u00e4fte bzw. das h\u00f6chste Volumen an adsorbierenden Poren aller bekannten Materialien. Sie kann eine Oberfl\u00e4che von mehr als 1000 m\u00b2\/g aufweisen, was bedeutet, dass 3 g Aktivkohle die Oberfl\u00e4che eines Fu\u00dfballfeldes haben k\u00f6nnen. Dies macht sie zu einer ausgezeichneten Behandlungsl\u00f6sung f\u00fcr die Aufbereitung von Biogas und Biomethan. Der Einsatz chemisch impr\u00e4gnierter Aktivkohlen kann die Entfernungskapazit\u00e4t spezifischer Schadstoffe weiter verbessern.   <\/p><\/div><div>Die Adsorption an den hochwertigen Aktivkohlen von Chemviron ist eine effiziente und kosteng\u00fcnstige L\u00f6sung zur Entfernung von Verunreinigungen aus gasf\u00f6rmigen Str\u00f6men. Die Technologie von Chemviron ist zuverl\u00e4ssig, sicher, einfach und hat sich \u00fcber viele Jahre bew\u00e4hrt. <\/div>\t\t\t\t\t\t\t\t<\/div>\n\t\t\t\t<\/div>\n\t\t\t\t<div class=\"elementor-element elementor-element-3b3a74a elementor-widget elementor-widget-heading\" data-id=\"3b3a74a\" data-element_type=\"widget\" data-e-type=\"widget\" data-widget_type=\"heading.default\">\n\t\t\t\t<div class=\"elementor-widget-container\">\n\t\t\t\t\t<h4 class=\"elementor-heading-title elementor-size-default\">Mobile Kohlefilter<\/h4>\t\t\t\t<\/div>\n\t\t\t\t<\/div>\n\t\t\t\t<div class=\"elementor-element elementor-element-74adb961 elementor-widget-mobile__width-inherit elementor-widget elementor-widget-text-editor\" data-id=\"74adb961\" data-element_type=\"widget\" data-e-type=\"widget\" data-widget_type=\"text-editor.default\">\n\t\t\t\t<div class=\"elementor-widget-container\">\n\t\t\t\t\t\t\t\t\t<div><p>Unsere umfangreiche Flotte mobiler Kohleadsorber bietet eine schnelle und effektive L\u00f6sung zur Behandlung dieser Emissionen direkt an der Quelle. <span style=\"text-align: var(--text-align); background-color: var( --e-global-color-c696dce ); color: var( --e-global-color-text ); font-size: 1rem;\">Nach Gebrauch tauschen wir den Filter aus und entlasten Sie so von der Last des Austauschs der gebrauchten Aktivkohle vor Ort.<\/span><\/p><\/div><div>Diese Filter, die auf Mietbasis erh\u00e4ltlich sind, k\u00f6nnen umgehend f\u00fcr den sofortigen Einsatz bereitgestellt werden \u2013 weitere Informationen finden Sie in unseren <strong><a class=\"internal-link\" title=\"\u00d6ffnet den internen Link im aktuellen Fenster\" href=\"https:\/\/www.chemviron.eu\/de\/anwendungen\/biogas-biomethan\/\">CYCLEVENT<sup>\u00ae<\/sup> MACH mobilen Kohlefiltern.<\/a><\/strong><\/div><div>\u00a0<\/div><div>F\u00fcr Ratschl\u00e4ge, wie wir Ihnen helfen und Empfehlungen f\u00fcr den mobilen Filter und die Aktivkohle, die f\u00fcr Ihren Standort und Ihre spezifische Situation geeignet sind, geben k\u00f6nnen, kontaktieren Sie uns bitte f\u00fcr technische Beratung und Unterst\u00fctzung. Wir freuen uns darauf, von Ihnen zu h\u00f6ren.<\/div>\t\t\t\t\t\t\t\t<\/div>\n\t\t\t\t<\/div>\n\t\t\t\t<\/div>\n\t\t\t\t\t<\/div>\n\t\t\t\t<\/div>\n\t\t<div class=\"elementor-element elementor-element-7bc69263 e-flex e-con-boxed elementor-invisible e-con e-parent\" data-id=\"7bc69263\" data-element_type=\"container\" data-e-type=\"container\" data-settings=\"{&quot;animation&quot;:&quot;fadeInUp&quot;}\">\n\t\t\t\t\t<div class=\"e-con-inner\">\n\t\t<div data-dce-background-color=\"#FFF4DA\" class=\"elementor-element elementor-element-651a739c e-con-full e-flex e-con e-child\" data-id=\"651a739c\" data-element_type=\"container\" data-e-type=\"container\" data-settings=\"{&quot;background_background&quot;:&quot;classic&quot;}\">\n\t\t\t\t<div class=\"elementor-element elementor-element-71dd3b98 dce_masking-none elementor-widget elementor-widget-image\" data-id=\"71dd3b98\" data-element_type=\"widget\" data-e-type=\"widget\" data-widget_type=\"image.default\">\n\t\t\t\t<div class=\"elementor-widget-container\">\n\t\t\t\t\t\t\t\t\t\t\t\t\t\t\t<img decoding=\"async\" width=\"136\" height=\"136\" src=\"https:\/\/www.chemviron.eu\/wp-content\/uploads\/2024\/01\/kuraray_pictogram_user-negative-1-1.png\" class=\"attachment-large size-large wp-image-2608\" alt=\"\" \/>\t\t\t\t\t\t\t\t\t\t\t\t\t\t\t<\/div>\n\t\t\t\t<\/div>\n\t\t\t\t<\/div>\n\t\t<div data-dce-background-color=\"#FFF4DA\" class=\"elementor-element elementor-element-7d522980 e-con-full e-flex e-con e-child\" data-id=\"7d522980\" data-element_type=\"container\" data-e-type=\"container\" data-settings=\"{&quot;background_background&quot;:&quot;classic&quot;}\">\n\t\t\t\t<div class=\"elementor-element elementor-element-3498e4ba elementor-widget elementor-widget-heading\" data-id=\"3498e4ba\" data-element_type=\"widget\" data-e-type=\"widget\" data-widget_type=\"heading.default\">\n\t\t\t\t<div class=\"elementor-widget-container\">\n\t\t\t\t\t<h4 class=\"elementor-heading-title elementor-size-default\">Kontaktieren Sie unser engagiertes technisches Team f\u00fcr weitere Informationen.<\/h4>\t\t\t\t<\/div>\n\t\t\t\t<\/div>\n\t\t\t\t<div class=\"elementor-element elementor-element-919d820 elementor-widget elementor-widget-button\" data-id=\"919d820\" data-element_type=\"widget\" data-e-type=\"widget\" data-widget_type=\"button.default\">\n\t\t\t\t<div class=\"elementor-widget-container\">\n\t\t\t\t\t\t\t\t\t<div class=\"elementor-button-wrapper\">\n\t\t\t\t\t<a class=\"elementor-button elementor-button-link elementor-size-sm\" href=\"https:\/\/www.chemviron.eu\/de\/kontaktieren-sie-uns\/\">\n\t\t\t\t\t\t<span class=\"elementor-button-content-wrapper\">\n\t\t\t\t\t\t\t\t\t<span class=\"elementor-button-text\">Kontaktieren Sie uns<\/span>\n\t\t\t\t\t<\/span>\n\t\t\t\t\t<\/a>\n\t\t\t\t<\/div>\n\t\t\t\t\t\t\t\t<\/div>\n\t\t\t\t<\/div>\n\t\t\t\t<\/div>\n\t\t\t\t\t<\/div>\n\t\t\t\t<\/div>\n\t\t\t\t<\/div>\n\t\t","protected":false},"excerpt":{"rendered":"<p>Biogas &amp; Biomethan Unsere ma\u00dfgeschneiderten mobilen CYCLEVENT MACH Kohlefilter, kombiniert mit unserer europ\u00e4ischen Produktion von spezialisierten H2S-Entfernungskohlen, bieten einen kosteng\u00fcnstigen und m\u00fchelosen Behandlungsservice f\u00fcr Biogas- und Biomethanaufbereitungsanwendungen. Damit Biogas eine effektive Quelle f\u00fcr die Erzeugung erneuerbarer Energien sein kann, muss es zun\u00e4chst behandelt werden, um Verunreinigungen wie Siloxane und Schwefelwasserstoff (H2S) zu entfernen. Die innovativen [&hellip;]<\/p>\n","protected":false},"author":1,"featured_media":13745,"parent":12902,"menu_order":0,"comment_status":"closed","ping_status":"closed","template":"elementor_header_footer","meta":{"_acf_changed":false,"inline_featured_image":false,"footnotes":""},"class_list":["post-13023","page","type-page","status-publish","has-post-thumbnail","hentry"],"acf":[],"yoast_head":"<!-- This site is optimized with the Yoast SEO plugin v27.3 - https:\/\/yoast.com\/product\/yoast-seo-wordpress\/ -->\n<title>Biogas- &amp; Biomethanaufbereitung<\/title>\n<meta name=\"description\" content=\"Biogas- &amp; Biomethanaufbereitung: Eine kosteng\u00fcnstige, flexible L\u00f6sung zur Entfernung von H\u2082S, VOCs, Siloxanen und anderen Verunreinigungen. Erfahren Sie jetzt mehr.\" \/>\n<meta name=\"robots\" content=\"index, follow, max-snippet:-1, max-image-preview:large, max-video-preview:-1\" \/>\n<link rel=\"canonical\" href=\"https:\/\/www.chemviron.eu\/de\/anwendungen\/biogas-biomethan\/\" \/>\n<meta property=\"og:locale\" content=\"de_DE\" \/>\n<meta property=\"og:type\" content=\"article\" \/>\n<meta property=\"og:title\" content=\"Biogas- &amp; Biomethanaufbereitung\" \/>\n<meta property=\"og:description\" content=\"Biogas- &amp; Biomethanaufbereitung: Eine kosteng\u00fcnstige, flexible L\u00f6sung zur Entfernung von H\u2082S, VOCs, Siloxanen und anderen Verunreinigungen. Erfahren Sie jetzt mehr.\" \/>\n<meta property=\"og:url\" content=\"https:\/\/www.chemviron.eu\/de\/anwendungen\/biogas-biomethan\/\" \/>\n<meta property=\"og:site_name\" content=\"Chemviron\" \/>\n<meta property=\"article:modified_time\" content=\"2026-02-13T12:52:15+00:00\" \/>\n<meta property=\"og:image\" content=\"https:\/\/www.chemviron.eu\/wp-content\/uploads\/2024\/01\/Applications_Biogas-e1711538768926.jpg\" \/>\n\t<meta property=\"og:image:width\" content=\"1899\" \/>\n\t<meta property=\"og:image:height\" content=\"1340\" \/>\n\t<meta property=\"og:image:type\" content=\"image\/jpeg\" \/>\n<meta name=\"twitter:card\" content=\"summary_large_image\" \/>\n<meta name=\"twitter:label1\" content=\"Gesch\u00e4tzte Lesezeit\" \/>\n\t<meta name=\"twitter:data1\" content=\"3\u00a0Minuten\" \/>\n<script type=\"application\/ld+json\" class=\"yoast-schema-graph\">{\"@context\":\"https:\\\/\\\/schema.org\",\"@graph\":[{\"@type\":\"WebPage\",\"@id\":\"https:\\\/\\\/www.chemviron.eu\\\/de\\\/anwendungen\\\/biogas-biomethan\\\/\",\"url\":\"https:\\\/\\\/www.chemviron.eu\\\/de\\\/anwendungen\\\/biogas-biomethan\\\/\",\"name\":\"Biogas- & Biomethanaufbereitung\",\"isPartOf\":{\"@id\":\"https:\\\/\\\/www.chemviron.eu\\\/de\\\/#website\"},\"primaryImageOfPage\":{\"@id\":\"https:\\\/\\\/www.chemviron.eu\\\/de\\\/anwendungen\\\/biogas-biomethan\\\/#primaryimage\"},\"image\":{\"@id\":\"https:\\\/\\\/www.chemviron.eu\\\/de\\\/anwendungen\\\/biogas-biomethan\\\/#primaryimage\"},\"thumbnailUrl\":\"https:\\\/\\\/www.chemviron.eu\\\/wp-content\\\/uploads\\\/2026\\\/02\\\/Biogas-scaled.jpeg\",\"datePublished\":\"2023-12-06T12:33:09+00:00\",\"dateModified\":\"2026-02-13T12:52:15+00:00\",\"description\":\"Biogas- & Biomethanaufbereitung: Eine kosteng\u00fcnstige, flexible L\u00f6sung zur Entfernung von H\u2082S, VOCs, Siloxanen und anderen Verunreinigungen. Erfahren Sie jetzt mehr.\",\"breadcrumb\":{\"@id\":\"https:\\\/\\\/www.chemviron.eu\\\/de\\\/anwendungen\\\/biogas-biomethan\\\/#breadcrumb\"},\"inLanguage\":\"de\",\"potentialAction\":[{\"@type\":\"ReadAction\",\"target\":[\"https:\\\/\\\/www.chemviron.eu\\\/de\\\/anwendungen\\\/biogas-biomethan\\\/\"]}]},{\"@type\":\"ImageObject\",\"inLanguage\":\"de\",\"@id\":\"https:\\\/\\\/www.chemviron.eu\\\/de\\\/anwendungen\\\/biogas-biomethan\\\/#primaryimage\",\"url\":\"https:\\\/\\\/www.chemviron.eu\\\/wp-content\\\/uploads\\\/2026\\\/02\\\/Biogas-scaled.jpeg\",\"contentUrl\":\"https:\\\/\\\/www.chemviron.eu\\\/wp-content\\\/uploads\\\/2026\\\/02\\\/Biogas-scaled.jpeg\",\"width\":2560,\"height\":1920,\"caption\":\"Biogasanlage in Deutschland mit Getreidefeld\"},{\"@type\":\"BreadcrumbList\",\"@id\":\"https:\\\/\\\/www.chemviron.eu\\\/de\\\/anwendungen\\\/biogas-biomethan\\\/#breadcrumb\",\"itemListElement\":[{\"@type\":\"ListItem\",\"position\":1,\"name\":\"Startseite\",\"item\":\"https:\\\/\\\/www.chemviron.eu\\\/de\\\/\"},{\"@type\":\"ListItem\",\"position\":2,\"name\":\"Anwendungen\",\"item\":\"https:\\\/\\\/www.chemviron.eu\\\/de\\\/anwendungen\\\/\"},{\"@type\":\"ListItem\",\"position\":3,\"name\":\"Biogas &amp; Biomethan\"}]},{\"@type\":\"WebSite\",\"@id\":\"https:\\\/\\\/www.chemviron.eu\\\/de\\\/#website\",\"url\":\"https:\\\/\\\/www.chemviron.eu\\\/de\\\/\",\"name\":\"Chemviron\",\"description\":\"Der Anbieter von Aufbereitungsl\u00f6sungen\",\"publisher\":{\"@id\":\"https:\\\/\\\/www.chemviron.eu\\\/de\\\/#organization\"},\"potentialAction\":[{\"@type\":\"SearchAction\",\"target\":{\"@type\":\"EntryPoint\",\"urlTemplate\":\"https:\\\/\\\/www.chemviron.eu\\\/de\\\/?s={search_term_string}\"},\"query-input\":{\"@type\":\"PropertyValueSpecification\",\"valueRequired\":true,\"valueName\":\"search_term_string\"}}],\"inLanguage\":\"de\"},{\"@type\":\"Organization\",\"@id\":\"https:\\\/\\\/www.chemviron.eu\\\/de\\\/#organization\",\"name\":\"Chemviron\",\"url\":\"https:\\\/\\\/www.chemviron.eu\\\/de\\\/\",\"logo\":{\"@type\":\"ImageObject\",\"inLanguage\":\"de\",\"@id\":\"https:\\\/\\\/www.chemviron.eu\\\/de\\\/#\\\/schema\\\/logo\\\/image\\\/\",\"url\":\"https:\\\/\\\/www.chemviron.eu\\\/wp-content\\\/uploads\\\/2023\\\/12\\\/Chemviron-logo.jpg\",\"contentUrl\":\"https:\\\/\\\/www.chemviron.eu\\\/wp-content\\\/uploads\\\/2023\\\/12\\\/Chemviron-logo.jpg\",\"width\":1667,\"height\":833,\"caption\":\"Chemviron\"},\"image\":{\"@id\":\"https:\\\/\\\/www.chemviron.eu\\\/de\\\/#\\\/schema\\\/logo\\\/image\\\/\"},\"sameAs\":[\"https:\\\/\\\/www.linkedin.com\\\/company\\\/chemviron\\\/\"]}]}<\/script>\n<!-- \/ Yoast SEO plugin. -->","yoast_head_json":{"title":"Biogas- & Biomethanaufbereitung","description":"Biogas- & Biomethanaufbereitung: Eine kosteng\u00fcnstige, flexible L\u00f6sung zur Entfernung von H\u2082S, VOCs, Siloxanen und anderen Verunreinigungen. Erfahren Sie jetzt mehr.","robots":{"index":"index","follow":"follow","max-snippet":"max-snippet:-1","max-image-preview":"max-image-preview:large","max-video-preview":"max-video-preview:-1"},"canonical":"https:\/\/www.chemviron.eu\/de\/anwendungen\/biogas-biomethan\/","og_locale":"de_DE","og_type":"article","og_title":"Biogas- & Biomethanaufbereitung","og_description":"Biogas- & Biomethanaufbereitung: Eine kosteng\u00fcnstige, flexible L\u00f6sung zur Entfernung von H\u2082S, VOCs, Siloxanen und anderen Verunreinigungen. Erfahren Sie jetzt mehr.","og_url":"https:\/\/www.chemviron.eu\/de\/anwendungen\/biogas-biomethan\/","og_site_name":"Chemviron","article_modified_time":"2026-02-13T12:52:15+00:00","og_image":[{"width":1899,"height":1340,"url":"https:\/\/www.chemviron.eu\/wp-content\/uploads\/2024\/01\/Applications_Biogas-e1711538768926.jpg","type":"image\/jpeg"}],"twitter_card":"summary_large_image","twitter_misc":{"Gesch\u00e4tzte Lesezeit":"3\u00a0Minuten"},"schema":{"@context":"https:\/\/schema.org","@graph":[{"@type":"WebPage","@id":"https:\/\/www.chemviron.eu\/de\/anwendungen\/biogas-biomethan\/","url":"https:\/\/www.chemviron.eu\/de\/anwendungen\/biogas-biomethan\/","name":"Biogas- & Biomethanaufbereitung","isPartOf":{"@id":"https:\/\/www.chemviron.eu\/de\/#website"},"primaryImageOfPage":{"@id":"https:\/\/www.chemviron.eu\/de\/anwendungen\/biogas-biomethan\/#primaryimage"},"image":{"@id":"https:\/\/www.chemviron.eu\/de\/anwendungen\/biogas-biomethan\/#primaryimage"},"thumbnailUrl":"https:\/\/www.chemviron.eu\/wp-content\/uploads\/2026\/02\/Biogas-scaled.jpeg","datePublished":"2023-12-06T12:33:09+00:00","dateModified":"2026-02-13T12:52:15+00:00","description":"Biogas- & Biomethanaufbereitung: Eine kosteng\u00fcnstige, flexible L\u00f6sung zur Entfernung von H\u2082S, VOCs, Siloxanen und anderen Verunreinigungen. Erfahren Sie jetzt mehr.","breadcrumb":{"@id":"https:\/\/www.chemviron.eu\/de\/anwendungen\/biogas-biomethan\/#breadcrumb"},"inLanguage":"de","potentialAction":[{"@type":"ReadAction","target":["https:\/\/www.chemviron.eu\/de\/anwendungen\/biogas-biomethan\/"]}]},{"@type":"ImageObject","inLanguage":"de","@id":"https:\/\/www.chemviron.eu\/de\/anwendungen\/biogas-biomethan\/#primaryimage","url":"https:\/\/www.chemviron.eu\/wp-content\/uploads\/2026\/02\/Biogas-scaled.jpeg","contentUrl":"https:\/\/www.chemviron.eu\/wp-content\/uploads\/2026\/02\/Biogas-scaled.jpeg","width":2560,"height":1920,"caption":"Biogasanlage in Deutschland mit Getreidefeld"},{"@type":"BreadcrumbList","@id":"https:\/\/www.chemviron.eu\/de\/anwendungen\/biogas-biomethan\/#breadcrumb","itemListElement":[{"@type":"ListItem","position":1,"name":"Startseite","item":"https:\/\/www.chemviron.eu\/de\/"},{"@type":"ListItem","position":2,"name":"Anwendungen","item":"https:\/\/www.chemviron.eu\/de\/anwendungen\/"},{"@type":"ListItem","position":3,"name":"Biogas &amp; Biomethan"}]},{"@type":"WebSite","@id":"https:\/\/www.chemviron.eu\/de\/#website","url":"https:\/\/www.chemviron.eu\/de\/","name":"Chemviron","description":"Der Anbieter von Aufbereitungsl\u00f6sungen","publisher":{"@id":"https:\/\/www.chemviron.eu\/de\/#organization"},"potentialAction":[{"@type":"SearchAction","target":{"@type":"EntryPoint","urlTemplate":"https:\/\/www.chemviron.eu\/de\/?s={search_term_string}"},"query-input":{"@type":"PropertyValueSpecification","valueRequired":true,"valueName":"search_term_string"}}],"inLanguage":"de"},{"@type":"Organization","@id":"https:\/\/www.chemviron.eu\/de\/#organization","name":"Chemviron","url":"https:\/\/www.chemviron.eu\/de\/","logo":{"@type":"ImageObject","inLanguage":"de","@id":"https:\/\/www.chemviron.eu\/de\/#\/schema\/logo\/image\/","url":"https:\/\/www.chemviron.eu\/wp-content\/uploads\/2023\/12\/Chemviron-logo.jpg","contentUrl":"https:\/\/www.chemviron.eu\/wp-content\/uploads\/2023\/12\/Chemviron-logo.jpg","width":1667,"height":833,"caption":"Chemviron"},"image":{"@id":"https:\/\/www.chemviron.eu\/de\/#\/schema\/logo\/image\/"},"sameAs":["https:\/\/www.linkedin.com\/company\/chemviron\/"]}]}},"_links":{"self":[{"href":"https:\/\/www.chemviron.eu\/de\/wp-json\/wp\/v2\/pages\/13023","targetHints":{"allow":["GET"]}}],"collection":[{"href":"https:\/\/www.chemviron.eu\/de\/wp-json\/wp\/v2\/pages"}],"about":[{"href":"https:\/\/www.chemviron.eu\/de\/wp-json\/wp\/v2\/types\/page"}],"author":[{"embeddable":true,"href":"https:\/\/www.chemviron.eu\/de\/wp-json\/wp\/v2\/users\/1"}],"replies":[{"embeddable":true,"href":"https:\/\/www.chemviron.eu\/de\/wp-json\/wp\/v2\/comments?post=13023"}],"version-history":[{"count":5,"href":"https:\/\/www.chemviron.eu\/de\/wp-json\/wp\/v2\/pages\/13023\/revisions"}],"predecessor-version":[{"id":13563,"href":"https:\/\/www.chemviron.eu\/de\/wp-json\/wp\/v2\/pages\/13023\/revisions\/13563"}],"up":[{"embeddable":true,"href":"https:\/\/www.chemviron.eu\/de\/wp-json\/wp\/v2\/pages\/12902"}],"wp:featuredmedia":[{"embeddable":true,"href":"https:\/\/www.chemviron.eu\/de\/wp-json\/wp\/v2\/media\/13745"}],"wp:attachment":[{"href":"https:\/\/www.chemviron.eu\/de\/wp-json\/wp\/v2\/media?parent=13023"}],"curies":[{"name":"wp","href":"https:\/\/api.w.org\/{rel}","templated":true}]}}