{"id":13015,"date":"2023-12-06T12:34:52","date_gmt":"2023-12-06T12:34:52","guid":{"rendered":"https:\/\/www.chemviron.eu\/anwendungen\/metallrueckgewinnung\/"},"modified":"2026-02-13T12:47:45","modified_gmt":"2026-02-13T12:47:45","slug":"metallrueckgewinnung","status":"publish","type":"page","link":"https:\/\/www.chemviron.eu\/de\/anwendungen\/metallrueckgewinnung\/","title":{"rendered":"Metallr\u00fcckgewinnung"},"content":{"rendered":"\t\t<div data-elementor-type=\"wp-page\" data-elementor-id=\"13015\" class=\"elementor elementor-13015 elementor-641\" data-elementor-post-type=\"page\">\n\t\t\t\t<div class=\"elementor-element elementor-element-23b9c9fc e-flex e-con-boxed e-con e-parent\" data-id=\"23b9c9fc\" data-element_type=\"container\" data-e-type=\"container\">\n\t\t\t\t\t<div class=\"e-con-inner\">\n\t\t<div class=\"elementor-element elementor-element-2d2f98 e-con-full e-flex e-con e-child\" data-id=\"2d2f98\" data-element_type=\"container\" data-e-type=\"container\">\n\t\t\t\t<div class=\"elementor-element elementor-element-7085b2c4 elementor-invisible elementor-widget elementor-widget-heading\" data-id=\"7085b2c4\" data-element_type=\"widget\" data-e-type=\"widget\" data-settings=\"{&quot;_animation&quot;:&quot;fadeIn&quot;}\" data-widget_type=\"heading.default\">\n\t\t\t\t<div class=\"elementor-widget-container\">\n\t\t\t\t\t<h1 class=\"elementor-heading-title elementor-size-default\">Metallr\u00fcckgewinnung<\/h1>\t\t\t\t<\/div>\n\t\t\t\t<\/div>\n\t\t\t\t<div class=\"elementor-element elementor-element-48c82160 elementor-invisible elementor-widget elementor-widget-heading\" data-id=\"48c82160\" data-element_type=\"widget\" data-e-type=\"widget\" data-settings=\"{&quot;_animation&quot;:&quot;fadeIn&quot;,&quot;_animation_delay&quot;:400}\" data-widget_type=\"heading.default\">\n\t\t\t\t<div class=\"elementor-widget-container\">\n\t\t\t\t\t<h2 class=\"elementor-heading-title elementor-size-default\">Die hochwertigen Aktivkohlen von Chemviron bieten optimale Effizienz bei der Goldgewinnung in Bergbauanlagen in der gesamten EMEA-Region. <\/h2>\t\t\t\t<\/div>\n\t\t\t\t<\/div>\n\t\t\t\t<\/div>\n\t\t<div data-dce-background-image-url=\"https:\/\/www.chemviron.eu\/wp-content\/uploads\/2024\/01\/Applications_Metal-Recovery.jpg\" class=\"elementor-element elementor-element-36105e31 e-con-full e-flex e-con e-child\" data-id=\"36105e31\" data-element_type=\"container\" data-e-type=\"container\" data-settings=\"{&quot;background_background&quot;:&quot;classic&quot;}\">\n\t\t\t\t<\/div>\n\t\t\t\t\t<\/div>\n\t\t\t\t<\/div>\n\t\t<div data-dce-background-overlay-image-url=\"https:\/\/www.chemviron.eu\/wp-content\/uploads\/2024\/01\/kuraray_circle_grid_landscape_rgb-1.svg\" class=\"elementor-element elementor-element-1e20bf38 e-flex e-con-boxed e-con e-parent\" data-id=\"1e20bf38\" data-element_type=\"container\" data-e-type=\"container\">\n\t\t\t\t\t<div class=\"e-con-inner\">\n\t\t<div class=\"elementor-element elementor-element-7954ad3e e-con-full e-flex e-con e-child\" data-id=\"7954ad3e\" data-element_type=\"container\" data-e-type=\"container\">\n\t\t\t\t<div class=\"elementor-element elementor-element-11c7666e elementor-widget-mobile__width-inherit elementor-widget elementor-widget-text-editor\" data-id=\"11c7666e\" data-element_type=\"widget\" data-e-type=\"widget\" data-widget_type=\"text-editor.default\">\n\t\t\t\t<div class=\"elementor-widget-container\">\n\t\t\t\t\t\t\t\t\t<p>Aktivkohle gilt als eine der besten Technologien zur R\u00fcckgewinnung bestimmter Metalle wie Edelmetalle aus Erz-, Abfall- und R\u00fcckgewinnungsstr\u00f6men.<\/p><p>Bei der Goldgewinnung macht jedes Gramm den Unterschied, und f\u00fcr Goldgewinnungskreisl\u00e4ufe muss die verwendete Aktivkohle eine ausgezeichnete Prozessleistung bieten, um die Goldbeladung zu maximieren, den Abriebverlust zu minimieren und Wartungsprobleme zu vermeiden. Die Aktivkohlen von Chemviron wurden ausgew\u00e4hlt, um diese Anforderungen zu erf\u00fcllen und zu erreichen.<\/p><p>Seit Jahrzehnten verl\u00e4sst sich die Bergbauindustrie auf die granulierte Aktivkohle (GAK) von Chemviron zur R\u00fcckgewinnung von Gold und anderen Edelmetallen. Die hochwertigen GAKs von Chemviron maximieren nachweislich die R\u00fcckgewinnungseffizienz, indem sie den Goldverlust reduzieren und den Kohleverbrauch minimieren, wenn sie f\u00fcr die Goldextraktionstechniken Carbon-in-Leach (CIL), Carbon-in-Pulp (CIP) und Carbon-in-Column (CIC) verwendet werden. Die Chemviron-Produktpalette bietet eine Auswahl an Produkten f\u00fcr diese verschiedenen R\u00fcckgewinnungsoperationen.<\/p><p>Das technische Fachwissen und die F\u00e4higkeiten von Chemviron bieten die wirtschaftlichste und effizienteste L\u00f6sung f\u00fcr Ihre Edelmetallr\u00fcckgewinnungsanwendung.<\/p><p><a class=\"internal-link\" title=\"\u00d6ffnet den internen Link im aktuellen Fenster\" href=\"https:\/\/www.chemviron.eu\/de\/kontaktieren-sie-uns\/\"><strong>Kontaktieren Sie uns f\u00fcr weitere Informationen.<\/strong><\/a><\/p>\t\t\t\t\t\t\t\t<\/div>\n\t\t\t\t<\/div>\n\t\t\t\t<div class=\"elementor-element elementor-element-7cb80aae elementor-widget elementor-widget-heading\" data-id=\"7cb80aae\" data-element_type=\"widget\" data-e-type=\"widget\" data-widget_type=\"heading.default\">\n\t\t\t\t<div class=\"elementor-widget-container\">\n\t\t\t\t\t<h3 class=\"elementor-heading-title elementor-size-default\">Warum Chemviron als Ihren L\u00f6sungsanbieter w\u00e4hlen?<\/h3>\t\t\t\t<\/div>\n\t\t\t\t<\/div>\n\t\t\t\t<div class=\"elementor-element elementor-element-7fa75d1e elementor-widget-mobile__width-inherit elementor-widget elementor-widget-text-editor\" data-id=\"7fa75d1e\" data-element_type=\"widget\" data-e-type=\"widget\" data-widget_type=\"text-editor.default\">\n\t\t\t\t<div class=\"elementor-widget-container\">\n\t\t\t\t\t\t\t\t\t<div>\n<p>Chemviron liefert seit vielen Jahren Aktivkohle an die Goldindustrie und hat daher umfangreiches Fachwissen und Erfahrung mit Goldadsorptionsprozessen entwickelt.<\/p>\n<\/div>\n<div>\n<p>Der Service von Chemviron umfasst:<\/p>\n<\/div>\n<div>\n<ul>\n<li>Technischer Support zur Beratung bei der Auswahl der geeigneten Aktivkohle f\u00fcr Ihre Anwendung \u2013<b> <a class=\"internal-link\" title=\"\u00d6ffnet den internen Link im aktuellen Fenster\" href=\"https:\/\/www.chemviron.eu\/de\/kontaktieren-sie-uns\/\" style=\"\">wenden Sie sich an einen Vertreter, um mehr zu erfahren.<\/a><\/b><\/li>\n<\/ul>\n<\/div>\n<div>\n<ul>\n<li>Die Bereitstellung von hochwertiger Aktivkohle, die f\u00fcr die Anwendung ausgew\u00e4hlt und f\u00fcr den Einsatz in der Goldindustrie auf der ganzen Welt bew\u00e4hrt ist.<\/li>\n<\/ul>\n<\/div>\t\t\t\t\t\t\t\t<\/div>\n\t\t\t\t<\/div>\n\t\t\t\t<\/div>\n\t\t\t\t\t<\/div>\n\t\t\t\t<\/div>\n\t\t<div class=\"elementor-element elementor-element-5e1dc812 e-flex e-con-boxed elementor-invisible e-con e-parent\" data-id=\"5e1dc812\" data-element_type=\"container\" data-e-type=\"container\" data-settings=\"{&quot;animation&quot;:&quot;fadeInUp&quot;}\">\n\t\t\t\t\t<div class=\"e-con-inner\">\n\t\t<div data-dce-background-color=\"#FFF4DA\" class=\"elementor-element elementor-element-17bd5e1 e-con-full e-flex e-con e-child\" data-id=\"17bd5e1\" data-element_type=\"container\" data-e-type=\"container\" data-settings=\"{&quot;background_background&quot;:&quot;classic&quot;}\">\n\t\t\t\t<div class=\"elementor-element elementor-element-57548cbd dce_masking-none elementor-widget elementor-widget-image\" data-id=\"57548cbd\" data-element_type=\"widget\" data-e-type=\"widget\" data-widget_type=\"image.default\">\n\t\t\t\t<div class=\"elementor-widget-container\">\n\t\t\t\t\t\t\t\t\t\t\t\t\t\t\t<img decoding=\"async\" width=\"136\" height=\"136\" src=\"https:\/\/www.chemviron.eu\/wp-content\/uploads\/2024\/01\/kuraray_pictogram_user-negative-1-1.png\" class=\"attachment-large size-large wp-image-2608\" alt=\"\" \/>\t\t\t\t\t\t\t\t\t\t\t\t\t\t\t<\/div>\n\t\t\t\t<\/div>\n\t\t\t\t<\/div>\n\t\t<div data-dce-background-color=\"#FFF4DA\" class=\"elementor-element elementor-element-1e20c205 e-con-full e-flex e-con e-child\" data-id=\"1e20c205\" data-element_type=\"container\" data-e-type=\"container\" data-settings=\"{&quot;background_background&quot;:&quot;classic&quot;}\">\n\t\t\t\t<div class=\"elementor-element elementor-element-11027a8a elementor-widget elementor-widget-heading\" data-id=\"11027a8a\" data-element_type=\"widget\" data-e-type=\"widget\" data-widget_type=\"heading.default\">\n\t\t\t\t<div class=\"elementor-widget-container\">\n\t\t\t\t\t<h4 class=\"elementor-heading-title elementor-size-default\">Kontaktieren Sie unser engagiertes technisches Team f\u00fcr weitere Informationen.<\/h4>\t\t\t\t<\/div>\n\t\t\t\t<\/div>\n\t\t\t\t<div class=\"elementor-element elementor-element-425cab4b elementor-widget elementor-widget-button\" data-id=\"425cab4b\" data-element_type=\"widget\" data-e-type=\"widget\" data-widget_type=\"button.default\">\n\t\t\t\t<div class=\"elementor-widget-container\">\n\t\t\t\t\t\t\t\t\t<div class=\"elementor-button-wrapper\">\n\t\t\t\t\t<a class=\"elementor-button elementor-button-link elementor-size-sm\" href=\"https:\/\/www.chemviron.eu\/de\/kontaktieren-sie-uns\/\">\n\t\t\t\t\t\t<span class=\"elementor-button-content-wrapper\">\n\t\t\t\t\t\t\t\t\t<span class=\"elementor-button-text\">Kontaktieren Sie uns<\/span>\n\t\t\t\t\t<\/span>\n\t\t\t\t\t<\/a>\n\t\t\t\t<\/div>\n\t\t\t\t\t\t\t\t<\/div>\n\t\t\t\t<\/div>\n\t\t\t\t<\/div>\n\t\t\t\t\t<\/div>\n\t\t\t\t<\/div>\n\t\t\t\t<\/div>\n\t\t","protected":false},"excerpt":{"rendered":"<p>Metallr\u00fcckgewinnung Die hochwertigen Aktivkohlen von Chemviron bieten optimale Effizienz bei der Goldgewinnung in Bergbauanlagen in der gesamten EMEA-Region. Aktivkohle gilt als eine der besten Technologien zur R\u00fcckgewinnung bestimmter Metalle wie Edelmetalle aus Erz-, Abfall- und R\u00fcckgewinnungsstr\u00f6men. Bei der Goldgewinnung macht jedes Gramm den Unterschied, und f\u00fcr Goldgewinnungskreisl\u00e4ufe muss die verwendete Aktivkohle eine ausgezeichnete Prozessleistung bieten, [&hellip;]<\/p>\n","protected":false},"author":1,"featured_media":13760,"parent":12902,"menu_order":0,"comment_status":"closed","ping_status":"closed","template":"elementor_header_footer","meta":{"_acf_changed":false,"inline_featured_image":false,"footnotes":""},"class_list":["post-13015","page","type-page","status-publish","has-post-thumbnail","hentry"],"acf":[],"yoast_head":"<!-- This site is optimized with the Yoast SEO plugin v27.3 - https:\/\/yoast.com\/product\/yoast-seo-wordpress\/ -->\n<title>Metallr\u00fcckgewinnung L\u00f6sungen f\u00fcr Erz- und Abfallr\u00fcckgewinnungsstr\u00f6me<\/title>\n<meta name=\"description\" content=\"L\u00f6sungen zur Minimierung von Abriebverlusten und zur Vermeidung von Wartungsproblemen bei der R\u00fcckgewinnung von Edelmetallen aus Erz- und Abfallstr\u00f6men.\" \/>\n<meta name=\"robots\" content=\"index, follow, max-snippet:-1, max-image-preview:large, max-video-preview:-1\" \/>\n<link rel=\"canonical\" href=\"https:\/\/www.chemviron.eu\/de\/anwendungen\/metallrueckgewinnung\/\" \/>\n<meta property=\"og:locale\" content=\"de_DE\" \/>\n<meta property=\"og:type\" content=\"article\" \/>\n<meta property=\"og:title\" content=\"Metallr\u00fcckgewinnung L\u00f6sungen f\u00fcr Erz- und Abfallr\u00fcckgewinnungsstr\u00f6me\" \/>\n<meta property=\"og:description\" content=\"L\u00f6sungen zur Minimierung von Abriebverlusten und zur Vermeidung von Wartungsproblemen bei der R\u00fcckgewinnung von Edelmetallen aus Erz- und Abfallstr\u00f6men.\" \/>\n<meta property=\"og:url\" content=\"https:\/\/www.chemviron.eu\/de\/anwendungen\/metallrueckgewinnung\/\" \/>\n<meta property=\"og:site_name\" content=\"Chemviron\" \/>\n<meta property=\"article:modified_time\" content=\"2026-02-13T12:47:45+00:00\" \/>\n<meta property=\"og:image\" content=\"https:\/\/www.chemviron.eu\/wp-content\/uploads\/2023\/12\/Chemviron-Metals-Recovery-300x300-1.jpg\" \/>\n\t<meta property=\"og:image:width\" content=\"300\" \/>\n\t<meta property=\"og:image:height\" content=\"300\" \/>\n\t<meta property=\"og:image:type\" content=\"image\/jpeg\" \/>\n<meta name=\"twitter:card\" content=\"summary_large_image\" \/>\n<meta name=\"twitter:label1\" content=\"Gesch\u00e4tzte Lesezeit\" \/>\n\t<meta name=\"twitter:data1\" content=\"2\u00a0Minuten\" \/>\n<script type=\"application\/ld+json\" class=\"yoast-schema-graph\">{\"@context\":\"https:\\\/\\\/schema.org\",\"@graph\":[{\"@type\":\"WebPage\",\"@id\":\"https:\\\/\\\/www.chemviron.eu\\\/de\\\/anwendungen\\\/metallrueckgewinnung\\\/\",\"url\":\"https:\\\/\\\/www.chemviron.eu\\\/de\\\/anwendungen\\\/metallrueckgewinnung\\\/\",\"name\":\"Metallr\u00fcckgewinnung L\u00f6sungen f\u00fcr Erz- und Abfallr\u00fcckgewinnungsstr\u00f6me\",\"isPartOf\":{\"@id\":\"https:\\\/\\\/www.chemviron.eu\\\/de\\\/#website\"},\"primaryImageOfPage\":{\"@id\":\"https:\\\/\\\/www.chemviron.eu\\\/de\\\/anwendungen\\\/metallrueckgewinnung\\\/#primaryimage\"},\"image\":{\"@id\":\"https:\\\/\\\/www.chemviron.eu\\\/de\\\/anwendungen\\\/metallrueckgewinnung\\\/#primaryimage\"},\"thumbnailUrl\":\"https:\\\/\\\/www.chemviron.eu\\\/wp-content\\\/uploads\\\/2026\\\/02\\\/Gold-recovery-scaled.jpeg\",\"datePublished\":\"2023-12-06T12:34:52+00:00\",\"dateModified\":\"2026-02-13T12:47:45+00:00\",\"description\":\"L\u00f6sungen zur Minimierung von Abriebverlusten und zur Vermeidung von Wartungsproblemen bei der R\u00fcckgewinnung von Edelmetallen aus Erz- und Abfallstr\u00f6men.\",\"breadcrumb\":{\"@id\":\"https:\\\/\\\/www.chemviron.eu\\\/de\\\/anwendungen\\\/metallrueckgewinnung\\\/#breadcrumb\"},\"inLanguage\":\"de\",\"potentialAction\":[{\"@type\":\"ReadAction\",\"target\":[\"https:\\\/\\\/www.chemviron.eu\\\/de\\\/anwendungen\\\/metallrueckgewinnung\\\/\"]}]},{\"@type\":\"ImageObject\",\"inLanguage\":\"de\",\"@id\":\"https:\\\/\\\/www.chemviron.eu\\\/de\\\/anwendungen\\\/metallrueckgewinnung\\\/#primaryimage\",\"url\":\"https:\\\/\\\/www.chemviron.eu\\\/wp-content\\\/uploads\\\/2026\\\/02\\\/Gold-recovery-scaled.jpeg\",\"contentUrl\":\"https:\\\/\\\/www.chemviron.eu\\\/wp-content\\\/uploads\\\/2026\\\/02\\\/Gold-recovery-scaled.jpeg\",\"width\":2560,\"height\":1435,\"caption\":\"metals-recovery-with-activated-carbon\"},{\"@type\":\"BreadcrumbList\",\"@id\":\"https:\\\/\\\/www.chemviron.eu\\\/de\\\/anwendungen\\\/metallrueckgewinnung\\\/#breadcrumb\",\"itemListElement\":[{\"@type\":\"ListItem\",\"position\":1,\"name\":\"Startseite\",\"item\":\"https:\\\/\\\/www.chemviron.eu\\\/de\\\/\"},{\"@type\":\"ListItem\",\"position\":2,\"name\":\"Anwendungen\",\"item\":\"https:\\\/\\\/www.chemviron.eu\\\/de\\\/anwendungen\\\/\"},{\"@type\":\"ListItem\",\"position\":3,\"name\":\"Metallr\u00fcckgewinnung\"}]},{\"@type\":\"WebSite\",\"@id\":\"https:\\\/\\\/www.chemviron.eu\\\/de\\\/#website\",\"url\":\"https:\\\/\\\/www.chemviron.eu\\\/de\\\/\",\"name\":\"Chemviron\",\"description\":\"Der Anbieter von Aufbereitungsl\u00f6sungen\",\"publisher\":{\"@id\":\"https:\\\/\\\/www.chemviron.eu\\\/de\\\/#organization\"},\"potentialAction\":[{\"@type\":\"SearchAction\",\"target\":{\"@type\":\"EntryPoint\",\"urlTemplate\":\"https:\\\/\\\/www.chemviron.eu\\\/de\\\/?s={search_term_string}\"},\"query-input\":{\"@type\":\"PropertyValueSpecification\",\"valueRequired\":true,\"valueName\":\"search_term_string\"}}],\"inLanguage\":\"de\"},{\"@type\":\"Organization\",\"@id\":\"https:\\\/\\\/www.chemviron.eu\\\/de\\\/#organization\",\"name\":\"Chemviron\",\"url\":\"https:\\\/\\\/www.chemviron.eu\\\/de\\\/\",\"logo\":{\"@type\":\"ImageObject\",\"inLanguage\":\"de\",\"@id\":\"https:\\\/\\\/www.chemviron.eu\\\/de\\\/#\\\/schema\\\/logo\\\/image\\\/\",\"url\":\"https:\\\/\\\/www.chemviron.eu\\\/wp-content\\\/uploads\\\/2023\\\/12\\\/Chemviron-logo.jpg\",\"contentUrl\":\"https:\\\/\\\/www.chemviron.eu\\\/wp-content\\\/uploads\\\/2023\\\/12\\\/Chemviron-logo.jpg\",\"width\":1667,\"height\":833,\"caption\":\"Chemviron\"},\"image\":{\"@id\":\"https:\\\/\\\/www.chemviron.eu\\\/de\\\/#\\\/schema\\\/logo\\\/image\\\/\"},\"sameAs\":[\"https:\\\/\\\/www.linkedin.com\\\/company\\\/chemviron\\\/\"]}]}<\/script>\n<!-- \/ Yoast SEO plugin. -->","yoast_head_json":{"title":"Metallr\u00fcckgewinnung L\u00f6sungen f\u00fcr Erz- und Abfallr\u00fcckgewinnungsstr\u00f6me","description":"L\u00f6sungen zur Minimierung von Abriebverlusten und zur Vermeidung von Wartungsproblemen bei der R\u00fcckgewinnung von Edelmetallen aus Erz- und Abfallstr\u00f6men.","robots":{"index":"index","follow":"follow","max-snippet":"max-snippet:-1","max-image-preview":"max-image-preview:large","max-video-preview":"max-video-preview:-1"},"canonical":"https:\/\/www.chemviron.eu\/de\/anwendungen\/metallrueckgewinnung\/","og_locale":"de_DE","og_type":"article","og_title":"Metallr\u00fcckgewinnung L\u00f6sungen f\u00fcr Erz- und Abfallr\u00fcckgewinnungsstr\u00f6me","og_description":"L\u00f6sungen zur Minimierung von Abriebverlusten und zur Vermeidung von Wartungsproblemen bei der R\u00fcckgewinnung von Edelmetallen aus Erz- und Abfallstr\u00f6men.","og_url":"https:\/\/www.chemviron.eu\/de\/anwendungen\/metallrueckgewinnung\/","og_site_name":"Chemviron","article_modified_time":"2026-02-13T12:47:45+00:00","og_image":[{"width":300,"height":300,"url":"https:\/\/www.chemviron.eu\/wp-content\/uploads\/2023\/12\/Chemviron-Metals-Recovery-300x300-1.jpg","type":"image\/jpeg"}],"twitter_card":"summary_large_image","twitter_misc":{"Gesch\u00e4tzte Lesezeit":"2\u00a0Minuten"},"schema":{"@context":"https:\/\/schema.org","@graph":[{"@type":"WebPage","@id":"https:\/\/www.chemviron.eu\/de\/anwendungen\/metallrueckgewinnung\/","url":"https:\/\/www.chemviron.eu\/de\/anwendungen\/metallrueckgewinnung\/","name":"Metallr\u00fcckgewinnung L\u00f6sungen f\u00fcr Erz- und Abfallr\u00fcckgewinnungsstr\u00f6me","isPartOf":{"@id":"https:\/\/www.chemviron.eu\/de\/#website"},"primaryImageOfPage":{"@id":"https:\/\/www.chemviron.eu\/de\/anwendungen\/metallrueckgewinnung\/#primaryimage"},"image":{"@id":"https:\/\/www.chemviron.eu\/de\/anwendungen\/metallrueckgewinnung\/#primaryimage"},"thumbnailUrl":"https:\/\/www.chemviron.eu\/wp-content\/uploads\/2026\/02\/Gold-recovery-scaled.jpeg","datePublished":"2023-12-06T12:34:52+00:00","dateModified":"2026-02-13T12:47:45+00:00","description":"L\u00f6sungen zur Minimierung von Abriebverlusten und zur Vermeidung von Wartungsproblemen bei der R\u00fcckgewinnung von Edelmetallen aus Erz- und Abfallstr\u00f6men.","breadcrumb":{"@id":"https:\/\/www.chemviron.eu\/de\/anwendungen\/metallrueckgewinnung\/#breadcrumb"},"inLanguage":"de","potentialAction":[{"@type":"ReadAction","target":["https:\/\/www.chemviron.eu\/de\/anwendungen\/metallrueckgewinnung\/"]}]},{"@type":"ImageObject","inLanguage":"de","@id":"https:\/\/www.chemviron.eu\/de\/anwendungen\/metallrueckgewinnung\/#primaryimage","url":"https:\/\/www.chemviron.eu\/wp-content\/uploads\/2026\/02\/Gold-recovery-scaled.jpeg","contentUrl":"https:\/\/www.chemviron.eu\/wp-content\/uploads\/2026\/02\/Gold-recovery-scaled.jpeg","width":2560,"height":1435,"caption":"metals-recovery-with-activated-carbon"},{"@type":"BreadcrumbList","@id":"https:\/\/www.chemviron.eu\/de\/anwendungen\/metallrueckgewinnung\/#breadcrumb","itemListElement":[{"@type":"ListItem","position":1,"name":"Startseite","item":"https:\/\/www.chemviron.eu\/de\/"},{"@type":"ListItem","position":2,"name":"Anwendungen","item":"https:\/\/www.chemviron.eu\/de\/anwendungen\/"},{"@type":"ListItem","position":3,"name":"Metallr\u00fcckgewinnung"}]},{"@type":"WebSite","@id":"https:\/\/www.chemviron.eu\/de\/#website","url":"https:\/\/www.chemviron.eu\/de\/","name":"Chemviron","description":"Der Anbieter von Aufbereitungsl\u00f6sungen","publisher":{"@id":"https:\/\/www.chemviron.eu\/de\/#organization"},"potentialAction":[{"@type":"SearchAction","target":{"@type":"EntryPoint","urlTemplate":"https:\/\/www.chemviron.eu\/de\/?s={search_term_string}"},"query-input":{"@type":"PropertyValueSpecification","valueRequired":true,"valueName":"search_term_string"}}],"inLanguage":"de"},{"@type":"Organization","@id":"https:\/\/www.chemviron.eu\/de\/#organization","name":"Chemviron","url":"https:\/\/www.chemviron.eu\/de\/","logo":{"@type":"ImageObject","inLanguage":"de","@id":"https:\/\/www.chemviron.eu\/de\/#\/schema\/logo\/image\/","url":"https:\/\/www.chemviron.eu\/wp-content\/uploads\/2023\/12\/Chemviron-logo.jpg","contentUrl":"https:\/\/www.chemviron.eu\/wp-content\/uploads\/2023\/12\/Chemviron-logo.jpg","width":1667,"height":833,"caption":"Chemviron"},"image":{"@id":"https:\/\/www.chemviron.eu\/de\/#\/schema\/logo\/image\/"},"sameAs":["https:\/\/www.linkedin.com\/company\/chemviron\/"]}]}},"_links":{"self":[{"href":"https:\/\/www.chemviron.eu\/de\/wp-json\/wp\/v2\/pages\/13015","targetHints":{"allow":["GET"]}}],"collection":[{"href":"https:\/\/www.chemviron.eu\/de\/wp-json\/wp\/v2\/pages"}],"about":[{"href":"https:\/\/www.chemviron.eu\/de\/wp-json\/wp\/v2\/types\/page"}],"author":[{"embeddable":true,"href":"https:\/\/www.chemviron.eu\/de\/wp-json\/wp\/v2\/users\/1"}],"replies":[{"embeddable":true,"href":"https:\/\/www.chemviron.eu\/de\/wp-json\/wp\/v2\/comments?post=13015"}],"version-history":[{"count":5,"href":"https:\/\/www.chemviron.eu\/de\/wp-json\/wp\/v2\/pages\/13015\/revisions"}],"predecessor-version":[{"id":13548,"href":"https:\/\/www.chemviron.eu\/de\/wp-json\/wp\/v2\/pages\/13015\/revisions\/13548"}],"up":[{"embeddable":true,"href":"https:\/\/www.chemviron.eu\/de\/wp-json\/wp\/v2\/pages\/12902"}],"wp:featuredmedia":[{"embeddable":true,"href":"https:\/\/www.chemviron.eu\/de\/wp-json\/wp\/v2\/media\/13760"}],"wp:attachment":[{"href":"https:\/\/www.chemviron.eu\/de\/wp-json\/wp\/v2\/media?parent=13015"}],"curies":[{"name":"wp","href":"https:\/\/api.w.org\/{rel}","templated":true}]}}