{"id":12991,"date":"2023-12-06T12:33:38","date_gmt":"2023-12-06T12:33:38","guid":{"rendered":"https:\/\/www.chemviron.eu\/anwendungen\/chemikalien-pharmazeutika\/"},"modified":"2026-03-05T12:12:25","modified_gmt":"2026-03-05T12:12:25","slug":"chemikalien-pharmazeutika","status":"publish","type":"page","link":"https:\/\/www.chemviron.eu\/de\/anwendungen\/chemikalien-pharmazeutika\/","title":{"rendered":"Chemikalien &amp; Pharmazeutika"},"content":{"rendered":"\t\t<div data-elementor-type=\"wp-page\" data-elementor-id=\"12991\" class=\"elementor elementor-12991 elementor-633\" data-elementor-post-type=\"page\">\n\t\t\t\t<div class=\"elementor-element elementor-element-7d3b562d e-flex e-con-boxed e-con e-parent\" data-id=\"7d3b562d\" data-element_type=\"container\" data-e-type=\"container\">\n\t\t\t\t\t<div class=\"e-con-inner\">\n\t\t<div class=\"elementor-element elementor-element-8e96027 e-con-full e-flex e-con e-child\" data-id=\"8e96027\" data-element_type=\"container\" data-e-type=\"container\">\n\t\t\t\t<div class=\"elementor-element elementor-element-497bd6e6 elementor-invisible elementor-widget elementor-widget-heading\" data-id=\"497bd6e6\" data-element_type=\"widget\" data-e-type=\"widget\" data-settings=\"{&quot;_animation&quot;:&quot;fadeIn&quot;}\" data-widget_type=\"heading.default\">\n\t\t\t\t<div class=\"elementor-widget-container\">\n\t\t\t\t\t<h1 class=\"elementor-heading-title elementor-size-default\">Chemikalien &amp; Pharmazeutika<\/h1>\t\t\t\t<\/div>\n\t\t\t\t<\/div>\n\t\t\t\t<div class=\"elementor-element elementor-element-2bd0ef elementor-invisible elementor-widget elementor-widget-heading\" data-id=\"2bd0ef\" data-element_type=\"widget\" data-e-type=\"widget\" data-settings=\"{&quot;_animation&quot;:&quot;fadeIn&quot;,&quot;_animation_delay&quot;:400}\" data-widget_type=\"heading.default\">\n\t\t\t\t<div class=\"elementor-widget-container\">\n\t\t\t\t\t<h2 class=\"elementor-heading-title elementor-size-default\">Chemviron bietet einen umfassenden Aufbereitungsservice zur Entfernung von Farbe und Nebenprodukten in industriellen Prozessen mithilfe unserer spezialisierten Aktivkohletechnologie, dem Recycling verbrauchter Aktivkohlen durch Reaktivierung und unserem mobilen Kohlefilterservice.<\/h2>\t\t\t\t<\/div>\n\t\t\t\t<\/div>\n\t\t\t\t<\/div>\n\t\t<div data-dce-background-image-url=\"https:\/\/www.chemviron.eu\/wp-content\/uploads\/2024\/01\/Applications_Chemicals-and-Pharmaceuticals-e1711538866986.jpg\" class=\"elementor-element elementor-element-3ff0dfe7 e-con-full e-flex e-con e-child\" data-id=\"3ff0dfe7\" data-element_type=\"container\" data-e-type=\"container\" data-settings=\"{&quot;background_background&quot;:&quot;classic&quot;}\">\n\t\t\t\t<\/div>\n\t\t\t\t\t<\/div>\n\t\t\t\t<\/div>\n\t\t<div data-dce-background-overlay-image-url=\"https:\/\/www.chemviron.eu\/wp-content\/uploads\/2024\/01\/kuraray_circle_grid_landscape_rgb-1.svg\" class=\"elementor-element elementor-element-2304a756 e-flex e-con-boxed e-con e-parent\" data-id=\"2304a756\" data-element_type=\"container\" data-e-type=\"container\">\n\t\t\t\t\t<div class=\"e-con-inner\">\n\t\t<div class=\"elementor-element elementor-element-1047694d e-con-full e-flex e-con e-child\" data-id=\"1047694d\" data-element_type=\"container\" data-e-type=\"container\">\n\t\t\t\t<div class=\"elementor-element elementor-element-1b7d04de elementor-widget-mobile__width-inherit elementor-widget elementor-widget-text-editor\" data-id=\"1b7d04de\" data-element_type=\"widget\" data-e-type=\"widget\" data-widget_type=\"text-editor.default\">\n\t\t\t\t<div class=\"elementor-widget-container\">\n\t\t\t\t\t\t\t\t\t<p>Viele Herstellungsprozesse erfordern eine kosteng\u00fcnstige Aufbereitung oder Entf\u00e4rbung chemischer und pharmazeutischer Fl\u00fcssigkeiten. Die hochleistungsf\u00e4higen Aktivkohlel\u00f6sungen von Chemviron erf\u00fcllen die anspruchsvollsten Behandlungsziele unserer Kunden und bieten entscheidende wirtschaftliche Vorteile bei der Entfernung von Farbe und anderen Verunreinigungen, bei der Katalyse sowie bei der Aufbereitung von nicht spezifikationsgerechten Produkten oder Nebenprodukten.  <\/p>\t\t\t\t\t\t\t\t<\/div>\n\t\t\t\t<\/div>\n\t\t\t\t<div class=\"elementor-element elementor-element-43415c46 elementor-widget elementor-widget-heading\" data-id=\"43415c46\" data-element_type=\"widget\" data-e-type=\"widget\" data-widget_type=\"heading.default\">\n\t\t\t\t<div class=\"elementor-widget-container\">\n\t\t\t\t\t<h3 class=\"elementor-heading-title elementor-size-default\">Warum Aktivkohletechnologie zur Aufbereitung einsetzen?<\/h3>\t\t\t\t<\/div>\n\t\t\t\t<\/div>\n\t\t\t\t<div class=\"elementor-element elementor-element-44e3d613 elementor-widget-mobile__width-inherit elementor-widget elementor-widget-text-editor\" data-id=\"44e3d613\" data-element_type=\"widget\" data-e-type=\"widget\" data-widget_type=\"text-editor.default\">\n\t\t\t\t<div class=\"elementor-widget-container\">\n\t\t\t\t\t\t\t\t\t<div><p>Die Verarbeitung von Spezial- und Fl\u00fcssigchemikalien erfordert oft eine Aufbereitungsstufe, um unerw\u00fcnschte Verunreinigungen aus dem Produkt oder aus nicht spezifikationsgerechten Chargen zu entfernen. Eine richtig konzipierte und implementierte Aktivkohlel\u00f6sung ist hochwirksam bei der Erf\u00fcllung anspruchsvoller industrieller Reinheitsstandards durch die Adsorption und Entfernung einer Vielzahl von Spurenverunreinigungen, spezifischen organischen Chemikalien, unerw\u00fcnschter Farbe, Geruch oder einfach als allgemeiner Polierschritt. Die Liste der Chemikalien, Zwischenprodukte und Rohstoffe, die mit Aktivkohle gereinigt werden, ist immens. Die Technologie ist zuverl\u00e4ssig, einfach und hat sich als effektive L\u00f6sung erwiesen.   <\/p><\/div><div><p>Chemviron bietet eine Reihe hochreiner granulierter und pulverf\u00f6rmiger Kohlen an, die stets eine hohe Wirksamkeit bei der Aufbereitung und\/oder Farbentfernung aus einer Reihe fl\u00fcssiger chemischer oder pharmazeutischer Inhaltsstoffe zeigen. Spezifische Sorten werden s\u00e4uregewaschen, um hochreine Aktivkohlen zu erzeugen, die f\u00fcr den Einsatz in sauren oder speziellen Anwendungen geeignet sind. <\/p><p>Die technische Expertise und Erfahrung von Chemviron gew\u00e4hrleisten die Auswahl der am besten geeigneten und kosteng\u00fcnstigsten Aktivkohle entsprechend ihren inh\u00e4renten Eigenschaften und den Anforderungen der Prozessanwendung.<\/p><\/div><div><p><a class=\"internal-link\" title=\"\u00d6ffnet den internen Link im aktuellen Fenster\" href=\"https:\/\/www.chemviron.eu\/de\/?page_id=12738\"><strong>Kontaktieren Sie uns f\u00fcr weitere Informationen.<\/strong><\/a><\/p><\/div>\t\t\t\t\t\t\t\t<\/div>\n\t\t\t\t<\/div>\n\t\t\t\t<div class=\"elementor-element elementor-element-47038492 elementor-widget elementor-widget-heading\" data-id=\"47038492\" data-element_type=\"widget\" data-e-type=\"widget\" data-widget_type=\"heading.default\">\n\t\t\t\t<div class=\"elementor-widget-container\">\n\t\t\t\t\t<h4 class=\"elementor-heading-title elementor-size-default\">Warum Chemviron als Ihren Kohletechnologieanbieter w\u00e4hlen?<\/h4>\t\t\t\t<\/div>\n\t\t\t\t<\/div>\n\t\t\t\t<div class=\"elementor-element elementor-element-58f7c225 elementor-widget-mobile__width-inherit elementor-widget elementor-widget-text-editor\" data-id=\"58f7c225\" data-element_type=\"widget\" data-e-type=\"widget\" data-widget_type=\"text-editor.default\">\n\t\t\t\t<div class=\"elementor-widget-container\">\n\t\t\t\t\t\t\t\t\t<div><p>Chemviron ist der weltweit gr\u00f6\u00dfte Hersteller von granulierten Aktivkohlen, die seit \u00fcber 80 Jahren Luft, Wasser und fl\u00fcssige Chemikalien reinigen. Als Hersteller von Aktivkohlen auf Kohle-, Kokosnuss- und Holzbasis, die f\u00fcr jede Anwendung entwickelt wurden, ist Chemviron einzigartig positioniert, um das beste Produkt und die beste L\u00f6sung auszuw\u00e4hlen. <\/p><\/div><div><p>Im Laufe seiner Geschichte hat Chemviron umfassende interne Expertise und Erfahrung entwickelt, um kosteng\u00fcnstige und innovative L\u00f6sungen f\u00fcr neue industrielle und kommerzielle Herstellungsprozesse zu entwickeln und eine umfassende Aufbereitungsl\u00f6sung anzubieten.<\/p><\/div><div><ul><li>Technischer Support zur Beratung bez\u00fcglich der geeigneten Aktivkohle und Servicel\u00f6sung f\u00fcr die Anwendung \u2013 <a class=\"internal-link\" title=\"\u00d6ffnet den internen Link im aktuellen Fenster\" href=\"https:\/\/www.chemviron.eu\/de\/?page_id=12738\">kontaktieren Sie einen Vertreter, um mehr zu erfahren.<\/a><\/li><li>Bereitstellung von Labortests oder Pilotanlagen f\u00fcr Tests vor Ort, um die optimalen Betriebsbedingungen zu ermitteln. Diese erweisen sich als von unsch\u00e4tzbarem Wert bei der Identifizierung der effizientesten L\u00f6sung f\u00fcr die Herausforderung. <\/li><li>Die Bereitstellung hochwertiger Aktivkohle, die f\u00fcr die Anwendung ausgew\u00e4hlt und von unserer Organisation geliefert wird.<\/li><li>Nach Gebrauch kann die verbrauchte Aktivkohle f\u00fcr entsprechende Anwendungen kundenspezifisch reaktiviert werden. Dieser Prozess bedeutet, dass die verbrauchte Aktivkohle eines Kunden recycelt und zur Wiederverwendung in seinem Herstellungsprozess zur\u00fcckgef\u00fchrt wird. <\/li><li>Mobile Kohlefilter aus der umfangreichen <a href=\"https:\/\/www.chemviron.eu\/solutions\/mobile-carbon-filters\/water-liquids\/\" target=\"_blank\" rel=\"noopener\">CYCLESORB\u00ae-Flotte<\/a>, vorgef\u00fcllt mit der ausgew\u00e4hlten Aktivkohle, sind auf Mietbasis verf\u00fcgbar, werden umgehend geliefert und vor Ort zur sofortigen Nutzung installiert.<\/li><li>Der gebrauchte Kohlefilter wird durch eine neue Einheit ersetzt, wodurch der Prozess des Austauschs verbrauchter Kohle vor Ort entf\u00e4llt. <\/li><\/ul><\/div>\t\t\t\t\t\t\t\t<\/div>\n\t\t\t\t<\/div>\n\t\t\t\t<div class=\"elementor-element elementor-element-14f2c7b1 elementor-widget elementor-widget-heading\" data-id=\"14f2c7b1\" data-element_type=\"widget\" data-e-type=\"widget\" data-widget_type=\"heading.default\">\n\t\t\t\t<div class=\"elementor-widget-container\">\n\t\t\t\t\t<h4 class=\"elementor-heading-title elementor-size-default\">Wie ist Chemviron nachhaltig?<\/h4>\t\t\t\t<\/div>\n\t\t\t\t<\/div>\n\t\t\t\t<div class=\"elementor-element elementor-element-23e1419f elementor-widget-mobile__width-inherit elementor-widget elementor-widget-text-editor\" data-id=\"23e1419f\" data-element_type=\"widget\" data-e-type=\"widget\" data-widget_type=\"text-editor.default\">\n\t\t\t\t<div class=\"elementor-widget-container\">\n\t\t\t\t\t\t\t\t\t<div><p>Chemviron ist der weltweit gr\u00f6\u00dfte Recycler (oder Reaktivierer) von Aktivkohlen und verf\u00fcgt \u00fcber Kohle-Reaktivierungsanlagen in ganz Europa. Das kontinuierliche Engagement des Unternehmens, seine Reaktivierungskapazit\u00e4ten zu erweitern, hat es Chemviron erm\u00f6glicht, hochmoderne Prozesse zum Recycling von Aktivkohlen zu entwickeln und so den Einfluss unseres CO<sub>2<\/sub>-Fu\u00dfabdrucks zu reduzieren.  <\/p><\/div><div>Die verbrauchte Aktivkohle wird thermisch recycelt oder reaktiviert in einem der kundenspezifisch entwickelten Kohle-Reaktivierungs\u00f6fen von Chemviron mit robusten Abgasreinigungssystemen. Die \u00fcber Jahre hinweg im Dienst der Chemie- und Pharmaindustrie entwickelte Expertise stellt sicher, dass unsere reaktivierten Kohlen von hoher Qualit\u00e4t bleiben.  <\/div><div> <\/div><div>Die Kombination von Reaktivierung mit den speziell entwickelten und hochwertigen Aktivkohlen von Chemviron bedeutet, dass Kunden von einer kosteng\u00fcnstigen und nachhaltigen Aufbereitungsl\u00f6sung profitieren k\u00f6nnen.<\/div>\t\t\t\t\t\t\t\t<\/div>\n\t\t\t\t<\/div>\n\t\t\t\t<\/div>\n\t\t\t\t\t<\/div>\n\t\t\t\t<\/div>\n\t\t<div class=\"elementor-element elementor-element-2975be90 e-flex e-con-boxed elementor-invisible e-con e-parent\" data-id=\"2975be90\" data-element_type=\"container\" data-e-type=\"container\" data-settings=\"{&quot;animation&quot;:&quot;fadeInUp&quot;}\">\n\t\t\t\t\t<div class=\"e-con-inner\">\n\t\t<div data-dce-background-color=\"#FFF4DA\" class=\"elementor-element elementor-element-55f32bc7 e-con-full e-flex e-con e-child\" data-id=\"55f32bc7\" data-element_type=\"container\" data-e-type=\"container\" data-settings=\"{&quot;background_background&quot;:&quot;classic&quot;}\">\n\t\t\t\t<div class=\"elementor-element elementor-element-27da996b dce_masking-none elementor-widget elementor-widget-image\" data-id=\"27da996b\" data-element_type=\"widget\" data-e-type=\"widget\" data-widget_type=\"image.default\">\n\t\t\t\t<div class=\"elementor-widget-container\">\n\t\t\t\t\t\t\t\t\t\t\t\t\t\t\t<img decoding=\"async\" width=\"136\" height=\"136\" src=\"https:\/\/www.chemviron.eu\/wp-content\/uploads\/2024\/01\/kuraray_pictogram_user-negative-1-1.png\" class=\"attachment-large size-large wp-image-2608\" alt=\"\" \/>\t\t\t\t\t\t\t\t\t\t\t\t\t\t\t<\/div>\n\t\t\t\t<\/div>\n\t\t\t\t<\/div>\n\t\t<div data-dce-background-color=\"#FFF4DA\" class=\"elementor-element elementor-element-30315527 e-con-full e-flex e-con e-child\" data-id=\"30315527\" data-element_type=\"container\" data-e-type=\"container\" data-settings=\"{&quot;background_background&quot;:&quot;classic&quot;}\">\n\t\t\t\t<div class=\"elementor-element elementor-element-294c7dd elementor-widget elementor-widget-heading\" data-id=\"294c7dd\" data-element_type=\"widget\" data-e-type=\"widget\" data-widget_type=\"heading.default\">\n\t\t\t\t<div class=\"elementor-widget-container\">\n\t\t\t\t\t<h4 class=\"elementor-heading-title elementor-size-default\">Kontaktieren Sie unser engagiertes technisches Team f\u00fcr weitere Informationen.<\/h4>\t\t\t\t<\/div>\n\t\t\t\t<\/div>\n\t\t\t\t<div class=\"elementor-element elementor-element-7410d65c elementor-widget elementor-widget-button\" data-id=\"7410d65c\" data-element_type=\"widget\" data-e-type=\"widget\" data-widget_type=\"button.default\">\n\t\t\t\t<div class=\"elementor-widget-container\">\n\t\t\t\t\t\t\t\t\t<div class=\"elementor-button-wrapper\">\n\t\t\t\t\t<a class=\"elementor-button elementor-button-link elementor-size-sm\" href=\"https:\/\/www.chemviron.eu\/de\/kontaktieren-sie-uns\/\">\n\t\t\t\t\t\t<span class=\"elementor-button-content-wrapper\">\n\t\t\t\t\t\t\t\t\t<span class=\"elementor-button-text\">Kontaktieren Sie uns<\/span>\n\t\t\t\t\t<\/span>\n\t\t\t\t\t<\/a>\n\t\t\t\t<\/div>\n\t\t\t\t\t\t\t\t<\/div>\n\t\t\t\t<\/div>\n\t\t\t\t<\/div>\n\t\t\t\t\t<\/div>\n\t\t\t\t<\/div>\n\t\t\t\t<\/div>\n\t\t","protected":false},"excerpt":{"rendered":"<p>Chemikalien &amp; Pharmazeutika Chemviron bietet einen umfassenden Aufbereitungsservice zur Entfernung von Farbe und Nebenprodukten in industriellen Prozessen mithilfe unserer spezialisierten Aktivkohletechnologie, dem Recycling verbrauchter Aktivkohlen durch Reaktivierung und unserem mobilen Kohlefilterservice. Viele Herstellungsprozesse erfordern eine kosteng\u00fcnstige Aufbereitung oder Entf\u00e4rbung chemischer und pharmazeutischer Fl\u00fcssigkeiten. Die hochleistungsf\u00e4higen Aktivkohlel\u00f6sungen von Chemviron erf\u00fcllen die anspruchsvollsten Behandlungsziele unserer Kunden und [&hellip;]<\/p>\n","protected":false},"author":1,"featured_media":14529,"parent":12902,"menu_order":0,"comment_status":"closed","ping_status":"closed","template":"elementor_header_footer","meta":{"_acf_changed":false,"inline_featured_image":false,"footnotes":""},"class_list":["post-12991","page","type-page","status-publish","has-post-thumbnail","hentry"],"acf":[],"yoast_head":"<!-- This site is optimized with the Yoast SEO plugin v27.3 - https:\/\/yoast.com\/product\/yoast-seo-wordpress\/ -->\n<title>Aufbereitungsl\u00f6sungen f\u00fcr Chemikalien und Pharmazeutika<\/title>\n<meta name=\"description\" content=\"Umfassende Aufbereitungsl\u00f6sungen zur Entfernung von Farbe und Nebenprodukten in industriellen Prozessen zur Herstellung von Chemikalien und Pharmazeutika.\" \/>\n<meta name=\"robots\" content=\"index, follow, max-snippet:-1, max-image-preview:large, max-video-preview:-1\" \/>\n<link rel=\"canonical\" href=\"https:\/\/www.chemviron.eu\/de\/anwendungen\/chemikalien-pharmazeutika\/\" \/>\n<meta property=\"og:locale\" content=\"de_DE\" \/>\n<meta property=\"og:type\" content=\"article\" \/>\n<meta property=\"og:title\" content=\"Aufbereitungsl\u00f6sungen f\u00fcr Chemikalien und Pharmazeutika\" \/>\n<meta property=\"og:description\" content=\"Umfassende Aufbereitungsl\u00f6sungen zur Entfernung von Farbe und Nebenprodukten in industriellen Prozessen zur Herstellung von Chemikalien und Pharmazeutika.\" \/>\n<meta property=\"og:url\" content=\"https:\/\/www.chemviron.eu\/de\/anwendungen\/chemikalien-pharmazeutika\/\" \/>\n<meta property=\"og:site_name\" content=\"Chemviron\" \/>\n<meta property=\"article:modified_time\" content=\"2026-03-05T12:12:25+00:00\" \/>\n<meta property=\"og:image\" content=\"https:\/\/www.chemviron.eu\/wp-content\/uploads\/2026\/03\/AP_ChemicalsPharma_MI_Plant_Adobe_2026-scaled.jpeg\" \/>\n\t<meta property=\"og:image:width\" content=\"2560\" \/>\n\t<meta property=\"og:image:height\" content=\"1189\" \/>\n\t<meta property=\"og:image:type\" content=\"image\/jpeg\" \/>\n<meta name=\"twitter:card\" content=\"summary_large_image\" \/>\n<meta name=\"twitter:label1\" content=\"Gesch\u00e4tzte Lesezeit\" \/>\n\t<meta name=\"twitter:data1\" content=\"3\u00a0Minuten\" \/>\n<script type=\"application\/ld+json\" class=\"yoast-schema-graph\">{\"@context\":\"https:\\\/\\\/schema.org\",\"@graph\":[{\"@type\":\"WebPage\",\"@id\":\"https:\\\/\\\/www.chemviron.eu\\\/de\\\/anwendungen\\\/chemikalien-pharmazeutika\\\/\",\"url\":\"https:\\\/\\\/www.chemviron.eu\\\/de\\\/anwendungen\\\/chemikalien-pharmazeutika\\\/\",\"name\":\"Aufbereitungsl\u00f6sungen f\u00fcr Chemikalien und Pharmazeutika\",\"isPartOf\":{\"@id\":\"https:\\\/\\\/www.chemviron.eu\\\/de\\\/#website\"},\"primaryImageOfPage\":{\"@id\":\"https:\\\/\\\/www.chemviron.eu\\\/de\\\/anwendungen\\\/chemikalien-pharmazeutika\\\/#primaryimage\"},\"image\":{\"@id\":\"https:\\\/\\\/www.chemviron.eu\\\/de\\\/anwendungen\\\/chemikalien-pharmazeutika\\\/#primaryimage\"},\"thumbnailUrl\":\"https:\\\/\\\/www.chemviron.eu\\\/wp-content\\\/uploads\\\/2026\\\/03\\\/AP_ChemicalsPharma_MI_Plant_Adobe_2026-scaled.jpeg\",\"datePublished\":\"2023-12-06T12:33:38+00:00\",\"dateModified\":\"2026-03-05T12:12:25+00:00\",\"description\":\"Umfassende Aufbereitungsl\u00f6sungen zur Entfernung von Farbe und Nebenprodukten in industriellen Prozessen zur Herstellung von Chemikalien und Pharmazeutika.\",\"breadcrumb\":{\"@id\":\"https:\\\/\\\/www.chemviron.eu\\\/de\\\/anwendungen\\\/chemikalien-pharmazeutika\\\/#breadcrumb\"},\"inLanguage\":\"de\",\"potentialAction\":[{\"@type\":\"ReadAction\",\"target\":[\"https:\\\/\\\/www.chemviron.eu\\\/de\\\/anwendungen\\\/chemikalien-pharmazeutika\\\/\"]}]},{\"@type\":\"ImageObject\",\"inLanguage\":\"de\",\"@id\":\"https:\\\/\\\/www.chemviron.eu\\\/de\\\/anwendungen\\\/chemikalien-pharmazeutika\\\/#primaryimage\",\"url\":\"https:\\\/\\\/www.chemviron.eu\\\/wp-content\\\/uploads\\\/2026\\\/03\\\/AP_ChemicalsPharma_MI_Plant_Adobe_2026-scaled.jpeg\",\"contentUrl\":\"https:\\\/\\\/www.chemviron.eu\\\/wp-content\\\/uploads\\\/2026\\\/03\\\/AP_ChemicalsPharma_MI_Plant_Adobe_2026-scaled.jpeg\",\"width\":2560,\"height\":1189,\"caption\":\"Refinery oil and gas plant at twilight.\"},{\"@type\":\"BreadcrumbList\",\"@id\":\"https:\\\/\\\/www.chemviron.eu\\\/de\\\/anwendungen\\\/chemikalien-pharmazeutika\\\/#breadcrumb\",\"itemListElement\":[{\"@type\":\"ListItem\",\"position\":1,\"name\":\"Startseite\",\"item\":\"https:\\\/\\\/www.chemviron.eu\\\/de\\\/\"},{\"@type\":\"ListItem\",\"position\":2,\"name\":\"Anwendungen\",\"item\":\"https:\\\/\\\/www.chemviron.eu\\\/de\\\/anwendungen\\\/\"},{\"@type\":\"ListItem\",\"position\":3,\"name\":\"Chemikalien &amp; Pharmazeutika\"}]},{\"@type\":\"WebSite\",\"@id\":\"https:\\\/\\\/www.chemviron.eu\\\/de\\\/#website\",\"url\":\"https:\\\/\\\/www.chemviron.eu\\\/de\\\/\",\"name\":\"Chemviron\",\"description\":\"Der Anbieter von Aufbereitungsl\u00f6sungen\",\"publisher\":{\"@id\":\"https:\\\/\\\/www.chemviron.eu\\\/de\\\/#organization\"},\"potentialAction\":[{\"@type\":\"SearchAction\",\"target\":{\"@type\":\"EntryPoint\",\"urlTemplate\":\"https:\\\/\\\/www.chemviron.eu\\\/de\\\/?s={search_term_string}\"},\"query-input\":{\"@type\":\"PropertyValueSpecification\",\"valueRequired\":true,\"valueName\":\"search_term_string\"}}],\"inLanguage\":\"de\"},{\"@type\":\"Organization\",\"@id\":\"https:\\\/\\\/www.chemviron.eu\\\/de\\\/#organization\",\"name\":\"Chemviron\",\"url\":\"https:\\\/\\\/www.chemviron.eu\\\/de\\\/\",\"logo\":{\"@type\":\"ImageObject\",\"inLanguage\":\"de\",\"@id\":\"https:\\\/\\\/www.chemviron.eu\\\/de\\\/#\\\/schema\\\/logo\\\/image\\\/\",\"url\":\"https:\\\/\\\/www.chemviron.eu\\\/wp-content\\\/uploads\\\/2023\\\/12\\\/Chemviron-logo.jpg\",\"contentUrl\":\"https:\\\/\\\/www.chemviron.eu\\\/wp-content\\\/uploads\\\/2023\\\/12\\\/Chemviron-logo.jpg\",\"width\":1667,\"height\":833,\"caption\":\"Chemviron\"},\"image\":{\"@id\":\"https:\\\/\\\/www.chemviron.eu\\\/de\\\/#\\\/schema\\\/logo\\\/image\\\/\"},\"sameAs\":[\"https:\\\/\\\/www.linkedin.com\\\/company\\\/chemviron\\\/\"]}]}<\/script>\n<!-- \/ Yoast SEO plugin. -->","yoast_head_json":{"title":"Aufbereitungsl\u00f6sungen f\u00fcr Chemikalien und Pharmazeutika","description":"Umfassende Aufbereitungsl\u00f6sungen zur Entfernung von Farbe und Nebenprodukten in industriellen Prozessen zur Herstellung von Chemikalien und Pharmazeutika.","robots":{"index":"index","follow":"follow","max-snippet":"max-snippet:-1","max-image-preview":"max-image-preview:large","max-video-preview":"max-video-preview:-1"},"canonical":"https:\/\/www.chemviron.eu\/de\/anwendungen\/chemikalien-pharmazeutika\/","og_locale":"de_DE","og_type":"article","og_title":"Aufbereitungsl\u00f6sungen f\u00fcr Chemikalien und Pharmazeutika","og_description":"Umfassende Aufbereitungsl\u00f6sungen zur Entfernung von Farbe und Nebenprodukten in industriellen Prozessen zur Herstellung von Chemikalien und Pharmazeutika.","og_url":"https:\/\/www.chemviron.eu\/de\/anwendungen\/chemikalien-pharmazeutika\/","og_site_name":"Chemviron","article_modified_time":"2026-03-05T12:12:25+00:00","og_image":[{"width":2560,"height":1189,"url":"https:\/\/www.chemviron.eu\/wp-content\/uploads\/2026\/03\/AP_ChemicalsPharma_MI_Plant_Adobe_2026-scaled.jpeg","type":"image\/jpeg"}],"twitter_card":"summary_large_image","twitter_misc":{"Gesch\u00e4tzte Lesezeit":"3\u00a0Minuten"},"schema":{"@context":"https:\/\/schema.org","@graph":[{"@type":"WebPage","@id":"https:\/\/www.chemviron.eu\/de\/anwendungen\/chemikalien-pharmazeutika\/","url":"https:\/\/www.chemviron.eu\/de\/anwendungen\/chemikalien-pharmazeutika\/","name":"Aufbereitungsl\u00f6sungen f\u00fcr Chemikalien und Pharmazeutika","isPartOf":{"@id":"https:\/\/www.chemviron.eu\/de\/#website"},"primaryImageOfPage":{"@id":"https:\/\/www.chemviron.eu\/de\/anwendungen\/chemikalien-pharmazeutika\/#primaryimage"},"image":{"@id":"https:\/\/www.chemviron.eu\/de\/anwendungen\/chemikalien-pharmazeutika\/#primaryimage"},"thumbnailUrl":"https:\/\/www.chemviron.eu\/wp-content\/uploads\/2026\/03\/AP_ChemicalsPharma_MI_Plant_Adobe_2026-scaled.jpeg","datePublished":"2023-12-06T12:33:38+00:00","dateModified":"2026-03-05T12:12:25+00:00","description":"Umfassende Aufbereitungsl\u00f6sungen zur Entfernung von Farbe und Nebenprodukten in industriellen Prozessen zur Herstellung von Chemikalien und Pharmazeutika.","breadcrumb":{"@id":"https:\/\/www.chemviron.eu\/de\/anwendungen\/chemikalien-pharmazeutika\/#breadcrumb"},"inLanguage":"de","potentialAction":[{"@type":"ReadAction","target":["https:\/\/www.chemviron.eu\/de\/anwendungen\/chemikalien-pharmazeutika\/"]}]},{"@type":"ImageObject","inLanguage":"de","@id":"https:\/\/www.chemviron.eu\/de\/anwendungen\/chemikalien-pharmazeutika\/#primaryimage","url":"https:\/\/www.chemviron.eu\/wp-content\/uploads\/2026\/03\/AP_ChemicalsPharma_MI_Plant_Adobe_2026-scaled.jpeg","contentUrl":"https:\/\/www.chemviron.eu\/wp-content\/uploads\/2026\/03\/AP_ChemicalsPharma_MI_Plant_Adobe_2026-scaled.jpeg","width":2560,"height":1189,"caption":"Refinery oil and gas plant at twilight."},{"@type":"BreadcrumbList","@id":"https:\/\/www.chemviron.eu\/de\/anwendungen\/chemikalien-pharmazeutika\/#breadcrumb","itemListElement":[{"@type":"ListItem","position":1,"name":"Startseite","item":"https:\/\/www.chemviron.eu\/de\/"},{"@type":"ListItem","position":2,"name":"Anwendungen","item":"https:\/\/www.chemviron.eu\/de\/anwendungen\/"},{"@type":"ListItem","position":3,"name":"Chemikalien &amp; Pharmazeutika"}]},{"@type":"WebSite","@id":"https:\/\/www.chemviron.eu\/de\/#website","url":"https:\/\/www.chemviron.eu\/de\/","name":"Chemviron","description":"Der Anbieter von Aufbereitungsl\u00f6sungen","publisher":{"@id":"https:\/\/www.chemviron.eu\/de\/#organization"},"potentialAction":[{"@type":"SearchAction","target":{"@type":"EntryPoint","urlTemplate":"https:\/\/www.chemviron.eu\/de\/?s={search_term_string}"},"query-input":{"@type":"PropertyValueSpecification","valueRequired":true,"valueName":"search_term_string"}}],"inLanguage":"de"},{"@type":"Organization","@id":"https:\/\/www.chemviron.eu\/de\/#organization","name":"Chemviron","url":"https:\/\/www.chemviron.eu\/de\/","logo":{"@type":"ImageObject","inLanguage":"de","@id":"https:\/\/www.chemviron.eu\/de\/#\/schema\/logo\/image\/","url":"https:\/\/www.chemviron.eu\/wp-content\/uploads\/2023\/12\/Chemviron-logo.jpg","contentUrl":"https:\/\/www.chemviron.eu\/wp-content\/uploads\/2023\/12\/Chemviron-logo.jpg","width":1667,"height":833,"caption":"Chemviron"},"image":{"@id":"https:\/\/www.chemviron.eu\/de\/#\/schema\/logo\/image\/"},"sameAs":["https:\/\/www.linkedin.com\/company\/chemviron\/"]}]}},"_links":{"self":[{"href":"https:\/\/www.chemviron.eu\/de\/wp-json\/wp\/v2\/pages\/12991","targetHints":{"allow":["GET"]}}],"collection":[{"href":"https:\/\/www.chemviron.eu\/de\/wp-json\/wp\/v2\/pages"}],"about":[{"href":"https:\/\/www.chemviron.eu\/de\/wp-json\/wp\/v2\/types\/page"}],"author":[{"embeddable":true,"href":"https:\/\/www.chemviron.eu\/de\/wp-json\/wp\/v2\/users\/1"}],"replies":[{"embeddable":true,"href":"https:\/\/www.chemviron.eu\/de\/wp-json\/wp\/v2\/comments?post=12991"}],"version-history":[{"count":3,"href":"https:\/\/www.chemviron.eu\/de\/wp-json\/wp\/v2\/pages\/12991\/revisions"}],"predecessor-version":[{"id":14532,"href":"https:\/\/www.chemviron.eu\/de\/wp-json\/wp\/v2\/pages\/12991\/revisions\/14532"}],"up":[{"embeddable":true,"href":"https:\/\/www.chemviron.eu\/de\/wp-json\/wp\/v2\/pages\/12902"}],"wp:featuredmedia":[{"embeddable":true,"href":"https:\/\/www.chemviron.eu\/de\/wp-json\/wp\/v2\/media\/14529"}],"wp:attachment":[{"href":"https:\/\/www.chemviron.eu\/de\/wp-json\/wp\/v2\/media?parent=12991"}],"curies":[{"name":"wp","href":"https:\/\/api.w.org\/{rel}","templated":true}]}}