{"id":12949,"date":"2024-02-13T14:41:26","date_gmt":"2024-02-13T14:41:26","guid":{"rendered":"https:\/\/www.chemviron.eu\/karriere\/"},"modified":"2026-02-13T13:25:08","modified_gmt":"2026-02-13T13:25:08","slug":"karriere","status":"publish","type":"page","link":"https:\/\/www.chemviron.eu\/de\/karriere\/","title":{"rendered":"Karriere"},"content":{"rendered":"\t\t<div data-elementor-type=\"wp-page\" data-elementor-id=\"12949\" class=\"elementor elementor-12949 elementor-4006\" data-elementor-post-type=\"page\">\n\t\t\t\t<div data-dce-background-overlay-image-url=\"https:\/\/www.chemviron.eu\/wp-content\/uploads\/2023\/12\/kuraray_circle_arrangement_2_rgb_cyan_80pct.svg\" class=\"elementor-element elementor-element-aed2f94 e-flex e-con-boxed e-con e-parent\" data-id=\"aed2f94\" data-element_type=\"container\" data-e-type=\"container\">\n\t\t\t\t\t<div class=\"e-con-inner\">\n\t\t\t\t<div class=\"elementor-element elementor-element-2e9a595 elementor-widget elementor-widget-heading\" data-id=\"2e9a595\" data-element_type=\"widget\" data-e-type=\"widget\" data-widget_type=\"heading.default\">\n\t\t\t\t<div class=\"elementor-widget-container\">\n\t\t\t\t\t<h2 class=\"elementor-heading-title elementor-size-default\">Chemviron bietet eine Vielzahl von Karrierem\u00f6glichkeiten, von Finanz-, Vertriebs- und Marketingfunktionen bis hin zu technischem Support, Engineering, Fertigung und Betrieb. <br><br>Bitte pr\u00fcfen Sie regelm\u00e4\u00dfig, ob f\u00fcr Sie interessante Stellen dabei sind.<\/h2>\t\t\t\t<\/div>\n\t\t\t\t<\/div>\n\t\t\t\t<div class=\"elementor-element elementor-element-50f210a elementor-widget elementor-widget-shortcode\" data-id=\"50f210a\" data-element_type=\"widget\" data-e-type=\"widget\" data-widget_type=\"shortcode.default\">\n\t\t\t\t<div class=\"elementor-widget-container\">\n\t\t\t\t\t\t\t<div class=\"elementor-shortcode\"><form data-sf-form-id='11981' data-is-rtl='0' data-maintain-state='' data-results-url='https:\/\/www.chemviron.eu\/de\/karriere\/' data-ajax-url='https:\/\/www.chemviron.eu\/de\/karriere\/?sf_data=all' data-ajax-form-url='https:\/\/www.chemviron.eu\/de\/?sfid=11981&amp;sf_action=get_data&amp;sf_data=form' data-display-result-method='custom_dce_posts' data-use-history-api='1' data-template-loaded='0' data-lang-code='de' data-ajax='1' data-ajax-data-type='html' data-ajax-links-selector='.elementor-widget-dce-dynamicposts-v2.search-filter-results-11981 .dce-pagination a' data-ajax-target='.elementor-widget-dce-dynamicposts-v2.search-filter-results-11981' data-update-ajax-url='1' data-only-results-ajax='1' data-scroll-to-pos='0' data-init-paged='1' data-auto-update='1' data-auto-count='1' data-auto-count-refresh-mode='1' action='https:\/\/www.chemviron.eu\/de\/karriere\/' method='post' class='searchandfilter' id='search-filter-form-11981' autocomplete='off' data-instance-count='1'><ul><li class=\"sf-field-search\" data-sf-field-name=\"search\" data-sf-field-type=\"search\" data-sf-field-input-type=\"\">\t\t<label>\n\t\t\t\t   <input placeholder=\"Suchen \u2026\" name=\"_sf_search[]\" class=\"sf-input-text\" type=\"text\" value=\"\" title=\"\"><\/label>\t\t<\/li><li class=\"sf-field-reset\" data-sf-field-name=\"reset\" data-sf-field-type=\"reset\" data-sf-field-input-type=\"link\"><a href=\"#\" class=\"search-filter-reset\" data-search-form-id=\"11981\" data-sf-submit-form=\"always\">Zur\u00fccksetzen<\/a><\/li><\/ul><\/form><\/div>\n\t\t\t\t\t\t<\/div>\n\t\t\t\t<\/div>\n\t\t\t\t<div class=\"search-filter-results-11981 elementor-element elementor-element-e067f33 dce-col-3 dce-col-tablet-2 dce-posts-layout-default dce-col-mobile-1 dce-align-left elementor-widget elementor-widget-dce-dynamicposts-v2\" data-id=\"e067f33\" data-element_type=\"widget\" data-e-type=\"widget\" data-settings=\"{&quot;grid_match_height&quot;:&quot;yes&quot;,&quot;style_items&quot;:&quot;default&quot;,&quot;grid_grid_type&quot;:&quot;flex&quot;}\" data-widget_type=\"dce-dynamicposts-v2.grid\">\n\t\t\t\t<div class=\"elementor-widget-container\">\n\t\t\t\t\t\n\t\t<div class=\"dce-fix-background-loop dce-posts-container dce-posts dce-dynamic-posts-collection  dce-skin-grid dce-skin-grid-flex\">\n\t\t\t\t\t\t<div class=\"dce-posts-wrapper dce-wrapper-grid\">\n\t\t\t\n\t\t<article class=\"post-12814 post type-post status-publish format-standard hentry category-stellenangebote dce-post dce-post-item dce-item-grid\" data-dce-post-id=\"12814\" data-dce-post-index=\"0\">\n\t\t\t<div class=\"dce-post-block\">\n\t\t<div class=\"dce-item dce-item_image elementor-repeater-item-61d5336\"><a class=\"dce-post-image dce-post-bgimage\" href=\"https:\/\/www.chemviron.eu\/de\/vertriebsingenieur\/\"><figure  class=\"dce-img dce-bgimage\" style=\"background-image: url(https:\/\/www.chemviron.eu\/wp-content\/uploads\/2024\/02\/Logo-Chemviron-1024x1024-2.jpg); background-repeat: no-repeat; background-size: cover; display: block;\"><\/figure><\/a><\/div><div class=\"dce-item dce-item_title elementor-repeater-item-8e18171\"><h3 class=\"dce-post-title\"><a href=\"https:\/\/www.chemviron.eu\/de\/vertriebsingenieur\/\">Vertriebsingenieur<\/a><\/h3><\/div><div class=\"dce-item dce-item_custommeta elementor-repeater-item-feb3392\"><div class=\"dce-post-custommeta\"><div class=\"dce-meta-item dce-meta-feb3392 dce-meta-text elementor-repeater-item-feb3392\"><div>Nordostdeutschland<\/div><\/div><\/div><\/div><div class=\"dce-item dce-item_content elementor-repeater-item-96a5f2f\"><div class=\"dce-post-content\">Suchen Sie eine Position als Vertriebsingenieur? Haben Sie eine Leidenschaft daf\u00fcr, die Umwelt sauber zu halten, w\u00e4hrend Sie in einem dynamischen Team&hellip;<\/div><\/div><div class=\"dce-item dce-item_readmore elementor-repeater-item-2dc1f42\">\t\t<div class=\"dce-post-button\">\n\t\t\t<a href=\"https:\/\/www.chemviron.eu\/de\/vertriebsingenieur\/\" class=\"elementor-button-link elementor-button dce-button elementor-size-sm\" role=\"button\" >\n\t\t\tMehr lesen\t\t\t<\/a>\n\t\t<\/div>\n\t\t<\/div>\t\t\t<\/div>\n\t\t<\/article>\n\t\t\t\t\t<\/div>\n\t\t\t\t\t<\/div>\n\t\t\t\t\t\t<\/div>\n\t\t\t\t<\/div>\n\t\t\t\t\t<\/div>\n\t\t\t\t<\/div>\n\t\t\t\t<\/div>\n\t\t","protected":false},"excerpt":{"rendered":"<p>Chemviron bietet eine Vielzahl von Karrierem\u00f6glichkeiten, von Finanz-, Vertriebs- und Marketingfunktionen bis hin zu technischem Support, Engineering, Fertigung und Betrieb. Bitte pr\u00fcfen Sie regelm\u00e4\u00dfig, ob f\u00fcr Sie interessante Stellen dabei sind. Sales Engineer North-East GermanyAre you looking for a Sales Engineer role? Are you passionate about keeping the environment clean while working in a dynamic [&hellip;]<\/p>\n","protected":false},"author":1,"featured_media":12430,"parent":0,"menu_order":0,"comment_status":"closed","ping_status":"closed","template":"","meta":{"_acf_changed":false,"inline_featured_image":false,"footnotes":""},"class_list":["post-12949","page","type-page","status-publish","has-post-thumbnail","hentry"],"acf":[],"yoast_head":"<!-- This site is optimized with the Yoast SEO plugin v27.3 - https:\/\/yoast.com\/product\/yoast-seo-wordpress\/ -->\n<title>Karriere - Chemviron<\/title>\n<meta name=\"robots\" content=\"index, follow, max-snippet:-1, max-image-preview:large, max-video-preview:-1\" \/>\n<link rel=\"canonical\" href=\"https:\/\/www.chemviron.eu\/de\/karriere\/\" \/>\n<meta property=\"og:locale\" content=\"de_DE\" \/>\n<meta property=\"og:type\" content=\"article\" \/>\n<meta property=\"og:title\" content=\"Karriere - Chemviron\" \/>\n<meta property=\"og:description\" content=\"Chemviron bietet eine Vielzahl von Karrierem\u00f6glichkeiten, von Finanz-, Vertriebs- und Marketingfunktionen bis hin zu technischem Support, Engineering, Fertigung und Betrieb. Bitte pr\u00fcfen Sie regelm\u00e4\u00dfig, ob f\u00fcr Sie interessante Stellen dabei sind. Sales Engineer North-East GermanyAre you looking for a Sales Engineer role? Are you passionate about keeping the environment clean while working in a dynamic [&hellip;]\" \/>\n<meta property=\"og:url\" content=\"https:\/\/www.chemviron.eu\/de\/karriere\/\" \/>\n<meta property=\"og:site_name\" content=\"Chemviron\" \/>\n<meta property=\"article:modified_time\" content=\"2026-02-13T13:25:08+00:00\" \/>\n<meta property=\"og:image\" content=\"https:\/\/www.chemviron.eu\/wp-content\/uploads\/2026\/02\/Careers-medium.jpg\" \/>\n\t<meta property=\"og:image:width\" content=\"1000\" \/>\n\t<meta property=\"og:image:height\" content=\"590\" \/>\n\t<meta property=\"og:image:type\" content=\"image\/jpeg\" \/>\n<meta name=\"twitter:card\" content=\"summary_large_image\" \/>\n<script type=\"application\/ld+json\" class=\"yoast-schema-graph\">{\"@context\":\"https:\\\/\\\/schema.org\",\"@graph\":[{\"@type\":\"WebPage\",\"@id\":\"https:\\\/\\\/www.chemviron.eu\\\/de\\\/karriere\\\/\",\"url\":\"https:\\\/\\\/www.chemviron.eu\\\/de\\\/karriere\\\/\",\"name\":\"Karriere - Chemviron\",\"isPartOf\":{\"@id\":\"https:\\\/\\\/www.chemviron.eu\\\/de\\\/#website\"},\"primaryImageOfPage\":{\"@id\":\"https:\\\/\\\/www.chemviron.eu\\\/de\\\/karriere\\\/#primaryimage\"},\"image\":{\"@id\":\"https:\\\/\\\/www.chemviron.eu\\\/de\\\/karriere\\\/#primaryimage\"},\"thumbnailUrl\":\"https:\\\/\\\/www.chemviron.eu\\\/wp-content\\\/uploads\\\/2026\\\/02\\\/Careers-medium.jpg\",\"datePublished\":\"2024-02-13T14:41:26+00:00\",\"dateModified\":\"2026-02-13T13:25:08+00:00\",\"breadcrumb\":{\"@id\":\"https:\\\/\\\/www.chemviron.eu\\\/de\\\/karriere\\\/#breadcrumb\"},\"inLanguage\":\"de\",\"potentialAction\":[{\"@type\":\"ReadAction\",\"target\":[\"https:\\\/\\\/www.chemviron.eu\\\/de\\\/karriere\\\/\"]}]},{\"@type\":\"ImageObject\",\"inLanguage\":\"de\",\"@id\":\"https:\\\/\\\/www.chemviron.eu\\\/de\\\/karriere\\\/#primaryimage\",\"url\":\"https:\\\/\\\/www.chemviron.eu\\\/wp-content\\\/uploads\\\/2026\\\/02\\\/Careers-medium.jpg\",\"contentUrl\":\"https:\\\/\\\/www.chemviron.eu\\\/wp-content\\\/uploads\\\/2026\\\/02\\\/Careers-medium.jpg\",\"width\":1000,\"height\":590,\"caption\":\"careers-at-chemviron\"},{\"@type\":\"BreadcrumbList\",\"@id\":\"https:\\\/\\\/www.chemviron.eu\\\/de\\\/karriere\\\/#breadcrumb\",\"itemListElement\":[{\"@type\":\"ListItem\",\"position\":1,\"name\":\"Startseite\",\"item\":\"https:\\\/\\\/www.chemviron.eu\\\/de\\\/\"},{\"@type\":\"ListItem\",\"position\":2,\"name\":\"Karriere\"}]},{\"@type\":\"WebSite\",\"@id\":\"https:\\\/\\\/www.chemviron.eu\\\/de\\\/#website\",\"url\":\"https:\\\/\\\/www.chemviron.eu\\\/de\\\/\",\"name\":\"Chemviron\",\"description\":\"Der Anbieter von Aufbereitungsl\u00f6sungen\",\"publisher\":{\"@id\":\"https:\\\/\\\/www.chemviron.eu\\\/de\\\/#organization\"},\"potentialAction\":[{\"@type\":\"SearchAction\",\"target\":{\"@type\":\"EntryPoint\",\"urlTemplate\":\"https:\\\/\\\/www.chemviron.eu\\\/de\\\/?s={search_term_string}\"},\"query-input\":{\"@type\":\"PropertyValueSpecification\",\"valueRequired\":true,\"valueName\":\"search_term_string\"}}],\"inLanguage\":\"de\"},{\"@type\":\"Organization\",\"@id\":\"https:\\\/\\\/www.chemviron.eu\\\/de\\\/#organization\",\"name\":\"Chemviron\",\"url\":\"https:\\\/\\\/www.chemviron.eu\\\/de\\\/\",\"logo\":{\"@type\":\"ImageObject\",\"inLanguage\":\"de\",\"@id\":\"https:\\\/\\\/www.chemviron.eu\\\/de\\\/#\\\/schema\\\/logo\\\/image\\\/\",\"url\":\"https:\\\/\\\/www.chemviron.eu\\\/wp-content\\\/uploads\\\/2023\\\/12\\\/Chemviron-logo.jpg\",\"contentUrl\":\"https:\\\/\\\/www.chemviron.eu\\\/wp-content\\\/uploads\\\/2023\\\/12\\\/Chemviron-logo.jpg\",\"width\":1667,\"height\":833,\"caption\":\"Chemviron\"},\"image\":{\"@id\":\"https:\\\/\\\/www.chemviron.eu\\\/de\\\/#\\\/schema\\\/logo\\\/image\\\/\"},\"sameAs\":[\"https:\\\/\\\/www.linkedin.com\\\/company\\\/chemviron\\\/\"]}]}<\/script>\n<!-- \/ Yoast SEO plugin. -->","yoast_head_json":{"title":"Karriere - Chemviron","robots":{"index":"index","follow":"follow","max-snippet":"max-snippet:-1","max-image-preview":"max-image-preview:large","max-video-preview":"max-video-preview:-1"},"canonical":"https:\/\/www.chemviron.eu\/de\/karriere\/","og_locale":"de_DE","og_type":"article","og_title":"Karriere - Chemviron","og_description":"Chemviron bietet eine Vielzahl von Karrierem\u00f6glichkeiten, von Finanz-, Vertriebs- und Marketingfunktionen bis hin zu technischem Support, Engineering, Fertigung und Betrieb. Bitte pr\u00fcfen Sie regelm\u00e4\u00dfig, ob f\u00fcr Sie interessante Stellen dabei sind. Sales Engineer North-East GermanyAre you looking for a Sales Engineer role? Are you passionate about keeping the environment clean while working in a dynamic [&hellip;]","og_url":"https:\/\/www.chemviron.eu\/de\/karriere\/","og_site_name":"Chemviron","article_modified_time":"2026-02-13T13:25:08+00:00","og_image":[{"width":1000,"height":590,"url":"https:\/\/www.chemviron.eu\/wp-content\/uploads\/2026\/02\/Careers-medium.jpg","type":"image\/jpeg"}],"twitter_card":"summary_large_image","schema":{"@context":"https:\/\/schema.org","@graph":[{"@type":"WebPage","@id":"https:\/\/www.chemviron.eu\/de\/karriere\/","url":"https:\/\/www.chemviron.eu\/de\/karriere\/","name":"Karriere - Chemviron","isPartOf":{"@id":"https:\/\/www.chemviron.eu\/de\/#website"},"primaryImageOfPage":{"@id":"https:\/\/www.chemviron.eu\/de\/karriere\/#primaryimage"},"image":{"@id":"https:\/\/www.chemviron.eu\/de\/karriere\/#primaryimage"},"thumbnailUrl":"https:\/\/www.chemviron.eu\/wp-content\/uploads\/2026\/02\/Careers-medium.jpg","datePublished":"2024-02-13T14:41:26+00:00","dateModified":"2026-02-13T13:25:08+00:00","breadcrumb":{"@id":"https:\/\/www.chemviron.eu\/de\/karriere\/#breadcrumb"},"inLanguage":"de","potentialAction":[{"@type":"ReadAction","target":["https:\/\/www.chemviron.eu\/de\/karriere\/"]}]},{"@type":"ImageObject","inLanguage":"de","@id":"https:\/\/www.chemviron.eu\/de\/karriere\/#primaryimage","url":"https:\/\/www.chemviron.eu\/wp-content\/uploads\/2026\/02\/Careers-medium.jpg","contentUrl":"https:\/\/www.chemviron.eu\/wp-content\/uploads\/2026\/02\/Careers-medium.jpg","width":1000,"height":590,"caption":"careers-at-chemviron"},{"@type":"BreadcrumbList","@id":"https:\/\/www.chemviron.eu\/de\/karriere\/#breadcrumb","itemListElement":[{"@type":"ListItem","position":1,"name":"Startseite","item":"https:\/\/www.chemviron.eu\/de\/"},{"@type":"ListItem","position":2,"name":"Karriere"}]},{"@type":"WebSite","@id":"https:\/\/www.chemviron.eu\/de\/#website","url":"https:\/\/www.chemviron.eu\/de\/","name":"Chemviron","description":"Der Anbieter von Aufbereitungsl\u00f6sungen","publisher":{"@id":"https:\/\/www.chemviron.eu\/de\/#organization"},"potentialAction":[{"@type":"SearchAction","target":{"@type":"EntryPoint","urlTemplate":"https:\/\/www.chemviron.eu\/de\/?s={search_term_string}"},"query-input":{"@type":"PropertyValueSpecification","valueRequired":true,"valueName":"search_term_string"}}],"inLanguage":"de"},{"@type":"Organization","@id":"https:\/\/www.chemviron.eu\/de\/#organization","name":"Chemviron","url":"https:\/\/www.chemviron.eu\/de\/","logo":{"@type":"ImageObject","inLanguage":"de","@id":"https:\/\/www.chemviron.eu\/de\/#\/schema\/logo\/image\/","url":"https:\/\/www.chemviron.eu\/wp-content\/uploads\/2023\/12\/Chemviron-logo.jpg","contentUrl":"https:\/\/www.chemviron.eu\/wp-content\/uploads\/2023\/12\/Chemviron-logo.jpg","width":1667,"height":833,"caption":"Chemviron"},"image":{"@id":"https:\/\/www.chemviron.eu\/de\/#\/schema\/logo\/image\/"},"sameAs":["https:\/\/www.linkedin.com\/company\/chemviron\/"]}]}},"_links":{"self":[{"href":"https:\/\/www.chemviron.eu\/de\/wp-json\/wp\/v2\/pages\/12949","targetHints":{"allow":["GET"]}}],"collection":[{"href":"https:\/\/www.chemviron.eu\/de\/wp-json\/wp\/v2\/pages"}],"about":[{"href":"https:\/\/www.chemviron.eu\/de\/wp-json\/wp\/v2\/types\/page"}],"author":[{"embeddable":true,"href":"https:\/\/www.chemviron.eu\/de\/wp-json\/wp\/v2\/users\/1"}],"replies":[{"embeddable":true,"href":"https:\/\/www.chemviron.eu\/de\/wp-json\/wp\/v2\/comments?post=12949"}],"version-history":[{"count":3,"href":"https:\/\/www.chemviron.eu\/de\/wp-json\/wp\/v2\/pages\/12949\/revisions"}],"predecessor-version":[{"id":13583,"href":"https:\/\/www.chemviron.eu\/de\/wp-json\/wp\/v2\/pages\/12949\/revisions\/13583"}],"wp:featuredmedia":[{"embeddable":true,"href":"https:\/\/www.chemviron.eu\/de\/wp-json\/wp\/v2\/media\/12430"}],"wp:attachment":[{"href":"https:\/\/www.chemviron.eu\/de\/wp-json\/wp\/v2\/media?parent=12949"}],"curies":[{"name":"wp","href":"https:\/\/api.w.org\/{rel}","templated":true}]}}