{"id":12886,"date":"2023-12-06T12:29:30","date_gmt":"2023-12-06T12:29:30","guid":{"rendered":"https:\/\/www.chemviron.eu\/ueber-uns\/reach\/"},"modified":"2026-03-25T10:38:43","modified_gmt":"2026-03-25T10:38:43","slug":"reach","status":"publish","type":"page","link":"https:\/\/www.chemviron.eu\/de\/ueber-uns\/reach\/","title":{"rendered":"REACH"},"content":{"rendered":"\t\t<div data-elementor-type=\"wp-page\" data-elementor-id=\"12886\" class=\"elementor elementor-12886 elementor-615\" data-elementor-post-type=\"page\">\n\t\t\t\t<div class=\"elementor-element elementor-element-7bcd6c71 e-con-full e-flex e-con e-parent\" data-id=\"7bcd6c71\" data-element_type=\"container\" data-e-type=\"container\">\n\t\t<div data-dce-background-image-url=\"https:\/\/www.chemviron.eu\/wp-content\/uploads\/2026\/02\/Reach-HIGH2-1-scaled.jpg\" class=\"elementor-element elementor-element-4951dea7 e-con-full e-flex e-con e-child\" data-id=\"4951dea7\" data-element_type=\"container\" data-e-type=\"container\" data-settings=\"{&quot;background_background&quot;:&quot;classic&quot;}\">\n\t\t\t\t<\/div>\n\t\t<div class=\"elementor-element elementor-element-72756d9a e-con-full e-flex e-con e-child\" data-id=\"72756d9a\" data-element_type=\"container\" data-e-type=\"container\">\n\t\t\t\t<div class=\"elementor-element elementor-element-259c8bc5 elementor-widget elementor-widget-heading\" data-id=\"259c8bc5\" data-element_type=\"widget\" data-e-type=\"widget\" data-widget_type=\"heading.default\">\n\t\t\t\t<div class=\"elementor-widget-container\">\n\t\t\t\t\t<h3 class=\"elementor-heading-title elementor-size-default\">Der Anbieter von Aufbereitungsl\u00f6sungen<\/h3>\t\t\t\t<\/div>\n\t\t\t\t<\/div>\n\t\t\t\t<div class=\"elementor-element elementor-element-5d07f122 elementor-widget elementor-widget-heading\" data-id=\"5d07f122\" data-element_type=\"widget\" data-e-type=\"widget\" data-widget_type=\"heading.default\">\n\t\t\t\t<div class=\"elementor-widget-container\">\n\t\t\t\t\t<h1 class=\"elementor-heading-title elementor-size-default\">REACH-Erkl\u00e4rung<\/h1>\t\t\t\t<\/div>\n\t\t\t\t<\/div>\n\t\t\t\t<div class=\"elementor-element elementor-element-3478e466 elementor-hidden-tablet elementor-hidden-mobile elementor-widget elementor-widget-button\" data-id=\"3478e466\" data-element_type=\"widget\" data-e-type=\"widget\" data-widget_type=\"button.default\">\n\t\t\t\t<div class=\"elementor-widget-container\">\n\t\t\t\t\t\t\t\t\t<div class=\"elementor-button-wrapper\">\n\t\t\t\t\t<a class=\"elementor-button elementor-button-link elementor-size-sm\" href=\"#Content\">\n\t\t\t\t\t\t<span class=\"elementor-button-content-wrapper\">\n\t\t\t\t\t\t<span class=\"elementor-button-icon\">\n\t\t\t\t<svg aria-hidden=\"true\" class=\"e-font-icon-svg e-far-arrow-alt-circle-down\" viewBox=\"0 0 512 512\" xmlns=\"http:\/\/www.w3.org\/2000\/svg\"><path d=\"M256 8C119 8 8 119 8 256s111 248 248 248 248-111 248-248S393 8 256 8zm0 448c-110.5 0-200-89.5-200-200S145.5 56 256 56s200 89.5 200 200-89.5 200-200 200zm-32-316v116h-67c-10.7 0-16 12.9-8.5 20.5l99 99c4.7 4.7 12.3 4.7 17 0l99-99c7.6-7.6 2.2-20.5-8.5-20.5h-67V140c0-6.6-5.4-12-12-12h-40c-6.6 0-12 5.4-12 12z\"><\/path><\/svg>\t\t\t<\/span>\n\t\t\t\t\t\t\t\t\t<span class=\"elementor-button-text\">Mehr lesen<\/span>\n\t\t\t\t\t<\/span>\n\t\t\t\t\t<\/a>\n\t\t\t\t<\/div>\n\t\t\t\t\t\t\t\t<\/div>\n\t\t\t\t<\/div>\n\t\t\t\t<\/div>\n\t\t\t\t<\/div>\n\t\t<div data-dce-background-overlay-image-url=\"https:\/\/www.chemviron.eu\/wp-content\/uploads\/2024\/01\/kuraray_circle_grid_landscape_rgb.svg\" class=\"elementor-element elementor-element-4a0f7a51 e-flex e-con-boxed e-con e-parent\" data-id=\"4a0f7a51\" data-element_type=\"container\" data-e-type=\"container\" id=\"Content\">\n\t\t\t\t\t<div class=\"e-con-inner\">\n\t\t<div class=\"elementor-element elementor-element-4714e671 e-con-full e-flex e-con e-child\" data-id=\"4714e671\" data-element_type=\"container\" data-e-type=\"container\">\n\t\t\t\t<div class=\"elementor-element elementor-element-83d7fad elementor-widget__width-inherit elementor-widget elementor-widget-heading\" data-id=\"83d7fad\" data-element_type=\"widget\" data-e-type=\"widget\" data-widget_type=\"heading.default\">\n\t\t\t\t<div class=\"elementor-widget-container\">\n\t\t\t\t\t<h2 class=\"elementor-heading-title elementor-size-default\">Chemviron Aktivkohlen<\/h2>\t\t\t\t<\/div>\n\t\t\t\t<\/div>\n\t\t\t\t<div class=\"elementor-element elementor-element-2fe38075 elementor-widget-mobile__width-inherit elementor-widget elementor-widget-text-editor\" data-id=\"2fe38075\" data-element_type=\"widget\" data-e-type=\"widget\" data-widget_type=\"text-editor.default\">\n\t\t\t\t<div class=\"elementor-widget-container\">\n\t\t\t\t\t\t\t\t\t<div><p>Die Hauptziele der REACH-Verordnung (EG 1907\/2006) sind die Verbesserung des Schutzes der menschlichen Gesundheit und der Umwelt vor den Risiken von Chemikalien und die St\u00e4rkung der Wettbewerbsf\u00e4higkeit der chemischen Industrie innerhalb der Europ\u00e4ischen Union. Chemviron, ein Kuraray-Unternehmen und europ\u00e4ischer Gesch\u00e4ftsbereich von Calgon Carbon, engagiert sich voll und ganz f\u00fcr den REACH-Prozess, seine Grunds\u00e4tze und die kontinuierliche Versorgung unserer Kunden. Daher best\u00e4tigt Chemviron, dass die Registrierung von Aktivkohle abgeschlossen wurde.<\/p><p>Die REACH-Registrierungsnummern lauten wie folgt:<\/p><div><table><tbody><tr><td width=\"209\"><p><strong>Materialkurztext<\/strong><\/p><\/td><td width=\"209\"><p><strong>EG-Nummer<\/strong><\/p><\/td><td width=\"209\"><p><strong>REACH-Registrierungsnummer<\/strong><\/p><\/td><\/tr><tr><td width=\"209\"><p>Aktivkohle \u2013 Skelett mit hoher Dichte<\/p><\/td><td width=\"209\"><p>931-328-0<\/p><\/td><td width=\"209\"><p>01-2119488894-16-0001<br \/>01-2119488894-16-0002<br \/>01-2119488894-16-0007<br \/>01-2119488894-16-0012<\/p><\/td><\/tr><tr><td width=\"209\"><p>Aktivkohle \u2013 Skelett mit geringer Dichte<\/p><\/td><td width=\"209\"><p>931-334-3<\/p><\/td><td width=\"209\"><p>01-2119488716-22-0001<\/p><\/td><\/tr><\/tbody><\/table><\/div><\/div><div><p>Alle anderen Materialien in den Produkten, die wir derzeit liefern, wurden durch Registrierung bei der Europ\u00e4ischen Chemikalienagentur gesichert, um eine kontinuierliche Lieferung zu erm\u00f6glichen.<\/p><\/div>\t\t\t\t\t\t\t\t<\/div>\n\t\t\t\t<\/div>\n\t\t\t\t<div class=\"elementor-element elementor-element-0a26624 elementor-widget elementor-widget-heading\" data-id=\"0a26624\" data-element_type=\"widget\" data-e-type=\"widget\" data-widget_type=\"heading.default\">\n\t\t\t\t<div class=\"elementor-widget-container\">\n\t\t\t\t\t<h4 class=\"elementor-heading-title elementor-size-default\">Informationen zu besonders besorgniserregenden Stoffen (SVHC) f\u00fcr Aktivkohle<\/h4>\t\t\t\t<\/div>\n\t\t\t\t<\/div>\n\t\t\t\t<div class=\"elementor-element elementor-element-b3ea3ce elementor-widget-mobile__width-inherit elementor-widget elementor-widget-text-editor\" data-id=\"b3ea3ce\" data-element_type=\"widget\" data-e-type=\"widget\" data-widget_type=\"text-editor.default\">\n\t\t\t\t<div class=\"elementor-widget-container\">\n\t\t\t\t\t\t\t\t\t<p>Stoffe, die schwerwiegende oder irreversible Auswirkungen auf die menschliche Gesundheit und die Umwelt haben k\u00f6nnen, k\u00f6nnen als besonders besorgniserregende Stoffe (SVHCs) identifiziert werden. Gem\u00e4\u00df der REACH-Verordnung wird ein Stoff, der als SVHC identifiziert wird, in die Kandidatenliste f\u00fcr eine eventuelle Aufnahme in die Zulassungsliste aufgenommen. Hersteller sind verpflichtet, ihre Kunden \u00fcber das Vorhandensein von besonders besorgniserregenden Stoffen (SVHC) in ihren Produkten, die 0,1 Gew.-% \u00fcberschreiten, zu informieren und Anweisungen zur sicheren Verwendung des Produkts zu geben.<\/p><p>Basierend auf der aktuellen Kandidatenliste der SVHCs f\u00fcr die Zulassung, die von der Europ\u00e4ischen Chemikalienagentur ver\u00f6ffentlicht wurde, und nach unserem besten Wissen ist keiner der in der neuesten Version (Februar 2026) der Kandidatenliste enthaltenen Stoffe in einer Konzentration \u00fcber dem Schwellenwert in der von Chemviron gelieferten Aktivkohle vorhanden.<\/p>\t\t\t\t\t\t\t\t<\/div>\n\t\t\t\t<\/div>\n\t\t\t\t<\/div>\n\t\t\t\t\t<\/div>\n\t\t\t\t<\/div>\n\t\t\t\t<\/div>\n\t\t","protected":false},"excerpt":{"rendered":"<p>Der Anbieter von Aufbereitungsl\u00f6sungen REACH-Erkl\u00e4rung Mehr lesen Chemviron Aktivkohlen Die Hauptziele der REACH-Verordnung (EG 1907\/2006) sind die Verbesserung des Schutzes der menschlichen Gesundheit und der Umwelt vor den Risiken von Chemikalien und die St\u00e4rkung der Wettbewerbsf\u00e4higkeit der chemischen Industrie innerhalb der Europ\u00e4ischen Union. Chemviron, ein Kuraray-Unternehmen und europ\u00e4ischer Gesch\u00e4ftsbereich von Calgon Carbon, engagiert sich voll [&hellip;]<\/p>\n","protected":false},"author":1,"featured_media":13260,"parent":7016,"menu_order":0,"comment_status":"closed","ping_status":"closed","template":"elementor_header_footer","meta":{"_acf_changed":false,"inline_featured_image":false,"footnotes":""},"class_list":["post-12886","page","type-page","status-publish","has-post-thumbnail","hentry"],"acf":[],"yoast_head":"<!-- This site is optimized with the Yoast SEO plugin v27.3 - https:\/\/yoast.com\/product\/yoast-seo-wordpress\/ -->\n<title>REACH - Chemviron<\/title>\n<meta name=\"description\" content=\"Die Hauptziele der REACH-Verordnung (EG 1907\/2006) sind die Verbesserung des Schutzes der menschlichen Gesundheit und der Umwelt vor den Risiken von Chemikalien und die St\u00e4rkung der Wettbewerbsf\u00e4higkeit der chemischen Industrie innerhalb der Europ\u00e4ischen Union.\" \/>\n<meta name=\"robots\" content=\"index, follow, max-snippet:-1, max-image-preview:large, max-video-preview:-1\" \/>\n<link rel=\"canonical\" href=\"https:\/\/www.chemviron.eu\/de\/ueber-uns\/reach\/\" \/>\n<meta property=\"og:locale\" content=\"de_DE\" \/>\n<meta property=\"og:type\" content=\"article\" \/>\n<meta property=\"og:title\" content=\"REACH - Chemviron\" \/>\n<meta property=\"og:description\" content=\"Die Hauptziele der REACH-Verordnung (EG 1907\/2006) sind die Verbesserung des Schutzes der menschlichen Gesundheit und der Umwelt vor den Risiken von Chemikalien und die St\u00e4rkung der Wettbewerbsf\u00e4higkeit der chemischen Industrie innerhalb der Europ\u00e4ischen Union.\" \/>\n<meta property=\"og:url\" content=\"https:\/\/www.chemviron.eu\/de\/ueber-uns\/reach\/\" \/>\n<meta property=\"og:site_name\" content=\"Chemviron\" \/>\n<meta property=\"article:modified_time\" content=\"2026-03-25T10:38:43+00:00\" \/>\n<meta property=\"og:image\" content=\"https:\/\/www.chemviron.eu\/wp-content\/uploads\/2026\/02\/Reach-HIGH2-scaled.jpg\" \/>\n\t<meta property=\"og:image:width\" content=\"2560\" \/>\n\t<meta property=\"og:image:height\" content=\"1707\" \/>\n\t<meta property=\"og:image:type\" content=\"image\/jpeg\" \/>\n<meta name=\"twitter:card\" content=\"summary_large_image\" \/>\n<meta name=\"twitter:label1\" content=\"Gesch\u00e4tzte Lesezeit\" \/>\n\t<meta name=\"twitter:data1\" content=\"2\u00a0Minuten\" \/>\n<script type=\"application\/ld+json\" class=\"yoast-schema-graph\">{\"@context\":\"https:\\\/\\\/schema.org\",\"@graph\":[{\"@type\":\"WebPage\",\"@id\":\"https:\\\/\\\/www.chemviron.eu\\\/de\\\/ueber-uns\\\/reach\\\/\",\"url\":\"https:\\\/\\\/www.chemviron.eu\\\/de\\\/ueber-uns\\\/reach\\\/\",\"name\":\"REACH - Chemviron\",\"isPartOf\":{\"@id\":\"https:\\\/\\\/www.chemviron.eu\\\/de\\\/#website\"},\"primaryImageOfPage\":{\"@id\":\"https:\\\/\\\/www.chemviron.eu\\\/de\\\/ueber-uns\\\/reach\\\/#primaryimage\"},\"image\":{\"@id\":\"https:\\\/\\\/www.chemviron.eu\\\/de\\\/ueber-uns\\\/reach\\\/#primaryimage\"},\"thumbnailUrl\":\"https:\\\/\\\/www.chemviron.eu\\\/wp-content\\\/uploads\\\/2026\\\/02\\\/Reach-HIGH2-scaled.jpg\",\"datePublished\":\"2023-12-06T12:29:30+00:00\",\"dateModified\":\"2026-03-25T10:38:43+00:00\",\"description\":\"Die Hauptziele der REACH-Verordnung (EG 1907\\\/2006) sind die Verbesserung des Schutzes der menschlichen Gesundheit und der Umwelt vor den Risiken von Chemikalien und die St\u00e4rkung der Wettbewerbsf\u00e4higkeit der chemischen Industrie innerhalb der Europ\u00e4ischen Union.\",\"breadcrumb\":{\"@id\":\"https:\\\/\\\/www.chemviron.eu\\\/de\\\/ueber-uns\\\/reach\\\/#breadcrumb\"},\"inLanguage\":\"de\",\"potentialAction\":[{\"@type\":\"ReadAction\",\"target\":[\"https:\\\/\\\/www.chemviron.eu\\\/de\\\/ueber-uns\\\/reach\\\/\"]}]},{\"@type\":\"ImageObject\",\"inLanguage\":\"de\",\"@id\":\"https:\\\/\\\/www.chemviron.eu\\\/de\\\/ueber-uns\\\/reach\\\/#primaryimage\",\"url\":\"https:\\\/\\\/www.chemviron.eu\\\/wp-content\\\/uploads\\\/2026\\\/02\\\/Reach-HIGH2-scaled.jpg\",\"contentUrl\":\"https:\\\/\\\/www.chemviron.eu\\\/wp-content\\\/uploads\\\/2026\\\/02\\\/Reach-HIGH2-scaled.jpg\",\"width\":2560,\"height\":1707,\"caption\":\"reach-statement-chemviron\"},{\"@type\":\"BreadcrumbList\",\"@id\":\"https:\\\/\\\/www.chemviron.eu\\\/de\\\/ueber-uns\\\/reach\\\/#breadcrumb\",\"itemListElement\":[{\"@type\":\"ListItem\",\"position\":1,\"name\":\"Startseite\",\"item\":\"https:\\\/\\\/www.chemviron.eu\\\/de\\\/\"},{\"@type\":\"ListItem\",\"position\":2,\"name\":\"\u00dcber uns\",\"item\":\"https:\\\/\\\/www.chemviron.eu\\\/de\\\/ueber-uns\\\/\"},{\"@type\":\"ListItem\",\"position\":3,\"name\":\"REACH\"}]},{\"@type\":\"WebSite\",\"@id\":\"https:\\\/\\\/www.chemviron.eu\\\/de\\\/#website\",\"url\":\"https:\\\/\\\/www.chemviron.eu\\\/de\\\/\",\"name\":\"Chemviron\",\"description\":\"Der Anbieter von Aufbereitungsl\u00f6sungen\",\"publisher\":{\"@id\":\"https:\\\/\\\/www.chemviron.eu\\\/de\\\/#organization\"},\"potentialAction\":[{\"@type\":\"SearchAction\",\"target\":{\"@type\":\"EntryPoint\",\"urlTemplate\":\"https:\\\/\\\/www.chemviron.eu\\\/de\\\/?s={search_term_string}\"},\"query-input\":{\"@type\":\"PropertyValueSpecification\",\"valueRequired\":true,\"valueName\":\"search_term_string\"}}],\"inLanguage\":\"de\"},{\"@type\":\"Organization\",\"@id\":\"https:\\\/\\\/www.chemviron.eu\\\/de\\\/#organization\",\"name\":\"Chemviron\",\"url\":\"https:\\\/\\\/www.chemviron.eu\\\/de\\\/\",\"logo\":{\"@type\":\"ImageObject\",\"inLanguage\":\"de\",\"@id\":\"https:\\\/\\\/www.chemviron.eu\\\/de\\\/#\\\/schema\\\/logo\\\/image\\\/\",\"url\":\"https:\\\/\\\/www.chemviron.eu\\\/wp-content\\\/uploads\\\/2023\\\/12\\\/Chemviron-logo.jpg\",\"contentUrl\":\"https:\\\/\\\/www.chemviron.eu\\\/wp-content\\\/uploads\\\/2023\\\/12\\\/Chemviron-logo.jpg\",\"width\":1667,\"height\":833,\"caption\":\"Chemviron\"},\"image\":{\"@id\":\"https:\\\/\\\/www.chemviron.eu\\\/de\\\/#\\\/schema\\\/logo\\\/image\\\/\"},\"sameAs\":[\"https:\\\/\\\/www.linkedin.com\\\/company\\\/chemviron\\\/\"]}]}<\/script>\n<!-- \/ Yoast SEO plugin. -->","yoast_head_json":{"title":"REACH - Chemviron","description":"Die Hauptziele der REACH-Verordnung (EG 1907\/2006) sind die Verbesserung des Schutzes der menschlichen Gesundheit und der Umwelt vor den Risiken von Chemikalien und die St\u00e4rkung der Wettbewerbsf\u00e4higkeit der chemischen Industrie innerhalb der Europ\u00e4ischen Union.","robots":{"index":"index","follow":"follow","max-snippet":"max-snippet:-1","max-image-preview":"max-image-preview:large","max-video-preview":"max-video-preview:-1"},"canonical":"https:\/\/www.chemviron.eu\/de\/ueber-uns\/reach\/","og_locale":"de_DE","og_type":"article","og_title":"REACH - Chemviron","og_description":"Die Hauptziele der REACH-Verordnung (EG 1907\/2006) sind die Verbesserung des Schutzes der menschlichen Gesundheit und der Umwelt vor den Risiken von Chemikalien und die St\u00e4rkung der Wettbewerbsf\u00e4higkeit der chemischen Industrie innerhalb der Europ\u00e4ischen Union.","og_url":"https:\/\/www.chemviron.eu\/de\/ueber-uns\/reach\/","og_site_name":"Chemviron","article_modified_time":"2026-03-25T10:38:43+00:00","og_image":[{"width":2560,"height":1707,"url":"https:\/\/www.chemviron.eu\/wp-content\/uploads\/2026\/02\/Reach-HIGH2-scaled.jpg","type":"image\/jpeg"}],"twitter_card":"summary_large_image","twitter_misc":{"Gesch\u00e4tzte Lesezeit":"2\u00a0Minuten"},"schema":{"@context":"https:\/\/schema.org","@graph":[{"@type":"WebPage","@id":"https:\/\/www.chemviron.eu\/de\/ueber-uns\/reach\/","url":"https:\/\/www.chemviron.eu\/de\/ueber-uns\/reach\/","name":"REACH - Chemviron","isPartOf":{"@id":"https:\/\/www.chemviron.eu\/de\/#website"},"primaryImageOfPage":{"@id":"https:\/\/www.chemviron.eu\/de\/ueber-uns\/reach\/#primaryimage"},"image":{"@id":"https:\/\/www.chemviron.eu\/de\/ueber-uns\/reach\/#primaryimage"},"thumbnailUrl":"https:\/\/www.chemviron.eu\/wp-content\/uploads\/2026\/02\/Reach-HIGH2-scaled.jpg","datePublished":"2023-12-06T12:29:30+00:00","dateModified":"2026-03-25T10:38:43+00:00","description":"Die Hauptziele der REACH-Verordnung (EG 1907\/2006) sind die Verbesserung des Schutzes der menschlichen Gesundheit und der Umwelt vor den Risiken von Chemikalien und die St\u00e4rkung der Wettbewerbsf\u00e4higkeit der chemischen Industrie innerhalb der Europ\u00e4ischen Union.","breadcrumb":{"@id":"https:\/\/www.chemviron.eu\/de\/ueber-uns\/reach\/#breadcrumb"},"inLanguage":"de","potentialAction":[{"@type":"ReadAction","target":["https:\/\/www.chemviron.eu\/de\/ueber-uns\/reach\/"]}]},{"@type":"ImageObject","inLanguage":"de","@id":"https:\/\/www.chemviron.eu\/de\/ueber-uns\/reach\/#primaryimage","url":"https:\/\/www.chemviron.eu\/wp-content\/uploads\/2026\/02\/Reach-HIGH2-scaled.jpg","contentUrl":"https:\/\/www.chemviron.eu\/wp-content\/uploads\/2026\/02\/Reach-HIGH2-scaled.jpg","width":2560,"height":1707,"caption":"reach-statement-chemviron"},{"@type":"BreadcrumbList","@id":"https:\/\/www.chemviron.eu\/de\/ueber-uns\/reach\/#breadcrumb","itemListElement":[{"@type":"ListItem","position":1,"name":"Startseite","item":"https:\/\/www.chemviron.eu\/de\/"},{"@type":"ListItem","position":2,"name":"\u00dcber uns","item":"https:\/\/www.chemviron.eu\/de\/ueber-uns\/"},{"@type":"ListItem","position":3,"name":"REACH"}]},{"@type":"WebSite","@id":"https:\/\/www.chemviron.eu\/de\/#website","url":"https:\/\/www.chemviron.eu\/de\/","name":"Chemviron","description":"Der Anbieter von Aufbereitungsl\u00f6sungen","publisher":{"@id":"https:\/\/www.chemviron.eu\/de\/#organization"},"potentialAction":[{"@type":"SearchAction","target":{"@type":"EntryPoint","urlTemplate":"https:\/\/www.chemviron.eu\/de\/?s={search_term_string}"},"query-input":{"@type":"PropertyValueSpecification","valueRequired":true,"valueName":"search_term_string"}}],"inLanguage":"de"},{"@type":"Organization","@id":"https:\/\/www.chemviron.eu\/de\/#organization","name":"Chemviron","url":"https:\/\/www.chemviron.eu\/de\/","logo":{"@type":"ImageObject","inLanguage":"de","@id":"https:\/\/www.chemviron.eu\/de\/#\/schema\/logo\/image\/","url":"https:\/\/www.chemviron.eu\/wp-content\/uploads\/2023\/12\/Chemviron-logo.jpg","contentUrl":"https:\/\/www.chemviron.eu\/wp-content\/uploads\/2023\/12\/Chemviron-logo.jpg","width":1667,"height":833,"caption":"Chemviron"},"image":{"@id":"https:\/\/www.chemviron.eu\/de\/#\/schema\/logo\/image\/"},"sameAs":["https:\/\/www.linkedin.com\/company\/chemviron\/"]}]}},"_links":{"self":[{"href":"https:\/\/www.chemviron.eu\/de\/wp-json\/wp\/v2\/pages\/12886","targetHints":{"allow":["GET"]}}],"collection":[{"href":"https:\/\/www.chemviron.eu\/de\/wp-json\/wp\/v2\/pages"}],"about":[{"href":"https:\/\/www.chemviron.eu\/de\/wp-json\/wp\/v2\/types\/page"}],"author":[{"embeddable":true,"href":"https:\/\/www.chemviron.eu\/de\/wp-json\/wp\/v2\/users\/1"}],"replies":[{"embeddable":true,"href":"https:\/\/www.chemviron.eu\/de\/wp-json\/wp\/v2\/comments?post=12886"}],"version-history":[{"count":5,"href":"https:\/\/www.chemviron.eu\/de\/wp-json\/wp\/v2\/pages\/12886\/revisions"}],"predecessor-version":[{"id":15004,"href":"https:\/\/www.chemviron.eu\/de\/wp-json\/wp\/v2\/pages\/12886\/revisions\/15004"}],"up":[{"embeddable":true,"href":"https:\/\/www.chemviron.eu\/de\/wp-json\/wp\/v2\/pages\/7016"}],"wp:featuredmedia":[{"embeddable":true,"href":"https:\/\/www.chemviron.eu\/de\/wp-json\/wp\/v2\/media\/13260"}],"wp:attachment":[{"href":"https:\/\/www.chemviron.eu\/de\/wp-json\/wp\/v2\/media?parent=12886"}],"curies":[{"name":"wp","href":"https:\/\/api.w.org\/{rel}","templated":true}]}}