{"id":12868,"date":"2023-12-06T12:30:00","date_gmt":"2023-12-06T12:30:00","guid":{"rendered":"https:\/\/www.chemviron.eu\/uk-reach-erklaerung\/"},"modified":"2026-03-25T08:51:01","modified_gmt":"2026-03-25T08:51:01","slug":"uk-reach-erklaerung","status":"publish","type":"page","link":"https:\/\/www.chemviron.eu\/de\/ueber-uns\/reach\/uk-reach-erklaerung\/","title":{"rendered":"UK REACH-Erkl\u00e4rung"},"content":{"rendered":"\t\t<div data-elementor-type=\"wp-page\" data-elementor-id=\"12868\" class=\"elementor elementor-12868 elementor-617\" data-elementor-post-type=\"page\">\n\t\t\t\t<div class=\"elementor-element elementor-element-4bd9c2c5 e-con-full e-flex e-con e-parent\" data-id=\"4bd9c2c5\" data-element_type=\"container\" data-e-type=\"container\">\n\t\t<div data-dce-background-image-url=\"https:\/\/www.chemviron.eu\/wp-content\/uploads\/2026\/02\/UK-reach-high2-1-scaled.jpg\" class=\"elementor-element elementor-element-7bf57511 e-con-full e-flex e-con e-child\" data-id=\"7bf57511\" data-element_type=\"container\" data-e-type=\"container\" data-settings=\"{&quot;background_background&quot;:&quot;classic&quot;}\">\n\t\t\t\t<\/div>\n\t\t<div class=\"elementor-element elementor-element-523217ca e-con-full e-flex e-con e-child\" data-id=\"523217ca\" data-element_type=\"container\" data-e-type=\"container\">\n\t\t\t\t<div class=\"elementor-element elementor-element-379f9606 elementor-widget elementor-widget-heading\" data-id=\"379f9606\" data-element_type=\"widget\" data-e-type=\"widget\" data-widget_type=\"heading.default\">\n\t\t\t\t<div class=\"elementor-widget-container\">\n\t\t\t\t\t<h3 class=\"elementor-heading-title elementor-size-default\">Der Anbieter von Aufbereitungsl\u00f6sungen<\/h3>\t\t\t\t<\/div>\n\t\t\t\t<\/div>\n\t\t\t\t<div class=\"elementor-element elementor-element-6b2b7a3a elementor-widget elementor-widget-heading\" data-id=\"6b2b7a3a\" data-element_type=\"widget\" data-e-type=\"widget\" data-widget_type=\"heading.default\">\n\t\t\t\t<div class=\"elementor-widget-container\">\n\t\t\t\t\t<h1 class=\"elementor-heading-title elementor-size-default\">UK REACH-Erkl\u00e4rung<\/h1>\t\t\t\t<\/div>\n\t\t\t\t<\/div>\n\t\t\t\t<div class=\"elementor-element elementor-element-2bace7d9 elementor-hidden-tablet elementor-hidden-mobile elementor-widget elementor-widget-button\" data-id=\"2bace7d9\" data-element_type=\"widget\" data-e-type=\"widget\" data-widget_type=\"button.default\">\n\t\t\t\t<div class=\"elementor-widget-container\">\n\t\t\t\t\t\t\t\t\t<div class=\"elementor-button-wrapper\">\n\t\t\t\t\t<a class=\"elementor-button elementor-button-link elementor-size-sm\" href=\"#Content\">\n\t\t\t\t\t\t<span class=\"elementor-button-content-wrapper\">\n\t\t\t\t\t\t<span class=\"elementor-button-icon\">\n\t\t\t\t<svg aria-hidden=\"true\" class=\"e-font-icon-svg e-far-arrow-alt-circle-down\" viewBox=\"0 0 512 512\" xmlns=\"http:\/\/www.w3.org\/2000\/svg\"><path d=\"M256 8C119 8 8 119 8 256s111 248 248 248 248-111 248-248S393 8 256 8zm0 448c-110.5 0-200-89.5-200-200S145.5 56 256 56s200 89.5 200 200-89.5 200-200 200zm-32-316v116h-67c-10.7 0-16 12.9-8.5 20.5l99 99c4.7 4.7 12.3 4.7 17 0l99-99c7.6-7.6 2.2-20.5-8.5-20.5h-67V140c0-6.6-5.4-12-12-12h-40c-6.6 0-12 5.4-12 12z\"><\/path><\/svg>\t\t\t<\/span>\n\t\t\t\t\t\t\t\t\t<span class=\"elementor-button-text\">Mehr lesen<\/span>\n\t\t\t\t\t<\/span>\n\t\t\t\t\t<\/a>\n\t\t\t\t<\/div>\n\t\t\t\t\t\t\t\t<\/div>\n\t\t\t\t<\/div>\n\t\t\t\t<\/div>\n\t\t\t\t<\/div>\n\t\t<div data-dce-background-overlay-image-url=\"https:\/\/www.chemviron.eu\/wp-content\/uploads\/2024\/01\/kuraray_circle_grid_landscape_rgb-1.svg\" class=\"elementor-element elementor-element-2e90fd2e e-flex e-con-boxed e-con e-parent\" data-id=\"2e90fd2e\" data-element_type=\"container\" data-e-type=\"container\" id=\"Content\">\n\t\t\t\t\t<div class=\"e-con-inner\">\n\t\t<div class=\"elementor-element elementor-element-47a69162 e-con-full e-flex e-con e-child\" data-id=\"47a69162\" data-element_type=\"container\" data-e-type=\"container\">\n\t\t\t\t<div class=\"elementor-element elementor-element-6c661473 elementor-widget__width-inherit elementor-widget elementor-widget-heading\" data-id=\"6c661473\" data-element_type=\"widget\" data-e-type=\"widget\" data-widget_type=\"heading.default\">\n\t\t\t\t<div class=\"elementor-widget-container\">\n\t\t\t\t\t<h2 class=\"elementor-heading-title elementor-size-default\">Chemviron Aktivkohlen<\/h2>\t\t\t\t<\/div>\n\t\t\t\t<\/div>\n\t\t\t\t<div class=\"elementor-element elementor-element-36554ecd elementor-widget-mobile__width-inherit elementor-widget elementor-widget-text-editor\" data-id=\"36554ecd\" data-element_type=\"widget\" data-e-type=\"widget\" data-widget_type=\"text-editor.default\">\n\t\t\t\t<div class=\"elementor-widget-container\">\n\t\t\t\t\t\t\t\t\t<div><div><p>Die Hauptziele der REACH-Verordnung (EG 1907\/2006) sind die Verbesserung des Schutzes der menschlichen Gesundheit und der Umwelt vor den Risiken chemischer Stoffe sowie die Steigerung der Wettbewerbsf\u00e4higkeit der chemischen Industrie innerhalb der Europ\u00e4ischen Union.<\/p><\/div><div><p>Nach dem Brexit (Austritt des Vereinigten K\u00f6nigreichs aus der Europ\u00e4ischen Union) und seiner Umsetzung am 1. Januar 2021 galten die unter REACH registrierten Stoffe nicht mehr f\u00fcr das Vereinigte K\u00f6nigreich, und ein neues Registrierungsverfahren wurde unter dem Namen UK REACH angewendet.<\/p><\/div><div><p>Chemviron, ein Unternehmen der Kuraray-Gruppe und europ\u00e4ischer Gesch\u00e4ftsbereich von Calgon Carbon, bekennt sich uneingeschr\u00e4nkt zum UK REACH-Verfahren, seinen Grunds\u00e4tzen und zur Kontinuit\u00e4t der Versorgung unserer Kunden. Chemviron best\u00e4tigt, dass die EU-REACH-Registrierung, die in UK REACH \u00fcbernommen wurde, f\u00fcr Aktivkohle abgeschlossen ist.<\/p><\/div><div><p>Die UK REACH-Registrierungsnummern lauten wie folgt:<\/p><table><tbody><tr><td width=\"209\"><strong>Kurzbezeichnung des Materials<\/strong><\/td><td width=\"209\"><p><strong>EG-Nummer<\/strong><\/p><\/td><td width=\"209\"><p><strong>UK REACH-Registrierungsnummer<\/strong><\/p><\/td><\/tr><tr><td width=\"209\"><p>Aktivkohle &#8211; hochdichtes Skelett<\/p><\/td><td width=\"209\"><p>931-328-0<\/p><\/td><td width=\"209\"><p>UK-01-9867897380-5-0005<\/p><\/td><\/tr><tr><td width=\"209\"><p>Aktivkohle &#8211; Skelett mit niedriger Dichte<\/p><\/td><td width=\"209\"><p>931-334-3<\/p><\/td><td width=\"209\"><p>UK-01-6417543731-4-0004<\/p><\/td><\/tr><\/tbody><\/table><\/div><\/div><div><p>Alle anderen Materialien in den Produkten, die wir derzeit liefern, wurden durch die Registrierung bei der Health and Safety Executive (HSE) des Vereinigten K\u00f6nigreichs gesichert, um die kontinuierliche Lieferung zu gew\u00e4hrleisten.<\/p><\/div>\t\t\t\t\t\t\t\t<\/div>\n\t\t\t\t<\/div>\n\t\t\t\t<div class=\"elementor-element elementor-element-720cea32 elementor-widget elementor-widget-heading\" data-id=\"720cea32\" data-element_type=\"widget\" data-e-type=\"widget\" data-widget_type=\"heading.default\">\n\t\t\t\t<div class=\"elementor-widget-container\">\n\t\t\t\t\t<h4 class=\"elementor-heading-title elementor-size-default\">Informationen zu besonders besorgniserregenden Stoffen (SVHC) f\u00fcr Aktivkohle<\/h4>\t\t\t\t<\/div>\n\t\t\t\t<\/div>\n\t\t\t\t<div class=\"elementor-element elementor-element-70495614 elementor-widget-mobile__width-inherit elementor-widget elementor-widget-text-editor\" data-id=\"70495614\" data-element_type=\"widget\" data-e-type=\"widget\" data-widget_type=\"text-editor.default\">\n\t\t\t\t<div class=\"elementor-widget-container\">\n\t\t\t\t\t\t\t\t\t<div>\n<p>Stoffe, die schwerwiegende oder irreversible Auswirkungen auf die menschliche Gesundheit und die Umwelt haben k\u00f6nnen, k\u00f6nnen als besonders besorgniserregende Stoffe (SVHCs) identifiziert werden. Gem\u00e4\u00df der REACH-Verordnung wird ein Stoff, wenn er als SVHC identifiziert wird, in die Kandidatenliste f\u00fcr die eventuelle Aufnahme in die Zulassungsliste aufgenommen. Hersteller sind verpflichtet, ihre Kunden \u00fcber das Vorhandensein von besonders besorgniserregenden Stoffen (SVHC) in ihren Produkten \u00fcber 0,1 Gew.-% zu informieren und Anweisungen zur sicheren Verwendung des Produkts zu geben.<\/p>\n<\/div>\n<div>Basierend auf der aktuellen Kandidatenliste der SVHCs f\u00fcr die Zulassung, die von der Europ\u00e4ischen Chemikalienagentur ver\u00f6ffentlicht wurde, und nach unserem besten Wissen ist keiner der Stoffe, die in der neuesten Version (Februar 2026) der Kandidatenliste enthalten sind, oberhalb der Schwellenkonzentration in der von Chemviron gelieferten Aktivkohle vorhanden.<\/div>\t\t\t\t\t\t\t\t<\/div>\n\t\t\t\t<\/div>\n\t\t\t\t<\/div>\n\t\t\t\t\t<\/div>\n\t\t\t\t<\/div>\n\t\t\t\t<\/div>\n\t\t","protected":false},"excerpt":{"rendered":"<p>Der Anbieter von Aufbereitungsl\u00f6sungen UK REACH-Erkl\u00e4rung Mehr lesen Chemviron Aktivkohlen Die Hauptziele der REACH-Verordnung (EG 1907\/2006) sind die Verbesserung des Schutzes der menschlichen Gesundheit und der Umwelt vor den Risiken chemischer Stoffe sowie die Steigerung der Wettbewerbsf\u00e4higkeit der chemischen Industrie innerhalb der Europ\u00e4ischen Union. Nach dem Brexit (Austritt des Vereinigten K\u00f6nigreichs aus der Europ\u00e4ischen Union) [&hellip;]<\/p>\n","protected":false},"author":1,"featured_media":13276,"parent":12886,"menu_order":0,"comment_status":"closed","ping_status":"closed","template":"elementor_header_footer","meta":{"_acf_changed":false,"inline_featured_image":false,"footnotes":""},"class_list":["post-12868","page","type-page","status-publish","has-post-thumbnail","hentry"],"acf":[],"yoast_head":"<!-- This site is optimized with the Yoast SEO plugin v27.3 - https:\/\/yoast.com\/product\/yoast-seo-wordpress\/ -->\n<title>UK REACH-Erkl\u00e4rung - Chemviron<\/title>\n<meta name=\"description\" content=\"Nach dem Brexit (Austritt des Vereinigten K\u00f6nigreichs aus der Europ\u00e4ischen Union) und seiner Umsetzung am 1. Januar 2021 galten die unter REACH registrierten Stoffe nicht mehr f\u00fcr das Vereinigte K\u00f6nigreich, und ein neues Registrierungsverfahren wurde unter dem Namen UK REACH angewendet.\" \/>\n<meta name=\"robots\" content=\"index, follow, max-snippet:-1, max-image-preview:large, max-video-preview:-1\" \/>\n<link rel=\"canonical\" href=\"https:\/\/www.chemviron.eu\/de\/ueber-uns\/reach\/uk-reach-erklaerung\/\" \/>\n<meta property=\"og:locale\" content=\"de_DE\" \/>\n<meta property=\"og:type\" content=\"article\" \/>\n<meta property=\"og:title\" content=\"UK REACH-Erkl\u00e4rung - Chemviron\" \/>\n<meta property=\"og:description\" content=\"Nach dem Brexit (Austritt des Vereinigten K\u00f6nigreichs aus der Europ\u00e4ischen Union) und seiner Umsetzung am 1. Januar 2021 galten die unter REACH registrierten Stoffe nicht mehr f\u00fcr das Vereinigte K\u00f6nigreich, und ein neues Registrierungsverfahren wurde unter dem Namen UK REACH angewendet.\" \/>\n<meta property=\"og:url\" content=\"https:\/\/www.chemviron.eu\/de\/ueber-uns\/reach\/uk-reach-erklaerung\/\" \/>\n<meta property=\"og:site_name\" content=\"Chemviron\" \/>\n<meta property=\"article:modified_time\" content=\"2026-03-25T08:51:01+00:00\" \/>\n<meta property=\"og:image\" content=\"https:\/\/www.chemviron.eu\/wp-content\/uploads\/2026\/02\/UK-reach-high2-scaled.jpg\" \/>\n\t<meta property=\"og:image:width\" content=\"2560\" \/>\n\t<meta property=\"og:image:height\" content=\"1709\" \/>\n\t<meta property=\"og:image:type\" content=\"image\/jpeg\" \/>\n<meta name=\"twitter:card\" content=\"summary_large_image\" \/>\n<meta name=\"twitter:label1\" content=\"Gesch\u00e4tzte Lesezeit\" \/>\n\t<meta name=\"twitter:data1\" content=\"2\u00a0Minuten\" \/>\n<script type=\"application\/ld+json\" class=\"yoast-schema-graph\">{\"@context\":\"https:\\\/\\\/schema.org\",\"@graph\":[{\"@type\":\"WebPage\",\"@id\":\"https:\\\/\\\/www.chemviron.eu\\\/de\\\/ueber-uns\\\/reach\\\/uk-reach-erklaerung\\\/\",\"url\":\"https:\\\/\\\/www.chemviron.eu\\\/de\\\/ueber-uns\\\/reach\\\/uk-reach-erklaerung\\\/\",\"name\":\"UK REACH-Erkl\u00e4rung - Chemviron\",\"isPartOf\":{\"@id\":\"https:\\\/\\\/www.chemviron.eu\\\/de\\\/#website\"},\"primaryImageOfPage\":{\"@id\":\"https:\\\/\\\/www.chemviron.eu\\\/de\\\/ueber-uns\\\/reach\\\/uk-reach-erklaerung\\\/#primaryimage\"},\"image\":{\"@id\":\"https:\\\/\\\/www.chemviron.eu\\\/de\\\/ueber-uns\\\/reach\\\/uk-reach-erklaerung\\\/#primaryimage\"},\"thumbnailUrl\":\"https:\\\/\\\/www.chemviron.eu\\\/wp-content\\\/uploads\\\/2026\\\/02\\\/UK-reach-high2-scaled.jpg\",\"datePublished\":\"2023-12-06T12:30:00+00:00\",\"dateModified\":\"2026-03-25T08:51:01+00:00\",\"description\":\"Nach dem Brexit (Austritt des Vereinigten K\u00f6nigreichs aus der Europ\u00e4ischen Union) und seiner Umsetzung am 1. Januar 2021 galten die unter REACH registrierten Stoffe nicht mehr f\u00fcr das Vereinigte K\u00f6nigreich, und ein neues Registrierungsverfahren wurde unter dem Namen UK REACH angewendet.\",\"breadcrumb\":{\"@id\":\"https:\\\/\\\/www.chemviron.eu\\\/de\\\/ueber-uns\\\/reach\\\/uk-reach-erklaerung\\\/#breadcrumb\"},\"inLanguage\":\"de\",\"potentialAction\":[{\"@type\":\"ReadAction\",\"target\":[\"https:\\\/\\\/www.chemviron.eu\\\/de\\\/ueber-uns\\\/reach\\\/uk-reach-erklaerung\\\/\"]}]},{\"@type\":\"ImageObject\",\"inLanguage\":\"de\",\"@id\":\"https:\\\/\\\/www.chemviron.eu\\\/de\\\/ueber-uns\\\/reach\\\/uk-reach-erklaerung\\\/#primaryimage\",\"url\":\"https:\\\/\\\/www.chemviron.eu\\\/wp-content\\\/uploads\\\/2026\\\/02\\\/UK-reach-high2-scaled.jpg\",\"contentUrl\":\"https:\\\/\\\/www.chemviron.eu\\\/wp-content\\\/uploads\\\/2026\\\/02\\\/UK-reach-high2-scaled.jpg\",\"width\":2560,\"height\":1709,\"caption\":\"uk-reach-statement-chemviron\"},{\"@type\":\"BreadcrumbList\",\"@id\":\"https:\\\/\\\/www.chemviron.eu\\\/de\\\/ueber-uns\\\/reach\\\/uk-reach-erklaerung\\\/#breadcrumb\",\"itemListElement\":[{\"@type\":\"ListItem\",\"position\":1,\"name\":\"Startseite\",\"item\":\"https:\\\/\\\/www.chemviron.eu\\\/de\\\/\"},{\"@type\":\"ListItem\",\"position\":2,\"name\":\"\u00dcber uns\",\"item\":\"https:\\\/\\\/www.chemviron.eu\\\/de\\\/ueber-uns\\\/\"},{\"@type\":\"ListItem\",\"position\":3,\"name\":\"REACH\",\"item\":\"https:\\\/\\\/www.chemviron.eu\\\/de\\\/sobre-nosotros\\\/reach\\\/\"},{\"@type\":\"ListItem\",\"position\":4,\"name\":\"UK REACH-Erkl\u00e4rung\"}]},{\"@type\":\"WebSite\",\"@id\":\"https:\\\/\\\/www.chemviron.eu\\\/de\\\/#website\",\"url\":\"https:\\\/\\\/www.chemviron.eu\\\/de\\\/\",\"name\":\"Chemviron\",\"description\":\"Der Anbieter von Aufbereitungsl\u00f6sungen\",\"publisher\":{\"@id\":\"https:\\\/\\\/www.chemviron.eu\\\/de\\\/#organization\"},\"potentialAction\":[{\"@type\":\"SearchAction\",\"target\":{\"@type\":\"EntryPoint\",\"urlTemplate\":\"https:\\\/\\\/www.chemviron.eu\\\/de\\\/?s={search_term_string}\"},\"query-input\":{\"@type\":\"PropertyValueSpecification\",\"valueRequired\":true,\"valueName\":\"search_term_string\"}}],\"inLanguage\":\"de\"},{\"@type\":\"Organization\",\"@id\":\"https:\\\/\\\/www.chemviron.eu\\\/de\\\/#organization\",\"name\":\"Chemviron\",\"url\":\"https:\\\/\\\/www.chemviron.eu\\\/de\\\/\",\"logo\":{\"@type\":\"ImageObject\",\"inLanguage\":\"de\",\"@id\":\"https:\\\/\\\/www.chemviron.eu\\\/de\\\/#\\\/schema\\\/logo\\\/image\\\/\",\"url\":\"https:\\\/\\\/www.chemviron.eu\\\/wp-content\\\/uploads\\\/2023\\\/12\\\/Chemviron-logo.jpg\",\"contentUrl\":\"https:\\\/\\\/www.chemviron.eu\\\/wp-content\\\/uploads\\\/2023\\\/12\\\/Chemviron-logo.jpg\",\"width\":1667,\"height\":833,\"caption\":\"Chemviron\"},\"image\":{\"@id\":\"https:\\\/\\\/www.chemviron.eu\\\/de\\\/#\\\/schema\\\/logo\\\/image\\\/\"},\"sameAs\":[\"https:\\\/\\\/www.linkedin.com\\\/company\\\/chemviron\\\/\"]}]}<\/script>\n<!-- \/ Yoast SEO plugin. -->","yoast_head_json":{"title":"UK REACH-Erkl\u00e4rung - Chemviron","description":"Nach dem Brexit (Austritt des Vereinigten K\u00f6nigreichs aus der Europ\u00e4ischen Union) und seiner Umsetzung am 1. Januar 2021 galten die unter REACH registrierten Stoffe nicht mehr f\u00fcr das Vereinigte K\u00f6nigreich, und ein neues Registrierungsverfahren wurde unter dem Namen UK REACH angewendet.","robots":{"index":"index","follow":"follow","max-snippet":"max-snippet:-1","max-image-preview":"max-image-preview:large","max-video-preview":"max-video-preview:-1"},"canonical":"https:\/\/www.chemviron.eu\/de\/ueber-uns\/reach\/uk-reach-erklaerung\/","og_locale":"de_DE","og_type":"article","og_title":"UK REACH-Erkl\u00e4rung - Chemviron","og_description":"Nach dem Brexit (Austritt des Vereinigten K\u00f6nigreichs aus der Europ\u00e4ischen Union) und seiner Umsetzung am 1. Januar 2021 galten die unter REACH registrierten Stoffe nicht mehr f\u00fcr das Vereinigte K\u00f6nigreich, und ein neues Registrierungsverfahren wurde unter dem Namen UK REACH angewendet.","og_url":"https:\/\/www.chemviron.eu\/de\/ueber-uns\/reach\/uk-reach-erklaerung\/","og_site_name":"Chemviron","article_modified_time":"2026-03-25T08:51:01+00:00","og_image":[{"width":2560,"height":1709,"url":"https:\/\/www.chemviron.eu\/wp-content\/uploads\/2026\/02\/UK-reach-high2-scaled.jpg","type":"image\/jpeg"}],"twitter_card":"summary_large_image","twitter_misc":{"Gesch\u00e4tzte Lesezeit":"2\u00a0Minuten"},"schema":{"@context":"https:\/\/schema.org","@graph":[{"@type":"WebPage","@id":"https:\/\/www.chemviron.eu\/de\/ueber-uns\/reach\/uk-reach-erklaerung\/","url":"https:\/\/www.chemviron.eu\/de\/ueber-uns\/reach\/uk-reach-erklaerung\/","name":"UK REACH-Erkl\u00e4rung - Chemviron","isPartOf":{"@id":"https:\/\/www.chemviron.eu\/de\/#website"},"primaryImageOfPage":{"@id":"https:\/\/www.chemviron.eu\/de\/ueber-uns\/reach\/uk-reach-erklaerung\/#primaryimage"},"image":{"@id":"https:\/\/www.chemviron.eu\/de\/ueber-uns\/reach\/uk-reach-erklaerung\/#primaryimage"},"thumbnailUrl":"https:\/\/www.chemviron.eu\/wp-content\/uploads\/2026\/02\/UK-reach-high2-scaled.jpg","datePublished":"2023-12-06T12:30:00+00:00","dateModified":"2026-03-25T08:51:01+00:00","description":"Nach dem Brexit (Austritt des Vereinigten K\u00f6nigreichs aus der Europ\u00e4ischen Union) und seiner Umsetzung am 1. Januar 2021 galten die unter REACH registrierten Stoffe nicht mehr f\u00fcr das Vereinigte K\u00f6nigreich, und ein neues Registrierungsverfahren wurde unter dem Namen UK REACH angewendet.","breadcrumb":{"@id":"https:\/\/www.chemviron.eu\/de\/ueber-uns\/reach\/uk-reach-erklaerung\/#breadcrumb"},"inLanguage":"de","potentialAction":[{"@type":"ReadAction","target":["https:\/\/www.chemviron.eu\/de\/ueber-uns\/reach\/uk-reach-erklaerung\/"]}]},{"@type":"ImageObject","inLanguage":"de","@id":"https:\/\/www.chemviron.eu\/de\/ueber-uns\/reach\/uk-reach-erklaerung\/#primaryimage","url":"https:\/\/www.chemviron.eu\/wp-content\/uploads\/2026\/02\/UK-reach-high2-scaled.jpg","contentUrl":"https:\/\/www.chemviron.eu\/wp-content\/uploads\/2026\/02\/UK-reach-high2-scaled.jpg","width":2560,"height":1709,"caption":"uk-reach-statement-chemviron"},{"@type":"BreadcrumbList","@id":"https:\/\/www.chemviron.eu\/de\/ueber-uns\/reach\/uk-reach-erklaerung\/#breadcrumb","itemListElement":[{"@type":"ListItem","position":1,"name":"Startseite","item":"https:\/\/www.chemviron.eu\/de\/"},{"@type":"ListItem","position":2,"name":"\u00dcber uns","item":"https:\/\/www.chemviron.eu\/de\/ueber-uns\/"},{"@type":"ListItem","position":3,"name":"REACH","item":"https:\/\/www.chemviron.eu\/de\/sobre-nosotros\/reach\/"},{"@type":"ListItem","position":4,"name":"UK REACH-Erkl\u00e4rung"}]},{"@type":"WebSite","@id":"https:\/\/www.chemviron.eu\/de\/#website","url":"https:\/\/www.chemviron.eu\/de\/","name":"Chemviron","description":"Der Anbieter von Aufbereitungsl\u00f6sungen","publisher":{"@id":"https:\/\/www.chemviron.eu\/de\/#organization"},"potentialAction":[{"@type":"SearchAction","target":{"@type":"EntryPoint","urlTemplate":"https:\/\/www.chemviron.eu\/de\/?s={search_term_string}"},"query-input":{"@type":"PropertyValueSpecification","valueRequired":true,"valueName":"search_term_string"}}],"inLanguage":"de"},{"@type":"Organization","@id":"https:\/\/www.chemviron.eu\/de\/#organization","name":"Chemviron","url":"https:\/\/www.chemviron.eu\/de\/","logo":{"@type":"ImageObject","inLanguage":"de","@id":"https:\/\/www.chemviron.eu\/de\/#\/schema\/logo\/image\/","url":"https:\/\/www.chemviron.eu\/wp-content\/uploads\/2023\/12\/Chemviron-logo.jpg","contentUrl":"https:\/\/www.chemviron.eu\/wp-content\/uploads\/2023\/12\/Chemviron-logo.jpg","width":1667,"height":833,"caption":"Chemviron"},"image":{"@id":"https:\/\/www.chemviron.eu\/de\/#\/schema\/logo\/image\/"},"sameAs":["https:\/\/www.linkedin.com\/company\/chemviron\/"]}]}},"_links":{"self":[{"href":"https:\/\/www.chemviron.eu\/de\/wp-json\/wp\/v2\/pages\/12868","targetHints":{"allow":["GET"]}}],"collection":[{"href":"https:\/\/www.chemviron.eu\/de\/wp-json\/wp\/v2\/pages"}],"about":[{"href":"https:\/\/www.chemviron.eu\/de\/wp-json\/wp\/v2\/types\/page"}],"author":[{"embeddable":true,"href":"https:\/\/www.chemviron.eu\/de\/wp-json\/wp\/v2\/users\/1"}],"replies":[{"embeddable":true,"href":"https:\/\/www.chemviron.eu\/de\/wp-json\/wp\/v2\/comments?post=12868"}],"version-history":[{"count":5,"href":"https:\/\/www.chemviron.eu\/de\/wp-json\/wp\/v2\/pages\/12868\/revisions"}],"predecessor-version":[{"id":14983,"href":"https:\/\/www.chemviron.eu\/de\/wp-json\/wp\/v2\/pages\/12868\/revisions\/14983"}],"up":[{"embeddable":true,"href":"https:\/\/www.chemviron.eu\/de\/wp-json\/wp\/v2\/pages\/12886"}],"wp:featuredmedia":[{"embeddable":true,"href":"https:\/\/www.chemviron.eu\/de\/wp-json\/wp\/v2\/media\/13276"}],"wp:attachment":[{"href":"https:\/\/www.chemviron.eu\/de\/wp-json\/wp\/v2\/media?parent=12868"}],"curies":[{"name":"wp","href":"https:\/\/api.w.org\/{rel}","templated":true}]}}