{"id":12720,"date":"2023-12-06T12:42:12","date_gmt":"2023-12-06T12:42:12","guid":{"rendered":"https:\/\/www.chemviron.eu\/reaktivierung\/"},"modified":"2026-02-09T10:09:58","modified_gmt":"2026-02-09T10:09:58","slug":"reaktivierung","status":"publish","type":"page","link":"https:\/\/www.chemviron.eu\/de\/loesungen\/reaktivierung\/","title":{"rendered":"Reaktivierung"},"content":{"rendered":"\t\t<div data-elementor-type=\"wp-page\" data-elementor-id=\"12720\" class=\"elementor elementor-12720 elementor-655\" data-elementor-post-type=\"page\">\n\t\t\t\t<div class=\"elementor-element elementor-element-76d7d700 e-flex e-con-boxed e-con e-parent\" data-id=\"76d7d700\" data-element_type=\"container\" data-e-type=\"container\">\n\t\t\t\t\t<div class=\"e-con-inner\">\n\t\t<div class=\"elementor-element elementor-element-36d9bf71 e-con-full e-flex e-con e-child\" data-id=\"36d9bf71\" data-element_type=\"container\" data-e-type=\"container\">\n\t\t\t\t<div class=\"elementor-element elementor-element-5c4d87aa elementor-invisible elementor-widget elementor-widget-heading\" data-id=\"5c4d87aa\" data-element_type=\"widget\" data-e-type=\"widget\" data-settings=\"{&quot;_animation&quot;:&quot;fadeIn&quot;}\" data-widget_type=\"heading.default\">\n\t\t\t\t<div class=\"elementor-widget-container\">\n\t\t\t\t\t<h1 class=\"elementor-heading-title elementor-size-default\">Reaktivierung<\/h1>\t\t\t\t<\/div>\n\t\t\t\t<\/div>\n\t\t\t\t<div class=\"elementor-element elementor-element-6c4fffda elementor-invisible elementor-widget elementor-widget-heading\" data-id=\"6c4fffda\" data-element_type=\"widget\" data-e-type=\"widget\" data-settings=\"{&quot;_animation&quot;:&quot;fadeIn&quot;,&quot;_animation_delay&quot;:400}\" data-widget_type=\"heading.default\">\n\t\t\t\t<div class=\"elementor-widget-container\">\n\t\t\t\t\t<h2 class=\"elementor-heading-title elementor-size-default\">Chemviron ist der weltweit gr\u00f6\u00dfte Recycler (bzw. Reaktivierer) von Aktivkohlen f\u00fcr Luft- und Wasseraufbereitungsanwendungen mit Reaktivierungsanlagen, die strategisch in ganz Europa verteilt sind.<\/h2>\t\t\t\t<\/div>\n\t\t\t\t<\/div>\n\t\t\t\t<\/div>\n\t\t<div data-dce-background-image-url=\"https:\/\/www.chemviron.eu\/wp-content\/uploads\/2024\/01\/Solutions_Reactivation-1-e1711541221316.jpg\" class=\"elementor-element elementor-element-670f6fd3 e-con-full e-flex e-con e-child\" data-id=\"670f6fd3\" data-element_type=\"container\" data-e-type=\"container\" data-settings=\"{&quot;background_background&quot;:&quot;classic&quot;}\">\n\t\t\t\t<\/div>\n\t\t\t\t\t<\/div>\n\t\t\t\t<\/div>\n\t\t<div data-dce-background-overlay-image-url=\"https:\/\/www.chemviron.eu\/wp-content\/uploads\/2023\/12\/kuraray_circle_arrangement_2_rgb_cyan_50pct.svg\" class=\"elementor-element elementor-element-07f5d8b e-flex e-con-boxed e-con e-parent\" data-id=\"07f5d8b\" data-element_type=\"container\" data-e-type=\"container\">\n\t\t\t\t\t<div class=\"e-con-inner\">\n\t\t\t\t<div class=\"elementor-element elementor-element-54c0915 elementor-widget elementor-widget-text-editor\" data-id=\"54c0915\" data-element_type=\"widget\" data-e-type=\"widget\" data-widget_type=\"text-editor.default\">\n\t\t\t\t<div class=\"elementor-widget-container\">\n\t\t\t\t\t\t\t\t\t<p>Sobald granulierte oder pelletierte Aktivkohlen f\u00fcr Reinigungs- oder Entf\u00e4rbungsanwendungen eingesetzt wurden, k\u00f6nnen sie normalerweise durch thermische Reaktivierung recycelt werden, wodurch die Aktivkohle zur Wiederverwendung an Kunden zur\u00fcckgegeben werden kann. Die Reaktivierung ist ein hochspezialisierter Prozess, bei dem die verbrauchte Kohle in einem Hochtemperatur-Reaktivierungsofen behandelt wird, wobei die Verunreinigungen, die w\u00e4hrend des Betriebs vor Ort an der Kohle adsorbiert wurden, thermisch zerst\u00f6rt werden.  <\/p><p>Die Reaktivierung ist ein nachhaltiges Kreislaufwirtschaftsmodell, das die wiederholte Wiederverwendung von Aktivkohle in derselben oder einer geeigneten Anwendung erm\u00f6glicht. Die Kombination der Reaktivierung mit den hochwertigen Aktivkohlen von Chemviron bedeutet, dass unsere Kunden von einer kosteng\u00fcnstigen und nachhaltigen Reinigungsl\u00f6sung profitieren k\u00f6nnen. <\/p><p>In Belgien betreibt Chemviron die weltweit gr\u00f6\u00dfte Reaktivierungsanlage f\u00fcr Aktivkohle, die t\u00e4glich gro\u00dfe Mengen verbrauchter Kohle f\u00fcr eine Vielzahl von Kunden recycelt. Mit zus\u00e4tzlichen Reaktivierungszentren in Gro\u00dfbritannien und Italien bietet Chemviron unseren Kunden in ganz Europa einen umfassenden Service.  <\/p><p>Die Reaktivierungsanlagen von Chemviron bieten einen Recyclingservice f\u00fcr verbrauchte Aktivkohlen aus der Trinkwasser- und Lebensmittelindustrie, der industriellen Chemie, der Abwasserbehandlung und der Sanierung sowie f\u00fcr verbrauchte granulierte und pelletierte Aktivkohlen aus der industriellen Luftbehandlung. <\/p><p>Chemviron bietet ein hohes Ma\u00df an Sicherheit f\u00fcr die Reinwasser- und Lebensmittelindustrie, da unser Standort in Feluy, Belgien, nach ISO 22000 f\u00fcr Lebensmittelsicherheitsmanagement akkreditiert ist. Alle unsere Reaktivierungszentren sind so konzipiert, dass sie strenge Luftqualit\u00e4tsvorschriften erf\u00fcllen, was den Einsatz der Aktivkohletechnologie zu einer umweltfreundlichen L\u00f6sung macht. Das Recycling von Aktivkohle durch thermische Reaktivierung erf\u00fcllt die Umweltanforderungen zur Minimierung von Abf\u00e4llen, zur Reduzierung der CO<sub>2<\/sub>-Emissionen und zur Begrenzung des Verbrauchs der weltweiten Ressourcen.  <\/p>\t\t\t\t\t\t\t\t<\/div>\n\t\t\t\t<\/div>\n\t\t\t\t<div class=\"elementor-element elementor-element-96c6718 elementor-widget elementor-widget-heading\" data-id=\"96c6718\" data-element_type=\"widget\" data-e-type=\"widget\" data-widget_type=\"heading.default\">\n\t\t\t\t<div class=\"elementor-widget-container\">\n\t\t\t\t\t<h3 class=\"elementor-heading-title elementor-size-default\">Warum Chemviron als Ihr Dienstleister f\u00fcr die Kohle-Reaktivierung w\u00e4hlen?<\/h3>\t\t\t\t<\/div>\n\t\t\t\t<\/div>\n\t\t\t\t<div class=\"elementor-element elementor-element-7993957 elementor-widget elementor-widget-text-editor\" data-id=\"7993957\" data-element_type=\"widget\" data-e-type=\"widget\" data-widget_type=\"text-editor.default\">\n\t\t\t\t<div class=\"elementor-widget-container\">\n\t\t\t\t\t\t\t\t\t<div><p>Die Philosophie und Priorit\u00e4t von Chemviron ist es, verbrauchte Kohle in einer wiederverwendbaren Qualit\u00e4t zu recyceln, anstatt sie durch frische Kohle zu ersetzen, um die Nachhaltigkeit unserer Technologie zum Nutzen unserer Kunden zu maximieren. Durch die Bereitstellung hochleistungsf\u00e4higer Aktivkohlen, kombiniert mit unseren mobilen Kohlefiltern und einem effizienten Reaktivierungsservice, k\u00f6nnen die Aktivkohlen von Chemviron recycelt und wiederholt wiederverwendet werden. <\/p><p>Basierend auf unserer umfassenden Reaktivierungserfahrung hat Chemviron betr\u00e4chtliches internes Fachwissen \u00fcber das erforderliche Reaktivierungsdesign und die Betriebsbedingungen entwickelt, um einige der anspruchsvolleren verbrauchten Aktivkohlen, die wir heute sehen, effizient zu reaktivieren. Chemviron besitzt und betreibt alle unsere ma\u00dfgeschneiderten Kohle-Reaktivierungs\u00f6fen und reaktiviert seit den 1970er Jahren granulierte und pelletierte Aktivkohlen in Europa. Dies hat uns auch erm\u00f6glicht, unsere Prozesse kontinuierlich zu verbessern, um unsere Nachhaltigkeit in Bezug auf Energie- und Wasserverbrauch zu steigern und die Qualit\u00e4t und Effektivit\u00e4t unseres Reaktivierungsservices zu erh\u00f6hen<span style=\"font-size: 1rem;\">.<\/span>  <\/p><\/div><div><p>Chemviron engagiert sich f\u00fcr einen nachhaltigen Aktivkohle-Service, der dazu beitr\u00e4gt, den CO<sub>2<\/sub>-Fu\u00dfabdruck unserer Kunden sowie unseren eigenen im Prozess zu reduzieren. <\/p><\/div>\t\t\t\t\t\t\t\t<\/div>\n\t\t\t\t<\/div>\n\t\t\t\t\t<\/div>\n\t\t\t\t<\/div>\n\t\t<div class=\"elementor-element elementor-element-43c96816 e-flex e-con-boxed elementor-invisible e-con e-parent\" data-id=\"43c96816\" data-element_type=\"container\" data-e-type=\"container\" data-settings=\"{&quot;animation&quot;:&quot;fadeInUp&quot;}\">\n\t\t\t\t\t<div class=\"e-con-inner\">\n\t\t<div data-dce-background-color=\"#FFF4DA\" class=\"elementor-element elementor-element-bacc483 e-con-full e-flex e-con e-child\" data-id=\"bacc483\" data-element_type=\"container\" data-e-type=\"container\" data-settings=\"{&quot;background_background&quot;:&quot;classic&quot;}\">\n\t\t\t\t<div class=\"elementor-element elementor-element-2c36ad76 dce_masking-none elementor-widget elementor-widget-image\" data-id=\"2c36ad76\" data-element_type=\"widget\" data-e-type=\"widget\" data-widget_type=\"image.default\">\n\t\t\t\t<div class=\"elementor-widget-container\">\n\t\t\t\t\t\t\t\t\t\t\t\t\t\t\t<img decoding=\"async\" width=\"136\" height=\"136\" src=\"https:\/\/www.chemviron.eu\/wp-content\/uploads\/2024\/01\/kuraray_pictogram_user-negative-1.png\" class=\"attachment-large size-large wp-image-1987\" alt=\"\" \/>\t\t\t\t\t\t\t\t\t\t\t\t\t\t\t<\/div>\n\t\t\t\t<\/div>\n\t\t\t\t<\/div>\n\t\t<div data-dce-background-color=\"#FFF4DA\" class=\"elementor-element elementor-element-5323d4f8 e-con-full e-flex e-con e-child\" data-id=\"5323d4f8\" data-element_type=\"container\" data-e-type=\"container\" data-settings=\"{&quot;background_background&quot;:&quot;classic&quot;}\">\n\t\t\t\t<div class=\"elementor-element elementor-element-41612a07 elementor-widget elementor-widget-heading\" data-id=\"41612a07\" data-element_type=\"widget\" data-e-type=\"widget\" data-widget_type=\"heading.default\">\n\t\t\t\t<div class=\"elementor-widget-container\">\n\t\t\t\t\t<h4 class=\"elementor-heading-title elementor-size-default\">Kontaktieren Sie unser engagiertes technisches Team f\u00fcr weitere Informationen.<\/h4>\t\t\t\t<\/div>\n\t\t\t\t<\/div>\n\t\t\t\t<div class=\"elementor-element elementor-element-6e04788a elementor-widget elementor-widget-button\" data-id=\"6e04788a\" data-element_type=\"widget\" data-e-type=\"widget\" data-widget_type=\"button.default\">\n\t\t\t\t<div class=\"elementor-widget-container\">\n\t\t\t\t\t\t\t\t\t<div class=\"elementor-button-wrapper\">\n\t\t\t\t\t<a class=\"elementor-button elementor-button-link elementor-size-sm\" href=\"https:\/\/www.chemviron.eu\/de\/kontaktieren-sie-uns\/\">\n\t\t\t\t\t\t<span class=\"elementor-button-content-wrapper\">\n\t\t\t\t\t\t\t\t\t<span class=\"elementor-button-text\">Kontaktieren Sie uns<\/span>\n\t\t\t\t\t<\/span>\n\t\t\t\t\t<\/a>\n\t\t\t\t<\/div>\n\t\t\t\t\t\t\t\t<\/div>\n\t\t\t\t<\/div>\n\t\t\t\t<\/div>\n\t\t\t\t\t<\/div>\n\t\t\t\t<\/div>\n\t\t\t\t<\/div>\n\t\t","protected":false},"excerpt":{"rendered":"<p>Reaktivierung Chemviron ist der weltweit gr\u00f6\u00dfte Recycler (bzw. Reaktivierer) von Aktivkohlen f\u00fcr Luft- und Wasseraufbereitungsanwendungen mit Reaktivierungsanlagen, die strategisch in ganz Europa verteilt sind. Sobald granulierte oder pelletierte Aktivkohlen f\u00fcr Reinigungs- oder Entf\u00e4rbungsanwendungen eingesetzt wurden, k\u00f6nnen sie normalerweise durch thermische Reaktivierung recycelt werden, wodurch die Aktivkohle zur Wiederverwendung an Kunden zur\u00fcckgegeben werden kann. Die Reaktivierung [&hellip;]<\/p>\n","protected":false},"author":1,"featured_media":10365,"parent":12946,"menu_order":0,"comment_status":"closed","ping_status":"closed","template":"elementor_header_footer","meta":{"_acf_changed":false,"inline_featured_image":false,"footnotes":""},"class_list":["post-12720","page","type-page","status-publish","has-post-thumbnail","hentry"],"acf":[],"yoast_head":"<!-- This site is optimized with the Yoast SEO plugin v27.3 - https:\/\/yoast.com\/product\/yoast-seo-wordpress\/ -->\n<title>Aktivkohle-Reaktivierung<\/title>\n<meta name=\"description\" content=\"Entdecken Sie, wie Chemviron Ihre Branche dabei unterst\u00fctzen kann, ein nachhaltigeres Modell durch die thermische Reaktivierung von Aktivkohle zu f\u00f6rdern.\" \/>\n<meta name=\"robots\" content=\"index, follow, max-snippet:-1, max-image-preview:large, max-video-preview:-1\" \/>\n<link rel=\"canonical\" href=\"https:\/\/www.chemviron.eu\/de\/loesungen\/reaktivierung\/\" \/>\n<meta property=\"og:locale\" content=\"de_DE\" \/>\n<meta property=\"og:type\" content=\"article\" \/>\n<meta property=\"og:title\" content=\"Aktivkohle-Reaktivierung\" \/>\n<meta property=\"og:description\" content=\"Entdecken Sie, wie Chemviron Ihre Branche dabei unterst\u00fctzen kann, ein nachhaltigeres Modell durch die thermische Reaktivierung von Aktivkohle zu f\u00f6rdern.\" \/>\n<meta property=\"og:url\" content=\"https:\/\/www.chemviron.eu\/de\/loesungen\/reaktivierung\/\" \/>\n<meta property=\"og:site_name\" content=\"Chemviron\" \/>\n<meta property=\"article:modified_time\" content=\"2026-02-09T10:09:58+00:00\" \/>\n<meta property=\"og:image\" content=\"https:\/\/www.chemviron.eu\/wp-content\/uploads\/2025\/02\/Solutions_Reactivation-2-1024x723.png\" \/>\n\t<meta property=\"og:image:width\" content=\"1024\" \/>\n\t<meta property=\"og:image:height\" content=\"723\" \/>\n\t<meta property=\"og:image:type\" content=\"image\/png\" \/>\n<meta name=\"twitter:card\" content=\"summary_large_image\" \/>\n<meta name=\"twitter:label1\" content=\"Gesch\u00e4tzte Lesezeit\" \/>\n\t<meta name=\"twitter:data1\" content=\"2\u00a0Minuten\" \/>\n<script type=\"application\/ld+json\" class=\"yoast-schema-graph\">{\"@context\":\"https:\\\/\\\/schema.org\",\"@graph\":[{\"@type\":\"WebPage\",\"@id\":\"https:\\\/\\\/www.chemviron.eu\\\/de\\\/loesungen\\\/reaktivierung\\\/\",\"url\":\"https:\\\/\\\/www.chemviron.eu\\\/de\\\/loesungen\\\/reaktivierung\\\/\",\"name\":\"Aktivkohle-Reaktivierung\",\"isPartOf\":{\"@id\":\"https:\\\/\\\/www.chemviron.eu\\\/de\\\/#website\"},\"primaryImageOfPage\":{\"@id\":\"https:\\\/\\\/www.chemviron.eu\\\/de\\\/loesungen\\\/reaktivierung\\\/#primaryimage\"},\"image\":{\"@id\":\"https:\\\/\\\/www.chemviron.eu\\\/de\\\/loesungen\\\/reaktivierung\\\/#primaryimage\"},\"thumbnailUrl\":\"https:\\\/\\\/www.chemviron.eu\\\/wp-content\\\/uploads\\\/2025\\\/02\\\/Solutions_Reactivation-2.png\",\"datePublished\":\"2023-12-06T12:42:12+00:00\",\"dateModified\":\"2026-02-09T10:09:58+00:00\",\"description\":\"Entdecken Sie, wie Chemviron Ihre Branche dabei unterst\u00fctzen kann, ein nachhaltigeres Modell durch die thermische Reaktivierung von Aktivkohle zu f\u00f6rdern.\",\"breadcrumb\":{\"@id\":\"https:\\\/\\\/www.chemviron.eu\\\/de\\\/loesungen\\\/reaktivierung\\\/#breadcrumb\"},\"inLanguage\":\"de\",\"potentialAction\":[{\"@type\":\"ReadAction\",\"target\":[\"https:\\\/\\\/www.chemviron.eu\\\/de\\\/loesungen\\\/reaktivierung\\\/\"]}]},{\"@type\":\"ImageObject\",\"inLanguage\":\"de\",\"@id\":\"https:\\\/\\\/www.chemviron.eu\\\/de\\\/loesungen\\\/reaktivierung\\\/#primaryimage\",\"url\":\"https:\\\/\\\/www.chemviron.eu\\\/wp-content\\\/uploads\\\/2025\\\/02\\\/Solutions_Reactivation-2.png\",\"contentUrl\":\"https:\\\/\\\/www.chemviron.eu\\\/wp-content\\\/uploads\\\/2025\\\/02\\\/Solutions_Reactivation-2.png\",\"width\":5313,\"height\":3750,\"caption\":\"Carbon reactivation\"},{\"@type\":\"BreadcrumbList\",\"@id\":\"https:\\\/\\\/www.chemviron.eu\\\/de\\\/loesungen\\\/reaktivierung\\\/#breadcrumb\",\"itemListElement\":[{\"@type\":\"ListItem\",\"position\":1,\"name\":\"Startseite\",\"item\":\"https:\\\/\\\/www.chemviron.eu\\\/de\\\/\"},{\"@type\":\"ListItem\",\"position\":2,\"name\":\"L\u00f6sungen\",\"item\":\"https:\\\/\\\/www.chemviron.eu\\\/de\\\/loesungen\\\/\"},{\"@type\":\"ListItem\",\"position\":3,\"name\":\"Reaktivierung\"}]},{\"@type\":\"WebSite\",\"@id\":\"https:\\\/\\\/www.chemviron.eu\\\/de\\\/#website\",\"url\":\"https:\\\/\\\/www.chemviron.eu\\\/de\\\/\",\"name\":\"Chemviron\",\"description\":\"Der Anbieter von Aufbereitungsl\u00f6sungen\",\"publisher\":{\"@id\":\"https:\\\/\\\/www.chemviron.eu\\\/de\\\/#organization\"},\"potentialAction\":[{\"@type\":\"SearchAction\",\"target\":{\"@type\":\"EntryPoint\",\"urlTemplate\":\"https:\\\/\\\/www.chemviron.eu\\\/de\\\/?s={search_term_string}\"},\"query-input\":{\"@type\":\"PropertyValueSpecification\",\"valueRequired\":true,\"valueName\":\"search_term_string\"}}],\"inLanguage\":\"de\"},{\"@type\":\"Organization\",\"@id\":\"https:\\\/\\\/www.chemviron.eu\\\/de\\\/#organization\",\"name\":\"Chemviron\",\"url\":\"https:\\\/\\\/www.chemviron.eu\\\/de\\\/\",\"logo\":{\"@type\":\"ImageObject\",\"inLanguage\":\"de\",\"@id\":\"https:\\\/\\\/www.chemviron.eu\\\/de\\\/#\\\/schema\\\/logo\\\/image\\\/\",\"url\":\"https:\\\/\\\/www.chemviron.eu\\\/wp-content\\\/uploads\\\/2023\\\/12\\\/Chemviron-logo.jpg\",\"contentUrl\":\"https:\\\/\\\/www.chemviron.eu\\\/wp-content\\\/uploads\\\/2023\\\/12\\\/Chemviron-logo.jpg\",\"width\":1667,\"height\":833,\"caption\":\"Chemviron\"},\"image\":{\"@id\":\"https:\\\/\\\/www.chemviron.eu\\\/de\\\/#\\\/schema\\\/logo\\\/image\\\/\"},\"sameAs\":[\"https:\\\/\\\/www.linkedin.com\\\/company\\\/chemviron\\\/\"]}]}<\/script>\n<!-- \/ Yoast SEO plugin. -->","yoast_head_json":{"title":"Aktivkohle-Reaktivierung","description":"Entdecken Sie, wie Chemviron Ihre Branche dabei unterst\u00fctzen kann, ein nachhaltigeres Modell durch die thermische Reaktivierung von Aktivkohle zu f\u00f6rdern.","robots":{"index":"index","follow":"follow","max-snippet":"max-snippet:-1","max-image-preview":"max-image-preview:large","max-video-preview":"max-video-preview:-1"},"canonical":"https:\/\/www.chemviron.eu\/de\/loesungen\/reaktivierung\/","og_locale":"de_DE","og_type":"article","og_title":"Aktivkohle-Reaktivierung","og_description":"Entdecken Sie, wie Chemviron Ihre Branche dabei unterst\u00fctzen kann, ein nachhaltigeres Modell durch die thermische Reaktivierung von Aktivkohle zu f\u00f6rdern.","og_url":"https:\/\/www.chemviron.eu\/de\/loesungen\/reaktivierung\/","og_site_name":"Chemviron","article_modified_time":"2026-02-09T10:09:58+00:00","og_image":[{"width":1024,"height":723,"url":"https:\/\/www.chemviron.eu\/wp-content\/uploads\/2025\/02\/Solutions_Reactivation-2-1024x723.png","type":"image\/png"}],"twitter_card":"summary_large_image","twitter_misc":{"Gesch\u00e4tzte Lesezeit":"2\u00a0Minuten"},"schema":{"@context":"https:\/\/schema.org","@graph":[{"@type":"WebPage","@id":"https:\/\/www.chemviron.eu\/de\/loesungen\/reaktivierung\/","url":"https:\/\/www.chemviron.eu\/de\/loesungen\/reaktivierung\/","name":"Aktivkohle-Reaktivierung","isPartOf":{"@id":"https:\/\/www.chemviron.eu\/de\/#website"},"primaryImageOfPage":{"@id":"https:\/\/www.chemviron.eu\/de\/loesungen\/reaktivierung\/#primaryimage"},"image":{"@id":"https:\/\/www.chemviron.eu\/de\/loesungen\/reaktivierung\/#primaryimage"},"thumbnailUrl":"https:\/\/www.chemviron.eu\/wp-content\/uploads\/2025\/02\/Solutions_Reactivation-2.png","datePublished":"2023-12-06T12:42:12+00:00","dateModified":"2026-02-09T10:09:58+00:00","description":"Entdecken Sie, wie Chemviron Ihre Branche dabei unterst\u00fctzen kann, ein nachhaltigeres Modell durch die thermische Reaktivierung von Aktivkohle zu f\u00f6rdern.","breadcrumb":{"@id":"https:\/\/www.chemviron.eu\/de\/loesungen\/reaktivierung\/#breadcrumb"},"inLanguage":"de","potentialAction":[{"@type":"ReadAction","target":["https:\/\/www.chemviron.eu\/de\/loesungen\/reaktivierung\/"]}]},{"@type":"ImageObject","inLanguage":"de","@id":"https:\/\/www.chemviron.eu\/de\/loesungen\/reaktivierung\/#primaryimage","url":"https:\/\/www.chemviron.eu\/wp-content\/uploads\/2025\/02\/Solutions_Reactivation-2.png","contentUrl":"https:\/\/www.chemviron.eu\/wp-content\/uploads\/2025\/02\/Solutions_Reactivation-2.png","width":5313,"height":3750,"caption":"Carbon reactivation"},{"@type":"BreadcrumbList","@id":"https:\/\/www.chemviron.eu\/de\/loesungen\/reaktivierung\/#breadcrumb","itemListElement":[{"@type":"ListItem","position":1,"name":"Startseite","item":"https:\/\/www.chemviron.eu\/de\/"},{"@type":"ListItem","position":2,"name":"L\u00f6sungen","item":"https:\/\/www.chemviron.eu\/de\/loesungen\/"},{"@type":"ListItem","position":3,"name":"Reaktivierung"}]},{"@type":"WebSite","@id":"https:\/\/www.chemviron.eu\/de\/#website","url":"https:\/\/www.chemviron.eu\/de\/","name":"Chemviron","description":"Der Anbieter von Aufbereitungsl\u00f6sungen","publisher":{"@id":"https:\/\/www.chemviron.eu\/de\/#organization"},"potentialAction":[{"@type":"SearchAction","target":{"@type":"EntryPoint","urlTemplate":"https:\/\/www.chemviron.eu\/de\/?s={search_term_string}"},"query-input":{"@type":"PropertyValueSpecification","valueRequired":true,"valueName":"search_term_string"}}],"inLanguage":"de"},{"@type":"Organization","@id":"https:\/\/www.chemviron.eu\/de\/#organization","name":"Chemviron","url":"https:\/\/www.chemviron.eu\/de\/","logo":{"@type":"ImageObject","inLanguage":"de","@id":"https:\/\/www.chemviron.eu\/de\/#\/schema\/logo\/image\/","url":"https:\/\/www.chemviron.eu\/wp-content\/uploads\/2023\/12\/Chemviron-logo.jpg","contentUrl":"https:\/\/www.chemviron.eu\/wp-content\/uploads\/2023\/12\/Chemviron-logo.jpg","width":1667,"height":833,"caption":"Chemviron"},"image":{"@id":"https:\/\/www.chemviron.eu\/de\/#\/schema\/logo\/image\/"},"sameAs":["https:\/\/www.linkedin.com\/company\/chemviron\/"]}]}},"_links":{"self":[{"href":"https:\/\/www.chemviron.eu\/de\/wp-json\/wp\/v2\/pages\/12720","targetHints":{"allow":["GET"]}}],"collection":[{"href":"https:\/\/www.chemviron.eu\/de\/wp-json\/wp\/v2\/pages"}],"about":[{"href":"https:\/\/www.chemviron.eu\/de\/wp-json\/wp\/v2\/types\/page"}],"author":[{"embeddable":true,"href":"https:\/\/www.chemviron.eu\/de\/wp-json\/wp\/v2\/users\/1"}],"replies":[{"embeddable":true,"href":"https:\/\/www.chemviron.eu\/de\/wp-json\/wp\/v2\/comments?post=12720"}],"version-history":[{"count":3,"href":"https:\/\/www.chemviron.eu\/de\/wp-json\/wp\/v2\/pages\/12720\/revisions"}],"predecessor-version":[{"id":12953,"href":"https:\/\/www.chemviron.eu\/de\/wp-json\/wp\/v2\/pages\/12720\/revisions\/12953"}],"up":[{"embeddable":true,"href":"https:\/\/www.chemviron.eu\/de\/wp-json\/wp\/v2\/pages\/12946"}],"wp:featuredmedia":[{"embeddable":true,"href":"https:\/\/www.chemviron.eu\/de\/wp-json\/wp\/v2\/media\/10365"}],"wp:attachment":[{"href":"https:\/\/www.chemviron.eu\/de\/wp-json\/wp\/v2\/media?parent=12720"}],"curies":[{"name":"wp","href":"https:\/\/api.w.org\/{rel}","templated":true}]}}