{"id":12691,"date":"2023-12-06T12:32:31","date_gmt":"2023-12-06T12:32:31","guid":{"rendered":"https:\/\/www.chemviron.eu\/abhilfe\/"},"modified":"2026-02-25T15:14:45","modified_gmt":"2026-02-25T15:14:45","slug":"abhilfe","status":"publish","type":"page","link":"https:\/\/www.chemviron.eu\/de\/anwendungen\/abhilfe\/","title":{"rendered":"Abhilfe"},"content":{"rendered":"\t\t<div data-elementor-type=\"wp-page\" data-elementor-id=\"12691\" class=\"elementor elementor-12691 elementor-627\" data-elementor-post-type=\"page\">\n\t\t\t\t<div class=\"elementor-element elementor-element-62c1d522 e-flex e-con-boxed e-con e-parent\" data-id=\"62c1d522\" data-element_type=\"container\" data-e-type=\"container\">\n\t\t\t\t\t<div class=\"e-con-inner\">\n\t\t<div class=\"elementor-element elementor-element-2c79ba97 e-con-full e-flex e-con e-child\" data-id=\"2c79ba97\" data-element_type=\"container\" data-e-type=\"container\">\n\t\t\t\t<div class=\"elementor-element elementor-element-6b651464 elementor-invisible elementor-widget elementor-widget-heading\" data-id=\"6b651464\" data-element_type=\"widget\" data-e-type=\"widget\" data-settings=\"{&quot;_animation&quot;:&quot;fadeIn&quot;}\" data-widget_type=\"heading.default\">\n\t\t\t\t<div class=\"elementor-widget-container\">\n\t\t\t\t\t<h1 class=\"elementor-heading-title elementor-size-default\">Abhilfe<\/h1>\t\t\t\t<\/div>\n\t\t\t\t<\/div>\n\t\t\t\t<div class=\"elementor-element elementor-element-4db961bb elementor-invisible elementor-widget elementor-widget-heading\" data-id=\"4db961bb\" data-element_type=\"widget\" data-e-type=\"widget\" data-settings=\"{&quot;_animation&quot;:&quot;fadeIn&quot;,&quot;_animation_delay&quot;:400}\" data-widget_type=\"heading.default\">\n\t\t\t\t<div class=\"elementor-widget-container\">\n\t\t\t\t\t<h2 class=\"elementor-heading-title elementor-size-default\">Chemviron bietet einen umfassenden Reinigungsdienst f\u00fcr die Adsorption sch\u00e4dlicher Verunreinigungen aus Luft und Wasser unter Einsatz unseres mobilen Kohlefilterservices, der Aktivkohletechnologie und des Recyclings der verbrauchten Aktivkohle. <\/h2>\t\t\t\t<\/div>\n\t\t\t\t<\/div>\n\t\t\t\t<\/div>\n\t\t<div data-dce-background-image-url=\"https:\/\/www.chemviron.eu\/wp-content\/uploads\/2024\/01\/Applications_Remediation-e1711538568854.jpg\" class=\"elementor-element elementor-element-3d898c1 e-con-full e-flex e-con e-child\" data-id=\"3d898c1\" data-element_type=\"container\" data-e-type=\"container\" data-settings=\"{&quot;background_background&quot;:&quot;classic&quot;}\">\n\t\t\t\t<\/div>\n\t\t\t\t\t<\/div>\n\t\t\t\t<\/div>\n\t\t<div data-dce-background-overlay-image-url=\"https:\/\/www.chemviron.eu\/wp-content\/uploads\/2024\/01\/kuraray_circle_grid_landscape_rgb.svg\" class=\"elementor-element elementor-element-675507ea e-flex e-con-boxed e-con e-parent\" data-id=\"675507ea\" data-element_type=\"container\" data-e-type=\"container\">\n\t\t\t\t\t<div class=\"e-con-inner\">\n\t\t<div class=\"elementor-element elementor-element-73caab6d e-con-full e-flex e-con e-child\" data-id=\"73caab6d\" data-element_type=\"container\" data-e-type=\"container\">\n\t\t\t\t<div class=\"elementor-element elementor-element-1182103a elementor-widget-mobile__width-inherit elementor-widget elementor-widget-text-editor\" data-id=\"1182103a\" data-element_type=\"widget\" data-e-type=\"widget\" data-widget_type=\"text-editor.default\">\n\t\t\t\t<div class=\"elementor-widget-container\">\n\t\t\t\t\t\t\t\t\t<p>Der Schutz der Umwelt sowie die Reinhaltung und Sicherheit unserer Luft und unseres Wassers sind grundlegend f\u00fcr den Schutz der menschlichen Gesundheit und die Bewahrung der Zukunft unseres Planeten. Bei Chemviron bieten wir eine Reihe von L\u00f6sungen zur Entfernung von Schadstoffen an, die andernfalls in die Umwelt gelangen w\u00fcrden. <\/p>\t\t\t\t\t\t\t\t<\/div>\n\t\t\t\t<\/div>\n\t\t\t\t<div class=\"elementor-element elementor-element-4f63fc6 elementor-widget elementor-widget-heading\" data-id=\"4f63fc6\" data-element_type=\"widget\" data-e-type=\"widget\" data-widget_type=\"heading.default\">\n\t\t\t\t<div class=\"elementor-widget-container\">\n\t\t\t\t\t<h3 class=\"elementor-heading-title elementor-size-default\">Sanierung mit Aktivkohletechnologie<\/h3>\t\t\t\t<\/div>\n\t\t\t\t<\/div>\n\t\t\t\t<div class=\"elementor-element elementor-element-354f51ab elementor-widget-mobile__width-inherit elementor-widget elementor-widget-text-editor\" data-id=\"354f51ab\" data-element_type=\"widget\" data-e-type=\"widget\" data-widget_type=\"text-editor.default\">\n\t\t\t\t<div class=\"elementor-widget-container\">\n\t\t\t\t\t\t\t\t\t<div><div><p>Kontaminierte B\u00f6den durch historische industrielle Nutzung, unterirdische Lagertanks oder unbeabsichtigte Leckagen k\u00f6nnen nicht biologisch abbaubare organische Chemikalien wie PFAS, Pestizide und andere sch\u00e4dliche Schadstoffe von neuem Interesse enthalten, die Umweltauswirkungen haben k\u00f6nnen.<\/p><\/div><div>Die Sanierung dieser kontaminierten Standorte kann verunreinigtes <strong><a class=\"internal-link\" title=\"\u00d6ffnet den internen Link im aktuellen Fenster\" href=\"https:\/\/www.chemviron.eu\/de\/anwendungen\/klaerung-von-abwaessern\/\">Abwasser<\/a><\/strong> und gef\u00e4hrliche luftgetragene Schadstoffe erzeugen, die durch Bodenluftabsaugung, Bodenbel\u00fcftung oder Strippung entstehen. <\/div><div> <\/div><div>Die Adsorption an Chemvirons Aktivkohle ist eine hochwirksame L\u00f6sung, um diese sch\u00e4dlichen Verunreinigungen aus dem Wasser zu entfernen oder organische Schadstoffe aus der Luft abzuscheiden und deren Freisetzung in die Umwelt zu verhindern. Die Aktivkohletechnologie von Chemviron macht die Behandlung einfach, zuverl\u00e4ssig und hat sich seit vielen Jahren als effektive Reinigungsl\u00f6sung bew\u00e4hrt. <\/div><div> <\/div><div><p><a class=\"internal-link\" title=\"\u00d6ffnet den internen Link im aktuellen Fenster\" href=\"https:\/\/www.chemviron.eu\/de\/kontaktieren-sie-uns\/\"><strong>Kontaktieren Sie einen unserer technischen Experten f\u00fcr weitere Informationen.<\/strong><\/a><\/p><\/div><\/div><div><div> <\/div><\/div>\t\t\t\t\t\t\t\t<\/div>\n\t\t\t\t<\/div>\n\t\t\t\t<div class=\"elementor-element elementor-element-663264b elementor-widget elementor-widget-heading\" data-id=\"663264b\" data-element_type=\"widget\" data-e-type=\"widget\" data-widget_type=\"heading.default\">\n\t\t\t\t<div class=\"elementor-widget-container\">\n\t\t\t\t\t<h4 class=\"elementor-heading-title elementor-size-default\">Warum sollten Sie Chemviron als Ihren L\u00f6sungsanbieter w\u00e4hlen?<\/h4>\t\t\t\t<\/div>\n\t\t\t\t<\/div>\n\t\t\t\t<div class=\"elementor-element elementor-element-5aaa4d3 elementor-widget-mobile__width-inherit elementor-widget elementor-widget-text-editor\" data-id=\"5aaa4d3\" data-element_type=\"widget\" data-e-type=\"widget\" data-widget_type=\"text-editor.default\">\n\t\t\t\t<div class=\"elementor-widget-container\">\n\t\t\t\t\t\t\t\t\t<div><p>Von den Anf\u00e4ngen der auf Kufen montierten Beh\u00e4lter \u00fcber standardisierte Containereinheiten bis hin zu den heutigen ma\u00dfgeschneiderten <a class=\"internal-link\" title=\"\u00d6ffnet den internen Link im aktuellen Fenster\" href=\"https:\/\/www.chemviron.eu\/de\/loesungen\/mobile-kohlefilter\/\">mobilen Kohlefiltern<\/a> hat Chemviron die F\u00e4higkeiten entwickelt, die Erwartungen der Kunden zu verstehen und zu erf\u00fcllen.\u00a0<\/p><\/div><div><p>Umfassende Expertise und ein detailliertes Verst\u00e4ndnis der Kundenanforderungen haben es Chemviron erm\u00f6glicht, einen kompletten Reinigungs- und Recyclingservice (Reaktivierung) anzubieten, um Betriebsanlagen bei der Einhaltung anspruchsvoller Luft- und Wasserableitungsvorschriften zu unterst\u00fctzen.<\/p><\/div><div><p>Chemviron bietet ein komplettes Paket an Sanierungs- und Reinigungsl\u00f6sungen, das Folgendes umfasst:<\/p><\/div><div><ul><li>Technische Unterst\u00fctzung zur Beratung bez\u00fcglich der geeigneten Aktivkohle- und Servicel\u00f6sung f\u00fcr die Anwendung \u2013 <a class=\"internal-link\" title=\"\u00d6ffnet den internen Link im aktuellen Fenster\" href=\"https:\/\/www.chemviron.eu\/de\/kontaktieren-sie-uns\/\">kontaktieren Sie einen Vertreter, um mehr zu erfahren.<\/a><\/li><\/ul><\/div><div><ul><li><a class=\"internal-link\" title=\"\u00d6ffnet den internen Link im aktuellen Fenster\" href=\"https:\/\/www.chemviron.eu\/de\/loesungen\/mobile-kohlefilter\/\">Mobile Kohlefilter<\/a> f\u00fcr Luft und Wasser aus dem umfangreichen Sortiment der <a class=\"internal-link\" title=\"\u00d6ffnet den internen Link im aktuellen Fenster\" href=\"https:\/\/www.chemviron.eu\/de\/loesungen\/mobile-kohlefilter\/luftreinigung\/\">CYCLEVENT<sup>\u00ae<\/sup><\/a>&#8211; und <strong><a class=\"internal-link\" title=\"\u00d6ffnet den internen Link im aktuellen Fenster\" href=\"https:\/\/www.chemviron.eu\/de\/loesungen\/mobile-kohlefilter\/wasser-fluessigkeiten\/\">CYCLESORB<sup>\u00ae<\/sup><\/a><\/strong>-Adsorber, die auf Mietbasis erh\u00e4ltlich sind, umgehend geliefert und einfach vor Ort f\u00fcr den sofortigen Einsatz installiert werden k\u00f6nnen.<\/li><\/ul><\/div><div><ul><li>Die Bereitstellung hochwertiger Aktivkohle, geliefert von unserem Unternehmen, dem weltweit gr\u00f6\u00dften Hersteller von Aktivkohlen, und f\u00fcr die Anwendung ausgew\u00e4hlt, die im mobilen Kohlefilter vorinstalliert ist.<\/li><\/ul><\/div><div><ul><li>Austausch des gebrauchten Kohlefilters durch eine neue Einheit, wodurch der Austausch von verbrauchter Kohle vor Ort entf\u00e4llt.<\/li><\/ul><\/div><div><ul><li>Diese verbrauchte Kohle kann in den meisten F\u00e4llen zur Reaktivierung und Wiederverwendung an eine der Chemviron-Recyclinganlagen zur\u00fcckgegeben werden.<\/li><\/ul><\/div>\t\t\t\t\t\t\t\t<\/div>\n\t\t\t\t<\/div>\n\t\t\t\t<div class=\"elementor-element elementor-element-a61cd1c elementor-widget elementor-widget-heading\" data-id=\"a61cd1c\" data-element_type=\"widget\" data-e-type=\"widget\" data-widget_type=\"heading.default\">\n\t\t\t\t<div class=\"elementor-widget-container\">\n\t\t\t\t\t<h4 class=\"elementor-heading-title elementor-size-default\">Warum ist Chemviron Ihr nachhaltiger Dienstleister?<\/h4>\t\t\t\t<\/div>\n\t\t\t\t<\/div>\n\t\t\t\t<div class=\"elementor-element elementor-element-b296e66 elementor-widget-mobile__width-inherit elementor-widget elementor-widget-text-editor\" data-id=\"b296e66\" data-element_type=\"widget\" data-e-type=\"widget\" data-widget_type=\"text-editor.default\">\n\t\t\t\t<div class=\"elementor-widget-container\">\n\t\t\t\t\t\t\t\t\t<div>\n<p>Chemviron ist der weltweit gr\u00f6\u00dfte Recycler (oder Reaktivator) von Aktivkohle und verf\u00fcgt \u00fcber Anlagen zum Recycling von Kohlenstoff in ganz Europa. Das kontinuierliche Engagement des Unternehmens f\u00fcr den Ausbau seiner Reaktivierungskapazit\u00e4ten hat Chemviron in die Lage versetzt, hochmoderne Verfahren f\u00fcr das Recycling von Aktivkohle zu entwickeln und so die Auswirkungen unseres<sub>CO2<\/sub>&nbsp;Fu\u00dfabdrucks zu verringern. &nbsp;&nbsp;<\/p>\n<\/div>\n<div>Durch die Entwicklung einer solch umfassenden internen Betriebsexpertise wird die Kohle anschlie\u00dfend thermisch recycelt oder in einem der ma\u00dfgeschneiderten Kohle-Reaktivierungs\u00f6fen von Chemviron reaktiviert. Diese \u00d6fen erm\u00f6glichen den Ingenieuren von Chemviron eine hohe Kontrolle \u00fcber die Prozessabl\u00e4ufe, um die Zerst\u00f6rung der adsorbierten Verunreinigungen zu gew\u00e4hrleisten und gleichzeitig die verbrauchte Kohle in einen wiederverwendbaren Zustand zu versetzen. <br><br><\/div>\n<div>Die Kombination von Reaktivierung mit den speziell entwickelten und hochwertigen Aktivkohlen von Chemviron bedeutet, dass Kunden von einer kosteng\u00fcnstigen und nachhaltigen Luft- oder Wasserreinigungsl\u00f6sung profitieren k\u00f6nnen.&nbsp;<span style=\"text-align: var(--text-align); background-color: var( --e-global-color-c696dce ); color: var( --e-global-color-text ); font-size: 1rem;\">&nbsp;<\/span><\/div>\t\t\t\t\t\t\t\t<\/div>\n\t\t\t\t<\/div>\n\t\t\t\t<\/div>\n\t\t\t\t\t<\/div>\n\t\t\t\t<\/div>\n\t\t<div class=\"elementor-element elementor-element-7182e25e e-flex e-con-boxed elementor-invisible e-con e-parent\" data-id=\"7182e25e\" data-element_type=\"container\" data-e-type=\"container\" data-settings=\"{&quot;animation&quot;:&quot;fadeInUp&quot;}\">\n\t\t\t\t\t<div class=\"e-con-inner\">\n\t\t<div data-dce-background-color=\"#FFF4DA\" class=\"elementor-element elementor-element-11de5781 e-con-full e-flex e-con e-child\" data-id=\"11de5781\" data-element_type=\"container\" data-e-type=\"container\" data-settings=\"{&quot;background_background&quot;:&quot;classic&quot;}\">\n\t\t\t\t<div class=\"elementor-element elementor-element-7ec17212 dce_masking-none elementor-widget elementor-widget-image\" data-id=\"7ec17212\" data-element_type=\"widget\" data-e-type=\"widget\" data-widget_type=\"image.default\">\n\t\t\t\t<div class=\"elementor-widget-container\">\n\t\t\t\t\t\t\t\t\t\t\t\t\t\t\t<img decoding=\"async\" width=\"136\" height=\"136\" src=\"https:\/\/www.chemviron.eu\/wp-content\/uploads\/2024\/01\/kuraray_pictogram_user-negative-1-1.png\" class=\"attachment-large size-large wp-image-2608\" alt=\"\" \/>\t\t\t\t\t\t\t\t\t\t\t\t\t\t\t<\/div>\n\t\t\t\t<\/div>\n\t\t\t\t<\/div>\n\t\t<div data-dce-background-color=\"#FFF4DA\" class=\"elementor-element elementor-element-c35a40e e-con-full e-flex e-con e-child\" data-id=\"c35a40e\" data-element_type=\"container\" data-e-type=\"container\" data-settings=\"{&quot;background_background&quot;:&quot;classic&quot;}\">\n\t\t\t\t<div class=\"elementor-element elementor-element-325a2e2 elementor-widget elementor-widget-heading\" data-id=\"325a2e2\" data-element_type=\"widget\" data-e-type=\"widget\" data-widget_type=\"heading.default\">\n\t\t\t\t<div class=\"elementor-widget-container\">\n\t\t\t\t\t<h4 class=\"elementor-heading-title elementor-size-default\">Kontaktieren Sie unser engagiertes technisches Team f\u00fcr weitere Informationen.<\/h4>\t\t\t\t<\/div>\n\t\t\t\t<\/div>\n\t\t\t\t<div class=\"elementor-element elementor-element-7d82a262 elementor-widget elementor-widget-button\" data-id=\"7d82a262\" data-element_type=\"widget\" data-e-type=\"widget\" data-widget_type=\"button.default\">\n\t\t\t\t<div class=\"elementor-widget-container\">\n\t\t\t\t\t\t\t\t\t<div class=\"elementor-button-wrapper\">\n\t\t\t\t\t<a class=\"elementor-button elementor-button-link elementor-size-sm\" href=\"https:\/\/www.chemviron.eu\/de\/kontaktieren-sie-uns\/\">\n\t\t\t\t\t\t<span class=\"elementor-button-content-wrapper\">\n\t\t\t\t\t\t\t\t\t<span class=\"elementor-button-text\">Kontaktieren Sie uns<\/span>\n\t\t\t\t\t<\/span>\n\t\t\t\t\t<\/a>\n\t\t\t\t<\/div>\n\t\t\t\t\t\t\t\t<\/div>\n\t\t\t\t<\/div>\n\t\t\t\t<\/div>\n\t\t\t\t\t<\/div>\n\t\t\t\t<\/div>\n\t\t\t\t<\/div>\n\t\t","protected":false},"excerpt":{"rendered":"<p>Abhilfe Chemviron bietet einen umfassenden Reinigungsdienst f\u00fcr die Adsorption sch\u00e4dlicher Verunreinigungen aus Luft und Wasser unter Einsatz unseres mobilen Kohlefilterservices, der Aktivkohletechnologie und des Recyclings der verbrauchten Aktivkohle. Der Schutz der Umwelt sowie die Reinhaltung und Sicherheit unserer Luft und unseres Wassers sind grundlegend f\u00fcr den Schutz der menschlichen Gesundheit und die Bewahrung der Zukunft [&hellip;]<\/p>\n","protected":false},"author":1,"featured_media":13730,"parent":12902,"menu_order":0,"comment_status":"closed","ping_status":"closed","template":"elementor_header_footer","meta":{"_acf_changed":false,"inline_featured_image":false,"footnotes":""},"class_list":["post-12691","page","type-page","status-publish","has-post-thumbnail","hentry"],"acf":[],"yoast_head":"<!-- This site is optimized with the Yoast SEO plugin v27.3 - https:\/\/yoast.com\/product\/yoast-seo-wordpress\/ -->\n<title>Sanierung zur Entfernung von Schadstoffen<\/title>\n<meta name=\"description\" content=\"Die Sanierung zur Entfernung von Schadstoffen wie PFAS und Pestiziden aus Wasser und Luft erfolgt mittels umfassender Reinigungsl\u00f6sungen.\" \/>\n<meta name=\"robots\" content=\"index, follow, max-snippet:-1, max-image-preview:large, max-video-preview:-1\" \/>\n<link rel=\"canonical\" href=\"https:\/\/www.chemviron.eu\/de\/anwendungen\/abhilfe\/\" \/>\n<meta property=\"og:locale\" content=\"de_DE\" \/>\n<meta property=\"og:type\" content=\"article\" \/>\n<meta property=\"og:title\" content=\"Sanierung zur Entfernung von Schadstoffen\" \/>\n<meta property=\"og:description\" content=\"Die Sanierung zur Entfernung von Schadstoffen wie PFAS und Pestiziden aus Wasser und Luft erfolgt mittels umfassender Reinigungsl\u00f6sungen.\" \/>\n<meta property=\"og:url\" content=\"https:\/\/www.chemviron.eu\/de\/anwendungen\/abhilfe\/\" \/>\n<meta property=\"og:site_name\" content=\"Chemviron\" \/>\n<meta property=\"article:modified_time\" content=\"2026-02-25T15:14:45+00:00\" \/>\n<meta property=\"og:image\" content=\"https:\/\/www.chemviron.eu\/wp-content\/uploads\/2023\/12\/Chemviron-Remediation-300x300-1.jpg\" \/>\n\t<meta property=\"og:image:width\" content=\"300\" \/>\n\t<meta property=\"og:image:height\" content=\"300\" \/>\n\t<meta property=\"og:image:type\" content=\"image\/jpeg\" \/>\n<meta name=\"twitter:card\" content=\"summary_large_image\" \/>\n<meta name=\"twitter:label1\" content=\"Gesch\u00e4tzte Lesezeit\" \/>\n\t<meta name=\"twitter:data1\" content=\"4\u00a0Minuten\" \/>\n<script type=\"application\/ld+json\" class=\"yoast-schema-graph\">{\"@context\":\"https:\\\/\\\/schema.org\",\"@graph\":[{\"@type\":\"WebPage\",\"@id\":\"https:\\\/\\\/www.chemviron.eu\\\/de\\\/anwendungen\\\/abhilfe\\\/\",\"url\":\"https:\\\/\\\/www.chemviron.eu\\\/de\\\/anwendungen\\\/abhilfe\\\/\",\"name\":\"Sanierung zur Entfernung von Schadstoffen\",\"isPartOf\":{\"@id\":\"https:\\\/\\\/www.chemviron.eu\\\/de\\\/#website\"},\"primaryImageOfPage\":{\"@id\":\"https:\\\/\\\/www.chemviron.eu\\\/de\\\/anwendungen\\\/abhilfe\\\/#primaryimage\"},\"image\":{\"@id\":\"https:\\\/\\\/www.chemviron.eu\\\/de\\\/anwendungen\\\/abhilfe\\\/#primaryimage\"},\"thumbnailUrl\":\"https:\\\/\\\/www.chemviron.eu\\\/wp-content\\\/uploads\\\/2026\\\/02\\\/Remediation-scaled.jpeg\",\"datePublished\":\"2023-12-06T12:32:31+00:00\",\"dateModified\":\"2026-02-25T15:14:45+00:00\",\"description\":\"Die Sanierung zur Entfernung von Schadstoffen wie PFAS und Pestiziden aus Wasser und Luft erfolgt mittels umfassender Reinigungsl\u00f6sungen.\",\"breadcrumb\":{\"@id\":\"https:\\\/\\\/www.chemviron.eu\\\/de\\\/anwendungen\\\/abhilfe\\\/#breadcrumb\"},\"inLanguage\":\"de\",\"potentialAction\":[{\"@type\":\"ReadAction\",\"target\":[\"https:\\\/\\\/www.chemviron.eu\\\/de\\\/anwendungen\\\/abhilfe\\\/\"]}]},{\"@type\":\"ImageObject\",\"inLanguage\":\"de\",\"@id\":\"https:\\\/\\\/www.chemviron.eu\\\/de\\\/anwendungen\\\/abhilfe\\\/#primaryimage\",\"url\":\"https:\\\/\\\/www.chemviron.eu\\\/wp-content\\\/uploads\\\/2026\\\/02\\\/Remediation-scaled.jpeg\",\"contentUrl\":\"https:\\\/\\\/www.chemviron.eu\\\/wp-content\\\/uploads\\\/2026\\\/02\\\/Remediation-scaled.jpeg\",\"width\":2560,\"height\":1706,\"caption\":\"Aerial view over heavy machinery on a building construction site\"},{\"@type\":\"BreadcrumbList\",\"@id\":\"https:\\\/\\\/www.chemviron.eu\\\/de\\\/anwendungen\\\/abhilfe\\\/#breadcrumb\",\"itemListElement\":[{\"@type\":\"ListItem\",\"position\":1,\"name\":\"Startseite\",\"item\":\"https:\\\/\\\/www.chemviron.eu\\\/de\\\/\"},{\"@type\":\"ListItem\",\"position\":2,\"name\":\"Anwendungen\",\"item\":\"https:\\\/\\\/www.chemviron.eu\\\/de\\\/anwendungen\\\/\"},{\"@type\":\"ListItem\",\"position\":3,\"name\":\"Abhilfe\"}]},{\"@type\":\"WebSite\",\"@id\":\"https:\\\/\\\/www.chemviron.eu\\\/de\\\/#website\",\"url\":\"https:\\\/\\\/www.chemviron.eu\\\/de\\\/\",\"name\":\"Chemviron\",\"description\":\"Der Anbieter von Aufbereitungsl\u00f6sungen\",\"publisher\":{\"@id\":\"https:\\\/\\\/www.chemviron.eu\\\/de\\\/#organization\"},\"potentialAction\":[{\"@type\":\"SearchAction\",\"target\":{\"@type\":\"EntryPoint\",\"urlTemplate\":\"https:\\\/\\\/www.chemviron.eu\\\/de\\\/?s={search_term_string}\"},\"query-input\":{\"@type\":\"PropertyValueSpecification\",\"valueRequired\":true,\"valueName\":\"search_term_string\"}}],\"inLanguage\":\"de\"},{\"@type\":\"Organization\",\"@id\":\"https:\\\/\\\/www.chemviron.eu\\\/de\\\/#organization\",\"name\":\"Chemviron\",\"url\":\"https:\\\/\\\/www.chemviron.eu\\\/de\\\/\",\"logo\":{\"@type\":\"ImageObject\",\"inLanguage\":\"de\",\"@id\":\"https:\\\/\\\/www.chemviron.eu\\\/de\\\/#\\\/schema\\\/logo\\\/image\\\/\",\"url\":\"https:\\\/\\\/www.chemviron.eu\\\/wp-content\\\/uploads\\\/2023\\\/12\\\/Chemviron-logo.jpg\",\"contentUrl\":\"https:\\\/\\\/www.chemviron.eu\\\/wp-content\\\/uploads\\\/2023\\\/12\\\/Chemviron-logo.jpg\",\"width\":1667,\"height\":833,\"caption\":\"Chemviron\"},\"image\":{\"@id\":\"https:\\\/\\\/www.chemviron.eu\\\/de\\\/#\\\/schema\\\/logo\\\/image\\\/\"},\"sameAs\":[\"https:\\\/\\\/www.linkedin.com\\\/company\\\/chemviron\\\/\"]}]}<\/script>\n<!-- \/ Yoast SEO plugin. -->","yoast_head_json":{"title":"Sanierung zur Entfernung von Schadstoffen","description":"Die Sanierung zur Entfernung von Schadstoffen wie PFAS und Pestiziden aus Wasser und Luft erfolgt mittels umfassender Reinigungsl\u00f6sungen.","robots":{"index":"index","follow":"follow","max-snippet":"max-snippet:-1","max-image-preview":"max-image-preview:large","max-video-preview":"max-video-preview:-1"},"canonical":"https:\/\/www.chemviron.eu\/de\/anwendungen\/abhilfe\/","og_locale":"de_DE","og_type":"article","og_title":"Sanierung zur Entfernung von Schadstoffen","og_description":"Die Sanierung zur Entfernung von Schadstoffen wie PFAS und Pestiziden aus Wasser und Luft erfolgt mittels umfassender Reinigungsl\u00f6sungen.","og_url":"https:\/\/www.chemviron.eu\/de\/anwendungen\/abhilfe\/","og_site_name":"Chemviron","article_modified_time":"2026-02-25T15:14:45+00:00","og_image":[{"width":300,"height":300,"url":"https:\/\/www.chemviron.eu\/wp-content\/uploads\/2023\/12\/Chemviron-Remediation-300x300-1.jpg","type":"image\/jpeg"}],"twitter_card":"summary_large_image","twitter_misc":{"Gesch\u00e4tzte Lesezeit":"4\u00a0Minuten"},"schema":{"@context":"https:\/\/schema.org","@graph":[{"@type":"WebPage","@id":"https:\/\/www.chemviron.eu\/de\/anwendungen\/abhilfe\/","url":"https:\/\/www.chemviron.eu\/de\/anwendungen\/abhilfe\/","name":"Sanierung zur Entfernung von Schadstoffen","isPartOf":{"@id":"https:\/\/www.chemviron.eu\/de\/#website"},"primaryImageOfPage":{"@id":"https:\/\/www.chemviron.eu\/de\/anwendungen\/abhilfe\/#primaryimage"},"image":{"@id":"https:\/\/www.chemviron.eu\/de\/anwendungen\/abhilfe\/#primaryimage"},"thumbnailUrl":"https:\/\/www.chemviron.eu\/wp-content\/uploads\/2026\/02\/Remediation-scaled.jpeg","datePublished":"2023-12-06T12:32:31+00:00","dateModified":"2026-02-25T15:14:45+00:00","description":"Die Sanierung zur Entfernung von Schadstoffen wie PFAS und Pestiziden aus Wasser und Luft erfolgt mittels umfassender Reinigungsl\u00f6sungen.","breadcrumb":{"@id":"https:\/\/www.chemviron.eu\/de\/anwendungen\/abhilfe\/#breadcrumb"},"inLanguage":"de","potentialAction":[{"@type":"ReadAction","target":["https:\/\/www.chemviron.eu\/de\/anwendungen\/abhilfe\/"]}]},{"@type":"ImageObject","inLanguage":"de","@id":"https:\/\/www.chemviron.eu\/de\/anwendungen\/abhilfe\/#primaryimage","url":"https:\/\/www.chemviron.eu\/wp-content\/uploads\/2026\/02\/Remediation-scaled.jpeg","contentUrl":"https:\/\/www.chemviron.eu\/wp-content\/uploads\/2026\/02\/Remediation-scaled.jpeg","width":2560,"height":1706,"caption":"Aerial view over heavy machinery on a building construction site"},{"@type":"BreadcrumbList","@id":"https:\/\/www.chemviron.eu\/de\/anwendungen\/abhilfe\/#breadcrumb","itemListElement":[{"@type":"ListItem","position":1,"name":"Startseite","item":"https:\/\/www.chemviron.eu\/de\/"},{"@type":"ListItem","position":2,"name":"Anwendungen","item":"https:\/\/www.chemviron.eu\/de\/anwendungen\/"},{"@type":"ListItem","position":3,"name":"Abhilfe"}]},{"@type":"WebSite","@id":"https:\/\/www.chemviron.eu\/de\/#website","url":"https:\/\/www.chemviron.eu\/de\/","name":"Chemviron","description":"Der Anbieter von Aufbereitungsl\u00f6sungen","publisher":{"@id":"https:\/\/www.chemviron.eu\/de\/#organization"},"potentialAction":[{"@type":"SearchAction","target":{"@type":"EntryPoint","urlTemplate":"https:\/\/www.chemviron.eu\/de\/?s={search_term_string}"},"query-input":{"@type":"PropertyValueSpecification","valueRequired":true,"valueName":"search_term_string"}}],"inLanguage":"de"},{"@type":"Organization","@id":"https:\/\/www.chemviron.eu\/de\/#organization","name":"Chemviron","url":"https:\/\/www.chemviron.eu\/de\/","logo":{"@type":"ImageObject","inLanguage":"de","@id":"https:\/\/www.chemviron.eu\/de\/#\/schema\/logo\/image\/","url":"https:\/\/www.chemviron.eu\/wp-content\/uploads\/2023\/12\/Chemviron-logo.jpg","contentUrl":"https:\/\/www.chemviron.eu\/wp-content\/uploads\/2023\/12\/Chemviron-logo.jpg","width":1667,"height":833,"caption":"Chemviron"},"image":{"@id":"https:\/\/www.chemviron.eu\/de\/#\/schema\/logo\/image\/"},"sameAs":["https:\/\/www.linkedin.com\/company\/chemviron\/"]}]}},"_links":{"self":[{"href":"https:\/\/www.chemviron.eu\/de\/wp-json\/wp\/v2\/pages\/12691","targetHints":{"allow":["GET"]}}],"collection":[{"href":"https:\/\/www.chemviron.eu\/de\/wp-json\/wp\/v2\/pages"}],"about":[{"href":"https:\/\/www.chemviron.eu\/de\/wp-json\/wp\/v2\/types\/page"}],"author":[{"embeddable":true,"href":"https:\/\/www.chemviron.eu\/de\/wp-json\/wp\/v2\/users\/1"}],"replies":[{"embeddable":true,"href":"https:\/\/www.chemviron.eu\/de\/wp-json\/wp\/v2\/comments?post=12691"}],"version-history":[{"count":5,"href":"https:\/\/www.chemviron.eu\/de\/wp-json\/wp\/v2\/pages\/12691\/revisions"}],"predecessor-version":[{"id":13646,"href":"https:\/\/www.chemviron.eu\/de\/wp-json\/wp\/v2\/pages\/12691\/revisions\/13646"}],"up":[{"embeddable":true,"href":"https:\/\/www.chemviron.eu\/de\/wp-json\/wp\/v2\/pages\/12902"}],"wp:featuredmedia":[{"embeddable":true,"href":"https:\/\/www.chemviron.eu\/de\/wp-json\/wp\/v2\/media\/13730"}],"wp:attachment":[{"href":"https:\/\/www.chemviron.eu\/de\/wp-json\/wp\/v2\/media?parent=12691"}],"curies":[{"name":"wp","href":"https:\/\/api.w.org\/{rel}","templated":true}]}}