{"id":12677,"date":"2023-12-06T12:32:51","date_gmt":"2023-12-06T12:32:51","guid":{"rendered":"https:\/\/www.chemviron.eu\/industrielle-luftemissionen\/"},"modified":"2026-03-05T14:27:01","modified_gmt":"2026-03-05T14:27:01","slug":"industrielle-luftemissionen","status":"publish","type":"page","link":"https:\/\/www.chemviron.eu\/de\/anwendungen\/industrielle-luftemissionen\/","title":{"rendered":"Industrielle Luftemissionen"},"content":{"rendered":"\t\t<div data-elementor-type=\"wp-page\" data-elementor-id=\"12677\" class=\"elementor elementor-12677 elementor-629\" data-elementor-post-type=\"page\">\n\t\t\t\t<div class=\"elementor-element elementor-element-224356d6 e-flex e-con-boxed e-con e-parent\" data-id=\"224356d6\" data-element_type=\"container\" data-e-type=\"container\">\n\t\t\t\t\t<div class=\"e-con-inner\">\n\t\t<div class=\"elementor-element elementor-element-2c79dc86 e-con-full e-flex e-con e-child\" data-id=\"2c79dc86\" data-element_type=\"container\" data-e-type=\"container\">\n\t\t\t\t<div class=\"elementor-element elementor-element-1162a9e elementor-invisible elementor-widget elementor-widget-heading\" data-id=\"1162a9e\" data-element_type=\"widget\" data-e-type=\"widget\" data-settings=\"{&quot;_animation&quot;:&quot;fadeIn&quot;}\" data-widget_type=\"heading.default\">\n\t\t\t\t<div class=\"elementor-widget-container\">\n\t\t\t\t\t<h1 class=\"elementor-heading-title elementor-size-default\">Industrielle Luftemissionen<\/h1>\t\t\t\t<\/div>\n\t\t\t\t<\/div>\n\t\t\t\t<div class=\"elementor-element elementor-element-57f0fca elementor-invisible elementor-widget elementor-widget-heading\" data-id=\"57f0fca\" data-element_type=\"widget\" data-e-type=\"widget\" data-settings=\"{&quot;_animation&quot;:&quot;fadeIn&quot;,&quot;_animation_delay&quot;:400}\" data-widget_type=\"heading.default\">\n\t\t\t\t<div class=\"elementor-widget-container\">\n\t\t\t\t\t<h2 class=\"elementor-heading-title elementor-size-default\">Chemviron bietet einen umfassenden Reinigungsservice f\u00fcr die effektive Adsorption sch\u00e4dlicher Verunreinigungen aus der Luft unter Verwendung unseres mobilen Aktivkohlefilter-Services, der Aktivkohletechnologie und des Recyclings der verbrauchten Aktivkohle. <\/h2>\t\t\t\t<\/div>\n\t\t\t\t<\/div>\n\t\t\t\t<\/div>\n\t\t<div data-dce-background-image-url=\"https:\/\/www.chemviron.eu\/wp-content\/uploads\/2024\/01\/Applications_Industrial-Air-Emissions-e1711538661525.jpg\" class=\"elementor-element elementor-element-5b23760b e-con-full e-flex e-con e-child\" data-id=\"5b23760b\" data-element_type=\"container\" data-e-type=\"container\" data-settings=\"{&quot;background_background&quot;:&quot;classic&quot;}\">\n\t\t\t\t<\/div>\n\t\t\t\t\t<\/div>\n\t\t\t\t<\/div>\n\t\t<div data-dce-background-overlay-image-url=\"https:\/\/www.chemviron.eu\/wp-content\/uploads\/2024\/01\/kuraray_circle_grid_landscape_rgb-1.svg\" class=\"elementor-element elementor-element-26f4f614 e-flex e-con-boxed e-con e-parent\" data-id=\"26f4f614\" data-element_type=\"container\" data-e-type=\"container\">\n\t\t\t\t\t<div class=\"e-con-inner\">\n\t\t<div class=\"elementor-element elementor-element-3b8089e8 e-con-full e-flex e-con e-child\" data-id=\"3b8089e8\" data-element_type=\"container\" data-e-type=\"container\">\n\t\t\t\t<div class=\"elementor-element elementor-element-4c0f2ad7 elementor-widget-mobile__width-inherit elementor-widget elementor-widget-text-editor\" data-id=\"4c0f2ad7\" data-element_type=\"widget\" data-e-type=\"widget\" data-widget_type=\"text-editor.default\">\n\t\t\t\t<div class=\"elementor-widget-container\">\n\t\t\t\t\t\t\t\t\t<p>Der Schutz der Umwelt und die Reinhaltung unserer Luft sind von grundlegender Bedeutung f\u00fcr den Schutz der menschlichen Gesundheit und die Bewahrung der Zukunft unseres Planeten. Bei Chemviron bieten wir eine breite Palette von L\u00f6sungen an, um die Welt durch die Entfernung sch\u00e4dlicher Verunreinigungen und Ger\u00fcche, die sonst in die Umwelt gelangen w\u00fcrden, leichter atmen zu lassen.  <\/p>\t\t\t\t\t\t\t\t<\/div>\n\t\t\t\t<\/div>\n\t\t\t\t<div class=\"elementor-element elementor-element-6beef8bf elementor-widget elementor-widget-heading\" data-id=\"6beef8bf\" data-element_type=\"widget\" data-e-type=\"widget\" data-widget_type=\"heading.default\">\n\t\t\t\t<div class=\"elementor-widget-container\">\n\t\t\t\t\t<h3 class=\"elementor-heading-title elementor-size-default\">Luftreinigung mit Aktivkohletechnologie<\/h3>\t\t\t\t<\/div>\n\t\t\t\t<\/div>\n\t\t\t\t<div class=\"elementor-element elementor-element-1a390a5e elementor-widget-mobile__width-inherit elementor-widget elementor-widget-text-editor\" data-id=\"1a390a5e\" data-element_type=\"widget\" data-e-type=\"widget\" data-widget_type=\"text-editor.default\">\n\t\t\t\t<div class=\"elementor-widget-container\">\n\t\t\t\t\t\t\t\t\t<div><p>Viele Industrie-, Fertigungs- oder Abfallrecyclinganlagen k\u00f6nnen bei der Handhabung, dem Transfer und den Prozessabl\u00e4ufen VOCs, L\u00f6sungsmittel oder Ger\u00fcche wie Schwefelwasserstoff (H<sub>2<\/sub>S) in die Luft freisetzen. <\/p><\/div><div>Die Sanierung kontaminierter Standorte erzeugt oft auch \u00e4hnliche unangenehme oder gef\u00e4hrliche luftgetragene Schadstoffe durch Bodenluftabsaugung, Bodenbel\u00fcftung oder Luftstrippung. Da viele, wie PFAS, gesundheitssch\u00e4dlich sind, unterliegen diese Luftemissionen oft strengen lokalen und nationalen Emissionsgrenzwerten. <br><br><\/div><div>Die Adsorption an Aktivkohle ist eine effiziente und kosteng\u00fcnstige L\u00f6sung, um eine Vielzahl dieser luftgetragenen Verunreinigungen unter die erforderlichen Emissionsgrenzwerte zu senken. Die Aktivkohletechnologie von Chemviron ist zuverl\u00e4ssig, einfach und hat sich seit vielen Jahren bew\u00e4hrt. <\/div><div> <\/div><div><p><a class=\"internal-link\" title=\"\u00d6ffnet den internen Link im aktuellen Fenster\" href=\"https:\/\/www.chemviron.eu\/de\/?page_id=12738\"><strong>Kontaktieren Sie unser engagiertes Team f\u00fcr technische Dienstleistungen<\/strong><\/a> um m\u00f6gliche Behandlungsl\u00f6sungen zu besprechen.  <\/p><\/div>\t\t\t\t\t\t\t\t<\/div>\n\t\t\t\t<\/div>\n\t\t\t\t<div class=\"elementor-element elementor-element-21b65ad elementor-widget elementor-widget-heading\" data-id=\"21b65ad\" data-element_type=\"widget\" data-e-type=\"widget\" data-widget_type=\"heading.default\">\n\t\t\t\t<div class=\"elementor-widget-container\">\n\t\t\t\t\t<h4 class=\"elementor-heading-title elementor-size-default\">Warum sollten Sie Chemviron als Ihren L\u00f6sungsanbieter w\u00e4hlen?<\/h4>\t\t\t\t<\/div>\n\t\t\t\t<\/div>\n\t\t\t\t<div class=\"elementor-element elementor-element-b8a2529 elementor-widget-mobile__width-inherit elementor-widget elementor-widget-text-editor\" data-id=\"b8a2529\" data-element_type=\"widget\" data-e-type=\"widget\" data-widget_type=\"text-editor.default\">\n\t\t\t\t<div class=\"elementor-widget-container\">\n\t\t\t\t\t\t\t\t\t<div>\n<p>Seit \u00fcber 80 Jahren hat Chemviron eine branchenf\u00fchrende Expertise in der VOC- und L\u00f6sungsmittelreduzierung durch die Entwicklung und Herstellung von Aktivkohle-Adsorptionssystemen f\u00fcr L\u00f6sungsmittelr\u00fcckgewinnungsanlagen aufgebaut. Diese Systeme wurden an eine Vielzahl von Unternehmen in den Bereichen Chemie, Pharmazie, Druck, Beschichtung und Verpackung geliefert. &nbsp; &nbsp;<\/p>\n<\/div>\n<div>Diese langj\u00e4hrige Expertise und das Verst\u00e4ndnis der Kundenbed\u00fcrfnisse f\u00fchrten Chemviron zur Entwicklung des innovativen und flexiblen <a class=\"internal-link\" title=\"\u00d6ffnet den internen Link im aktuellen Fenster\" href=\"https:\/\/www.chemviron.eu\/solutions\/mobile-carbon-filters\/air-purification\/\" style=\"\">mobilen Aktivkohlefilter-Services CYCLEVENT<sup style=\"\">\u00ae<\/sup><\/a>, der auf Mietbasis verf\u00fcgbar ist und teure Kapitalinvestitionen vermeidet.&nbsp;<\/div>\n<div>&nbsp;<\/div>\n<div>Chemviron bietet ein Komplettpaket f\u00fcr eine End-of-Pipe-Luftreinigungsl\u00f6sung, das Folgendes umfasst:<\/div>\n<div>&nbsp;<\/div>\n<div>\n<ul>\n<li>Technische Unterst\u00fctzung bei der Auswahl der geeigneten Aktivkohle- und Servicel\u00f6sung f\u00fcr Ihre Anwendung &#8211; kontaktieren Sie einen unserer Mitarbeiter, um mehr zu erfahren.<\/li>\n<li>Mobile Aktivkohlefilter aus der umfangreichen <a class=\"internal-link\" title=\"\u00d6ffnet den internen Link im aktuellen Fenster\" href=\"https:\/\/www.chemviron.eu\/solutions\/mobile-carbon-filters\/air-purification\/\" style=\"\">CYCLEVENT<sup style=\"\">\u00ae<\/sup>-Flotte<\/a>, so viele wie f\u00fcr Ihre Standortanforderungen ben\u00f6tigt, umgehend geliefert und einfach vor Ort f\u00fcr den sofortigen Einsatz installiert.<\/li>\n<li>Die Bereitstellung einer hochwertigen Aktivkohle, geliefert von unserem Unternehmen, dem weltweit gr\u00f6\u00dften Hersteller von Aktivkohlen und f\u00fcr Ihre Anwendung ausgew\u00e4hlt, ist bereits im mobilen Aktivkohlefilter vorbef\u00fcllt.<\/li>\n<li>Der verbrauchte Aktivkohlefilter wird durch einen neuen ersetzt, so dass Sie die verbrauchte Aktivkohle nicht mehr vor Ort austauschen m\u00fcssen.<\/li>\n<li>Diese verbrauchte Kohle kann in den meisten F\u00e4llen zur Reaktivierung und Wiederverwendung an eine der Recyclinganlagen von Chemviron zur\u00fcckgegeben werden.<\/li>\n<\/ul>\n<\/div>\t\t\t\t\t\t\t\t<\/div>\n\t\t\t\t<\/div>\n\t\t\t\t<div class=\"elementor-element elementor-element-6f9b5df5 elementor-widget elementor-widget-heading\" data-id=\"6f9b5df5\" data-element_type=\"widget\" data-e-type=\"widget\" data-widget_type=\"heading.default\">\n\t\t\t\t<div class=\"elementor-widget-container\">\n\t\t\t\t\t<h4 class=\"elementor-heading-title elementor-size-default\">Wie ist Chemviron nachhaltig?<\/h4>\t\t\t\t<\/div>\n\t\t\t\t<\/div>\n\t\t\t\t<div class=\"elementor-element elementor-element-1dca3e8c elementor-widget-mobile__width-inherit elementor-widget elementor-widget-text-editor\" data-id=\"1dca3e8c\" data-element_type=\"widget\" data-e-type=\"widget\" data-widget_type=\"text-editor.default\">\n\t\t\t\t<div class=\"elementor-widget-container\">\n\t\t\t\t\t\t\t\t\t<div><p>Chemviron ist der weltweit gr\u00f6\u00dfte Recycler (oder Reaktivator) von Aktivkohle und verf\u00fcgt \u00fcber Anlagen zum Recycling von Kohlenstoff in ganz Europa. Das kontinuierliche Engagement des Unternehmens zur Erweiterung seiner Reaktivierungskapazit\u00e4ten hat Chemviron erm\u00f6glicht, modernste Verfahren zur Wiederverwertung von Aktivkohlen zu entwickeln und so den Einfluss unseres CO<sub>2<\/sub>-Fu\u00dfabdrucks zu reduzieren. <\/p><\/div><div>Durch den Aufbau umfassender interner Betriebsexpertise wird die Kohle anschlie\u00dfend thermisch recycelt oder in einem der speziell entwickelten Kohle-Reaktivierungs\u00f6fen von Chemviron reaktiviert. Diese \u00d6fen erm\u00f6glichen den Ingenieuren von Chemviron eine hohe Kontrolle \u00fcber die Prozessabl\u00e4ufe, um die Zerst\u00f6rung der adsorbierten Verunreinigungen zu erm\u00f6glichen und gleichzeitig die verbrauchte Kohle in einen wiederverwendbaren Zustand zu versetzen.<\/div><div> <\/div><div>Durch die Kombination der Reaktivierung mit den speziell entwickelten und hochwertigen Aktivkohlen von Chemviron profitieren Kunden von einer kosteng\u00fcnstigen und nachhaltigen Reinigungsl\u00f6sung. <\/div>\t\t\t\t\t\t\t\t<\/div>\n\t\t\t\t<\/div>\n\t\t\t\t<\/div>\n\t\t\t\t\t<\/div>\n\t\t\t\t<\/div>\n\t\t<div class=\"elementor-element elementor-element-66db1f9a e-flex e-con-boxed elementor-invisible e-con e-parent\" data-id=\"66db1f9a\" data-element_type=\"container\" data-e-type=\"container\" data-settings=\"{&quot;animation&quot;:&quot;fadeInUp&quot;}\">\n\t\t\t\t\t<div class=\"e-con-inner\">\n\t\t<div data-dce-background-color=\"#FFF4DA\" class=\"elementor-element elementor-element-66a8211d e-con-full e-flex e-con e-child\" data-id=\"66a8211d\" data-element_type=\"container\" data-e-type=\"container\" data-settings=\"{&quot;background_background&quot;:&quot;classic&quot;}\">\n\t\t\t\t<div class=\"elementor-element elementor-element-754bcd46 dce_masking-none elementor-widget elementor-widget-image\" data-id=\"754bcd46\" data-element_type=\"widget\" data-e-type=\"widget\" data-widget_type=\"image.default\">\n\t\t\t\t<div class=\"elementor-widget-container\">\n\t\t\t\t\t\t\t\t\t\t\t\t\t\t\t<img decoding=\"async\" width=\"136\" height=\"136\" src=\"https:\/\/www.chemviron.eu\/wp-content\/uploads\/2024\/01\/kuraray_pictogram_user-negative-1-1.png\" class=\"attachment-large size-large wp-image-2608\" alt=\"\" \/>\t\t\t\t\t\t\t\t\t\t\t\t\t\t\t<\/div>\n\t\t\t\t<\/div>\n\t\t\t\t<\/div>\n\t\t<div data-dce-background-color=\"#FFF4DA\" class=\"elementor-element elementor-element-77844b8 e-con-full e-flex e-con e-child\" data-id=\"77844b8\" data-element_type=\"container\" data-e-type=\"container\" data-settings=\"{&quot;background_background&quot;:&quot;classic&quot;}\">\n\t\t\t\t<div class=\"elementor-element elementor-element-2bcee518 elementor-widget elementor-widget-heading\" data-id=\"2bcee518\" data-element_type=\"widget\" data-e-type=\"widget\" data-widget_type=\"heading.default\">\n\t\t\t\t<div class=\"elementor-widget-container\">\n\t\t\t\t\t<h4 class=\"elementor-heading-title elementor-size-default\">Kontaktieren Sie unser engagiertes technisches Team f\u00fcr weitere Informationen.\n<\/h4>\t\t\t\t<\/div>\n\t\t\t\t<\/div>\n\t\t\t\t<div class=\"elementor-element elementor-element-4f48cbcb elementor-widget elementor-widget-button\" data-id=\"4f48cbcb\" data-element_type=\"widget\" data-e-type=\"widget\" data-widget_type=\"button.default\">\n\t\t\t\t<div class=\"elementor-widget-container\">\n\t\t\t\t\t\t\t\t\t<div class=\"elementor-button-wrapper\">\n\t\t\t\t\t<a class=\"elementor-button elementor-button-link elementor-size-sm\" href=\"https:\/\/www.chemviron.eu\/de\/kontaktieren-sie-uns\/\">\n\t\t\t\t\t\t<span class=\"elementor-button-content-wrapper\">\n\t\t\t\t\t\t\t\t\t<span class=\"elementor-button-text\">Kontaktieren Sie uns<\/span>\n\t\t\t\t\t<\/span>\n\t\t\t\t\t<\/a>\n\t\t\t\t<\/div>\n\t\t\t\t\t\t\t\t<\/div>\n\t\t\t\t<\/div>\n\t\t\t\t<\/div>\n\t\t\t\t\t<\/div>\n\t\t\t\t<\/div>\n\t\t\t\t<\/div>\n\t\t","protected":false},"excerpt":{"rendered":"<p>Industrielle Luftemissionen Chemviron bietet einen umfassenden Reinigungsservice f\u00fcr die effektive Adsorption sch\u00e4dlicher Verunreinigungen aus der Luft unter Verwendung unseres mobilen Aktivkohlefilter-Services, der Aktivkohletechnologie und des Recyclings der verbrauchten Aktivkohle. Der Schutz der Umwelt und die Reinhaltung unserer Luft sind von grundlegender Bedeutung f\u00fcr den Schutz der menschlichen Gesundheit und die Bewahrung der Zukunft unseres Planeten. [&hellip;]<\/p>\n","protected":false},"author":1,"featured_media":14552,"parent":12902,"menu_order":0,"comment_status":"closed","ping_status":"closed","template":"elementor_header_footer","meta":{"_acf_changed":false,"inline_featured_image":false,"footnotes":""},"class_list":["post-12677","page","type-page","status-publish","has-post-thumbnail","hentry"],"acf":[],"yoast_head":"<!-- This site is optimized with the Yoast SEO plugin v27.3 - https:\/\/yoast.com\/product\/yoast-seo-wordpress\/ -->\n<title>Reinigungsl\u00f6sungen f\u00fcr industrielle Luftemissionen<\/title>\n<meta name=\"description\" content=\"Umfassende Reinigungsl\u00f6sungen f\u00fcr Verunreinigungen in industriellen Luftemissionen, einschlie\u00dflich VOCs, Ger\u00fcchen, H2S und PFAS. Erfahren Sie jetzt mehr.\" \/>\n<meta name=\"robots\" content=\"index, follow, max-snippet:-1, max-image-preview:large, max-video-preview:-1\" \/>\n<link rel=\"canonical\" href=\"https:\/\/www.chemviron.eu\/de\/anwendungen\/industrielle-luftemissionen\/\" \/>\n<meta property=\"og:locale\" content=\"de_DE\" \/>\n<meta property=\"og:type\" content=\"article\" \/>\n<meta property=\"og:title\" content=\"Reinigungsl\u00f6sungen f\u00fcr industrielle Luftemissionen\" \/>\n<meta property=\"og:description\" content=\"Umfassende Reinigungsl\u00f6sungen f\u00fcr Verunreinigungen in industriellen Luftemissionen, einschlie\u00dflich VOCs, Ger\u00fcchen, H2S und PFAS. Erfahren Sie jetzt mehr.\" \/>\n<meta property=\"og:url\" content=\"https:\/\/www.chemviron.eu\/de\/anwendungen\/industrielle-luftemissionen\/\" \/>\n<meta property=\"og:site_name\" content=\"Chemviron\" \/>\n<meta property=\"article:modified_time\" content=\"2026-03-05T14:27:01+00:00\" \/>\n<meta property=\"og:image\" content=\"https:\/\/www.chemviron.eu\/wp-content\/uploads\/2026\/03\/AP_IndustrialAirEmissions_MI_Adobe_2026-scaled.jpeg\" \/>\n\t<meta property=\"og:image:width\" content=\"2560\" \/>\n\t<meta property=\"og:image:height\" content=\"1435\" \/>\n\t<meta property=\"og:image:type\" content=\"image\/jpeg\" \/>\n<meta name=\"twitter:card\" content=\"summary_large_image\" \/>\n<meta name=\"twitter:label1\" content=\"Gesch\u00e4tzte Lesezeit\" \/>\n\t<meta name=\"twitter:data1\" content=\"3\u00a0Minuten\" \/>\n<script type=\"application\/ld+json\" class=\"yoast-schema-graph\">{\"@context\":\"https:\\\/\\\/schema.org\",\"@graph\":[{\"@type\":\"WebPage\",\"@id\":\"https:\\\/\\\/www.chemviron.eu\\\/de\\\/anwendungen\\\/industrielle-luftemissionen\\\/\",\"url\":\"https:\\\/\\\/www.chemviron.eu\\\/de\\\/anwendungen\\\/industrielle-luftemissionen\\\/\",\"name\":\"Reinigungsl\u00f6sungen f\u00fcr industrielle Luftemissionen\",\"isPartOf\":{\"@id\":\"https:\\\/\\\/www.chemviron.eu\\\/de\\\/#website\"},\"primaryImageOfPage\":{\"@id\":\"https:\\\/\\\/www.chemviron.eu\\\/de\\\/anwendungen\\\/industrielle-luftemissionen\\\/#primaryimage\"},\"image\":{\"@id\":\"https:\\\/\\\/www.chemviron.eu\\\/de\\\/anwendungen\\\/industrielle-luftemissionen\\\/#primaryimage\"},\"thumbnailUrl\":\"https:\\\/\\\/www.chemviron.eu\\\/wp-content\\\/uploads\\\/2026\\\/03\\\/AP_IndustrialAirEmissions_MI_Adobe_2026-scaled.jpeg\",\"datePublished\":\"2023-12-06T12:32:51+00:00\",\"dateModified\":\"2026-03-05T14:27:01+00:00\",\"description\":\"Umfassende Reinigungsl\u00f6sungen f\u00fcr Verunreinigungen in industriellen Luftemissionen, einschlie\u00dflich VOCs, Ger\u00fcchen, H2S und PFAS. Erfahren Sie jetzt mehr.\",\"breadcrumb\":{\"@id\":\"https:\\\/\\\/www.chemviron.eu\\\/de\\\/anwendungen\\\/industrielle-luftemissionen\\\/#breadcrumb\"},\"inLanguage\":\"de\",\"potentialAction\":[{\"@type\":\"ReadAction\",\"target\":[\"https:\\\/\\\/www.chemviron.eu\\\/de\\\/anwendungen\\\/industrielle-luftemissionen\\\/\"]}]},{\"@type\":\"ImageObject\",\"inLanguage\":\"de\",\"@id\":\"https:\\\/\\\/www.chemviron.eu\\\/de\\\/anwendungen\\\/industrielle-luftemissionen\\\/#primaryimage\",\"url\":\"https:\\\/\\\/www.chemviron.eu\\\/wp-content\\\/uploads\\\/2026\\\/03\\\/AP_IndustrialAirEmissions_MI_Adobe_2026-scaled.jpeg\",\"contentUrl\":\"https:\\\/\\\/www.chemviron.eu\\\/wp-content\\\/uploads\\\/2026\\\/03\\\/AP_IndustrialAirEmissions_MI_Adobe_2026-scaled.jpeg\",\"width\":2560,\"height\":1435,\"caption\":\"activated-carbon-to-purify-industrial-air-emissions\"},{\"@type\":\"BreadcrumbList\",\"@id\":\"https:\\\/\\\/www.chemviron.eu\\\/de\\\/anwendungen\\\/industrielle-luftemissionen\\\/#breadcrumb\",\"itemListElement\":[{\"@type\":\"ListItem\",\"position\":1,\"name\":\"Startseite\",\"item\":\"https:\\\/\\\/www.chemviron.eu\\\/de\\\/\"},{\"@type\":\"ListItem\",\"position\":2,\"name\":\"Anwendungen\",\"item\":\"https:\\\/\\\/www.chemviron.eu\\\/de\\\/anwendungen\\\/\"},{\"@type\":\"ListItem\",\"position\":3,\"name\":\"Industrielle Luftemissionen\"}]},{\"@type\":\"WebSite\",\"@id\":\"https:\\\/\\\/www.chemviron.eu\\\/de\\\/#website\",\"url\":\"https:\\\/\\\/www.chemviron.eu\\\/de\\\/\",\"name\":\"Chemviron\",\"description\":\"Der Anbieter von Aufbereitungsl\u00f6sungen\",\"publisher\":{\"@id\":\"https:\\\/\\\/www.chemviron.eu\\\/de\\\/#organization\"},\"potentialAction\":[{\"@type\":\"SearchAction\",\"target\":{\"@type\":\"EntryPoint\",\"urlTemplate\":\"https:\\\/\\\/www.chemviron.eu\\\/de\\\/?s={search_term_string}\"},\"query-input\":{\"@type\":\"PropertyValueSpecification\",\"valueRequired\":true,\"valueName\":\"search_term_string\"}}],\"inLanguage\":\"de\"},{\"@type\":\"Organization\",\"@id\":\"https:\\\/\\\/www.chemviron.eu\\\/de\\\/#organization\",\"name\":\"Chemviron\",\"url\":\"https:\\\/\\\/www.chemviron.eu\\\/de\\\/\",\"logo\":{\"@type\":\"ImageObject\",\"inLanguage\":\"de\",\"@id\":\"https:\\\/\\\/www.chemviron.eu\\\/de\\\/#\\\/schema\\\/logo\\\/image\\\/\",\"url\":\"https:\\\/\\\/www.chemviron.eu\\\/wp-content\\\/uploads\\\/2023\\\/12\\\/Chemviron-logo.jpg\",\"contentUrl\":\"https:\\\/\\\/www.chemviron.eu\\\/wp-content\\\/uploads\\\/2023\\\/12\\\/Chemviron-logo.jpg\",\"width\":1667,\"height\":833,\"caption\":\"Chemviron\"},\"image\":{\"@id\":\"https:\\\/\\\/www.chemviron.eu\\\/de\\\/#\\\/schema\\\/logo\\\/image\\\/\"},\"sameAs\":[\"https:\\\/\\\/www.linkedin.com\\\/company\\\/chemviron\\\/\"]}]}<\/script>\n<!-- \/ Yoast SEO plugin. -->","yoast_head_json":{"title":"Reinigungsl\u00f6sungen f\u00fcr industrielle Luftemissionen","description":"Umfassende Reinigungsl\u00f6sungen f\u00fcr Verunreinigungen in industriellen Luftemissionen, einschlie\u00dflich VOCs, Ger\u00fcchen, H2S und PFAS. Erfahren Sie jetzt mehr.","robots":{"index":"index","follow":"follow","max-snippet":"max-snippet:-1","max-image-preview":"max-image-preview:large","max-video-preview":"max-video-preview:-1"},"canonical":"https:\/\/www.chemviron.eu\/de\/anwendungen\/industrielle-luftemissionen\/","og_locale":"de_DE","og_type":"article","og_title":"Reinigungsl\u00f6sungen f\u00fcr industrielle Luftemissionen","og_description":"Umfassende Reinigungsl\u00f6sungen f\u00fcr Verunreinigungen in industriellen Luftemissionen, einschlie\u00dflich VOCs, Ger\u00fcchen, H2S und PFAS. Erfahren Sie jetzt mehr.","og_url":"https:\/\/www.chemviron.eu\/de\/anwendungen\/industrielle-luftemissionen\/","og_site_name":"Chemviron","article_modified_time":"2026-03-05T14:27:01+00:00","og_image":[{"width":2560,"height":1435,"url":"https:\/\/www.chemviron.eu\/wp-content\/uploads\/2026\/03\/AP_IndustrialAirEmissions_MI_Adobe_2026-scaled.jpeg","type":"image\/jpeg"}],"twitter_card":"summary_large_image","twitter_misc":{"Gesch\u00e4tzte Lesezeit":"3\u00a0Minuten"},"schema":{"@context":"https:\/\/schema.org","@graph":[{"@type":"WebPage","@id":"https:\/\/www.chemviron.eu\/de\/anwendungen\/industrielle-luftemissionen\/","url":"https:\/\/www.chemviron.eu\/de\/anwendungen\/industrielle-luftemissionen\/","name":"Reinigungsl\u00f6sungen f\u00fcr industrielle Luftemissionen","isPartOf":{"@id":"https:\/\/www.chemviron.eu\/de\/#website"},"primaryImageOfPage":{"@id":"https:\/\/www.chemviron.eu\/de\/anwendungen\/industrielle-luftemissionen\/#primaryimage"},"image":{"@id":"https:\/\/www.chemviron.eu\/de\/anwendungen\/industrielle-luftemissionen\/#primaryimage"},"thumbnailUrl":"https:\/\/www.chemviron.eu\/wp-content\/uploads\/2026\/03\/AP_IndustrialAirEmissions_MI_Adobe_2026-scaled.jpeg","datePublished":"2023-12-06T12:32:51+00:00","dateModified":"2026-03-05T14:27:01+00:00","description":"Umfassende Reinigungsl\u00f6sungen f\u00fcr Verunreinigungen in industriellen Luftemissionen, einschlie\u00dflich VOCs, Ger\u00fcchen, H2S und PFAS. Erfahren Sie jetzt mehr.","breadcrumb":{"@id":"https:\/\/www.chemviron.eu\/de\/anwendungen\/industrielle-luftemissionen\/#breadcrumb"},"inLanguage":"de","potentialAction":[{"@type":"ReadAction","target":["https:\/\/www.chemviron.eu\/de\/anwendungen\/industrielle-luftemissionen\/"]}]},{"@type":"ImageObject","inLanguage":"de","@id":"https:\/\/www.chemviron.eu\/de\/anwendungen\/industrielle-luftemissionen\/#primaryimage","url":"https:\/\/www.chemviron.eu\/wp-content\/uploads\/2026\/03\/AP_IndustrialAirEmissions_MI_Adobe_2026-scaled.jpeg","contentUrl":"https:\/\/www.chemviron.eu\/wp-content\/uploads\/2026\/03\/AP_IndustrialAirEmissions_MI_Adobe_2026-scaled.jpeg","width":2560,"height":1435,"caption":"activated-carbon-to-purify-industrial-air-emissions"},{"@type":"BreadcrumbList","@id":"https:\/\/www.chemviron.eu\/de\/anwendungen\/industrielle-luftemissionen\/#breadcrumb","itemListElement":[{"@type":"ListItem","position":1,"name":"Startseite","item":"https:\/\/www.chemviron.eu\/de\/"},{"@type":"ListItem","position":2,"name":"Anwendungen","item":"https:\/\/www.chemviron.eu\/de\/anwendungen\/"},{"@type":"ListItem","position":3,"name":"Industrielle Luftemissionen"}]},{"@type":"WebSite","@id":"https:\/\/www.chemviron.eu\/de\/#website","url":"https:\/\/www.chemviron.eu\/de\/","name":"Chemviron","description":"Der Anbieter von Aufbereitungsl\u00f6sungen","publisher":{"@id":"https:\/\/www.chemviron.eu\/de\/#organization"},"potentialAction":[{"@type":"SearchAction","target":{"@type":"EntryPoint","urlTemplate":"https:\/\/www.chemviron.eu\/de\/?s={search_term_string}"},"query-input":{"@type":"PropertyValueSpecification","valueRequired":true,"valueName":"search_term_string"}}],"inLanguage":"de"},{"@type":"Organization","@id":"https:\/\/www.chemviron.eu\/de\/#organization","name":"Chemviron","url":"https:\/\/www.chemviron.eu\/de\/","logo":{"@type":"ImageObject","inLanguage":"de","@id":"https:\/\/www.chemviron.eu\/de\/#\/schema\/logo\/image\/","url":"https:\/\/www.chemviron.eu\/wp-content\/uploads\/2023\/12\/Chemviron-logo.jpg","contentUrl":"https:\/\/www.chemviron.eu\/wp-content\/uploads\/2023\/12\/Chemviron-logo.jpg","width":1667,"height":833,"caption":"Chemviron"},"image":{"@id":"https:\/\/www.chemviron.eu\/de\/#\/schema\/logo\/image\/"},"sameAs":["https:\/\/www.linkedin.com\/company\/chemviron\/"]}]}},"_links":{"self":[{"href":"https:\/\/www.chemviron.eu\/de\/wp-json\/wp\/v2\/pages\/12677","targetHints":{"allow":["GET"]}}],"collection":[{"href":"https:\/\/www.chemviron.eu\/de\/wp-json\/wp\/v2\/pages"}],"about":[{"href":"https:\/\/www.chemviron.eu\/de\/wp-json\/wp\/v2\/types\/page"}],"author":[{"embeddable":true,"href":"https:\/\/www.chemviron.eu\/de\/wp-json\/wp\/v2\/users\/1"}],"replies":[{"embeddable":true,"href":"https:\/\/www.chemviron.eu\/de\/wp-json\/wp\/v2\/comments?post=12677"}],"version-history":[{"count":4,"href":"https:\/\/www.chemviron.eu\/de\/wp-json\/wp\/v2\/pages\/12677\/revisions"}],"predecessor-version":[{"id":14555,"href":"https:\/\/www.chemviron.eu\/de\/wp-json\/wp\/v2\/pages\/12677\/revisions\/14555"}],"up":[{"embeddable":true,"href":"https:\/\/www.chemviron.eu\/de\/wp-json\/wp\/v2\/pages\/12902"}],"wp:featuredmedia":[{"embeddable":true,"href":"https:\/\/www.chemviron.eu\/de\/wp-json\/wp\/v2\/media\/14552"}],"wp:attachment":[{"href":"https:\/\/www.chemviron.eu\/de\/wp-json\/wp\/v2\/media?parent=12677"}],"curies":[{"name":"wp","href":"https:\/\/api.w.org\/{rel}","templated":true}]}}